{"id":244440,"date":"2026-02-25T15:09:44","date_gmt":"2026-02-25T13:09:44","guid":{"rendered":"https:\/\/va-varuste.fi\/tuote\/terhi-400-bs-boat-canopy\/"},"modified":"2026-03-18T13:29:49","modified_gmt":"2026-03-18T11:29:49","slug":"terhi-400-bs-boat-canopy","status":"publish","type":"product","link":"https:\/\/va-varuste.fi\/en\/product\/terhi-400-bs-boat-canopy\/","title":{"rendered":"Terhi 400-BS boat canopy"},"content":{"rendered":"<h2>Laadukas mittatilausboat canopy \u2014 Terhi 400-BS<\/h2>\n<p>Terhi 400-BS boat canopy. Vakiokaavalla tehty kuomu. Sopii alkuper\u00e4isille kaariputkille. Kuomun kiinnikkeet on kaavapaikoilla. Huom! Kaavapaikat eiv\u00e4t v\u00e4ltt\u00e4m\u00e4tt\u00e4 t\u00e4ysin vastaa veneen puolen kiinnikkeiden paikkoja, jonka vuoksi mukana paketissa tulee muutama irtokiinnike jos on tarpeen siirt\u00e4\u00e4 kiinnikett\u00e4 veneen puolella. Jos veneess\u00e4 on j\u00e4lkik\u00e4teen asennettuja lis\u00e4varusteita, emme voi taata kuomun sopivuutta. Ei sis\u00e4ll\u00e4 kaariputkia, kuomun suojapussia tai asennustarvikkeita.<\/p>\n<p>The canopy fabric is pre-treated at the textile mill.<\/p>\n<p><strong>Yhteensopivuus:<\/strong> vuosimallit 1975\u20131979.<\/p>\n<h3>Tuotteen ominaisuudet<\/h3>\n<ul>\n<li>Mittatilausty\u00f6n\u00e4 valmistettu boat canopy \u2014 istuu t\u00e4ydellisesti<\/li>\n<li>Laadukas, kest\u00e4v\u00e4 ja UV-suojattu veneilykangas<\/li>\n<li>Tukevat kiinnitysratkaisut pitk\u00e4ik\u00e4iseen k\u00e4ytt\u00f6\u00f6n<\/li>\n<li>Saatavilla ilman kaaria tai kaarilla (3 kpl 18mm ALU muovihelat)<\/li>\n<li>Suomalaista k\u00e4sity\u00f6t\u00e4<\/li>\n<\/ul>\n<h3>Ordering and delivery<\/h3>\n<p>T\u00e4m\u00e4 boat canopy valmistetaan tilauksesta juuri sinun veneesi mittojen ja kaavan mukaan. T\u00e4yt\u00e4 tarjouspyynt\u00f6lomake, niin asiakaspalvelumme k\u00e4sittelee tilauksesi ja on sinuun yhteydess\u00e4.<\/p>\n<p>Jos et tied\u00e4 tarkasti veneesi merkki\u00e4 ja vuosimallia, tarvitsemme vanhan kuomusi tarkastettavaksi ennen kuin voimme aloittaa uuden valmistamisen. Reunakiinnikkeiden paikoissa voi olla veneyksil\u00f6iden v\u00e4lisi\u00e4 eroja, ja varsinkin vanhemmissa venemalleissa tarvitsemme vanhan kuomun kiinnikkeiden paikkojen tarkistamiseen.<\/p>\n<p>Tarvittaessa pyyd\u00e4mme sinulta tarkentavia lis\u00e4tietoja, joten j\u00e4t\u00e4th\u00e4n yhteystietosi tilauslomakkeelle. Asiakaspalvelumme vahvistaa tilauksen, kun se on otettu k\u00e4sittelyyn.<\/p>\n<p>Voit tilata boat canopyn ilman kaaria tai kaarilla. Kaaret toimitetaan boat canopyn mukana valmiiksi sovitettuina.<\/p>\n","protected":false},"excerpt":{"rendered":"<p>Boat canopy for Terhi 400-BS. Suitable for model years 1975\u20131979. Custom-made to order according to measurements.<\/p>\n","protected":false},"featured_media":243357,"template":"","meta":[],"product_brand":[],"product_cat":[4312],"product_tag":[],"class_list":{"0":"post-244440","1":"product","2":"type-product","3":"status-publish","4":"has-post-thumbnail","6":"product_cat-custom-canopies","7":"pa_kaaret-3-pcs-18mm-alu-plastic-fittings","8":"pa_kaaret-without-frames","10":"first","11":"outofstock","12":"taxable","13":"shipping-taxable","14":"purchasable","15":"product-type-variable"},"yoast_head":"<!-- This site is optimized with the Yoast SEO plugin v27.2 - https:\/\/yoast.com\/product\/yoast-seo-wordpress\/ -->\n<title>Terhi 400-BS boat canopy - VA-Varuste<\/title>\n<meta name=\"description\" content=\"Tilaa laadukas venekuomu veneeseen Terhi 400-BS. Mittatilausty\u00f6n\u00e4 valmistettu, kest\u00e4v\u00e4 ja istuva. Tilaa nyt!\" \/>\n<meta name=\"robots\" content=\"index, follow, max-snippet:-1, max-image-preview:large, max-video-preview:-1\" \/>\n<link rel=\"canonical\" href=\"https:\/\/va-varuste.fi\/en\/product\/terhi-400-bs-boat-canopy\/\" \/>\n<meta property=\"og:locale\" content=\"en_US\" \/>\n<meta property=\"og:type\" content=\"article\" \/>\n<meta property=\"og:title\" content=\"Terhi 400-BS boat canopy - VA-Varuste\" \/>\n<meta property=\"og:description\" content=\"Tilaa laadukas venekuomu veneeseen Terhi 400-BS. Mittatilausty\u00f6n\u00e4 valmistettu, kest\u00e4v\u00e4 ja istuva. Tilaa nyt!\" \/>\n<meta property=\"og:url\" content=\"https:\/\/va-varuste.fi\/en\/product\/terhi-400-bs-boat-canopy\/\" \/>\n<meta property=\"og:site_name\" content=\"VA-Varuste\" \/>\n<meta property=\"article:publisher\" content=\"https:\/\/www.facebook.com\/vavarustefi\/\" \/>\n<meta property=\"article:modified_time\" content=\"2026-03-18T11:29:49+00:00\" \/>\n<meta property=\"og:image\" content=\"https:\/\/va-varuste.fi\/wp-content\/uploads\/2026\/02\/canopy_preview.jpg\" \/>\n\t<meta property=\"og:image:width\" content=\"417\" \/>\n\t<meta property=\"og:image:height\" content=\"416\" \/>\n\t<meta property=\"og:image:type\" content=\"image\/jpeg\" \/>\n<meta name=\"twitter:card\" content=\"summary_large_image\" \/>\n<meta name=\"twitter:label1\" content=\"Est. reading time\" \/>\n\t<meta name=\"twitter:data1\" content=\"1 minute\" \/>\n<script type=\"application\/ld+json\" class=\"yoast-schema-graph\">{\"@context\":\"https:\/\/schema.org\",\"@graph\":[{\"@type\":\"WebPage\",\"@id\":\"https:\/\/va-varuste.fi\/en\/product\/terhi-400-bs-boat-canopy\/\",\"url\":\"https:\/\/va-varuste.fi\/en\/product\/terhi-400-bs-boat-canopy\/\",\"name\":\"Terhi 400-BS boat canopy - VA-Varuste\",\"isPartOf\":{\"@id\":\"https:\/\/va-varuste.fi\/#website\"},\"primaryImageOfPage\":{\"@id\":\"https:\/\/va-varuste.fi\/en\/product\/terhi-400-bs-boat-canopy\/#primaryimage\"},\"image\":{\"@id\":\"https:\/\/va-varuste.fi\/en\/product\/terhi-400-bs-boat-canopy\/#primaryimage\"},\"thumbnailUrl\":\"https:\/\/va-varuste.fi\/wp-content\/uploads\/2026\/02\/canopy_preview.jpg\",\"datePublished\":\"2026-02-25T13:09:44+00:00\",\"dateModified\":\"2026-03-18T11:29:49+00:00\",\"description\":\"Tilaa laadukas venekuomu veneeseen Terhi 400-BS. Mittatilausty\u00f6n\u00e4 valmistettu, kest\u00e4v\u00e4 ja istuva. Tilaa nyt!\",\"breadcrumb\":{\"@id\":\"https:\/\/va-varuste.fi\/en\/product\/terhi-400-bs-boat-canopy\/#breadcrumb\"},\"inLanguage\":\"en-US\",\"potentialAction\":[{\"@type\":\"ReadAction\",\"target\":[\"https:\/\/va-varuste.fi\/en\/product\/terhi-400-bs-boat-canopy\/\"]}]},{\"@type\":\"ImageObject\",\"inLanguage\":\"en-US\",\"@id\":\"https:\/\/va-varuste.fi\/en\/product\/terhi-400-bs-boat-canopy\/#primaryimage\",\"url\":\"https:\/\/va-varuste.fi\/wp-content\/uploads\/2026\/02\/canopy_preview.jpg\",\"contentUrl\":\"https:\/\/va-varuste.fi\/wp-content\/uploads\/2026\/02\/canopy_preview.jpg\",\"width\":417,\"height\":416},{\"@type\":\"BreadcrumbList\",\"@id\":\"https:\/\/va-varuste.fi\/en\/product\/terhi-400-bs-boat-canopy\/#breadcrumb\",\"itemListElement\":[{\"@type\":\"ListItem\",\"position\":1,\"name\":\"Etusivu\",\"item\":\"https:\/\/va-varuste.fi\/en\/\"},{\"@type\":\"ListItem\",\"position\":2,\"name\":\"Webshop\",\"item\":\"https:\/\/va-varuste.fi\/en\/webshop\/\"},{\"@type\":\"ListItem\",\"position\":3,\"name\":\"Terhi 400-BS boat canopy\"}]},{\"@type\":\"WebSite\",\"@id\":\"https:\/\/va-varuste.fi\/#website\",\"url\":\"https:\/\/va-varuste.fi\/\",\"name\":\"VA-Varuste\",\"description\":\"\",\"publisher\":{\"@id\":\"https:\/\/va-varuste.fi\/#organization\"},\"potentialAction\":[{\"@type\":\"SearchAction\",\"target\":{\"@type\":\"EntryPoint\",\"urlTemplate\":\"https:\/\/va-varuste.fi\/?s={search_term_string}\"},\"query-input\":{\"@type\":\"PropertyValueSpecification\",\"valueRequired\":true,\"valueName\":\"search_term_string\"}}],\"inLanguage\":\"en-US\"},{\"@type\":\"Organization\",\"@id\":\"https:\/\/va-varuste.fi\/#organization\",\"name\":\"VA-Varuste\",\"url\":\"https:\/\/va-varuste.fi\/\",\"logo\":{\"@type\":\"ImageObject\",\"inLanguage\":\"en-US\",\"@id\":\"https:\/\/va-varuste.fi\/#\/schema\/logo\/image\/\",\"url\":\"https:\/\/va-varuste.fi\/wp-content\/uploads\/2023\/09\/va-logo.svg\",\"contentUrl\":\"https:\/\/va-varuste.fi\/wp-content\/uploads\/2023\/09\/va-logo.svg\",\"caption\":\"VA-Varuste\"},\"image\":{\"@id\":\"https:\/\/va-varuste.fi\/#\/schema\/logo\/image\/\"},\"sameAs\":[\"https:\/\/www.facebook.com\/vavarustefi\/\",\"https:\/\/www.instagram.com\/vavaruste\/\"]}]}<\/script>\n<!-- \/ Yoast SEO plugin. -->","yoast_head_json":{"title":"Terhi 400-BS boat canopy - VA-Varuste","description":"Tilaa laadukas venekuomu veneeseen Terhi 400-BS. Mittatilausty\u00f6n\u00e4 valmistettu, kest\u00e4v\u00e4 ja istuva. Tilaa nyt!","robots":{"index":"index","follow":"follow","max-snippet":"max-snippet:-1","max-image-preview":"max-image-preview:large","max-video-preview":"max-video-preview:-1"},"canonical":"https:\/\/va-varuste.fi\/en\/product\/terhi-400-bs-boat-canopy\/","og_locale":"en_US","og_type":"article","og_title":"Terhi 400-BS boat canopy - VA-Varuste","og_description":"Tilaa laadukas venekuomu veneeseen Terhi 400-BS. Mittatilausty\u00f6n\u00e4 valmistettu, kest\u00e4v\u00e4 ja istuva. Tilaa nyt!","og_url":"https:\/\/va-varuste.fi\/en\/product\/terhi-400-bs-boat-canopy\/","og_site_name":"VA-Varuste","article_publisher":"https:\/\/www.facebook.com\/vavarustefi\/","article_modified_time":"2026-03-18T11:29:49+00:00","og_image":[{"width":417,"height":416,"url":"https:\/\/va-varuste.fi\/wp-content\/uploads\/2026\/02\/canopy_preview.jpg","type":"image\/jpeg"}],"twitter_card":"summary_large_image","twitter_misc":{"Est. reading time":"1 minute"},"schema":{"@context":"https:\/\/schema.org","@graph":[{"@type":"WebPage","@id":"https:\/\/va-varuste.fi\/en\/product\/terhi-400-bs-boat-canopy\/","url":"https:\/\/va-varuste.fi\/en\/product\/terhi-400-bs-boat-canopy\/","name":"Terhi 400-BS boat canopy - VA-Varuste","isPartOf":{"@id":"https:\/\/va-varuste.fi\/#website"},"primaryImageOfPage":{"@id":"https:\/\/va-varuste.fi\/en\/product\/terhi-400-bs-boat-canopy\/#primaryimage"},"image":{"@id":"https:\/\/va-varuste.fi\/en\/product\/terhi-400-bs-boat-canopy\/#primaryimage"},"thumbnailUrl":"https:\/\/va-varuste.fi\/wp-content\/uploads\/2026\/02\/canopy_preview.jpg","datePublished":"2026-02-25T13:09:44+00:00","dateModified":"2026-03-18T11:29:49+00:00","description":"Tilaa laadukas venekuomu veneeseen Terhi 400-BS. Mittatilausty\u00f6n\u00e4 valmistettu, kest\u00e4v\u00e4 ja istuva. Tilaa nyt!","breadcrumb":{"@id":"https:\/\/va-varuste.fi\/en\/product\/terhi-400-bs-boat-canopy\/#breadcrumb"},"inLanguage":"en-US","potentialAction":[{"@type":"ReadAction","target":["https:\/\/va-varuste.fi\/en\/product\/terhi-400-bs-boat-canopy\/"]}]},{"@type":"ImageObject","inLanguage":"en-US","@id":"https:\/\/va-varuste.fi\/en\/product\/terhi-400-bs-boat-canopy\/#primaryimage","url":"https:\/\/va-varuste.fi\/wp-content\/uploads\/2026\/02\/canopy_preview.jpg","contentUrl":"https:\/\/va-varuste.fi\/wp-content\/uploads\/2026\/02\/canopy_preview.jpg","width":417,"height":416},{"@type":"BreadcrumbList","@id":"https:\/\/va-varuste.fi\/en\/product\/terhi-400-bs-boat-canopy\/#breadcrumb","itemListElement":[{"@type":"ListItem","position":1,"name":"Etusivu","item":"https:\/\/va-varuste.fi\/en\/"},{"@type":"ListItem","position":2,"name":"Webshop","item":"https:\/\/va-varuste.fi\/en\/webshop\/"},{"@type":"ListItem","position":3,"name":"Terhi 400-BS boat canopy"}]},{"@type":"WebSite","@id":"https:\/\/va-varuste.fi\/#website","url":"https:\/\/va-varuste.fi\/","name":"VA-Varuste","description":"","publisher":{"@id":"https:\/\/va-varuste.fi\/#organization"},"potentialAction":[{"@type":"SearchAction","target":{"@type":"EntryPoint","urlTemplate":"https:\/\/va-varuste.fi\/?s={search_term_string}"},"query-input":{"@type":"PropertyValueSpecification","valueRequired":true,"valueName":"search_term_string"}}],"inLanguage":"en-US"},{"@type":"Organization","@id":"https:\/\/va-varuste.fi\/#organization","name":"VA-Varuste","url":"https:\/\/va-varuste.fi\/","logo":{"@type":"ImageObject","inLanguage":"en-US","@id":"https:\/\/va-varuste.fi\/#\/schema\/logo\/image\/","url":"https:\/\/va-varuste.fi\/wp-content\/uploads\/2023\/09\/va-logo.svg","contentUrl":"https:\/\/va-varuste.fi\/wp-content\/uploads\/2023\/09\/va-logo.svg","caption":"VA-Varuste"},"image":{"@id":"https:\/\/va-varuste.fi\/#\/schema\/logo\/image\/"},"sameAs":["https:\/\/www.facebook.com\/vavarustefi\/","https:\/\/www.instagram.com\/vavaruste\/"]}]}},"_links":{"self":[{"href":"https:\/\/va-varuste.fi\/en\/wp-json\/wp\/v2\/product\/244440","targetHints":{"allow":["GET"]}}],"collection":[{"href":"https:\/\/va-varuste.fi\/en\/wp-json\/wp\/v2\/product"}],"about":[{"href":"https:\/\/va-varuste.fi\/en\/wp-json\/wp\/v2\/types\/product"}],"wp:featuredmedia":[{"embeddable":true,"href":"https:\/\/va-varuste.fi\/en\/wp-json\/wp\/v2\/media\/243357"}],"wp:attachment":[{"href":"https:\/\/va-varuste.fi\/en\/wp-json\/wp\/v2\/media?parent=244440"}],"wp:term":[{"taxonomy":"product_brand","embeddable":true,"href":"https:\/\/va-varuste.fi\/en\/wp-json\/wp\/v2\/product_brand?post=244440"},{"taxonomy":"product_cat","embeddable":true,"href":"https:\/\/va-varuste.fi\/en\/wp-json\/wp\/v2\/product_cat?post=244440"},{"taxonomy":"product_tag","embeddable":true,"href":"https:\/\/va-varuste.fi\/en\/wp-json\/wp\/v2\/product_tag?post=244440"}],"curies":[{"name":"wp","href":"https:\/\/api.w.org\/{rel}","templated":true}]}}