{"id":221568,"date":"2023-09-29T10:02:20","date_gmt":"2023-09-29T07:02:20","guid":{"rendered":"https:\/\/va-varuste.fi\/polityka-prywatnosci\/"},"modified":"2023-11-08T13:18:10","modified_gmt":"2023-11-08T11:18:10","slug":"polityka-prywatnosci","status":"publish","type":"page","link":"https:\/\/va-varuste.fi\/pl\/polityka-prywatnosci\/","title":{"rendered":"Polityka Prywatno\u015bci"},"content":{"rendered":"\t\t<div data-elementor-type=\"wp-page\" data-elementor-id=\"221568\" class=\"elementor elementor-221568 elementor-213322\" data-elementor-post-type=\"page\">\n\t\t\t\t<div class=\"elementor-element elementor-element-c66c79a e-con-full e-flex e-con e-parent\" data-id=\"c66c79a\" data-element_type=\"container\" data-e-type=\"container\" id=\"takaisin\" data-settings=\"{&quot;background_background&quot;:&quot;classic&quot;}\">\n\t\t<div class=\"elementor-element elementor-element-d9e1e70 e-con-full e-flex e-con e-child\" data-id=\"d9e1e70\" data-element_type=\"container\" data-e-type=\"container\">\n\t\t\t\t<div class=\"elementor-element elementor-element-b8c499d elementor-widget elementor-widget-heading\" data-id=\"b8c499d\" data-element_type=\"widget\" data-e-type=\"widget\" data-widget_type=\"heading.default\">\n\t\t\t\t<div class=\"elementor-widget-container\">\n\t\t\t\t\t<h2 class=\"elementor-heading-title elementor-size-default\">Polityka Prywatno\u015bci<\/h2>\t\t\t\t<\/div>\n\t\t\t\t<\/div>\n\t\t\t\t<\/div>\n\t\t\t\t<\/div>\n\t\t<div class=\"elementor-element elementor-element-d6c9cba e-flex e-con-boxed e-con e-parent\" data-id=\"d6c9cba\" data-element_type=\"container\" data-e-type=\"container\" data-settings=\"{&quot;background_background&quot;:&quot;classic&quot;}\">\n\t\t\t\t\t<div class=\"e-con-inner\">\n\t\t<div class=\"elementor-element elementor-element-2cd57bf e-con-full e-flex e-con e-child\" data-id=\"2cd57bf\" data-element_type=\"container\" data-e-type=\"container\" data-settings=\"{&quot;background_background&quot;:&quot;classic&quot;}\">\n\t\t<div class=\"elementor-element elementor-element-8b8671f e-con-full e-flex e-con e-child\" data-id=\"8b8671f\" data-element_type=\"container\" data-e-type=\"container\">\n\t\t\t\t<div class=\"elementor-element elementor-element-d1ccce4 elementor-widget elementor-widget-heading\" data-id=\"d1ccce4\" data-element_type=\"widget\" data-e-type=\"widget\" data-widget_type=\"heading.default\">\n\t\t\t\t<div class=\"elementor-widget-container\">\n\t\t\t\t\t<h2 class=\"elementor-heading-title elementor-size-default\">62\u00b0 52.27\u2032 00\u201c \u2014 27\u00b0 39.25\u2032 40\u201c<\/h2>\t\t\t\t<\/div>\n\t\t\t\t<\/div>\n\t\t\t\t<div class=\"elementor-element elementor-element-6666099 elementor-widget elementor-widget-heading\" data-id=\"6666099\" data-element_type=\"widget\" data-e-type=\"widget\" data-widget_type=\"heading.default\">\n\t\t\t\t<div class=\"elementor-widget-container\">\n\t\t\t\t\t<h2 class=\"elementor-heading-title elementor-size-default\">O\u015bwiadczenie o ochronie danych rejestru klient\u00f3w Va-Varuste<\/h2>\t\t\t\t<\/div>\n\t\t\t\t<\/div>\n\t\t\t\t<div class=\"elementor-element elementor-element-16c1da3 elementor-widget elementor-widget-heading\" data-id=\"16c1da3\" data-element_type=\"widget\" data-e-type=\"widget\" data-widget_type=\"heading.default\">\n\t\t\t\t<div class=\"elementor-widget-container\">\n\t\t\t\t\t<h2 class=\"elementor-heading-title elementor-size-default\">Administrator danych<\/h2>\t\t\t\t<\/div>\n\t\t\t\t<\/div>\n\t\t\t\t<\/div>\n\t\t<div class=\"elementor-element elementor-element-d710faf e-con-full e-flex e-con e-child\" data-id=\"d710faf\" data-element_type=\"container\" data-e-type=\"container\">\n\t\t\t\t<div class=\"elementor-element elementor-element-e9f9bdc elementor-widget elementor-widget-heading\" data-id=\"e9f9bdc\" data-element_type=\"widget\" data-e-type=\"widget\" data-widget_type=\"heading.default\">\n\t\t\t\t<div class=\"elementor-widget-container\">\n\t\t\t\t\t<h2 class=\"elementor-heading-title elementor-size-default\">VA-Varuste Oy<\/h2>\t\t\t\t<\/div>\n\t\t\t\t<\/div>\n\t\t\t\t<div class=\"elementor-element elementor-element-0acbbe7 elementor-widget elementor-widget-heading\" data-id=\"0acbbe7\" data-element_type=\"widget\" data-e-type=\"widget\" data-widget_type=\"heading.default\">\n\t\t\t\t<div class=\"elementor-widget-container\">\n\t\t\t\t\t<h2 class=\"elementor-heading-title elementor-size-default\">Kontakt do administratora danych<\/h2>\t\t\t\t<\/div>\n\t\t\t\t<\/div>\n\t\t\t\t<div class=\"elementor-element elementor-element-97a2846 elementor-widget elementor-widget-text-editor\" data-id=\"97a2846\" data-element_type=\"widget\" data-e-type=\"widget\" data-widget_type=\"text-editor.default\">\n\t\t\t\t<div class=\"elementor-widget-container\">\n\t\t\t\t\t\t\t\t\t<p>VA-Varuste Oy<br \/>Siikaranta 14<br \/>70620 Kuopio<br \/>Tel. <a href=\"tel:0172659500\">017\u20112659 500<\/a><br \/>Email: <a href=\"mailto:va-varuste@va-varuste.fi\">va-varuste@va-varuste.fi<\/a><\/p>\n\t\t\t\t\t\t\t\t<\/div>\n\t\t\t\t<\/div>\n\t\t\t\t<div class=\"elementor-element elementor-element-4427d44 elementor-widget elementor-widget-heading\" data-id=\"4427d44\" data-element_type=\"widget\" data-e-type=\"widget\" data-widget_type=\"heading.default\">\n\t\t\t\t<div class=\"elementor-widget-container\">\n\t\t\t\t\t<h2 class=\"elementor-heading-title elementor-size-default\">Nazwa rejestru<\/h2>\t\t\t\t<\/div>\n\t\t\t\t<\/div>\n\t\t\t\t<div class=\"elementor-element elementor-element-39db130 elementor-widget elementor-widget-heading\" data-id=\"39db130\" data-element_type=\"widget\" data-e-type=\"widget\" data-widget_type=\"heading.default\">\n\t\t\t\t<div class=\"elementor-widget-container\">\n\t\t\t\t\t<h2 class=\"elementor-heading-title elementor-size-default\">Rejestr klient\u00f3w Va-Varuste OY.<\/h2>\t\t\t\t<\/div>\n\t\t\t\t<\/div>\n\t\t\t\t<div class=\"elementor-element elementor-element-f161467 elementor-widget elementor-widget-heading\" data-id=\"f161467\" data-element_type=\"widget\" data-e-type=\"widget\" data-widget_type=\"heading.default\">\n\t\t\t\t<div class=\"elementor-widget-container\">\n\t\t\t\t\t<h2 class=\"elementor-heading-title elementor-size-default\">Cel i podstawa przetwarzania danych osobowych<\/h2>\t\t\t\t<\/div>\n\t\t\t\t<\/div>\n\t\t\t\t<div class=\"elementor-element elementor-element-689f0a8 elementor-widget elementor-widget-text-editor\" data-id=\"689f0a8\" data-element_type=\"widget\" data-e-type=\"widget\" data-widget_type=\"text-editor.default\">\n\t\t\t\t<div class=\"elementor-widget-container\">\n\t\t\t\t\t\t\t\t\t<p>Celem przetwarzania danych osobowych jest zarz\u0105dzanie relacjami z klientami prywatnymi VA-Varuste Oy, w tym:<\/p>\n<ul>\n<li>Identyfikacja i uwierzytelnienie klient\u00f3w<\/li>\n<li>Fakturowanie, dostawa oraz opieka posprzeda\u017cowa zam\u00f3wionych przez klient\u00f3w produkt\u00f3w<\/li>\n<li>Obs\u0142uga reklamacji<\/li>\n<li>Wysy\u0142anie ankiety satysfakcji klienta<\/li>\n<\/ul>\n\t\t\t\t\t\t\t\t<\/div>\n\t\t\t\t<\/div>\n\t\t\t\t<div class=\"elementor-element elementor-element-4a04362 elementor-widget elementor-widget-heading\" data-id=\"4a04362\" data-element_type=\"widget\" data-e-type=\"widget\" data-widget_type=\"heading.default\">\n\t\t\t\t<div class=\"elementor-widget-container\">\n\t\t\t\t\t<h2 class=\"elementor-heading-title elementor-size-default\">Tre\u015b\u0107 rejestru<\/h2>\t\t\t\t<\/div>\n\t\t\t\t<\/div>\n\t\t\t\t<div class=\"elementor-element elementor-element-e52e6da elementor-widget elementor-widget-text-editor\" data-id=\"e52e6da\" data-element_type=\"widget\" data-e-type=\"widget\" data-widget_type=\"text-editor.default\">\n\t\t\t\t<div class=\"elementor-widget-container\">\n\t\t\t\t\t\t\t\t\t<p>Podstawowe informacje, w tym:<\/p>\n<ul>\n<li>Imi\u0119 i nazwisko<\/li>\n<li>Nazwa pracodawcy oraz dane kontaktowe (np. adres, numer telefonu, adres e\u2011mail)<\/li>\n<li>Tytu\u0142<\/li>\n<\/ul>\n<p>Informacje dotycz\u0105ce klienta oraz inne powi\u0105zane z nim dane:<\/p>\n<ul>\n<li>Dane kontaktowe (nazwa firmy, numer NIP)<\/li>\n<li>Szczeg\u00f3\u0142y zakup\u00f3w dokonanych jako uwierzytelniony klient oraz poszczeg\u00f3lne fazy i wydarzenia procesu zakupowego<\/li>\n<li>Informacje dotycz\u0105ce procesu p\u0142atno\u015bci<\/li>\n<\/ul>\n\t\t\t\t\t\t\t\t<\/div>\n\t\t\t\t<\/div>\n\t\t\t\t<div class=\"elementor-element elementor-element-7185ede elementor-widget elementor-widget-heading\" data-id=\"7185ede\" data-element_type=\"widget\" data-e-type=\"widget\" data-widget_type=\"heading.default\">\n\t\t\t\t<div class=\"elementor-widget-container\">\n\t\t\t\t\t<h2 class=\"elementor-heading-title elementor-size-default\">Regularne \u017ar\u00f3d\u0142a danych<\/h2>\t\t\t\t<\/div>\n\t\t\t\t<\/div>\n\t\t\t\t<div class=\"elementor-element elementor-element-729b604 elementor-widget elementor-widget-text-editor\" data-id=\"729b604\" data-element_type=\"widget\" data-e-type=\"widget\" data-widget_type=\"text-editor.default\">\n\t\t\t\t<div class=\"elementor-widget-container\">\n\t\t\t\t\t\t\t\t\t<p>\u0179r\u00f3d\u0142em danych s\u0105 informacje otrzymane od klient\u00f3w drog\u0105 telefoniczn\u0105, pocztow\u0105, e\u2011mailem lub w podobny spos\u00f3b oraz z system\u00f3w administratora danych podczas rejestracji i korzystania z us\u0142ug. Dane osobowe mog\u0105 by\u0107 r\u00f3wnie\u017c pozyskiwane z medi\u00f3w spo\u0142eczno\u015bciowych zwi\u0105zanych z dzia\u0142alno\u015bci\u0105 administratora danych, w kt\u00f3rych dost\u0119pne s\u0105 informacje o osobie, kt\u00f3rej dane dotycz\u0105. Dane osobowe mog\u0105 by\u0107 gromadzone i aktualizowane z rejestr\u00f3w administratora danych oraz dowolnej innej firmy w ramach tej samej grupy, systemu informacji adresowej Posti, pliku informacji kredytowych, rejestr\u00f3w prowadzonych przez Fi\u0144skie Stowarzyszenie Danych i Marketingu (DMA Finland\/ASML) oraz inne podobne publiczne i prywatne rejestry i \u017ar\u00f3d\u0142a danych \u015bwiadcz\u0105ce us\u0142ugi informacyjne oraz partner\u00f3w wsp\u00f3\u0142pracuj\u0105cych z administratorem danych.<\/p>\n\t\t\t\t\t\t\t\t<\/div>\n\t\t\t\t<\/div>\n\t\t\t\t<div class=\"elementor-element elementor-element-a9e8115 elementor-widget elementor-widget-heading\" data-id=\"a9e8115\" data-element_type=\"widget\" data-e-type=\"widget\" data-widget_type=\"heading.default\">\n\t\t\t\t<div class=\"elementor-widget-container\">\n\t\t\t\t\t<h2 class=\"elementor-heading-title elementor-size-default\">Regularne ujawnianie danych<\/h2>\t\t\t\t<\/div>\n\t\t\t\t<\/div>\n\t\t\t\t<div class=\"elementor-element elementor-element-190fd04 elementor-widget elementor-widget-text-editor\" data-id=\"190fd04\" data-element_type=\"widget\" data-e-type=\"widget\" data-widget_type=\"text-editor.default\">\n\t\t\t\t<div class=\"elementor-widget-container\">\n\t\t\t\t\t\t\t\t\t<p>Administrator danych mo\u017ce ujawnia\u0107 dane w celach marketingowych sp\u00f3\u0142kom nale\u017c\u0105cym do tej samej grupy co administrator, w zakresie dozwolonym i wymaganym przez obowi\u0105zuj\u0105ce przepisy prawa, chyba \u017ce osoba, kt\u00f3rej dane dotycz\u0105, zabroni\u0142a takiego ujawnienia swoich danych. Za zgod\u0105 podmiotu danych, kryteria wyszukiwania zapisane w Serwisie, dane kontaktowe oraz inne wra\u017cliwe dane, mog\u0105 zosta\u0107 ujawnione partnerom, w tym dostawcom przedmiot\u00f3w stanowi\u0105cych obiekt zainteresowania osoby kt\u00f3rej dane dotycz\u0105.<\/p>\n\t\t\t\t\t\t\t\t<\/div>\n\t\t\t\t<\/div>\n\t\t\t\t<div class=\"elementor-element elementor-element-61dfb28 elementor-widget elementor-widget-heading\" data-id=\"61dfb28\" data-element_type=\"widget\" data-e-type=\"widget\" data-widget_type=\"heading.default\">\n\t\t\t\t<div class=\"elementor-widget-container\">\n\t\t\t\t\t<h2 class=\"elementor-heading-title elementor-size-default\">Przekazywanie danych osobowych poza Uni\u0119 Europejsk\u0105 lub Europejski Obszar Gospodarczy<\/h2>\t\t\t\t<\/div>\n\t\t\t\t<\/div>\n\t\t\t\t<div class=\"elementor-element elementor-element-d7978ab elementor-widget elementor-widget-heading\" data-id=\"d7978ab\" data-element_type=\"widget\" data-e-type=\"widget\" data-widget_type=\"heading.default\">\n\t\t\t\t<div class=\"elementor-widget-container\">\n\t\t\t\t\t<h2 class=\"elementor-heading-title elementor-size-default\">\u017badne dane nie b\u0119d\u0105 przekazywane poza UE lub EOG.<\/h2>\t\t\t\t<\/div>\n\t\t\t\t<\/div>\n\t\t\t\t<div class=\"elementor-element elementor-element-9d826b9 elementor-widget elementor-widget-heading\" data-id=\"9d826b9\" data-element_type=\"widget\" data-e-type=\"widget\" data-widget_type=\"heading.default\">\n\t\t\t\t<div class=\"elementor-widget-container\">\n\t\t\t\t\t<h2 class=\"elementor-heading-title elementor-size-default\">Zasady ochrony rejestru<\/h2>\t\t\t\t<\/div>\n\t\t\t\t<\/div>\n\t\t\t\t<div class=\"elementor-element elementor-element-857ca1d elementor-widget elementor-widget-text-editor\" data-id=\"857ca1d\" data-element_type=\"widget\" data-e-type=\"widget\" data-widget_type=\"text-editor.default\">\n\t\t\t\t<div class=\"elementor-widget-container\">\n\t\t\t\t\t\t\t\t\t<p>Dokumenty przetwarzane r\u0119cznie, zawieraj\u0105ce dane osobowe os\u00f3b, kt\u00f3rych dane dotycz\u0105, s\u0105 przechowywane w pomieszczeniach zamkni\u0119tych w spos\u00f3b uniemo\u017cliwiaj\u0105cy dost\u0119p do nich osobom nieupowa\u017cnionym. Administrator danych musi zapewni\u0107, aby dost\u0119p do danych mieli tylko pracownicy administratora danych oraz firmy dzia\u0142aj\u0105ce w imieniu administratora danych, gdy jest to niezb\u0119dne do wykonywania ich obowi\u0105zk\u00f3w.<\/p>\n<p>Bazy danych, w kt\u00f3rych przechowywane s\u0105 dane rejestrowe, s\u0105 zabezpieczone zaporami sieciowymi, has\u0142ami oraz innymi metodami technicznymi. Bazy danych i ich kopie zapasowe znajduj\u0105 si\u0119 w zamkni\u0119tych pomieszczeniach.<\/p>\n\t\t\t\t\t\t\t\t<\/div>\n\t\t\t\t<\/div>\n\t\t\t\t<div class=\"elementor-element elementor-element-35723cd elementor-widget elementor-widget-heading\" data-id=\"35723cd\" data-element_type=\"widget\" data-e-type=\"widget\" data-widget_type=\"heading.default\">\n\t\t\t\t<div class=\"elementor-widget-container\">\n\t\t\t\t\t<h2 class=\"elementor-heading-title elementor-size-default\">Prawo dost\u0119pu podmiotu danych<\/h2>\t\t\t\t<\/div>\n\t\t\t\t<\/div>\n\t\t\t\t<div class=\"elementor-element elementor-element-e79c500 elementor-widget elementor-widget-heading\" data-id=\"e79c500\" data-element_type=\"widget\" data-e-type=\"widget\" data-widget_type=\"heading.default\">\n\t\t\t\t<div class=\"elementor-widget-container\">\n\t\t\t\t\t<h2 class=\"elementor-heading-title elementor-size-default\">Prawo dost\u0119pu osoby, kt\u00f3rej dane dotycz\u0105 (prawo do wgl\u0105du)<\/h2>\t\t\t\t<\/div>\n\t\t\t\t<\/div>\n\t\t\t\t<div class=\"elementor-element elementor-element-1296678 elementor-widget elementor-widget-text-editor\" data-id=\"1296678\" data-element_type=\"widget\" data-e-type=\"widget\" data-widget_type=\"text-editor.default\">\n\t\t\t\t<div class=\"elementor-widget-container\">\n\t\t\t\t\t\t\t\t\t<p>Osoby, kt\u00f3rych dane dotycz\u0105, maj\u0105 prawo dost\u0119pu do swoich danych zapisanych w rejestrze. Wniosek o weryfikacj\u0119 musi by\u0107 z\u0142o\u017cony na pi\u015bmie i podpisany przez osob\u0119 odpowiedzialn\u0105 za sprawy rejestrowe. Wniosek o weryfikacj\u0119 mo\u017cna r\u00f3wnie\u017c z\u0142o\u017cy\u0107 osobi\u015bcie w siedzibie administratora danych pod adresem wskazanym powy\u017cej. Raz w roku mo\u017ce zosta\u0107 z\u0142o\u017cony bezp\u0142atny wniosek o weryfikacj\u0119. Odpowiedz na wniosek o weryfikacj\u0119 zostanie udzielona w stosownym czasie przewidzianym przez prawo.<\/p>\n\t\t\t\t\t\t\t\t<\/div>\n\t\t\t\t<\/div>\n\t\t\t\t<div class=\"elementor-element elementor-element-8af3012 elementor-widget elementor-widget-heading\" data-id=\"8af3012\" data-element_type=\"widget\" data-e-type=\"widget\" data-widget_type=\"heading.default\">\n\t\t\t\t<div class=\"elementor-widget-container\">\n\t\t\t\t\t<h2 class=\"elementor-heading-title elementor-size-default\">Prawo os\u00f3b, kt\u00f3rych dane dotycz\u0105, do \u017c\u0105dania sprostowania lub ograniczenia przetwarzania danych osobowych<\/h2>\t\t\t\t<\/div>\n\t\t\t\t<\/div>\n\t\t\t\t<div class=\"elementor-element elementor-element-9358537 elementor-widget elementor-widget-text-editor\" data-id=\"9358537\" data-element_type=\"widget\" data-e-type=\"widget\" data-widget_type=\"text-editor.default\">\n\t\t\t\t<div class=\"elementor-widget-container\">\n\t\t\t\t\t\t\t\t\t<p>Osoby, kt\u00f3rych dane dotycz\u0105, maj\u0105 prawo zakaza\u0107 ujawniania i przetwarzania danych osobowych do cel\u00f3w reklamy bezpo\u015bredniej, sprzeda\u017cy na odleg\u0142o\u015b\u0107 i innego marketingu bezpo\u015bredniego, badania opinii publicznej i rynku.<\/p>\n<p>Osoby, kt\u00f3rych dane dotycz\u0105, maj\u0105 prawo \u017c\u0105dania sprostowania nieprawid\u0142owych danych, kontaktuj\u0105c si\u0119 z osob\u0105 odpowiedzialn\u0105 za sprawy rejestrowe lub zawiadamiaj\u0105c obs\u0142ug\u0119 klienta administratora danych.<\/p>\n\t\t\t\t\t\t\t\t<\/div>\n\t\t\t\t<\/div>\n\t\t\t\t<div class=\"elementor-element elementor-element-3f885ef elementor-widget elementor-widget-heading\" data-id=\"3f885ef\" data-element_type=\"widget\" data-e-type=\"widget\" data-widget_type=\"heading.default\">\n\t\t\t\t<div class=\"elementor-widget-container\">\n\t\t\t\t\t<h2 class=\"elementor-heading-title elementor-size-default\">Inne prawa<\/h2>\t\t\t\t<\/div>\n\t\t\t\t<\/div>\n\t\t\t\t<div class=\"elementor-element elementor-element-7df8402 elementor-widget elementor-widget-text-editor\" data-id=\"7df8402\" data-element_type=\"widget\" data-e-type=\"widget\" data-widget_type=\"text-editor.default\">\n\t\t\t\t<div class=\"elementor-widget-container\">\n\t\t\t\t\t\t\t\t\t<p>Osoby, kt\u00f3rych dane dotycz\u0105, maj\u0105 prawo wniesienia skargi do w\u0142a\u015bciwego organu nadzorczego, je\u017celi administrator danych nie przestrzega obowi\u0105zuj\u0105cych przepis\u00f3w o ochronie danych.<\/p>\n<p>Je\u017celi dane osobowe s\u0105 przetwarzane na podstawie zgody osoby, kt\u00f3rej dane dotycz\u0105, osoba ta ma prawo wycofa\u0107 zgod\u0119, informuj\u0105c nas o tym.<\/p>\n\t\t\t\t\t\t\t\t<\/div>\n\t\t\t\t<\/div>\n\t\t\t\t<\/div>\n\t\t\t\t<\/div>\n\t\t\t\t\t<\/div>\n\t\t\t\t<\/div>\n\t\t\t\t<\/div>\n\t\t","protected":false},"excerpt":{"rendered":"<p>Polityka Prywatno\u015bci 62\u00b0 52.27\u2032 00\u201c \u2014 27\u00b0 39.25\u2032 40\u201c O\u015bwiadczenie o ochronie danych rejestru klient\u00f3w Va-Varuste Administrator danych VA-Varuste Oy Kontakt do administratora danych VA-Varuste OySiikaranta 1470620 KuopioTel. 017\u20112659 500Email: va-varuste@va-varuste.fi Nazwa rejestru Rejestr klient\u00f3w Va-Varuste OY. Cel i podstawa przetwarzania danych osobowych Celem przetwarzania danych osobowych jest zarz\u0105dzanie relacjami z klientami prywatnymi VA-Varuste Oy, [&hellip;]<\/p>\n","protected":false},"author":1,"featured_media":0,"parent":0,"menu_order":0,"comment_status":"closed","ping_status":"closed","template":"","meta":{"footnotes":""},"class_list":["post-221568","page","type-page","status-publish","hentry"],"yoast_head":"<!-- This site is optimized with the Yoast SEO plugin v27.4 - https:\/\/yoast.com\/product\/yoast-seo-wordpress\/ -->\n<title>Polityka Prywatno\u015bci - VA-Varuste<\/title>\n<meta name=\"robots\" content=\"index, follow, max-snippet:-1, max-image-preview:large, max-video-preview:-1\" \/>\n<link rel=\"canonical\" href=\"https:\/\/va-varuste.fi\/tietosuoja\/\" \/>\n<meta property=\"og:locale\" content=\"pl_PL\" \/>\n<meta property=\"og:type\" content=\"article\" \/>\n<meta property=\"og:title\" content=\"Polityka Prywatno\u015bci - VA-Varuste\" \/>\n<meta property=\"og:description\" content=\"Polityka Prywatno\u015bci 62\u00b0 52.27\u2032 00\u201c \u2014 27\u00b0 39.25\u2032 40\u201c O\u015bwiadczenie o ochronie danych rejestru klient\u00f3w Va-Varuste Administrator danych VA-Varuste Oy Kontakt do administratora danych VA-Varuste OySiikaranta 1470620 KuopioTel. 017\u20112659 500Email: va-varuste@va-varuste.fi Nazwa rejestru Rejestr klient\u00f3w Va-Varuste OY. Cel i podstawa przetwarzania danych osobowych Celem przetwarzania danych osobowych jest zarz\u0105dzanie relacjami z klientami prywatnymi VA-Varuste Oy, [&hellip;]\" \/>\n<meta property=\"og:url\" content=\"https:\/\/va-varuste.fi\/tietosuoja\/\" \/>\n<meta property=\"og:site_name\" content=\"VA-Varuste\" \/>\n<meta property=\"article:publisher\" content=\"https:\/\/www.facebook.com\/vavarustefi\/\" \/>\n<meta property=\"article:modified_time\" content=\"2023-11-08T11:18:10+00:00\" \/>\n<meta name=\"twitter:card\" content=\"summary_large_image\" \/>\n<meta name=\"twitter:label1\" content=\"Szacowany czas czytania\" \/>\n\t<meta name=\"twitter:data1\" content=\"4 minuty\" \/>\n<script type=\"application\/ld+json\" class=\"yoast-schema-graph\">{\"@context\":\"https:\\\/\\\/schema.org\",\"@graph\":[{\"@type\":\"WebPage\",\"@id\":\"https:\\\/\\\/va-varuste.fi\\\/tietosuoja\\\/\",\"url\":\"https:\\\/\\\/va-varuste.fi\\\/tietosuoja\\\/\",\"name\":\"Polityka Prywatno\u015bci - VA-Varuste\",\"isPartOf\":{\"@id\":\"https:\\\/\\\/va-varuste.fi\\\/#website\"},\"datePublished\":\"2023-09-29T07:02:20+00:00\",\"dateModified\":\"2023-11-08T11:18:10+00:00\",\"breadcrumb\":{\"@id\":\"https:\\\/\\\/va-varuste.fi\\\/tietosuoja\\\/#breadcrumb\"},\"inLanguage\":\"pl-PL\",\"potentialAction\":[{\"@type\":\"ReadAction\",\"target\":[\"https:\\\/\\\/va-varuste.fi\\\/tietosuoja\\\/\"]}]},{\"@type\":\"BreadcrumbList\",\"@id\":\"https:\\\/\\\/va-varuste.fi\\\/tietosuoja\\\/#breadcrumb\",\"itemListElement\":[{\"@type\":\"ListItem\",\"position\":1,\"name\":\"Etusivu\",\"item\":\"https:\\\/\\\/va-varuste.fi\\\/pl\\\/\"},{\"@type\":\"ListItem\",\"position\":2,\"name\":\"Polityka Prywatno\u015bci\"}]},{\"@type\":\"WebSite\",\"@id\":\"https:\\\/\\\/va-varuste.fi\\\/#website\",\"url\":\"https:\\\/\\\/va-varuste.fi\\\/\",\"name\":\"VA-Varuste\",\"description\":\"\",\"publisher\":{\"@id\":\"https:\\\/\\\/va-varuste.fi\\\/#organization\"},\"potentialAction\":[{\"@type\":\"SearchAction\",\"target\":{\"@type\":\"EntryPoint\",\"urlTemplate\":\"https:\\\/\\\/va-varuste.fi\\\/?s={search_term_string}\"},\"query-input\":{\"@type\":\"PropertyValueSpecification\",\"valueRequired\":true,\"valueName\":\"search_term_string\"}}],\"inLanguage\":\"pl-PL\"},{\"@type\":\"Organization\",\"@id\":\"https:\\\/\\\/va-varuste.fi\\\/#organization\",\"name\":\"VA-Varuste\",\"url\":\"https:\\\/\\\/va-varuste.fi\\\/\",\"logo\":{\"@type\":\"ImageObject\",\"inLanguage\":\"pl-PL\",\"@id\":\"https:\\\/\\\/va-varuste.fi\\\/#\\\/schema\\\/logo\\\/image\\\/\",\"url\":\"https:\\\/\\\/va-varuste.fi\\\/wp-content\\\/uploads\\\/2023\\\/09\\\/va-logo.svg\",\"contentUrl\":\"https:\\\/\\\/va-varuste.fi\\\/wp-content\\\/uploads\\\/2023\\\/09\\\/va-logo.svg\",\"caption\":\"VA-Varuste\"},\"image\":{\"@id\":\"https:\\\/\\\/va-varuste.fi\\\/#\\\/schema\\\/logo\\\/image\\\/\"},\"sameAs\":[\"https:\\\/\\\/www.facebook.com\\\/vavarustefi\\\/\",\"https:\\\/\\\/www.instagram.com\\\/vavaruste\\\/\"]}]}<\/script>\n<!-- \/ Yoast SEO plugin. -->","yoast_head_json":{"title":"Polityka Prywatno\u015bci - VA-Varuste","robots":{"index":"index","follow":"follow","max-snippet":"max-snippet:-1","max-image-preview":"max-image-preview:large","max-video-preview":"max-video-preview:-1"},"canonical":"https:\/\/va-varuste.fi\/tietosuoja\/","og_locale":"pl_PL","og_type":"article","og_title":"Polityka Prywatno\u015bci - VA-Varuste","og_description":"Polityka Prywatno\u015bci 62\u00b0 52.27\u2032 00\u201c \u2014 27\u00b0 39.25\u2032 40\u201c O\u015bwiadczenie o ochronie danych rejestru klient\u00f3w Va-Varuste Administrator danych VA-Varuste Oy Kontakt do administratora danych VA-Varuste OySiikaranta 1470620 KuopioTel. 017\u20112659 500Email: va-varuste@va-varuste.fi Nazwa rejestru Rejestr klient\u00f3w Va-Varuste OY. Cel i podstawa przetwarzania danych osobowych Celem przetwarzania danych osobowych jest zarz\u0105dzanie relacjami z klientami prywatnymi VA-Varuste Oy, [&hellip;]","og_url":"https:\/\/va-varuste.fi\/tietosuoja\/","og_site_name":"VA-Varuste","article_publisher":"https:\/\/www.facebook.com\/vavarustefi\/","article_modified_time":"2023-11-08T11:18:10+00:00","twitter_card":"summary_large_image","twitter_misc":{"Szacowany czas czytania":"4 minuty"},"schema":{"@context":"https:\/\/schema.org","@graph":[{"@type":"WebPage","@id":"https:\/\/va-varuste.fi\/tietosuoja\/","url":"https:\/\/va-varuste.fi\/tietosuoja\/","name":"Polityka Prywatno\u015bci - VA-Varuste","isPartOf":{"@id":"https:\/\/va-varuste.fi\/#website"},"datePublished":"2023-09-29T07:02:20+00:00","dateModified":"2023-11-08T11:18:10+00:00","breadcrumb":{"@id":"https:\/\/va-varuste.fi\/tietosuoja\/#breadcrumb"},"inLanguage":"pl-PL","potentialAction":[{"@type":"ReadAction","target":["https:\/\/va-varuste.fi\/tietosuoja\/"]}]},{"@type":"BreadcrumbList","@id":"https:\/\/va-varuste.fi\/tietosuoja\/#breadcrumb","itemListElement":[{"@type":"ListItem","position":1,"name":"Etusivu","item":"https:\/\/va-varuste.fi\/pl\/"},{"@type":"ListItem","position":2,"name":"Polityka Prywatno\u015bci"}]},{"@type":"WebSite","@id":"https:\/\/va-varuste.fi\/#website","url":"https:\/\/va-varuste.fi\/","name":"VA-Varuste","description":"","publisher":{"@id":"https:\/\/va-varuste.fi\/#organization"},"potentialAction":[{"@type":"SearchAction","target":{"@type":"EntryPoint","urlTemplate":"https:\/\/va-varuste.fi\/?s={search_term_string}"},"query-input":{"@type":"PropertyValueSpecification","valueRequired":true,"valueName":"search_term_string"}}],"inLanguage":"pl-PL"},{"@type":"Organization","@id":"https:\/\/va-varuste.fi\/#organization","name":"VA-Varuste","url":"https:\/\/va-varuste.fi\/","logo":{"@type":"ImageObject","inLanguage":"pl-PL","@id":"https:\/\/va-varuste.fi\/#\/schema\/logo\/image\/","url":"https:\/\/va-varuste.fi\/wp-content\/uploads\/2023\/09\/va-logo.svg","contentUrl":"https:\/\/va-varuste.fi\/wp-content\/uploads\/2023\/09\/va-logo.svg","caption":"VA-Varuste"},"image":{"@id":"https:\/\/va-varuste.fi\/#\/schema\/logo\/image\/"},"sameAs":["https:\/\/www.facebook.com\/vavarustefi\/","https:\/\/www.instagram.com\/vavaruste\/"]}]}},"_links":{"self":[{"href":"https:\/\/va-varuste.fi\/pl\/wp-json\/wp\/v2\/pages\/221568","targetHints":{"allow":["GET"]}}],"collection":[{"href":"https:\/\/va-varuste.fi\/pl\/wp-json\/wp\/v2\/pages"}],"about":[{"href":"https:\/\/va-varuste.fi\/pl\/wp-json\/wp\/v2\/types\/page"}],"author":[{"embeddable":true,"href":"https:\/\/va-varuste.fi\/pl\/wp-json\/wp\/v2\/users\/1"}],"replies":[{"embeddable":true,"href":"https:\/\/va-varuste.fi\/pl\/wp-json\/wp\/v2\/comments?post=221568"}],"version-history":[{"count":3,"href":"https:\/\/va-varuste.fi\/pl\/wp-json\/wp\/v2\/pages\/221568\/revisions"}],"predecessor-version":[{"id":225024,"href":"https:\/\/va-varuste.fi\/pl\/wp-json\/wp\/v2\/pages\/221568\/revisions\/225024"}],"wp:attachment":[{"href":"https:\/\/va-varuste.fi\/pl\/wp-json\/wp\/v2\/media?parent=221568"}],"curies":[{"name":"wp","href":"https:\/\/api.w.org\/{rel}","templated":true}]}}