{"id":235468,"date":"2026-02-02T12:17:54","date_gmt":"2026-02-02T10:17:54","guid":{"rendered":"https:\/\/va-varuste.fi\/?page_id=235468"},"modified":"2026-02-02T12:18:47","modified_gmt":"2026-02-02T10:18:47","slug":"polityka-prywatnosci-3","status":"publish","type":"page","link":"https:\/\/va-varuste.fi\/pl\/polityka-prywatnosci-3\/","title":{"rendered":"Polityka Prywatno\u015bci"},"content":{"rendered":"\t\t<div data-elementor-type=\"wp-page\" data-elementor-id=\"235468\" class=\"elementor elementor-235468 elementor-235465\" data-elementor-post-type=\"page\">\n\t\t\t\t<div class=\"elementor-element elementor-element-c66c79a e-con-full e-flex e-con e-parent\" data-id=\"c66c79a\" data-element_type=\"container\" data-e-type=\"container\" id=\"takaisin\" data-settings=\"{&quot;background_background&quot;:&quot;classic&quot;}\">\n\t\t<div class=\"elementor-element elementor-element-d9e1e70 e-con-full e-flex e-con e-child\" data-id=\"d9e1e70\" data-element_type=\"container\" data-e-type=\"container\">\n\t\t\t\t<div class=\"elementor-element elementor-element-b8c499d elementor-widget elementor-widget-heading\" data-id=\"b8c499d\" data-element_type=\"widget\" data-e-type=\"widget\" data-widget_type=\"heading.default\">\n\t\t\t\t<div class=\"elementor-widget-container\">\n\t\t\t\t\t<h2 class=\"elementor-heading-title elementor-size-default\">Polityka Prywatno\u015bci<\/h2>\t\t\t\t<\/div>\n\t\t\t\t<\/div>\n\t\t\t\t<\/div>\n\t\t\t\t<\/div>\n\t\t<div class=\"elementor-element elementor-element-d6c9cba e-flex e-con-boxed e-con e-parent\" data-id=\"d6c9cba\" data-element_type=\"container\" data-e-type=\"container\" data-settings=\"{&quot;background_background&quot;:&quot;classic&quot;}\">\n\t\t\t\t\t<div class=\"e-con-inner\">\n\t\t<div class=\"elementor-element elementor-element-2cd57bf e-con-full e-flex e-con e-child\" data-id=\"2cd57bf\" data-element_type=\"container\" data-e-type=\"container\" data-settings=\"{&quot;background_background&quot;:&quot;classic&quot;}\">\n\t\t<div class=\"elementor-element elementor-element-8b8671f e-con-full e-flex e-con e-child\" data-id=\"8b8671f\" data-element_type=\"container\" data-e-type=\"container\">\n\t\t\t\t<div class=\"elementor-element elementor-element-d1ccce4 elementor-widget elementor-widget-heading\" data-id=\"d1ccce4\" data-element_type=\"widget\" data-e-type=\"widget\" data-widget_type=\"heading.default\">\n\t\t\t\t<div class=\"elementor-widget-container\">\n\t\t\t\t\t<h2 class=\"elementor-heading-title elementor-size-default\">62\u00b0 52.27\u2032 00\u201c \u2014 27\u00b0 39.25\u2032 40\u201c<\/h2>\t\t\t\t<\/div>\n\t\t\t\t<\/div>\n\t\t\t\t<div class=\"elementor-element elementor-element-6666099 elementor-widget elementor-widget-heading\" data-id=\"6666099\" data-element_type=\"widget\" data-e-type=\"widget\" data-widget_type=\"heading.default\">\n\t\t\t\t<div class=\"elementor-widget-container\">\n\t\t\t\t\t<h2 class=\"elementor-heading-title elementor-size-default\">O\u015bwiadczenie o ochronie danych rejestru klient\u00f3w Va-Varuste<\/h2>\t\t\t\t<\/div>\n\t\t\t\t<\/div>\n\t\t\t\t<\/div>\n\t\t<div class=\"elementor-element elementor-element-d710faf e-con-full e-flex e-con e-child\" data-id=\"d710faf\" data-element_type=\"container\" data-e-type=\"container\">\n\t\t\t\t<div class=\"elementor-element elementor-element-e52e6da elementor-widget elementor-widget-text-editor\" data-id=\"e52e6da\" data-element_type=\"widget\" data-e-type=\"widget\" data-widget_type=\"text-editor.default\">\n\t\t\t\t<div class=\"elementor-widget-container\">\n\t\t\t\t\t\t\t\t\t<p>Podstawowe informacje, w tym:<\/p><ul><li>Imi\u0119 i nazwisko<\/li><li>Nazwa pracodawcy oraz dane kontaktowe (np. adres, numer telefonu, adres e\u2011mail)<\/li><li>Tytu\u0142<\/li><\/ul><p><br>Informacje dotycz\u0105ce klienta oraz inne powi\u0105zane z nim dane:<\/p><ul><li>Dane kontaktowe (nazwa firmy, numer NIP)<\/li><li>Szczeg\u00f3\u0142y zakup\u00f3w dokonanych jako uwierzytelniony klient oraz poszczeg\u00f3lne fazy i wydarzenia procesu zakupowego<\/li><li>Informacje dotycz\u0105ce procesu p\u0142atno\u015bci<\/li><\/ul>\t\t\t\t\t\t\t\t<\/div>\n\t\t\t\t<\/div>\n\t\t\t\t<div class=\"elementor-element elementor-element-4a04362 elementor-widget elementor-widget-heading\" data-id=\"4a04362\" data-element_type=\"widget\" data-e-type=\"widget\" data-widget_type=\"heading.default\">\n\t\t\t\t<div class=\"elementor-widget-container\">\n\t\t\t\t\t<h2 class=\"elementor-heading-title elementor-size-default\">Tre\u015b\u0107 rejestru<\/h2>\t\t\t\t<\/div>\n\t\t\t\t<\/div>\n\t\t\t\t<div class=\"elementor-element elementor-element-c602e57 elementor-widget elementor-widget-text-editor\" data-id=\"c602e57\" data-element_type=\"widget\" data-e-type=\"widget\" data-widget_type=\"text-editor.default\">\n\t\t\t\t<div class=\"elementor-widget-container\">\n\t\t\t\t\t\t\t\t\t<p>Aloitteella tarkoitetaan <strong data-start=\"93\" data-end=\"108\">kirjallista<\/strong> toteuttamis- ja kehitt\u00e4miskelpoista ehdotusta, jonka kohtuudella ei voida katsoa kuuluvan asianomaisen henkil\u00f6n varsinaisiin ty\u00f6teht\u00e4viin. T\u00e4ll\u00e4 tarkoitetaan l\u00e4hinn\u00e4 sit\u00e4, jos ty\u00f6teht\u00e4v\u00e4si on kehitt\u00e4\u00e4 asioita, joihin aloite kuuluu, sen katsotaan kuuluvantoimenkuvaan.<\/p>\t\t\t\t\t\t\t\t<\/div>\n\t\t\t\t<\/div>\n\t\t\t\t<div class=\"elementor-element elementor-element-f161467 elementor-widget elementor-widget-heading\" data-id=\"f161467\" data-element_type=\"widget\" data-e-type=\"widget\" data-widget_type=\"heading.default\">\n\t\t\t\t<div class=\"elementor-widget-container\">\n\t\t\t\t\t<h2 class=\"elementor-heading-title elementor-size-default\">Cel i podstawa przetwarzania danych osobowych<\/h2>\t\t\t\t<\/div>\n\t\t\t\t<\/div>\n\t\t\t\t<div class=\"elementor-element elementor-element-689f0a8 elementor-widget elementor-widget-text-editor\" data-id=\"689f0a8\" data-element_type=\"widget\" data-e-type=\"widget\" data-widget_type=\"text-editor.default\">\n\t\t\t\t<div class=\"elementor-widget-container\">\n\t\t\t\t\t\t\t\t\t<p>Celem przetwarzania danych osobowych jest zarz\u0105dzanie relacjami z klientami prywatnymi VA-Varuste Oy, w tym:<\/p><ul><li>Identyfikacja i uwierzytelnienie klient\u00f3w<\/li><li>Fakturowanie, dostawa oraz opieka posprzeda\u017cowa zam\u00f3wionych przez klient\u00f3w produkt\u00f3w<\/li><li>Obs\u0142uga reklamacji<\/li><li>Wysy\u0142anie ankiety satysfakcji klienta<\/li><\/ul>\t\t\t\t\t\t\t\t<\/div>\n\t\t\t\t<\/div>\n\t\t\t\t<div class=\"elementor-element elementor-element-7185ede elementor-widget elementor-widget-heading\" data-id=\"7185ede\" data-element_type=\"widget\" data-e-type=\"widget\" data-widget_type=\"heading.default\">\n\t\t\t\t<div class=\"elementor-widget-container\">\n\t\t\t\t\t<h2 class=\"elementor-heading-title elementor-size-default\">Regularne \u017ar\u00f3d\u0142a danych<\/h2>\t\t\t\t<\/div>\n\t\t\t\t<\/div>\n\t\t\t\t<div class=\"elementor-element elementor-element-782bc2b elementor-widget elementor-widget-text-editor\" data-id=\"782bc2b\" data-element_type=\"widget\" data-e-type=\"widget\" data-widget_type=\"text-editor.default\">\n\t\t\t\t<div class=\"elementor-widget-container\">\n\t\t\t\t\t\t\t\t\t<p>Kuvaa parantamisen idea ja sen toteutus mahdollisimman tarkasti. Painamalla &#8222;L\u00c4HET\u00c4 ALOITELOMAKE&#8221;, aloitteesi menee suoraan aloitetoimikunnalle, joka arvioi aloitteen ja tekee palkkiolaskennan,\u00a0 toteutukseen menneist\u00e4 aloitteista.<\/p>\t\t\t\t\t\t\t\t<\/div>\n\t\t\t\t<\/div>\n\t\t\t\t<div class=\"elementor-element elementor-element-41d7f60 elementor-align-left elementor-widget elementor-widget-button\" data-id=\"41d7f60\" data-element_type=\"widget\" data-e-type=\"widget\" data-widget_type=\"button.default\">\n\t\t\t\t<div class=\"elementor-widget-container\">\n\t\t\t\t\t\t\t\t\t<div class=\"elementor-button-wrapper\">\n\t\t\t\t\t<a class=\"elementor-button elementor-button-link elementor-size-lg\" href=\"https:\/\/va-varuste.fi\/wp-content\/uploads\/2025\/05\/jp-vasaannot2021v1.1.pdf\" target=\"_blank\">\n\t\t\t\t\t\t<span class=\"elementor-button-content-wrapper\">\n\t\t\t\t\t\t<span class=\"elementor-button-icon\">\n\t\t\t\t<i aria-hidden=\"true\" class=\"far fa-file-alt\"><\/i>\t\t\t<\/span>\n\t\t\t\t\t\t\t\t\t<span class=\"elementor-button-text\">Lue s\u00e4\u00e4nn\u00f6t<\/span>\n\t\t\t\t\t<\/span>\n\t\t\t\t\t<\/a>\n\t\t\t\t<\/div>\n\t\t\t\t\t\t\t\t<\/div>\n\t\t\t\t<\/div>\n\t\t\t\t<div class=\"elementor-element elementor-element-8c5111f elementor-widget__width-initial elementor-button-align-stretch elementor-widget elementor-widget-form\" data-id=\"8c5111f\" data-element_type=\"widget\" data-e-type=\"widget\" data-settings=\"{&quot;step_next_label&quot;:&quot;Next&quot;,&quot;step_previous_label&quot;:&quot;Previous&quot;,&quot;button_width&quot;:&quot;100&quot;,&quot;step_type&quot;:&quot;number_text&quot;,&quot;step_icon_shape&quot;:&quot;circle&quot;}\" data-widget_type=\"form.default\">\n\t\t\t\t<div class=\"elementor-widget-container\">\n\t\t\t\t\t\t\t<form class=\"elementor-form\" method=\"post\" name=\"New Form\" aria-label=\"New Form\">\n\t\t\t<input type=\"hidden\" name=\"post_id\" value=\"235468\"\/>\n\t\t\t<input type=\"hidden\" name=\"form_id\" value=\"8c5111f\"\/>\n\t\t\t<input type=\"hidden\" name=\"referer_title\" value=\"VA-Varuste\" \/>\n\n\t\t\t\n\t\t\t<div class=\"elementor-form-fields-wrapper elementor-labels-above\">\n\t\t\t\t\t\t\t\t<div class=\"elementor-field-type-text elementor-field-group elementor-column elementor-field-group-jp_name elementor-col-100 elementor-field-required\">\n\t\t\t\t\t\t\t\t\t\t\t\t<label for=\"form-field-jp_name\" class=\"elementor-field-label\">\n\t\t\t\t\t\t\t\tAloitteen Tekij\u00e4\t\t\t\t\t\t\t<\/label>\n\t\t\t\t\t\t\t\t\t\t\t\t\t\t<input size=\"1\" type=\"text\" name=\"form_fields[jp_name]\" id=\"form-field-jp_name\" class=\"elementor-field elementor-size-sm  elementor-field-textual\" placeholder=\"Nimi\" required=\"required\">\n\t\t\t\t\t\t\t\t\t\t\t<\/div>\n\t\t\t\t\t\t\t\t<div class=\"elementor-field-type-text elementor-field-group elementor-column elementor-field-group-foreman elementor-col-100 elementor-field-required\">\n\t\t\t\t\t\t\t\t\t\t\t\t<label for=\"form-field-foreman\" class=\"elementor-field-label\">\n\t\t\t\t\t\t\t\tEsimies\t\t\t\t\t\t\t<\/label>\n\t\t\t\t\t\t\t\t\t\t\t\t\t\t<input size=\"1\" type=\"text\" name=\"form_fields[foreman]\" id=\"form-field-foreman\" class=\"elementor-field elementor-size-sm  elementor-field-textual\" placeholder=\"L\u00e4himm\u00e4n esihenkil\u00f6n nimi\" required=\"required\">\n\t\t\t\t\t\t\t\t\t\t\t<\/div>\n\t\t\t\t\t\t\t\t<div class=\"elementor-field-type-date elementor-field-group elementor-column elementor-field-group-sent_date elementor-col-100 elementor-field-required\">\n\t\t\t\t\t\t\t\t\t\t\t\t<label for=\"form-field-sent_date\" class=\"elementor-field-label\">\n\t\t\t\t\t\t\t\tP\u00e4iv\u00e4m\u00e4\u00e4r\u00e4\t\t\t\t\t\t\t<\/label>\n\t\t\t\t\t\t\n\t\t<input type=\"date\" name=\"form_fields[sent_date]\" id=\"form-field-sent_date\" class=\"elementor-field elementor-size-sm  elementor-field-textual elementor-date-field\" placeholder=\"02\/02\/2026\" required=\"required\" pattern=\"[0-9]{4}-[0-9]{2}-[0-9]{2}\">\n\t\t\t\t\t\t<\/div>\n\t\t\t\t\t\t\t\t<div class=\"elementor-field-type-text elementor-field-group elementor-column elementor-field-group-jp_target elementor-col-100 elementor-field-required\">\n\t\t\t\t\t\t\t\t\t\t\t\t<label for=\"form-field-jp_target\" class=\"elementor-field-label\">\n\t\t\t\t\t\t\t\tAloitteen kohde\t\t\t\t\t\t\t<\/label>\n\t\t\t\t\t\t\t\t\t\t\t\t\t\t<input size=\"1\" type=\"text\" name=\"form_fields[jp_target]\" id=\"form-field-jp_target\" class=\"elementor-field elementor-size-sm  elementor-field-textual\" placeholder=\"Mit\u00e4 parannetaan\" required=\"required\">\n\t\t\t\t\t\t\t\t\t\t\t<\/div>\n\t\t\t\t\t\t\t\t<div class=\"elementor-field-type-textarea elementor-field-group elementor-column elementor-field-group-jp_text_field elementor-col-100 elementor-field-required\">\n\t\t\t\t\t\t\t\t\t\t\t\t<label for=\"form-field-jp_text_field\" class=\"elementor-field-label\">\n\t\t\t\t\t\t\t\tAloitteen kuvaus ja toteutusehdoitus\t\t\t\t\t\t\t<\/label>\n\t\t\t\t\t\t<textarea class=\"elementor-field-textual elementor-field  elementor-size-sm\" name=\"form_fields[jp_text_field]\" id=\"form-field-jp_text_field\" rows=\"16\" placeholder=\"Kuvaa parantamisen idea ja sen toteutus mahdollisimman tarkasti.\" required=\"required\"><\/textarea>\t\t\t\t<\/div>\n\t\t\t\t\t\t\t\t<div class=\"elementor-field-type-upload elementor-field-group elementor-column elementor-field-group-attacments elementor-col-100\">\n\t\t\t\t\t\t\t\t\t\t\t\t<label for=\"form-field-attacments\" class=\"elementor-field-label\">\n\t\t\t\t\t\t\t\tLis\u00e4\u00e4 liite t\u00e4h\u00e4n. Liitteet voivat olla kuvia, tekstitiedostoja, taulukko tai lyhyt video. <\/br> (tuetut tietostomuodot pdf, jpg, jpeg, png, doc, docx, xls, xlsx, txt, mp4, mov, avi, wmv) <\/br>Tiedostokoko max. 20 Mt\t\t\t\t\t\t\t<\/label>\n\t\t\t\t\t\t\t\t<input type=\"file\" name=\"form_fields[attacments][]\" id=\"form-field-attacments\" class=\"elementor-field elementor-size-sm  elementor-upload-field\" multiple=\"multiple\" data-maxsize=\"20\" data-maxsize-message=\"Rozmiar pliku przekracza dozwolony rozmiar.\">\n\n\t\t\t\t\t\t<\/div>\n\t\t\t\t\t\t\t\t<div class=\"elementor-field-type-checkbox elementor-field-group elementor-column elementor-field-group-checkbox elementor-col-100\">\n\t\t\t\t\t<div class=\"elementor-field-subgroup  \"><span class=\"elementor-field-option\"><input type=\"checkbox\" value=\"Olen tarkistanut lomakkeen tiedot\" id=\"form-field-checkbox-0\" name=\"form_fields[checkbox]\"> <label for=\"form-field-checkbox-0\">Olen tarkistanut lomakkeen tiedot<\/label><\/span><\/div>\t\t\t\t<\/div>\n\t\t\t\t\t\t\t\t<div class=\"elementor-field-type-email elementor-field-group elementor-column elementor-field-group-email_jp elementor-col-100\">\n\t\t\t\t\t\t\t\t\t\t\t\t<label for=\"form-field-email_jp\" class=\"elementor-field-label\">\n\t\t\t\t\t\t\t\tLis\u00e4\u00e4 t\u00e4h\u00e4n oma s\u00e4hk\u00f6postiosoitteesi, mik\u00e4li haluat kopion lomakkeesta.\t\t\t\t\t\t\t<\/label>\n\t\t\t\t\t\t\t\t\t\t\t\t\t\t<input size=\"1\" type=\"email\" name=\"form_fields[email_jp]\" id=\"form-field-email_jp\" class=\"elementor-field elementor-size-sm  elementor-field-textual\">\n\t\t\t\t\t\t\t\t\t\t\t<\/div>\n\t\t\t\t\t\t\t\t<div class=\"elementor-field-group elementor-column elementor-field-type-submit elementor-col-100 e-form__buttons\">\n\t\t\t\t\t<button class=\"elementor-button elementor-size-sm\" type=\"submit\">\n\t\t\t\t\t\t<span class=\"elementor-button-content-wrapper\">\n\t\t\t\t\t\t\t\t\t\t\t\t\t\t\t\t\t\t\t\t\t\t<span class=\"elementor-button-text\">L\u00e4het\u00e4 aloitelomake<\/span>\n\t\t\t\t\t\t\t\t\t\t\t\t\t<\/span>\n\t\t\t\t\t<\/button>\n\t\t\t\t<\/div>\n\t\t\t<\/div>\n\t\t<\/form>\n\t\t\t\t\t\t<\/div>\n\t\t\t\t<\/div>\n\t\t\t\t<\/div>\n\t\t\t\t<\/div>\n\t\t\t\t\t<\/div>\n\t\t\t\t<\/div>\n\t\t\t\t<\/div>\n\t\t","protected":false},"excerpt":{"rendered":"<p>Polityka Prywatno\u015bci 62\u00b0 52.27\u2032 00\u201c \u2014 27\u00b0 39.25\u2032 40\u201c O\u015bwiadczenie o ochronie danych rejestru klient\u00f3w Va-Varuste Podstawowe informacje, w tym: Imi\u0119 i nazwisko Nazwa pracodawcy oraz dane kontaktowe (np. adres, numer telefonu, adres e\u2011mail) Tytu\u0142 Informacje dotycz\u0105ce klienta oraz inne powi\u0105zane z nim dane: Dane kontaktowe (nazwa firmy, numer NIP) Szczeg\u00f3\u0142y zakup\u00f3w dokonanych jako uwierzytelniony [&hellip;]<\/p>\n","protected":false},"author":63,"featured_media":0,"parent":0,"menu_order":0,"comment_status":"closed","ping_status":"closed","template":"","meta":{"footnotes":""},"class_list":["post-235468","page","type-page","status-publish","hentry"],"yoast_head":"<!-- This site is optimized with the Yoast SEO plugin v27.4 - https:\/\/yoast.com\/product\/yoast-seo-wordpress\/ -->\n<title>Polityka Prywatno\u015bci - VA-Varuste<\/title>\n<meta name=\"robots\" content=\"index, follow, max-snippet:-1, max-image-preview:large, max-video-preview:-1\" \/>\n<link rel=\"canonical\" href=\"https:\/\/va-varuste.fi\/ilmoita-ongelmasta\/\" \/>\n<meta property=\"og:locale\" content=\"pl_PL\" \/>\n<meta property=\"og:type\" content=\"article\" \/>\n<meta property=\"og:title\" content=\"Polityka Prywatno\u015bci - VA-Varuste\" \/>\n<meta property=\"og:description\" content=\"Polityka Prywatno\u015bci 62\u00b0 52.27\u2032 00\u201c \u2014 27\u00b0 39.25\u2032 40\u201c O\u015bwiadczenie o ochronie danych rejestru klient\u00f3w Va-Varuste Podstawowe informacje, w tym: Imi\u0119 i nazwisko Nazwa pracodawcy oraz dane kontaktowe (np. adres, numer telefonu, adres e\u2011mail) Tytu\u0142 Informacje dotycz\u0105ce klienta oraz inne powi\u0105zane z nim dane: Dane kontaktowe (nazwa firmy, numer NIP) Szczeg\u00f3\u0142y zakup\u00f3w dokonanych jako uwierzytelniony [&hellip;]\" \/>\n<meta property=\"og:url\" content=\"https:\/\/va-varuste.fi\/ilmoita-ongelmasta\/\" \/>\n<meta property=\"og:site_name\" content=\"VA-Varuste\" \/>\n<meta property=\"article:publisher\" content=\"https:\/\/www.facebook.com\/vavarustefi\/\" \/>\n<meta property=\"article:modified_time\" content=\"2026-02-02T10:18:47+00:00\" \/>\n<meta name=\"twitter:card\" content=\"summary_large_image\" \/>\n<meta name=\"twitter:label1\" content=\"Szacowany czas czytania\" \/>\n\t<meta name=\"twitter:data1\" content=\"1 minuta\" \/>\n<script type=\"application\/ld+json\" class=\"yoast-schema-graph\">{\"@context\":\"https:\\\/\\\/schema.org\",\"@graph\":[{\"@type\":\"WebPage\",\"@id\":\"https:\\\/\\\/va-varuste.fi\\\/ilmoita-ongelmasta\\\/\",\"url\":\"https:\\\/\\\/va-varuste.fi\\\/ilmoita-ongelmasta\\\/\",\"name\":\"Polityka Prywatno\u015bci - VA-Varuste\",\"isPartOf\":{\"@id\":\"https:\\\/\\\/va-varuste.fi\\\/#website\"},\"datePublished\":\"2026-02-02T10:17:54+00:00\",\"dateModified\":\"2026-02-02T10:18:47+00:00\",\"breadcrumb\":{\"@id\":\"https:\\\/\\\/va-varuste.fi\\\/ilmoita-ongelmasta\\\/#breadcrumb\"},\"inLanguage\":\"pl-PL\",\"potentialAction\":[{\"@type\":\"ReadAction\",\"target\":[\"https:\\\/\\\/va-varuste.fi\\\/ilmoita-ongelmasta\\\/\"]}]},{\"@type\":\"BreadcrumbList\",\"@id\":\"https:\\\/\\\/va-varuste.fi\\\/ilmoita-ongelmasta\\\/#breadcrumb\",\"itemListElement\":[{\"@type\":\"ListItem\",\"position\":1,\"name\":\"Etusivu\",\"item\":\"https:\\\/\\\/va-varuste.fi\\\/pl\\\/\"},{\"@type\":\"ListItem\",\"position\":2,\"name\":\"Polityka Prywatno\u015bci\"}]},{\"@type\":\"WebSite\",\"@id\":\"https:\\\/\\\/va-varuste.fi\\\/#website\",\"url\":\"https:\\\/\\\/va-varuste.fi\\\/\",\"name\":\"VA-Varuste\",\"description\":\"\",\"publisher\":{\"@id\":\"https:\\\/\\\/va-varuste.fi\\\/#organization\"},\"potentialAction\":[{\"@type\":\"SearchAction\",\"target\":{\"@type\":\"EntryPoint\",\"urlTemplate\":\"https:\\\/\\\/va-varuste.fi\\\/?s={search_term_string}\"},\"query-input\":{\"@type\":\"PropertyValueSpecification\",\"valueRequired\":true,\"valueName\":\"search_term_string\"}}],\"inLanguage\":\"pl-PL\"},{\"@type\":\"Organization\",\"@id\":\"https:\\\/\\\/va-varuste.fi\\\/#organization\",\"name\":\"VA-Varuste\",\"url\":\"https:\\\/\\\/va-varuste.fi\\\/\",\"logo\":{\"@type\":\"ImageObject\",\"inLanguage\":\"pl-PL\",\"@id\":\"https:\\\/\\\/va-varuste.fi\\\/#\\\/schema\\\/logo\\\/image\\\/\",\"url\":\"https:\\\/\\\/va-varuste.fi\\\/wp-content\\\/uploads\\\/2023\\\/09\\\/va-logo.svg\",\"contentUrl\":\"https:\\\/\\\/va-varuste.fi\\\/wp-content\\\/uploads\\\/2023\\\/09\\\/va-logo.svg\",\"caption\":\"VA-Varuste\"},\"image\":{\"@id\":\"https:\\\/\\\/va-varuste.fi\\\/#\\\/schema\\\/logo\\\/image\\\/\"},\"sameAs\":[\"https:\\\/\\\/www.facebook.com\\\/vavarustefi\\\/\",\"https:\\\/\\\/www.instagram.com\\\/vavaruste\\\/\"]}]}<\/script>\n<!-- \/ Yoast SEO plugin. -->","yoast_head_json":{"title":"Polityka Prywatno\u015bci - VA-Varuste","robots":{"index":"index","follow":"follow","max-snippet":"max-snippet:-1","max-image-preview":"max-image-preview:large","max-video-preview":"max-video-preview:-1"},"canonical":"https:\/\/va-varuste.fi\/ilmoita-ongelmasta\/","og_locale":"pl_PL","og_type":"article","og_title":"Polityka Prywatno\u015bci - VA-Varuste","og_description":"Polityka Prywatno\u015bci 62\u00b0 52.27\u2032 00\u201c \u2014 27\u00b0 39.25\u2032 40\u201c O\u015bwiadczenie o ochronie danych rejestru klient\u00f3w Va-Varuste Podstawowe informacje, w tym: Imi\u0119 i nazwisko Nazwa pracodawcy oraz dane kontaktowe (np. adres, numer telefonu, adres e\u2011mail) Tytu\u0142 Informacje dotycz\u0105ce klienta oraz inne powi\u0105zane z nim dane: Dane kontaktowe (nazwa firmy, numer NIP) Szczeg\u00f3\u0142y zakup\u00f3w dokonanych jako uwierzytelniony [&hellip;]","og_url":"https:\/\/va-varuste.fi\/ilmoita-ongelmasta\/","og_site_name":"VA-Varuste","article_publisher":"https:\/\/www.facebook.com\/vavarustefi\/","article_modified_time":"2026-02-02T10:18:47+00:00","twitter_card":"summary_large_image","twitter_misc":{"Szacowany czas czytania":"1 minuta"},"schema":{"@context":"https:\/\/schema.org","@graph":[{"@type":"WebPage","@id":"https:\/\/va-varuste.fi\/ilmoita-ongelmasta\/","url":"https:\/\/va-varuste.fi\/ilmoita-ongelmasta\/","name":"Polityka Prywatno\u015bci - VA-Varuste","isPartOf":{"@id":"https:\/\/va-varuste.fi\/#website"},"datePublished":"2026-02-02T10:17:54+00:00","dateModified":"2026-02-02T10:18:47+00:00","breadcrumb":{"@id":"https:\/\/va-varuste.fi\/ilmoita-ongelmasta\/#breadcrumb"},"inLanguage":"pl-PL","potentialAction":[{"@type":"ReadAction","target":["https:\/\/va-varuste.fi\/ilmoita-ongelmasta\/"]}]},{"@type":"BreadcrumbList","@id":"https:\/\/va-varuste.fi\/ilmoita-ongelmasta\/#breadcrumb","itemListElement":[{"@type":"ListItem","position":1,"name":"Etusivu","item":"https:\/\/va-varuste.fi\/pl\/"},{"@type":"ListItem","position":2,"name":"Polityka Prywatno\u015bci"}]},{"@type":"WebSite","@id":"https:\/\/va-varuste.fi\/#website","url":"https:\/\/va-varuste.fi\/","name":"VA-Varuste","description":"","publisher":{"@id":"https:\/\/va-varuste.fi\/#organization"},"potentialAction":[{"@type":"SearchAction","target":{"@type":"EntryPoint","urlTemplate":"https:\/\/va-varuste.fi\/?s={search_term_string}"},"query-input":{"@type":"PropertyValueSpecification","valueRequired":true,"valueName":"search_term_string"}}],"inLanguage":"pl-PL"},{"@type":"Organization","@id":"https:\/\/va-varuste.fi\/#organization","name":"VA-Varuste","url":"https:\/\/va-varuste.fi\/","logo":{"@type":"ImageObject","inLanguage":"pl-PL","@id":"https:\/\/va-varuste.fi\/#\/schema\/logo\/image\/","url":"https:\/\/va-varuste.fi\/wp-content\/uploads\/2023\/09\/va-logo.svg","contentUrl":"https:\/\/va-varuste.fi\/wp-content\/uploads\/2023\/09\/va-logo.svg","caption":"VA-Varuste"},"image":{"@id":"https:\/\/va-varuste.fi\/#\/schema\/logo\/image\/"},"sameAs":["https:\/\/www.facebook.com\/vavarustefi\/","https:\/\/www.instagram.com\/vavaruste\/"]}]}},"_links":{"self":[{"href":"https:\/\/va-varuste.fi\/pl\/wp-json\/wp\/v2\/pages\/235468","targetHints":{"allow":["GET"]}}],"collection":[{"href":"https:\/\/va-varuste.fi\/pl\/wp-json\/wp\/v2\/pages"}],"about":[{"href":"https:\/\/va-varuste.fi\/pl\/wp-json\/wp\/v2\/types\/page"}],"author":[{"embeddable":true,"href":"https:\/\/va-varuste.fi\/pl\/wp-json\/wp\/v2\/users\/63"}],"replies":[{"embeddable":true,"href":"https:\/\/va-varuste.fi\/pl\/wp-json\/wp\/v2\/comments?post=235468"}],"version-history":[{"count":2,"href":"https:\/\/va-varuste.fi\/pl\/wp-json\/wp\/v2\/pages\/235468\/revisions"}],"predecessor-version":[{"id":235479,"href":"https:\/\/va-varuste.fi\/pl\/wp-json\/wp\/v2\/pages\/235468\/revisions\/235479"}],"wp:attachment":[{"href":"https:\/\/va-varuste.fi\/pl\/wp-json\/wp\/v2\/media?parent=235468"}],"curies":[{"name":"wp","href":"https:\/\/api.w.org\/{rel}","templated":true}]}}