{"id":223646,"date":"2025-09-29T09:29:14","date_gmt":"2025-09-29T06:29:14","guid":{"rendered":"https:\/\/va-varuste.fi\/?post_type=product&#038;p=223646"},"modified":"2026-03-25T12:21:48","modified_gmt":"2026-03-25T10:21:48","slug":"metallitappi-kirkas-10kpl-pss","status":"publish","type":"product","link":"https:\/\/va-varuste.fi\/pl\/produkt\/metallitappi-kirkas-10kpl-pss\/","title":{"rendered":"Metallic Lacing Button, 10 pcs\/pack"},"content":{"rendered":"<p>Metallic lacing button for boat canopy installation. The button fits an approximately 8 mm hole and the fabric must be reinforced, for example with a PVC reinforcement patch.<\/p>\n<p>10 pcs per pack. Dimensions 10 \u00d7 10 \u00d7 10 mm, weight 4 g.<\/p>\n<p>Installed with a blind rivet, R4 or M4 screw. For windshield installations, an M4 screw and M4 dome nut can be used.<\/p>\n<p>In the windshield mounting rail, depending on the rail type, the button can be mounted with an M4 screw to an aluminium bottom part or with an R3.5 \u00d7 25 mm screw to a plastic Vadney Clip.<\/p>","protected":false},"excerpt":{"rendered":"<p>Metallic lacing button for boat canopy installation. Fits 8 mm hole. Installed with blind rivet or screw. 10 pcs\/pack.<\/p>\n","protected":false},"featured_media":215846,"template":"","meta":[],"product_brand":[],"product_cat":[356],"product_tag":[],"class_list":{"0":"post-223646","1":"product","2":"type-product","3":"status-publish","4":"has-post-thumbnail","6":"product_cat-kuomukiinnikkeet","8":"first","9":"instock","10":"taxable","11":"shipping-taxable","12":"purchasable","13":"product-type-simple"},"yoast_head":"<!-- This site is optimized with the Yoast SEO plugin v27.4 - https:\/\/yoast.com\/product\/yoast-seo-wordpress\/ -->\n<title>Metallitappi venekuomuihin | VA-Varuste<\/title>\n<meta name=\"description\" content=\"Kirkas metallitappi venekuomun kiinnitykseen. Sopii 8 mm reik\u00e4\u00e4n, asennus pop-niitill\u00e4 tai ruuvilla. 10 kpl\/pss. Tilaa VA-Varuste verkkokaupasta.\" \/>\n<meta name=\"robots\" content=\"index, follow, max-snippet:-1, max-image-preview:large, max-video-preview:-1\" \/>\n<link rel=\"canonical\" href=\"https:\/\/va-varuste.fi\/tuote\/metallitappi-kirkas-10kpl-pss\/\" \/>\n<meta property=\"og:locale\" content=\"pl_PL\" \/>\n<meta property=\"og:type\" content=\"article\" \/>\n<meta property=\"og:title\" content=\"Metallitappi venekuomuihin | VA-Varuste\" \/>\n<meta property=\"og:description\" content=\"Kirkas metallitappi venekuomun kiinnitykseen. Sopii 8 mm reik\u00e4\u00e4n, asennus pop-niitill\u00e4 tai ruuvilla. 10 kpl\/pss. Tilaa VA-Varuste verkkokaupasta.\" \/>\n<meta property=\"og:url\" content=\"https:\/\/va-varuste.fi\/tuote\/metallitappi-kirkas-10kpl-pss\/\" \/>\n<meta property=\"og:site_name\" content=\"VA-Varuste\" \/>\n<meta property=\"article:publisher\" content=\"https:\/\/www.facebook.com\/vavarustefi\/\" \/>\n<meta property=\"article:modified_time\" content=\"2026-03-25T10:21:48+00:00\" \/>\n<meta property=\"og:image\" content=\"https:\/\/va-varuste.fi\/wp-content\/uploads\/2023\/10\/metallitappi.jpg\" \/>\n\t<meta property=\"og:image:width\" content=\"1908\" \/>\n\t<meta property=\"og:image:height\" content=\"1908\" \/>\n\t<meta property=\"og:image:type\" content=\"image\/jpeg\" \/>\n<meta name=\"twitter:card\" content=\"summary_large_image\" \/>\n<script type=\"application\/ld+json\" class=\"yoast-schema-graph\">{\"@context\":\"https:\\\/\\\/schema.org\",\"@graph\":[{\"@type\":\"WebPage\",\"@id\":\"https:\\\/\\\/va-varuste.fi\\\/tuote\\\/metallitappi-kirkas-10kpl-pss\\\/\",\"url\":\"https:\\\/\\\/va-varuste.fi\\\/tuote\\\/metallitappi-kirkas-10kpl-pss\\\/\",\"name\":\"Metallitappi venekuomuihin | VA-Varuste\",\"isPartOf\":{\"@id\":\"https:\\\/\\\/va-varuste.fi\\\/#website\"},\"primaryImageOfPage\":{\"@id\":\"https:\\\/\\\/va-varuste.fi\\\/tuote\\\/metallitappi-kirkas-10kpl-pss\\\/#primaryimage\"},\"image\":{\"@id\":\"https:\\\/\\\/va-varuste.fi\\\/tuote\\\/metallitappi-kirkas-10kpl-pss\\\/#primaryimage\"},\"thumbnailUrl\":\"https:\\\/\\\/va-varuste.fi\\\/wp-content\\\/uploads\\\/2023\\\/10\\\/metallitappi.jpg\",\"datePublished\":\"2025-09-29T06:29:14+00:00\",\"dateModified\":\"2026-03-25T10:21:48+00:00\",\"description\":\"Kirkas metallitappi venekuomun kiinnitykseen. Sopii 8 mm reik\u00e4\u00e4n, asennus pop-niitill\u00e4 tai ruuvilla. 10 kpl\\\/pss. Tilaa VA-Varuste verkkokaupasta.\",\"breadcrumb\":{\"@id\":\"https:\\\/\\\/va-varuste.fi\\\/tuote\\\/metallitappi-kirkas-10kpl-pss\\\/#breadcrumb\"},\"inLanguage\":\"pl-PL\",\"potentialAction\":[{\"@type\":\"ReadAction\",\"target\":[\"https:\\\/\\\/va-varuste.fi\\\/tuote\\\/metallitappi-kirkas-10kpl-pss\\\/\"]}]},{\"@type\":\"ImageObject\",\"inLanguage\":\"pl-PL\",\"@id\":\"https:\\\/\\\/va-varuste.fi\\\/tuote\\\/metallitappi-kirkas-10kpl-pss\\\/#primaryimage\",\"url\":\"https:\\\/\\\/va-varuste.fi\\\/wp-content\\\/uploads\\\/2023\\\/10\\\/metallitappi.jpg\",\"contentUrl\":\"https:\\\/\\\/va-varuste.fi\\\/wp-content\\\/uploads\\\/2023\\\/10\\\/metallitappi.jpg\",\"width\":1908,\"height\":1908},{\"@type\":\"BreadcrumbList\",\"@id\":\"https:\\\/\\\/va-varuste.fi\\\/tuote\\\/metallitappi-kirkas-10kpl-pss\\\/#breadcrumb\",\"itemListElement\":[{\"@type\":\"ListItem\",\"position\":1,\"name\":\"Etusivu\",\"item\":\"https:\\\/\\\/va-varuste.fi\\\/pl\\\/\"},{\"@type\":\"ListItem\",\"position\":2,\"name\":\"Sklep Internetowy\",\"item\":\"https:\\\/\\\/va-varuste.fi\\\/pl\\\/sklepie-internetowym\\\/\"},{\"@type\":\"ListItem\",\"position\":3,\"name\":\"Metallitappi, kirkas, 10kpl\\\/pss\"}]},{\"@type\":\"WebSite\",\"@id\":\"https:\\\/\\\/va-varuste.fi\\\/#website\",\"url\":\"https:\\\/\\\/va-varuste.fi\\\/\",\"name\":\"VA-Varuste\",\"description\":\"\",\"publisher\":{\"@id\":\"https:\\\/\\\/va-varuste.fi\\\/#organization\"},\"potentialAction\":[{\"@type\":\"SearchAction\",\"target\":{\"@type\":\"EntryPoint\",\"urlTemplate\":\"https:\\\/\\\/va-varuste.fi\\\/?s={search_term_string}\"},\"query-input\":{\"@type\":\"PropertyValueSpecification\",\"valueRequired\":true,\"valueName\":\"search_term_string\"}}],\"inLanguage\":\"pl-PL\"},{\"@type\":\"Organization\",\"@id\":\"https:\\\/\\\/va-varuste.fi\\\/#organization\",\"name\":\"VA-Varuste\",\"url\":\"https:\\\/\\\/va-varuste.fi\\\/\",\"logo\":{\"@type\":\"ImageObject\",\"inLanguage\":\"pl-PL\",\"@id\":\"https:\\\/\\\/va-varuste.fi\\\/#\\\/schema\\\/logo\\\/image\\\/\",\"url\":\"https:\\\/\\\/va-varuste.fi\\\/wp-content\\\/uploads\\\/2023\\\/09\\\/va-logo.svg\",\"contentUrl\":\"https:\\\/\\\/va-varuste.fi\\\/wp-content\\\/uploads\\\/2023\\\/09\\\/va-logo.svg\",\"caption\":\"VA-Varuste\"},\"image\":{\"@id\":\"https:\\\/\\\/va-varuste.fi\\\/#\\\/schema\\\/logo\\\/image\\\/\"},\"sameAs\":[\"https:\\\/\\\/www.facebook.com\\\/vavarustefi\\\/\",\"https:\\\/\\\/www.instagram.com\\\/vavaruste\\\/\"]}]}<\/script>\n<!-- \/ Yoast SEO plugin. -->","yoast_head_json":{"title":"Metallitappi venekuomuihin | VA-Varuste","description":"Kirkas metallitappi venekuomun kiinnitykseen. Sopii 8 mm reik\u00e4\u00e4n, asennus pop-niitill\u00e4 tai ruuvilla. 10 kpl\/pss. Tilaa VA-Varuste verkkokaupasta.","robots":{"index":"index","follow":"follow","max-snippet":"max-snippet:-1","max-image-preview":"max-image-preview:large","max-video-preview":"max-video-preview:-1"},"canonical":"https:\/\/va-varuste.fi\/tuote\/metallitappi-kirkas-10kpl-pss\/","og_locale":"pl_PL","og_type":"article","og_title":"Metallitappi venekuomuihin | VA-Varuste","og_description":"Kirkas metallitappi venekuomun kiinnitykseen. Sopii 8 mm reik\u00e4\u00e4n, asennus pop-niitill\u00e4 tai ruuvilla. 10 kpl\/pss. Tilaa VA-Varuste verkkokaupasta.","og_url":"https:\/\/va-varuste.fi\/tuote\/metallitappi-kirkas-10kpl-pss\/","og_site_name":"VA-Varuste","article_publisher":"https:\/\/www.facebook.com\/vavarustefi\/","article_modified_time":"2026-03-25T10:21:48+00:00","og_image":[{"width":1908,"height":1908,"url":"https:\/\/va-varuste.fi\/wp-content\/uploads\/2023\/10\/metallitappi.jpg","type":"image\/jpeg"}],"twitter_card":"summary_large_image","schema":{"@context":"https:\/\/schema.org","@graph":[{"@type":"WebPage","@id":"https:\/\/va-varuste.fi\/tuote\/metallitappi-kirkas-10kpl-pss\/","url":"https:\/\/va-varuste.fi\/tuote\/metallitappi-kirkas-10kpl-pss\/","name":"Metallitappi venekuomuihin | VA-Varuste","isPartOf":{"@id":"https:\/\/va-varuste.fi\/#website"},"primaryImageOfPage":{"@id":"https:\/\/va-varuste.fi\/tuote\/metallitappi-kirkas-10kpl-pss\/#primaryimage"},"image":{"@id":"https:\/\/va-varuste.fi\/tuote\/metallitappi-kirkas-10kpl-pss\/#primaryimage"},"thumbnailUrl":"https:\/\/va-varuste.fi\/wp-content\/uploads\/2023\/10\/metallitappi.jpg","datePublished":"2025-09-29T06:29:14+00:00","dateModified":"2026-03-25T10:21:48+00:00","description":"Kirkas metallitappi venekuomun kiinnitykseen. Sopii 8 mm reik\u00e4\u00e4n, asennus pop-niitill\u00e4 tai ruuvilla. 10 kpl\/pss. Tilaa VA-Varuste verkkokaupasta.","breadcrumb":{"@id":"https:\/\/va-varuste.fi\/tuote\/metallitappi-kirkas-10kpl-pss\/#breadcrumb"},"inLanguage":"pl-PL","potentialAction":[{"@type":"ReadAction","target":["https:\/\/va-varuste.fi\/tuote\/metallitappi-kirkas-10kpl-pss\/"]}]},{"@type":"ImageObject","inLanguage":"pl-PL","@id":"https:\/\/va-varuste.fi\/tuote\/metallitappi-kirkas-10kpl-pss\/#primaryimage","url":"https:\/\/va-varuste.fi\/wp-content\/uploads\/2023\/10\/metallitappi.jpg","contentUrl":"https:\/\/va-varuste.fi\/wp-content\/uploads\/2023\/10\/metallitappi.jpg","width":1908,"height":1908},{"@type":"BreadcrumbList","@id":"https:\/\/va-varuste.fi\/tuote\/metallitappi-kirkas-10kpl-pss\/#breadcrumb","itemListElement":[{"@type":"ListItem","position":1,"name":"Etusivu","item":"https:\/\/va-varuste.fi\/pl\/"},{"@type":"ListItem","position":2,"name":"Sklep Internetowy","item":"https:\/\/va-varuste.fi\/pl\/sklepie-internetowym\/"},{"@type":"ListItem","position":3,"name":"Metallitappi, kirkas, 10kpl\/pss"}]},{"@type":"WebSite","@id":"https:\/\/va-varuste.fi\/#website","url":"https:\/\/va-varuste.fi\/","name":"VA-Varuste","description":"","publisher":{"@id":"https:\/\/va-varuste.fi\/#organization"},"potentialAction":[{"@type":"SearchAction","target":{"@type":"EntryPoint","urlTemplate":"https:\/\/va-varuste.fi\/?s={search_term_string}"},"query-input":{"@type":"PropertyValueSpecification","valueRequired":true,"valueName":"search_term_string"}}],"inLanguage":"pl-PL"},{"@type":"Organization","@id":"https:\/\/va-varuste.fi\/#organization","name":"VA-Varuste","url":"https:\/\/va-varuste.fi\/","logo":{"@type":"ImageObject","inLanguage":"pl-PL","@id":"https:\/\/va-varuste.fi\/#\/schema\/logo\/image\/","url":"https:\/\/va-varuste.fi\/wp-content\/uploads\/2023\/09\/va-logo.svg","contentUrl":"https:\/\/va-varuste.fi\/wp-content\/uploads\/2023\/09\/va-logo.svg","caption":"VA-Varuste"},"image":{"@id":"https:\/\/va-varuste.fi\/#\/schema\/logo\/image\/"},"sameAs":["https:\/\/www.facebook.com\/vavarustefi\/","https:\/\/www.instagram.com\/vavaruste\/"]}]}},"_links":{"self":[{"href":"https:\/\/va-varuste.fi\/pl\/wp-json\/wp\/v2\/product\/223646","targetHints":{"allow":["GET"]}}],"collection":[{"href":"https:\/\/va-varuste.fi\/pl\/wp-json\/wp\/v2\/product"}],"about":[{"href":"https:\/\/va-varuste.fi\/pl\/wp-json\/wp\/v2\/types\/product"}],"wp:featuredmedia":[{"embeddable":true,"href":"https:\/\/va-varuste.fi\/pl\/wp-json\/wp\/v2\/media\/215846"}],"wp:attachment":[{"href":"https:\/\/va-varuste.fi\/pl\/wp-json\/wp\/v2\/media?parent=223646"}],"wp:term":[{"taxonomy":"product_brand","embeddable":true,"href":"https:\/\/va-varuste.fi\/pl\/wp-json\/wp\/v2\/product_brand?post=223646"},{"taxonomy":"product_cat","embeddable":true,"href":"https:\/\/va-varuste.fi\/pl\/wp-json\/wp\/v2\/product_cat?post=223646"},{"taxonomy":"product_tag","embeddable":true,"href":"https:\/\/va-varuste.fi\/pl\/wp-json\/wp\/v2\/product_tag?post=223646"}],"curies":[{"name":"wp","href":"https:\/\/api.w.org\/{rel}","templated":true}]}}