{"id":223714,"date":"2025-09-29T09:29:49","date_gmt":"2025-09-29T06:29:49","guid":{"rendered":"https:\/\/va-varuste.fi\/?post_type=product&#038;p=223714"},"modified":"2026-03-25T11:25:11","modified_gmt":"2026-03-25T09:25:11","slug":"valihela-harmaa-2kpl-pss","status":"publish","type":"product","link":"https:\/\/va-varuste.fi\/pl\/produkt\/valihela-harmaa-2kpl-pss\/","title":{"rendered":"Fitting, Grey, 2pcs\/pack"},"content":{"rendered":"<p>Fitting grey is a plastic mounting component installed on the canopy frame for attaching additional frames or support bars. The fitting is secured to the frame tube with screws, which are included in the package.<\/p>\n<p>Fits \u00d818 mm canopy frames. The plastic construction is lightweight and easy to install. The grey colour matches most boat structures.<\/p>\n<p>Dimensions 43\u00d722\u00d725 mm, weight 12 g. Screws included. 2 pcs\/pack.<\/p>","protected":false},"excerpt":{"rendered":"<p>Grey plastic fitting for \u00d818 mm canopy frames. For attaching support bars and additional frames. Screws included. 2 pcs\/pack.<\/p>\n","protected":false},"featured_media":216202,"template":"","meta":[],"product_brand":[],"product_cat":[353,359],"product_tag":[],"class_list":{"0":"post-223714","1":"product","2":"type-product","3":"status-publish","4":"has-post-thumbnail","6":"product_cat-kaikki-tuotteet","7":"product_cat-asennus-ja-kaarihelat","9":"first","10":"instock","11":"taxable","12":"shipping-taxable","13":"purchasable","14":"product-type-simple"},"yoast_head":"<!-- This site is optimized with the Yoast SEO plugin v27.2 - https:\/\/yoast.com\/product\/yoast-seo-wordpress\/ -->\n<title>V\u00e4lihela harmaa \u00d818mm | VA-Varuste<\/title>\n<meta name=\"description\" content=\"Harmaa muovinen v\u00e4lihela \u00d818 mm kuomukaariin tukitankojen ja lis\u00e4kaarien kiinnitykseen. Ruuvit mukana. Tilaa VA-Varuste verkkokaupasta.\" \/>\n<meta name=\"robots\" content=\"index, follow, max-snippet:-1, max-image-preview:large, max-video-preview:-1\" \/>\n<link rel=\"canonical\" href=\"https:\/\/va-varuste.fi\/tuote\/valihela-harmaa-2kpl-pss\/\" \/>\n<meta property=\"og:locale\" content=\"pl_PL\" \/>\n<meta property=\"og:type\" content=\"article\" \/>\n<meta property=\"og:title\" content=\"V\u00e4lihela harmaa \u00d818mm | VA-Varuste\" \/>\n<meta property=\"og:description\" content=\"Harmaa muovinen v\u00e4lihela \u00d818 mm kuomukaariin tukitankojen ja lis\u00e4kaarien kiinnitykseen. Ruuvit mukana. Tilaa VA-Varuste verkkokaupasta.\" \/>\n<meta property=\"og:url\" content=\"https:\/\/va-varuste.fi\/tuote\/valihela-harmaa-2kpl-pss\/\" \/>\n<meta property=\"og:site_name\" content=\"VA-Varuste\" \/>\n<meta property=\"article:publisher\" content=\"https:\/\/www.facebook.com\/vavarustefi\/\" \/>\n<meta property=\"article:modified_time\" content=\"2026-03-25T09:25:11+00:00\" \/>\n<meta property=\"og:image\" content=\"https:\/\/va-varuste.fi\/wp-content\/uploads\/2023\/10\/valihela-harmaa-18-mm.jpg\" \/>\n\t<meta property=\"og:image:width\" content=\"1908\" \/>\n\t<meta property=\"og:image:height\" content=\"1908\" \/>\n\t<meta property=\"og:image:type\" content=\"image\/jpeg\" \/>\n<meta name=\"twitter:card\" content=\"summary_large_image\" \/>\n<script type=\"application\/ld+json\" class=\"yoast-schema-graph\">{\"@context\":\"https:\/\/schema.org\",\"@graph\":[{\"@type\":\"WebPage\",\"@id\":\"https:\/\/va-varuste.fi\/tuote\/valihela-harmaa-2kpl-pss\/\",\"url\":\"https:\/\/va-varuste.fi\/tuote\/valihela-harmaa-2kpl-pss\/\",\"name\":\"V\u00e4lihela harmaa \u00d818mm | VA-Varuste\",\"isPartOf\":{\"@id\":\"https:\/\/va-varuste.fi\/#website\"},\"primaryImageOfPage\":{\"@id\":\"https:\/\/va-varuste.fi\/tuote\/valihela-harmaa-2kpl-pss\/#primaryimage\"},\"image\":{\"@id\":\"https:\/\/va-varuste.fi\/tuote\/valihela-harmaa-2kpl-pss\/#primaryimage\"},\"thumbnailUrl\":\"https:\/\/va-varuste.fi\/wp-content\/uploads\/2023\/10\/valihela-harmaa-18-mm.jpg\",\"datePublished\":\"2025-09-29T06:29:49+00:00\",\"dateModified\":\"2026-03-25T09:25:11+00:00\",\"description\":\"Harmaa muovinen v\u00e4lihela \u00d818 mm kuomukaariin tukitankojen ja lis\u00e4kaarien kiinnitykseen. Ruuvit mukana. Tilaa VA-Varuste verkkokaupasta.\",\"breadcrumb\":{\"@id\":\"https:\/\/va-varuste.fi\/tuote\/valihela-harmaa-2kpl-pss\/#breadcrumb\"},\"inLanguage\":\"pl-PL\",\"potentialAction\":[{\"@type\":\"ReadAction\",\"target\":[\"https:\/\/va-varuste.fi\/tuote\/valihela-harmaa-2kpl-pss\/\"]}]},{\"@type\":\"ImageObject\",\"inLanguage\":\"pl-PL\",\"@id\":\"https:\/\/va-varuste.fi\/tuote\/valihela-harmaa-2kpl-pss\/#primaryimage\",\"url\":\"https:\/\/va-varuste.fi\/wp-content\/uploads\/2023\/10\/valihela-harmaa-18-mm.jpg\",\"contentUrl\":\"https:\/\/va-varuste.fi\/wp-content\/uploads\/2023\/10\/valihela-harmaa-18-mm.jpg\",\"width\":1908,\"height\":1908},{\"@type\":\"BreadcrumbList\",\"@id\":\"https:\/\/va-varuste.fi\/tuote\/valihela-harmaa-2kpl-pss\/#breadcrumb\",\"itemListElement\":[{\"@type\":\"ListItem\",\"position\":1,\"name\":\"Etusivu\",\"item\":\"https:\/\/va-varuste.fi\/pl\/\"},{\"@type\":\"ListItem\",\"position\":2,\"name\":\"Sklep Internetowy\",\"item\":\"https:\/\/va-varuste.fi\/pl\/sklepie-internetowym\/\"},{\"@type\":\"ListItem\",\"position\":3,\"name\":\"V\u00e4lihela, harmaa, 2kpl\/pss\"}]},{\"@type\":\"WebSite\",\"@id\":\"https:\/\/va-varuste.fi\/#website\",\"url\":\"https:\/\/va-varuste.fi\/\",\"name\":\"VA-Varuste\",\"description\":\"\",\"publisher\":{\"@id\":\"https:\/\/va-varuste.fi\/#organization\"},\"potentialAction\":[{\"@type\":\"SearchAction\",\"target\":{\"@type\":\"EntryPoint\",\"urlTemplate\":\"https:\/\/va-varuste.fi\/?s={search_term_string}\"},\"query-input\":{\"@type\":\"PropertyValueSpecification\",\"valueRequired\":true,\"valueName\":\"search_term_string\"}}],\"inLanguage\":\"pl-PL\"},{\"@type\":\"Organization\",\"@id\":\"https:\/\/va-varuste.fi\/#organization\",\"name\":\"VA-Varuste\",\"url\":\"https:\/\/va-varuste.fi\/\",\"logo\":{\"@type\":\"ImageObject\",\"inLanguage\":\"pl-PL\",\"@id\":\"https:\/\/va-varuste.fi\/#\/schema\/logo\/image\/\",\"url\":\"https:\/\/va-varuste.fi\/wp-content\/uploads\/2023\/09\/va-logo.svg\",\"contentUrl\":\"https:\/\/va-varuste.fi\/wp-content\/uploads\/2023\/09\/va-logo.svg\",\"caption\":\"VA-Varuste\"},\"image\":{\"@id\":\"https:\/\/va-varuste.fi\/#\/schema\/logo\/image\/\"},\"sameAs\":[\"https:\/\/www.facebook.com\/vavarustefi\/\",\"https:\/\/www.instagram.com\/vavaruste\/\"]}]}<\/script>\n<!-- \/ Yoast SEO plugin. -->","yoast_head_json":{"title":"V\u00e4lihela harmaa \u00d818mm | VA-Varuste","description":"Harmaa muovinen v\u00e4lihela \u00d818 mm kuomukaariin tukitankojen ja lis\u00e4kaarien kiinnitykseen. Ruuvit mukana. Tilaa VA-Varuste verkkokaupasta.","robots":{"index":"index","follow":"follow","max-snippet":"max-snippet:-1","max-image-preview":"max-image-preview:large","max-video-preview":"max-video-preview:-1"},"canonical":"https:\/\/va-varuste.fi\/tuote\/valihela-harmaa-2kpl-pss\/","og_locale":"pl_PL","og_type":"article","og_title":"V\u00e4lihela harmaa \u00d818mm | VA-Varuste","og_description":"Harmaa muovinen v\u00e4lihela \u00d818 mm kuomukaariin tukitankojen ja lis\u00e4kaarien kiinnitykseen. Ruuvit mukana. Tilaa VA-Varuste verkkokaupasta.","og_url":"https:\/\/va-varuste.fi\/tuote\/valihela-harmaa-2kpl-pss\/","og_site_name":"VA-Varuste","article_publisher":"https:\/\/www.facebook.com\/vavarustefi\/","article_modified_time":"2026-03-25T09:25:11+00:00","og_image":[{"width":1908,"height":1908,"url":"https:\/\/va-varuste.fi\/wp-content\/uploads\/2023\/10\/valihela-harmaa-18-mm.jpg","type":"image\/jpeg"}],"twitter_card":"summary_large_image","schema":{"@context":"https:\/\/schema.org","@graph":[{"@type":"WebPage","@id":"https:\/\/va-varuste.fi\/tuote\/valihela-harmaa-2kpl-pss\/","url":"https:\/\/va-varuste.fi\/tuote\/valihela-harmaa-2kpl-pss\/","name":"V\u00e4lihela harmaa \u00d818mm | VA-Varuste","isPartOf":{"@id":"https:\/\/va-varuste.fi\/#website"},"primaryImageOfPage":{"@id":"https:\/\/va-varuste.fi\/tuote\/valihela-harmaa-2kpl-pss\/#primaryimage"},"image":{"@id":"https:\/\/va-varuste.fi\/tuote\/valihela-harmaa-2kpl-pss\/#primaryimage"},"thumbnailUrl":"https:\/\/va-varuste.fi\/wp-content\/uploads\/2023\/10\/valihela-harmaa-18-mm.jpg","datePublished":"2025-09-29T06:29:49+00:00","dateModified":"2026-03-25T09:25:11+00:00","description":"Harmaa muovinen v\u00e4lihela \u00d818 mm kuomukaariin tukitankojen ja lis\u00e4kaarien kiinnitykseen. Ruuvit mukana. Tilaa VA-Varuste verkkokaupasta.","breadcrumb":{"@id":"https:\/\/va-varuste.fi\/tuote\/valihela-harmaa-2kpl-pss\/#breadcrumb"},"inLanguage":"pl-PL","potentialAction":[{"@type":"ReadAction","target":["https:\/\/va-varuste.fi\/tuote\/valihela-harmaa-2kpl-pss\/"]}]},{"@type":"ImageObject","inLanguage":"pl-PL","@id":"https:\/\/va-varuste.fi\/tuote\/valihela-harmaa-2kpl-pss\/#primaryimage","url":"https:\/\/va-varuste.fi\/wp-content\/uploads\/2023\/10\/valihela-harmaa-18-mm.jpg","contentUrl":"https:\/\/va-varuste.fi\/wp-content\/uploads\/2023\/10\/valihela-harmaa-18-mm.jpg","width":1908,"height":1908},{"@type":"BreadcrumbList","@id":"https:\/\/va-varuste.fi\/tuote\/valihela-harmaa-2kpl-pss\/#breadcrumb","itemListElement":[{"@type":"ListItem","position":1,"name":"Etusivu","item":"https:\/\/va-varuste.fi\/pl\/"},{"@type":"ListItem","position":2,"name":"Sklep Internetowy","item":"https:\/\/va-varuste.fi\/pl\/sklepie-internetowym\/"},{"@type":"ListItem","position":3,"name":"V\u00e4lihela, harmaa, 2kpl\/pss"}]},{"@type":"WebSite","@id":"https:\/\/va-varuste.fi\/#website","url":"https:\/\/va-varuste.fi\/","name":"VA-Varuste","description":"","publisher":{"@id":"https:\/\/va-varuste.fi\/#organization"},"potentialAction":[{"@type":"SearchAction","target":{"@type":"EntryPoint","urlTemplate":"https:\/\/va-varuste.fi\/?s={search_term_string}"},"query-input":{"@type":"PropertyValueSpecification","valueRequired":true,"valueName":"search_term_string"}}],"inLanguage":"pl-PL"},{"@type":"Organization","@id":"https:\/\/va-varuste.fi\/#organization","name":"VA-Varuste","url":"https:\/\/va-varuste.fi\/","logo":{"@type":"ImageObject","inLanguage":"pl-PL","@id":"https:\/\/va-varuste.fi\/#\/schema\/logo\/image\/","url":"https:\/\/va-varuste.fi\/wp-content\/uploads\/2023\/09\/va-logo.svg","contentUrl":"https:\/\/va-varuste.fi\/wp-content\/uploads\/2023\/09\/va-logo.svg","caption":"VA-Varuste"},"image":{"@id":"https:\/\/va-varuste.fi\/#\/schema\/logo\/image\/"},"sameAs":["https:\/\/www.facebook.com\/vavarustefi\/","https:\/\/www.instagram.com\/vavaruste\/"]}]}},"_links":{"self":[{"href":"https:\/\/va-varuste.fi\/pl\/wp-json\/wp\/v2\/product\/223714","targetHints":{"allow":["GET"]}}],"collection":[{"href":"https:\/\/va-varuste.fi\/pl\/wp-json\/wp\/v2\/product"}],"about":[{"href":"https:\/\/va-varuste.fi\/pl\/wp-json\/wp\/v2\/types\/product"}],"wp:featuredmedia":[{"embeddable":true,"href":"https:\/\/va-varuste.fi\/pl\/wp-json\/wp\/v2\/media\/216202"}],"wp:attachment":[{"href":"https:\/\/va-varuste.fi\/pl\/wp-json\/wp\/v2\/media?parent=223714"}],"wp:term":[{"taxonomy":"product_brand","embeddable":true,"href":"https:\/\/va-varuste.fi\/pl\/wp-json\/wp\/v2\/product_brand?post=223714"},{"taxonomy":"product_cat","embeddable":true,"href":"https:\/\/va-varuste.fi\/pl\/wp-json\/wp\/v2\/product_cat?post=223714"},{"taxonomy":"product_tag","embeddable":true,"href":"https:\/\/va-varuste.fi\/pl\/wp-json\/wp\/v2\/product_tag?post=223714"}],"curies":[{"name":"wp","href":"https:\/\/api.w.org\/{rel}","templated":true}]}}