{"id":223723,"date":"2025-09-29T09:29:49","date_gmt":"2025-09-29T06:29:49","guid":{"rendered":"https:\/\/va-varuste.fi\/?post_type=product&#038;p=223723"},"modified":"2026-03-25T11:24:58","modified_gmt":"2026-03-25T09:24:58","slug":"saatojalka-keskipitka-87-150-cm","status":"publish","type":"product","link":"https:\/\/va-varuste.fi\/pl\/produkt\/saatojalka-keskipitka-87-150-cm\/","title":{"rendered":"Adjustment Leg, Medium Length, 87-150 cm"},"content":{"rendered":"<p>Adjustment leg medium length is an adjustable support leg for erecting boat canopy and winter cover support structures. The aluminium telescopic construction allows the leg length to be adjusted as needed.<\/p>\n<p>The leg length is adjustable from 87 to 150 cm. Suitable as a centre or end support for canopy and cover structures. The upper end features a fork or sleeve for receiving the canopy frame or support bar.<\/p>\n<p>1 pc\/pack.<\/p>","protected":false},"excerpt":{"rendered":"<p>Adjustable aluminium support leg for boat canopies and winter covers. Medium length, range 87\u2013150 cm. 1 pc\/pack.<\/p>\n","protected":false},"featured_media":230847,"template":"","meta":[],"product_brand":[],"product_cat":[353,359],"product_tag":[],"class_list":{"0":"post-223723","1":"product","2":"type-product","3":"status-publish","4":"has-post-thumbnail","6":"product_cat-kaikki-tuotteet","7":"product_cat-asennus-ja-kaarihelat","9":"first","10":"instock","11":"taxable","12":"shipping-taxable","13":"purchasable","14":"product-type-simple"},"yoast_head":"<!-- This site is optimized with the Yoast SEO plugin v27.4 - https:\/\/yoast.com\/product\/yoast-seo-wordpress\/ -->\n<title>S\u00e4\u00e4t\u00f6jalka keskipitk\u00e4 87-150cm | VA-Varuste<\/title>\n<meta name=\"description\" content=\"S\u00e4\u00e4dett\u00e4v\u00e4 tukijalka venekuomujen ja talvipeitteiden tukemiseen. Keskipitk\u00e4 malli, s\u00e4\u00e4t\u00f6alue 87\u2013150 cm. Tilaa VA-Varuste verkkokaupasta.\" \/>\n<meta name=\"robots\" content=\"index, follow, max-snippet:-1, max-image-preview:large, max-video-preview:-1\" \/>\n<link rel=\"canonical\" href=\"https:\/\/va-varuste.fi\/tuote\/saatojalka-keskipitka-87-150-cm\/\" \/>\n<meta property=\"og:locale\" content=\"pl_PL\" \/>\n<meta property=\"og:type\" content=\"article\" \/>\n<meta property=\"og:title\" content=\"S\u00e4\u00e4t\u00f6jalka keskipitk\u00e4 87-150cm | VA-Varuste\" \/>\n<meta property=\"og:description\" content=\"S\u00e4\u00e4dett\u00e4v\u00e4 tukijalka venekuomujen ja talvipeitteiden tukemiseen. Keskipitk\u00e4 malli, s\u00e4\u00e4t\u00f6alue 87\u2013150 cm. Tilaa VA-Varuste verkkokaupasta.\" \/>\n<meta property=\"og:url\" content=\"https:\/\/va-varuste.fi\/tuote\/saatojalka-keskipitka-87-150-cm\/\" \/>\n<meta property=\"og:site_name\" content=\"VA-Varuste\" \/>\n<meta property=\"article:publisher\" content=\"https:\/\/www.facebook.com\/vavarustefi\/\" \/>\n<meta property=\"article:modified_time\" content=\"2026-03-25T09:24:58+00:00\" \/>\n<meta property=\"og:image\" content=\"https:\/\/va-varuste.fi\/wp-content\/uploads\/2025\/09\/marvent-keski-1-scaled.jpg\" \/>\n\t<meta property=\"og:image:width\" content=\"2560\" \/>\n\t<meta property=\"og:image:height\" content=\"2451\" \/>\n\t<meta property=\"og:image:type\" content=\"image\/jpeg\" \/>\n<meta name=\"twitter:card\" content=\"summary_large_image\" \/>\n<script type=\"application\/ld+json\" class=\"yoast-schema-graph\">{\"@context\":\"https:\\\/\\\/schema.org\",\"@graph\":[{\"@type\":\"WebPage\",\"@id\":\"https:\\\/\\\/va-varuste.fi\\\/tuote\\\/saatojalka-keskipitka-87-150-cm\\\/\",\"url\":\"https:\\\/\\\/va-varuste.fi\\\/tuote\\\/saatojalka-keskipitka-87-150-cm\\\/\",\"name\":\"S\u00e4\u00e4t\u00f6jalka keskipitk\u00e4 87-150cm | VA-Varuste\",\"isPartOf\":{\"@id\":\"https:\\\/\\\/va-varuste.fi\\\/#website\"},\"primaryImageOfPage\":{\"@id\":\"https:\\\/\\\/va-varuste.fi\\\/tuote\\\/saatojalka-keskipitka-87-150-cm\\\/#primaryimage\"},\"image\":{\"@id\":\"https:\\\/\\\/va-varuste.fi\\\/tuote\\\/saatojalka-keskipitka-87-150-cm\\\/#primaryimage\"},\"thumbnailUrl\":\"https:\\\/\\\/va-varuste.fi\\\/wp-content\\\/uploads\\\/2025\\\/09\\\/marvent-keski-1-scaled.jpg\",\"datePublished\":\"2025-09-29T06:29:49+00:00\",\"dateModified\":\"2026-03-25T09:24:58+00:00\",\"description\":\"S\u00e4\u00e4dett\u00e4v\u00e4 tukijalka venekuomujen ja talvipeitteiden tukemiseen. Keskipitk\u00e4 malli, s\u00e4\u00e4t\u00f6alue 87\u2013150 cm. Tilaa VA-Varuste verkkokaupasta.\",\"breadcrumb\":{\"@id\":\"https:\\\/\\\/va-varuste.fi\\\/tuote\\\/saatojalka-keskipitka-87-150-cm\\\/#breadcrumb\"},\"inLanguage\":\"pl-PL\",\"potentialAction\":[{\"@type\":\"ReadAction\",\"target\":[\"https:\\\/\\\/va-varuste.fi\\\/tuote\\\/saatojalka-keskipitka-87-150-cm\\\/\"]}]},{\"@type\":\"ImageObject\",\"inLanguage\":\"pl-PL\",\"@id\":\"https:\\\/\\\/va-varuste.fi\\\/tuote\\\/saatojalka-keskipitka-87-150-cm\\\/#primaryimage\",\"url\":\"https:\\\/\\\/va-varuste.fi\\\/wp-content\\\/uploads\\\/2025\\\/09\\\/marvent-keski-1-scaled.jpg\",\"contentUrl\":\"https:\\\/\\\/va-varuste.fi\\\/wp-content\\\/uploads\\\/2025\\\/09\\\/marvent-keski-1-scaled.jpg\",\"width\":2560,\"height\":2451},{\"@type\":\"BreadcrumbList\",\"@id\":\"https:\\\/\\\/va-varuste.fi\\\/tuote\\\/saatojalka-keskipitka-87-150-cm\\\/#breadcrumb\",\"itemListElement\":[{\"@type\":\"ListItem\",\"position\":1,\"name\":\"Etusivu\",\"item\":\"https:\\\/\\\/va-varuste.fi\\\/pl\\\/\"},{\"@type\":\"ListItem\",\"position\":2,\"name\":\"Sklep Internetowy\",\"item\":\"https:\\\/\\\/va-varuste.fi\\\/pl\\\/sklepie-internetowym\\\/\"},{\"@type\":\"ListItem\",\"position\":3,\"name\":\"S\u00e4\u00e4t\u00f6jalka, keskipitk\u00e4 87-150 cm\"}]},{\"@type\":\"WebSite\",\"@id\":\"https:\\\/\\\/va-varuste.fi\\\/#website\",\"url\":\"https:\\\/\\\/va-varuste.fi\\\/\",\"name\":\"VA-Varuste\",\"description\":\"\",\"publisher\":{\"@id\":\"https:\\\/\\\/va-varuste.fi\\\/#organization\"},\"potentialAction\":[{\"@type\":\"SearchAction\",\"target\":{\"@type\":\"EntryPoint\",\"urlTemplate\":\"https:\\\/\\\/va-varuste.fi\\\/?s={search_term_string}\"},\"query-input\":{\"@type\":\"PropertyValueSpecification\",\"valueRequired\":true,\"valueName\":\"search_term_string\"}}],\"inLanguage\":\"pl-PL\"},{\"@type\":\"Organization\",\"@id\":\"https:\\\/\\\/va-varuste.fi\\\/#organization\",\"name\":\"VA-Varuste\",\"url\":\"https:\\\/\\\/va-varuste.fi\\\/\",\"logo\":{\"@type\":\"ImageObject\",\"inLanguage\":\"pl-PL\",\"@id\":\"https:\\\/\\\/va-varuste.fi\\\/#\\\/schema\\\/logo\\\/image\\\/\",\"url\":\"https:\\\/\\\/va-varuste.fi\\\/wp-content\\\/uploads\\\/2023\\\/09\\\/va-logo.svg\",\"contentUrl\":\"https:\\\/\\\/va-varuste.fi\\\/wp-content\\\/uploads\\\/2023\\\/09\\\/va-logo.svg\",\"caption\":\"VA-Varuste\"},\"image\":{\"@id\":\"https:\\\/\\\/va-varuste.fi\\\/#\\\/schema\\\/logo\\\/image\\\/\"},\"sameAs\":[\"https:\\\/\\\/www.facebook.com\\\/vavarustefi\\\/\",\"https:\\\/\\\/www.instagram.com\\\/vavaruste\\\/\"]}]}<\/script>\n<!-- \/ Yoast SEO plugin. -->","yoast_head_json":{"title":"S\u00e4\u00e4t\u00f6jalka keskipitk\u00e4 87-150cm | VA-Varuste","description":"S\u00e4\u00e4dett\u00e4v\u00e4 tukijalka venekuomujen ja talvipeitteiden tukemiseen. Keskipitk\u00e4 malli, s\u00e4\u00e4t\u00f6alue 87\u2013150 cm. Tilaa VA-Varuste verkkokaupasta.","robots":{"index":"index","follow":"follow","max-snippet":"max-snippet:-1","max-image-preview":"max-image-preview:large","max-video-preview":"max-video-preview:-1"},"canonical":"https:\/\/va-varuste.fi\/tuote\/saatojalka-keskipitka-87-150-cm\/","og_locale":"pl_PL","og_type":"article","og_title":"S\u00e4\u00e4t\u00f6jalka keskipitk\u00e4 87-150cm | VA-Varuste","og_description":"S\u00e4\u00e4dett\u00e4v\u00e4 tukijalka venekuomujen ja talvipeitteiden tukemiseen. Keskipitk\u00e4 malli, s\u00e4\u00e4t\u00f6alue 87\u2013150 cm. Tilaa VA-Varuste verkkokaupasta.","og_url":"https:\/\/va-varuste.fi\/tuote\/saatojalka-keskipitka-87-150-cm\/","og_site_name":"VA-Varuste","article_publisher":"https:\/\/www.facebook.com\/vavarustefi\/","article_modified_time":"2026-03-25T09:24:58+00:00","og_image":[{"width":2560,"height":2451,"url":"https:\/\/va-varuste.fi\/wp-content\/uploads\/2025\/09\/marvent-keski-1-scaled.jpg","type":"image\/jpeg"}],"twitter_card":"summary_large_image","schema":{"@context":"https:\/\/schema.org","@graph":[{"@type":"WebPage","@id":"https:\/\/va-varuste.fi\/tuote\/saatojalka-keskipitka-87-150-cm\/","url":"https:\/\/va-varuste.fi\/tuote\/saatojalka-keskipitka-87-150-cm\/","name":"S\u00e4\u00e4t\u00f6jalka keskipitk\u00e4 87-150cm | VA-Varuste","isPartOf":{"@id":"https:\/\/va-varuste.fi\/#website"},"primaryImageOfPage":{"@id":"https:\/\/va-varuste.fi\/tuote\/saatojalka-keskipitka-87-150-cm\/#primaryimage"},"image":{"@id":"https:\/\/va-varuste.fi\/tuote\/saatojalka-keskipitka-87-150-cm\/#primaryimage"},"thumbnailUrl":"https:\/\/va-varuste.fi\/wp-content\/uploads\/2025\/09\/marvent-keski-1-scaled.jpg","datePublished":"2025-09-29T06:29:49+00:00","dateModified":"2026-03-25T09:24:58+00:00","description":"S\u00e4\u00e4dett\u00e4v\u00e4 tukijalka venekuomujen ja talvipeitteiden tukemiseen. Keskipitk\u00e4 malli, s\u00e4\u00e4t\u00f6alue 87\u2013150 cm. Tilaa VA-Varuste verkkokaupasta.","breadcrumb":{"@id":"https:\/\/va-varuste.fi\/tuote\/saatojalka-keskipitka-87-150-cm\/#breadcrumb"},"inLanguage":"pl-PL","potentialAction":[{"@type":"ReadAction","target":["https:\/\/va-varuste.fi\/tuote\/saatojalka-keskipitka-87-150-cm\/"]}]},{"@type":"ImageObject","inLanguage":"pl-PL","@id":"https:\/\/va-varuste.fi\/tuote\/saatojalka-keskipitka-87-150-cm\/#primaryimage","url":"https:\/\/va-varuste.fi\/wp-content\/uploads\/2025\/09\/marvent-keski-1-scaled.jpg","contentUrl":"https:\/\/va-varuste.fi\/wp-content\/uploads\/2025\/09\/marvent-keski-1-scaled.jpg","width":2560,"height":2451},{"@type":"BreadcrumbList","@id":"https:\/\/va-varuste.fi\/tuote\/saatojalka-keskipitka-87-150-cm\/#breadcrumb","itemListElement":[{"@type":"ListItem","position":1,"name":"Etusivu","item":"https:\/\/va-varuste.fi\/pl\/"},{"@type":"ListItem","position":2,"name":"Sklep Internetowy","item":"https:\/\/va-varuste.fi\/pl\/sklepie-internetowym\/"},{"@type":"ListItem","position":3,"name":"S\u00e4\u00e4t\u00f6jalka, keskipitk\u00e4 87-150 cm"}]},{"@type":"WebSite","@id":"https:\/\/va-varuste.fi\/#website","url":"https:\/\/va-varuste.fi\/","name":"VA-Varuste","description":"","publisher":{"@id":"https:\/\/va-varuste.fi\/#organization"},"potentialAction":[{"@type":"SearchAction","target":{"@type":"EntryPoint","urlTemplate":"https:\/\/va-varuste.fi\/?s={search_term_string}"},"query-input":{"@type":"PropertyValueSpecification","valueRequired":true,"valueName":"search_term_string"}}],"inLanguage":"pl-PL"},{"@type":"Organization","@id":"https:\/\/va-varuste.fi\/#organization","name":"VA-Varuste","url":"https:\/\/va-varuste.fi\/","logo":{"@type":"ImageObject","inLanguage":"pl-PL","@id":"https:\/\/va-varuste.fi\/#\/schema\/logo\/image\/","url":"https:\/\/va-varuste.fi\/wp-content\/uploads\/2023\/09\/va-logo.svg","contentUrl":"https:\/\/va-varuste.fi\/wp-content\/uploads\/2023\/09\/va-logo.svg","caption":"VA-Varuste"},"image":{"@id":"https:\/\/va-varuste.fi\/#\/schema\/logo\/image\/"},"sameAs":["https:\/\/www.facebook.com\/vavarustefi\/","https:\/\/www.instagram.com\/vavaruste\/"]}]}},"_links":{"self":[{"href":"https:\/\/va-varuste.fi\/pl\/wp-json\/wp\/v2\/product\/223723","targetHints":{"allow":["GET"]}}],"collection":[{"href":"https:\/\/va-varuste.fi\/pl\/wp-json\/wp\/v2\/product"}],"about":[{"href":"https:\/\/va-varuste.fi\/pl\/wp-json\/wp\/v2\/types\/product"}],"wp:featuredmedia":[{"embeddable":true,"href":"https:\/\/va-varuste.fi\/pl\/wp-json\/wp\/v2\/media\/230847"}],"wp:attachment":[{"href":"https:\/\/va-varuste.fi\/pl\/wp-json\/wp\/v2\/media?parent=223723"}],"wp:term":[{"taxonomy":"product_brand","embeddable":true,"href":"https:\/\/va-varuste.fi\/pl\/wp-json\/wp\/v2\/product_brand?post=223723"},{"taxonomy":"product_cat","embeddable":true,"href":"https:\/\/va-varuste.fi\/pl\/wp-json\/wp\/v2\/product_cat?post=223723"},{"taxonomy":"product_tag","embeddable":true,"href":"https:\/\/va-varuste.fi\/pl\/wp-json\/wp\/v2\/product_tag?post=223723"}],"curies":[{"name":"wp","href":"https:\/\/api.w.org\/{rel}","templated":true}]}}