{"id":223735,"date":"2025-09-29T09:30:00","date_gmt":"2025-09-29T06:30:00","guid":{"rendered":"https:\/\/va-varuste.fi\/?post_type=product&#038;p=223735"},"modified":"2026-03-25T11:24:30","modified_gmt":"2026-03-25T09:24:30","slug":"kevyt-valihela-20mm-2kpl-pss","status":"publish","type":"product","link":"https:\/\/va-varuste.fi\/pl\/produkt\/kevyt-valihela-20mm-2kpl-pss\/","title":{"rendered":"Light Intermediate Mounting, 20mm, 2pcs\/pack"},"content":{"rendered":"<p>Light intermediate mounting made of stainless steel is designed for use on canopy frames, for example for attaching support bars. The compact and lightweight design is suitable for smaller installations that do not require a heavy fitting.<\/p>\n<p>Made from stainless steel that withstands marine conditions. The fitting is secured to the frame tube with a screw.<\/p>\n<p>Tube size 20 mm. Dimensions 40\u00d720\u00d725 mm, weight 30 g. 2 pcs\/pack.<\/p>","protected":false},"excerpt":{"rendered":"<p>Light stainless steel intermediate mounting for 20 mm canopy frames. For support bar attachment. 40\u00d720\u00d725 mm. 2 pcs\/pack.<\/p>\n","protected":false},"featured_media":216283,"template":"","meta":[],"product_brand":[],"product_cat":[353,359],"product_tag":[],"class_list":{"0":"post-223735","1":"product","2":"type-product","3":"status-publish","4":"has-post-thumbnail","6":"product_cat-kaikki-tuotteet","7":"product_cat-asennus-ja-kaarihelat","9":"first","10":"instock","11":"taxable","12":"shipping-taxable","13":"purchasable","14":"product-type-simple"},"yoast_head":"<!-- This site is optimized with the Yoast SEO plugin v27.2 - https:\/\/yoast.com\/product\/yoast-seo-wordpress\/ -->\n<title>Kevyt v\u00e4lihela 20mm RST | VA-Varuste<\/title>\n<meta name=\"description\" content=\"Kevyt v\u00e4lihela ruostumattomasta ter\u00e4ksest\u00e4 20 mm kuomukaariin tukitankojen kiinnitykseen. 40\u00d720\u00d725 mm. Tilaa VA-Varuste verkkokaupasta.\" \/>\n<meta name=\"robots\" content=\"index, follow, max-snippet:-1, max-image-preview:large, max-video-preview:-1\" \/>\n<link rel=\"canonical\" href=\"https:\/\/va-varuste.fi\/tuote\/kevyt-valihela-20mm-2kpl-pss\/\" \/>\n<meta property=\"og:locale\" content=\"pl_PL\" \/>\n<meta property=\"og:type\" content=\"article\" \/>\n<meta property=\"og:title\" content=\"Kevyt v\u00e4lihela 20mm RST | VA-Varuste\" \/>\n<meta property=\"og:description\" content=\"Kevyt v\u00e4lihela ruostumattomasta ter\u00e4ksest\u00e4 20 mm kuomukaariin tukitankojen kiinnitykseen. 40\u00d720\u00d725 mm. Tilaa VA-Varuste verkkokaupasta.\" \/>\n<meta property=\"og:url\" content=\"https:\/\/va-varuste.fi\/tuote\/kevyt-valihela-20mm-2kpl-pss\/\" \/>\n<meta property=\"og:site_name\" content=\"VA-Varuste\" \/>\n<meta property=\"article:publisher\" content=\"https:\/\/www.facebook.com\/vavarustefi\/\" \/>\n<meta property=\"article:modified_time\" content=\"2026-03-25T09:24:30+00:00\" \/>\n<meta property=\"og:image\" content=\"https:\/\/va-varuste.fi\/wp-content\/uploads\/2023\/10\/kevyt-valihela-20-mm.jpg\" \/>\n\t<meta property=\"og:image:width\" content=\"1908\" \/>\n\t<meta property=\"og:image:height\" content=\"1908\" \/>\n\t<meta property=\"og:image:type\" content=\"image\/jpeg\" \/>\n<meta name=\"twitter:card\" content=\"summary_large_image\" \/>\n<script type=\"application\/ld+json\" class=\"yoast-schema-graph\">{\"@context\":\"https:\/\/schema.org\",\"@graph\":[{\"@type\":\"WebPage\",\"@id\":\"https:\/\/va-varuste.fi\/tuote\/kevyt-valihela-20mm-2kpl-pss\/\",\"url\":\"https:\/\/va-varuste.fi\/tuote\/kevyt-valihela-20mm-2kpl-pss\/\",\"name\":\"Kevyt v\u00e4lihela 20mm RST | VA-Varuste\",\"isPartOf\":{\"@id\":\"https:\/\/va-varuste.fi\/#website\"},\"primaryImageOfPage\":{\"@id\":\"https:\/\/va-varuste.fi\/tuote\/kevyt-valihela-20mm-2kpl-pss\/#primaryimage\"},\"image\":{\"@id\":\"https:\/\/va-varuste.fi\/tuote\/kevyt-valihela-20mm-2kpl-pss\/#primaryimage\"},\"thumbnailUrl\":\"https:\/\/va-varuste.fi\/wp-content\/uploads\/2023\/10\/kevyt-valihela-20-mm.jpg\",\"datePublished\":\"2025-09-29T06:30:00+00:00\",\"dateModified\":\"2026-03-25T09:24:30+00:00\",\"description\":\"Kevyt v\u00e4lihela ruostumattomasta ter\u00e4ksest\u00e4 20 mm kuomukaariin tukitankojen kiinnitykseen. 40\u00d720\u00d725 mm. Tilaa VA-Varuste verkkokaupasta.\",\"breadcrumb\":{\"@id\":\"https:\/\/va-varuste.fi\/tuote\/kevyt-valihela-20mm-2kpl-pss\/#breadcrumb\"},\"inLanguage\":\"pl-PL\",\"potentialAction\":[{\"@type\":\"ReadAction\",\"target\":[\"https:\/\/va-varuste.fi\/tuote\/kevyt-valihela-20mm-2kpl-pss\/\"]}]},{\"@type\":\"ImageObject\",\"inLanguage\":\"pl-PL\",\"@id\":\"https:\/\/va-varuste.fi\/tuote\/kevyt-valihela-20mm-2kpl-pss\/#primaryimage\",\"url\":\"https:\/\/va-varuste.fi\/wp-content\/uploads\/2023\/10\/kevyt-valihela-20-mm.jpg\",\"contentUrl\":\"https:\/\/va-varuste.fi\/wp-content\/uploads\/2023\/10\/kevyt-valihela-20-mm.jpg\",\"width\":1908,\"height\":1908},{\"@type\":\"BreadcrumbList\",\"@id\":\"https:\/\/va-varuste.fi\/tuote\/kevyt-valihela-20mm-2kpl-pss\/#breadcrumb\",\"itemListElement\":[{\"@type\":\"ListItem\",\"position\":1,\"name\":\"Etusivu\",\"item\":\"https:\/\/va-varuste.fi\/pl\/\"},{\"@type\":\"ListItem\",\"position\":2,\"name\":\"Sklep Internetowy\",\"item\":\"https:\/\/va-varuste.fi\/pl\/sklepie-internetowym\/\"},{\"@type\":\"ListItem\",\"position\":3,\"name\":\"Kevyt v\u00e4lihela, 20mm, 2kpl\/pss\"}]},{\"@type\":\"WebSite\",\"@id\":\"https:\/\/va-varuste.fi\/#website\",\"url\":\"https:\/\/va-varuste.fi\/\",\"name\":\"VA-Varuste\",\"description\":\"\",\"publisher\":{\"@id\":\"https:\/\/va-varuste.fi\/#organization\"},\"potentialAction\":[{\"@type\":\"SearchAction\",\"target\":{\"@type\":\"EntryPoint\",\"urlTemplate\":\"https:\/\/va-varuste.fi\/?s={search_term_string}\"},\"query-input\":{\"@type\":\"PropertyValueSpecification\",\"valueRequired\":true,\"valueName\":\"search_term_string\"}}],\"inLanguage\":\"pl-PL\"},{\"@type\":\"Organization\",\"@id\":\"https:\/\/va-varuste.fi\/#organization\",\"name\":\"VA-Varuste\",\"url\":\"https:\/\/va-varuste.fi\/\",\"logo\":{\"@type\":\"ImageObject\",\"inLanguage\":\"pl-PL\",\"@id\":\"https:\/\/va-varuste.fi\/#\/schema\/logo\/image\/\",\"url\":\"https:\/\/va-varuste.fi\/wp-content\/uploads\/2023\/09\/va-logo.svg\",\"contentUrl\":\"https:\/\/va-varuste.fi\/wp-content\/uploads\/2023\/09\/va-logo.svg\",\"caption\":\"VA-Varuste\"},\"image\":{\"@id\":\"https:\/\/va-varuste.fi\/#\/schema\/logo\/image\/\"},\"sameAs\":[\"https:\/\/www.facebook.com\/vavarustefi\/\",\"https:\/\/www.instagram.com\/vavaruste\/\"]}]}<\/script>\n<!-- \/ Yoast SEO plugin. -->","yoast_head_json":{"title":"Kevyt v\u00e4lihela 20mm RST | VA-Varuste","description":"Kevyt v\u00e4lihela ruostumattomasta ter\u00e4ksest\u00e4 20 mm kuomukaariin tukitankojen kiinnitykseen. 40\u00d720\u00d725 mm. Tilaa VA-Varuste verkkokaupasta.","robots":{"index":"index","follow":"follow","max-snippet":"max-snippet:-1","max-image-preview":"max-image-preview:large","max-video-preview":"max-video-preview:-1"},"canonical":"https:\/\/va-varuste.fi\/tuote\/kevyt-valihela-20mm-2kpl-pss\/","og_locale":"pl_PL","og_type":"article","og_title":"Kevyt v\u00e4lihela 20mm RST | VA-Varuste","og_description":"Kevyt v\u00e4lihela ruostumattomasta ter\u00e4ksest\u00e4 20 mm kuomukaariin tukitankojen kiinnitykseen. 40\u00d720\u00d725 mm. Tilaa VA-Varuste verkkokaupasta.","og_url":"https:\/\/va-varuste.fi\/tuote\/kevyt-valihela-20mm-2kpl-pss\/","og_site_name":"VA-Varuste","article_publisher":"https:\/\/www.facebook.com\/vavarustefi\/","article_modified_time":"2026-03-25T09:24:30+00:00","og_image":[{"width":1908,"height":1908,"url":"https:\/\/va-varuste.fi\/wp-content\/uploads\/2023\/10\/kevyt-valihela-20-mm.jpg","type":"image\/jpeg"}],"twitter_card":"summary_large_image","schema":{"@context":"https:\/\/schema.org","@graph":[{"@type":"WebPage","@id":"https:\/\/va-varuste.fi\/tuote\/kevyt-valihela-20mm-2kpl-pss\/","url":"https:\/\/va-varuste.fi\/tuote\/kevyt-valihela-20mm-2kpl-pss\/","name":"Kevyt v\u00e4lihela 20mm RST | VA-Varuste","isPartOf":{"@id":"https:\/\/va-varuste.fi\/#website"},"primaryImageOfPage":{"@id":"https:\/\/va-varuste.fi\/tuote\/kevyt-valihela-20mm-2kpl-pss\/#primaryimage"},"image":{"@id":"https:\/\/va-varuste.fi\/tuote\/kevyt-valihela-20mm-2kpl-pss\/#primaryimage"},"thumbnailUrl":"https:\/\/va-varuste.fi\/wp-content\/uploads\/2023\/10\/kevyt-valihela-20-mm.jpg","datePublished":"2025-09-29T06:30:00+00:00","dateModified":"2026-03-25T09:24:30+00:00","description":"Kevyt v\u00e4lihela ruostumattomasta ter\u00e4ksest\u00e4 20 mm kuomukaariin tukitankojen kiinnitykseen. 40\u00d720\u00d725 mm. Tilaa VA-Varuste verkkokaupasta.","breadcrumb":{"@id":"https:\/\/va-varuste.fi\/tuote\/kevyt-valihela-20mm-2kpl-pss\/#breadcrumb"},"inLanguage":"pl-PL","potentialAction":[{"@type":"ReadAction","target":["https:\/\/va-varuste.fi\/tuote\/kevyt-valihela-20mm-2kpl-pss\/"]}]},{"@type":"ImageObject","inLanguage":"pl-PL","@id":"https:\/\/va-varuste.fi\/tuote\/kevyt-valihela-20mm-2kpl-pss\/#primaryimage","url":"https:\/\/va-varuste.fi\/wp-content\/uploads\/2023\/10\/kevyt-valihela-20-mm.jpg","contentUrl":"https:\/\/va-varuste.fi\/wp-content\/uploads\/2023\/10\/kevyt-valihela-20-mm.jpg","width":1908,"height":1908},{"@type":"BreadcrumbList","@id":"https:\/\/va-varuste.fi\/tuote\/kevyt-valihela-20mm-2kpl-pss\/#breadcrumb","itemListElement":[{"@type":"ListItem","position":1,"name":"Etusivu","item":"https:\/\/va-varuste.fi\/pl\/"},{"@type":"ListItem","position":2,"name":"Sklep Internetowy","item":"https:\/\/va-varuste.fi\/pl\/sklepie-internetowym\/"},{"@type":"ListItem","position":3,"name":"Kevyt v\u00e4lihela, 20mm, 2kpl\/pss"}]},{"@type":"WebSite","@id":"https:\/\/va-varuste.fi\/#website","url":"https:\/\/va-varuste.fi\/","name":"VA-Varuste","description":"","publisher":{"@id":"https:\/\/va-varuste.fi\/#organization"},"potentialAction":[{"@type":"SearchAction","target":{"@type":"EntryPoint","urlTemplate":"https:\/\/va-varuste.fi\/?s={search_term_string}"},"query-input":{"@type":"PropertyValueSpecification","valueRequired":true,"valueName":"search_term_string"}}],"inLanguage":"pl-PL"},{"@type":"Organization","@id":"https:\/\/va-varuste.fi\/#organization","name":"VA-Varuste","url":"https:\/\/va-varuste.fi\/","logo":{"@type":"ImageObject","inLanguage":"pl-PL","@id":"https:\/\/va-varuste.fi\/#\/schema\/logo\/image\/","url":"https:\/\/va-varuste.fi\/wp-content\/uploads\/2023\/09\/va-logo.svg","contentUrl":"https:\/\/va-varuste.fi\/wp-content\/uploads\/2023\/09\/va-logo.svg","caption":"VA-Varuste"},"image":{"@id":"https:\/\/va-varuste.fi\/#\/schema\/logo\/image\/"},"sameAs":["https:\/\/www.facebook.com\/vavarustefi\/","https:\/\/www.instagram.com\/vavaruste\/"]}]}},"_links":{"self":[{"href":"https:\/\/va-varuste.fi\/pl\/wp-json\/wp\/v2\/product\/223735","targetHints":{"allow":["GET"]}}],"collection":[{"href":"https:\/\/va-varuste.fi\/pl\/wp-json\/wp\/v2\/product"}],"about":[{"href":"https:\/\/va-varuste.fi\/pl\/wp-json\/wp\/v2\/types\/product"}],"wp:featuredmedia":[{"embeddable":true,"href":"https:\/\/va-varuste.fi\/pl\/wp-json\/wp\/v2\/media\/216283"}],"wp:attachment":[{"href":"https:\/\/va-varuste.fi\/pl\/wp-json\/wp\/v2\/media?parent=223735"}],"wp:term":[{"taxonomy":"product_brand","embeddable":true,"href":"https:\/\/va-varuste.fi\/pl\/wp-json\/wp\/v2\/product_brand?post=223735"},{"taxonomy":"product_cat","embeddable":true,"href":"https:\/\/va-varuste.fi\/pl\/wp-json\/wp\/v2\/product_cat?post=223735"},{"taxonomy":"product_tag","embeddable":true,"href":"https:\/\/va-varuste.fi\/pl\/wp-json\/wp\/v2\/product_tag?post=223735"}],"curies":[{"name":"wp","href":"https:\/\/api.w.org\/{rel}","templated":true}]}}