{"id":223736,"date":"2025-09-29T09:30:00","date_gmt":"2025-09-29T06:30:00","guid":{"rendered":"https:\/\/va-varuste.fi\/?post_type=product&#038;p=223736"},"modified":"2026-03-25T12:35:14","modified_gmt":"2026-03-25T10:35:14","slug":"nivelliitin-a","status":"publish","type":"product","link":"https:\/\/va-varuste.fi\/pl\/produkt\/nivelliitin-a\/","title":{"rendered":"Pivot A+A\/B, Two-Piece"},"content":{"rendered":"<p>Pivot A+A\/B is a two-piece angled connector for the System 30 winter cover frame. It joins two \u00d830 mm frame pipes at an adjustable angle. The pivot mechanism allows the angle between the pipes to be changed as needed.<\/p>\n<p>The connector consists of two parts: the A part and the A\/B stub. The two-piece design allows the frame to be assembled and disassembled quickly without tools.<\/p>\n<p>1 pc\/pack. Material: polyamide, colour: marble grey.<\/p>","protected":false},"excerpt":{"rendered":"<p>Two-piece pivot connector A+A\/B for System 30 winter cover frame. Adjustable angle, \u00d830 mm pipes. 1 pc\/pack.<\/p>\n","protected":false},"featured_media":216288,"template":"","meta":[],"product_brand":[],"product_cat":[353,361],"product_tag":[],"class_list":{"0":"post-223736","1":"product","2":"type-product","3":"status-publish","4":"has-post-thumbnail","6":"product_cat-kaikki-tuotteet","7":"product_cat-talvisuojan-helat","9":"first","10":"instock","11":"taxable","12":"shipping-taxable","13":"purchasable","14":"product-type-simple"},"yoast_head":"<!-- This site is optimized with the Yoast SEO plugin v27.4 - https:\/\/yoast.com\/product\/yoast-seo-wordpress\/ -->\n<title>Nivelliitin A+A\/B talvisuojakehikkoon | VA-Varuste<\/title>\n<meta name=\"description\" content=\"Kaksiosainen nivelliitin A+A\/B talvisuojan System 30 -kehikkoon. S\u00e4\u00e4dett\u00e4v\u00e4 kulma, \u00d830 mm putket. 1 kpl\/pss. Tilaa VA-Varuste verkkokaupasta.\" \/>\n<meta name=\"robots\" content=\"index, follow, max-snippet:-1, max-image-preview:large, max-video-preview:-1\" \/>\n<link rel=\"canonical\" href=\"https:\/\/va-varuste.fi\/tuote\/nivelliitin-a\/\" \/>\n<meta property=\"og:locale\" content=\"pl_PL\" \/>\n<meta property=\"og:type\" content=\"article\" \/>\n<meta property=\"og:title\" content=\"Nivelliitin A+A\/B talvisuojakehikkoon | VA-Varuste\" \/>\n<meta property=\"og:description\" content=\"Kaksiosainen nivelliitin A+A\/B talvisuojan System 30 -kehikkoon. S\u00e4\u00e4dett\u00e4v\u00e4 kulma, \u00d830 mm putket. 1 kpl\/pss. Tilaa VA-Varuste verkkokaupasta.\" \/>\n<meta property=\"og:url\" content=\"https:\/\/va-varuste.fi\/tuote\/nivelliitin-a\/\" \/>\n<meta property=\"og:site_name\" content=\"VA-Varuste\" \/>\n<meta property=\"article:publisher\" content=\"https:\/\/www.facebook.com\/vavarustefi\/\" \/>\n<meta property=\"article:modified_time\" content=\"2026-03-25T10:35:14+00:00\" \/>\n<meta property=\"og:image\" content=\"https:\/\/va-varuste.fi\/wp-content\/uploads\/2023\/10\/nivelliitin-a-kaksiosainen.jpg\" \/>\n\t<meta property=\"og:image:width\" content=\"1908\" \/>\n\t<meta property=\"og:image:height\" content=\"1908\" \/>\n\t<meta property=\"og:image:type\" content=\"image\/jpeg\" \/>\n<meta name=\"twitter:card\" content=\"summary_large_image\" \/>\n<script type=\"application\/ld+json\" class=\"yoast-schema-graph\">{\"@context\":\"https:\\\/\\\/schema.org\",\"@graph\":[{\"@type\":\"WebPage\",\"@id\":\"https:\\\/\\\/va-varuste.fi\\\/tuote\\\/nivelliitin-a\\\/\",\"url\":\"https:\\\/\\\/va-varuste.fi\\\/tuote\\\/nivelliitin-a\\\/\",\"name\":\"Nivelliitin A+A\\\/B talvisuojakehikkoon | VA-Varuste\",\"isPartOf\":{\"@id\":\"https:\\\/\\\/va-varuste.fi\\\/#website\"},\"primaryImageOfPage\":{\"@id\":\"https:\\\/\\\/va-varuste.fi\\\/tuote\\\/nivelliitin-a\\\/#primaryimage\"},\"image\":{\"@id\":\"https:\\\/\\\/va-varuste.fi\\\/tuote\\\/nivelliitin-a\\\/#primaryimage\"},\"thumbnailUrl\":\"https:\\\/\\\/va-varuste.fi\\\/wp-content\\\/uploads\\\/2023\\\/10\\\/nivelliitin-a-kaksiosainen.jpg\",\"datePublished\":\"2025-09-29T06:30:00+00:00\",\"dateModified\":\"2026-03-25T10:35:14+00:00\",\"description\":\"Kaksiosainen nivelliitin A+A\\\/B talvisuojan System 30 -kehikkoon. S\u00e4\u00e4dett\u00e4v\u00e4 kulma, \u00d830 mm putket. 1 kpl\\\/pss. Tilaa VA-Varuste verkkokaupasta.\",\"breadcrumb\":{\"@id\":\"https:\\\/\\\/va-varuste.fi\\\/tuote\\\/nivelliitin-a\\\/#breadcrumb\"},\"inLanguage\":\"pl-PL\",\"potentialAction\":[{\"@type\":\"ReadAction\",\"target\":[\"https:\\\/\\\/va-varuste.fi\\\/tuote\\\/nivelliitin-a\\\/\"]}]},{\"@type\":\"ImageObject\",\"inLanguage\":\"pl-PL\",\"@id\":\"https:\\\/\\\/va-varuste.fi\\\/tuote\\\/nivelliitin-a\\\/#primaryimage\",\"url\":\"https:\\\/\\\/va-varuste.fi\\\/wp-content\\\/uploads\\\/2023\\\/10\\\/nivelliitin-a-kaksiosainen.jpg\",\"contentUrl\":\"https:\\\/\\\/va-varuste.fi\\\/wp-content\\\/uploads\\\/2023\\\/10\\\/nivelliitin-a-kaksiosainen.jpg\",\"width\":1908,\"height\":1908},{\"@type\":\"BreadcrumbList\",\"@id\":\"https:\\\/\\\/va-varuste.fi\\\/tuote\\\/nivelliitin-a\\\/#breadcrumb\",\"itemListElement\":[{\"@type\":\"ListItem\",\"position\":1,\"name\":\"Etusivu\",\"item\":\"https:\\\/\\\/va-varuste.fi\\\/pl\\\/\"},{\"@type\":\"ListItem\",\"position\":2,\"name\":\"Sklep Internetowy\",\"item\":\"https:\\\/\\\/va-varuste.fi\\\/pl\\\/sklepie-internetowym\\\/\"},{\"@type\":\"ListItem\",\"position\":3,\"name\":\"Nivelliitin, kaksiosainen A+A\\\/B\"}]},{\"@type\":\"WebSite\",\"@id\":\"https:\\\/\\\/va-varuste.fi\\\/#website\",\"url\":\"https:\\\/\\\/va-varuste.fi\\\/\",\"name\":\"VA-Varuste\",\"description\":\"\",\"publisher\":{\"@id\":\"https:\\\/\\\/va-varuste.fi\\\/#organization\"},\"potentialAction\":[{\"@type\":\"SearchAction\",\"target\":{\"@type\":\"EntryPoint\",\"urlTemplate\":\"https:\\\/\\\/va-varuste.fi\\\/?s={search_term_string}\"},\"query-input\":{\"@type\":\"PropertyValueSpecification\",\"valueRequired\":true,\"valueName\":\"search_term_string\"}}],\"inLanguage\":\"pl-PL\"},{\"@type\":\"Organization\",\"@id\":\"https:\\\/\\\/va-varuste.fi\\\/#organization\",\"name\":\"VA-Varuste\",\"url\":\"https:\\\/\\\/va-varuste.fi\\\/\",\"logo\":{\"@type\":\"ImageObject\",\"inLanguage\":\"pl-PL\",\"@id\":\"https:\\\/\\\/va-varuste.fi\\\/#\\\/schema\\\/logo\\\/image\\\/\",\"url\":\"https:\\\/\\\/va-varuste.fi\\\/wp-content\\\/uploads\\\/2023\\\/09\\\/va-logo.svg\",\"contentUrl\":\"https:\\\/\\\/va-varuste.fi\\\/wp-content\\\/uploads\\\/2023\\\/09\\\/va-logo.svg\",\"caption\":\"VA-Varuste\"},\"image\":{\"@id\":\"https:\\\/\\\/va-varuste.fi\\\/#\\\/schema\\\/logo\\\/image\\\/\"},\"sameAs\":[\"https:\\\/\\\/www.facebook.com\\\/vavarustefi\\\/\",\"https:\\\/\\\/www.instagram.com\\\/vavaruste\\\/\"]}]}<\/script>\n<!-- \/ Yoast SEO plugin. -->","yoast_head_json":{"title":"Nivelliitin A+A\/B talvisuojakehikkoon | VA-Varuste","description":"Kaksiosainen nivelliitin A+A\/B talvisuojan System 30 -kehikkoon. S\u00e4\u00e4dett\u00e4v\u00e4 kulma, \u00d830 mm putket. 1 kpl\/pss. Tilaa VA-Varuste verkkokaupasta.","robots":{"index":"index","follow":"follow","max-snippet":"max-snippet:-1","max-image-preview":"max-image-preview:large","max-video-preview":"max-video-preview:-1"},"canonical":"https:\/\/va-varuste.fi\/tuote\/nivelliitin-a\/","og_locale":"pl_PL","og_type":"article","og_title":"Nivelliitin A+A\/B talvisuojakehikkoon | VA-Varuste","og_description":"Kaksiosainen nivelliitin A+A\/B talvisuojan System 30 -kehikkoon. S\u00e4\u00e4dett\u00e4v\u00e4 kulma, \u00d830 mm putket. 1 kpl\/pss. Tilaa VA-Varuste verkkokaupasta.","og_url":"https:\/\/va-varuste.fi\/tuote\/nivelliitin-a\/","og_site_name":"VA-Varuste","article_publisher":"https:\/\/www.facebook.com\/vavarustefi\/","article_modified_time":"2026-03-25T10:35:14+00:00","og_image":[{"width":1908,"height":1908,"url":"https:\/\/va-varuste.fi\/wp-content\/uploads\/2023\/10\/nivelliitin-a-kaksiosainen.jpg","type":"image\/jpeg"}],"twitter_card":"summary_large_image","schema":{"@context":"https:\/\/schema.org","@graph":[{"@type":"WebPage","@id":"https:\/\/va-varuste.fi\/tuote\/nivelliitin-a\/","url":"https:\/\/va-varuste.fi\/tuote\/nivelliitin-a\/","name":"Nivelliitin A+A\/B talvisuojakehikkoon | VA-Varuste","isPartOf":{"@id":"https:\/\/va-varuste.fi\/#website"},"primaryImageOfPage":{"@id":"https:\/\/va-varuste.fi\/tuote\/nivelliitin-a\/#primaryimage"},"image":{"@id":"https:\/\/va-varuste.fi\/tuote\/nivelliitin-a\/#primaryimage"},"thumbnailUrl":"https:\/\/va-varuste.fi\/wp-content\/uploads\/2023\/10\/nivelliitin-a-kaksiosainen.jpg","datePublished":"2025-09-29T06:30:00+00:00","dateModified":"2026-03-25T10:35:14+00:00","description":"Kaksiosainen nivelliitin A+A\/B talvisuojan System 30 -kehikkoon. S\u00e4\u00e4dett\u00e4v\u00e4 kulma, \u00d830 mm putket. 1 kpl\/pss. Tilaa VA-Varuste verkkokaupasta.","breadcrumb":{"@id":"https:\/\/va-varuste.fi\/tuote\/nivelliitin-a\/#breadcrumb"},"inLanguage":"pl-PL","potentialAction":[{"@type":"ReadAction","target":["https:\/\/va-varuste.fi\/tuote\/nivelliitin-a\/"]}]},{"@type":"ImageObject","inLanguage":"pl-PL","@id":"https:\/\/va-varuste.fi\/tuote\/nivelliitin-a\/#primaryimage","url":"https:\/\/va-varuste.fi\/wp-content\/uploads\/2023\/10\/nivelliitin-a-kaksiosainen.jpg","contentUrl":"https:\/\/va-varuste.fi\/wp-content\/uploads\/2023\/10\/nivelliitin-a-kaksiosainen.jpg","width":1908,"height":1908},{"@type":"BreadcrumbList","@id":"https:\/\/va-varuste.fi\/tuote\/nivelliitin-a\/#breadcrumb","itemListElement":[{"@type":"ListItem","position":1,"name":"Etusivu","item":"https:\/\/va-varuste.fi\/pl\/"},{"@type":"ListItem","position":2,"name":"Sklep Internetowy","item":"https:\/\/va-varuste.fi\/pl\/sklepie-internetowym\/"},{"@type":"ListItem","position":3,"name":"Nivelliitin, kaksiosainen A+A\/B"}]},{"@type":"WebSite","@id":"https:\/\/va-varuste.fi\/#website","url":"https:\/\/va-varuste.fi\/","name":"VA-Varuste","description":"","publisher":{"@id":"https:\/\/va-varuste.fi\/#organization"},"potentialAction":[{"@type":"SearchAction","target":{"@type":"EntryPoint","urlTemplate":"https:\/\/va-varuste.fi\/?s={search_term_string}"},"query-input":{"@type":"PropertyValueSpecification","valueRequired":true,"valueName":"search_term_string"}}],"inLanguage":"pl-PL"},{"@type":"Organization","@id":"https:\/\/va-varuste.fi\/#organization","name":"VA-Varuste","url":"https:\/\/va-varuste.fi\/","logo":{"@type":"ImageObject","inLanguage":"pl-PL","@id":"https:\/\/va-varuste.fi\/#\/schema\/logo\/image\/","url":"https:\/\/va-varuste.fi\/wp-content\/uploads\/2023\/09\/va-logo.svg","contentUrl":"https:\/\/va-varuste.fi\/wp-content\/uploads\/2023\/09\/va-logo.svg","caption":"VA-Varuste"},"image":{"@id":"https:\/\/va-varuste.fi\/#\/schema\/logo\/image\/"},"sameAs":["https:\/\/www.facebook.com\/vavarustefi\/","https:\/\/www.instagram.com\/vavaruste\/"]}]}},"_links":{"self":[{"href":"https:\/\/va-varuste.fi\/pl\/wp-json\/wp\/v2\/product\/223736","targetHints":{"allow":["GET"]}}],"collection":[{"href":"https:\/\/va-varuste.fi\/pl\/wp-json\/wp\/v2\/product"}],"about":[{"href":"https:\/\/va-varuste.fi\/pl\/wp-json\/wp\/v2\/types\/product"}],"wp:featuredmedia":[{"embeddable":true,"href":"https:\/\/va-varuste.fi\/pl\/wp-json\/wp\/v2\/media\/216288"}],"wp:attachment":[{"href":"https:\/\/va-varuste.fi\/pl\/wp-json\/wp\/v2\/media?parent=223736"}],"wp:term":[{"taxonomy":"product_brand","embeddable":true,"href":"https:\/\/va-varuste.fi\/pl\/wp-json\/wp\/v2\/product_brand?post=223736"},{"taxonomy":"product_cat","embeddable":true,"href":"https:\/\/va-varuste.fi\/pl\/wp-json\/wp\/v2\/product_cat?post=223736"},{"taxonomy":"product_tag","embeddable":true,"href":"https:\/\/va-varuste.fi\/pl\/wp-json\/wp\/v2\/product_tag?post=223736"}],"curies":[{"name":"wp","href":"https:\/\/api.w.org\/{rel}","templated":true}]}}