{"id":223744,"date":"2025-09-29T09:30:00","date_gmt":"2025-09-29T06:30:00","guid":{"rendered":"https:\/\/va-varuste.fi\/?post_type=product&#038;p=223744"},"modified":"2026-03-25T12:35:21","modified_gmt":"2026-03-25T10:35:21","slug":"talvisuojan-runkoputki-1m-teleskoopin-sisaputki-o23-26mm","status":"publish","type":"product","link":"https:\/\/va-varuste.fi\/pl\/produkt\/talvisuojan-runkoputki-1m-teleskoopin-sisaputki-o23-26mm\/","title":{"rendered":"Winter Cover Frame Pipe 1m, Inner Telescopic Pipe, \u00d823\/26mm"},"content":{"rendered":"<p>Winter cover frame pipe 1 m is the inner telescopic pipe for the System 30 frame. Outer diameter \u00d826 mm, inner diameter \u00d823 mm. The pipe slides inside the outer pipe (\u00d830 mm) and is locked at the desired length with a telescopic lock.<\/p>\n<p>The inner pipe allows stepless adjustment of the frame pipe length. Made from fibreglass\/polyester pultrusion \u2014 lightweight, flexible and highly weather- and UV-resistant.<\/p>\n<p>Colour: marble grey. Length 1 m. 1 pc.<\/p>","protected":false},"excerpt":{"rendered":"<p>System 30 winter cover frame inner telescopic pipe \u00d826 mm, length 1 m. Fibreglass\/polyester. 1 pc.<\/p>\n","protected":false},"featured_media":216330,"template":"","meta":[],"product_brand":[],"product_cat":[353,363],"product_tag":[],"class_list":{"0":"post-223744","1":"product","2":"type-product","3":"status-publish","4":"has-post-thumbnail","6":"product_cat-kaikki-tuotteet","7":"product_cat-talvisuojan-putket","9":"first","10":"instock","11":"taxable","12":"shipping-taxable","13":"purchasable","14":"product-type-simple"},"yoast_head":"<!-- This site is optimized with the Yoast SEO plugin v27.4 - https:\/\/yoast.com\/product\/yoast-seo-wordpress\/ -->\n<title>Talvisuojan runkoputki 1m sis\u00e4putki \u00d826mm | VA-Varuste<\/title>\n<meta name=\"description\" content=\"Talvisuojan System 30 -kehikon teleskooppinen sis\u00e4putki \u00d826 mm, 1 m. Lasikuitu\/polyesteri. 1 kpl. Tilaa VA-Varuste verkkokaupasta.\" \/>\n<meta name=\"robots\" content=\"index, follow, max-snippet:-1, max-image-preview:large, max-video-preview:-1\" \/>\n<link rel=\"canonical\" href=\"https:\/\/va-varuste.fi\/tuote\/talvisuojan-runkoputki-1m-teleskoopin-sisaputki-o23-26mm\/\" \/>\n<meta property=\"og:locale\" content=\"pl_PL\" \/>\n<meta property=\"og:type\" content=\"article\" \/>\n<meta property=\"og:title\" content=\"Talvisuojan runkoputki 1m sis\u00e4putki \u00d826mm | VA-Varuste\" \/>\n<meta property=\"og:description\" content=\"Talvisuojan System 30 -kehikon teleskooppinen sis\u00e4putki \u00d826 mm, 1 m. Lasikuitu\/polyesteri. 1 kpl. Tilaa VA-Varuste verkkokaupasta.\" \/>\n<meta property=\"og:url\" content=\"https:\/\/va-varuste.fi\/tuote\/talvisuojan-runkoputki-1m-teleskoopin-sisaputki-o23-26mm\/\" \/>\n<meta property=\"og:site_name\" content=\"VA-Varuste\" \/>\n<meta property=\"article:publisher\" content=\"https:\/\/www.facebook.com\/vavarustefi\/\" \/>\n<meta property=\"article:modified_time\" content=\"2026-03-25T10:35:21+00:00\" \/>\n<meta property=\"og:image\" content=\"https:\/\/va-varuste.fi\/wp-content\/uploads\/2023\/10\/exel_system_30_pipe.jpg\" \/>\n\t<meta property=\"og:image:width\" content=\"600\" \/>\n\t<meta property=\"og:image:height\" content=\"600\" \/>\n\t<meta property=\"og:image:type\" content=\"image\/jpeg\" \/>\n<meta name=\"twitter:card\" content=\"summary_large_image\" \/>\n<script type=\"application\/ld+json\" class=\"yoast-schema-graph\">{\"@context\":\"https:\\\/\\\/schema.org\",\"@graph\":[{\"@type\":\"WebPage\",\"@id\":\"https:\\\/\\\/va-varuste.fi\\\/tuote\\\/talvisuojan-runkoputki-1m-teleskoopin-sisaputki-o23-26mm\\\/\",\"url\":\"https:\\\/\\\/va-varuste.fi\\\/tuote\\\/talvisuojan-runkoputki-1m-teleskoopin-sisaputki-o23-26mm\\\/\",\"name\":\"Talvisuojan runkoputki 1m sis\u00e4putki \u00d826mm | VA-Varuste\",\"isPartOf\":{\"@id\":\"https:\\\/\\\/va-varuste.fi\\\/#website\"},\"primaryImageOfPage\":{\"@id\":\"https:\\\/\\\/va-varuste.fi\\\/tuote\\\/talvisuojan-runkoputki-1m-teleskoopin-sisaputki-o23-26mm\\\/#primaryimage\"},\"image\":{\"@id\":\"https:\\\/\\\/va-varuste.fi\\\/tuote\\\/talvisuojan-runkoputki-1m-teleskoopin-sisaputki-o23-26mm\\\/#primaryimage\"},\"thumbnailUrl\":\"https:\\\/\\\/va-varuste.fi\\\/wp-content\\\/uploads\\\/2023\\\/10\\\/exel_system_30_pipe.jpg\",\"datePublished\":\"2025-09-29T06:30:00+00:00\",\"dateModified\":\"2026-03-25T10:35:21+00:00\",\"description\":\"Talvisuojan System 30 -kehikon teleskooppinen sis\u00e4putki \u00d826 mm, 1 m. Lasikuitu\\\/polyesteri. 1 kpl. Tilaa VA-Varuste verkkokaupasta.\",\"breadcrumb\":{\"@id\":\"https:\\\/\\\/va-varuste.fi\\\/tuote\\\/talvisuojan-runkoputki-1m-teleskoopin-sisaputki-o23-26mm\\\/#breadcrumb\"},\"inLanguage\":\"pl-PL\",\"potentialAction\":[{\"@type\":\"ReadAction\",\"target\":[\"https:\\\/\\\/va-varuste.fi\\\/tuote\\\/talvisuojan-runkoputki-1m-teleskoopin-sisaputki-o23-26mm\\\/\"]}]},{\"@type\":\"ImageObject\",\"inLanguage\":\"pl-PL\",\"@id\":\"https:\\\/\\\/va-varuste.fi\\\/tuote\\\/talvisuojan-runkoputki-1m-teleskoopin-sisaputki-o23-26mm\\\/#primaryimage\",\"url\":\"https:\\\/\\\/va-varuste.fi\\\/wp-content\\\/uploads\\\/2023\\\/10\\\/exel_system_30_pipe.jpg\",\"contentUrl\":\"https:\\\/\\\/va-varuste.fi\\\/wp-content\\\/uploads\\\/2023\\\/10\\\/exel_system_30_pipe.jpg\",\"width\":600,\"height\":600},{\"@type\":\"BreadcrumbList\",\"@id\":\"https:\\\/\\\/va-varuste.fi\\\/tuote\\\/talvisuojan-runkoputki-1m-teleskoopin-sisaputki-o23-26mm\\\/#breadcrumb\",\"itemListElement\":[{\"@type\":\"ListItem\",\"position\":1,\"name\":\"Etusivu\",\"item\":\"https:\\\/\\\/va-varuste.fi\\\/pl\\\/\"},{\"@type\":\"ListItem\",\"position\":2,\"name\":\"Sklep Internetowy\",\"item\":\"https:\\\/\\\/va-varuste.fi\\\/pl\\\/sklepie-internetowym\\\/\"},{\"@type\":\"ListItem\",\"position\":3,\"name\":\"Talvisuojan runkoputki 1m (teleskoopin sis\u00e4putki) \u00d823\\\/26mm\"}]},{\"@type\":\"WebSite\",\"@id\":\"https:\\\/\\\/va-varuste.fi\\\/#website\",\"url\":\"https:\\\/\\\/va-varuste.fi\\\/\",\"name\":\"VA-Varuste\",\"description\":\"\",\"publisher\":{\"@id\":\"https:\\\/\\\/va-varuste.fi\\\/#organization\"},\"potentialAction\":[{\"@type\":\"SearchAction\",\"target\":{\"@type\":\"EntryPoint\",\"urlTemplate\":\"https:\\\/\\\/va-varuste.fi\\\/?s={search_term_string}\"},\"query-input\":{\"@type\":\"PropertyValueSpecification\",\"valueRequired\":true,\"valueName\":\"search_term_string\"}}],\"inLanguage\":\"pl-PL\"},{\"@type\":\"Organization\",\"@id\":\"https:\\\/\\\/va-varuste.fi\\\/#organization\",\"name\":\"VA-Varuste\",\"url\":\"https:\\\/\\\/va-varuste.fi\\\/\",\"logo\":{\"@type\":\"ImageObject\",\"inLanguage\":\"pl-PL\",\"@id\":\"https:\\\/\\\/va-varuste.fi\\\/#\\\/schema\\\/logo\\\/image\\\/\",\"url\":\"https:\\\/\\\/va-varuste.fi\\\/wp-content\\\/uploads\\\/2023\\\/09\\\/va-logo.svg\",\"contentUrl\":\"https:\\\/\\\/va-varuste.fi\\\/wp-content\\\/uploads\\\/2023\\\/09\\\/va-logo.svg\",\"caption\":\"VA-Varuste\"},\"image\":{\"@id\":\"https:\\\/\\\/va-varuste.fi\\\/#\\\/schema\\\/logo\\\/image\\\/\"},\"sameAs\":[\"https:\\\/\\\/www.facebook.com\\\/vavarustefi\\\/\",\"https:\\\/\\\/www.instagram.com\\\/vavaruste\\\/\"]}]}<\/script>\n<!-- \/ Yoast SEO plugin. -->","yoast_head_json":{"title":"Talvisuojan runkoputki 1m sis\u00e4putki \u00d826mm | VA-Varuste","description":"Talvisuojan System 30 -kehikon teleskooppinen sis\u00e4putki \u00d826 mm, 1 m. Lasikuitu\/polyesteri. 1 kpl. Tilaa VA-Varuste verkkokaupasta.","robots":{"index":"index","follow":"follow","max-snippet":"max-snippet:-1","max-image-preview":"max-image-preview:large","max-video-preview":"max-video-preview:-1"},"canonical":"https:\/\/va-varuste.fi\/tuote\/talvisuojan-runkoputki-1m-teleskoopin-sisaputki-o23-26mm\/","og_locale":"pl_PL","og_type":"article","og_title":"Talvisuojan runkoputki 1m sis\u00e4putki \u00d826mm | VA-Varuste","og_description":"Talvisuojan System 30 -kehikon teleskooppinen sis\u00e4putki \u00d826 mm, 1 m. Lasikuitu\/polyesteri. 1 kpl. Tilaa VA-Varuste verkkokaupasta.","og_url":"https:\/\/va-varuste.fi\/tuote\/talvisuojan-runkoputki-1m-teleskoopin-sisaputki-o23-26mm\/","og_site_name":"VA-Varuste","article_publisher":"https:\/\/www.facebook.com\/vavarustefi\/","article_modified_time":"2026-03-25T10:35:21+00:00","og_image":[{"width":600,"height":600,"url":"https:\/\/va-varuste.fi\/wp-content\/uploads\/2023\/10\/exel_system_30_pipe.jpg","type":"image\/jpeg"}],"twitter_card":"summary_large_image","schema":{"@context":"https:\/\/schema.org","@graph":[{"@type":"WebPage","@id":"https:\/\/va-varuste.fi\/tuote\/talvisuojan-runkoputki-1m-teleskoopin-sisaputki-o23-26mm\/","url":"https:\/\/va-varuste.fi\/tuote\/talvisuojan-runkoputki-1m-teleskoopin-sisaputki-o23-26mm\/","name":"Talvisuojan runkoputki 1m sis\u00e4putki \u00d826mm | VA-Varuste","isPartOf":{"@id":"https:\/\/va-varuste.fi\/#website"},"primaryImageOfPage":{"@id":"https:\/\/va-varuste.fi\/tuote\/talvisuojan-runkoputki-1m-teleskoopin-sisaputki-o23-26mm\/#primaryimage"},"image":{"@id":"https:\/\/va-varuste.fi\/tuote\/talvisuojan-runkoputki-1m-teleskoopin-sisaputki-o23-26mm\/#primaryimage"},"thumbnailUrl":"https:\/\/va-varuste.fi\/wp-content\/uploads\/2023\/10\/exel_system_30_pipe.jpg","datePublished":"2025-09-29T06:30:00+00:00","dateModified":"2026-03-25T10:35:21+00:00","description":"Talvisuojan System 30 -kehikon teleskooppinen sis\u00e4putki \u00d826 mm, 1 m. Lasikuitu\/polyesteri. 1 kpl. Tilaa VA-Varuste verkkokaupasta.","breadcrumb":{"@id":"https:\/\/va-varuste.fi\/tuote\/talvisuojan-runkoputki-1m-teleskoopin-sisaputki-o23-26mm\/#breadcrumb"},"inLanguage":"pl-PL","potentialAction":[{"@type":"ReadAction","target":["https:\/\/va-varuste.fi\/tuote\/talvisuojan-runkoputki-1m-teleskoopin-sisaputki-o23-26mm\/"]}]},{"@type":"ImageObject","inLanguage":"pl-PL","@id":"https:\/\/va-varuste.fi\/tuote\/talvisuojan-runkoputki-1m-teleskoopin-sisaputki-o23-26mm\/#primaryimage","url":"https:\/\/va-varuste.fi\/wp-content\/uploads\/2023\/10\/exel_system_30_pipe.jpg","contentUrl":"https:\/\/va-varuste.fi\/wp-content\/uploads\/2023\/10\/exel_system_30_pipe.jpg","width":600,"height":600},{"@type":"BreadcrumbList","@id":"https:\/\/va-varuste.fi\/tuote\/talvisuojan-runkoputki-1m-teleskoopin-sisaputki-o23-26mm\/#breadcrumb","itemListElement":[{"@type":"ListItem","position":1,"name":"Etusivu","item":"https:\/\/va-varuste.fi\/pl\/"},{"@type":"ListItem","position":2,"name":"Sklep Internetowy","item":"https:\/\/va-varuste.fi\/pl\/sklepie-internetowym\/"},{"@type":"ListItem","position":3,"name":"Talvisuojan runkoputki 1m (teleskoopin sis\u00e4putki) \u00d823\/26mm"}]},{"@type":"WebSite","@id":"https:\/\/va-varuste.fi\/#website","url":"https:\/\/va-varuste.fi\/","name":"VA-Varuste","description":"","publisher":{"@id":"https:\/\/va-varuste.fi\/#organization"},"potentialAction":[{"@type":"SearchAction","target":{"@type":"EntryPoint","urlTemplate":"https:\/\/va-varuste.fi\/?s={search_term_string}"},"query-input":{"@type":"PropertyValueSpecification","valueRequired":true,"valueName":"search_term_string"}}],"inLanguage":"pl-PL"},{"@type":"Organization","@id":"https:\/\/va-varuste.fi\/#organization","name":"VA-Varuste","url":"https:\/\/va-varuste.fi\/","logo":{"@type":"ImageObject","inLanguage":"pl-PL","@id":"https:\/\/va-varuste.fi\/#\/schema\/logo\/image\/","url":"https:\/\/va-varuste.fi\/wp-content\/uploads\/2023\/09\/va-logo.svg","contentUrl":"https:\/\/va-varuste.fi\/wp-content\/uploads\/2023\/09\/va-logo.svg","caption":"VA-Varuste"},"image":{"@id":"https:\/\/va-varuste.fi\/#\/schema\/logo\/image\/"},"sameAs":["https:\/\/www.facebook.com\/vavarustefi\/","https:\/\/www.instagram.com\/vavaruste\/"]}]}},"_links":{"self":[{"href":"https:\/\/va-varuste.fi\/pl\/wp-json\/wp\/v2\/product\/223744","targetHints":{"allow":["GET"]}}],"collection":[{"href":"https:\/\/va-varuste.fi\/pl\/wp-json\/wp\/v2\/product"}],"about":[{"href":"https:\/\/va-varuste.fi\/pl\/wp-json\/wp\/v2\/types\/product"}],"wp:featuredmedia":[{"embeddable":true,"href":"https:\/\/va-varuste.fi\/pl\/wp-json\/wp\/v2\/media\/216330"}],"wp:attachment":[{"href":"https:\/\/va-varuste.fi\/pl\/wp-json\/wp\/v2\/media?parent=223744"}],"wp:term":[{"taxonomy":"product_brand","embeddable":true,"href":"https:\/\/va-varuste.fi\/pl\/wp-json\/wp\/v2\/product_brand?post=223744"},{"taxonomy":"product_cat","embeddable":true,"href":"https:\/\/va-varuste.fi\/pl\/wp-json\/wp\/v2\/product_cat?post=223744"},{"taxonomy":"product_tag","embeddable":true,"href":"https:\/\/va-varuste.fi\/pl\/wp-json\/wp\/v2\/product_tag?post=223744"}],"curies":[{"name":"wp","href":"https:\/\/api.w.org\/{rel}","templated":true}]}}