{"id":223796,"date":"2023-10-25T09:28:22","date_gmt":"2023-10-25T06:28:22","guid":{"rendered":"https:\/\/va-varuste.fi\/?post_type=product&#038;p=223796"},"modified":"2026-03-26T09:40:34","modified_gmt":"2026-03-26T07:40:34","slug":"satamapeittokangas-heavy","status":"publish","type":"product","link":"https:\/\/va-varuste.fi\/pl\/produkt\/satamapeittokangas-heavy\/","title":{"rendered":"Harbour Cover Fabric, Heavy"},"content":{"rendered":"<p>Harbour cover fabric Heavy is an extremely durable Nautex Oceanic 613 PVC fabric for manufacturing harbour covers and protective covers for large boats. This is the heaviest harbour cover fabric in our range.<\/p>\n<p>The fabric is 205 cm wide and weighs 480 g\/m\u00b2 (DIN EN ISO 2286-2). Thickness 0.48 mm. Operating temperature -30 \u00b0C to +70 \u00b0C. The exceptionally wide fabric enables manufacturing covers for even the largest boats with fewer seams.<\/p>\n<p>Nautex Oceanic 613 is designed for demanding marine and outdoor applications. The fabric is waterproof, UV-protected and withstands extreme weather conditions.<\/p>\n<p>Particularly suited for manufacturing covers for large motor boats, sailing yachts and commercial vessels.<\/p>\n<p>Sold by the metre. Custom-cut products cannot be returned or exchanged.<\/p>","protected":false},"excerpt":{"rendered":"<p>Harbour cover fabric Heavy, Nautex Oceanic 613 PVC. 205 cm, 480 g\/m\u00b2, thickness 0.48 mm. The heaviest harbour cover fabric in our range. Sold by the metre.<\/p>\n","protected":false},"featured_media":222451,"template":"","meta":[],"product_brand":[],"product_cat":[353,371],"product_tag":[],"class_list":{"0":"post-223796","1":"product","2":"type-product","3":"status-publish","4":"has-post-thumbnail","6":"product_cat-kaikki-tuotteet","7":"product_cat-satamapeittokankaat","9":"first","10":"instock","11":"taxable","12":"shipping-taxable","13":"purchasable","14":"product-type-simple"},"yoast_head":"<!-- This site is optimized with the Yoast SEO plugin v27.4 - https:\/\/yoast.com\/product\/yoast-seo-wordpress\/ -->\n<title>Satamapeittokangas Heavy \u2013 Nautex Oceanic 613 PVC | VA-Varuste<\/title>\n<meta name=\"description\" content=\"Satamapeittokangas Heavy, Nautex Oceanic 613 PVC. 205 cm, 480 g\/m\u00b2. Eritt\u00e4in kest\u00e4v\u00e4 kangas suurten veneiden peitteisiin. Tilaa VA-Varusteesta.\" \/>\n<meta name=\"robots\" content=\"index, follow, max-snippet:-1, max-image-preview:large, max-video-preview:-1\" \/>\n<link rel=\"canonical\" href=\"https:\/\/va-varuste.fi\/tuote\/satamapeittokangas-heavy\/\" \/>\n<meta property=\"og:locale\" content=\"pl_PL\" \/>\n<meta property=\"og:type\" content=\"article\" \/>\n<meta property=\"og:title\" content=\"Satamapeittokangas Heavy \u2013 Nautex Oceanic 613 PVC | VA-Varuste\" \/>\n<meta property=\"og:description\" content=\"Satamapeittokangas Heavy, Nautex Oceanic 613 PVC. 205 cm, 480 g\/m\u00b2. Eritt\u00e4in kest\u00e4v\u00e4 kangas suurten veneiden peitteisiin. Tilaa VA-Varusteesta.\" \/>\n<meta property=\"og:url\" content=\"https:\/\/va-varuste.fi\/tuote\/satamapeittokangas-heavy\/\" \/>\n<meta property=\"og:site_name\" content=\"VA-Varuste\" \/>\n<meta property=\"article:publisher\" content=\"https:\/\/www.facebook.com\/vavarustefi\/\" \/>\n<meta property=\"article:modified_time\" content=\"2026-03-26T07:40:34+00:00\" \/>\n<meta property=\"og:image\" content=\"https:\/\/va-varuste.fi\/wp-content\/uploads\/2023\/10\/vaaleanharmaa-1.jpg\" \/>\n\t<meta property=\"og:image:width\" content=\"1908\" \/>\n\t<meta property=\"og:image:height\" content=\"1908\" \/>\n\t<meta property=\"og:image:type\" content=\"image\/jpeg\" \/>\n<meta name=\"twitter:card\" content=\"summary_large_image\" \/>\n<meta name=\"twitter:label1\" content=\"Szacowany czas czytania\" \/>\n\t<meta name=\"twitter:data1\" content=\"1 minuta\" \/>\n<script type=\"application\/ld+json\" class=\"yoast-schema-graph\">{\"@context\":\"https:\\\/\\\/schema.org\",\"@graph\":[{\"@type\":\"WebPage\",\"@id\":\"https:\\\/\\\/va-varuste.fi\\\/tuote\\\/satamapeittokangas-heavy\\\/\",\"url\":\"https:\\\/\\\/va-varuste.fi\\\/tuote\\\/satamapeittokangas-heavy\\\/\",\"name\":\"Satamapeittokangas Heavy \u2013 Nautex Oceanic 613 PVC | VA-Varuste\",\"isPartOf\":{\"@id\":\"https:\\\/\\\/va-varuste.fi\\\/#website\"},\"primaryImageOfPage\":{\"@id\":\"https:\\\/\\\/va-varuste.fi\\\/tuote\\\/satamapeittokangas-heavy\\\/#primaryimage\"},\"image\":{\"@id\":\"https:\\\/\\\/va-varuste.fi\\\/tuote\\\/satamapeittokangas-heavy\\\/#primaryimage\"},\"thumbnailUrl\":\"https:\\\/\\\/va-varuste.fi\\\/wp-content\\\/uploads\\\/2023\\\/10\\\/vaaleanharmaa-1.jpg\",\"datePublished\":\"2023-10-25T06:28:22+00:00\",\"dateModified\":\"2026-03-26T07:40:34+00:00\",\"description\":\"Satamapeittokangas Heavy, Nautex Oceanic 613 PVC. 205 cm, 480 g\\\/m\u00b2. Eritt\u00e4in kest\u00e4v\u00e4 kangas suurten veneiden peitteisiin. Tilaa VA-Varusteesta.\",\"breadcrumb\":{\"@id\":\"https:\\\/\\\/va-varuste.fi\\\/tuote\\\/satamapeittokangas-heavy\\\/#breadcrumb\"},\"inLanguage\":\"pl-PL\",\"potentialAction\":[{\"@type\":\"ReadAction\",\"target\":[\"https:\\\/\\\/va-varuste.fi\\\/tuote\\\/satamapeittokangas-heavy\\\/\"]}]},{\"@type\":\"ImageObject\",\"inLanguage\":\"pl-PL\",\"@id\":\"https:\\\/\\\/va-varuste.fi\\\/tuote\\\/satamapeittokangas-heavy\\\/#primaryimage\",\"url\":\"https:\\\/\\\/va-varuste.fi\\\/wp-content\\\/uploads\\\/2023\\\/10\\\/vaaleanharmaa-1.jpg\",\"contentUrl\":\"https:\\\/\\\/va-varuste.fi\\\/wp-content\\\/uploads\\\/2023\\\/10\\\/vaaleanharmaa-1.jpg\",\"width\":1908,\"height\":1908},{\"@type\":\"BreadcrumbList\",\"@id\":\"https:\\\/\\\/va-varuste.fi\\\/tuote\\\/satamapeittokangas-heavy\\\/#breadcrumb\",\"itemListElement\":[{\"@type\":\"ListItem\",\"position\":1,\"name\":\"Etusivu\",\"item\":\"https:\\\/\\\/va-varuste.fi\\\/pl\\\/\"},{\"@type\":\"ListItem\",\"position\":2,\"name\":\"Sklep Internetowy\",\"item\":\"https:\\\/\\\/va-varuste.fi\\\/pl\\\/sklepie-internetowym\\\/\"},{\"@type\":\"ListItem\",\"position\":3,\"name\":\"Satamapeittokangas, Heavy\"}]},{\"@type\":\"WebSite\",\"@id\":\"https:\\\/\\\/va-varuste.fi\\\/#website\",\"url\":\"https:\\\/\\\/va-varuste.fi\\\/\",\"name\":\"VA-Varuste\",\"description\":\"\",\"publisher\":{\"@id\":\"https:\\\/\\\/va-varuste.fi\\\/#organization\"},\"potentialAction\":[{\"@type\":\"SearchAction\",\"target\":{\"@type\":\"EntryPoint\",\"urlTemplate\":\"https:\\\/\\\/va-varuste.fi\\\/?s={search_term_string}\"},\"query-input\":{\"@type\":\"PropertyValueSpecification\",\"valueRequired\":true,\"valueName\":\"search_term_string\"}}],\"inLanguage\":\"pl-PL\"},{\"@type\":\"Organization\",\"@id\":\"https:\\\/\\\/va-varuste.fi\\\/#organization\",\"name\":\"VA-Varuste\",\"url\":\"https:\\\/\\\/va-varuste.fi\\\/\",\"logo\":{\"@type\":\"ImageObject\",\"inLanguage\":\"pl-PL\",\"@id\":\"https:\\\/\\\/va-varuste.fi\\\/#\\\/schema\\\/logo\\\/image\\\/\",\"url\":\"https:\\\/\\\/va-varuste.fi\\\/wp-content\\\/uploads\\\/2023\\\/09\\\/va-logo.svg\",\"contentUrl\":\"https:\\\/\\\/va-varuste.fi\\\/wp-content\\\/uploads\\\/2023\\\/09\\\/va-logo.svg\",\"caption\":\"VA-Varuste\"},\"image\":{\"@id\":\"https:\\\/\\\/va-varuste.fi\\\/#\\\/schema\\\/logo\\\/image\\\/\"},\"sameAs\":[\"https:\\\/\\\/www.facebook.com\\\/vavarustefi\\\/\",\"https:\\\/\\\/www.instagram.com\\\/vavaruste\\\/\"]}]}<\/script>\n<!-- \/ Yoast SEO plugin. -->","yoast_head_json":{"title":"Satamapeittokangas Heavy \u2013 Nautex Oceanic 613 PVC | VA-Varuste","description":"Satamapeittokangas Heavy, Nautex Oceanic 613 PVC. 205 cm, 480 g\/m\u00b2. Eritt\u00e4in kest\u00e4v\u00e4 kangas suurten veneiden peitteisiin. Tilaa VA-Varusteesta.","robots":{"index":"index","follow":"follow","max-snippet":"max-snippet:-1","max-image-preview":"max-image-preview:large","max-video-preview":"max-video-preview:-1"},"canonical":"https:\/\/va-varuste.fi\/tuote\/satamapeittokangas-heavy\/","og_locale":"pl_PL","og_type":"article","og_title":"Satamapeittokangas Heavy \u2013 Nautex Oceanic 613 PVC | VA-Varuste","og_description":"Satamapeittokangas Heavy, Nautex Oceanic 613 PVC. 205 cm, 480 g\/m\u00b2. Eritt\u00e4in kest\u00e4v\u00e4 kangas suurten veneiden peitteisiin. Tilaa VA-Varusteesta.","og_url":"https:\/\/va-varuste.fi\/tuote\/satamapeittokangas-heavy\/","og_site_name":"VA-Varuste","article_publisher":"https:\/\/www.facebook.com\/vavarustefi\/","article_modified_time":"2026-03-26T07:40:34+00:00","og_image":[{"width":1908,"height":1908,"url":"https:\/\/va-varuste.fi\/wp-content\/uploads\/2023\/10\/vaaleanharmaa-1.jpg","type":"image\/jpeg"}],"twitter_card":"summary_large_image","twitter_misc":{"Szacowany czas czytania":"1 minuta"},"schema":{"@context":"https:\/\/schema.org","@graph":[{"@type":"WebPage","@id":"https:\/\/va-varuste.fi\/tuote\/satamapeittokangas-heavy\/","url":"https:\/\/va-varuste.fi\/tuote\/satamapeittokangas-heavy\/","name":"Satamapeittokangas Heavy \u2013 Nautex Oceanic 613 PVC | VA-Varuste","isPartOf":{"@id":"https:\/\/va-varuste.fi\/#website"},"primaryImageOfPage":{"@id":"https:\/\/va-varuste.fi\/tuote\/satamapeittokangas-heavy\/#primaryimage"},"image":{"@id":"https:\/\/va-varuste.fi\/tuote\/satamapeittokangas-heavy\/#primaryimage"},"thumbnailUrl":"https:\/\/va-varuste.fi\/wp-content\/uploads\/2023\/10\/vaaleanharmaa-1.jpg","datePublished":"2023-10-25T06:28:22+00:00","dateModified":"2026-03-26T07:40:34+00:00","description":"Satamapeittokangas Heavy, Nautex Oceanic 613 PVC. 205 cm, 480 g\/m\u00b2. Eritt\u00e4in kest\u00e4v\u00e4 kangas suurten veneiden peitteisiin. Tilaa VA-Varusteesta.","breadcrumb":{"@id":"https:\/\/va-varuste.fi\/tuote\/satamapeittokangas-heavy\/#breadcrumb"},"inLanguage":"pl-PL","potentialAction":[{"@type":"ReadAction","target":["https:\/\/va-varuste.fi\/tuote\/satamapeittokangas-heavy\/"]}]},{"@type":"ImageObject","inLanguage":"pl-PL","@id":"https:\/\/va-varuste.fi\/tuote\/satamapeittokangas-heavy\/#primaryimage","url":"https:\/\/va-varuste.fi\/wp-content\/uploads\/2023\/10\/vaaleanharmaa-1.jpg","contentUrl":"https:\/\/va-varuste.fi\/wp-content\/uploads\/2023\/10\/vaaleanharmaa-1.jpg","width":1908,"height":1908},{"@type":"BreadcrumbList","@id":"https:\/\/va-varuste.fi\/tuote\/satamapeittokangas-heavy\/#breadcrumb","itemListElement":[{"@type":"ListItem","position":1,"name":"Etusivu","item":"https:\/\/va-varuste.fi\/pl\/"},{"@type":"ListItem","position":2,"name":"Sklep Internetowy","item":"https:\/\/va-varuste.fi\/pl\/sklepie-internetowym\/"},{"@type":"ListItem","position":3,"name":"Satamapeittokangas, Heavy"}]},{"@type":"WebSite","@id":"https:\/\/va-varuste.fi\/#website","url":"https:\/\/va-varuste.fi\/","name":"VA-Varuste","description":"","publisher":{"@id":"https:\/\/va-varuste.fi\/#organization"},"potentialAction":[{"@type":"SearchAction","target":{"@type":"EntryPoint","urlTemplate":"https:\/\/va-varuste.fi\/?s={search_term_string}"},"query-input":{"@type":"PropertyValueSpecification","valueRequired":true,"valueName":"search_term_string"}}],"inLanguage":"pl-PL"},{"@type":"Organization","@id":"https:\/\/va-varuste.fi\/#organization","name":"VA-Varuste","url":"https:\/\/va-varuste.fi\/","logo":{"@type":"ImageObject","inLanguage":"pl-PL","@id":"https:\/\/va-varuste.fi\/#\/schema\/logo\/image\/","url":"https:\/\/va-varuste.fi\/wp-content\/uploads\/2023\/09\/va-logo.svg","contentUrl":"https:\/\/va-varuste.fi\/wp-content\/uploads\/2023\/09\/va-logo.svg","caption":"VA-Varuste"},"image":{"@id":"https:\/\/va-varuste.fi\/#\/schema\/logo\/image\/"},"sameAs":["https:\/\/www.facebook.com\/vavarustefi\/","https:\/\/www.instagram.com\/vavaruste\/"]}]}},"_links":{"self":[{"href":"https:\/\/va-varuste.fi\/pl\/wp-json\/wp\/v2\/product\/223796","targetHints":{"allow":["GET"]}}],"collection":[{"href":"https:\/\/va-varuste.fi\/pl\/wp-json\/wp\/v2\/product"}],"about":[{"href":"https:\/\/va-varuste.fi\/pl\/wp-json\/wp\/v2\/types\/product"}],"wp:featuredmedia":[{"embeddable":true,"href":"https:\/\/va-varuste.fi\/pl\/wp-json\/wp\/v2\/media\/222451"}],"wp:attachment":[{"href":"https:\/\/va-varuste.fi\/pl\/wp-json\/wp\/v2\/media?parent=223796"}],"wp:term":[{"taxonomy":"product_brand","embeddable":true,"href":"https:\/\/va-varuste.fi\/pl\/wp-json\/wp\/v2\/product_brand?post=223796"},{"taxonomy":"product_cat","embeddable":true,"href":"https:\/\/va-varuste.fi\/pl\/wp-json\/wp\/v2\/product_cat?post=223796"},{"taxonomy":"product_tag","embeddable":true,"href":"https:\/\/va-varuste.fi\/pl\/wp-json\/wp\/v2\/product_tag?post=223796"}],"curies":[{"name":"wp","href":"https:\/\/api.w.org\/{rel}","templated":true}]}}