{"id":223825,"date":"2023-10-25T09:29:02","date_gmt":"2023-10-25T06:29:02","guid":{"rendered":"https:\/\/va-varuste.fi\/?post_type=product&#038;p=223825"},"modified":"2026-03-20T11:29:32","modified_gmt":"2026-03-20T09:29:32","slug":"va-pro-valkea-keinonahka-vasen","status":"publish","type":"product","link":"https:\/\/va-varuste.fi\/pl\/produkt\/va-pro-valkea-keinonahka-vasen\/","title":{"rendered":"VA-Pro White Synthetic Leather LEFT"},"content":{"rendered":"<p><strong>VA-Pro Boat Seat<\/strong><\/p>\n<p>This seat is <strong>left-hand<\/strong>. The adjustment knobs are on the left side. If you want the knobs on the aisle side, mount the seat on the right side of the boat.<\/p>\n<p>Material: White synthetic leather.<br>Stitching: White<\/p>\n<p>VA-Pro is designed for safe and comfortable boating. The backrest and thigh support are quickly adjustable to four different positions using the patented quick-adjustment mechanism, enabling an ergonomic and safe driving position.<\/p>\n<h5>QUALITY AND COMFORT<\/h5>\n<p>The flip-up front section is convenient when driving while standing. You can also sit on the front edge when it is in the upright position. The side bolsters keep the driving position stable even in rough conditions.<\/p>\n<h5>MADE IN FINLAND<\/h5>\n<p>VA-Pro is designed and manufactured in Finland. The sturdy frame is injection-moulded from durable HDPE plastic combined with a strong aluminium frame.<\/p>\n<p><a href=\"https:\/\/va-varuste.fi\/en\/va-pro\/\">Read more about VA-Pro<\/a><\/p>\n<p><strong>Seats are delivered without slide, pedestal or protective cover.<\/strong> Mounting bolts are included. You can add a <a href=\"https:\/\/va-varuste.fi\/en\/product-category\/all-products\/va-boat-seats\/seat-pedestal-and-slide\/\">slide or pedestal<\/a> and a <a href=\"https:\/\/va-varuste.fi\/en\/product\/suojahuppu-va-pro\/\">protective cover<\/a> to your order. We recommend a protective cover if the canopy or harbour cover does not protect the seat.<\/p>\n<p><strong>Please note:<\/strong> VA boat seats are made to order. Check delivery terms \u2013 made-to-order products have limited cancellation and return rights.<\/p>","protected":false},"excerpt":{"rendered":"<p>VA-Pro Boat Seat This seat is left-hand. The adjustment knobs are on the left side. If you want the knobs on the aisle side, mount the seat on the right side of the boat. Material: White synthetic leather.Stitching: White VA-Pro is designed for safe and comfortable boating. The backrest and thigh support are quickly adjustable [&hellip;]<\/p>\n","protected":false},"featured_media":216758,"template":"","meta":[],"product_brand":[],"product_cat":[353,380],"product_tag":[],"class_list":{"0":"post-223825","1":"product","2":"type-product","3":"status-publish","4":"has-post-thumbnail","6":"product_cat-kaikki-tuotteet","7":"product_cat-va-pro","8":"product_shipping_class-va-pro","10":"first","11":"onbackorder","12":"taxable","13":"shipping-taxable","14":"purchasable","15":"product-type-simple"},"yoast_head":"<!-- This site is optimized with the Yoast SEO plugin v27.2 - https:\/\/yoast.com\/product\/yoast-seo-wordpress\/ -->\n<title>VA-Pro Valkea keinonahka VASEN - VA-Varuste<\/title>\n<meta name=\"description\" content=\"VA-Pro veneistuin valkea keinonahka vasenk\u00e4tinen. Patentoitu pikas\u00e4\u00e4t\u00f6, 4-asentoinen selk\u00e4noja, HDPE-runko. Tilaa VA-Varusteelta.\" \/>\n<meta name=\"robots\" content=\"index, follow, max-snippet:-1, max-image-preview:large, max-video-preview:-1\" \/>\n<link rel=\"canonical\" href=\"https:\/\/va-varuste.fi\/tuote\/va-pro-valkea-keinonahka-vasen\/\" \/>\n<meta property=\"og:locale\" content=\"pl_PL\" \/>\n<meta property=\"og:type\" content=\"article\" \/>\n<meta property=\"og:title\" content=\"VA-Pro Valkea keinonahka VASEN - VA-Varuste\" \/>\n<meta property=\"og:description\" content=\"VA-Pro veneistuin valkea keinonahka vasenk\u00e4tinen. Patentoitu pikas\u00e4\u00e4t\u00f6, 4-asentoinen selk\u00e4noja, HDPE-runko. Tilaa VA-Varusteelta.\" \/>\n<meta property=\"og:url\" content=\"https:\/\/va-varuste.fi\/tuote\/va-pro-valkea-keinonahka-vasen\/\" \/>\n<meta property=\"og:site_name\" content=\"VA-Varuste\" \/>\n<meta property=\"article:publisher\" content=\"https:\/\/www.facebook.com\/vavarustefi\/\" \/>\n<meta property=\"article:modified_time\" content=\"2026-03-20T09:29:32+00:00\" \/>\n<meta property=\"og:image\" content=\"https:\/\/va-varuste.fi\/wp-content\/uploads\/2023\/10\/pro_white-1-e1549615267929.jpg\" \/>\n\t<meta property=\"og:image:width\" content=\"897\" \/>\n\t<meta property=\"og:image:height\" content=\"897\" \/>\n\t<meta property=\"og:image:type\" content=\"image\/jpeg\" \/>\n<meta name=\"twitter:card\" content=\"summary_large_image\" \/>\n<meta name=\"twitter:label1\" content=\"Szacowany czas czytania\" \/>\n\t<meta name=\"twitter:data1\" content=\"1 minuta\" \/>\n<script type=\"application\/ld+json\" class=\"yoast-schema-graph\">{\"@context\":\"https:\/\/schema.org\",\"@graph\":[{\"@type\":\"WebPage\",\"@id\":\"https:\/\/va-varuste.fi\/tuote\/va-pro-valkea-keinonahka-vasen\/\",\"url\":\"https:\/\/va-varuste.fi\/tuote\/va-pro-valkea-keinonahka-vasen\/\",\"name\":\"VA-Pro Valkea keinonahka VASEN - VA-Varuste\",\"isPartOf\":{\"@id\":\"https:\/\/va-varuste.fi\/#website\"},\"primaryImageOfPage\":{\"@id\":\"https:\/\/va-varuste.fi\/tuote\/va-pro-valkea-keinonahka-vasen\/#primaryimage\"},\"image\":{\"@id\":\"https:\/\/va-varuste.fi\/tuote\/va-pro-valkea-keinonahka-vasen\/#primaryimage\"},\"thumbnailUrl\":\"https:\/\/va-varuste.fi\/wp-content\/uploads\/2023\/10\/pro_white-1-e1549615267929.jpg\",\"datePublished\":\"2023-10-25T06:29:02+00:00\",\"dateModified\":\"2026-03-20T09:29:32+00:00\",\"description\":\"VA-Pro veneistuin valkea keinonahka vasenk\u00e4tinen. Patentoitu pikas\u00e4\u00e4t\u00f6, 4-asentoinen selk\u00e4noja, HDPE-runko. Tilaa VA-Varusteelta.\",\"breadcrumb\":{\"@id\":\"https:\/\/va-varuste.fi\/tuote\/va-pro-valkea-keinonahka-vasen\/#breadcrumb\"},\"inLanguage\":\"pl-PL\",\"potentialAction\":[{\"@type\":\"ReadAction\",\"target\":[\"https:\/\/va-varuste.fi\/tuote\/va-pro-valkea-keinonahka-vasen\/\"]}]},{\"@type\":\"ImageObject\",\"inLanguage\":\"pl-PL\",\"@id\":\"https:\/\/va-varuste.fi\/tuote\/va-pro-valkea-keinonahka-vasen\/#primaryimage\",\"url\":\"https:\/\/va-varuste.fi\/wp-content\/uploads\/2023\/10\/pro_white-1-e1549615267929.jpg\",\"contentUrl\":\"https:\/\/va-varuste.fi\/wp-content\/uploads\/2023\/10\/pro_white-1-e1549615267929.jpg\",\"width\":897,\"height\":897},{\"@type\":\"BreadcrumbList\",\"@id\":\"https:\/\/va-varuste.fi\/tuote\/va-pro-valkea-keinonahka-vasen\/#breadcrumb\",\"itemListElement\":[{\"@type\":\"ListItem\",\"position\":1,\"name\":\"Etusivu\",\"item\":\"https:\/\/va-varuste.fi\/pl\/\"},{\"@type\":\"ListItem\",\"position\":2,\"name\":\"Sklep Internetowy\",\"item\":\"https:\/\/va-varuste.fi\/pl\/sklepie-internetowym\/\"},{\"@type\":\"ListItem\",\"position\":3,\"name\":\"VA-Pro Valkea keinonahka VASEN\"}]},{\"@type\":\"WebSite\",\"@id\":\"https:\/\/va-varuste.fi\/#website\",\"url\":\"https:\/\/va-varuste.fi\/\",\"name\":\"VA-Varuste\",\"description\":\"\",\"publisher\":{\"@id\":\"https:\/\/va-varuste.fi\/#organization\"},\"potentialAction\":[{\"@type\":\"SearchAction\",\"target\":{\"@type\":\"EntryPoint\",\"urlTemplate\":\"https:\/\/va-varuste.fi\/?s={search_term_string}\"},\"query-input\":{\"@type\":\"PropertyValueSpecification\",\"valueRequired\":true,\"valueName\":\"search_term_string\"}}],\"inLanguage\":\"pl-PL\"},{\"@type\":\"Organization\",\"@id\":\"https:\/\/va-varuste.fi\/#organization\",\"name\":\"VA-Varuste\",\"url\":\"https:\/\/va-varuste.fi\/\",\"logo\":{\"@type\":\"ImageObject\",\"inLanguage\":\"pl-PL\",\"@id\":\"https:\/\/va-varuste.fi\/#\/schema\/logo\/image\/\",\"url\":\"https:\/\/va-varuste.fi\/wp-content\/uploads\/2023\/09\/va-logo.svg\",\"contentUrl\":\"https:\/\/va-varuste.fi\/wp-content\/uploads\/2023\/09\/va-logo.svg\",\"caption\":\"VA-Varuste\"},\"image\":{\"@id\":\"https:\/\/va-varuste.fi\/#\/schema\/logo\/image\/\"},\"sameAs\":[\"https:\/\/www.facebook.com\/vavarustefi\/\",\"https:\/\/www.instagram.com\/vavaruste\/\"]}]}<\/script>\n<!-- \/ Yoast SEO plugin. -->","yoast_head_json":{"title":"VA-Pro Valkea keinonahka VASEN - VA-Varuste","description":"VA-Pro veneistuin valkea keinonahka vasenk\u00e4tinen. Patentoitu pikas\u00e4\u00e4t\u00f6, 4-asentoinen selk\u00e4noja, HDPE-runko. Tilaa VA-Varusteelta.","robots":{"index":"index","follow":"follow","max-snippet":"max-snippet:-1","max-image-preview":"max-image-preview:large","max-video-preview":"max-video-preview:-1"},"canonical":"https:\/\/va-varuste.fi\/tuote\/va-pro-valkea-keinonahka-vasen\/","og_locale":"pl_PL","og_type":"article","og_title":"VA-Pro Valkea keinonahka VASEN - VA-Varuste","og_description":"VA-Pro veneistuin valkea keinonahka vasenk\u00e4tinen. Patentoitu pikas\u00e4\u00e4t\u00f6, 4-asentoinen selk\u00e4noja, HDPE-runko. Tilaa VA-Varusteelta.","og_url":"https:\/\/va-varuste.fi\/tuote\/va-pro-valkea-keinonahka-vasen\/","og_site_name":"VA-Varuste","article_publisher":"https:\/\/www.facebook.com\/vavarustefi\/","article_modified_time":"2026-03-20T09:29:32+00:00","og_image":[{"width":897,"height":897,"url":"https:\/\/va-varuste.fi\/wp-content\/uploads\/2023\/10\/pro_white-1-e1549615267929.jpg","type":"image\/jpeg"}],"twitter_card":"summary_large_image","twitter_misc":{"Szacowany czas czytania":"1 minuta"},"schema":{"@context":"https:\/\/schema.org","@graph":[{"@type":"WebPage","@id":"https:\/\/va-varuste.fi\/tuote\/va-pro-valkea-keinonahka-vasen\/","url":"https:\/\/va-varuste.fi\/tuote\/va-pro-valkea-keinonahka-vasen\/","name":"VA-Pro Valkea keinonahka VASEN - VA-Varuste","isPartOf":{"@id":"https:\/\/va-varuste.fi\/#website"},"primaryImageOfPage":{"@id":"https:\/\/va-varuste.fi\/tuote\/va-pro-valkea-keinonahka-vasen\/#primaryimage"},"image":{"@id":"https:\/\/va-varuste.fi\/tuote\/va-pro-valkea-keinonahka-vasen\/#primaryimage"},"thumbnailUrl":"https:\/\/va-varuste.fi\/wp-content\/uploads\/2023\/10\/pro_white-1-e1549615267929.jpg","datePublished":"2023-10-25T06:29:02+00:00","dateModified":"2026-03-20T09:29:32+00:00","description":"VA-Pro veneistuin valkea keinonahka vasenk\u00e4tinen. Patentoitu pikas\u00e4\u00e4t\u00f6, 4-asentoinen selk\u00e4noja, HDPE-runko. Tilaa VA-Varusteelta.","breadcrumb":{"@id":"https:\/\/va-varuste.fi\/tuote\/va-pro-valkea-keinonahka-vasen\/#breadcrumb"},"inLanguage":"pl-PL","potentialAction":[{"@type":"ReadAction","target":["https:\/\/va-varuste.fi\/tuote\/va-pro-valkea-keinonahka-vasen\/"]}]},{"@type":"ImageObject","inLanguage":"pl-PL","@id":"https:\/\/va-varuste.fi\/tuote\/va-pro-valkea-keinonahka-vasen\/#primaryimage","url":"https:\/\/va-varuste.fi\/wp-content\/uploads\/2023\/10\/pro_white-1-e1549615267929.jpg","contentUrl":"https:\/\/va-varuste.fi\/wp-content\/uploads\/2023\/10\/pro_white-1-e1549615267929.jpg","width":897,"height":897},{"@type":"BreadcrumbList","@id":"https:\/\/va-varuste.fi\/tuote\/va-pro-valkea-keinonahka-vasen\/#breadcrumb","itemListElement":[{"@type":"ListItem","position":1,"name":"Etusivu","item":"https:\/\/va-varuste.fi\/pl\/"},{"@type":"ListItem","position":2,"name":"Sklep Internetowy","item":"https:\/\/va-varuste.fi\/pl\/sklepie-internetowym\/"},{"@type":"ListItem","position":3,"name":"VA-Pro Valkea keinonahka VASEN"}]},{"@type":"WebSite","@id":"https:\/\/va-varuste.fi\/#website","url":"https:\/\/va-varuste.fi\/","name":"VA-Varuste","description":"","publisher":{"@id":"https:\/\/va-varuste.fi\/#organization"},"potentialAction":[{"@type":"SearchAction","target":{"@type":"EntryPoint","urlTemplate":"https:\/\/va-varuste.fi\/?s={search_term_string}"},"query-input":{"@type":"PropertyValueSpecification","valueRequired":true,"valueName":"search_term_string"}}],"inLanguage":"pl-PL"},{"@type":"Organization","@id":"https:\/\/va-varuste.fi\/#organization","name":"VA-Varuste","url":"https:\/\/va-varuste.fi\/","logo":{"@type":"ImageObject","inLanguage":"pl-PL","@id":"https:\/\/va-varuste.fi\/#\/schema\/logo\/image\/","url":"https:\/\/va-varuste.fi\/wp-content\/uploads\/2023\/09\/va-logo.svg","contentUrl":"https:\/\/va-varuste.fi\/wp-content\/uploads\/2023\/09\/va-logo.svg","caption":"VA-Varuste"},"image":{"@id":"https:\/\/va-varuste.fi\/#\/schema\/logo\/image\/"},"sameAs":["https:\/\/www.facebook.com\/vavarustefi\/","https:\/\/www.instagram.com\/vavaruste\/"]}]}},"_links":{"self":[{"href":"https:\/\/va-varuste.fi\/pl\/wp-json\/wp\/v2\/product\/223825","targetHints":{"allow":["GET"]}}],"collection":[{"href":"https:\/\/va-varuste.fi\/pl\/wp-json\/wp\/v2\/product"}],"about":[{"href":"https:\/\/va-varuste.fi\/pl\/wp-json\/wp\/v2\/types\/product"}],"wp:featuredmedia":[{"embeddable":true,"href":"https:\/\/va-varuste.fi\/pl\/wp-json\/wp\/v2\/media\/216758"}],"wp:attachment":[{"href":"https:\/\/va-varuste.fi\/pl\/wp-json\/wp\/v2\/media?parent=223825"}],"wp:term":[{"taxonomy":"product_brand","embeddable":true,"href":"https:\/\/va-varuste.fi\/pl\/wp-json\/wp\/v2\/product_brand?post=223825"},{"taxonomy":"product_cat","embeddable":true,"href":"https:\/\/va-varuste.fi\/pl\/wp-json\/wp\/v2\/product_cat?post=223825"},{"taxonomy":"product_tag","embeddable":true,"href":"https:\/\/va-varuste.fi\/pl\/wp-json\/wp\/v2\/product_tag?post=223825"}],"curies":[{"name":"wp","href":"https:\/\/api.w.org\/{rel}","templated":true}]}}