{"id":223833,"date":"2023-10-25T09:29:07","date_gmt":"2023-10-25T06:29:07","guid":{"rendered":"https:\/\/va-varuste.fi\/?post_type=product&#038;p=223833"},"modified":"2026-03-20T11:30:30","modified_gmt":"2026-03-20T09:30:30","slug":"pyoriva-liuku-kiinteaan-pinta-asennukseen-vasen","status":"publish","type":"product","link":"https:\/\/va-varuste.fi\/pl\/produkt\/pyoriva-liuku-kiinteaan-pinta-asennukseen-vasen\/","title":{"rendered":"Swivel Slide for Fixed Surface Mounting LEFT"},"content":{"rendered":"<p>This slide is left-hand.<\/p><p><strong>Compatible with VA-Pro, VA-Mini and VA-Mini GT boat seats.<\/strong><\/p><p>VA-Swing is recommended to be installed on a shorter slide with pedestal. The swivel slide is 39 mm longer than the VA-Swing seat plate.<\/p><p>Surface-mounted slide mechanism with swivel base. Rotates 360\u00b0. System height: 70 mm. Slide length: 338 mm.<\/p>","protected":false},"excerpt":{"rendered":"<p>This slide is left-hand.Compatible with VA-Pro, VA-Mini and VA-Mini GT boat seats.VA-Swing is recommended to be installed on a shorter slide with pedestal. The swivel slide is 39 mm longer than the VA-Swing seat plate.Surface-mounted slide mechanism with swivel base. Rotates 360\u00b0. System height: 70 mm. Slide length: 338 mm.<\/p>\n","protected":false},"featured_media":216809,"template":"","meta":[],"product_brand":[],"product_cat":[353,381],"product_tag":[],"class_list":{"0":"post-223833","1":"product","2":"type-product","3":"status-publish","4":"has-post-thumbnail","6":"product_cat-kaikki-tuotteet","7":"product_cat-istuimenjalka-ja-liuku","8":"product_shipping_class-tuolinjalat","10":"first","11":"instock","12":"taxable","13":"shipping-taxable","14":"purchasable","15":"product-type-simple"},"yoast_head":"<!-- This site is optimized with the Yoast SEO plugin v27.2 - https:\/\/yoast.com\/product\/yoast-seo-wordpress\/ -->\n<title>Py\u00f6riv\u00e4 liuku kiinte\u00e4\u00e4n pinta-asennukseen VASEN - VA-Varuste<\/title>\n<meta name=\"description\" content=\"Pyoriva liuku kiinteaan pinta-asennukseen, vasenkatinen. Yhteensopiva VA-Pro, VA-Mini ja VA-Mini GT kanssa. Tilaa VA-Varusteelta.\" \/>\n<meta name=\"robots\" content=\"index, follow, max-snippet:-1, max-image-preview:large, max-video-preview:-1\" \/>\n<link rel=\"canonical\" href=\"https:\/\/va-varuste.fi\/tuote\/pyoriva-liuku-kiinteaan-pinta-asennukseen-vasen\/\" \/>\n<meta property=\"og:locale\" content=\"pl_PL\" \/>\n<meta property=\"og:type\" content=\"article\" \/>\n<meta property=\"og:title\" content=\"Py\u00f6riv\u00e4 liuku kiinte\u00e4\u00e4n pinta-asennukseen VASEN - VA-Varuste\" \/>\n<meta property=\"og:description\" content=\"Pyoriva liuku kiinteaan pinta-asennukseen, vasenkatinen. Yhteensopiva VA-Pro, VA-Mini ja VA-Mini GT kanssa. Tilaa VA-Varusteelta.\" \/>\n<meta property=\"og:url\" content=\"https:\/\/va-varuste.fi\/tuote\/pyoriva-liuku-kiinteaan-pinta-asennukseen-vasen\/\" \/>\n<meta property=\"og:site_name\" content=\"VA-Varuste\" \/>\n<meta property=\"article:publisher\" content=\"https:\/\/www.facebook.com\/vavarustefi\/\" \/>\n<meta property=\"article:modified_time\" content=\"2026-03-20T09:30:30+00:00\" \/>\n<meta property=\"og:image\" content=\"https:\/\/va-varuste.fi\/wp-content\/uploads\/2023\/10\/esm_spin.jpg\" \/>\n\t<meta property=\"og:image:width\" content=\"900\" \/>\n\t<meta property=\"og:image:height\" content=\"712\" \/>\n\t<meta property=\"og:image:type\" content=\"image\/jpeg\" \/>\n<meta name=\"twitter:card\" content=\"summary_large_image\" \/>\n<script type=\"application\/ld+json\" class=\"yoast-schema-graph\">{\"@context\":\"https:\/\/schema.org\",\"@graph\":[{\"@type\":\"WebPage\",\"@id\":\"https:\/\/va-varuste.fi\/tuote\/pyoriva-liuku-kiinteaan-pinta-asennukseen-vasen\/\",\"url\":\"https:\/\/va-varuste.fi\/tuote\/pyoriva-liuku-kiinteaan-pinta-asennukseen-vasen\/\",\"name\":\"Py\u00f6riv\u00e4 liuku kiinte\u00e4\u00e4n pinta-asennukseen VASEN - VA-Varuste\",\"isPartOf\":{\"@id\":\"https:\/\/va-varuste.fi\/#website\"},\"primaryImageOfPage\":{\"@id\":\"https:\/\/va-varuste.fi\/tuote\/pyoriva-liuku-kiinteaan-pinta-asennukseen-vasen\/#primaryimage\"},\"image\":{\"@id\":\"https:\/\/va-varuste.fi\/tuote\/pyoriva-liuku-kiinteaan-pinta-asennukseen-vasen\/#primaryimage\"},\"thumbnailUrl\":\"https:\/\/va-varuste.fi\/wp-content\/uploads\/2023\/10\/esm_spin.jpg\",\"datePublished\":\"2023-10-25T06:29:07+00:00\",\"dateModified\":\"2026-03-20T09:30:30+00:00\",\"description\":\"Pyoriva liuku kiinteaan pinta-asennukseen, vasenkatinen. Yhteensopiva VA-Pro, VA-Mini ja VA-Mini GT kanssa. Tilaa VA-Varusteelta.\",\"breadcrumb\":{\"@id\":\"https:\/\/va-varuste.fi\/tuote\/pyoriva-liuku-kiinteaan-pinta-asennukseen-vasen\/#breadcrumb\"},\"inLanguage\":\"pl-PL\",\"potentialAction\":[{\"@type\":\"ReadAction\",\"target\":[\"https:\/\/va-varuste.fi\/tuote\/pyoriva-liuku-kiinteaan-pinta-asennukseen-vasen\/\"]}]},{\"@type\":\"ImageObject\",\"inLanguage\":\"pl-PL\",\"@id\":\"https:\/\/va-varuste.fi\/tuote\/pyoriva-liuku-kiinteaan-pinta-asennukseen-vasen\/#primaryimage\",\"url\":\"https:\/\/va-varuste.fi\/wp-content\/uploads\/2023\/10\/esm_spin.jpg\",\"contentUrl\":\"https:\/\/va-varuste.fi\/wp-content\/uploads\/2023\/10\/esm_spin.jpg\",\"width\":900,\"height\":712},{\"@type\":\"BreadcrumbList\",\"@id\":\"https:\/\/va-varuste.fi\/tuote\/pyoriva-liuku-kiinteaan-pinta-asennukseen-vasen\/#breadcrumb\",\"itemListElement\":[{\"@type\":\"ListItem\",\"position\":1,\"name\":\"Etusivu\",\"item\":\"https:\/\/va-varuste.fi\/pl\/\"},{\"@type\":\"ListItem\",\"position\":2,\"name\":\"Sklep Internetowy\",\"item\":\"https:\/\/va-varuste.fi\/pl\/sklepie-internetowym\/\"},{\"@type\":\"ListItem\",\"position\":3,\"name\":\"Py\u00f6riv\u00e4 liuku kiinte\u00e4\u00e4n pinta-asennukseen VASEN\"}]},{\"@type\":\"WebSite\",\"@id\":\"https:\/\/va-varuste.fi\/#website\",\"url\":\"https:\/\/va-varuste.fi\/\",\"name\":\"VA-Varuste\",\"description\":\"\",\"publisher\":{\"@id\":\"https:\/\/va-varuste.fi\/#organization\"},\"potentialAction\":[{\"@type\":\"SearchAction\",\"target\":{\"@type\":\"EntryPoint\",\"urlTemplate\":\"https:\/\/va-varuste.fi\/?s={search_term_string}\"},\"query-input\":{\"@type\":\"PropertyValueSpecification\",\"valueRequired\":true,\"valueName\":\"search_term_string\"}}],\"inLanguage\":\"pl-PL\"},{\"@type\":\"Organization\",\"@id\":\"https:\/\/va-varuste.fi\/#organization\",\"name\":\"VA-Varuste\",\"url\":\"https:\/\/va-varuste.fi\/\",\"logo\":{\"@type\":\"ImageObject\",\"inLanguage\":\"pl-PL\",\"@id\":\"https:\/\/va-varuste.fi\/#\/schema\/logo\/image\/\",\"url\":\"https:\/\/va-varuste.fi\/wp-content\/uploads\/2023\/09\/va-logo.svg\",\"contentUrl\":\"https:\/\/va-varuste.fi\/wp-content\/uploads\/2023\/09\/va-logo.svg\",\"caption\":\"VA-Varuste\"},\"image\":{\"@id\":\"https:\/\/va-varuste.fi\/#\/schema\/logo\/image\/\"},\"sameAs\":[\"https:\/\/www.facebook.com\/vavarustefi\/\",\"https:\/\/www.instagram.com\/vavaruste\/\"]}]}<\/script>\n<!-- \/ Yoast SEO plugin. -->","yoast_head_json":{"title":"Py\u00f6riv\u00e4 liuku kiinte\u00e4\u00e4n pinta-asennukseen VASEN - VA-Varuste","description":"Pyoriva liuku kiinteaan pinta-asennukseen, vasenkatinen. Yhteensopiva VA-Pro, VA-Mini ja VA-Mini GT kanssa. Tilaa VA-Varusteelta.","robots":{"index":"index","follow":"follow","max-snippet":"max-snippet:-1","max-image-preview":"max-image-preview:large","max-video-preview":"max-video-preview:-1"},"canonical":"https:\/\/va-varuste.fi\/tuote\/pyoriva-liuku-kiinteaan-pinta-asennukseen-vasen\/","og_locale":"pl_PL","og_type":"article","og_title":"Py\u00f6riv\u00e4 liuku kiinte\u00e4\u00e4n pinta-asennukseen VASEN - VA-Varuste","og_description":"Pyoriva liuku kiinteaan pinta-asennukseen, vasenkatinen. Yhteensopiva VA-Pro, VA-Mini ja VA-Mini GT kanssa. Tilaa VA-Varusteelta.","og_url":"https:\/\/va-varuste.fi\/tuote\/pyoriva-liuku-kiinteaan-pinta-asennukseen-vasen\/","og_site_name":"VA-Varuste","article_publisher":"https:\/\/www.facebook.com\/vavarustefi\/","article_modified_time":"2026-03-20T09:30:30+00:00","og_image":[{"width":900,"height":712,"url":"https:\/\/va-varuste.fi\/wp-content\/uploads\/2023\/10\/esm_spin.jpg","type":"image\/jpeg"}],"twitter_card":"summary_large_image","schema":{"@context":"https:\/\/schema.org","@graph":[{"@type":"WebPage","@id":"https:\/\/va-varuste.fi\/tuote\/pyoriva-liuku-kiinteaan-pinta-asennukseen-vasen\/","url":"https:\/\/va-varuste.fi\/tuote\/pyoriva-liuku-kiinteaan-pinta-asennukseen-vasen\/","name":"Py\u00f6riv\u00e4 liuku kiinte\u00e4\u00e4n pinta-asennukseen VASEN - VA-Varuste","isPartOf":{"@id":"https:\/\/va-varuste.fi\/#website"},"primaryImageOfPage":{"@id":"https:\/\/va-varuste.fi\/tuote\/pyoriva-liuku-kiinteaan-pinta-asennukseen-vasen\/#primaryimage"},"image":{"@id":"https:\/\/va-varuste.fi\/tuote\/pyoriva-liuku-kiinteaan-pinta-asennukseen-vasen\/#primaryimage"},"thumbnailUrl":"https:\/\/va-varuste.fi\/wp-content\/uploads\/2023\/10\/esm_spin.jpg","datePublished":"2023-10-25T06:29:07+00:00","dateModified":"2026-03-20T09:30:30+00:00","description":"Pyoriva liuku kiinteaan pinta-asennukseen, vasenkatinen. Yhteensopiva VA-Pro, VA-Mini ja VA-Mini GT kanssa. Tilaa VA-Varusteelta.","breadcrumb":{"@id":"https:\/\/va-varuste.fi\/tuote\/pyoriva-liuku-kiinteaan-pinta-asennukseen-vasen\/#breadcrumb"},"inLanguage":"pl-PL","potentialAction":[{"@type":"ReadAction","target":["https:\/\/va-varuste.fi\/tuote\/pyoriva-liuku-kiinteaan-pinta-asennukseen-vasen\/"]}]},{"@type":"ImageObject","inLanguage":"pl-PL","@id":"https:\/\/va-varuste.fi\/tuote\/pyoriva-liuku-kiinteaan-pinta-asennukseen-vasen\/#primaryimage","url":"https:\/\/va-varuste.fi\/wp-content\/uploads\/2023\/10\/esm_spin.jpg","contentUrl":"https:\/\/va-varuste.fi\/wp-content\/uploads\/2023\/10\/esm_spin.jpg","width":900,"height":712},{"@type":"BreadcrumbList","@id":"https:\/\/va-varuste.fi\/tuote\/pyoriva-liuku-kiinteaan-pinta-asennukseen-vasen\/#breadcrumb","itemListElement":[{"@type":"ListItem","position":1,"name":"Etusivu","item":"https:\/\/va-varuste.fi\/pl\/"},{"@type":"ListItem","position":2,"name":"Sklep Internetowy","item":"https:\/\/va-varuste.fi\/pl\/sklepie-internetowym\/"},{"@type":"ListItem","position":3,"name":"Py\u00f6riv\u00e4 liuku kiinte\u00e4\u00e4n pinta-asennukseen VASEN"}]},{"@type":"WebSite","@id":"https:\/\/va-varuste.fi\/#website","url":"https:\/\/va-varuste.fi\/","name":"VA-Varuste","description":"","publisher":{"@id":"https:\/\/va-varuste.fi\/#organization"},"potentialAction":[{"@type":"SearchAction","target":{"@type":"EntryPoint","urlTemplate":"https:\/\/va-varuste.fi\/?s={search_term_string}"},"query-input":{"@type":"PropertyValueSpecification","valueRequired":true,"valueName":"search_term_string"}}],"inLanguage":"pl-PL"},{"@type":"Organization","@id":"https:\/\/va-varuste.fi\/#organization","name":"VA-Varuste","url":"https:\/\/va-varuste.fi\/","logo":{"@type":"ImageObject","inLanguage":"pl-PL","@id":"https:\/\/va-varuste.fi\/#\/schema\/logo\/image\/","url":"https:\/\/va-varuste.fi\/wp-content\/uploads\/2023\/09\/va-logo.svg","contentUrl":"https:\/\/va-varuste.fi\/wp-content\/uploads\/2023\/09\/va-logo.svg","caption":"VA-Varuste"},"image":{"@id":"https:\/\/va-varuste.fi\/#\/schema\/logo\/image\/"},"sameAs":["https:\/\/www.facebook.com\/vavarustefi\/","https:\/\/www.instagram.com\/vavaruste\/"]}]}},"_links":{"self":[{"href":"https:\/\/va-varuste.fi\/pl\/wp-json\/wp\/v2\/product\/223833","targetHints":{"allow":["GET"]}}],"collection":[{"href":"https:\/\/va-varuste.fi\/pl\/wp-json\/wp\/v2\/product"}],"about":[{"href":"https:\/\/va-varuste.fi\/pl\/wp-json\/wp\/v2\/types\/product"}],"wp:featuredmedia":[{"embeddable":true,"href":"https:\/\/va-varuste.fi\/pl\/wp-json\/wp\/v2\/media\/216809"}],"wp:attachment":[{"href":"https:\/\/va-varuste.fi\/pl\/wp-json\/wp\/v2\/media?parent=223833"}],"wp:term":[{"taxonomy":"product_brand","embeddable":true,"href":"https:\/\/va-varuste.fi\/pl\/wp-json\/wp\/v2\/product_brand?post=223833"},{"taxonomy":"product_cat","embeddable":true,"href":"https:\/\/va-varuste.fi\/pl\/wp-json\/wp\/v2\/product_cat?post=223833"},{"taxonomy":"product_tag","embeddable":true,"href":"https:\/\/va-varuste.fi\/pl\/wp-json\/wp\/v2\/product_tag?post=223833"}],"curies":[{"name":"wp","href":"https:\/\/api.w.org\/{rel}","templated":true}]}}