{"id":223853,"date":"2023-10-25T09:29:36","date_gmt":"2023-10-25T06:29:36","guid":{"rendered":"https:\/\/va-varuste.fi\/?post_type=product&#038;p=223853"},"modified":"2026-03-25T15:18:51","modified_gmt":"2026-03-25T13:18:51","slug":"tear-aid-b","status":"publish","type":"product","link":"https:\/\/va-varuste.fi\/pl\/produkt\/tear-aid-b\/","title":{"rendered":"Tear-Aid \"B\" Transparent Repair Patch for PVC\/Vinyl"},"content":{"rendered":"<p>Tear-Aid \"B\" is a transparent, extremely strong and elastic repair patch designed specifically for PVC and vinyl materials. Ideal for repairing boat canopy window films, PVC covers and other vinyl products.<\/p>\n<p><strong>Please note:<\/strong> Tear-Aid B is suitable ONLY for PVC and vinyl. For other materials, use Tear-Aid \"A\".<\/p>\n<p>The patch is UV-protected and weather-resistant. The tape adheres firmly without additional glue or heat, forming a permanent repair. Its transparency makes it particularly well suited for patching window films.<\/p>\n<p>Size 30 x 8 cm. Cut the required piece with scissors and round the corners for the best adhesion.<\/p>","protected":false},"excerpt":{"rendered":"<p>Tear-Aid &#8222;B&#8221; transparent repair patch for PVC and vinyl. Ideal for canopy window films. Extremely strong and elastic. 30 x 8 cm.<\/p>\n","protected":false},"featured_media":216901,"template":"","meta":[],"product_brand":[],"product_cat":[353,375],"product_tag":[],"class_list":{"0":"post-223853","1":"product","2":"type-product","3":"status-publish","4":"has-post-thumbnail","6":"product_cat-kaikki-tuotteet","7":"product_cat-hoitotuotteet-ja-homeenpoisto","9":"first","10":"instock","11":"taxable","12":"shipping-taxable","13":"purchasable","14":"product-type-simple"},"yoast_head":"<!-- This site is optimized with the Yoast SEO plugin v27.4 - https:\/\/yoast.com\/product\/yoast-seo-wordpress\/ -->\n<title>Tear-Aid &quot;B&quot; paikkausteippi PVC\/vinyyli | VA-Varuste<\/title>\n<meta name=\"description\" content=\"Tear-Aid &quot;B&quot; l\u00e4pin\u00e4kyv\u00e4 paikkausteippi PVC- ja vinyylipinnoille. Sopii kuomun ikkunakalvoille. Vahva ja elastinen. Tilaa VA-Varuste verkkokaupasta.\" \/>\n<meta name=\"robots\" content=\"index, follow, max-snippet:-1, max-image-preview:large, max-video-preview:-1\" \/>\n<link rel=\"canonical\" href=\"https:\/\/va-varuste.fi\/tuote\/tear-aid-b\/\" \/>\n<meta property=\"og:locale\" content=\"pl_PL\" \/>\n<meta property=\"og:type\" content=\"article\" \/>\n<meta property=\"og:title\" content=\"Tear-Aid &quot;B&quot; paikkausteippi PVC\/vinyyli | VA-Varuste\" \/>\n<meta property=\"og:description\" content=\"Tear-Aid &quot;B&quot; l\u00e4pin\u00e4kyv\u00e4 paikkausteippi PVC- ja vinyylipinnoille. Sopii kuomun ikkunakalvoille. Vahva ja elastinen. Tilaa VA-Varuste verkkokaupasta.\" \/>\n<meta property=\"og:url\" content=\"https:\/\/va-varuste.fi\/tuote\/tear-aid-b\/\" \/>\n<meta property=\"og:site_name\" content=\"VA-Varuste\" \/>\n<meta property=\"article:publisher\" content=\"https:\/\/www.facebook.com\/vavarustefi\/\" \/>\n<meta property=\"article:modified_time\" content=\"2026-03-25T13:18:51+00:00\" \/>\n<meta property=\"og:image\" content=\"https:\/\/va-varuste.fi\/wp-content\/uploads\/2023\/10\/tear-aid.jpg\" \/>\n\t<meta property=\"og:image:width\" content=\"1000\" \/>\n\t<meta property=\"og:image:height\" content=\"1074\" \/>\n\t<meta property=\"og:image:type\" content=\"image\/jpeg\" \/>\n<meta name=\"twitter:card\" content=\"summary_large_image\" \/>\n<meta name=\"twitter:label1\" content=\"Szacowany czas czytania\" \/>\n\t<meta name=\"twitter:data1\" content=\"1 minuta\" \/>\n<script type=\"application\/ld+json\" class=\"yoast-schema-graph\">{\"@context\":\"https:\\\/\\\/schema.org\",\"@graph\":[{\"@type\":\"WebPage\",\"@id\":\"https:\\\/\\\/va-varuste.fi\\\/tuote\\\/tear-aid-b\\\/\",\"url\":\"https:\\\/\\\/va-varuste.fi\\\/tuote\\\/tear-aid-b\\\/\",\"name\":\"Tear-Aid \\\"B\\\" paikkausteippi PVC\\\/vinyyli | VA-Varuste\",\"isPartOf\":{\"@id\":\"https:\\\/\\\/va-varuste.fi\\\/#website\"},\"primaryImageOfPage\":{\"@id\":\"https:\\\/\\\/va-varuste.fi\\\/tuote\\\/tear-aid-b\\\/#primaryimage\"},\"image\":{\"@id\":\"https:\\\/\\\/va-varuste.fi\\\/tuote\\\/tear-aid-b\\\/#primaryimage\"},\"thumbnailUrl\":\"https:\\\/\\\/va-varuste.fi\\\/wp-content\\\/uploads\\\/2023\\\/10\\\/tear-aid.jpg\",\"datePublished\":\"2023-10-25T06:29:36+00:00\",\"dateModified\":\"2026-03-25T13:18:51+00:00\",\"description\":\"Tear-Aid \\\"B\\\" l\u00e4pin\u00e4kyv\u00e4 paikkausteippi PVC- ja vinyylipinnoille. Sopii kuomun ikkunakalvoille. Vahva ja elastinen. Tilaa VA-Varuste verkkokaupasta.\",\"breadcrumb\":{\"@id\":\"https:\\\/\\\/va-varuste.fi\\\/tuote\\\/tear-aid-b\\\/#breadcrumb\"},\"inLanguage\":\"pl-PL\",\"potentialAction\":[{\"@type\":\"ReadAction\",\"target\":[\"https:\\\/\\\/va-varuste.fi\\\/tuote\\\/tear-aid-b\\\/\"]}]},{\"@type\":\"ImageObject\",\"inLanguage\":\"pl-PL\",\"@id\":\"https:\\\/\\\/va-varuste.fi\\\/tuote\\\/tear-aid-b\\\/#primaryimage\",\"url\":\"https:\\\/\\\/va-varuste.fi\\\/wp-content\\\/uploads\\\/2023\\\/10\\\/tear-aid.jpg\",\"contentUrl\":\"https:\\\/\\\/va-varuste.fi\\\/wp-content\\\/uploads\\\/2023\\\/10\\\/tear-aid.jpg\",\"width\":1000,\"height\":1074},{\"@type\":\"BreadcrumbList\",\"@id\":\"https:\\\/\\\/va-varuste.fi\\\/tuote\\\/tear-aid-b\\\/#breadcrumb\",\"itemListElement\":[{\"@type\":\"ListItem\",\"position\":1,\"name\":\"Etusivu\",\"item\":\"https:\\\/\\\/va-varuste.fi\\\/pl\\\/\"},{\"@type\":\"ListItem\",\"position\":2,\"name\":\"Sklep Internetowy\",\"item\":\"https:\\\/\\\/va-varuste.fi\\\/pl\\\/sklepie-internetowym\\\/\"},{\"@type\":\"ListItem\",\"position\":3,\"name\":\"Tear-Aid &#8221;B&#8221;\"}]},{\"@type\":\"WebSite\",\"@id\":\"https:\\\/\\\/va-varuste.fi\\\/#website\",\"url\":\"https:\\\/\\\/va-varuste.fi\\\/\",\"name\":\"VA-Varuste\",\"description\":\"\",\"publisher\":{\"@id\":\"https:\\\/\\\/va-varuste.fi\\\/#organization\"},\"potentialAction\":[{\"@type\":\"SearchAction\",\"target\":{\"@type\":\"EntryPoint\",\"urlTemplate\":\"https:\\\/\\\/va-varuste.fi\\\/?s={search_term_string}\"},\"query-input\":{\"@type\":\"PropertyValueSpecification\",\"valueRequired\":true,\"valueName\":\"search_term_string\"}}],\"inLanguage\":\"pl-PL\"},{\"@type\":\"Organization\",\"@id\":\"https:\\\/\\\/va-varuste.fi\\\/#organization\",\"name\":\"VA-Varuste\",\"url\":\"https:\\\/\\\/va-varuste.fi\\\/\",\"logo\":{\"@type\":\"ImageObject\",\"inLanguage\":\"pl-PL\",\"@id\":\"https:\\\/\\\/va-varuste.fi\\\/#\\\/schema\\\/logo\\\/image\\\/\",\"url\":\"https:\\\/\\\/va-varuste.fi\\\/wp-content\\\/uploads\\\/2023\\\/09\\\/va-logo.svg\",\"contentUrl\":\"https:\\\/\\\/va-varuste.fi\\\/wp-content\\\/uploads\\\/2023\\\/09\\\/va-logo.svg\",\"caption\":\"VA-Varuste\"},\"image\":{\"@id\":\"https:\\\/\\\/va-varuste.fi\\\/#\\\/schema\\\/logo\\\/image\\\/\"},\"sameAs\":[\"https:\\\/\\\/www.facebook.com\\\/vavarustefi\\\/\",\"https:\\\/\\\/www.instagram.com\\\/vavaruste\\\/\"]}]}<\/script>\n<!-- \/ Yoast SEO plugin. -->","yoast_head_json":{"title":"Tear-Aid \"B\" paikkausteippi PVC\/vinyyli | VA-Varuste","description":"Tear-Aid \"B\" l\u00e4pin\u00e4kyv\u00e4 paikkausteippi PVC- ja vinyylipinnoille. Sopii kuomun ikkunakalvoille. Vahva ja elastinen. Tilaa VA-Varuste verkkokaupasta.","robots":{"index":"index","follow":"follow","max-snippet":"max-snippet:-1","max-image-preview":"max-image-preview:large","max-video-preview":"max-video-preview:-1"},"canonical":"https:\/\/va-varuste.fi\/tuote\/tear-aid-b\/","og_locale":"pl_PL","og_type":"article","og_title":"Tear-Aid \"B\" paikkausteippi PVC\/vinyyli | VA-Varuste","og_description":"Tear-Aid \"B\" l\u00e4pin\u00e4kyv\u00e4 paikkausteippi PVC- ja vinyylipinnoille. Sopii kuomun ikkunakalvoille. Vahva ja elastinen. Tilaa VA-Varuste verkkokaupasta.","og_url":"https:\/\/va-varuste.fi\/tuote\/tear-aid-b\/","og_site_name":"VA-Varuste","article_publisher":"https:\/\/www.facebook.com\/vavarustefi\/","article_modified_time":"2026-03-25T13:18:51+00:00","og_image":[{"width":1000,"height":1074,"url":"https:\/\/va-varuste.fi\/wp-content\/uploads\/2023\/10\/tear-aid.jpg","type":"image\/jpeg"}],"twitter_card":"summary_large_image","twitter_misc":{"Szacowany czas czytania":"1 minuta"},"schema":{"@context":"https:\/\/schema.org","@graph":[{"@type":"WebPage","@id":"https:\/\/va-varuste.fi\/tuote\/tear-aid-b\/","url":"https:\/\/va-varuste.fi\/tuote\/tear-aid-b\/","name":"Tear-Aid \"B\" paikkausteippi PVC\/vinyyli | VA-Varuste","isPartOf":{"@id":"https:\/\/va-varuste.fi\/#website"},"primaryImageOfPage":{"@id":"https:\/\/va-varuste.fi\/tuote\/tear-aid-b\/#primaryimage"},"image":{"@id":"https:\/\/va-varuste.fi\/tuote\/tear-aid-b\/#primaryimage"},"thumbnailUrl":"https:\/\/va-varuste.fi\/wp-content\/uploads\/2023\/10\/tear-aid.jpg","datePublished":"2023-10-25T06:29:36+00:00","dateModified":"2026-03-25T13:18:51+00:00","description":"Tear-Aid \"B\" l\u00e4pin\u00e4kyv\u00e4 paikkausteippi PVC- ja vinyylipinnoille. Sopii kuomun ikkunakalvoille. Vahva ja elastinen. Tilaa VA-Varuste verkkokaupasta.","breadcrumb":{"@id":"https:\/\/va-varuste.fi\/tuote\/tear-aid-b\/#breadcrumb"},"inLanguage":"pl-PL","potentialAction":[{"@type":"ReadAction","target":["https:\/\/va-varuste.fi\/tuote\/tear-aid-b\/"]}]},{"@type":"ImageObject","inLanguage":"pl-PL","@id":"https:\/\/va-varuste.fi\/tuote\/tear-aid-b\/#primaryimage","url":"https:\/\/va-varuste.fi\/wp-content\/uploads\/2023\/10\/tear-aid.jpg","contentUrl":"https:\/\/va-varuste.fi\/wp-content\/uploads\/2023\/10\/tear-aid.jpg","width":1000,"height":1074},{"@type":"BreadcrumbList","@id":"https:\/\/va-varuste.fi\/tuote\/tear-aid-b\/#breadcrumb","itemListElement":[{"@type":"ListItem","position":1,"name":"Etusivu","item":"https:\/\/va-varuste.fi\/pl\/"},{"@type":"ListItem","position":2,"name":"Sklep Internetowy","item":"https:\/\/va-varuste.fi\/pl\/sklepie-internetowym\/"},{"@type":"ListItem","position":3,"name":"Tear-Aid &#8221;B&#8221;"}]},{"@type":"WebSite","@id":"https:\/\/va-varuste.fi\/#website","url":"https:\/\/va-varuste.fi\/","name":"VA-Varuste","description":"","publisher":{"@id":"https:\/\/va-varuste.fi\/#organization"},"potentialAction":[{"@type":"SearchAction","target":{"@type":"EntryPoint","urlTemplate":"https:\/\/va-varuste.fi\/?s={search_term_string}"},"query-input":{"@type":"PropertyValueSpecification","valueRequired":true,"valueName":"search_term_string"}}],"inLanguage":"pl-PL"},{"@type":"Organization","@id":"https:\/\/va-varuste.fi\/#organization","name":"VA-Varuste","url":"https:\/\/va-varuste.fi\/","logo":{"@type":"ImageObject","inLanguage":"pl-PL","@id":"https:\/\/va-varuste.fi\/#\/schema\/logo\/image\/","url":"https:\/\/va-varuste.fi\/wp-content\/uploads\/2023\/09\/va-logo.svg","contentUrl":"https:\/\/va-varuste.fi\/wp-content\/uploads\/2023\/09\/va-logo.svg","caption":"VA-Varuste"},"image":{"@id":"https:\/\/va-varuste.fi\/#\/schema\/logo\/image\/"},"sameAs":["https:\/\/www.facebook.com\/vavarustefi\/","https:\/\/www.instagram.com\/vavaruste\/"]}]}},"_links":{"self":[{"href":"https:\/\/va-varuste.fi\/pl\/wp-json\/wp\/v2\/product\/223853","targetHints":{"allow":["GET"]}}],"collection":[{"href":"https:\/\/va-varuste.fi\/pl\/wp-json\/wp\/v2\/product"}],"about":[{"href":"https:\/\/va-varuste.fi\/pl\/wp-json\/wp\/v2\/types\/product"}],"wp:featuredmedia":[{"embeddable":true,"href":"https:\/\/va-varuste.fi\/pl\/wp-json\/wp\/v2\/media\/216901"}],"wp:attachment":[{"href":"https:\/\/va-varuste.fi\/pl\/wp-json\/wp\/v2\/media?parent=223853"}],"wp:term":[{"taxonomy":"product_brand","embeddable":true,"href":"https:\/\/va-varuste.fi\/pl\/wp-json\/wp\/v2\/product_brand?post=223853"},{"taxonomy":"product_cat","embeddable":true,"href":"https:\/\/va-varuste.fi\/pl\/wp-json\/wp\/v2\/product_cat?post=223853"},{"taxonomy":"product_tag","embeddable":true,"href":"https:\/\/va-varuste.fi\/pl\/wp-json\/wp\/v2\/product_tag?post=223853"}],"curies":[{"name":"wp","href":"https:\/\/api.w.org\/{rel}","templated":true}]}}