{"id":223977,"date":"2023-10-25T09:32:42","date_gmt":"2023-10-25T06:32:42","guid":{"rendered":"https:\/\/va-varuste.fi\/?post_type=product&#038;p=223977"},"modified":"2026-03-25T13:26:46","modified_gmt":"2026-03-25T11:26:46","slug":"alumiini-profiili-o28mm-2550mm","status":"publish","type":"product","link":"https:\/\/va-varuste.fi\/pl\/produkt\/alumiini-profiili-o28mm-2550mm\/","title":{"rendered":"Aluminium Profile, \u00d828mm, 2550mm"},"content":{"rendered":"<p>Aluminium profile for VA-Caravan seasonal cover frame structure. Outer diameter 28 mm, length 2550 mm. Lightweight and durable profile suitable for the seasonal cover support frame.<\/p>\n<p>Easy to install and highly weather-resistant. Compatible with VA-Caravan seasonal covers.<\/p>","protected":false},"excerpt":{"rendered":"<p>Aluminium profile \u00d828 mm, length 2550 mm. For VA-Caravan seasonal cover frame.<\/p>\n","protected":false},"featured_media":217286,"template":"","meta":[],"product_brand":[],"product_cat":[353,357],"product_tag":[],"class_list":{"0":"post-223977","1":"product","2":"type-product","3":"status-publish","4":"has-post-thumbnail","6":"product_cat-kaikki-tuotteet","7":"product_cat-va-caravan-tarvikkeet","9":"first","10":"instock","11":"taxable","12":"shipping-taxable","13":"purchasable","14":"product-type-simple"},"yoast_head":"<!-- This site is optimized with the Yoast SEO plugin v27.2 - https:\/\/yoast.com\/product\/yoast-seo-wordpress\/ -->\n<title>Alumiiniprofiili \u00d828mm 2550mm kausisuojaan | VA-Varuste<\/title>\n<meta name=\"description\" content=\"Alumiiniprofiili \u00d828 mm, pituus 2550 mm. VA-Caravan kausisuojan runkorakenteeseen. Kevyt ja kest\u00e4v\u00e4. Tilaa VA-Varuste verkkokaupasta.\" \/>\n<meta name=\"robots\" content=\"index, follow, max-snippet:-1, max-image-preview:large, max-video-preview:-1\" \/>\n<link rel=\"canonical\" href=\"https:\/\/va-varuste.fi\/tuote\/alumiini-profiili-o28mm-2550mm\/\" \/>\n<meta property=\"og:locale\" content=\"pl_PL\" \/>\n<meta property=\"og:type\" content=\"article\" \/>\n<meta property=\"og:title\" content=\"Alumiiniprofiili \u00d828mm 2550mm kausisuojaan | VA-Varuste\" \/>\n<meta property=\"og:description\" content=\"Alumiiniprofiili \u00d828 mm, pituus 2550 mm. VA-Caravan kausisuojan runkorakenteeseen. Kevyt ja kest\u00e4v\u00e4. Tilaa VA-Varuste verkkokaupasta.\" \/>\n<meta property=\"og:url\" content=\"https:\/\/va-varuste.fi\/tuote\/alumiini-profiili-o28mm-2550mm\/\" \/>\n<meta property=\"og:site_name\" content=\"VA-Varuste\" \/>\n<meta property=\"article:publisher\" content=\"https:\/\/www.facebook.com\/vavarustefi\/\" \/>\n<meta property=\"article:modified_time\" content=\"2026-03-25T11:26:46+00:00\" \/>\n<meta property=\"og:image\" content=\"https:\/\/va-varuste.fi\/wp-content\/uploads\/2023\/10\/aluprofiili.jpg\" \/>\n\t<meta property=\"og:image:width\" content=\"1908\" \/>\n\t<meta property=\"og:image:height\" content=\"1908\" \/>\n\t<meta property=\"og:image:type\" content=\"image\/jpeg\" \/>\n<meta name=\"twitter:card\" content=\"summary_large_image\" \/>\n<script type=\"application\/ld+json\" class=\"yoast-schema-graph\">{\"@context\":\"https:\/\/schema.org\",\"@graph\":[{\"@type\":\"WebPage\",\"@id\":\"https:\/\/va-varuste.fi\/tuote\/alumiini-profiili-o28mm-2550mm\/\",\"url\":\"https:\/\/va-varuste.fi\/tuote\/alumiini-profiili-o28mm-2550mm\/\",\"name\":\"Alumiiniprofiili \u00d828mm 2550mm kausisuojaan | VA-Varuste\",\"isPartOf\":{\"@id\":\"https:\/\/va-varuste.fi\/#website\"},\"primaryImageOfPage\":{\"@id\":\"https:\/\/va-varuste.fi\/tuote\/alumiini-profiili-o28mm-2550mm\/#primaryimage\"},\"image\":{\"@id\":\"https:\/\/va-varuste.fi\/tuote\/alumiini-profiili-o28mm-2550mm\/#primaryimage\"},\"thumbnailUrl\":\"https:\/\/va-varuste.fi\/wp-content\/uploads\/2023\/10\/aluprofiili.jpg\",\"datePublished\":\"2023-10-25T06:32:42+00:00\",\"dateModified\":\"2026-03-25T11:26:46+00:00\",\"description\":\"Alumiiniprofiili \u00d828 mm, pituus 2550 mm. VA-Caravan kausisuojan runkorakenteeseen. Kevyt ja kest\u00e4v\u00e4. Tilaa VA-Varuste verkkokaupasta.\",\"breadcrumb\":{\"@id\":\"https:\/\/va-varuste.fi\/tuote\/alumiini-profiili-o28mm-2550mm\/#breadcrumb\"},\"inLanguage\":\"pl-PL\",\"potentialAction\":[{\"@type\":\"ReadAction\",\"target\":[\"https:\/\/va-varuste.fi\/tuote\/alumiini-profiili-o28mm-2550mm\/\"]}]},{\"@type\":\"ImageObject\",\"inLanguage\":\"pl-PL\",\"@id\":\"https:\/\/va-varuste.fi\/tuote\/alumiini-profiili-o28mm-2550mm\/#primaryimage\",\"url\":\"https:\/\/va-varuste.fi\/wp-content\/uploads\/2023\/10\/aluprofiili.jpg\",\"contentUrl\":\"https:\/\/va-varuste.fi\/wp-content\/uploads\/2023\/10\/aluprofiili.jpg\",\"width\":1908,\"height\":1908},{\"@type\":\"BreadcrumbList\",\"@id\":\"https:\/\/va-varuste.fi\/tuote\/alumiini-profiili-o28mm-2550mm\/#breadcrumb\",\"itemListElement\":[{\"@type\":\"ListItem\",\"position\":1,\"name\":\"Etusivu\",\"item\":\"https:\/\/va-varuste.fi\/pl\/\"},{\"@type\":\"ListItem\",\"position\":2,\"name\":\"Sklep Internetowy\",\"item\":\"https:\/\/va-varuste.fi\/pl\/sklepie-internetowym\/\"},{\"@type\":\"ListItem\",\"position\":3,\"name\":\"Alumiini-profiili, \u00d828mm, 2550mm\"}]},{\"@type\":\"WebSite\",\"@id\":\"https:\/\/va-varuste.fi\/#website\",\"url\":\"https:\/\/va-varuste.fi\/\",\"name\":\"VA-Varuste\",\"description\":\"\",\"publisher\":{\"@id\":\"https:\/\/va-varuste.fi\/#organization\"},\"potentialAction\":[{\"@type\":\"SearchAction\",\"target\":{\"@type\":\"EntryPoint\",\"urlTemplate\":\"https:\/\/va-varuste.fi\/?s={search_term_string}\"},\"query-input\":{\"@type\":\"PropertyValueSpecification\",\"valueRequired\":true,\"valueName\":\"search_term_string\"}}],\"inLanguage\":\"pl-PL\"},{\"@type\":\"Organization\",\"@id\":\"https:\/\/va-varuste.fi\/#organization\",\"name\":\"VA-Varuste\",\"url\":\"https:\/\/va-varuste.fi\/\",\"logo\":{\"@type\":\"ImageObject\",\"inLanguage\":\"pl-PL\",\"@id\":\"https:\/\/va-varuste.fi\/#\/schema\/logo\/image\/\",\"url\":\"https:\/\/va-varuste.fi\/wp-content\/uploads\/2023\/09\/va-logo.svg\",\"contentUrl\":\"https:\/\/va-varuste.fi\/wp-content\/uploads\/2023\/09\/va-logo.svg\",\"caption\":\"VA-Varuste\"},\"image\":{\"@id\":\"https:\/\/va-varuste.fi\/#\/schema\/logo\/image\/\"},\"sameAs\":[\"https:\/\/www.facebook.com\/vavarustefi\/\",\"https:\/\/www.instagram.com\/vavaruste\/\"]}]}<\/script>\n<!-- \/ Yoast SEO plugin. -->","yoast_head_json":{"title":"Alumiiniprofiili \u00d828mm 2550mm kausisuojaan | VA-Varuste","description":"Alumiiniprofiili \u00d828 mm, pituus 2550 mm. VA-Caravan kausisuojan runkorakenteeseen. Kevyt ja kest\u00e4v\u00e4. Tilaa VA-Varuste verkkokaupasta.","robots":{"index":"index","follow":"follow","max-snippet":"max-snippet:-1","max-image-preview":"max-image-preview:large","max-video-preview":"max-video-preview:-1"},"canonical":"https:\/\/va-varuste.fi\/tuote\/alumiini-profiili-o28mm-2550mm\/","og_locale":"pl_PL","og_type":"article","og_title":"Alumiiniprofiili \u00d828mm 2550mm kausisuojaan | VA-Varuste","og_description":"Alumiiniprofiili \u00d828 mm, pituus 2550 mm. VA-Caravan kausisuojan runkorakenteeseen. Kevyt ja kest\u00e4v\u00e4. Tilaa VA-Varuste verkkokaupasta.","og_url":"https:\/\/va-varuste.fi\/tuote\/alumiini-profiili-o28mm-2550mm\/","og_site_name":"VA-Varuste","article_publisher":"https:\/\/www.facebook.com\/vavarustefi\/","article_modified_time":"2026-03-25T11:26:46+00:00","og_image":[{"width":1908,"height":1908,"url":"https:\/\/va-varuste.fi\/wp-content\/uploads\/2023\/10\/aluprofiili.jpg","type":"image\/jpeg"}],"twitter_card":"summary_large_image","schema":{"@context":"https:\/\/schema.org","@graph":[{"@type":"WebPage","@id":"https:\/\/va-varuste.fi\/tuote\/alumiini-profiili-o28mm-2550mm\/","url":"https:\/\/va-varuste.fi\/tuote\/alumiini-profiili-o28mm-2550mm\/","name":"Alumiiniprofiili \u00d828mm 2550mm kausisuojaan | VA-Varuste","isPartOf":{"@id":"https:\/\/va-varuste.fi\/#website"},"primaryImageOfPage":{"@id":"https:\/\/va-varuste.fi\/tuote\/alumiini-profiili-o28mm-2550mm\/#primaryimage"},"image":{"@id":"https:\/\/va-varuste.fi\/tuote\/alumiini-profiili-o28mm-2550mm\/#primaryimage"},"thumbnailUrl":"https:\/\/va-varuste.fi\/wp-content\/uploads\/2023\/10\/aluprofiili.jpg","datePublished":"2023-10-25T06:32:42+00:00","dateModified":"2026-03-25T11:26:46+00:00","description":"Alumiiniprofiili \u00d828 mm, pituus 2550 mm. VA-Caravan kausisuojan runkorakenteeseen. Kevyt ja kest\u00e4v\u00e4. Tilaa VA-Varuste verkkokaupasta.","breadcrumb":{"@id":"https:\/\/va-varuste.fi\/tuote\/alumiini-profiili-o28mm-2550mm\/#breadcrumb"},"inLanguage":"pl-PL","potentialAction":[{"@type":"ReadAction","target":["https:\/\/va-varuste.fi\/tuote\/alumiini-profiili-o28mm-2550mm\/"]}]},{"@type":"ImageObject","inLanguage":"pl-PL","@id":"https:\/\/va-varuste.fi\/tuote\/alumiini-profiili-o28mm-2550mm\/#primaryimage","url":"https:\/\/va-varuste.fi\/wp-content\/uploads\/2023\/10\/aluprofiili.jpg","contentUrl":"https:\/\/va-varuste.fi\/wp-content\/uploads\/2023\/10\/aluprofiili.jpg","width":1908,"height":1908},{"@type":"BreadcrumbList","@id":"https:\/\/va-varuste.fi\/tuote\/alumiini-profiili-o28mm-2550mm\/#breadcrumb","itemListElement":[{"@type":"ListItem","position":1,"name":"Etusivu","item":"https:\/\/va-varuste.fi\/pl\/"},{"@type":"ListItem","position":2,"name":"Sklep Internetowy","item":"https:\/\/va-varuste.fi\/pl\/sklepie-internetowym\/"},{"@type":"ListItem","position":3,"name":"Alumiini-profiili, \u00d828mm, 2550mm"}]},{"@type":"WebSite","@id":"https:\/\/va-varuste.fi\/#website","url":"https:\/\/va-varuste.fi\/","name":"VA-Varuste","description":"","publisher":{"@id":"https:\/\/va-varuste.fi\/#organization"},"potentialAction":[{"@type":"SearchAction","target":{"@type":"EntryPoint","urlTemplate":"https:\/\/va-varuste.fi\/?s={search_term_string}"},"query-input":{"@type":"PropertyValueSpecification","valueRequired":true,"valueName":"search_term_string"}}],"inLanguage":"pl-PL"},{"@type":"Organization","@id":"https:\/\/va-varuste.fi\/#organization","name":"VA-Varuste","url":"https:\/\/va-varuste.fi\/","logo":{"@type":"ImageObject","inLanguage":"pl-PL","@id":"https:\/\/va-varuste.fi\/#\/schema\/logo\/image\/","url":"https:\/\/va-varuste.fi\/wp-content\/uploads\/2023\/09\/va-logo.svg","contentUrl":"https:\/\/va-varuste.fi\/wp-content\/uploads\/2023\/09\/va-logo.svg","caption":"VA-Varuste"},"image":{"@id":"https:\/\/va-varuste.fi\/#\/schema\/logo\/image\/"},"sameAs":["https:\/\/www.facebook.com\/vavarustefi\/","https:\/\/www.instagram.com\/vavaruste\/"]}]}},"_links":{"self":[{"href":"https:\/\/va-varuste.fi\/pl\/wp-json\/wp\/v2\/product\/223977","targetHints":{"allow":["GET"]}}],"collection":[{"href":"https:\/\/va-varuste.fi\/pl\/wp-json\/wp\/v2\/product"}],"about":[{"href":"https:\/\/va-varuste.fi\/pl\/wp-json\/wp\/v2\/types\/product"}],"wp:featuredmedia":[{"embeddable":true,"href":"https:\/\/va-varuste.fi\/pl\/wp-json\/wp\/v2\/media\/217286"}],"wp:attachment":[{"href":"https:\/\/va-varuste.fi\/pl\/wp-json\/wp\/v2\/media?parent=223977"}],"wp:term":[{"taxonomy":"product_brand","embeddable":true,"href":"https:\/\/va-varuste.fi\/pl\/wp-json\/wp\/v2\/product_brand?post=223977"},{"taxonomy":"product_cat","embeddable":true,"href":"https:\/\/va-varuste.fi\/pl\/wp-json\/wp\/v2\/product_cat?post=223977"},{"taxonomy":"product_tag","embeddable":true,"href":"https:\/\/va-varuste.fi\/pl\/wp-json\/wp\/v2\/product_tag?post=223977"}],"curies":[{"name":"wp","href":"https:\/\/api.w.org\/{rel}","templated":true}]}}