{"id":224353,"date":"2023-10-26T11:48:42","date_gmt":"2023-10-26T08:48:42","guid":{"rendered":"https:\/\/va-varuste.fi\/?post_type=product&#038;p=224353"},"modified":"2026-03-25T15:39:22","modified_gmt":"2026-03-25T13:39:22","slug":"x-latch","status":"publish","type":"product","link":"https:\/\/va-varuste.fi\/pl\/produkt\/x-latch\/","title":{"rendered":"X-Latch"},"content":{"rendered":"<p>X-Latch is a patented latch that combines the flexibility of a rubber latch with the strength of a steel latch. The latch tightens securely and does not work loose during use, making it an excellent choice for boating applications.<\/p>\n<p>The rubber inner component operates silently, so the latch does not rattle in waves or wind. UV-protected material withstands sunlight and the stresses of a marine environment.<\/p>\n<p>Dimensions 95 \u00d7 33 mm. The latch can be secured with a padlock for added security.<\/p>\n<p><strong>Special offer price!<\/strong><\/p>","protected":false},"excerpt":{"rendered":"<p>X-Latch patented latch combining rubber and steel. Silent operation, UV-protected, padlock-compatible. 95 \u00d7 33 mm.<\/p>\n","protected":false},"featured_media":228800,"template":"","meta":[],"product_brand":[],"product_cat":[353,354,388],"product_tag":[],"class_list":{"0":"post-224353","1":"product","2":"type-product","3":"status-publish","4":"has-post-thumbnail","6":"product_cat-kaikki-tuotteet","7":"product_cat-veneilytarvikkeet","8":"product_cat-outlet","10":"first","11":"instock","12":"sale","13":"taxable","14":"shipping-taxable","15":"purchasable","16":"product-type-simple"},"yoast_head":"<!-- This site is optimized with the Yoast SEO plugin v27.4 - https:\/\/yoast.com\/product\/yoast-seo-wordpress\/ -->\n<title>X-Latch patentoitu salpa | VA-Varuste<\/title>\n<meta name=\"description\" content=\"X-Latch-patentoitu salpa yhdist\u00e4\u00e4 kumi- ja ter\u00e4ssalvan edut. Hiljainen, UV-suojattu, lukittavissa riippulukolla. 95\u00d733 mm. Tilaa VA-Varusteesta.\" \/>\n<meta name=\"robots\" content=\"index, follow, max-snippet:-1, max-image-preview:large, max-video-preview:-1\" \/>\n<link rel=\"canonical\" href=\"https:\/\/va-varuste.fi\/tuote\/x-latch\/\" \/>\n<meta property=\"og:locale\" content=\"pl_PL\" \/>\n<meta property=\"og:type\" content=\"article\" \/>\n<meta property=\"og:title\" content=\"X-Latch patentoitu salpa | VA-Varuste\" \/>\n<meta property=\"og:description\" content=\"X-Latch-patentoitu salpa yhdist\u00e4\u00e4 kumi- ja ter\u00e4ssalvan edut. Hiljainen, UV-suojattu, lukittavissa riippulukolla. 95\u00d733 mm. Tilaa VA-Varusteesta.\" \/>\n<meta property=\"og:url\" content=\"https:\/\/va-varuste.fi\/tuote\/x-latch\/\" \/>\n<meta property=\"og:site_name\" content=\"VA-Varuste\" \/>\n<meta property=\"article:publisher\" content=\"https:\/\/www.facebook.com\/vavarustefi\/\" \/>\n<meta property=\"article:modified_time\" content=\"2026-03-25T13:39:22+00:00\" \/>\n<meta property=\"og:image\" content=\"https:\/\/va-varuste.fi\/wp-content\/uploads\/2023\/10\/x-latch.jpg\" \/>\n\t<meta property=\"og:image:width\" content=\"900\" \/>\n\t<meta property=\"og:image:height\" content=\"900\" \/>\n\t<meta property=\"og:image:type\" content=\"image\/jpeg\" \/>\n<meta name=\"twitter:card\" content=\"summary_large_image\" \/>\n<script type=\"application\/ld+json\" class=\"yoast-schema-graph\">{\"@context\":\"https:\\\/\\\/schema.org\",\"@graph\":[{\"@type\":\"WebPage\",\"@id\":\"https:\\\/\\\/va-varuste.fi\\\/tuote\\\/x-latch\\\/\",\"url\":\"https:\\\/\\\/va-varuste.fi\\\/tuote\\\/x-latch\\\/\",\"name\":\"X-Latch patentoitu salpa | VA-Varuste\",\"isPartOf\":{\"@id\":\"https:\\\/\\\/va-varuste.fi\\\/#website\"},\"primaryImageOfPage\":{\"@id\":\"https:\\\/\\\/va-varuste.fi\\\/tuote\\\/x-latch\\\/#primaryimage\"},\"image\":{\"@id\":\"https:\\\/\\\/va-varuste.fi\\\/tuote\\\/x-latch\\\/#primaryimage\"},\"thumbnailUrl\":\"https:\\\/\\\/va-varuste.fi\\\/wp-content\\\/uploads\\\/2023\\\/10\\\/x-latch.jpg\",\"datePublished\":\"2023-10-26T08:48:42+00:00\",\"dateModified\":\"2026-03-25T13:39:22+00:00\",\"description\":\"X-Latch-patentoitu salpa yhdist\u00e4\u00e4 kumi- ja ter\u00e4ssalvan edut. Hiljainen, UV-suojattu, lukittavissa riippulukolla. 95\u00d733 mm. Tilaa VA-Varusteesta.\",\"breadcrumb\":{\"@id\":\"https:\\\/\\\/va-varuste.fi\\\/tuote\\\/x-latch\\\/#breadcrumb\"},\"inLanguage\":\"pl-PL\",\"potentialAction\":[{\"@type\":\"ReadAction\",\"target\":[\"https:\\\/\\\/va-varuste.fi\\\/tuote\\\/x-latch\\\/\"]}]},{\"@type\":\"ImageObject\",\"inLanguage\":\"pl-PL\",\"@id\":\"https:\\\/\\\/va-varuste.fi\\\/tuote\\\/x-latch\\\/#primaryimage\",\"url\":\"https:\\\/\\\/va-varuste.fi\\\/wp-content\\\/uploads\\\/2023\\\/10\\\/x-latch.jpg\",\"contentUrl\":\"https:\\\/\\\/va-varuste.fi\\\/wp-content\\\/uploads\\\/2023\\\/10\\\/x-latch.jpg\",\"width\":900,\"height\":900},{\"@type\":\"BreadcrumbList\",\"@id\":\"https:\\\/\\\/va-varuste.fi\\\/tuote\\\/x-latch\\\/#breadcrumb\",\"itemListElement\":[{\"@type\":\"ListItem\",\"position\":1,\"name\":\"Etusivu\",\"item\":\"https:\\\/\\\/va-varuste.fi\\\/pl\\\/\"},{\"@type\":\"ListItem\",\"position\":2,\"name\":\"Sklep Internetowy\",\"item\":\"https:\\\/\\\/va-varuste.fi\\\/pl\\\/sklepie-internetowym\\\/\"},{\"@type\":\"ListItem\",\"position\":3,\"name\":\"X-Latch\"}]},{\"@type\":\"WebSite\",\"@id\":\"https:\\\/\\\/va-varuste.fi\\\/#website\",\"url\":\"https:\\\/\\\/va-varuste.fi\\\/\",\"name\":\"VA-Varuste\",\"description\":\"\",\"publisher\":{\"@id\":\"https:\\\/\\\/va-varuste.fi\\\/#organization\"},\"potentialAction\":[{\"@type\":\"SearchAction\",\"target\":{\"@type\":\"EntryPoint\",\"urlTemplate\":\"https:\\\/\\\/va-varuste.fi\\\/?s={search_term_string}\"},\"query-input\":{\"@type\":\"PropertyValueSpecification\",\"valueRequired\":true,\"valueName\":\"search_term_string\"}}],\"inLanguage\":\"pl-PL\"},{\"@type\":\"Organization\",\"@id\":\"https:\\\/\\\/va-varuste.fi\\\/#organization\",\"name\":\"VA-Varuste\",\"url\":\"https:\\\/\\\/va-varuste.fi\\\/\",\"logo\":{\"@type\":\"ImageObject\",\"inLanguage\":\"pl-PL\",\"@id\":\"https:\\\/\\\/va-varuste.fi\\\/#\\\/schema\\\/logo\\\/image\\\/\",\"url\":\"https:\\\/\\\/va-varuste.fi\\\/wp-content\\\/uploads\\\/2023\\\/09\\\/va-logo.svg\",\"contentUrl\":\"https:\\\/\\\/va-varuste.fi\\\/wp-content\\\/uploads\\\/2023\\\/09\\\/va-logo.svg\",\"caption\":\"VA-Varuste\"},\"image\":{\"@id\":\"https:\\\/\\\/va-varuste.fi\\\/#\\\/schema\\\/logo\\\/image\\\/\"},\"sameAs\":[\"https:\\\/\\\/www.facebook.com\\\/vavarustefi\\\/\",\"https:\\\/\\\/www.instagram.com\\\/vavaruste\\\/\"]}]}<\/script>\n<!-- \/ Yoast SEO plugin. -->","yoast_head_json":{"title":"X-Latch patentoitu salpa | VA-Varuste","description":"X-Latch-patentoitu salpa yhdist\u00e4\u00e4 kumi- ja ter\u00e4ssalvan edut. Hiljainen, UV-suojattu, lukittavissa riippulukolla. 95\u00d733 mm. Tilaa VA-Varusteesta.","robots":{"index":"index","follow":"follow","max-snippet":"max-snippet:-1","max-image-preview":"max-image-preview:large","max-video-preview":"max-video-preview:-1"},"canonical":"https:\/\/va-varuste.fi\/tuote\/x-latch\/","og_locale":"pl_PL","og_type":"article","og_title":"X-Latch patentoitu salpa | VA-Varuste","og_description":"X-Latch-patentoitu salpa yhdist\u00e4\u00e4 kumi- ja ter\u00e4ssalvan edut. Hiljainen, UV-suojattu, lukittavissa riippulukolla. 95\u00d733 mm. Tilaa VA-Varusteesta.","og_url":"https:\/\/va-varuste.fi\/tuote\/x-latch\/","og_site_name":"VA-Varuste","article_publisher":"https:\/\/www.facebook.com\/vavarustefi\/","article_modified_time":"2026-03-25T13:39:22+00:00","og_image":[{"width":900,"height":900,"url":"https:\/\/va-varuste.fi\/wp-content\/uploads\/2023\/10\/x-latch.jpg","type":"image\/jpeg"}],"twitter_card":"summary_large_image","schema":{"@context":"https:\/\/schema.org","@graph":[{"@type":"WebPage","@id":"https:\/\/va-varuste.fi\/tuote\/x-latch\/","url":"https:\/\/va-varuste.fi\/tuote\/x-latch\/","name":"X-Latch patentoitu salpa | VA-Varuste","isPartOf":{"@id":"https:\/\/va-varuste.fi\/#website"},"primaryImageOfPage":{"@id":"https:\/\/va-varuste.fi\/tuote\/x-latch\/#primaryimage"},"image":{"@id":"https:\/\/va-varuste.fi\/tuote\/x-latch\/#primaryimage"},"thumbnailUrl":"https:\/\/va-varuste.fi\/wp-content\/uploads\/2023\/10\/x-latch.jpg","datePublished":"2023-10-26T08:48:42+00:00","dateModified":"2026-03-25T13:39:22+00:00","description":"X-Latch-patentoitu salpa yhdist\u00e4\u00e4 kumi- ja ter\u00e4ssalvan edut. Hiljainen, UV-suojattu, lukittavissa riippulukolla. 95\u00d733 mm. Tilaa VA-Varusteesta.","breadcrumb":{"@id":"https:\/\/va-varuste.fi\/tuote\/x-latch\/#breadcrumb"},"inLanguage":"pl-PL","potentialAction":[{"@type":"ReadAction","target":["https:\/\/va-varuste.fi\/tuote\/x-latch\/"]}]},{"@type":"ImageObject","inLanguage":"pl-PL","@id":"https:\/\/va-varuste.fi\/tuote\/x-latch\/#primaryimage","url":"https:\/\/va-varuste.fi\/wp-content\/uploads\/2023\/10\/x-latch.jpg","contentUrl":"https:\/\/va-varuste.fi\/wp-content\/uploads\/2023\/10\/x-latch.jpg","width":900,"height":900},{"@type":"BreadcrumbList","@id":"https:\/\/va-varuste.fi\/tuote\/x-latch\/#breadcrumb","itemListElement":[{"@type":"ListItem","position":1,"name":"Etusivu","item":"https:\/\/va-varuste.fi\/pl\/"},{"@type":"ListItem","position":2,"name":"Sklep Internetowy","item":"https:\/\/va-varuste.fi\/pl\/sklepie-internetowym\/"},{"@type":"ListItem","position":3,"name":"X-Latch"}]},{"@type":"WebSite","@id":"https:\/\/va-varuste.fi\/#website","url":"https:\/\/va-varuste.fi\/","name":"VA-Varuste","description":"","publisher":{"@id":"https:\/\/va-varuste.fi\/#organization"},"potentialAction":[{"@type":"SearchAction","target":{"@type":"EntryPoint","urlTemplate":"https:\/\/va-varuste.fi\/?s={search_term_string}"},"query-input":{"@type":"PropertyValueSpecification","valueRequired":true,"valueName":"search_term_string"}}],"inLanguage":"pl-PL"},{"@type":"Organization","@id":"https:\/\/va-varuste.fi\/#organization","name":"VA-Varuste","url":"https:\/\/va-varuste.fi\/","logo":{"@type":"ImageObject","inLanguage":"pl-PL","@id":"https:\/\/va-varuste.fi\/#\/schema\/logo\/image\/","url":"https:\/\/va-varuste.fi\/wp-content\/uploads\/2023\/09\/va-logo.svg","contentUrl":"https:\/\/va-varuste.fi\/wp-content\/uploads\/2023\/09\/va-logo.svg","caption":"VA-Varuste"},"image":{"@id":"https:\/\/va-varuste.fi\/#\/schema\/logo\/image\/"},"sameAs":["https:\/\/www.facebook.com\/vavarustefi\/","https:\/\/www.instagram.com\/vavaruste\/"]}]}},"_links":{"self":[{"href":"https:\/\/va-varuste.fi\/pl\/wp-json\/wp\/v2\/product\/224353","targetHints":{"allow":["GET"]}}],"collection":[{"href":"https:\/\/va-varuste.fi\/pl\/wp-json\/wp\/v2\/product"}],"about":[{"href":"https:\/\/va-varuste.fi\/pl\/wp-json\/wp\/v2\/types\/product"}],"wp:featuredmedia":[{"embeddable":true,"href":"https:\/\/va-varuste.fi\/pl\/wp-json\/wp\/v2\/media\/228800"}],"wp:attachment":[{"href":"https:\/\/va-varuste.fi\/pl\/wp-json\/wp\/v2\/media?parent=224353"}],"wp:term":[{"taxonomy":"product_brand","embeddable":true,"href":"https:\/\/va-varuste.fi\/pl\/wp-json\/wp\/v2\/product_brand?post=224353"},{"taxonomy":"product_cat","embeddable":true,"href":"https:\/\/va-varuste.fi\/pl\/wp-json\/wp\/v2\/product_cat?post=224353"},{"taxonomy":"product_tag","embeddable":true,"href":"https:\/\/va-varuste.fi\/pl\/wp-json\/wp\/v2\/product_tag?post=224353"}],"curies":[{"name":"wp","href":"https:\/\/api.w.org\/{rel}","templated":true}]}}