{"id":225279,"date":"2023-11-29T10:00:54","date_gmt":"2023-11-29T08:00:54","guid":{"rendered":"https:\/\/va-varuste.fi\/tuote\/aquador-23-dc-03-venekuomu-5058-ei-kaaria\/"},"modified":"2026-04-17T15:31:27","modified_gmt":"2026-04-17T12:31:27","slug":"aquador-23-dc-03-venekuomu-5058-ei-kaaria","status":"publish","type":"product","link":"https:\/\/va-varuste.fi\/pl\/produkt\/aquador-23-dc-03-venekuomu-5058-ei-kaaria\/","title":{"rendered":"Aquador 23 DC -03-> Boat Canopy \/ No Frames, Dark Navy"},"content":{"rendered":"<h2>Aquador 23 DC Boat Canopy<\/h2>\n<p>Aquador 23 DC Boat Canopy is a high-quality stock canopy, manufactured using a standard pattern at VA-Varuste's factory. Colour Dark Navy. Fits model years 2003-2022.<\/p>\n<h3>Compatibility and installation<\/h3>\n<p>The canopy is designed to fit the boat Aquador 23 DC. It fits the original frame tubes and the canopy fasteners are in pattern positions. Please note that the pattern positions may not exactly match the fastener positions on your boat, which is why a few loose fasteners are included in case you need to reposition a fastener on the boat. If the boat has aftermarket accessories installed, we cannot guarantee the canopy's fit.<\/p>\n<h3>Materials and quality<\/h3>\n<p>The canopy fabric is pre-treated at the textile mill, so it is ready to use immediately. We use high-quality, UV-protected canopy fabrics that withstand Nordic weather conditions. The fabric is waterproof and breathable, preventing condensation under the canopy. All canopies are expertly manufactured in Finland from quality materials.<\/p>\n<h3>Package contents<\/h3>\n<p>The stock canopy does not include frame tubes, canopy storage bag or installation hardware. The frame tubes and fasteners required for the canopy can be found separately in the <a href=\"https:\/\/va-varuste.fi\/en\/product-category\/canopy-accessories\/\" target=\"_blank\">canopy accessories section<\/a>.<\/p>\n<h3>Order and delivery<\/h3>\n<p>Stock canopies are shipped quickly directly from our warehouse. You can find answers to frequently asked questions on our <a href=\"https:\/\/va-varuste.fi\/en\/customer-service\/\">customer service page<\/a>. Please do not hesitate to contact us if you need help choosing the right canopy!<\/p>\n","protected":false},"excerpt":{"rendered":"<p>Boat canopy for boat Aquador 23 DC. Stock canopy manufactured using a standard pattern. Colour Dark Navy. Fits model years 2003-2022. Subject to availability, immediate delivery or back-order .<\/p>\n<p>Canopy l\u00f6ytyy my\u00f6s v\u00e4riss\u00e4 <span style=\"color: #d58d00;\"><a style=\"color: #d58d00;\" href=\"https:\/\/va-varuste.fi\/tuote\/aquador-23-dc-03-Boat Canopy-5057-ei-kaaria\/\">Captain Navy<\/a><\/span>.<\/p>\n","protected":false},"featured_media":225712,"template":"","meta":[],"product_brand":[],"product_cat":[427],"product_tag":[],"class_list":{"0":"post-225279","1":"product","2":"type-product","3":"status-publish","4":"has-post-thumbnail","6":"product_cat-varastokuomut","7":"product_shipping_class-va-venekuomut-uusintakuomut","9":"first","10":"instock","11":"taxable","12":"shipping-taxable","13":"purchasable","14":"product-type-simple"},"yoast_head":"<!-- This site is optimized with the Yoast SEO plugin v27.4 - https:\/\/yoast.com\/product\/yoast-seo-wordpress\/ -->\n<title>Aquador 23 DC venekuomu | VA-Varuste.fi<\/title>\n<meta name=\"description\" content=\"Venekuomu veneeseen Aquador 23 DC. Varastokuomu on vakiokaavalla tehty kuomu. V\u00e4ri tumma navy. Sopii vuosimalleihin 2003-2022.\" \/>\n<meta name=\"robots\" content=\"index, follow, max-snippet:-1, max-image-preview:large, max-video-preview:-1\" \/>\n<link rel=\"canonical\" href=\"https:\/\/va-varuste.fi\/tuote\/aquador-23-dc-03-venekuomu-5058-ei-kaaria\/\" \/>\n<meta property=\"og:locale\" content=\"pl_PL\" \/>\n<meta property=\"og:type\" content=\"article\" \/>\n<meta property=\"og:title\" content=\"Aquador 23 DC venekuomu | VA-Varuste.fi\" \/>\n<meta property=\"og:description\" content=\"Venekuomu veneeseen Aquador 23 DC. Varastokuomu on vakiokaavalla tehty kuomu. V\u00e4ri tumma navy. Sopii vuosimalleihin 2003-2022.\" \/>\n<meta property=\"og:url\" content=\"https:\/\/va-varuste.fi\/tuote\/aquador-23-dc-03-venekuomu-5058-ei-kaaria\/\" \/>\n<meta property=\"og:site_name\" content=\"VA-Varuste\" \/>\n<meta property=\"article:publisher\" content=\"https:\/\/www.facebook.com\/vavarustefi\/\" \/>\n<meta property=\"article:modified_time\" content=\"2026-04-17T12:31:27+00:00\" \/>\n<meta property=\"og:image\" content=\"https:\/\/va-varuste.fi\/wp-content\/uploads\/2024\/01\/aquador-23-dc.jpeg\" \/>\n\t<meta property=\"og:image:width\" content=\"600\" \/>\n\t<meta property=\"og:image:height\" content=\"338\" \/>\n\t<meta property=\"og:image:type\" content=\"image\/jpeg\" \/>\n<meta name=\"twitter:card\" content=\"summary_large_image\" \/>\n<meta name=\"twitter:label1\" content=\"Szacowany czas czytania\" \/>\n\t<meta name=\"twitter:data1\" content=\"1 minuta\" \/>\n<script type=\"application\/ld+json\" class=\"yoast-schema-graph\">{\"@context\":\"https:\\\/\\\/schema.org\",\"@graph\":[{\"@type\":\"WebPage\",\"@id\":\"https:\\\/\\\/va-varuste.fi\\\/tuote\\\/aquador-23-dc-03-venekuomu-5058-ei-kaaria\\\/\",\"url\":\"https:\\\/\\\/va-varuste.fi\\\/tuote\\\/aquador-23-dc-03-venekuomu-5058-ei-kaaria\\\/\",\"name\":\"Aquador 23 DC venekuomu | VA-Varuste.fi\",\"isPartOf\":{\"@id\":\"https:\\\/\\\/va-varuste.fi\\\/#website\"},\"primaryImageOfPage\":{\"@id\":\"https:\\\/\\\/va-varuste.fi\\\/tuote\\\/aquador-23-dc-03-venekuomu-5058-ei-kaaria\\\/#primaryimage\"},\"image\":{\"@id\":\"https:\\\/\\\/va-varuste.fi\\\/tuote\\\/aquador-23-dc-03-venekuomu-5058-ei-kaaria\\\/#primaryimage\"},\"thumbnailUrl\":\"https:\\\/\\\/va-varuste.fi\\\/wp-content\\\/uploads\\\/2024\\\/01\\\/aquador-23-dc.jpeg\",\"datePublished\":\"2023-11-29T08:00:54+00:00\",\"dateModified\":\"2026-04-17T12:31:27+00:00\",\"description\":\"Venekuomu veneeseen Aquador 23 DC. Varastokuomu on vakiokaavalla tehty kuomu. V\u00e4ri tumma navy. Sopii vuosimalleihin 2003-2022.\",\"breadcrumb\":{\"@id\":\"https:\\\/\\\/va-varuste.fi\\\/tuote\\\/aquador-23-dc-03-venekuomu-5058-ei-kaaria\\\/#breadcrumb\"},\"inLanguage\":\"pl-PL\",\"potentialAction\":[{\"@type\":\"ReadAction\",\"target\":[\"https:\\\/\\\/va-varuste.fi\\\/tuote\\\/aquador-23-dc-03-venekuomu-5058-ei-kaaria\\\/\"]}]},{\"@type\":\"ImageObject\",\"inLanguage\":\"pl-PL\",\"@id\":\"https:\\\/\\\/va-varuste.fi\\\/tuote\\\/aquador-23-dc-03-venekuomu-5058-ei-kaaria\\\/#primaryimage\",\"url\":\"https:\\\/\\\/va-varuste.fi\\\/wp-content\\\/uploads\\\/2024\\\/01\\\/aquador-23-dc.jpeg\",\"contentUrl\":\"https:\\\/\\\/va-varuste.fi\\\/wp-content\\\/uploads\\\/2024\\\/01\\\/aquador-23-dc.jpeg\",\"width\":600,\"height\":338},{\"@type\":\"BreadcrumbList\",\"@id\":\"https:\\\/\\\/va-varuste.fi\\\/tuote\\\/aquador-23-dc-03-venekuomu-5058-ei-kaaria\\\/#breadcrumb\",\"itemListElement\":[{\"@type\":\"ListItem\",\"position\":1,\"name\":\"Etusivu\",\"item\":\"https:\\\/\\\/va-varuste.fi\\\/pl\\\/\"},{\"@type\":\"ListItem\",\"position\":2,\"name\":\"Sklep Internetowy\",\"item\":\"https:\\\/\\\/va-varuste.fi\\\/pl\\\/sklepie-internetowym\\\/\"},{\"@type\":\"ListItem\",\"position\":3,\"name\":\"Aquador 23 DC -03-> venekuomu \\\/ ei kaaria, tumma navy\"}]},{\"@type\":\"WebSite\",\"@id\":\"https:\\\/\\\/va-varuste.fi\\\/#website\",\"url\":\"https:\\\/\\\/va-varuste.fi\\\/\",\"name\":\"VA-Varuste\",\"description\":\"\",\"publisher\":{\"@id\":\"https:\\\/\\\/va-varuste.fi\\\/#organization\"},\"potentialAction\":[{\"@type\":\"SearchAction\",\"target\":{\"@type\":\"EntryPoint\",\"urlTemplate\":\"https:\\\/\\\/va-varuste.fi\\\/?s={search_term_string}\"},\"query-input\":{\"@type\":\"PropertyValueSpecification\",\"valueRequired\":true,\"valueName\":\"search_term_string\"}}],\"inLanguage\":\"pl-PL\"},{\"@type\":\"Organization\",\"@id\":\"https:\\\/\\\/va-varuste.fi\\\/#organization\",\"name\":\"VA-Varuste\",\"url\":\"https:\\\/\\\/va-varuste.fi\\\/\",\"logo\":{\"@type\":\"ImageObject\",\"inLanguage\":\"pl-PL\",\"@id\":\"https:\\\/\\\/va-varuste.fi\\\/#\\\/schema\\\/logo\\\/image\\\/\",\"url\":\"https:\\\/\\\/va-varuste.fi\\\/wp-content\\\/uploads\\\/2023\\\/09\\\/va-logo.svg\",\"contentUrl\":\"https:\\\/\\\/va-varuste.fi\\\/wp-content\\\/uploads\\\/2023\\\/09\\\/va-logo.svg\",\"caption\":\"VA-Varuste\"},\"image\":{\"@id\":\"https:\\\/\\\/va-varuste.fi\\\/#\\\/schema\\\/logo\\\/image\\\/\"},\"sameAs\":[\"https:\\\/\\\/www.facebook.com\\\/vavarustefi\\\/\",\"https:\\\/\\\/www.instagram.com\\\/vavaruste\\\/\"]}]}<\/script>\n<!-- \/ Yoast SEO plugin. -->","yoast_head_json":{"title":"Aquador 23 DC venekuomu | VA-Varuste.fi","description":"Venekuomu veneeseen Aquador 23 DC. Varastokuomu on vakiokaavalla tehty kuomu. V\u00e4ri tumma navy. Sopii vuosimalleihin 2003-2022.","robots":{"index":"index","follow":"follow","max-snippet":"max-snippet:-1","max-image-preview":"max-image-preview:large","max-video-preview":"max-video-preview:-1"},"canonical":"https:\/\/va-varuste.fi\/tuote\/aquador-23-dc-03-venekuomu-5058-ei-kaaria\/","og_locale":"pl_PL","og_type":"article","og_title":"Aquador 23 DC venekuomu | VA-Varuste.fi","og_description":"Venekuomu veneeseen Aquador 23 DC. Varastokuomu on vakiokaavalla tehty kuomu. V\u00e4ri tumma navy. Sopii vuosimalleihin 2003-2022.","og_url":"https:\/\/va-varuste.fi\/tuote\/aquador-23-dc-03-venekuomu-5058-ei-kaaria\/","og_site_name":"VA-Varuste","article_publisher":"https:\/\/www.facebook.com\/vavarustefi\/","article_modified_time":"2026-04-17T12:31:27+00:00","og_image":[{"width":600,"height":338,"url":"https:\/\/va-varuste.fi\/wp-content\/uploads\/2024\/01\/aquador-23-dc.jpeg","type":"image\/jpeg"}],"twitter_card":"summary_large_image","twitter_misc":{"Szacowany czas czytania":"1 minuta"},"schema":{"@context":"https:\/\/schema.org","@graph":[{"@type":"WebPage","@id":"https:\/\/va-varuste.fi\/tuote\/aquador-23-dc-03-venekuomu-5058-ei-kaaria\/","url":"https:\/\/va-varuste.fi\/tuote\/aquador-23-dc-03-venekuomu-5058-ei-kaaria\/","name":"Aquador 23 DC venekuomu | VA-Varuste.fi","isPartOf":{"@id":"https:\/\/va-varuste.fi\/#website"},"primaryImageOfPage":{"@id":"https:\/\/va-varuste.fi\/tuote\/aquador-23-dc-03-venekuomu-5058-ei-kaaria\/#primaryimage"},"image":{"@id":"https:\/\/va-varuste.fi\/tuote\/aquador-23-dc-03-venekuomu-5058-ei-kaaria\/#primaryimage"},"thumbnailUrl":"https:\/\/va-varuste.fi\/wp-content\/uploads\/2024\/01\/aquador-23-dc.jpeg","datePublished":"2023-11-29T08:00:54+00:00","dateModified":"2026-04-17T12:31:27+00:00","description":"Venekuomu veneeseen Aquador 23 DC. Varastokuomu on vakiokaavalla tehty kuomu. V\u00e4ri tumma navy. Sopii vuosimalleihin 2003-2022.","breadcrumb":{"@id":"https:\/\/va-varuste.fi\/tuote\/aquador-23-dc-03-venekuomu-5058-ei-kaaria\/#breadcrumb"},"inLanguage":"pl-PL","potentialAction":[{"@type":"ReadAction","target":["https:\/\/va-varuste.fi\/tuote\/aquador-23-dc-03-venekuomu-5058-ei-kaaria\/"]}]},{"@type":"ImageObject","inLanguage":"pl-PL","@id":"https:\/\/va-varuste.fi\/tuote\/aquador-23-dc-03-venekuomu-5058-ei-kaaria\/#primaryimage","url":"https:\/\/va-varuste.fi\/wp-content\/uploads\/2024\/01\/aquador-23-dc.jpeg","contentUrl":"https:\/\/va-varuste.fi\/wp-content\/uploads\/2024\/01\/aquador-23-dc.jpeg","width":600,"height":338},{"@type":"BreadcrumbList","@id":"https:\/\/va-varuste.fi\/tuote\/aquador-23-dc-03-venekuomu-5058-ei-kaaria\/#breadcrumb","itemListElement":[{"@type":"ListItem","position":1,"name":"Etusivu","item":"https:\/\/va-varuste.fi\/pl\/"},{"@type":"ListItem","position":2,"name":"Sklep Internetowy","item":"https:\/\/va-varuste.fi\/pl\/sklepie-internetowym\/"},{"@type":"ListItem","position":3,"name":"Aquador 23 DC -03-> venekuomu \/ ei kaaria, tumma navy"}]},{"@type":"WebSite","@id":"https:\/\/va-varuste.fi\/#website","url":"https:\/\/va-varuste.fi\/","name":"VA-Varuste","description":"","publisher":{"@id":"https:\/\/va-varuste.fi\/#organization"},"potentialAction":[{"@type":"SearchAction","target":{"@type":"EntryPoint","urlTemplate":"https:\/\/va-varuste.fi\/?s={search_term_string}"},"query-input":{"@type":"PropertyValueSpecification","valueRequired":true,"valueName":"search_term_string"}}],"inLanguage":"pl-PL"},{"@type":"Organization","@id":"https:\/\/va-varuste.fi\/#organization","name":"VA-Varuste","url":"https:\/\/va-varuste.fi\/","logo":{"@type":"ImageObject","inLanguage":"pl-PL","@id":"https:\/\/va-varuste.fi\/#\/schema\/logo\/image\/","url":"https:\/\/va-varuste.fi\/wp-content\/uploads\/2023\/09\/va-logo.svg","contentUrl":"https:\/\/va-varuste.fi\/wp-content\/uploads\/2023\/09\/va-logo.svg","caption":"VA-Varuste"},"image":{"@id":"https:\/\/va-varuste.fi\/#\/schema\/logo\/image\/"},"sameAs":["https:\/\/www.facebook.com\/vavarustefi\/","https:\/\/www.instagram.com\/vavaruste\/"]}]}},"_links":{"self":[{"href":"https:\/\/va-varuste.fi\/pl\/wp-json\/wp\/v2\/product\/225279","targetHints":{"allow":["GET"]}}],"collection":[{"href":"https:\/\/va-varuste.fi\/pl\/wp-json\/wp\/v2\/product"}],"about":[{"href":"https:\/\/va-varuste.fi\/pl\/wp-json\/wp\/v2\/types\/product"}],"wp:featuredmedia":[{"embeddable":true,"href":"https:\/\/va-varuste.fi\/pl\/wp-json\/wp\/v2\/media\/225712"}],"wp:attachment":[{"href":"https:\/\/va-varuste.fi\/pl\/wp-json\/wp\/v2\/media?parent=225279"}],"wp:term":[{"taxonomy":"product_brand","embeddable":true,"href":"https:\/\/va-varuste.fi\/pl\/wp-json\/wp\/v2\/product_brand?post=225279"},{"taxonomy":"product_cat","embeddable":true,"href":"https:\/\/va-varuste.fi\/pl\/wp-json\/wp\/v2\/product_cat?post=225279"},{"taxonomy":"product_tag","embeddable":true,"href":"https:\/\/va-varuste.fi\/pl\/wp-json\/wp\/v2\/product_tag?post=225279"}],"curies":[{"name":"wp","href":"https:\/\/api.w.org\/{rel}","templated":true}]}}