{"id":225301,"date":"2023-11-29T10:01:21","date_gmt":"2023-11-29T08:01:21","guid":{"rendered":"https:\/\/va-varuste.fi\/tuote\/yamarin-4730-47tc-92-perakuomu-ts-5035-ei-kaar\/"},"modified":"2026-03-30T14:49:43","modified_gmt":"2026-03-30T11:49:43","slug":"yamarin-4730-47tc-92-perakuomu-ts-5035-ei-kaar","status":"publish","type":"product","link":"https:\/\/va-varuste.fi\/pl\/produkt\/yamarin-4730-47tc-92-perakuomu-ts-5035-ei-kaar\/","title":{"rendered":"Yamarin 4730\/47TC -92-> Rear Canopy+ tuulisuoja \/ No Frames, Light Grey"},"content":{"rendered":"<h2>Yamarin 4700 Rear Canopy<\/h2>\n<p>Yamarin 4700 Rear Canopy is a high-quality stock canopy, manufactured using a standard pattern at VA-Varuste's factory. Canopy sis\u00e4lt\u00e4\u00e4 tuulisuojan. Colour Light Grey. Fits model years 1993-2020.<\/p>\n<h3>Compatibility and installation<\/h3>\n<p>The canopy is designed to fit the boat Yamarin 4700. It fits the original frame tubes and the canopy fasteners are in pattern positions. Please note that the pattern positions may not exactly match the fastener positions on your boat, which is why a few loose fasteners are included in case you need to reposition a fastener on the boat. If the boat has aftermarket accessories installed, we cannot guarantee the canopy's fit.<\/p>\n<h3>Materials and quality<\/h3>\n<p>The canopy fabric is pre-treated at the textile mill, so it is ready to use immediately. We use high-quality, UV-protected canopy fabrics that withstand Nordic weather conditions. The fabric is waterproof and breathable, preventing condensation under the canopy. All canopies are expertly manufactured in Finland from quality materials.<\/p>\n<h3>Package contents<\/h3>\n<p>The stock canopy does not include frame tubes, canopy storage bag or installation hardware. The frame tubes and fasteners required for the canopy can be found separately in the <a href=\"https:\/\/va-varuste.fi\/en\/product-category\/canopy-accessories\/\" target=\"_blank\">canopy accessories section<\/a>.<\/p>\n<h3>Order and delivery<\/h3>\n<p>Stock canopies are shipped quickly directly from our warehouse. You can find answers to frequently asked questions on our <a href=\"https:\/\/va-varuste.fi\/en\/customer-service\/\">customer service page<\/a>. Please do not hesitate to contact us if you need help choosing the right canopy!<\/p>\n","protected":false},"excerpt":{"rendered":"<p>Rear Canopy ja tuulisuoja veneeseen Yamarin 4700. Stock canopy manufactured using a standard pattern, sis\u00e4lt\u00e4\u00e4 tuulisuojan. Colour Light Grey. Fits model years 1993-2020. Subject to availability, immediate delivery or back-order .<\/p>\n","protected":false},"featured_media":228562,"template":"","meta":[],"product_brand":[],"product_cat":[427],"product_tag":[],"class_list":{"0":"post-225301","1":"product","2":"type-product","3":"status-publish","4":"has-post-thumbnail","6":"product_cat-varastokuomut","7":"product_shipping_class-va-venekuomut-uusintakuomut","9":"first","10":"instock","11":"taxable","12":"shipping-taxable","13":"purchasable","14":"product-type-simple"},"yoast_head":"<!-- This site is optimized with the Yoast SEO plugin v27.2 - https:\/\/yoast.com\/product\/yoast-seo-wordpress\/ -->\n<title>Yamarin 4700 per\u00e4kuomu | VA-Varuste.fi<\/title>\n<meta name=\"description\" content=\"Per\u00e4kuomu ja tuulisuoja veneeseen Yamarin 4700. Varastokuomu on vakiokaavalla tehty kuomu, sis\u00e4lt\u00e4\u00e4 tuulisuojan. V\u00e4ri vaaleanharmaa.\" \/>\n<meta name=\"robots\" content=\"index, follow, max-snippet:-1, max-image-preview:large, max-video-preview:-1\" \/>\n<link rel=\"canonical\" href=\"https:\/\/va-varuste.fi\/tuote\/yamarin-4730-47tc-92-perakuomu-ts-5035-ei-kaar\/\" \/>\n<meta property=\"og:locale\" content=\"pl_PL\" \/>\n<meta property=\"og:type\" content=\"article\" \/>\n<meta property=\"og:title\" content=\"Yamarin 4700 per\u00e4kuomu | VA-Varuste.fi\" \/>\n<meta property=\"og:description\" content=\"Per\u00e4kuomu ja tuulisuoja veneeseen Yamarin 4700. Varastokuomu on vakiokaavalla tehty kuomu, sis\u00e4lt\u00e4\u00e4 tuulisuojan. V\u00e4ri vaaleanharmaa.\" \/>\n<meta property=\"og:url\" content=\"https:\/\/va-varuste.fi\/tuote\/yamarin-4730-47tc-92-perakuomu-ts-5035-ei-kaar\/\" \/>\n<meta property=\"og:site_name\" content=\"VA-Varuste\" \/>\n<meta property=\"article:publisher\" content=\"https:\/\/www.facebook.com\/vavarustefi\/\" \/>\n<meta property=\"article:modified_time\" content=\"2026-03-30T11:49:43+00:00\" \/>\n<meta property=\"og:image\" content=\"https:\/\/va-varuste.fi\/wp-content\/uploads\/2023\/11\/yamarin-4730-47tc.jpg\" \/>\n\t<meta property=\"og:image:width\" content=\"509\" \/>\n\t<meta property=\"og:image:height\" content=\"348\" \/>\n\t<meta property=\"og:image:type\" content=\"image\/jpeg\" \/>\n<meta name=\"twitter:card\" content=\"summary_large_image\" \/>\n<meta name=\"twitter:label1\" content=\"Szacowany czas czytania\" \/>\n\t<meta name=\"twitter:data1\" content=\"1 minuta\" \/>\n<script type=\"application\/ld+json\" class=\"yoast-schema-graph\">{\"@context\":\"https:\/\/schema.org\",\"@graph\":[{\"@type\":\"WebPage\",\"@id\":\"https:\/\/va-varuste.fi\/tuote\/yamarin-4730-47tc-92-perakuomu-ts-5035-ei-kaar\/\",\"url\":\"https:\/\/va-varuste.fi\/tuote\/yamarin-4730-47tc-92-perakuomu-ts-5035-ei-kaar\/\",\"name\":\"Yamarin 4700 per\u00e4kuomu | VA-Varuste.fi\",\"isPartOf\":{\"@id\":\"https:\/\/va-varuste.fi\/#website\"},\"primaryImageOfPage\":{\"@id\":\"https:\/\/va-varuste.fi\/tuote\/yamarin-4730-47tc-92-perakuomu-ts-5035-ei-kaar\/#primaryimage\"},\"image\":{\"@id\":\"https:\/\/va-varuste.fi\/tuote\/yamarin-4730-47tc-92-perakuomu-ts-5035-ei-kaar\/#primaryimage\"},\"thumbnailUrl\":\"https:\/\/va-varuste.fi\/wp-content\/uploads\/2023\/11\/yamarin-4730-47tc.jpg\",\"datePublished\":\"2023-11-29T08:01:21+00:00\",\"dateModified\":\"2026-03-30T11:49:43+00:00\",\"description\":\"Per\u00e4kuomu ja tuulisuoja veneeseen Yamarin 4700. Varastokuomu on vakiokaavalla tehty kuomu, sis\u00e4lt\u00e4\u00e4 tuulisuojan. V\u00e4ri vaaleanharmaa.\",\"breadcrumb\":{\"@id\":\"https:\/\/va-varuste.fi\/tuote\/yamarin-4730-47tc-92-perakuomu-ts-5035-ei-kaar\/#breadcrumb\"},\"inLanguage\":\"pl-PL\",\"potentialAction\":[{\"@type\":\"ReadAction\",\"target\":[\"https:\/\/va-varuste.fi\/tuote\/yamarin-4730-47tc-92-perakuomu-ts-5035-ei-kaar\/\"]}]},{\"@type\":\"ImageObject\",\"inLanguage\":\"pl-PL\",\"@id\":\"https:\/\/va-varuste.fi\/tuote\/yamarin-4730-47tc-92-perakuomu-ts-5035-ei-kaar\/#primaryimage\",\"url\":\"https:\/\/va-varuste.fi\/wp-content\/uploads\/2023\/11\/yamarin-4730-47tc.jpg\",\"contentUrl\":\"https:\/\/va-varuste.fi\/wp-content\/uploads\/2023\/11\/yamarin-4730-47tc.jpg\",\"width\":509,\"height\":348},{\"@type\":\"BreadcrumbList\",\"@id\":\"https:\/\/va-varuste.fi\/tuote\/yamarin-4730-47tc-92-perakuomu-ts-5035-ei-kaar\/#breadcrumb\",\"itemListElement\":[{\"@type\":\"ListItem\",\"position\":1,\"name\":\"Etusivu\",\"item\":\"https:\/\/va-varuste.fi\/pl\/\"},{\"@type\":\"ListItem\",\"position\":2,\"name\":\"Sklep Internetowy\",\"item\":\"https:\/\/va-varuste.fi\/pl\/sklepie-internetowym\/\"},{\"@type\":\"ListItem\",\"position\":3,\"name\":\"Yamarin 4730\/47TC -92-> per\u00e4kuomu+ tuulisuoja \/ ei kaaria, vaaleanharmaa\"}]},{\"@type\":\"WebSite\",\"@id\":\"https:\/\/va-varuste.fi\/#website\",\"url\":\"https:\/\/va-varuste.fi\/\",\"name\":\"VA-Varuste\",\"description\":\"\",\"publisher\":{\"@id\":\"https:\/\/va-varuste.fi\/#organization\"},\"potentialAction\":[{\"@type\":\"SearchAction\",\"target\":{\"@type\":\"EntryPoint\",\"urlTemplate\":\"https:\/\/va-varuste.fi\/?s={search_term_string}\"},\"query-input\":{\"@type\":\"PropertyValueSpecification\",\"valueRequired\":true,\"valueName\":\"search_term_string\"}}],\"inLanguage\":\"pl-PL\"},{\"@type\":\"Organization\",\"@id\":\"https:\/\/va-varuste.fi\/#organization\",\"name\":\"VA-Varuste\",\"url\":\"https:\/\/va-varuste.fi\/\",\"logo\":{\"@type\":\"ImageObject\",\"inLanguage\":\"pl-PL\",\"@id\":\"https:\/\/va-varuste.fi\/#\/schema\/logo\/image\/\",\"url\":\"https:\/\/va-varuste.fi\/wp-content\/uploads\/2023\/09\/va-logo.svg\",\"contentUrl\":\"https:\/\/va-varuste.fi\/wp-content\/uploads\/2023\/09\/va-logo.svg\",\"caption\":\"VA-Varuste\"},\"image\":{\"@id\":\"https:\/\/va-varuste.fi\/#\/schema\/logo\/image\/\"},\"sameAs\":[\"https:\/\/www.facebook.com\/vavarustefi\/\",\"https:\/\/www.instagram.com\/vavaruste\/\"]}]}<\/script>\n<!-- \/ Yoast SEO plugin. -->","yoast_head_json":{"title":"Yamarin 4700 per\u00e4kuomu | VA-Varuste.fi","description":"Per\u00e4kuomu ja tuulisuoja veneeseen Yamarin 4700. Varastokuomu on vakiokaavalla tehty kuomu, sis\u00e4lt\u00e4\u00e4 tuulisuojan. V\u00e4ri vaaleanharmaa.","robots":{"index":"index","follow":"follow","max-snippet":"max-snippet:-1","max-image-preview":"max-image-preview:large","max-video-preview":"max-video-preview:-1"},"canonical":"https:\/\/va-varuste.fi\/tuote\/yamarin-4730-47tc-92-perakuomu-ts-5035-ei-kaar\/","og_locale":"pl_PL","og_type":"article","og_title":"Yamarin 4700 per\u00e4kuomu | VA-Varuste.fi","og_description":"Per\u00e4kuomu ja tuulisuoja veneeseen Yamarin 4700. Varastokuomu on vakiokaavalla tehty kuomu, sis\u00e4lt\u00e4\u00e4 tuulisuojan. V\u00e4ri vaaleanharmaa.","og_url":"https:\/\/va-varuste.fi\/tuote\/yamarin-4730-47tc-92-perakuomu-ts-5035-ei-kaar\/","og_site_name":"VA-Varuste","article_publisher":"https:\/\/www.facebook.com\/vavarustefi\/","article_modified_time":"2026-03-30T11:49:43+00:00","og_image":[{"width":509,"height":348,"url":"https:\/\/va-varuste.fi\/wp-content\/uploads\/2023\/11\/yamarin-4730-47tc.jpg","type":"image\/jpeg"}],"twitter_card":"summary_large_image","twitter_misc":{"Szacowany czas czytania":"1 minuta"},"schema":{"@context":"https:\/\/schema.org","@graph":[{"@type":"WebPage","@id":"https:\/\/va-varuste.fi\/tuote\/yamarin-4730-47tc-92-perakuomu-ts-5035-ei-kaar\/","url":"https:\/\/va-varuste.fi\/tuote\/yamarin-4730-47tc-92-perakuomu-ts-5035-ei-kaar\/","name":"Yamarin 4700 per\u00e4kuomu | VA-Varuste.fi","isPartOf":{"@id":"https:\/\/va-varuste.fi\/#website"},"primaryImageOfPage":{"@id":"https:\/\/va-varuste.fi\/tuote\/yamarin-4730-47tc-92-perakuomu-ts-5035-ei-kaar\/#primaryimage"},"image":{"@id":"https:\/\/va-varuste.fi\/tuote\/yamarin-4730-47tc-92-perakuomu-ts-5035-ei-kaar\/#primaryimage"},"thumbnailUrl":"https:\/\/va-varuste.fi\/wp-content\/uploads\/2023\/11\/yamarin-4730-47tc.jpg","datePublished":"2023-11-29T08:01:21+00:00","dateModified":"2026-03-30T11:49:43+00:00","description":"Per\u00e4kuomu ja tuulisuoja veneeseen Yamarin 4700. Varastokuomu on vakiokaavalla tehty kuomu, sis\u00e4lt\u00e4\u00e4 tuulisuojan. V\u00e4ri vaaleanharmaa.","breadcrumb":{"@id":"https:\/\/va-varuste.fi\/tuote\/yamarin-4730-47tc-92-perakuomu-ts-5035-ei-kaar\/#breadcrumb"},"inLanguage":"pl-PL","potentialAction":[{"@type":"ReadAction","target":["https:\/\/va-varuste.fi\/tuote\/yamarin-4730-47tc-92-perakuomu-ts-5035-ei-kaar\/"]}]},{"@type":"ImageObject","inLanguage":"pl-PL","@id":"https:\/\/va-varuste.fi\/tuote\/yamarin-4730-47tc-92-perakuomu-ts-5035-ei-kaar\/#primaryimage","url":"https:\/\/va-varuste.fi\/wp-content\/uploads\/2023\/11\/yamarin-4730-47tc.jpg","contentUrl":"https:\/\/va-varuste.fi\/wp-content\/uploads\/2023\/11\/yamarin-4730-47tc.jpg","width":509,"height":348},{"@type":"BreadcrumbList","@id":"https:\/\/va-varuste.fi\/tuote\/yamarin-4730-47tc-92-perakuomu-ts-5035-ei-kaar\/#breadcrumb","itemListElement":[{"@type":"ListItem","position":1,"name":"Etusivu","item":"https:\/\/va-varuste.fi\/pl\/"},{"@type":"ListItem","position":2,"name":"Sklep Internetowy","item":"https:\/\/va-varuste.fi\/pl\/sklepie-internetowym\/"},{"@type":"ListItem","position":3,"name":"Yamarin 4730\/47TC -92-> per\u00e4kuomu+ tuulisuoja \/ ei kaaria, vaaleanharmaa"}]},{"@type":"WebSite","@id":"https:\/\/va-varuste.fi\/#website","url":"https:\/\/va-varuste.fi\/","name":"VA-Varuste","description":"","publisher":{"@id":"https:\/\/va-varuste.fi\/#organization"},"potentialAction":[{"@type":"SearchAction","target":{"@type":"EntryPoint","urlTemplate":"https:\/\/va-varuste.fi\/?s={search_term_string}"},"query-input":{"@type":"PropertyValueSpecification","valueRequired":true,"valueName":"search_term_string"}}],"inLanguage":"pl-PL"},{"@type":"Organization","@id":"https:\/\/va-varuste.fi\/#organization","name":"VA-Varuste","url":"https:\/\/va-varuste.fi\/","logo":{"@type":"ImageObject","inLanguage":"pl-PL","@id":"https:\/\/va-varuste.fi\/#\/schema\/logo\/image\/","url":"https:\/\/va-varuste.fi\/wp-content\/uploads\/2023\/09\/va-logo.svg","contentUrl":"https:\/\/va-varuste.fi\/wp-content\/uploads\/2023\/09\/va-logo.svg","caption":"VA-Varuste"},"image":{"@id":"https:\/\/va-varuste.fi\/#\/schema\/logo\/image\/"},"sameAs":["https:\/\/www.facebook.com\/vavarustefi\/","https:\/\/www.instagram.com\/vavaruste\/"]}]}},"_links":{"self":[{"href":"https:\/\/va-varuste.fi\/pl\/wp-json\/wp\/v2\/product\/225301","targetHints":{"allow":["GET"]}}],"collection":[{"href":"https:\/\/va-varuste.fi\/pl\/wp-json\/wp\/v2\/product"}],"about":[{"href":"https:\/\/va-varuste.fi\/pl\/wp-json\/wp\/v2\/types\/product"}],"wp:featuredmedia":[{"embeddable":true,"href":"https:\/\/va-varuste.fi\/pl\/wp-json\/wp\/v2\/media\/228562"}],"wp:attachment":[{"href":"https:\/\/va-varuste.fi\/pl\/wp-json\/wp\/v2\/media?parent=225301"}],"wp:term":[{"taxonomy":"product_brand","embeddable":true,"href":"https:\/\/va-varuste.fi\/pl\/wp-json\/wp\/v2\/product_brand?post=225301"},{"taxonomy":"product_cat","embeddable":true,"href":"https:\/\/va-varuste.fi\/pl\/wp-json\/wp\/v2\/product_cat?post=225301"},{"taxonomy":"product_tag","embeddable":true,"href":"https:\/\/va-varuste.fi\/pl\/wp-json\/wp\/v2\/product_tag?post=225301"}],"curies":[{"name":"wp","href":"https:\/\/api.w.org\/{rel}","templated":true}]}}