{"id":225315,"date":"2023-11-29T10:01:33","date_gmt":"2023-11-29T08:01:33","guid":{"rendered":"https:\/\/va-varuste.fi\/tuote\/yamarin-6420-64dc-03-venekuomu-5035-ei-kaaria\/"},"modified":"2026-05-07T14:09:42","modified_gmt":"2026-05-07T11:09:42","slug":"yamarin-6420-64dc-03-venekuomu-5035-ei-kaaria","status":"publish","type":"product","link":"https:\/\/va-varuste.fi\/pl\/produkt\/yamarin-6420-64dc-03-venekuomu-5035-ei-kaaria\/","title":{"rendered":"Yamarin 6420\/64DC -03-> Boat Canopy \/ No Frames, Light Grey"},"content":{"rendered":"<h2>Yamarin 6420 Boat Canopy<\/h2>\n<p>Yamarin 6420 Boat Canopy is a high-quality stock canopy, manufactured using a standard pattern at VA-Varuste's factory. Colour Light Grey. Fits model years 2004-2012.<\/p>\n<h3>Compatibility and installation<\/h3>\n<p>The canopy is designed to fit the boat Yamarin 6420. It fits the original frame tubes and the canopy fasteners are in pattern positions. Please note that the pattern positions may not exactly match the fastener positions on your boat, which is why a few loose fasteners are included in case you need to reposition a fastener on the boat. If the boat has aftermarket accessories installed, we cannot guarantee the canopy's fit.<\/p>\n<h3>Materials and quality<\/h3>\n<p>The canopy fabric is pre-treated at the textile mill, so it is ready to use immediately. We use high-quality, UV-protected canopy fabrics that withstand Nordic weather conditions. The fabric is waterproof and breathable, preventing condensation under the canopy. All canopies are expertly manufactured in Finland from quality materials.<\/p>\n<h3>Package contents<\/h3>\n<p>The stock canopy does not include frame tubes, canopy storage bag or installation hardware. The frame tubes and fasteners required for the canopy can be found separately in the <a href=\"https:\/\/va-varuste.fi\/en\/product-category\/canopy-accessories\/\" target=\"_blank\">canopy accessories section<\/a>.<\/p>\n<h3>Order and delivery<\/h3>\n<p>Stock canopies are shipped quickly directly from our warehouse. You can find answers to frequently asked questions on our <a href=\"https:\/\/va-varuste.fi\/en\/customer-service\/\">customer service page<\/a>. Please do not hesitate to contact us if you need help choosing the right canopy!<\/p>\n","protected":false},"excerpt":{"rendered":"<p>Boat canopy for boat Yamarin 6420. Stock canopy manufactured using a standard pattern. Colour Light Grey. Fits model years 2004-2012. Subject to availability, immediate delivery or back-order .<\/p>\n<p>Canopy l\u00f6ytyy my\u00f6s v\u00e4riss\u00e4 <span style=\"color: #d58d00;\"><a style=\"color: #d58d00;\" href=\"https:\/\/va-varuste.fi\/tuote\/yamarin-6420-64dc-03-Boat Canopy-5057-ei-kaaria\/\">Captain Navy<\/a><\/span>.<\/p>\n","protected":false},"featured_media":225823,"template":"","meta":[],"product_brand":[],"product_cat":[9485,427],"product_tag":[],"class_list":{"0":"post-225315","1":"product","2":"type-product","3":"status-publish","4":"has-post-thumbnail","6":"product_cat-va-venekuomut","7":"product_cat-varastokuomut","8":"product_shipping_class-va-venekuomut-uusintakuomut","10":"first","11":"instock","12":"taxable","13":"shipping-taxable","14":"purchasable","15":"product-type-simple"},"yoast_head":"<!-- This site is optimized with the Yoast SEO plugin v27.4 - https:\/\/yoast.com\/product\/yoast-seo-wordpress\/ -->\n<title>Yamarin 6420 venekuomu | VA-Varuste.fi<\/title>\n<meta name=\"description\" content=\"Venekuomu veneeseen Yamarin 6420. Varastokuomu on vakiokaavalla tehty kuomu. V\u00e4ri vaaleanharmaa. Sopii vuosimalleihin 2004-2012.\" \/>\n<meta name=\"robots\" content=\"index, follow, max-snippet:-1, max-image-preview:large, max-video-preview:-1\" \/>\n<link rel=\"canonical\" href=\"https:\/\/va-varuste.fi\/tuote\/yamarin-6420-64dc-03-venekuomu-5035-ei-kaaria\/\" \/>\n<meta property=\"og:locale\" content=\"pl_PL\" \/>\n<meta property=\"og:type\" content=\"article\" \/>\n<meta property=\"og:title\" content=\"Yamarin 6420 venekuomu | VA-Varuste.fi\" \/>\n<meta property=\"og:description\" content=\"Venekuomu veneeseen Yamarin 6420. Varastokuomu on vakiokaavalla tehty kuomu. V\u00e4ri vaaleanharmaa. Sopii vuosimalleihin 2004-2012.\" \/>\n<meta property=\"og:url\" content=\"https:\/\/va-varuste.fi\/tuote\/yamarin-6420-64dc-03-venekuomu-5035-ei-kaaria\/\" \/>\n<meta property=\"og:site_name\" content=\"VA-Varuste\" \/>\n<meta property=\"article:publisher\" content=\"https:\/\/www.facebook.com\/vavarustefi\/\" \/>\n<meta property=\"article:modified_time\" content=\"2026-05-07T11:09:42+00:00\" \/>\n<meta property=\"og:image\" content=\"https:\/\/va-varuste.fi\/wp-content\/uploads\/2024\/01\/yamarin-64-dc-scaled.jpg\" \/>\n\t<meta property=\"og:image:width\" content=\"2560\" \/>\n\t<meta property=\"og:image:height\" content=\"1235\" \/>\n\t<meta property=\"og:image:type\" content=\"image\/jpeg\" \/>\n<meta name=\"twitter:card\" content=\"summary_large_image\" \/>\n<meta name=\"twitter:label1\" content=\"Szacowany czas czytania\" \/>\n\t<meta name=\"twitter:data1\" content=\"1 minuta\" \/>\n<script type=\"application\/ld+json\" class=\"yoast-schema-graph\">{\"@context\":\"https:\\\/\\\/schema.org\",\"@graph\":[{\"@type\":\"WebPage\",\"@id\":\"https:\\\/\\\/va-varuste.fi\\\/tuote\\\/yamarin-6420-64dc-03-venekuomu-5035-ei-kaaria\\\/\",\"url\":\"https:\\\/\\\/va-varuste.fi\\\/tuote\\\/yamarin-6420-64dc-03-venekuomu-5035-ei-kaaria\\\/\",\"name\":\"Yamarin 6420 venekuomu | VA-Varuste.fi\",\"isPartOf\":{\"@id\":\"https:\\\/\\\/va-varuste.fi\\\/#website\"},\"primaryImageOfPage\":{\"@id\":\"https:\\\/\\\/va-varuste.fi\\\/tuote\\\/yamarin-6420-64dc-03-venekuomu-5035-ei-kaaria\\\/#primaryimage\"},\"image\":{\"@id\":\"https:\\\/\\\/va-varuste.fi\\\/tuote\\\/yamarin-6420-64dc-03-venekuomu-5035-ei-kaaria\\\/#primaryimage\"},\"thumbnailUrl\":\"https:\\\/\\\/va-varuste.fi\\\/wp-content\\\/uploads\\\/2024\\\/01\\\/yamarin-64-dc-scaled.jpg\",\"datePublished\":\"2023-11-29T08:01:33+00:00\",\"dateModified\":\"2026-05-07T11:09:42+00:00\",\"description\":\"Venekuomu veneeseen Yamarin 6420. Varastokuomu on vakiokaavalla tehty kuomu. V\u00e4ri vaaleanharmaa. Sopii vuosimalleihin 2004-2012.\",\"breadcrumb\":{\"@id\":\"https:\\\/\\\/va-varuste.fi\\\/tuote\\\/yamarin-6420-64dc-03-venekuomu-5035-ei-kaaria\\\/#breadcrumb\"},\"inLanguage\":\"pl-PL\",\"potentialAction\":[{\"@type\":\"ReadAction\",\"target\":[\"https:\\\/\\\/va-varuste.fi\\\/tuote\\\/yamarin-6420-64dc-03-venekuomu-5035-ei-kaaria\\\/\"]}]},{\"@type\":\"ImageObject\",\"inLanguage\":\"pl-PL\",\"@id\":\"https:\\\/\\\/va-varuste.fi\\\/tuote\\\/yamarin-6420-64dc-03-venekuomu-5035-ei-kaaria\\\/#primaryimage\",\"url\":\"https:\\\/\\\/va-varuste.fi\\\/wp-content\\\/uploads\\\/2024\\\/01\\\/yamarin-64-dc-scaled.jpg\",\"contentUrl\":\"https:\\\/\\\/va-varuste.fi\\\/wp-content\\\/uploads\\\/2024\\\/01\\\/yamarin-64-dc-scaled.jpg\",\"width\":2560,\"height\":1235},{\"@type\":\"BreadcrumbList\",\"@id\":\"https:\\\/\\\/va-varuste.fi\\\/tuote\\\/yamarin-6420-64dc-03-venekuomu-5035-ei-kaaria\\\/#breadcrumb\",\"itemListElement\":[{\"@type\":\"ListItem\",\"position\":1,\"name\":\"Etusivu\",\"item\":\"https:\\\/\\\/va-varuste.fi\\\/pl\\\/\"},{\"@type\":\"ListItem\",\"position\":2,\"name\":\"Sklep Internetowy\",\"item\":\"https:\\\/\\\/va-varuste.fi\\\/pl\\\/sklepie-internetowym\\\/\"},{\"@type\":\"ListItem\",\"position\":3,\"name\":\"Yamarin 6420\\\/64DC -03-> venekuomu \\\/ ei kaaria, vaaleanharmaa\"}]},{\"@type\":\"WebSite\",\"@id\":\"https:\\\/\\\/va-varuste.fi\\\/#website\",\"url\":\"https:\\\/\\\/va-varuste.fi\\\/\",\"name\":\"VA-Varuste\",\"description\":\"\",\"publisher\":{\"@id\":\"https:\\\/\\\/va-varuste.fi\\\/#organization\"},\"potentialAction\":[{\"@type\":\"SearchAction\",\"target\":{\"@type\":\"EntryPoint\",\"urlTemplate\":\"https:\\\/\\\/va-varuste.fi\\\/?s={search_term_string}\"},\"query-input\":{\"@type\":\"PropertyValueSpecification\",\"valueRequired\":true,\"valueName\":\"search_term_string\"}}],\"inLanguage\":\"pl-PL\"},{\"@type\":\"Organization\",\"@id\":\"https:\\\/\\\/va-varuste.fi\\\/#organization\",\"name\":\"VA-Varuste\",\"url\":\"https:\\\/\\\/va-varuste.fi\\\/\",\"logo\":{\"@type\":\"ImageObject\",\"inLanguage\":\"pl-PL\",\"@id\":\"https:\\\/\\\/va-varuste.fi\\\/#\\\/schema\\\/logo\\\/image\\\/\",\"url\":\"https:\\\/\\\/va-varuste.fi\\\/wp-content\\\/uploads\\\/2023\\\/09\\\/va-logo.svg\",\"contentUrl\":\"https:\\\/\\\/va-varuste.fi\\\/wp-content\\\/uploads\\\/2023\\\/09\\\/va-logo.svg\",\"caption\":\"VA-Varuste\"},\"image\":{\"@id\":\"https:\\\/\\\/va-varuste.fi\\\/#\\\/schema\\\/logo\\\/image\\\/\"},\"sameAs\":[\"https:\\\/\\\/www.facebook.com\\\/vavarustefi\\\/\",\"https:\\\/\\\/www.instagram.com\\\/vavaruste\\\/\"]}]}<\/script>\n<!-- \/ Yoast SEO plugin. -->","yoast_head_json":{"title":"Yamarin 6420 venekuomu | VA-Varuste.fi","description":"Venekuomu veneeseen Yamarin 6420. Varastokuomu on vakiokaavalla tehty kuomu. V\u00e4ri vaaleanharmaa. Sopii vuosimalleihin 2004-2012.","robots":{"index":"index","follow":"follow","max-snippet":"max-snippet:-1","max-image-preview":"max-image-preview:large","max-video-preview":"max-video-preview:-1"},"canonical":"https:\/\/va-varuste.fi\/tuote\/yamarin-6420-64dc-03-venekuomu-5035-ei-kaaria\/","og_locale":"pl_PL","og_type":"article","og_title":"Yamarin 6420 venekuomu | VA-Varuste.fi","og_description":"Venekuomu veneeseen Yamarin 6420. Varastokuomu on vakiokaavalla tehty kuomu. V\u00e4ri vaaleanharmaa. Sopii vuosimalleihin 2004-2012.","og_url":"https:\/\/va-varuste.fi\/tuote\/yamarin-6420-64dc-03-venekuomu-5035-ei-kaaria\/","og_site_name":"VA-Varuste","article_publisher":"https:\/\/www.facebook.com\/vavarustefi\/","article_modified_time":"2026-05-07T11:09:42+00:00","og_image":[{"width":2560,"height":1235,"url":"https:\/\/va-varuste.fi\/wp-content\/uploads\/2024\/01\/yamarin-64-dc-scaled.jpg","type":"image\/jpeg"}],"twitter_card":"summary_large_image","twitter_misc":{"Szacowany czas czytania":"1 minuta"},"schema":{"@context":"https:\/\/schema.org","@graph":[{"@type":"WebPage","@id":"https:\/\/va-varuste.fi\/tuote\/yamarin-6420-64dc-03-venekuomu-5035-ei-kaaria\/","url":"https:\/\/va-varuste.fi\/tuote\/yamarin-6420-64dc-03-venekuomu-5035-ei-kaaria\/","name":"Yamarin 6420 venekuomu | VA-Varuste.fi","isPartOf":{"@id":"https:\/\/va-varuste.fi\/#website"},"primaryImageOfPage":{"@id":"https:\/\/va-varuste.fi\/tuote\/yamarin-6420-64dc-03-venekuomu-5035-ei-kaaria\/#primaryimage"},"image":{"@id":"https:\/\/va-varuste.fi\/tuote\/yamarin-6420-64dc-03-venekuomu-5035-ei-kaaria\/#primaryimage"},"thumbnailUrl":"https:\/\/va-varuste.fi\/wp-content\/uploads\/2024\/01\/yamarin-64-dc-scaled.jpg","datePublished":"2023-11-29T08:01:33+00:00","dateModified":"2026-05-07T11:09:42+00:00","description":"Venekuomu veneeseen Yamarin 6420. Varastokuomu on vakiokaavalla tehty kuomu. V\u00e4ri vaaleanharmaa. Sopii vuosimalleihin 2004-2012.","breadcrumb":{"@id":"https:\/\/va-varuste.fi\/tuote\/yamarin-6420-64dc-03-venekuomu-5035-ei-kaaria\/#breadcrumb"},"inLanguage":"pl-PL","potentialAction":[{"@type":"ReadAction","target":["https:\/\/va-varuste.fi\/tuote\/yamarin-6420-64dc-03-venekuomu-5035-ei-kaaria\/"]}]},{"@type":"ImageObject","inLanguage":"pl-PL","@id":"https:\/\/va-varuste.fi\/tuote\/yamarin-6420-64dc-03-venekuomu-5035-ei-kaaria\/#primaryimage","url":"https:\/\/va-varuste.fi\/wp-content\/uploads\/2024\/01\/yamarin-64-dc-scaled.jpg","contentUrl":"https:\/\/va-varuste.fi\/wp-content\/uploads\/2024\/01\/yamarin-64-dc-scaled.jpg","width":2560,"height":1235},{"@type":"BreadcrumbList","@id":"https:\/\/va-varuste.fi\/tuote\/yamarin-6420-64dc-03-venekuomu-5035-ei-kaaria\/#breadcrumb","itemListElement":[{"@type":"ListItem","position":1,"name":"Etusivu","item":"https:\/\/va-varuste.fi\/pl\/"},{"@type":"ListItem","position":2,"name":"Sklep Internetowy","item":"https:\/\/va-varuste.fi\/pl\/sklepie-internetowym\/"},{"@type":"ListItem","position":3,"name":"Yamarin 6420\/64DC -03-> venekuomu \/ ei kaaria, vaaleanharmaa"}]},{"@type":"WebSite","@id":"https:\/\/va-varuste.fi\/#website","url":"https:\/\/va-varuste.fi\/","name":"VA-Varuste","description":"","publisher":{"@id":"https:\/\/va-varuste.fi\/#organization"},"potentialAction":[{"@type":"SearchAction","target":{"@type":"EntryPoint","urlTemplate":"https:\/\/va-varuste.fi\/?s={search_term_string}"},"query-input":{"@type":"PropertyValueSpecification","valueRequired":true,"valueName":"search_term_string"}}],"inLanguage":"pl-PL"},{"@type":"Organization","@id":"https:\/\/va-varuste.fi\/#organization","name":"VA-Varuste","url":"https:\/\/va-varuste.fi\/","logo":{"@type":"ImageObject","inLanguage":"pl-PL","@id":"https:\/\/va-varuste.fi\/#\/schema\/logo\/image\/","url":"https:\/\/va-varuste.fi\/wp-content\/uploads\/2023\/09\/va-logo.svg","contentUrl":"https:\/\/va-varuste.fi\/wp-content\/uploads\/2023\/09\/va-logo.svg","caption":"VA-Varuste"},"image":{"@id":"https:\/\/va-varuste.fi\/#\/schema\/logo\/image\/"},"sameAs":["https:\/\/www.facebook.com\/vavarustefi\/","https:\/\/www.instagram.com\/vavaruste\/"]}]}},"_links":{"self":[{"href":"https:\/\/va-varuste.fi\/pl\/wp-json\/wp\/v2\/product\/225315","targetHints":{"allow":["GET"]}}],"collection":[{"href":"https:\/\/va-varuste.fi\/pl\/wp-json\/wp\/v2\/product"}],"about":[{"href":"https:\/\/va-varuste.fi\/pl\/wp-json\/wp\/v2\/types\/product"}],"wp:featuredmedia":[{"embeddable":true,"href":"https:\/\/va-varuste.fi\/pl\/wp-json\/wp\/v2\/media\/225823"}],"wp:attachment":[{"href":"https:\/\/va-varuste.fi\/pl\/wp-json\/wp\/v2\/media?parent=225315"}],"wp:term":[{"taxonomy":"product_brand","embeddable":true,"href":"https:\/\/va-varuste.fi\/pl\/wp-json\/wp\/v2\/product_brand?post=225315"},{"taxonomy":"product_cat","embeddable":true,"href":"https:\/\/va-varuste.fi\/pl\/wp-json\/wp\/v2\/product_cat?post=225315"},{"taxonomy":"product_tag","embeddable":true,"href":"https:\/\/va-varuste.fi\/pl\/wp-json\/wp\/v2\/product_tag?post=225315"}],"curies":[{"name":"wp","href":"https:\/\/api.w.org\/{rel}","templated":true}]}}