{"id":226479,"date":"2024-04-19T15:42:26","date_gmt":"2024-04-19T12:42:26","guid":{"rendered":"https:\/\/va-varuste.fi\/tuote\/amt-200-dc-br-06-17-satamapeite-5530\/"},"modified":"2026-03-24T11:08:19","modified_gmt":"2026-03-24T09:08:19","slug":"amt-200-dc-br-06-17-satamapeite-5530","status":"publish","type":"product","link":"https:\/\/va-varuste.fi\/pl\/produkt\/amt-200-dc-br-06-17-satamapeite-5530\/","title":{"rendered":"AMT 200 DC \/ BR -06-15 Harbour Cover, Cadet Grey"},"content":{"rendered":"<h2>Amt 200BR\/200DC Harbour Cover<\/h2>\n<p>T\u00e4m\u00e4 stock cover on vakiokaavalla valmistettu laadukas Harbour Cover veneeseen Amt 200BR\/200DC. Colour Cadet Grey. Fits model years 2006-2015. Peite suojaa venett\u00e4 tehokkaasti sateelta, lialta ja UV-s\u00e4teilylt\u00e4 in harbour or other storage. T\u00e4m\u00e4 on erinomainen valinta veneen suojaamiseen s\u00e4ilytyksen aikana.<\/p>\n<h3>Amt 200BR\/200DC Harbour Cover \u2013 yhteensopivuus ja kiinnitys<\/h3>\n<p>T\u00e4m\u00e4 stock cover on suunniteltu veneelle Amt 200BR\/200DC. Peite on valmistettu vakiokaavalla ja sopii alkuper\u00e4isiin kiinnityspisteisiin. Mukana tulee s\u00e4\u00e4t\u00f6jalka tai s\u00e4\u00e4t\u00f6jalat peiton muodon yll\u00e4pit\u00e4miseksi, jolloin sadevesi valuu pois eik\u00e4 j\u00e4\u00e4 makaamaan peiton p\u00e4\u00e4lle. Kaavapaikat eiv\u00e4t v\u00e4ltt\u00e4m\u00e4tt\u00e4 t\u00e4ysin vastaa veneen puolen kiinnikkeiden paikkoja, jonka vuoksi mukana paketissa tulee muutama irtokiinnike jos on tarpeen siirt\u00e4\u00e4 kiinnikett\u00e4 veneen puolella. Jos veneess\u00e4 on j\u00e4lkik\u00e4teen asennettuja lis\u00e4varusteita, emme voi taata peiton sopivuutta. Suosittelemme tarkistamaan veneen mitat ja lis\u00e4varusteet ennen tilausta.<\/p>\n<h3>Amt 200BR\/200DC Harbour Cover \u2013 materiaalit ja laatu<\/h3>\n<p>Peite on valmistettu korkealaatuisesta, UV-suojatusta kankaasta joka kest\u00e4\u00e4 pohjoismaisia s\u00e4\u00e4olosuhteita. Kangas on kyll\u00e4stetty valmiiksi kangastehtaalla, mik\u00e4 takaa pitk\u00e4aikaisen vedenpit\u00e4vyyden ilman erillist\u00e4 kyll\u00e4st\u00e4mist\u00e4. Materiaali on vedenpit\u00e4v\u00e4 ja hengitt\u00e4v\u00e4, mik\u00e4 est\u00e4\u00e4 kosteuden tiivistymisen peiton alle ja suojaa veneen pintoja tehokkaasti. Kaikki peitteet valmistetaan ammattitaidolla Suomessa laadukkaista materiaaleista. Huolellinen valmistus ja laadukkaat materiaalit takaavat peiton pitk\u00e4n k\u00e4ytt\u00f6i\u00e4n vaativissakin olosuhteissa.<\/p>\n<h3>Peiton hoito ja s\u00e4ilytys<\/h3>\n<p>Peiton k\u00e4ytt\u00f6ik\u00e4\u00e4 voit pident\u00e4\u00e4 oikealla hoidolla. Puhdista peite s\u00e4\u00e4nn\u00f6llisesti harjaamalla irtoroskat pois pehme\u00e4ll\u00e4 harjalla. Tarvittaessa voit pest\u00e4 peiton laimealla saippuavedell\u00e4. V\u00e4lt\u00e4 voimakkaita pesuaineita ja painepesuria. Kuivata peite aina huolellisesti ennen varastointia. S\u00e4ilyt\u00e4 peite kuivassa ja tuulettuvassa tilassa k\u00e4ytt\u00f6kauden ulkopuolella.<\/p>\n<h3>Order and delivery<\/h3>\n<p>Tilaa helposti verkkokaupastamme. Varastotuote \u2013 toimitus heti varastotilanteen mukaan. You can find answers to frequently asked questions on our <a href=\"https:\/\/va-varuste.fi\/en\/customer-service\/\" target=\"_blank\" rel=\"noopener\">UKK-sivultamme<\/a>. L\u00f6yd\u00e4t kattavan valikoiman my\u00f6s <a href=\"https:\/\/va-varuste.fi\/en\/product-category\/canopy-accessories\/\" target=\"_blank\">Canopytarvikkeita<\/a> kuten kiinnikkeit\u00e4 ja s\u00e4\u00e4t\u00f6jalkoja.<\/p>\n","protected":false},"excerpt":{"rendered":"<p>Varastotuote on vakiokaavalla tehty Harbour Cover veneeseen Amt 200BR\/200DC. Colour Cadet Grey. Fits model years 2006-2015. Sis\u00e4lt\u00e4\u00e4 s\u00e4\u00e4t\u00f6jalan\/s\u00e4\u00e4t\u00f6jalat. Subject to availability, immediate delivery or back-order .<\/p>\n","protected":false},"featured_media":226505,"template":"","meta":[],"product_brand":[],"product_cat":[540],"product_tag":[],"class_list":{"0":"post-226479","1":"product","2":"type-product","3":"status-publish","4":"has-post-thumbnail","6":"product_cat-varasto-satamapeite","7":"product_shipping_class-va-venekuomut-uusintakuomut","9":"first","10":"instock","11":"taxable","12":"shipping-taxable","13":"purchasable","14":"product-type-simple"},"yoast_head":"<!-- This site is optimized with the Yoast SEO plugin v27.2 - https:\/\/yoast.com\/product\/yoast-seo-wordpress\/ -->\n<title>Amt 200BR\/200DC satamapeite | VA-Varuste.fi<\/title>\n<meta name=\"description\" content=\"Amt 200BR\/200DC satamapeite. V\u00e4ri keskiharmaa. Sopii vuosimalleihin 2006-2015. Vakiokaavalla valmistettu laadukas satamapeite. Tilaa VA-Varuste.fi...\" \/>\n<meta name=\"robots\" content=\"index, follow, max-snippet:-1, max-image-preview:large, max-video-preview:-1\" \/>\n<link rel=\"canonical\" href=\"https:\/\/va-varuste.fi\/tuote\/amt-200-dc-br-06-17-satamapeite-5530\/\" \/>\n<meta property=\"og:locale\" content=\"pl_PL\" \/>\n<meta property=\"og:type\" content=\"article\" \/>\n<meta property=\"og:title\" content=\"Amt 200BR\/200DC satamapeite | VA-Varuste.fi\" \/>\n<meta property=\"og:description\" content=\"Amt 200BR\/200DC satamapeite. V\u00e4ri keskiharmaa. Sopii vuosimalleihin 2006-2015. Vakiokaavalla valmistettu laadukas satamapeite. Tilaa VA-Varuste.fi...\" \/>\n<meta property=\"og:url\" content=\"https:\/\/va-varuste.fi\/tuote\/amt-200-dc-br-06-17-satamapeite-5530\/\" \/>\n<meta property=\"og:site_name\" content=\"VA-Varuste\" \/>\n<meta property=\"article:publisher\" content=\"https:\/\/www.facebook.com\/vavarustefi\/\" \/>\n<meta property=\"article:modified_time\" content=\"2026-03-24T09:08:19+00:00\" \/>\n<meta property=\"og:image\" content=\"https:\/\/va-varuste.fi\/wp-content\/uploads\/2024\/04\/satamapeitto.jpg\" \/>\n\t<meta property=\"og:image:width\" content=\"900\" \/>\n\t<meta property=\"og:image:height\" content=\"900\" \/>\n\t<meta property=\"og:image:type\" content=\"image\/jpeg\" \/>\n<meta name=\"twitter:card\" content=\"summary_large_image\" \/>\n<meta name=\"twitter:label1\" content=\"Szacowany czas czytania\" \/>\n\t<meta name=\"twitter:data1\" content=\"2 minuty\" \/>\n<script type=\"application\/ld+json\" class=\"yoast-schema-graph\">{\"@context\":\"https:\/\/schema.org\",\"@graph\":[{\"@type\":\"WebPage\",\"@id\":\"https:\/\/va-varuste.fi\/tuote\/amt-200-dc-br-06-17-satamapeite-5530\/\",\"url\":\"https:\/\/va-varuste.fi\/tuote\/amt-200-dc-br-06-17-satamapeite-5530\/\",\"name\":\"Amt 200BR\/200DC satamapeite | VA-Varuste.fi\",\"isPartOf\":{\"@id\":\"https:\/\/va-varuste.fi\/#website\"},\"primaryImageOfPage\":{\"@id\":\"https:\/\/va-varuste.fi\/tuote\/amt-200-dc-br-06-17-satamapeite-5530\/#primaryimage\"},\"image\":{\"@id\":\"https:\/\/va-varuste.fi\/tuote\/amt-200-dc-br-06-17-satamapeite-5530\/#primaryimage\"},\"thumbnailUrl\":\"https:\/\/va-varuste.fi\/wp-content\/uploads\/2024\/04\/satamapeitto.jpg\",\"datePublished\":\"2024-04-19T12:42:26+00:00\",\"dateModified\":\"2026-03-24T09:08:19+00:00\",\"description\":\"Amt 200BR\/200DC satamapeite. V\u00e4ri keskiharmaa. Sopii vuosimalleihin 2006-2015. Vakiokaavalla valmistettu laadukas satamapeite. Tilaa VA-Varuste.fi...\",\"breadcrumb\":{\"@id\":\"https:\/\/va-varuste.fi\/tuote\/amt-200-dc-br-06-17-satamapeite-5530\/#breadcrumb\"},\"inLanguage\":\"pl-PL\",\"potentialAction\":[{\"@type\":\"ReadAction\",\"target\":[\"https:\/\/va-varuste.fi\/tuote\/amt-200-dc-br-06-17-satamapeite-5530\/\"]}]},{\"@type\":\"ImageObject\",\"inLanguage\":\"pl-PL\",\"@id\":\"https:\/\/va-varuste.fi\/tuote\/amt-200-dc-br-06-17-satamapeite-5530\/#primaryimage\",\"url\":\"https:\/\/va-varuste.fi\/wp-content\/uploads\/2024\/04\/satamapeitto.jpg\",\"contentUrl\":\"https:\/\/va-varuste.fi\/wp-content\/uploads\/2024\/04\/satamapeitto.jpg\",\"width\":900,\"height\":900},{\"@type\":\"BreadcrumbList\",\"@id\":\"https:\/\/va-varuste.fi\/tuote\/amt-200-dc-br-06-17-satamapeite-5530\/#breadcrumb\",\"itemListElement\":[{\"@type\":\"ListItem\",\"position\":1,\"name\":\"Etusivu\",\"item\":\"https:\/\/va-varuste.fi\/pl\/\"},{\"@type\":\"ListItem\",\"position\":2,\"name\":\"Sklep Internetowy\",\"item\":\"https:\/\/va-varuste.fi\/pl\/sklepie-internetowym\/\"},{\"@type\":\"ListItem\",\"position\":3,\"name\":\"AMT 200 DC \/ BR -06-15 satamapeite, keskiharmaa\"}]},{\"@type\":\"WebSite\",\"@id\":\"https:\/\/va-varuste.fi\/#website\",\"url\":\"https:\/\/va-varuste.fi\/\",\"name\":\"VA-Varuste\",\"description\":\"\",\"publisher\":{\"@id\":\"https:\/\/va-varuste.fi\/#organization\"},\"potentialAction\":[{\"@type\":\"SearchAction\",\"target\":{\"@type\":\"EntryPoint\",\"urlTemplate\":\"https:\/\/va-varuste.fi\/?s={search_term_string}\"},\"query-input\":{\"@type\":\"PropertyValueSpecification\",\"valueRequired\":true,\"valueName\":\"search_term_string\"}}],\"inLanguage\":\"pl-PL\"},{\"@type\":\"Organization\",\"@id\":\"https:\/\/va-varuste.fi\/#organization\",\"name\":\"VA-Varuste\",\"url\":\"https:\/\/va-varuste.fi\/\",\"logo\":{\"@type\":\"ImageObject\",\"inLanguage\":\"pl-PL\",\"@id\":\"https:\/\/va-varuste.fi\/#\/schema\/logo\/image\/\",\"url\":\"https:\/\/va-varuste.fi\/wp-content\/uploads\/2023\/09\/va-logo.svg\",\"contentUrl\":\"https:\/\/va-varuste.fi\/wp-content\/uploads\/2023\/09\/va-logo.svg\",\"caption\":\"VA-Varuste\"},\"image\":{\"@id\":\"https:\/\/va-varuste.fi\/#\/schema\/logo\/image\/\"},\"sameAs\":[\"https:\/\/www.facebook.com\/vavarustefi\/\",\"https:\/\/www.instagram.com\/vavaruste\/\"]}]}<\/script>\n<!-- \/ Yoast SEO plugin. -->","yoast_head_json":{"title":"Amt 200BR\/200DC satamapeite | VA-Varuste.fi","description":"Amt 200BR\/200DC satamapeite. V\u00e4ri keskiharmaa. Sopii vuosimalleihin 2006-2015. Vakiokaavalla valmistettu laadukas satamapeite. Tilaa VA-Varuste.fi...","robots":{"index":"index","follow":"follow","max-snippet":"max-snippet:-1","max-image-preview":"max-image-preview:large","max-video-preview":"max-video-preview:-1"},"canonical":"https:\/\/va-varuste.fi\/tuote\/amt-200-dc-br-06-17-satamapeite-5530\/","og_locale":"pl_PL","og_type":"article","og_title":"Amt 200BR\/200DC satamapeite | VA-Varuste.fi","og_description":"Amt 200BR\/200DC satamapeite. V\u00e4ri keskiharmaa. Sopii vuosimalleihin 2006-2015. Vakiokaavalla valmistettu laadukas satamapeite. Tilaa VA-Varuste.fi...","og_url":"https:\/\/va-varuste.fi\/tuote\/amt-200-dc-br-06-17-satamapeite-5530\/","og_site_name":"VA-Varuste","article_publisher":"https:\/\/www.facebook.com\/vavarustefi\/","article_modified_time":"2026-03-24T09:08:19+00:00","og_image":[{"width":900,"height":900,"url":"https:\/\/va-varuste.fi\/wp-content\/uploads\/2024\/04\/satamapeitto.jpg","type":"image\/jpeg"}],"twitter_card":"summary_large_image","twitter_misc":{"Szacowany czas czytania":"2 minuty"},"schema":{"@context":"https:\/\/schema.org","@graph":[{"@type":"WebPage","@id":"https:\/\/va-varuste.fi\/tuote\/amt-200-dc-br-06-17-satamapeite-5530\/","url":"https:\/\/va-varuste.fi\/tuote\/amt-200-dc-br-06-17-satamapeite-5530\/","name":"Amt 200BR\/200DC satamapeite | VA-Varuste.fi","isPartOf":{"@id":"https:\/\/va-varuste.fi\/#website"},"primaryImageOfPage":{"@id":"https:\/\/va-varuste.fi\/tuote\/amt-200-dc-br-06-17-satamapeite-5530\/#primaryimage"},"image":{"@id":"https:\/\/va-varuste.fi\/tuote\/amt-200-dc-br-06-17-satamapeite-5530\/#primaryimage"},"thumbnailUrl":"https:\/\/va-varuste.fi\/wp-content\/uploads\/2024\/04\/satamapeitto.jpg","datePublished":"2024-04-19T12:42:26+00:00","dateModified":"2026-03-24T09:08:19+00:00","description":"Amt 200BR\/200DC satamapeite. V\u00e4ri keskiharmaa. Sopii vuosimalleihin 2006-2015. Vakiokaavalla valmistettu laadukas satamapeite. Tilaa VA-Varuste.fi...","breadcrumb":{"@id":"https:\/\/va-varuste.fi\/tuote\/amt-200-dc-br-06-17-satamapeite-5530\/#breadcrumb"},"inLanguage":"pl-PL","potentialAction":[{"@type":"ReadAction","target":["https:\/\/va-varuste.fi\/tuote\/amt-200-dc-br-06-17-satamapeite-5530\/"]}]},{"@type":"ImageObject","inLanguage":"pl-PL","@id":"https:\/\/va-varuste.fi\/tuote\/amt-200-dc-br-06-17-satamapeite-5530\/#primaryimage","url":"https:\/\/va-varuste.fi\/wp-content\/uploads\/2024\/04\/satamapeitto.jpg","contentUrl":"https:\/\/va-varuste.fi\/wp-content\/uploads\/2024\/04\/satamapeitto.jpg","width":900,"height":900},{"@type":"BreadcrumbList","@id":"https:\/\/va-varuste.fi\/tuote\/amt-200-dc-br-06-17-satamapeite-5530\/#breadcrumb","itemListElement":[{"@type":"ListItem","position":1,"name":"Etusivu","item":"https:\/\/va-varuste.fi\/pl\/"},{"@type":"ListItem","position":2,"name":"Sklep Internetowy","item":"https:\/\/va-varuste.fi\/pl\/sklepie-internetowym\/"},{"@type":"ListItem","position":3,"name":"AMT 200 DC \/ BR -06-15 satamapeite, keskiharmaa"}]},{"@type":"WebSite","@id":"https:\/\/va-varuste.fi\/#website","url":"https:\/\/va-varuste.fi\/","name":"VA-Varuste","description":"","publisher":{"@id":"https:\/\/va-varuste.fi\/#organization"},"potentialAction":[{"@type":"SearchAction","target":{"@type":"EntryPoint","urlTemplate":"https:\/\/va-varuste.fi\/?s={search_term_string}"},"query-input":{"@type":"PropertyValueSpecification","valueRequired":true,"valueName":"search_term_string"}}],"inLanguage":"pl-PL"},{"@type":"Organization","@id":"https:\/\/va-varuste.fi\/#organization","name":"VA-Varuste","url":"https:\/\/va-varuste.fi\/","logo":{"@type":"ImageObject","inLanguage":"pl-PL","@id":"https:\/\/va-varuste.fi\/#\/schema\/logo\/image\/","url":"https:\/\/va-varuste.fi\/wp-content\/uploads\/2023\/09\/va-logo.svg","contentUrl":"https:\/\/va-varuste.fi\/wp-content\/uploads\/2023\/09\/va-logo.svg","caption":"VA-Varuste"},"image":{"@id":"https:\/\/va-varuste.fi\/#\/schema\/logo\/image\/"},"sameAs":["https:\/\/www.facebook.com\/vavarustefi\/","https:\/\/www.instagram.com\/vavaruste\/"]}]}},"_links":{"self":[{"href":"https:\/\/va-varuste.fi\/pl\/wp-json\/wp\/v2\/product\/226479","targetHints":{"allow":["GET"]}}],"collection":[{"href":"https:\/\/va-varuste.fi\/pl\/wp-json\/wp\/v2\/product"}],"about":[{"href":"https:\/\/va-varuste.fi\/pl\/wp-json\/wp\/v2\/types\/product"}],"wp:featuredmedia":[{"embeddable":true,"href":"https:\/\/va-varuste.fi\/pl\/wp-json\/wp\/v2\/media\/226505"}],"wp:attachment":[{"href":"https:\/\/va-varuste.fi\/pl\/wp-json\/wp\/v2\/media?parent=226479"}],"wp:term":[{"taxonomy":"product_brand","embeddable":true,"href":"https:\/\/va-varuste.fi\/pl\/wp-json\/wp\/v2\/product_brand?post=226479"},{"taxonomy":"product_cat","embeddable":true,"href":"https:\/\/va-varuste.fi\/pl\/wp-json\/wp\/v2\/product_cat?post=226479"},{"taxonomy":"product_tag","embeddable":true,"href":"https:\/\/va-varuste.fi\/pl\/wp-json\/wp\/v2\/product_tag?post=226479"}],"curies":[{"name":"wp","href":"https:\/\/api.w.org\/{rel}","templated":true}]}}