{"id":229016,"date":"2025-03-27T14:38:52","date_gmt":"2025-03-27T12:38:52","guid":{"rendered":"https:\/\/va-varuste.fi\/?post_type=product&#038;p=229016"},"modified":"2026-04-15T15:08:22","modified_gmt":"2026-04-15T12:08:22","slug":"yamarin-53-br-cross-12-15-venekuomu-ei-kaaria-tummanharmaa","status":"publish","type":"product","link":"https:\/\/va-varuste.fi\/pl\/produkt\/yamarin-53-br-cross-12-15-venekuomu-ei-kaaria-tummanharmaa\/","title":{"rendered":"Yamarin 53 BR Cross -12-15 Boat Canopy \/ No Frames, Dark Grey"},"content":{"rendered":"<h2>Yamarin 53 BR CROSS Boat Canopy<\/h2>\n<p>Yamarin 53 BR CROSS Boat Canopy is a high-quality stock canopy, manufactured using a standard pattern at VA-Varuste's factory. Colour Dark Grey. Fits model years 2012-2015.<\/p>\n<h3>Compatibility and installation<\/h3>\n<p>The canopy is designed to fit the boat Yamarin 53 BR CROSS. It fits the original frame tubes and the canopy fasteners are in pattern positions. Please note that the pattern positions may not exactly match the fastener positions on your boat, which is why a few loose fasteners are included in case you need to reposition a fastener on the boat. If the boat has aftermarket accessories installed, we cannot guarantee the canopy's fit.<\/p>\n<h3>Materials and quality<\/h3>\n<p>The canopy fabric is pre-treated at the textile mill, so it is ready to use immediately. We use high-quality, UV-protected canopy fabrics that withstand Nordic weather conditions. The fabric is waterproof and breathable, preventing condensation under the canopy. All canopies are expertly manufactured in Finland from quality materials.<\/p>\n<h3>Package contents<\/h3>\n<p>The stock canopy does not include frame tubes, canopy storage bag or installation hardware. The frame tubes and fasteners required for the canopy can be found separately in the <a href=\"https:\/\/va-varuste.fi\/en\/product-category\/canopy-accessories\/\" target=\"_blank\">canopy accessories section<\/a>.<\/p>\n<h3>Order and delivery<\/h3>\n<p>Stock canopies are shipped quickly directly from our warehouse. You can find answers to frequently asked questions on our <a href=\"https:\/\/va-varuste.fi\/en\/customer-service\/\">customer service page<\/a>. Please do not hesitate to contact us if you need help choosing the right canopy!<\/p>\n","protected":false},"excerpt":{"rendered":"<p>Boat canopy for boat Yamarin 53 BR Cross. Stock canopy manufactured using a standard pattern. Fits model years 2012-2015. Colour Dark Grey (Note! Photo shows Light Grey). Ensimm\u00e4iset ko. veneen Canopyt on toimitettu Light Greyna jonka j\u00e4lkeen vakiov\u00e4ri muuttui Dark Greyksi. Subject to availability, immediate delivery or back-order .<\/p>\n<p>T\u00e4lle venemallille on olemassa my\u00f6s katkeava Canopy. T\u00e4m\u00e4 verkkokaupan Canopy ei k\u00e4y katkeavan Canopyn kaarille. Voit tilata katkeavan Canopyn <strong><a href=\"https:\/\/va-varuste.fi\/Boat Canopyt\/#tarjouspyynto\">asiakaspalvelustamme<\/a><\/strong>.<\/p>\n","protected":false},"featured_media":229064,"template":"","meta":[],"product_brand":[],"product_cat":[427],"product_tag":[],"class_list":{"0":"post-229016","1":"product","2":"type-product","3":"status-publish","4":"has-post-thumbnail","6":"product_cat-varastokuomut","7":"product_shipping_class-va-venekuomut-uusintakuomut","9":"first","10":"onbackorder","11":"taxable","12":"shipping-taxable","13":"purchasable","14":"product-type-simple"},"yoast_head":"<!-- This site is optimized with the Yoast SEO plugin v27.4 - https:\/\/yoast.com\/product\/yoast-seo-wordpress\/ -->\n<title>Yamarin 53 BR CROSS venekuomu | VA-Varuste.fi<\/title>\n<meta name=\"description\" content=\"Venekuomu veneeseen Yamarin 53 BR Cross. Varastokuomu on vakiokaavalla tehty kuomu. Sopii vuosimalleihin 2012-2015.\" \/>\n<meta name=\"robots\" content=\"index, follow, max-snippet:-1, max-image-preview:large, max-video-preview:-1\" \/>\n<link rel=\"canonical\" href=\"https:\/\/va-varuste.fi\/tuote\/yamarin-53-br-cross-12-15-venekuomu-ei-kaaria-tummanharmaa\/\" \/>\n<meta property=\"og:locale\" content=\"pl_PL\" \/>\n<meta property=\"og:type\" content=\"article\" \/>\n<meta property=\"og:title\" content=\"Yamarin 53 BR CROSS venekuomu | VA-Varuste.fi\" \/>\n<meta property=\"og:description\" content=\"Venekuomu veneeseen Yamarin 53 BR Cross. Varastokuomu on vakiokaavalla tehty kuomu. Sopii vuosimalleihin 2012-2015.\" \/>\n<meta property=\"og:url\" content=\"https:\/\/va-varuste.fi\/tuote\/yamarin-53-br-cross-12-15-venekuomu-ei-kaaria-tummanharmaa\/\" \/>\n<meta property=\"og:site_name\" content=\"VA-Varuste\" \/>\n<meta property=\"article:publisher\" content=\"https:\/\/www.facebook.com\/vavarustefi\/\" \/>\n<meta property=\"article:modified_time\" content=\"2026-04-15T12:08:22+00:00\" \/>\n<meta property=\"og:image\" content=\"https:\/\/va-varuste.fi\/wp-content\/uploads\/2025\/03\/ya-53br-cross-12-15.jpg\" \/>\n\t<meta property=\"og:image:width\" content=\"800\" \/>\n\t<meta property=\"og:image:height\" content=\"500\" \/>\n\t<meta property=\"og:image:type\" content=\"image\/jpeg\" \/>\n<meta name=\"twitter:card\" content=\"summary_large_image\" \/>\n<meta name=\"twitter:label1\" content=\"Szacowany czas czytania\" \/>\n\t<meta name=\"twitter:data1\" content=\"1 minuta\" \/>\n<script type=\"application\/ld+json\" class=\"yoast-schema-graph\">{\"@context\":\"https:\\\/\\\/schema.org\",\"@graph\":[{\"@type\":\"WebPage\",\"@id\":\"https:\\\/\\\/va-varuste.fi\\\/tuote\\\/yamarin-53-br-cross-12-15-venekuomu-ei-kaaria-tummanharmaa\\\/\",\"url\":\"https:\\\/\\\/va-varuste.fi\\\/tuote\\\/yamarin-53-br-cross-12-15-venekuomu-ei-kaaria-tummanharmaa\\\/\",\"name\":\"Yamarin 53 BR CROSS venekuomu | VA-Varuste.fi\",\"isPartOf\":{\"@id\":\"https:\\\/\\\/va-varuste.fi\\\/#website\"},\"primaryImageOfPage\":{\"@id\":\"https:\\\/\\\/va-varuste.fi\\\/tuote\\\/yamarin-53-br-cross-12-15-venekuomu-ei-kaaria-tummanharmaa\\\/#primaryimage\"},\"image\":{\"@id\":\"https:\\\/\\\/va-varuste.fi\\\/tuote\\\/yamarin-53-br-cross-12-15-venekuomu-ei-kaaria-tummanharmaa\\\/#primaryimage\"},\"thumbnailUrl\":\"https:\\\/\\\/va-varuste.fi\\\/wp-content\\\/uploads\\\/2025\\\/03\\\/ya-53br-cross-12-15.jpg\",\"datePublished\":\"2025-03-27T12:38:52+00:00\",\"dateModified\":\"2026-04-15T12:08:22+00:00\",\"description\":\"Venekuomu veneeseen Yamarin 53 BR Cross. Varastokuomu on vakiokaavalla tehty kuomu. Sopii vuosimalleihin 2012-2015.\",\"breadcrumb\":{\"@id\":\"https:\\\/\\\/va-varuste.fi\\\/tuote\\\/yamarin-53-br-cross-12-15-venekuomu-ei-kaaria-tummanharmaa\\\/#breadcrumb\"},\"inLanguage\":\"pl-PL\",\"potentialAction\":[{\"@type\":\"ReadAction\",\"target\":[\"https:\\\/\\\/va-varuste.fi\\\/tuote\\\/yamarin-53-br-cross-12-15-venekuomu-ei-kaaria-tummanharmaa\\\/\"]}]},{\"@type\":\"ImageObject\",\"inLanguage\":\"pl-PL\",\"@id\":\"https:\\\/\\\/va-varuste.fi\\\/tuote\\\/yamarin-53-br-cross-12-15-venekuomu-ei-kaaria-tummanharmaa\\\/#primaryimage\",\"url\":\"https:\\\/\\\/va-varuste.fi\\\/wp-content\\\/uploads\\\/2025\\\/03\\\/ya-53br-cross-12-15.jpg\",\"contentUrl\":\"https:\\\/\\\/va-varuste.fi\\\/wp-content\\\/uploads\\\/2025\\\/03\\\/ya-53br-cross-12-15.jpg\",\"width\":800,\"height\":500},{\"@type\":\"BreadcrumbList\",\"@id\":\"https:\\\/\\\/va-varuste.fi\\\/tuote\\\/yamarin-53-br-cross-12-15-venekuomu-ei-kaaria-tummanharmaa\\\/#breadcrumb\",\"itemListElement\":[{\"@type\":\"ListItem\",\"position\":1,\"name\":\"Etusivu\",\"item\":\"https:\\\/\\\/va-varuste.fi\\\/pl\\\/\"},{\"@type\":\"ListItem\",\"position\":2,\"name\":\"Sklep Internetowy\",\"item\":\"https:\\\/\\\/va-varuste.fi\\\/pl\\\/sklepie-internetowym\\\/\"},{\"@type\":\"ListItem\",\"position\":3,\"name\":\"Yamarin 53 BR Cross -12-15 venekuomu \\\/ ei kaaria, tummanharmaa\"}]},{\"@type\":\"WebSite\",\"@id\":\"https:\\\/\\\/va-varuste.fi\\\/#website\",\"url\":\"https:\\\/\\\/va-varuste.fi\\\/\",\"name\":\"VA-Varuste\",\"description\":\"\",\"publisher\":{\"@id\":\"https:\\\/\\\/va-varuste.fi\\\/#organization\"},\"potentialAction\":[{\"@type\":\"SearchAction\",\"target\":{\"@type\":\"EntryPoint\",\"urlTemplate\":\"https:\\\/\\\/va-varuste.fi\\\/?s={search_term_string}\"},\"query-input\":{\"@type\":\"PropertyValueSpecification\",\"valueRequired\":true,\"valueName\":\"search_term_string\"}}],\"inLanguage\":\"pl-PL\"},{\"@type\":\"Organization\",\"@id\":\"https:\\\/\\\/va-varuste.fi\\\/#organization\",\"name\":\"VA-Varuste\",\"url\":\"https:\\\/\\\/va-varuste.fi\\\/\",\"logo\":{\"@type\":\"ImageObject\",\"inLanguage\":\"pl-PL\",\"@id\":\"https:\\\/\\\/va-varuste.fi\\\/#\\\/schema\\\/logo\\\/image\\\/\",\"url\":\"https:\\\/\\\/va-varuste.fi\\\/wp-content\\\/uploads\\\/2023\\\/09\\\/va-logo.svg\",\"contentUrl\":\"https:\\\/\\\/va-varuste.fi\\\/wp-content\\\/uploads\\\/2023\\\/09\\\/va-logo.svg\",\"caption\":\"VA-Varuste\"},\"image\":{\"@id\":\"https:\\\/\\\/va-varuste.fi\\\/#\\\/schema\\\/logo\\\/image\\\/\"},\"sameAs\":[\"https:\\\/\\\/www.facebook.com\\\/vavarustefi\\\/\",\"https:\\\/\\\/www.instagram.com\\\/vavaruste\\\/\"]}]}<\/script>\n<!-- \/ Yoast SEO plugin. -->","yoast_head_json":{"title":"Yamarin 53 BR CROSS venekuomu | VA-Varuste.fi","description":"Venekuomu veneeseen Yamarin 53 BR Cross. Varastokuomu on vakiokaavalla tehty kuomu. Sopii vuosimalleihin 2012-2015.","robots":{"index":"index","follow":"follow","max-snippet":"max-snippet:-1","max-image-preview":"max-image-preview:large","max-video-preview":"max-video-preview:-1"},"canonical":"https:\/\/va-varuste.fi\/tuote\/yamarin-53-br-cross-12-15-venekuomu-ei-kaaria-tummanharmaa\/","og_locale":"pl_PL","og_type":"article","og_title":"Yamarin 53 BR CROSS venekuomu | VA-Varuste.fi","og_description":"Venekuomu veneeseen Yamarin 53 BR Cross. Varastokuomu on vakiokaavalla tehty kuomu. Sopii vuosimalleihin 2012-2015.","og_url":"https:\/\/va-varuste.fi\/tuote\/yamarin-53-br-cross-12-15-venekuomu-ei-kaaria-tummanharmaa\/","og_site_name":"VA-Varuste","article_publisher":"https:\/\/www.facebook.com\/vavarustefi\/","article_modified_time":"2026-04-15T12:08:22+00:00","og_image":[{"width":800,"height":500,"url":"https:\/\/va-varuste.fi\/wp-content\/uploads\/2025\/03\/ya-53br-cross-12-15.jpg","type":"image\/jpeg"}],"twitter_card":"summary_large_image","twitter_misc":{"Szacowany czas czytania":"1 minuta"},"schema":{"@context":"https:\/\/schema.org","@graph":[{"@type":"WebPage","@id":"https:\/\/va-varuste.fi\/tuote\/yamarin-53-br-cross-12-15-venekuomu-ei-kaaria-tummanharmaa\/","url":"https:\/\/va-varuste.fi\/tuote\/yamarin-53-br-cross-12-15-venekuomu-ei-kaaria-tummanharmaa\/","name":"Yamarin 53 BR CROSS venekuomu | VA-Varuste.fi","isPartOf":{"@id":"https:\/\/va-varuste.fi\/#website"},"primaryImageOfPage":{"@id":"https:\/\/va-varuste.fi\/tuote\/yamarin-53-br-cross-12-15-venekuomu-ei-kaaria-tummanharmaa\/#primaryimage"},"image":{"@id":"https:\/\/va-varuste.fi\/tuote\/yamarin-53-br-cross-12-15-venekuomu-ei-kaaria-tummanharmaa\/#primaryimage"},"thumbnailUrl":"https:\/\/va-varuste.fi\/wp-content\/uploads\/2025\/03\/ya-53br-cross-12-15.jpg","datePublished":"2025-03-27T12:38:52+00:00","dateModified":"2026-04-15T12:08:22+00:00","description":"Venekuomu veneeseen Yamarin 53 BR Cross. Varastokuomu on vakiokaavalla tehty kuomu. Sopii vuosimalleihin 2012-2015.","breadcrumb":{"@id":"https:\/\/va-varuste.fi\/tuote\/yamarin-53-br-cross-12-15-venekuomu-ei-kaaria-tummanharmaa\/#breadcrumb"},"inLanguage":"pl-PL","potentialAction":[{"@type":"ReadAction","target":["https:\/\/va-varuste.fi\/tuote\/yamarin-53-br-cross-12-15-venekuomu-ei-kaaria-tummanharmaa\/"]}]},{"@type":"ImageObject","inLanguage":"pl-PL","@id":"https:\/\/va-varuste.fi\/tuote\/yamarin-53-br-cross-12-15-venekuomu-ei-kaaria-tummanharmaa\/#primaryimage","url":"https:\/\/va-varuste.fi\/wp-content\/uploads\/2025\/03\/ya-53br-cross-12-15.jpg","contentUrl":"https:\/\/va-varuste.fi\/wp-content\/uploads\/2025\/03\/ya-53br-cross-12-15.jpg","width":800,"height":500},{"@type":"BreadcrumbList","@id":"https:\/\/va-varuste.fi\/tuote\/yamarin-53-br-cross-12-15-venekuomu-ei-kaaria-tummanharmaa\/#breadcrumb","itemListElement":[{"@type":"ListItem","position":1,"name":"Etusivu","item":"https:\/\/va-varuste.fi\/pl\/"},{"@type":"ListItem","position":2,"name":"Sklep Internetowy","item":"https:\/\/va-varuste.fi\/pl\/sklepie-internetowym\/"},{"@type":"ListItem","position":3,"name":"Yamarin 53 BR Cross -12-15 venekuomu \/ ei kaaria, tummanharmaa"}]},{"@type":"WebSite","@id":"https:\/\/va-varuste.fi\/#website","url":"https:\/\/va-varuste.fi\/","name":"VA-Varuste","description":"","publisher":{"@id":"https:\/\/va-varuste.fi\/#organization"},"potentialAction":[{"@type":"SearchAction","target":{"@type":"EntryPoint","urlTemplate":"https:\/\/va-varuste.fi\/?s={search_term_string}"},"query-input":{"@type":"PropertyValueSpecification","valueRequired":true,"valueName":"search_term_string"}}],"inLanguage":"pl-PL"},{"@type":"Organization","@id":"https:\/\/va-varuste.fi\/#organization","name":"VA-Varuste","url":"https:\/\/va-varuste.fi\/","logo":{"@type":"ImageObject","inLanguage":"pl-PL","@id":"https:\/\/va-varuste.fi\/#\/schema\/logo\/image\/","url":"https:\/\/va-varuste.fi\/wp-content\/uploads\/2023\/09\/va-logo.svg","contentUrl":"https:\/\/va-varuste.fi\/wp-content\/uploads\/2023\/09\/va-logo.svg","caption":"VA-Varuste"},"image":{"@id":"https:\/\/va-varuste.fi\/#\/schema\/logo\/image\/"},"sameAs":["https:\/\/www.facebook.com\/vavarustefi\/","https:\/\/www.instagram.com\/vavaruste\/"]}]}},"_links":{"self":[{"href":"https:\/\/va-varuste.fi\/pl\/wp-json\/wp\/v2\/product\/229016","targetHints":{"allow":["GET"]}}],"collection":[{"href":"https:\/\/va-varuste.fi\/pl\/wp-json\/wp\/v2\/product"}],"about":[{"href":"https:\/\/va-varuste.fi\/pl\/wp-json\/wp\/v2\/types\/product"}],"wp:featuredmedia":[{"embeddable":true,"href":"https:\/\/va-varuste.fi\/pl\/wp-json\/wp\/v2\/media\/229064"}],"wp:attachment":[{"href":"https:\/\/va-varuste.fi\/pl\/wp-json\/wp\/v2\/media?parent=229016"}],"wp:term":[{"taxonomy":"product_brand","embeddable":true,"href":"https:\/\/va-varuste.fi\/pl\/wp-json\/wp\/v2\/product_brand?post=229016"},{"taxonomy":"product_cat","embeddable":true,"href":"https:\/\/va-varuste.fi\/pl\/wp-json\/wp\/v2\/product_cat?post=229016"},{"taxonomy":"product_tag","embeddable":true,"href":"https:\/\/va-varuste.fi\/pl\/wp-json\/wp\/v2\/product_tag?post=229016"}],"curies":[{"name":"wp","href":"https:\/\/api.w.org\/{rel}","templated":true}]}}