{"id":229039,"date":"2025-03-27T15:21:33","date_gmt":"2025-03-27T13:21:33","guid":{"rendered":"https:\/\/va-varuste.fi\/?post_type=product&#038;p=229039"},"modified":"2026-04-30T15:03:23","modified_gmt":"2026-04-30T12:03:23","slug":"bella-621-dc-07-venekuomu-ei-kaaria-mariininsininen","status":"publish","type":"product","link":"https:\/\/va-varuste.fi\/pl\/produkt\/bella-621-dc-07-venekuomu-ei-kaaria-mariininsininen\/","title":{"rendered":"Bella 621 DC -07-> Boat Canopy \/ No Frames, Navy Blue"},"content":{"rendered":"<h2>Bella 621 DC Boat Canopy<\/h2>\n<p>Bella 621 DC Boat Canopy is a high-quality stock canopy, manufactured using a standard pattern at VA-Varuste's factory. Colour marine blue. Fits model years 2007-2016.<\/p>\n<h3>Compatibility and installation<\/h3>\n<p>The canopy is designed to fit the boat Bella 621 DC. It fits the original frame tubes and the canopy fasteners are in pattern positions. Please note that the pattern positions may not exactly match the fastener positions on your boat, which is why a few loose fasteners are included in case you need to reposition a fastener on the boat. If the boat has aftermarket accessories installed, we cannot guarantee the canopy's fit.<\/p>\n<h3>Materials and quality<\/h3>\n<p>The canopy fabric is pre-treated at the textile mill, so it is ready to use immediately. We use high-quality, UV-protected canopy fabrics that withstand Nordic weather conditions. The fabric is waterproof and breathable, preventing condensation under the canopy. All canopies are expertly manufactured in Finland from quality materials.<\/p>\n<h3>Package contents<\/h3>\n<p>The stock canopy does not include frame tubes, canopy storage bag or installation hardware. The frame tubes and fasteners required for the canopy can be found separately in the <a href=\"https:\/\/va-varuste.fi\/en\/product-category\/canopy-accessories\/\" target=\"_blank\">canopy accessories section<\/a>.<\/p>\n<h3>Order and delivery<\/h3>\n<p>Stock canopies are shipped quickly directly from our warehouse. You can find answers to frequently asked questions on our <a href=\"https:\/\/va-varuste.fi\/en\/customer-service\/\">customer service page<\/a>. Please do not hesitate to contact us if you need help choosing the right canopy!<\/p>\n","protected":false},"excerpt":{"rendered":"<p>Boat canopy for boat Bella 621 DC. Stock canopy manufactured using a standard pattern. Colour Navy Blue. Fits model years 2007-2016. Subject to availability, immediate delivery or back-order .<\/p>\n<p>Vuonna 2011 vakiov\u00e4ri on vaihtunut mariininsinisest\u00e4 tummaan navyyn. Jos haluat tilata Canopyn uudella vakiov\u00e4rill\u00e4 Dark Navy, voit tehd\u00e4 tilauksen suoraan <strong><a href=\"https:\/\/va-varuste.fi\/Boat Canopyt\/#tarjouspyynto\">asiakaspalvelusta<\/a><\/strong>.<\/p>\n","protected":false},"featured_media":229069,"template":"","meta":[],"product_brand":[],"product_cat":[427],"product_tag":[],"class_list":{"0":"post-229039","1":"product","2":"type-product","3":"status-publish","4":"has-post-thumbnail","6":"product_cat-varastokuomut","7":"product_shipping_class-va-venekuomut-uusintakuomut","9":"first","10":"instock","11":"taxable","12":"shipping-taxable","13":"purchasable","14":"product-type-simple"},"yoast_head":"<!-- This site is optimized with the Yoast SEO plugin v27.4 - https:\/\/yoast.com\/product\/yoast-seo-wordpress\/ -->\n<title>Bella 621 DC venekuomu | VA-Varuste.fi<\/title>\n<meta name=\"description\" content=\"Venekuomu veneeseen Bella 621 DC. Varastokuomu on vakiokaavalla tehty kuomu. V\u00e4ri mariininsininen. Sopii vuosimalleihin 2007-2016.\" \/>\n<meta name=\"robots\" content=\"index, follow, max-snippet:-1, max-image-preview:large, max-video-preview:-1\" \/>\n<link rel=\"canonical\" href=\"https:\/\/va-varuste.fi\/tuote\/bella-621-dc-07-venekuomu-ei-kaaria-mariininsininen\/\" \/>\n<meta property=\"og:locale\" content=\"pl_PL\" \/>\n<meta property=\"og:type\" content=\"article\" \/>\n<meta property=\"og:title\" content=\"Bella 621 DC venekuomu | VA-Varuste.fi\" \/>\n<meta property=\"og:description\" content=\"Venekuomu veneeseen Bella 621 DC. Varastokuomu on vakiokaavalla tehty kuomu. V\u00e4ri mariininsininen. Sopii vuosimalleihin 2007-2016.\" \/>\n<meta property=\"og:url\" content=\"https:\/\/va-varuste.fi\/tuote\/bella-621-dc-07-venekuomu-ei-kaaria-mariininsininen\/\" \/>\n<meta property=\"og:site_name\" content=\"VA-Varuste\" \/>\n<meta property=\"article:publisher\" content=\"https:\/\/www.facebook.com\/vavarustefi\/\" \/>\n<meta property=\"article:modified_time\" content=\"2026-04-30T12:03:23+00:00\" \/>\n<meta property=\"og:image\" content=\"https:\/\/va-varuste.fi\/wp-content\/uploads\/2025\/03\/vk_be621dc_5031.jpg\" \/>\n\t<meta property=\"og:image:width\" content=\"510\" \/>\n\t<meta property=\"og:image:height\" content=\"253\" \/>\n\t<meta property=\"og:image:type\" content=\"image\/jpeg\" \/>\n<meta name=\"twitter:card\" content=\"summary_large_image\" \/>\n<meta name=\"twitter:label1\" content=\"Szacowany czas czytania\" \/>\n\t<meta name=\"twitter:data1\" content=\"1 minuta\" \/>\n<script type=\"application\/ld+json\" class=\"yoast-schema-graph\">{\"@context\":\"https:\\\/\\\/schema.org\",\"@graph\":[{\"@type\":\"WebPage\",\"@id\":\"https:\\\/\\\/va-varuste.fi\\\/tuote\\\/bella-621-dc-07-venekuomu-ei-kaaria-mariininsininen\\\/\",\"url\":\"https:\\\/\\\/va-varuste.fi\\\/tuote\\\/bella-621-dc-07-venekuomu-ei-kaaria-mariininsininen\\\/\",\"name\":\"Bella 621 DC venekuomu | VA-Varuste.fi\",\"isPartOf\":{\"@id\":\"https:\\\/\\\/va-varuste.fi\\\/#website\"},\"primaryImageOfPage\":{\"@id\":\"https:\\\/\\\/va-varuste.fi\\\/tuote\\\/bella-621-dc-07-venekuomu-ei-kaaria-mariininsininen\\\/#primaryimage\"},\"image\":{\"@id\":\"https:\\\/\\\/va-varuste.fi\\\/tuote\\\/bella-621-dc-07-venekuomu-ei-kaaria-mariininsininen\\\/#primaryimage\"},\"thumbnailUrl\":\"https:\\\/\\\/va-varuste.fi\\\/wp-content\\\/uploads\\\/2025\\\/03\\\/vk_be621dc_5031.jpg\",\"datePublished\":\"2025-03-27T13:21:33+00:00\",\"dateModified\":\"2026-04-30T12:03:23+00:00\",\"description\":\"Venekuomu veneeseen Bella 621 DC. Varastokuomu on vakiokaavalla tehty kuomu. V\u00e4ri mariininsininen. Sopii vuosimalleihin 2007-2016.\",\"breadcrumb\":{\"@id\":\"https:\\\/\\\/va-varuste.fi\\\/tuote\\\/bella-621-dc-07-venekuomu-ei-kaaria-mariininsininen\\\/#breadcrumb\"},\"inLanguage\":\"pl-PL\",\"potentialAction\":[{\"@type\":\"ReadAction\",\"target\":[\"https:\\\/\\\/va-varuste.fi\\\/tuote\\\/bella-621-dc-07-venekuomu-ei-kaaria-mariininsininen\\\/\"]}]},{\"@type\":\"ImageObject\",\"inLanguage\":\"pl-PL\",\"@id\":\"https:\\\/\\\/va-varuste.fi\\\/tuote\\\/bella-621-dc-07-venekuomu-ei-kaaria-mariininsininen\\\/#primaryimage\",\"url\":\"https:\\\/\\\/va-varuste.fi\\\/wp-content\\\/uploads\\\/2025\\\/03\\\/vk_be621dc_5031.jpg\",\"contentUrl\":\"https:\\\/\\\/va-varuste.fi\\\/wp-content\\\/uploads\\\/2025\\\/03\\\/vk_be621dc_5031.jpg\",\"width\":510,\"height\":253},{\"@type\":\"BreadcrumbList\",\"@id\":\"https:\\\/\\\/va-varuste.fi\\\/tuote\\\/bella-621-dc-07-venekuomu-ei-kaaria-mariininsininen\\\/#breadcrumb\",\"itemListElement\":[{\"@type\":\"ListItem\",\"position\":1,\"name\":\"Etusivu\",\"item\":\"https:\\\/\\\/va-varuste.fi\\\/pl\\\/\"},{\"@type\":\"ListItem\",\"position\":2,\"name\":\"Sklep Internetowy\",\"item\":\"https:\\\/\\\/va-varuste.fi\\\/pl\\\/sklepie-internetowym\\\/\"},{\"@type\":\"ListItem\",\"position\":3,\"name\":\"Bella 621 DC -07-> venekuomu \\\/ ei kaaria, mariininsininen\"}]},{\"@type\":\"WebSite\",\"@id\":\"https:\\\/\\\/va-varuste.fi\\\/#website\",\"url\":\"https:\\\/\\\/va-varuste.fi\\\/\",\"name\":\"VA-Varuste\",\"description\":\"\",\"publisher\":{\"@id\":\"https:\\\/\\\/va-varuste.fi\\\/#organization\"},\"potentialAction\":[{\"@type\":\"SearchAction\",\"target\":{\"@type\":\"EntryPoint\",\"urlTemplate\":\"https:\\\/\\\/va-varuste.fi\\\/?s={search_term_string}\"},\"query-input\":{\"@type\":\"PropertyValueSpecification\",\"valueRequired\":true,\"valueName\":\"search_term_string\"}}],\"inLanguage\":\"pl-PL\"},{\"@type\":\"Organization\",\"@id\":\"https:\\\/\\\/va-varuste.fi\\\/#organization\",\"name\":\"VA-Varuste\",\"url\":\"https:\\\/\\\/va-varuste.fi\\\/\",\"logo\":{\"@type\":\"ImageObject\",\"inLanguage\":\"pl-PL\",\"@id\":\"https:\\\/\\\/va-varuste.fi\\\/#\\\/schema\\\/logo\\\/image\\\/\",\"url\":\"https:\\\/\\\/va-varuste.fi\\\/wp-content\\\/uploads\\\/2023\\\/09\\\/va-logo.svg\",\"contentUrl\":\"https:\\\/\\\/va-varuste.fi\\\/wp-content\\\/uploads\\\/2023\\\/09\\\/va-logo.svg\",\"caption\":\"VA-Varuste\"},\"image\":{\"@id\":\"https:\\\/\\\/va-varuste.fi\\\/#\\\/schema\\\/logo\\\/image\\\/\"},\"sameAs\":[\"https:\\\/\\\/www.facebook.com\\\/vavarustefi\\\/\",\"https:\\\/\\\/www.instagram.com\\\/vavaruste\\\/\"]}]}<\/script>\n<!-- \/ Yoast SEO plugin. -->","yoast_head_json":{"title":"Bella 621 DC venekuomu | VA-Varuste.fi","description":"Venekuomu veneeseen Bella 621 DC. Varastokuomu on vakiokaavalla tehty kuomu. V\u00e4ri mariininsininen. Sopii vuosimalleihin 2007-2016.","robots":{"index":"index","follow":"follow","max-snippet":"max-snippet:-1","max-image-preview":"max-image-preview:large","max-video-preview":"max-video-preview:-1"},"canonical":"https:\/\/va-varuste.fi\/tuote\/bella-621-dc-07-venekuomu-ei-kaaria-mariininsininen\/","og_locale":"pl_PL","og_type":"article","og_title":"Bella 621 DC venekuomu | VA-Varuste.fi","og_description":"Venekuomu veneeseen Bella 621 DC. Varastokuomu on vakiokaavalla tehty kuomu. V\u00e4ri mariininsininen. Sopii vuosimalleihin 2007-2016.","og_url":"https:\/\/va-varuste.fi\/tuote\/bella-621-dc-07-venekuomu-ei-kaaria-mariininsininen\/","og_site_name":"VA-Varuste","article_publisher":"https:\/\/www.facebook.com\/vavarustefi\/","article_modified_time":"2026-04-30T12:03:23+00:00","og_image":[{"width":510,"height":253,"url":"https:\/\/va-varuste.fi\/wp-content\/uploads\/2025\/03\/vk_be621dc_5031.jpg","type":"image\/jpeg"}],"twitter_card":"summary_large_image","twitter_misc":{"Szacowany czas czytania":"1 minuta"},"schema":{"@context":"https:\/\/schema.org","@graph":[{"@type":"WebPage","@id":"https:\/\/va-varuste.fi\/tuote\/bella-621-dc-07-venekuomu-ei-kaaria-mariininsininen\/","url":"https:\/\/va-varuste.fi\/tuote\/bella-621-dc-07-venekuomu-ei-kaaria-mariininsininen\/","name":"Bella 621 DC venekuomu | VA-Varuste.fi","isPartOf":{"@id":"https:\/\/va-varuste.fi\/#website"},"primaryImageOfPage":{"@id":"https:\/\/va-varuste.fi\/tuote\/bella-621-dc-07-venekuomu-ei-kaaria-mariininsininen\/#primaryimage"},"image":{"@id":"https:\/\/va-varuste.fi\/tuote\/bella-621-dc-07-venekuomu-ei-kaaria-mariininsininen\/#primaryimage"},"thumbnailUrl":"https:\/\/va-varuste.fi\/wp-content\/uploads\/2025\/03\/vk_be621dc_5031.jpg","datePublished":"2025-03-27T13:21:33+00:00","dateModified":"2026-04-30T12:03:23+00:00","description":"Venekuomu veneeseen Bella 621 DC. Varastokuomu on vakiokaavalla tehty kuomu. V\u00e4ri mariininsininen. Sopii vuosimalleihin 2007-2016.","breadcrumb":{"@id":"https:\/\/va-varuste.fi\/tuote\/bella-621-dc-07-venekuomu-ei-kaaria-mariininsininen\/#breadcrumb"},"inLanguage":"pl-PL","potentialAction":[{"@type":"ReadAction","target":["https:\/\/va-varuste.fi\/tuote\/bella-621-dc-07-venekuomu-ei-kaaria-mariininsininen\/"]}]},{"@type":"ImageObject","inLanguage":"pl-PL","@id":"https:\/\/va-varuste.fi\/tuote\/bella-621-dc-07-venekuomu-ei-kaaria-mariininsininen\/#primaryimage","url":"https:\/\/va-varuste.fi\/wp-content\/uploads\/2025\/03\/vk_be621dc_5031.jpg","contentUrl":"https:\/\/va-varuste.fi\/wp-content\/uploads\/2025\/03\/vk_be621dc_5031.jpg","width":510,"height":253},{"@type":"BreadcrumbList","@id":"https:\/\/va-varuste.fi\/tuote\/bella-621-dc-07-venekuomu-ei-kaaria-mariininsininen\/#breadcrumb","itemListElement":[{"@type":"ListItem","position":1,"name":"Etusivu","item":"https:\/\/va-varuste.fi\/pl\/"},{"@type":"ListItem","position":2,"name":"Sklep Internetowy","item":"https:\/\/va-varuste.fi\/pl\/sklepie-internetowym\/"},{"@type":"ListItem","position":3,"name":"Bella 621 DC -07-> venekuomu \/ ei kaaria, mariininsininen"}]},{"@type":"WebSite","@id":"https:\/\/va-varuste.fi\/#website","url":"https:\/\/va-varuste.fi\/","name":"VA-Varuste","description":"","publisher":{"@id":"https:\/\/va-varuste.fi\/#organization"},"potentialAction":[{"@type":"SearchAction","target":{"@type":"EntryPoint","urlTemplate":"https:\/\/va-varuste.fi\/?s={search_term_string}"},"query-input":{"@type":"PropertyValueSpecification","valueRequired":true,"valueName":"search_term_string"}}],"inLanguage":"pl-PL"},{"@type":"Organization","@id":"https:\/\/va-varuste.fi\/#organization","name":"VA-Varuste","url":"https:\/\/va-varuste.fi\/","logo":{"@type":"ImageObject","inLanguage":"pl-PL","@id":"https:\/\/va-varuste.fi\/#\/schema\/logo\/image\/","url":"https:\/\/va-varuste.fi\/wp-content\/uploads\/2023\/09\/va-logo.svg","contentUrl":"https:\/\/va-varuste.fi\/wp-content\/uploads\/2023\/09\/va-logo.svg","caption":"VA-Varuste"},"image":{"@id":"https:\/\/va-varuste.fi\/#\/schema\/logo\/image\/"},"sameAs":["https:\/\/www.facebook.com\/vavarustefi\/","https:\/\/www.instagram.com\/vavaruste\/"]}]}},"_links":{"self":[{"href":"https:\/\/va-varuste.fi\/pl\/wp-json\/wp\/v2\/product\/229039","targetHints":{"allow":["GET"]}}],"collection":[{"href":"https:\/\/va-varuste.fi\/pl\/wp-json\/wp\/v2\/product"}],"about":[{"href":"https:\/\/va-varuste.fi\/pl\/wp-json\/wp\/v2\/types\/product"}],"wp:featuredmedia":[{"embeddable":true,"href":"https:\/\/va-varuste.fi\/pl\/wp-json\/wp\/v2\/media\/229069"}],"wp:attachment":[{"href":"https:\/\/va-varuste.fi\/pl\/wp-json\/wp\/v2\/media?parent=229039"}],"wp:term":[{"taxonomy":"product_brand","embeddable":true,"href":"https:\/\/va-varuste.fi\/pl\/wp-json\/wp\/v2\/product_brand?post=229039"},{"taxonomy":"product_cat","embeddable":true,"href":"https:\/\/va-varuste.fi\/pl\/wp-json\/wp\/v2\/product_cat?post=229039"},{"taxonomy":"product_tag","embeddable":true,"href":"https:\/\/va-varuste.fi\/pl\/wp-json\/wp\/v2\/product_tag?post=229039"}],"curies":[{"name":"wp","href":"https:\/\/api.w.org\/{rel}","templated":true}]}}