{"id":233080,"date":"2025-10-15T15:56:07","date_gmt":"2025-10-15T12:56:07","guid":{"rendered":"https:\/\/va-varuste.fi\/?post_type=product&#038;p=233080"},"modified":"2026-03-18T15:19:46","modified_gmt":"2026-03-18T13:19:46","slug":"silver-hawk-br-14-katkeava-perakuomu-ei-kaaria-keskiharmaa","status":"publish","type":"product","link":"https:\/\/va-varuste.fi\/pl\/produkt\/silver-hawk-br-14-katkeava-perakuomu-ei-kaaria-keskiharmaa\/","title":{"rendered":"Silver Hawk BR -14-> katkeava Rear Canopy\/ No Frames, Cadet Grey"},"content":{"rendered":"<h2>Silver Hawk BR Rear Canopy<\/h2>\n<p>Silver Hawk BR Rear Canopy is a high-quality stock canopy, manufactured using a standard pattern at VA-Varuste's factory. Kyseess\u00e4 on katkeava malli. Colour Cadet Grey. Fits model years 2014-2018.<\/p>\n<h3>Compatibility and installation<\/h3>\n<p>The canopy is designed to fit the boat Silver Hawk BR. It fits the original frame tubes and the canopy fasteners are in pattern positions. Please note that the pattern positions may not exactly match the fastener positions on your boat, which is why a few loose fasteners are included in case you need to reposition a fastener on the boat. If the boat has aftermarket accessories installed, we cannot guarantee the canopy's fit.<\/p>\n<h3>Materials and quality<\/h3>\n<p>The canopy fabric is pre-treated at the textile mill, so it is ready to use immediately. We use high-quality, UV-protected canopy fabrics that withstand Nordic weather conditions. The fabric is waterproof and breathable, preventing condensation under the canopy. All canopies are expertly manufactured in Finland from quality materials.<\/p>\n<h3>Package contents<\/h3>\n<p>The stock canopy does not include frame tubes, canopy storage bag or installation hardware. The frame tubes and fasteners required for the canopy can be found separately in the <a href=\"https:\/\/va-varuste.fi\/en\/product-category\/canopy-accessories\/\" target=\"_blank\">canopy accessories section<\/a>.<\/p>\n<h3>Order and delivery<\/h3>\n<p>Stock canopies are shipped quickly directly from our warehouse. You can find answers to frequently asked questions on our <a href=\"https:\/\/va-varuste.fi\/en\/customer-service\/\">customer service page<\/a>. Please do not hesitate to contact us if you need help choosing the right canopy!<\/p>\n","protected":false},"excerpt":{"rendered":"<p>Rear canopy for boat Silver Hawk BR. VarastoCanopy on vakiokaavalla tehty katkeava Rear Canopy. Colour Cadet Grey Fits model years 2014-2018. Subject to availability, immediate delivery or back-order .<\/p>\n<p>&nbsp;<\/p>\n","protected":false},"featured_media":225668,"template":"","meta":[],"product_brand":[],"product_cat":[427],"product_tag":[],"class_list":{"0":"post-233080","1":"product","2":"type-product","3":"status-publish","4":"has-post-thumbnail","6":"product_cat-varastokuomut","7":"product_shipping_class-va-venekuomut-uusintakuomut","9":"first","10":"instock","11":"taxable","12":"shipping-taxable","13":"purchasable","14":"product-type-simple"},"yoast_head":"<!-- This site is optimized with the Yoast SEO plugin v27.4 - https:\/\/yoast.com\/product\/yoast-seo-wordpress\/ -->\n<title>Silver Hawk BR per\u00e4kuomu | VA-Varuste.fi<\/title>\n<meta name=\"description\" content=\"Per\u00e4kuomu veneeseen Silver Hawk BR. Varastokuomu on vakiokaavalla tehty katkeava per\u00e4kuomu. V\u00e4ri keskiharmaa Sopii vuosimalleihin 2014-2018.\" \/>\n<meta name=\"robots\" content=\"index, follow, max-snippet:-1, max-image-preview:large, max-video-preview:-1\" \/>\n<link rel=\"canonical\" href=\"https:\/\/va-varuste.fi\/tuote\/silver-hawk-br-14-katkeava-perakuomu-ei-kaaria-keskiharmaa\/\" \/>\n<meta property=\"og:locale\" content=\"pl_PL\" \/>\n<meta property=\"og:type\" content=\"article\" \/>\n<meta property=\"og:title\" content=\"Silver Hawk BR per\u00e4kuomu | VA-Varuste.fi\" \/>\n<meta property=\"og:description\" content=\"Per\u00e4kuomu veneeseen Silver Hawk BR. Varastokuomu on vakiokaavalla tehty katkeava per\u00e4kuomu. V\u00e4ri keskiharmaa Sopii vuosimalleihin 2014-2018.\" \/>\n<meta property=\"og:url\" content=\"https:\/\/va-varuste.fi\/tuote\/silver-hawk-br-14-katkeava-perakuomu-ei-kaaria-keskiharmaa\/\" \/>\n<meta property=\"og:site_name\" content=\"VA-Varuste\" \/>\n<meta property=\"article:publisher\" content=\"https:\/\/www.facebook.com\/vavarustefi\/\" \/>\n<meta property=\"article:modified_time\" content=\"2026-03-18T13:19:46+00:00\" \/>\n<meta property=\"og:image\" content=\"https:\/\/va-varuste.fi\/wp-content\/uploads\/2023\/11\/canopy_preview.jpg\" \/>\n\t<meta property=\"og:image:width\" content=\"417\" \/>\n\t<meta property=\"og:image:height\" content=\"416\" \/>\n\t<meta property=\"og:image:type\" content=\"image\/jpeg\" \/>\n<meta name=\"twitter:card\" content=\"summary_large_image\" \/>\n<meta name=\"twitter:label1\" content=\"Szacowany czas czytania\" \/>\n\t<meta name=\"twitter:data1\" content=\"1 minuta\" \/>\n<script type=\"application\/ld+json\" class=\"yoast-schema-graph\">{\"@context\":\"https:\\\/\\\/schema.org\",\"@graph\":[{\"@type\":\"WebPage\",\"@id\":\"https:\\\/\\\/va-varuste.fi\\\/tuote\\\/silver-hawk-br-14-katkeava-perakuomu-ei-kaaria-keskiharmaa\\\/\",\"url\":\"https:\\\/\\\/va-varuste.fi\\\/tuote\\\/silver-hawk-br-14-katkeava-perakuomu-ei-kaaria-keskiharmaa\\\/\",\"name\":\"Silver Hawk BR per\u00e4kuomu | VA-Varuste.fi\",\"isPartOf\":{\"@id\":\"https:\\\/\\\/va-varuste.fi\\\/#website\"},\"primaryImageOfPage\":{\"@id\":\"https:\\\/\\\/va-varuste.fi\\\/tuote\\\/silver-hawk-br-14-katkeava-perakuomu-ei-kaaria-keskiharmaa\\\/#primaryimage\"},\"image\":{\"@id\":\"https:\\\/\\\/va-varuste.fi\\\/tuote\\\/silver-hawk-br-14-katkeava-perakuomu-ei-kaaria-keskiharmaa\\\/#primaryimage\"},\"thumbnailUrl\":\"https:\\\/\\\/va-varuste.fi\\\/wp-content\\\/uploads\\\/2023\\\/11\\\/canopy_preview.jpg\",\"datePublished\":\"2025-10-15T12:56:07+00:00\",\"dateModified\":\"2026-03-18T13:19:46+00:00\",\"description\":\"Per\u00e4kuomu veneeseen Silver Hawk BR. Varastokuomu on vakiokaavalla tehty katkeava per\u00e4kuomu. V\u00e4ri keskiharmaa Sopii vuosimalleihin 2014-2018.\",\"breadcrumb\":{\"@id\":\"https:\\\/\\\/va-varuste.fi\\\/tuote\\\/silver-hawk-br-14-katkeava-perakuomu-ei-kaaria-keskiharmaa\\\/#breadcrumb\"},\"inLanguage\":\"pl-PL\",\"potentialAction\":[{\"@type\":\"ReadAction\",\"target\":[\"https:\\\/\\\/va-varuste.fi\\\/tuote\\\/silver-hawk-br-14-katkeava-perakuomu-ei-kaaria-keskiharmaa\\\/\"]}]},{\"@type\":\"ImageObject\",\"inLanguage\":\"pl-PL\",\"@id\":\"https:\\\/\\\/va-varuste.fi\\\/tuote\\\/silver-hawk-br-14-katkeava-perakuomu-ei-kaaria-keskiharmaa\\\/#primaryimage\",\"url\":\"https:\\\/\\\/va-varuste.fi\\\/wp-content\\\/uploads\\\/2023\\\/11\\\/canopy_preview.jpg\",\"contentUrl\":\"https:\\\/\\\/va-varuste.fi\\\/wp-content\\\/uploads\\\/2023\\\/11\\\/canopy_preview.jpg\",\"width\":417,\"height\":416},{\"@type\":\"BreadcrumbList\",\"@id\":\"https:\\\/\\\/va-varuste.fi\\\/tuote\\\/silver-hawk-br-14-katkeava-perakuomu-ei-kaaria-keskiharmaa\\\/#breadcrumb\",\"itemListElement\":[{\"@type\":\"ListItem\",\"position\":1,\"name\":\"Etusivu\",\"item\":\"https:\\\/\\\/va-varuste.fi\\\/pl\\\/\"},{\"@type\":\"ListItem\",\"position\":2,\"name\":\"Sklep Internetowy\",\"item\":\"https:\\\/\\\/va-varuste.fi\\\/pl\\\/sklepie-internetowym\\\/\"},{\"@type\":\"ListItem\",\"position\":3,\"name\":\"Silver Hawk BR -14-> katkeava per\u00e4kuomu\\\/ ei kaaria, keskiharmaa\"}]},{\"@type\":\"WebSite\",\"@id\":\"https:\\\/\\\/va-varuste.fi\\\/#website\",\"url\":\"https:\\\/\\\/va-varuste.fi\\\/\",\"name\":\"VA-Varuste\",\"description\":\"\",\"publisher\":{\"@id\":\"https:\\\/\\\/va-varuste.fi\\\/#organization\"},\"potentialAction\":[{\"@type\":\"SearchAction\",\"target\":{\"@type\":\"EntryPoint\",\"urlTemplate\":\"https:\\\/\\\/va-varuste.fi\\\/?s={search_term_string}\"},\"query-input\":{\"@type\":\"PropertyValueSpecification\",\"valueRequired\":true,\"valueName\":\"search_term_string\"}}],\"inLanguage\":\"pl-PL\"},{\"@type\":\"Organization\",\"@id\":\"https:\\\/\\\/va-varuste.fi\\\/#organization\",\"name\":\"VA-Varuste\",\"url\":\"https:\\\/\\\/va-varuste.fi\\\/\",\"logo\":{\"@type\":\"ImageObject\",\"inLanguage\":\"pl-PL\",\"@id\":\"https:\\\/\\\/va-varuste.fi\\\/#\\\/schema\\\/logo\\\/image\\\/\",\"url\":\"https:\\\/\\\/va-varuste.fi\\\/wp-content\\\/uploads\\\/2023\\\/09\\\/va-logo.svg\",\"contentUrl\":\"https:\\\/\\\/va-varuste.fi\\\/wp-content\\\/uploads\\\/2023\\\/09\\\/va-logo.svg\",\"caption\":\"VA-Varuste\"},\"image\":{\"@id\":\"https:\\\/\\\/va-varuste.fi\\\/#\\\/schema\\\/logo\\\/image\\\/\"},\"sameAs\":[\"https:\\\/\\\/www.facebook.com\\\/vavarustefi\\\/\",\"https:\\\/\\\/www.instagram.com\\\/vavaruste\\\/\"]}]}<\/script>\n<!-- \/ Yoast SEO plugin. -->","yoast_head_json":{"title":"Silver Hawk BR per\u00e4kuomu | VA-Varuste.fi","description":"Per\u00e4kuomu veneeseen Silver Hawk BR. Varastokuomu on vakiokaavalla tehty katkeava per\u00e4kuomu. V\u00e4ri keskiharmaa Sopii vuosimalleihin 2014-2018.","robots":{"index":"index","follow":"follow","max-snippet":"max-snippet:-1","max-image-preview":"max-image-preview:large","max-video-preview":"max-video-preview:-1"},"canonical":"https:\/\/va-varuste.fi\/tuote\/silver-hawk-br-14-katkeava-perakuomu-ei-kaaria-keskiharmaa\/","og_locale":"pl_PL","og_type":"article","og_title":"Silver Hawk BR per\u00e4kuomu | VA-Varuste.fi","og_description":"Per\u00e4kuomu veneeseen Silver Hawk BR. Varastokuomu on vakiokaavalla tehty katkeava per\u00e4kuomu. V\u00e4ri keskiharmaa Sopii vuosimalleihin 2014-2018.","og_url":"https:\/\/va-varuste.fi\/tuote\/silver-hawk-br-14-katkeava-perakuomu-ei-kaaria-keskiharmaa\/","og_site_name":"VA-Varuste","article_publisher":"https:\/\/www.facebook.com\/vavarustefi\/","article_modified_time":"2026-03-18T13:19:46+00:00","og_image":[{"width":417,"height":416,"url":"https:\/\/va-varuste.fi\/wp-content\/uploads\/2023\/11\/canopy_preview.jpg","type":"image\/jpeg"}],"twitter_card":"summary_large_image","twitter_misc":{"Szacowany czas czytania":"1 minuta"},"schema":{"@context":"https:\/\/schema.org","@graph":[{"@type":"WebPage","@id":"https:\/\/va-varuste.fi\/tuote\/silver-hawk-br-14-katkeava-perakuomu-ei-kaaria-keskiharmaa\/","url":"https:\/\/va-varuste.fi\/tuote\/silver-hawk-br-14-katkeava-perakuomu-ei-kaaria-keskiharmaa\/","name":"Silver Hawk BR per\u00e4kuomu | VA-Varuste.fi","isPartOf":{"@id":"https:\/\/va-varuste.fi\/#website"},"primaryImageOfPage":{"@id":"https:\/\/va-varuste.fi\/tuote\/silver-hawk-br-14-katkeava-perakuomu-ei-kaaria-keskiharmaa\/#primaryimage"},"image":{"@id":"https:\/\/va-varuste.fi\/tuote\/silver-hawk-br-14-katkeava-perakuomu-ei-kaaria-keskiharmaa\/#primaryimage"},"thumbnailUrl":"https:\/\/va-varuste.fi\/wp-content\/uploads\/2023\/11\/canopy_preview.jpg","datePublished":"2025-10-15T12:56:07+00:00","dateModified":"2026-03-18T13:19:46+00:00","description":"Per\u00e4kuomu veneeseen Silver Hawk BR. Varastokuomu on vakiokaavalla tehty katkeava per\u00e4kuomu. V\u00e4ri keskiharmaa Sopii vuosimalleihin 2014-2018.","breadcrumb":{"@id":"https:\/\/va-varuste.fi\/tuote\/silver-hawk-br-14-katkeava-perakuomu-ei-kaaria-keskiharmaa\/#breadcrumb"},"inLanguage":"pl-PL","potentialAction":[{"@type":"ReadAction","target":["https:\/\/va-varuste.fi\/tuote\/silver-hawk-br-14-katkeava-perakuomu-ei-kaaria-keskiharmaa\/"]}]},{"@type":"ImageObject","inLanguage":"pl-PL","@id":"https:\/\/va-varuste.fi\/tuote\/silver-hawk-br-14-katkeava-perakuomu-ei-kaaria-keskiharmaa\/#primaryimage","url":"https:\/\/va-varuste.fi\/wp-content\/uploads\/2023\/11\/canopy_preview.jpg","contentUrl":"https:\/\/va-varuste.fi\/wp-content\/uploads\/2023\/11\/canopy_preview.jpg","width":417,"height":416},{"@type":"BreadcrumbList","@id":"https:\/\/va-varuste.fi\/tuote\/silver-hawk-br-14-katkeava-perakuomu-ei-kaaria-keskiharmaa\/#breadcrumb","itemListElement":[{"@type":"ListItem","position":1,"name":"Etusivu","item":"https:\/\/va-varuste.fi\/pl\/"},{"@type":"ListItem","position":2,"name":"Sklep Internetowy","item":"https:\/\/va-varuste.fi\/pl\/sklepie-internetowym\/"},{"@type":"ListItem","position":3,"name":"Silver Hawk BR -14-> katkeava per\u00e4kuomu\/ ei kaaria, keskiharmaa"}]},{"@type":"WebSite","@id":"https:\/\/va-varuste.fi\/#website","url":"https:\/\/va-varuste.fi\/","name":"VA-Varuste","description":"","publisher":{"@id":"https:\/\/va-varuste.fi\/#organization"},"potentialAction":[{"@type":"SearchAction","target":{"@type":"EntryPoint","urlTemplate":"https:\/\/va-varuste.fi\/?s={search_term_string}"},"query-input":{"@type":"PropertyValueSpecification","valueRequired":true,"valueName":"search_term_string"}}],"inLanguage":"pl-PL"},{"@type":"Organization","@id":"https:\/\/va-varuste.fi\/#organization","name":"VA-Varuste","url":"https:\/\/va-varuste.fi\/","logo":{"@type":"ImageObject","inLanguage":"pl-PL","@id":"https:\/\/va-varuste.fi\/#\/schema\/logo\/image\/","url":"https:\/\/va-varuste.fi\/wp-content\/uploads\/2023\/09\/va-logo.svg","contentUrl":"https:\/\/va-varuste.fi\/wp-content\/uploads\/2023\/09\/va-logo.svg","caption":"VA-Varuste"},"image":{"@id":"https:\/\/va-varuste.fi\/#\/schema\/logo\/image\/"},"sameAs":["https:\/\/www.facebook.com\/vavarustefi\/","https:\/\/www.instagram.com\/vavaruste\/"]}]}},"_links":{"self":[{"href":"https:\/\/va-varuste.fi\/pl\/wp-json\/wp\/v2\/product\/233080","targetHints":{"allow":["GET"]}}],"collection":[{"href":"https:\/\/va-varuste.fi\/pl\/wp-json\/wp\/v2\/product"}],"about":[{"href":"https:\/\/va-varuste.fi\/pl\/wp-json\/wp\/v2\/types\/product"}],"wp:featuredmedia":[{"embeddable":true,"href":"https:\/\/va-varuste.fi\/pl\/wp-json\/wp\/v2\/media\/225668"}],"wp:attachment":[{"href":"https:\/\/va-varuste.fi\/pl\/wp-json\/wp\/v2\/media?parent=233080"}],"wp:term":[{"taxonomy":"product_brand","embeddable":true,"href":"https:\/\/va-varuste.fi\/pl\/wp-json\/wp\/v2\/product_brand?post=233080"},{"taxonomy":"product_cat","embeddable":true,"href":"https:\/\/va-varuste.fi\/pl\/wp-json\/wp\/v2\/product_cat?post=233080"},{"taxonomy":"product_tag","embeddable":true,"href":"https:\/\/va-varuste.fi\/pl\/wp-json\/wp\/v2\/product_tag?post=233080"}],"curies":[{"name":"wp","href":"https:\/\/api.w.org\/{rel}","templated":true}]}}