{"id":233621,"date":"2025-10-16T15:34:48","date_gmt":"2025-10-16T12:34:48","guid":{"rendered":"https:\/\/va-varuste.fi\/?post_type=product&#038;p=233621"},"modified":"2026-04-20T14:18:25","modified_gmt":"2026-04-20T11:18:25","slug":"flipper-640-650-dc-13-venekuomu-ei-kaaria-chargoal-pique","status":"publish","type":"product","link":"https:\/\/va-varuste.fi\/pl\/produkt\/flipper-640-650-dc-13-venekuomu-ei-kaaria-chargoal-pique\/","title":{"rendered":"Flipper 640\/650 DC -13->venekuomu \/ ei kaaria, Chargoal Piqu\u00e9"},"content":{"rendered":"<h2>Flipper 640 DC venekuomu<\/h2>\r\nFlipper 640 DC venekuomu on laadukas varastokuomu, joka on valmistettu vakiokaavalla VA-Varusteen tehtaalla. V\u00e4ri Chargoal Piqu\u00e9. Sopii vuosimalleihin 2013-2022.\r\n<h3>Yhteensopivuus ja asennus<\/h3>\r\nKuomu on suunniteltu sopimaan veneeseen Flipper 640 DC. Se sopii alkuper\u00e4isille kaariputkille ja kuomun kiinnikkeet on kaavapaikoilla. Huomioithan, ett\u00e4 kaavapaikat eiv\u00e4t v\u00e4ltt\u00e4m\u00e4tt\u00e4 t\u00e4ysin vastaa veneen puolen kiinnikkeiden paikkoja, mink\u00e4 vuoksi mukana paketissa tulee muutama irtokiinnike jos on tarpeen siirt\u00e4\u00e4 kiinnikett\u00e4 veneen puolella. Jos veneess\u00e4 on j\u00e4lkik\u00e4teen asennettuja lis\u00e4varusteita, emme voi taata kuomun sopivuutta.\r\n<h3>Materiaalit ja laatu<\/h3>\r\nKuomukangas on kyll\u00e4stetty valmiiksi kangastehtaalla, joten se on heti k\u00e4ytt\u00f6valmis. K\u00e4yt\u00e4mme korkealaatuisia, UV-suojattuja kuomukankaita jotka kest\u00e4v\u00e4t pohjoismaisia s\u00e4\u00e4olosuhteita. Kangas on vedenpit\u00e4v\u00e4 ja hengitt\u00e4v\u00e4, mik\u00e4 est\u00e4\u00e4 kosteuden tiivistymisen kuomun alle. Kuomut valmistetaan mittatilausty\u00f6n\u00e4 Suomessa laadukkaista materiaaleista.\r\n<h3>Pakkauksen sis\u00e4lt\u00f6<\/h3>\r\nVarastokuomu ei sis\u00e4ll\u00e4 kaariputkia, kuomun suojapussia tai asennustarvikkeita. Kuomuun tarvittavat kaariputket ja kiinnikkeet l\u00f6yd\u00e4t erikseen <a href=\"https:\/\/va-varuste.fi\/en\/?attachment_id=180121\" target=\"_blank\" rel=\"noopener\">kuomutarvikkeet-osiosta<\/a>.\r\n<h3>Tilaus ja toimitus<\/h3>\r\nVarastokuomut toimitetaan nopeasti suoraan varastostamme. Vastauksia usein kysyttyihin kysymyksiin l\u00f6yd\u00e4t <a href=\"https:\/\/va-varuste.fi\/en\/customer-service\/\">asiakaspalvelusivultamme<\/a>. Ota rohkeasti yhteytt\u00e4, mik\u00e4li tarvitset apua oikean kuomun valinnassa!","protected":false},"excerpt":{"rendered":"<p>Venekuomu veneeseen Flipper 640 DC. Varastokuomu on vakiokaavalla tehty kuomu. Chargoal Piqu\u00e9. Sopii vuosimalleihin 2013-2022. Varastotilanteen mukaan toimitus heti, tai j\u00e4lkitoimituksena tilauksen mukaan valmistettuna.<\/p>\n<p>&nbsp;<\/p>\n","protected":false},"featured_media":225668,"template":"","meta":[],"product_brand":[],"product_cat":[427],"product_tag":[],"class_list":{"0":"post-233621","1":"product","2":"type-product","3":"status-publish","4":"has-post-thumbnail","6":"product_cat-varastokuomut","7":"product_shipping_class-va-venekuomut-uusintakuomut","9":"first","10":"instock","11":"taxable","12":"shipping-taxable","13":"purchasable","14":"product-type-simple"},"yoast_head":"<!-- This site is optimized with the Yoast SEO plugin v27.4 - https:\/\/yoast.com\/product\/yoast-seo-wordpress\/ -->\n<title>Flipper 640 DC venekuomu | VA-Varuste.fi<\/title>\n<meta name=\"description\" content=\"Venekuomu veneeseen Flipper 640 DC. Varastokuomu on vakiokaavalla tehty kuomu. Chargoal Piqu\u00e9. Sopii vuosimalleihin 2013-2022.\" \/>\n<meta name=\"robots\" content=\"index, follow, max-snippet:-1, max-image-preview:large, max-video-preview:-1\" \/>\n<link rel=\"canonical\" href=\"https:\/\/va-varuste.fi\/tuote\/flipper-640-650-dc-13-venekuomu-ei-kaaria-chargoal-pique\/\" \/>\n<meta property=\"og:locale\" content=\"pl_PL\" \/>\n<meta property=\"og:type\" content=\"article\" \/>\n<meta property=\"og:title\" content=\"Flipper 640 DC venekuomu | VA-Varuste.fi\" \/>\n<meta property=\"og:description\" content=\"Venekuomu veneeseen Flipper 640 DC. Varastokuomu on vakiokaavalla tehty kuomu. Chargoal Piqu\u00e9. Sopii vuosimalleihin 2013-2022.\" \/>\n<meta property=\"og:url\" content=\"https:\/\/va-varuste.fi\/tuote\/flipper-640-650-dc-13-venekuomu-ei-kaaria-chargoal-pique\/\" \/>\n<meta property=\"og:site_name\" content=\"VA-Varuste\" \/>\n<meta property=\"article:publisher\" content=\"https:\/\/www.facebook.com\/vavarustefi\/\" \/>\n<meta property=\"article:modified_time\" content=\"2026-04-20T11:18:25+00:00\" \/>\n<meta property=\"og:image\" content=\"https:\/\/va-varuste.fi\/wp-content\/uploads\/2023\/11\/canopy_preview.jpg\" \/>\n\t<meta property=\"og:image:width\" content=\"417\" \/>\n\t<meta property=\"og:image:height\" content=\"416\" \/>\n\t<meta property=\"og:image:type\" content=\"image\/jpeg\" \/>\n<meta name=\"twitter:card\" content=\"summary_large_image\" \/>\n<meta name=\"twitter:label1\" content=\"Szacowany czas czytania\" \/>\n\t<meta name=\"twitter:data1\" content=\"2 minuty\" \/>\n<script type=\"application\/ld+json\" class=\"yoast-schema-graph\">{\"@context\":\"https:\\\/\\\/schema.org\",\"@graph\":[{\"@type\":\"WebPage\",\"@id\":\"https:\\\/\\\/va-varuste.fi\\\/tuote\\\/flipper-640-650-dc-13-venekuomu-ei-kaaria-chargoal-pique\\\/\",\"url\":\"https:\\\/\\\/va-varuste.fi\\\/tuote\\\/flipper-640-650-dc-13-venekuomu-ei-kaaria-chargoal-pique\\\/\",\"name\":\"Flipper 640 DC venekuomu | VA-Varuste.fi\",\"isPartOf\":{\"@id\":\"https:\\\/\\\/va-varuste.fi\\\/#website\"},\"primaryImageOfPage\":{\"@id\":\"https:\\\/\\\/va-varuste.fi\\\/tuote\\\/flipper-640-650-dc-13-venekuomu-ei-kaaria-chargoal-pique\\\/#primaryimage\"},\"image\":{\"@id\":\"https:\\\/\\\/va-varuste.fi\\\/tuote\\\/flipper-640-650-dc-13-venekuomu-ei-kaaria-chargoal-pique\\\/#primaryimage\"},\"thumbnailUrl\":\"https:\\\/\\\/va-varuste.fi\\\/wp-content\\\/uploads\\\/2023\\\/11\\\/canopy_preview.jpg\",\"datePublished\":\"2025-10-16T12:34:48+00:00\",\"dateModified\":\"2026-04-20T11:18:25+00:00\",\"description\":\"Venekuomu veneeseen Flipper 640 DC. Varastokuomu on vakiokaavalla tehty kuomu. Chargoal Piqu\u00e9. Sopii vuosimalleihin 2013-2022.\",\"breadcrumb\":{\"@id\":\"https:\\\/\\\/va-varuste.fi\\\/tuote\\\/flipper-640-650-dc-13-venekuomu-ei-kaaria-chargoal-pique\\\/#breadcrumb\"},\"inLanguage\":\"pl-PL\",\"potentialAction\":[{\"@type\":\"ReadAction\",\"target\":[\"https:\\\/\\\/va-varuste.fi\\\/tuote\\\/flipper-640-650-dc-13-venekuomu-ei-kaaria-chargoal-pique\\\/\"]}]},{\"@type\":\"ImageObject\",\"inLanguage\":\"pl-PL\",\"@id\":\"https:\\\/\\\/va-varuste.fi\\\/tuote\\\/flipper-640-650-dc-13-venekuomu-ei-kaaria-chargoal-pique\\\/#primaryimage\",\"url\":\"https:\\\/\\\/va-varuste.fi\\\/wp-content\\\/uploads\\\/2023\\\/11\\\/canopy_preview.jpg\",\"contentUrl\":\"https:\\\/\\\/va-varuste.fi\\\/wp-content\\\/uploads\\\/2023\\\/11\\\/canopy_preview.jpg\",\"width\":417,\"height\":416},{\"@type\":\"BreadcrumbList\",\"@id\":\"https:\\\/\\\/va-varuste.fi\\\/tuote\\\/flipper-640-650-dc-13-venekuomu-ei-kaaria-chargoal-pique\\\/#breadcrumb\",\"itemListElement\":[{\"@type\":\"ListItem\",\"position\":1,\"name\":\"Etusivu\",\"item\":\"https:\\\/\\\/va-varuste.fi\\\/pl\\\/\"},{\"@type\":\"ListItem\",\"position\":2,\"name\":\"Sklep Internetowy\",\"item\":\"https:\\\/\\\/va-varuste.fi\\\/pl\\\/sklepie-internetowym\\\/\"},{\"@type\":\"ListItem\",\"position\":3,\"name\":\"Flipper 640\\\/650 DC -13->venekuomu \\\/ ei kaaria, Chargoal Piqu\u00e9\"}]},{\"@type\":\"WebSite\",\"@id\":\"https:\\\/\\\/va-varuste.fi\\\/#website\",\"url\":\"https:\\\/\\\/va-varuste.fi\\\/\",\"name\":\"VA-Varuste\",\"description\":\"\",\"publisher\":{\"@id\":\"https:\\\/\\\/va-varuste.fi\\\/#organization\"},\"potentialAction\":[{\"@type\":\"SearchAction\",\"target\":{\"@type\":\"EntryPoint\",\"urlTemplate\":\"https:\\\/\\\/va-varuste.fi\\\/?s={search_term_string}\"},\"query-input\":{\"@type\":\"PropertyValueSpecification\",\"valueRequired\":true,\"valueName\":\"search_term_string\"}}],\"inLanguage\":\"pl-PL\"},{\"@type\":\"Organization\",\"@id\":\"https:\\\/\\\/va-varuste.fi\\\/#organization\",\"name\":\"VA-Varuste\",\"url\":\"https:\\\/\\\/va-varuste.fi\\\/\",\"logo\":{\"@type\":\"ImageObject\",\"inLanguage\":\"pl-PL\",\"@id\":\"https:\\\/\\\/va-varuste.fi\\\/#\\\/schema\\\/logo\\\/image\\\/\",\"url\":\"https:\\\/\\\/va-varuste.fi\\\/wp-content\\\/uploads\\\/2023\\\/09\\\/va-logo.svg\",\"contentUrl\":\"https:\\\/\\\/va-varuste.fi\\\/wp-content\\\/uploads\\\/2023\\\/09\\\/va-logo.svg\",\"caption\":\"VA-Varuste\"},\"image\":{\"@id\":\"https:\\\/\\\/va-varuste.fi\\\/#\\\/schema\\\/logo\\\/image\\\/\"},\"sameAs\":[\"https:\\\/\\\/www.facebook.com\\\/vavarustefi\\\/\",\"https:\\\/\\\/www.instagram.com\\\/vavaruste\\\/\"]}]}<\/script>\n<!-- \/ Yoast SEO plugin. -->","yoast_head_json":{"title":"Flipper 640 DC venekuomu | VA-Varuste.fi","description":"Venekuomu veneeseen Flipper 640 DC. Varastokuomu on vakiokaavalla tehty kuomu. Chargoal Piqu\u00e9. Sopii vuosimalleihin 2013-2022.","robots":{"index":"index","follow":"follow","max-snippet":"max-snippet:-1","max-image-preview":"max-image-preview:large","max-video-preview":"max-video-preview:-1"},"canonical":"https:\/\/va-varuste.fi\/tuote\/flipper-640-650-dc-13-venekuomu-ei-kaaria-chargoal-pique\/","og_locale":"pl_PL","og_type":"article","og_title":"Flipper 640 DC venekuomu | VA-Varuste.fi","og_description":"Venekuomu veneeseen Flipper 640 DC. Varastokuomu on vakiokaavalla tehty kuomu. Chargoal Piqu\u00e9. Sopii vuosimalleihin 2013-2022.","og_url":"https:\/\/va-varuste.fi\/tuote\/flipper-640-650-dc-13-venekuomu-ei-kaaria-chargoal-pique\/","og_site_name":"VA-Varuste","article_publisher":"https:\/\/www.facebook.com\/vavarustefi\/","article_modified_time":"2026-04-20T11:18:25+00:00","og_image":[{"width":417,"height":416,"url":"https:\/\/va-varuste.fi\/wp-content\/uploads\/2023\/11\/canopy_preview.jpg","type":"image\/jpeg"}],"twitter_card":"summary_large_image","twitter_misc":{"Szacowany czas czytania":"2 minuty"},"schema":{"@context":"https:\/\/schema.org","@graph":[{"@type":"WebPage","@id":"https:\/\/va-varuste.fi\/tuote\/flipper-640-650-dc-13-venekuomu-ei-kaaria-chargoal-pique\/","url":"https:\/\/va-varuste.fi\/tuote\/flipper-640-650-dc-13-venekuomu-ei-kaaria-chargoal-pique\/","name":"Flipper 640 DC venekuomu | VA-Varuste.fi","isPartOf":{"@id":"https:\/\/va-varuste.fi\/#website"},"primaryImageOfPage":{"@id":"https:\/\/va-varuste.fi\/tuote\/flipper-640-650-dc-13-venekuomu-ei-kaaria-chargoal-pique\/#primaryimage"},"image":{"@id":"https:\/\/va-varuste.fi\/tuote\/flipper-640-650-dc-13-venekuomu-ei-kaaria-chargoal-pique\/#primaryimage"},"thumbnailUrl":"https:\/\/va-varuste.fi\/wp-content\/uploads\/2023\/11\/canopy_preview.jpg","datePublished":"2025-10-16T12:34:48+00:00","dateModified":"2026-04-20T11:18:25+00:00","description":"Venekuomu veneeseen Flipper 640 DC. Varastokuomu on vakiokaavalla tehty kuomu. Chargoal Piqu\u00e9. Sopii vuosimalleihin 2013-2022.","breadcrumb":{"@id":"https:\/\/va-varuste.fi\/tuote\/flipper-640-650-dc-13-venekuomu-ei-kaaria-chargoal-pique\/#breadcrumb"},"inLanguage":"pl-PL","potentialAction":[{"@type":"ReadAction","target":["https:\/\/va-varuste.fi\/tuote\/flipper-640-650-dc-13-venekuomu-ei-kaaria-chargoal-pique\/"]}]},{"@type":"ImageObject","inLanguage":"pl-PL","@id":"https:\/\/va-varuste.fi\/tuote\/flipper-640-650-dc-13-venekuomu-ei-kaaria-chargoal-pique\/#primaryimage","url":"https:\/\/va-varuste.fi\/wp-content\/uploads\/2023\/11\/canopy_preview.jpg","contentUrl":"https:\/\/va-varuste.fi\/wp-content\/uploads\/2023\/11\/canopy_preview.jpg","width":417,"height":416},{"@type":"BreadcrumbList","@id":"https:\/\/va-varuste.fi\/tuote\/flipper-640-650-dc-13-venekuomu-ei-kaaria-chargoal-pique\/#breadcrumb","itemListElement":[{"@type":"ListItem","position":1,"name":"Etusivu","item":"https:\/\/va-varuste.fi\/pl\/"},{"@type":"ListItem","position":2,"name":"Sklep Internetowy","item":"https:\/\/va-varuste.fi\/pl\/sklepie-internetowym\/"},{"@type":"ListItem","position":3,"name":"Flipper 640\/650 DC -13->venekuomu \/ ei kaaria, Chargoal Piqu\u00e9"}]},{"@type":"WebSite","@id":"https:\/\/va-varuste.fi\/#website","url":"https:\/\/va-varuste.fi\/","name":"VA-Varuste","description":"","publisher":{"@id":"https:\/\/va-varuste.fi\/#organization"},"potentialAction":[{"@type":"SearchAction","target":{"@type":"EntryPoint","urlTemplate":"https:\/\/va-varuste.fi\/?s={search_term_string}"},"query-input":{"@type":"PropertyValueSpecification","valueRequired":true,"valueName":"search_term_string"}}],"inLanguage":"pl-PL"},{"@type":"Organization","@id":"https:\/\/va-varuste.fi\/#organization","name":"VA-Varuste","url":"https:\/\/va-varuste.fi\/","logo":{"@type":"ImageObject","inLanguage":"pl-PL","@id":"https:\/\/va-varuste.fi\/#\/schema\/logo\/image\/","url":"https:\/\/va-varuste.fi\/wp-content\/uploads\/2023\/09\/va-logo.svg","contentUrl":"https:\/\/va-varuste.fi\/wp-content\/uploads\/2023\/09\/va-logo.svg","caption":"VA-Varuste"},"image":{"@id":"https:\/\/va-varuste.fi\/#\/schema\/logo\/image\/"},"sameAs":["https:\/\/www.facebook.com\/vavarustefi\/","https:\/\/www.instagram.com\/vavaruste\/"]}]}},"_links":{"self":[{"href":"https:\/\/va-varuste.fi\/pl\/wp-json\/wp\/v2\/product\/233621","targetHints":{"allow":["GET"]}}],"collection":[{"href":"https:\/\/va-varuste.fi\/pl\/wp-json\/wp\/v2\/product"}],"about":[{"href":"https:\/\/va-varuste.fi\/pl\/wp-json\/wp\/v2\/types\/product"}],"wp:featuredmedia":[{"embeddable":true,"href":"https:\/\/va-varuste.fi\/pl\/wp-json\/wp\/v2\/media\/225668"}],"wp:attachment":[{"href":"https:\/\/va-varuste.fi\/pl\/wp-json\/wp\/v2\/media?parent=233621"}],"wp:term":[{"taxonomy":"product_brand","embeddable":true,"href":"https:\/\/va-varuste.fi\/pl\/wp-json\/wp\/v2\/product_brand?post=233621"},{"taxonomy":"product_cat","embeddable":true,"href":"https:\/\/va-varuste.fi\/pl\/wp-json\/wp\/v2\/product_cat?post=233621"},{"taxonomy":"product_tag","embeddable":true,"href":"https:\/\/va-varuste.fi\/pl\/wp-json\/wp\/v2\/product_tag?post=233621"}],"curies":[{"name":"wp","href":"https:\/\/api.w.org\/{rel}","templated":true}]}}