{"id":236422,"date":"2026-02-25T14:34:30","date_gmt":"2026-02-25T12:34:30","guid":{"rendered":"https:\/\/va-varuste.fi\/tuote\/24mr-satamapeitto\/"},"modified":"2026-03-12T08:37:09","modified_gmt":"2026-03-12T06:37:09","slug":"24mr-satamapeitto","status":"publish","type":"product","link":"https:\/\/va-varuste.fi\/pl\/produkt\/24mr-satamapeitto\/","title":{"rendered":"2,4mR harbour cover"},"content":{"rendered":"<h2>2,4mR  harbour cover<\/h2>\n<p>2,4mR  harbour cover is a high-quality custom-made protective cover for 2,4mR . V\u00e4ri 4mr harbour cover. The cover is custom-made to order and tailored to your boat's measurements.<\/p>\n<h3>Compatibility and customisation<\/h3>\n<p>Custom harbour cover is designed for 2,4mR . The cover is manufactured according to the boat's measurements, ensuring an excellent fit. Fasteners and pattern positions are matched to the boat. If your boat has aftermarket accessories installed, please let us know when placing your order so we can take them into account during manufacturing.<\/p>\n<h3>Materials and quality<\/h3>\n<p>We use high-quality, UV-protected fabrics that withstand Nordic weather conditions. The fabric is pre-treated at the textile mill. The fabric is waterproof and breathable, preventing condensation under the cover. All covers are expertly manufactured in Finland.<\/p>\n<h3>Ordering and delivery<\/h3>\n<p>Custom covers are made to order and the delivery time is typically 3\u20135 weeks. Please enquire about the exact delivery time when placing your order. You can find more information about the ordering process on <a href=\"https:\/\/va-varuste.fi\/en\/customer-service\/\">our customer service page<\/a>.<\/p>\n<h3>Need help?<\/h3>\n<p>Please contact our expert customer service if you need help choosing the right cover or have questions about the product. You can also find a comprehensive selection of <a href=\"https:\/\/va-varuste.fi\/en\/kuomutarvikkeet-2\/\" target=\"_blank\">canopy accessories<\/a> such as fasteners and adjustable legs.<\/p>\n","protected":false},"excerpt":{"rendered":"<p>Harbour cover for 2,4mR. Custom-made to order according to measurements.<\/p>\n","protected":false},"featured_media":239901,"template":"","meta":[],"product_brand":[],"product_cat":[4310],"product_tag":[],"class_list":{"0":"post-236422","1":"product","2":"type-product","3":"status-publish","4":"has-post-thumbnail","6":"product_cat-tilauspeitteet","8":"first","9":"outofstock","10":"taxable","11":"shipping-taxable","12":"purchasable","13":"product-type-simple"},"yoast_head":"<!-- This site is optimized with the Yoast SEO plugin v27.2 - https:\/\/yoast.com\/product\/yoast-seo-wordpress\/ -->\n<title>2,4mR satamapeitto | VA-Varuste.fi<\/title>\n<meta name=\"description\" content=\"2,4mR satamapeitto. V\u00e4ri 4mr satamapeitto. Mittatilausty\u00f6n\u00e4 valmistettava laadukas suojapeite. Tilaa VA-Varuste.fi.\" \/>\n<meta name=\"robots\" content=\"index, follow, max-snippet:-1, max-image-preview:large, max-video-preview:-1\" \/>\n<link rel=\"canonical\" href=\"https:\/\/va-varuste.fi\/tuote\/24mr-satamapeitto\/\" \/>\n<meta property=\"og:locale\" content=\"pl_PL\" \/>\n<meta property=\"og:type\" content=\"article\" \/>\n<meta property=\"og:title\" content=\"2,4mR satamapeitto | VA-Varuste.fi\" \/>\n<meta property=\"og:description\" content=\"2,4mR satamapeitto. V\u00e4ri 4mr satamapeitto. Mittatilausty\u00f6n\u00e4 valmistettava laadukas suojapeite. Tilaa VA-Varuste.fi.\" \/>\n<meta property=\"og:url\" content=\"https:\/\/va-varuste.fi\/tuote\/24mr-satamapeitto\/\" \/>\n<meta property=\"og:site_name\" content=\"VA-Varuste\" \/>\n<meta property=\"article:publisher\" content=\"https:\/\/www.facebook.com\/vavarustefi\/\" \/>\n<meta property=\"article:modified_time\" content=\"2026-03-12T06:37:09+00:00\" \/>\n<meta property=\"og:image\" content=\"https:\/\/va-varuste.fi\/wp-content\/uploads\/2026\/02\/satamapeitto.jpg\" \/>\n\t<meta property=\"og:image:width\" content=\"900\" \/>\n\t<meta property=\"og:image:height\" content=\"900\" \/>\n\t<meta property=\"og:image:type\" content=\"image\/jpeg\" \/>\n<meta name=\"twitter:card\" content=\"summary_large_image\" \/>\n<meta name=\"twitter:label1\" content=\"Szacowany czas czytania\" \/>\n\t<meta name=\"twitter:data1\" content=\"1 minuta\" \/>\n<script type=\"application\/ld+json\" class=\"yoast-schema-graph\">{\"@context\":\"https:\/\/schema.org\",\"@graph\":[{\"@type\":\"WebPage\",\"@id\":\"https:\/\/va-varuste.fi\/tuote\/24mr-satamapeitto\/\",\"url\":\"https:\/\/va-varuste.fi\/tuote\/24mr-satamapeitto\/\",\"name\":\"2,4mR satamapeitto | VA-Varuste.fi\",\"isPartOf\":{\"@id\":\"https:\/\/va-varuste.fi\/#website\"},\"primaryImageOfPage\":{\"@id\":\"https:\/\/va-varuste.fi\/tuote\/24mr-satamapeitto\/#primaryimage\"},\"image\":{\"@id\":\"https:\/\/va-varuste.fi\/tuote\/24mr-satamapeitto\/#primaryimage\"},\"thumbnailUrl\":\"https:\/\/va-varuste.fi\/wp-content\/uploads\/2026\/02\/satamapeitto.jpg\",\"datePublished\":\"2026-02-25T12:34:30+00:00\",\"dateModified\":\"2026-03-12T06:37:09+00:00\",\"description\":\"2,4mR satamapeitto. V\u00e4ri 4mr satamapeitto. Mittatilausty\u00f6n\u00e4 valmistettava laadukas suojapeite. Tilaa VA-Varuste.fi.\",\"breadcrumb\":{\"@id\":\"https:\/\/va-varuste.fi\/tuote\/24mr-satamapeitto\/#breadcrumb\"},\"inLanguage\":\"pl-PL\",\"potentialAction\":[{\"@type\":\"ReadAction\",\"target\":[\"https:\/\/va-varuste.fi\/tuote\/24mr-satamapeitto\/\"]}]},{\"@type\":\"ImageObject\",\"inLanguage\":\"pl-PL\",\"@id\":\"https:\/\/va-varuste.fi\/tuote\/24mr-satamapeitto\/#primaryimage\",\"url\":\"https:\/\/va-varuste.fi\/wp-content\/uploads\/2026\/02\/satamapeitto.jpg\",\"contentUrl\":\"https:\/\/va-varuste.fi\/wp-content\/uploads\/2026\/02\/satamapeitto.jpg\",\"width\":900,\"height\":900},{\"@type\":\"BreadcrumbList\",\"@id\":\"https:\/\/va-varuste.fi\/tuote\/24mr-satamapeitto\/#breadcrumb\",\"itemListElement\":[{\"@type\":\"ListItem\",\"position\":1,\"name\":\"Etusivu\",\"item\":\"https:\/\/va-varuste.fi\/pl\/\"},{\"@type\":\"ListItem\",\"position\":2,\"name\":\"Sklep Internetowy\",\"item\":\"https:\/\/va-varuste.fi\/pl\/sklepie-internetowym\/\"},{\"@type\":\"ListItem\",\"position\":3,\"name\":\"2,4mR satamapeitto\"}]},{\"@type\":\"WebSite\",\"@id\":\"https:\/\/va-varuste.fi\/#website\",\"url\":\"https:\/\/va-varuste.fi\/\",\"name\":\"VA-Varuste\",\"description\":\"\",\"publisher\":{\"@id\":\"https:\/\/va-varuste.fi\/#organization\"},\"potentialAction\":[{\"@type\":\"SearchAction\",\"target\":{\"@type\":\"EntryPoint\",\"urlTemplate\":\"https:\/\/va-varuste.fi\/?s={search_term_string}\"},\"query-input\":{\"@type\":\"PropertyValueSpecification\",\"valueRequired\":true,\"valueName\":\"search_term_string\"}}],\"inLanguage\":\"pl-PL\"},{\"@type\":\"Organization\",\"@id\":\"https:\/\/va-varuste.fi\/#organization\",\"name\":\"VA-Varuste\",\"url\":\"https:\/\/va-varuste.fi\/\",\"logo\":{\"@type\":\"ImageObject\",\"inLanguage\":\"pl-PL\",\"@id\":\"https:\/\/va-varuste.fi\/#\/schema\/logo\/image\/\",\"url\":\"https:\/\/va-varuste.fi\/wp-content\/uploads\/2023\/09\/va-logo.svg\",\"contentUrl\":\"https:\/\/va-varuste.fi\/wp-content\/uploads\/2023\/09\/va-logo.svg\",\"caption\":\"VA-Varuste\"},\"image\":{\"@id\":\"https:\/\/va-varuste.fi\/#\/schema\/logo\/image\/\"},\"sameAs\":[\"https:\/\/www.facebook.com\/vavarustefi\/\",\"https:\/\/www.instagram.com\/vavaruste\/\"]}]}<\/script>\n<!-- \/ Yoast SEO plugin. -->","yoast_head_json":{"title":"2,4mR satamapeitto | VA-Varuste.fi","description":"2,4mR satamapeitto. V\u00e4ri 4mr satamapeitto. Mittatilausty\u00f6n\u00e4 valmistettava laadukas suojapeite. Tilaa VA-Varuste.fi.","robots":{"index":"index","follow":"follow","max-snippet":"max-snippet:-1","max-image-preview":"max-image-preview:large","max-video-preview":"max-video-preview:-1"},"canonical":"https:\/\/va-varuste.fi\/tuote\/24mr-satamapeitto\/","og_locale":"pl_PL","og_type":"article","og_title":"2,4mR satamapeitto | VA-Varuste.fi","og_description":"2,4mR satamapeitto. V\u00e4ri 4mr satamapeitto. Mittatilausty\u00f6n\u00e4 valmistettava laadukas suojapeite. Tilaa VA-Varuste.fi.","og_url":"https:\/\/va-varuste.fi\/tuote\/24mr-satamapeitto\/","og_site_name":"VA-Varuste","article_publisher":"https:\/\/www.facebook.com\/vavarustefi\/","article_modified_time":"2026-03-12T06:37:09+00:00","og_image":[{"width":900,"height":900,"url":"https:\/\/va-varuste.fi\/wp-content\/uploads\/2026\/02\/satamapeitto.jpg","type":"image\/jpeg"}],"twitter_card":"summary_large_image","twitter_misc":{"Szacowany czas czytania":"1 minuta"},"schema":{"@context":"https:\/\/schema.org","@graph":[{"@type":"WebPage","@id":"https:\/\/va-varuste.fi\/tuote\/24mr-satamapeitto\/","url":"https:\/\/va-varuste.fi\/tuote\/24mr-satamapeitto\/","name":"2,4mR satamapeitto | VA-Varuste.fi","isPartOf":{"@id":"https:\/\/va-varuste.fi\/#website"},"primaryImageOfPage":{"@id":"https:\/\/va-varuste.fi\/tuote\/24mr-satamapeitto\/#primaryimage"},"image":{"@id":"https:\/\/va-varuste.fi\/tuote\/24mr-satamapeitto\/#primaryimage"},"thumbnailUrl":"https:\/\/va-varuste.fi\/wp-content\/uploads\/2026\/02\/satamapeitto.jpg","datePublished":"2026-02-25T12:34:30+00:00","dateModified":"2026-03-12T06:37:09+00:00","description":"2,4mR satamapeitto. V\u00e4ri 4mr satamapeitto. Mittatilausty\u00f6n\u00e4 valmistettava laadukas suojapeite. Tilaa VA-Varuste.fi.","breadcrumb":{"@id":"https:\/\/va-varuste.fi\/tuote\/24mr-satamapeitto\/#breadcrumb"},"inLanguage":"pl-PL","potentialAction":[{"@type":"ReadAction","target":["https:\/\/va-varuste.fi\/tuote\/24mr-satamapeitto\/"]}]},{"@type":"ImageObject","inLanguage":"pl-PL","@id":"https:\/\/va-varuste.fi\/tuote\/24mr-satamapeitto\/#primaryimage","url":"https:\/\/va-varuste.fi\/wp-content\/uploads\/2026\/02\/satamapeitto.jpg","contentUrl":"https:\/\/va-varuste.fi\/wp-content\/uploads\/2026\/02\/satamapeitto.jpg","width":900,"height":900},{"@type":"BreadcrumbList","@id":"https:\/\/va-varuste.fi\/tuote\/24mr-satamapeitto\/#breadcrumb","itemListElement":[{"@type":"ListItem","position":1,"name":"Etusivu","item":"https:\/\/va-varuste.fi\/pl\/"},{"@type":"ListItem","position":2,"name":"Sklep Internetowy","item":"https:\/\/va-varuste.fi\/pl\/sklepie-internetowym\/"},{"@type":"ListItem","position":3,"name":"2,4mR satamapeitto"}]},{"@type":"WebSite","@id":"https:\/\/va-varuste.fi\/#website","url":"https:\/\/va-varuste.fi\/","name":"VA-Varuste","description":"","publisher":{"@id":"https:\/\/va-varuste.fi\/#organization"},"potentialAction":[{"@type":"SearchAction","target":{"@type":"EntryPoint","urlTemplate":"https:\/\/va-varuste.fi\/?s={search_term_string}"},"query-input":{"@type":"PropertyValueSpecification","valueRequired":true,"valueName":"search_term_string"}}],"inLanguage":"pl-PL"},{"@type":"Organization","@id":"https:\/\/va-varuste.fi\/#organization","name":"VA-Varuste","url":"https:\/\/va-varuste.fi\/","logo":{"@type":"ImageObject","inLanguage":"pl-PL","@id":"https:\/\/va-varuste.fi\/#\/schema\/logo\/image\/","url":"https:\/\/va-varuste.fi\/wp-content\/uploads\/2023\/09\/va-logo.svg","contentUrl":"https:\/\/va-varuste.fi\/wp-content\/uploads\/2023\/09\/va-logo.svg","caption":"VA-Varuste"},"image":{"@id":"https:\/\/va-varuste.fi\/#\/schema\/logo\/image\/"},"sameAs":["https:\/\/www.facebook.com\/vavarustefi\/","https:\/\/www.instagram.com\/vavaruste\/"]}]}},"_links":{"self":[{"href":"https:\/\/va-varuste.fi\/pl\/wp-json\/wp\/v2\/product\/236422","targetHints":{"allow":["GET"]}}],"collection":[{"href":"https:\/\/va-varuste.fi\/pl\/wp-json\/wp\/v2\/product"}],"about":[{"href":"https:\/\/va-varuste.fi\/pl\/wp-json\/wp\/v2\/types\/product"}],"wp:featuredmedia":[{"embeddable":true,"href":"https:\/\/va-varuste.fi\/pl\/wp-json\/wp\/v2\/media\/239901"}],"wp:attachment":[{"href":"https:\/\/va-varuste.fi\/pl\/wp-json\/wp\/v2\/media?parent=236422"}],"wp:term":[{"taxonomy":"product_brand","embeddable":true,"href":"https:\/\/va-varuste.fi\/pl\/wp-json\/wp\/v2\/product_brand?post=236422"},{"taxonomy":"product_cat","embeddable":true,"href":"https:\/\/va-varuste.fi\/pl\/wp-json\/wp\/v2\/product_cat?post=236422"},{"taxonomy":"product_tag","embeddable":true,"href":"https:\/\/va-varuste.fi\/pl\/wp-json\/wp\/v2\/product_tag?post=236422"}],"curies":[{"name":"wp","href":"https:\/\/api.w.org\/{rel}","templated":true}]}}