{"id":237687,"date":"2026-02-25T14:54:05","date_gmt":"2026-02-25T12:54:05","guid":{"rendered":"https:\/\/va-varuste.fi\/tuote\/finn-sport-8500-fly-ylaohjauspaikan-peite\/"},"modified":"2026-03-12T11:50:27","modified_gmt":"2026-03-12T09:50:27","slug":"finn-sport-8500-fly-ylaohjauspaikan-peite","status":"publish","type":"product","link":"https:\/\/va-varuste.fi\/pl\/produkt\/finn-sport-8500-fly-ylaohjauspaikan-peite\/","title":{"rendered":"Finn Sport 8500 fly bridge cover"},"content":{"rendered":"<h2>Finn Sport 8500 fly bridge cover<\/h2>\n<p>Finn Sport 8500 fly bridge cover is a high-quality custom-made protective cover for Finn Sport 8500 fly. The cover is custom-made to order and tailored to your boat's measurements.<\/p>\n<h3>Compatibility and customisation<\/h3>\n<p>Custom upper helm cover is designed for Finn Sport 8500 fly. The cover is manufactured according to the boat's measurements, ensuring an excellent fit. Fasteners and pattern positions are matched to the boat. If your boat has aftermarket accessories installed, please let us know when placing your order so we can take them into account during manufacturing.<\/p>\n<h3>Materials and quality<\/h3>\n<p>We use high-quality, UV-protected fabrics that withstand Nordic weather conditions. The fabric is pre-treated at the textile mill. The fabric is waterproof and breathable, preventing condensation under the cover. All covers are expertly manufactured in Finland.<\/p>\n<h3>Ordering and delivery<\/h3>\n<p>Custom covers are made to order and the delivery time is typically 3\u20135 weeks. Please enquire about the exact delivery time when placing your order. You can find more information about the ordering process on <a href=\"https:\/\/va-varuste.fi\/en\/customer-service\/\">our customer service page<\/a>.<\/p>\n<h3>Need help?<\/h3>\n<p>Please contact our expert customer service if you need help choosing the right cover or have questions about the product. You can also find a comprehensive selection of <a href=\"https:\/\/va-varuste.fi\/en\/kuomutarvikkeet-2\/\" target=\"_blank\">canopy accessories<\/a> such as fasteners and adjustable legs.<\/p>\n","protected":false},"excerpt":{"rendered":"<p>Upper helm cover for Finn Sport 8500 fly. Custom-made to order according to measurements.<\/p>\n","protected":false},"featured_media":0,"template":"","meta":[],"product_brand":[],"product_cat":[4310],"product_tag":[],"class_list":{"0":"post-237687","1":"product","2":"type-product","3":"status-publish","5":"product_cat-tilauspeitteet","6":"pa_kaaret-ilman-kaaria","7":"pa_kaaret-2-kpl-20mm-alu-rst-helat","9":"first","10":"outofstock","11":"taxable","12":"shipping-taxable","13":"purchasable","14":"product-type-variable"},"yoast_head":"<!-- This site is optimized with the Yoast SEO plugin v27.2 - https:\/\/yoast.com\/product\/yoast-seo-wordpress\/ -->\n<title>Finn Sport 8500 fly yl\u00e4ohjauspaikan peite | VA-Varuste.fi<\/title>\n<meta name=\"description\" content=\"Finn Sport 8500 fly yl\u00e4ohjauspaikan peite. Mittatilausty\u00f6n\u00e4 valmistettava laadukas suojapeite. Tilaa VA-Varuste.fi.\" \/>\n<meta name=\"robots\" content=\"index, follow, max-snippet:-1, max-image-preview:large, max-video-preview:-1\" \/>\n<link rel=\"canonical\" href=\"https:\/\/va-varuste.fi\/tuote\/finn-sport-8500-fly-ylaohjauspaikan-peite\/\" \/>\n<meta property=\"og:locale\" content=\"pl_PL\" \/>\n<meta property=\"og:type\" content=\"article\" \/>\n<meta property=\"og:title\" content=\"Finn Sport 8500 fly yl\u00e4ohjauspaikan peite | VA-Varuste.fi\" \/>\n<meta property=\"og:description\" content=\"Finn Sport 8500 fly yl\u00e4ohjauspaikan peite. Mittatilausty\u00f6n\u00e4 valmistettava laadukas suojapeite. Tilaa VA-Varuste.fi.\" \/>\n<meta property=\"og:url\" content=\"https:\/\/va-varuste.fi\/tuote\/finn-sport-8500-fly-ylaohjauspaikan-peite\/\" \/>\n<meta property=\"og:site_name\" content=\"VA-Varuste\" \/>\n<meta property=\"article:publisher\" content=\"https:\/\/www.facebook.com\/vavarustefi\/\" \/>\n<meta property=\"article:modified_time\" content=\"2026-03-12T09:50:27+00:00\" \/>\n<meta name=\"twitter:card\" content=\"summary_large_image\" \/>\n<meta name=\"twitter:label1\" content=\"Szacowany czas czytania\" \/>\n\t<meta name=\"twitter:data1\" content=\"1 minuta\" \/>\n<script type=\"application\/ld+json\" class=\"yoast-schema-graph\">{\"@context\":\"https:\/\/schema.org\",\"@graph\":[{\"@type\":\"WebPage\",\"@id\":\"https:\/\/va-varuste.fi\/tuote\/finn-sport-8500-fly-ylaohjauspaikan-peite\/\",\"url\":\"https:\/\/va-varuste.fi\/tuote\/finn-sport-8500-fly-ylaohjauspaikan-peite\/\",\"name\":\"Finn Sport 8500 fly yl\u00e4ohjauspaikan peite | VA-Varuste.fi\",\"isPartOf\":{\"@id\":\"https:\/\/va-varuste.fi\/#website\"},\"datePublished\":\"2026-02-25T12:54:05+00:00\",\"dateModified\":\"2026-03-12T09:50:27+00:00\",\"description\":\"Finn Sport 8500 fly yl\u00e4ohjauspaikan peite. Mittatilausty\u00f6n\u00e4 valmistettava laadukas suojapeite. Tilaa VA-Varuste.fi.\",\"breadcrumb\":{\"@id\":\"https:\/\/va-varuste.fi\/tuote\/finn-sport-8500-fly-ylaohjauspaikan-peite\/#breadcrumb\"},\"inLanguage\":\"pl-PL\",\"potentialAction\":[{\"@type\":\"ReadAction\",\"target\":[\"https:\/\/va-varuste.fi\/tuote\/finn-sport-8500-fly-ylaohjauspaikan-peite\/\"]}]},{\"@type\":\"BreadcrumbList\",\"@id\":\"https:\/\/va-varuste.fi\/tuote\/finn-sport-8500-fly-ylaohjauspaikan-peite\/#breadcrumb\",\"itemListElement\":[{\"@type\":\"ListItem\",\"position\":1,\"name\":\"Etusivu\",\"item\":\"https:\/\/va-varuste.fi\/pl\/\"},{\"@type\":\"ListItem\",\"position\":2,\"name\":\"Sklep Internetowy\",\"item\":\"https:\/\/va-varuste.fi\/pl\/sklepie-internetowym\/\"},{\"@type\":\"ListItem\",\"position\":3,\"name\":\"Finn Sport 8500 fly yl\u00e4ohjauspaikan peite\"}]},{\"@type\":\"WebSite\",\"@id\":\"https:\/\/va-varuste.fi\/#website\",\"url\":\"https:\/\/va-varuste.fi\/\",\"name\":\"VA-Varuste\",\"description\":\"\",\"publisher\":{\"@id\":\"https:\/\/va-varuste.fi\/#organization\"},\"potentialAction\":[{\"@type\":\"SearchAction\",\"target\":{\"@type\":\"EntryPoint\",\"urlTemplate\":\"https:\/\/va-varuste.fi\/?s={search_term_string}\"},\"query-input\":{\"@type\":\"PropertyValueSpecification\",\"valueRequired\":true,\"valueName\":\"search_term_string\"}}],\"inLanguage\":\"pl-PL\"},{\"@type\":\"Organization\",\"@id\":\"https:\/\/va-varuste.fi\/#organization\",\"name\":\"VA-Varuste\",\"url\":\"https:\/\/va-varuste.fi\/\",\"logo\":{\"@type\":\"ImageObject\",\"inLanguage\":\"pl-PL\",\"@id\":\"https:\/\/va-varuste.fi\/#\/schema\/logo\/image\/\",\"url\":\"https:\/\/va-varuste.fi\/wp-content\/uploads\/2023\/09\/va-logo.svg\",\"contentUrl\":\"https:\/\/va-varuste.fi\/wp-content\/uploads\/2023\/09\/va-logo.svg\",\"caption\":\"VA-Varuste\"},\"image\":{\"@id\":\"https:\/\/va-varuste.fi\/#\/schema\/logo\/image\/\"},\"sameAs\":[\"https:\/\/www.facebook.com\/vavarustefi\/\",\"https:\/\/www.instagram.com\/vavaruste\/\"]}]}<\/script>\n<!-- \/ Yoast SEO plugin. -->","yoast_head_json":{"title":"Finn Sport 8500 fly yl\u00e4ohjauspaikan peite | VA-Varuste.fi","description":"Finn Sport 8500 fly yl\u00e4ohjauspaikan peite. Mittatilausty\u00f6n\u00e4 valmistettava laadukas suojapeite. Tilaa VA-Varuste.fi.","robots":{"index":"index","follow":"follow","max-snippet":"max-snippet:-1","max-image-preview":"max-image-preview:large","max-video-preview":"max-video-preview:-1"},"canonical":"https:\/\/va-varuste.fi\/tuote\/finn-sport-8500-fly-ylaohjauspaikan-peite\/","og_locale":"pl_PL","og_type":"article","og_title":"Finn Sport 8500 fly yl\u00e4ohjauspaikan peite | VA-Varuste.fi","og_description":"Finn Sport 8500 fly yl\u00e4ohjauspaikan peite. Mittatilausty\u00f6n\u00e4 valmistettava laadukas suojapeite. Tilaa VA-Varuste.fi.","og_url":"https:\/\/va-varuste.fi\/tuote\/finn-sport-8500-fly-ylaohjauspaikan-peite\/","og_site_name":"VA-Varuste","article_publisher":"https:\/\/www.facebook.com\/vavarustefi\/","article_modified_time":"2026-03-12T09:50:27+00:00","twitter_card":"summary_large_image","twitter_misc":{"Szacowany czas czytania":"1 minuta"},"schema":{"@context":"https:\/\/schema.org","@graph":[{"@type":"WebPage","@id":"https:\/\/va-varuste.fi\/tuote\/finn-sport-8500-fly-ylaohjauspaikan-peite\/","url":"https:\/\/va-varuste.fi\/tuote\/finn-sport-8500-fly-ylaohjauspaikan-peite\/","name":"Finn Sport 8500 fly yl\u00e4ohjauspaikan peite | VA-Varuste.fi","isPartOf":{"@id":"https:\/\/va-varuste.fi\/#website"},"datePublished":"2026-02-25T12:54:05+00:00","dateModified":"2026-03-12T09:50:27+00:00","description":"Finn Sport 8500 fly yl\u00e4ohjauspaikan peite. Mittatilausty\u00f6n\u00e4 valmistettava laadukas suojapeite. Tilaa VA-Varuste.fi.","breadcrumb":{"@id":"https:\/\/va-varuste.fi\/tuote\/finn-sport-8500-fly-ylaohjauspaikan-peite\/#breadcrumb"},"inLanguage":"pl-PL","potentialAction":[{"@type":"ReadAction","target":["https:\/\/va-varuste.fi\/tuote\/finn-sport-8500-fly-ylaohjauspaikan-peite\/"]}]},{"@type":"BreadcrumbList","@id":"https:\/\/va-varuste.fi\/tuote\/finn-sport-8500-fly-ylaohjauspaikan-peite\/#breadcrumb","itemListElement":[{"@type":"ListItem","position":1,"name":"Etusivu","item":"https:\/\/va-varuste.fi\/pl\/"},{"@type":"ListItem","position":2,"name":"Sklep Internetowy","item":"https:\/\/va-varuste.fi\/pl\/sklepie-internetowym\/"},{"@type":"ListItem","position":3,"name":"Finn Sport 8500 fly yl\u00e4ohjauspaikan peite"}]},{"@type":"WebSite","@id":"https:\/\/va-varuste.fi\/#website","url":"https:\/\/va-varuste.fi\/","name":"VA-Varuste","description":"","publisher":{"@id":"https:\/\/va-varuste.fi\/#organization"},"potentialAction":[{"@type":"SearchAction","target":{"@type":"EntryPoint","urlTemplate":"https:\/\/va-varuste.fi\/?s={search_term_string}"},"query-input":{"@type":"PropertyValueSpecification","valueRequired":true,"valueName":"search_term_string"}}],"inLanguage":"pl-PL"},{"@type":"Organization","@id":"https:\/\/va-varuste.fi\/#organization","name":"VA-Varuste","url":"https:\/\/va-varuste.fi\/","logo":{"@type":"ImageObject","inLanguage":"pl-PL","@id":"https:\/\/va-varuste.fi\/#\/schema\/logo\/image\/","url":"https:\/\/va-varuste.fi\/wp-content\/uploads\/2023\/09\/va-logo.svg","contentUrl":"https:\/\/va-varuste.fi\/wp-content\/uploads\/2023\/09\/va-logo.svg","caption":"VA-Varuste"},"image":{"@id":"https:\/\/va-varuste.fi\/#\/schema\/logo\/image\/"},"sameAs":["https:\/\/www.facebook.com\/vavarustefi\/","https:\/\/www.instagram.com\/vavaruste\/"]}]}},"_links":{"self":[{"href":"https:\/\/va-varuste.fi\/pl\/wp-json\/wp\/v2\/product\/237687","targetHints":{"allow":["GET"]}}],"collection":[{"href":"https:\/\/va-varuste.fi\/pl\/wp-json\/wp\/v2\/product"}],"about":[{"href":"https:\/\/va-varuste.fi\/pl\/wp-json\/wp\/v2\/types\/product"}],"wp:attachment":[{"href":"https:\/\/va-varuste.fi\/pl\/wp-json\/wp\/v2\/media?parent=237687"}],"wp:term":[{"taxonomy":"product_brand","embeddable":true,"href":"https:\/\/va-varuste.fi\/pl\/wp-json\/wp\/v2\/product_brand?post=237687"},{"taxonomy":"product_cat","embeddable":true,"href":"https:\/\/va-varuste.fi\/pl\/wp-json\/wp\/v2\/product_cat?post=237687"},{"taxonomy":"product_tag","embeddable":true,"href":"https:\/\/va-varuste.fi\/pl\/wp-json\/wp\/v2\/product_tag?post=237687"}],"curies":[{"name":"wp","href":"https:\/\/api.w.org\/{rel}","templated":true}]}}