{"id":239016,"date":"2026-02-25T15:10:48","date_gmt":"2026-02-25T13:10:48","guid":{"rendered":"https:\/\/va-varuste.fi\/tuote\/terhi-415-r-nova-venekuomu-ajokuomu\/"},"modified":"2026-03-10T11:39:51","modified_gmt":"2026-03-10T09:39:51","slug":"terhi-415-r-nova-venekuomu-ajokuomu","status":"publish","type":"product","link":"https:\/\/va-varuste.fi\/pl\/produkt\/terhi-415-r-nova-venekuomu-ajokuomu\/","title":{"rendered":"Terhi 415 R\/ Nova boat canopy driving canopy"},"content":{"rendered":"<h2>Laadukas mittatilausboat canopy \u2014 Terhi 415 R\/ Nova<\/h2>\n<p>Terhi 415 R\/ Nova boat canopy. Vakiokaavalla tehty kuomu. Sopii alkuper\u00e4isille kaariputkille. Kuomun kiinnikkeet on kaavapaikoilla. Huom! Kaavapaikat eiv\u00e4t v\u00e4ltt\u00e4m\u00e4tt\u00e4 t\u00e4ysin vastaa veneen puolen kiinnikkeiden paikkoja, jonka vuoksi mukana paketissa tulee muutama irtokiinnike jos on tarpeen siirt\u00e4\u00e4 kiinnikett\u00e4 veneen puolella. Jos veneess\u00e4 on j\u00e4lkik\u00e4teen asennettuja lis\u00e4varusteita, emme voi taata kuomun sopivuutta. Ei sis\u00e4ll\u00e4 kaariputkia, kuomun suojapussia tai asennustarvikkeita.<\/p>\n<p>The canopy fabric is pre-treated at the textile mill.<\/p>\n<h3>Tuotteen ominaisuudet<\/h3>\n<ul>\n<li>Mittatilausty\u00f6n\u00e4 valmistettu boat canopy \u2014 istuu t\u00e4ydellisesti<\/li>\n<li>Laadukas, kest\u00e4v\u00e4 ja UV-suojattu veneilykangas<\/li>\n<li>Tukevat kiinnitysratkaisut pitk\u00e4ik\u00e4iseen k\u00e4ytt\u00f6\u00f6n<\/li>\n<li>Saatavilla ilman kaaria tai kaarilla (2 kpl 18mm ALU muovihelat)<\/li>\n<li>Suomalaista k\u00e4sity\u00f6t\u00e4<\/li>\n<\/ul>\n<h3>Ordering and delivery<\/h3>\n<p>T\u00e4m\u00e4 boat canopy valmistetaan tilauksesta juuri sinun veneesi mittojen ja kaavan mukaan. T\u00e4yt\u00e4 tarjouspyynt\u00f6lomake, niin asiakaspalvelumme k\u00e4sittelee tilauksesi ja on sinuun yhteydess\u00e4.<\/p>\n<p>Jos et tied\u00e4 tarkasti veneesi merkki\u00e4 ja vuosimallia, tarvitsemme vanhan kuomusi tarkastettavaksi ennen kuin voimme aloittaa uuden valmistamisen. Reunakiinnikkeiden paikoissa voi olla veneyksil\u00f6iden v\u00e4lisi\u00e4 eroja, ja varsinkin vanhemmissa venemalleissa tarvitsemme vanhan kuomun kiinnikkeiden paikkojen tarkistamiseen.<\/p>\n<p>Tarvittaessa pyyd\u00e4mme sinulta tarkentavia lis\u00e4tietoja, joten j\u00e4t\u00e4th\u00e4n yhteystietosi tilauslomakkeelle. Asiakaspalvelumme vahvistaa tilauksen, kun se on otettu k\u00e4sittelyyn.<\/p>\n<p>Voit tilata boat canopyn ilman kaaria tai kaarilla. Kaaret toimitetaan boat canopyn mukana valmiiksi sovitettuina.<\/p>\n","protected":false},"excerpt":{"rendered":"<p>Boat canopy for Terhi 415 R\/ Nova, ajokuomu. Custom-made to order according to measurements.<\/p>\n","protected":false},"featured_media":243357,"template":"","meta":[],"product_brand":[],"product_cat":[4309],"product_tag":[],"class_list":{"0":"post-239016","1":"product","2":"type-product","3":"status-publish","4":"has-post-thumbnail","6":"product_cat-tilauskuomut","7":"pa_kaaret-ilman-kaaria","8":"pa_kaaret-2-kpl-18mm-alu-muovihelat","10":"first","11":"outofstock","12":"taxable","13":"shipping-taxable","14":"purchasable","15":"product-type-variable"},"yoast_head":"<!-- This site is optimized with the Yoast SEO plugin v27.2 - https:\/\/yoast.com\/product\/yoast-seo-wordpress\/ -->\n<title>Terhi 415 R\/ Nova venekuomu ajokuomu - VA-Varuste<\/title>\n<meta name=\"description\" content=\"Tilaa laadukas venekuomu veneeseen Terhi 415 R\/ Nova. Mittatilausty\u00f6n\u00e4 valmistettu, kest\u00e4v\u00e4 ja istuva. Tilaa nyt!\" \/>\n<meta name=\"robots\" content=\"index, follow, max-snippet:-1, max-image-preview:large, max-video-preview:-1\" \/>\n<link rel=\"canonical\" href=\"https:\/\/va-varuste.fi\/tuote\/terhi-415-r-nova-venekuomu-ajokuomu\/\" \/>\n<meta property=\"og:locale\" content=\"pl_PL\" \/>\n<meta property=\"og:type\" content=\"article\" \/>\n<meta property=\"og:title\" content=\"Terhi 415 R\/ Nova venekuomu ajokuomu - VA-Varuste\" \/>\n<meta property=\"og:description\" content=\"Tilaa laadukas venekuomu veneeseen Terhi 415 R\/ Nova. Mittatilausty\u00f6n\u00e4 valmistettu, kest\u00e4v\u00e4 ja istuva. Tilaa nyt!\" \/>\n<meta property=\"og:url\" content=\"https:\/\/va-varuste.fi\/tuote\/terhi-415-r-nova-venekuomu-ajokuomu\/\" \/>\n<meta property=\"og:site_name\" content=\"VA-Varuste\" \/>\n<meta property=\"article:publisher\" content=\"https:\/\/www.facebook.com\/vavarustefi\/\" \/>\n<meta property=\"article:modified_time\" content=\"2026-03-10T09:39:51+00:00\" \/>\n<meta name=\"twitter:card\" content=\"summary_large_image\" \/>\n<meta name=\"twitter:label1\" content=\"Szacowany czas czytania\" \/>\n\t<meta name=\"twitter:data1\" content=\"1 minuta\" \/>\n<script type=\"application\/ld+json\" class=\"yoast-schema-graph\">{\"@context\":\"https:\/\/schema.org\",\"@graph\":[{\"@type\":\"WebPage\",\"@id\":\"https:\/\/va-varuste.fi\/tuote\/terhi-415-r-nova-venekuomu-ajokuomu\/\",\"url\":\"https:\/\/va-varuste.fi\/tuote\/terhi-415-r-nova-venekuomu-ajokuomu\/\",\"name\":\"Terhi 415 R\/ Nova venekuomu ajokuomu - VA-Varuste\",\"isPartOf\":{\"@id\":\"https:\/\/va-varuste.fi\/#website\"},\"primaryImageOfPage\":{\"@id\":\"https:\/\/va-varuste.fi\/tuote\/terhi-415-r-nova-venekuomu-ajokuomu\/#primaryimage\"},\"image\":{\"@id\":\"https:\/\/va-varuste.fi\/tuote\/terhi-415-r-nova-venekuomu-ajokuomu\/#primaryimage\"},\"thumbnailUrl\":\"https:\/\/va-varuste.fi\/wp-content\/uploads\/2026\/02\/canopy_preview.jpg\",\"datePublished\":\"2026-02-25T13:10:48+00:00\",\"dateModified\":\"2026-03-10T09:39:51+00:00\",\"description\":\"Tilaa laadukas venekuomu veneeseen Terhi 415 R\/ Nova. Mittatilausty\u00f6n\u00e4 valmistettu, kest\u00e4v\u00e4 ja istuva. Tilaa nyt!\",\"breadcrumb\":{\"@id\":\"https:\/\/va-varuste.fi\/tuote\/terhi-415-r-nova-venekuomu-ajokuomu\/#breadcrumb\"},\"inLanguage\":\"pl-PL\",\"potentialAction\":[{\"@type\":\"ReadAction\",\"target\":[\"https:\/\/va-varuste.fi\/tuote\/terhi-415-r-nova-venekuomu-ajokuomu\/\"]}]},{\"@type\":\"ImageObject\",\"inLanguage\":\"pl-PL\",\"@id\":\"https:\/\/va-varuste.fi\/tuote\/terhi-415-r-nova-venekuomu-ajokuomu\/#primaryimage\",\"url\":\"https:\/\/va-varuste.fi\/wp-content\/uploads\/2026\/02\/canopy_preview.jpg\",\"contentUrl\":\"https:\/\/va-varuste.fi\/wp-content\/uploads\/2026\/02\/canopy_preview.jpg\",\"width\":417,\"height\":416},{\"@type\":\"BreadcrumbList\",\"@id\":\"https:\/\/va-varuste.fi\/tuote\/terhi-415-r-nova-venekuomu-ajokuomu\/#breadcrumb\",\"itemListElement\":[{\"@type\":\"ListItem\",\"position\":1,\"name\":\"Etusivu\",\"item\":\"https:\/\/va-varuste.fi\/pl\/\"},{\"@type\":\"ListItem\",\"position\":2,\"name\":\"Sklep Internetowy\",\"item\":\"https:\/\/va-varuste.fi\/pl\/sklepie-internetowym\/\"},{\"@type\":\"ListItem\",\"position\":3,\"name\":\"Terhi 415 R\/ Nova venekuomu ajokuomu\"}]},{\"@type\":\"WebSite\",\"@id\":\"https:\/\/va-varuste.fi\/#website\",\"url\":\"https:\/\/va-varuste.fi\/\",\"name\":\"VA-Varuste\",\"description\":\"\",\"publisher\":{\"@id\":\"https:\/\/va-varuste.fi\/#organization\"},\"potentialAction\":[{\"@type\":\"SearchAction\",\"target\":{\"@type\":\"EntryPoint\",\"urlTemplate\":\"https:\/\/va-varuste.fi\/?s={search_term_string}\"},\"query-input\":{\"@type\":\"PropertyValueSpecification\",\"valueRequired\":true,\"valueName\":\"search_term_string\"}}],\"inLanguage\":\"pl-PL\"},{\"@type\":\"Organization\",\"@id\":\"https:\/\/va-varuste.fi\/#organization\",\"name\":\"VA-Varuste\",\"url\":\"https:\/\/va-varuste.fi\/\",\"logo\":{\"@type\":\"ImageObject\",\"inLanguage\":\"pl-PL\",\"@id\":\"https:\/\/va-varuste.fi\/#\/schema\/logo\/image\/\",\"url\":\"https:\/\/va-varuste.fi\/wp-content\/uploads\/2023\/09\/va-logo.svg\",\"contentUrl\":\"https:\/\/va-varuste.fi\/wp-content\/uploads\/2023\/09\/va-logo.svg\",\"caption\":\"VA-Varuste\"},\"image\":{\"@id\":\"https:\/\/va-varuste.fi\/#\/schema\/logo\/image\/\"},\"sameAs\":[\"https:\/\/www.facebook.com\/vavarustefi\/\",\"https:\/\/www.instagram.com\/vavaruste\/\"]}]}<\/script>\n<!-- \/ Yoast SEO plugin. -->","yoast_head_json":{"title":"Terhi 415 R\/ Nova venekuomu ajokuomu - VA-Varuste","description":"Tilaa laadukas venekuomu veneeseen Terhi 415 R\/ Nova. Mittatilausty\u00f6n\u00e4 valmistettu, kest\u00e4v\u00e4 ja istuva. Tilaa nyt!","robots":{"index":"index","follow":"follow","max-snippet":"max-snippet:-1","max-image-preview":"max-image-preview:large","max-video-preview":"max-video-preview:-1"},"canonical":"https:\/\/va-varuste.fi\/tuote\/terhi-415-r-nova-venekuomu-ajokuomu\/","og_locale":"pl_PL","og_type":"article","og_title":"Terhi 415 R\/ Nova venekuomu ajokuomu - VA-Varuste","og_description":"Tilaa laadukas venekuomu veneeseen Terhi 415 R\/ Nova. Mittatilausty\u00f6n\u00e4 valmistettu, kest\u00e4v\u00e4 ja istuva. Tilaa nyt!","og_url":"https:\/\/va-varuste.fi\/tuote\/terhi-415-r-nova-venekuomu-ajokuomu\/","og_site_name":"VA-Varuste","article_publisher":"https:\/\/www.facebook.com\/vavarustefi\/","article_modified_time":"2026-03-10T09:39:51+00:00","twitter_card":"summary_large_image","twitter_misc":{"Szacowany czas czytania":"1 minuta"},"schema":{"@context":"https:\/\/schema.org","@graph":[{"@type":"WebPage","@id":"https:\/\/va-varuste.fi\/tuote\/terhi-415-r-nova-venekuomu-ajokuomu\/","url":"https:\/\/va-varuste.fi\/tuote\/terhi-415-r-nova-venekuomu-ajokuomu\/","name":"Terhi 415 R\/ Nova venekuomu ajokuomu - VA-Varuste","isPartOf":{"@id":"https:\/\/va-varuste.fi\/#website"},"primaryImageOfPage":{"@id":"https:\/\/va-varuste.fi\/tuote\/terhi-415-r-nova-venekuomu-ajokuomu\/#primaryimage"},"image":{"@id":"https:\/\/va-varuste.fi\/tuote\/terhi-415-r-nova-venekuomu-ajokuomu\/#primaryimage"},"thumbnailUrl":"https:\/\/va-varuste.fi\/wp-content\/uploads\/2026\/02\/canopy_preview.jpg","datePublished":"2026-02-25T13:10:48+00:00","dateModified":"2026-03-10T09:39:51+00:00","description":"Tilaa laadukas venekuomu veneeseen Terhi 415 R\/ Nova. Mittatilausty\u00f6n\u00e4 valmistettu, kest\u00e4v\u00e4 ja istuva. Tilaa nyt!","breadcrumb":{"@id":"https:\/\/va-varuste.fi\/tuote\/terhi-415-r-nova-venekuomu-ajokuomu\/#breadcrumb"},"inLanguage":"pl-PL","potentialAction":[{"@type":"ReadAction","target":["https:\/\/va-varuste.fi\/tuote\/terhi-415-r-nova-venekuomu-ajokuomu\/"]}]},{"@type":"ImageObject","inLanguage":"pl-PL","@id":"https:\/\/va-varuste.fi\/tuote\/terhi-415-r-nova-venekuomu-ajokuomu\/#primaryimage","url":"https:\/\/va-varuste.fi\/wp-content\/uploads\/2026\/02\/canopy_preview.jpg","contentUrl":"https:\/\/va-varuste.fi\/wp-content\/uploads\/2026\/02\/canopy_preview.jpg","width":417,"height":416},{"@type":"BreadcrumbList","@id":"https:\/\/va-varuste.fi\/tuote\/terhi-415-r-nova-venekuomu-ajokuomu\/#breadcrumb","itemListElement":[{"@type":"ListItem","position":1,"name":"Etusivu","item":"https:\/\/va-varuste.fi\/pl\/"},{"@type":"ListItem","position":2,"name":"Sklep Internetowy","item":"https:\/\/va-varuste.fi\/pl\/sklepie-internetowym\/"},{"@type":"ListItem","position":3,"name":"Terhi 415 R\/ Nova venekuomu ajokuomu"}]},{"@type":"WebSite","@id":"https:\/\/va-varuste.fi\/#website","url":"https:\/\/va-varuste.fi\/","name":"VA-Varuste","description":"","publisher":{"@id":"https:\/\/va-varuste.fi\/#organization"},"potentialAction":[{"@type":"SearchAction","target":{"@type":"EntryPoint","urlTemplate":"https:\/\/va-varuste.fi\/?s={search_term_string}"},"query-input":{"@type":"PropertyValueSpecification","valueRequired":true,"valueName":"search_term_string"}}],"inLanguage":"pl-PL"},{"@type":"Organization","@id":"https:\/\/va-varuste.fi\/#organization","name":"VA-Varuste","url":"https:\/\/va-varuste.fi\/","logo":{"@type":"ImageObject","inLanguage":"pl-PL","@id":"https:\/\/va-varuste.fi\/#\/schema\/logo\/image\/","url":"https:\/\/va-varuste.fi\/wp-content\/uploads\/2023\/09\/va-logo.svg","contentUrl":"https:\/\/va-varuste.fi\/wp-content\/uploads\/2023\/09\/va-logo.svg","caption":"VA-Varuste"},"image":{"@id":"https:\/\/va-varuste.fi\/#\/schema\/logo\/image\/"},"sameAs":["https:\/\/www.facebook.com\/vavarustefi\/","https:\/\/www.instagram.com\/vavaruste\/"]}]}},"_links":{"self":[{"href":"https:\/\/va-varuste.fi\/pl\/wp-json\/wp\/v2\/product\/239016","targetHints":{"allow":["GET"]}}],"collection":[{"href":"https:\/\/va-varuste.fi\/pl\/wp-json\/wp\/v2\/product"}],"about":[{"href":"https:\/\/va-varuste.fi\/pl\/wp-json\/wp\/v2\/types\/product"}],"wp:featuredmedia":[{"embeddable":true,"href":"https:\/\/va-varuste.fi\/pl\/wp-json\/wp\/v2\/media\/243357"}],"wp:attachment":[{"href":"https:\/\/va-varuste.fi\/pl\/wp-json\/wp\/v2\/media?parent=239016"}],"wp:term":[{"taxonomy":"product_brand","embeddable":true,"href":"https:\/\/va-varuste.fi\/pl\/wp-json\/wp\/v2\/product_brand?post=239016"},{"taxonomy":"product_cat","embeddable":true,"href":"https:\/\/va-varuste.fi\/pl\/wp-json\/wp\/v2\/product_cat?post=239016"},{"taxonomy":"product_tag","embeddable":true,"href":"https:\/\/va-varuste.fi\/pl\/wp-json\/wp\/v2\/product_tag?post=239016"}],"curies":[{"name":"wp","href":"https:\/\/api.w.org\/{rel}","templated":true}]}}