{"id":239752,"date":"2026-02-25T15:20:34","date_gmt":"2026-02-25T13:20:34","guid":{"rendered":"https:\/\/va-varuste.fi\/tuote\/ornvik-520-sport-venekuomu-perakuomu\/"},"modified":"2026-03-11T09:07:06","modified_gmt":"2026-03-11T07:07:06","slug":"ornvik-520-sport-venekuomu-perakuomu","status":"publish","type":"product","link":"https:\/\/va-varuste.fi\/pl\/produkt\/ornvik-520-sport-venekuomu-perakuomu\/","title":{"rendered":"\u00d6rnvik 520 Sport boat canopy aft canopy"},"content":{"rendered":"<h2>\u00d6rnvik 520 Sport per\u00e4kuomu<\/h2>\n<p>\u00d6rnvik 520 Sport per\u00e4kuomu is a high-quality canopy custom-made to order for \u00d6rnvik 520 Sport. The canopy is custom-made to order and tailored to your boat's measurements.<\/p>\n<h3>Compatibility and customisation<\/h3>\n<p>Tilaus-per\u00e4kuomu on suunniteltu veneelle \u00d6rnvik 520 Sport. The canopy is manufactured according to the boat's measurements, ensuring an excellent fit. Fasteners and pattern positions are matched to the boat. If your boat has aftermarket accessories installed, please let us know when placing your order so we can take them into account during manufacturing.<\/p>\n<h3>Materials and quality<\/h3>\n<p>We use high-quality, UV-protected canopy fabrics that withstand Nordic weather conditions. The canopy fabric is pre-treated at the textile mill. The fabric is waterproof and breathable, preventing condensation under the canopy. All canopies are expertly manufactured in Finland.<\/p>\n<h3>Ordering and delivery<\/h3>\n<p>Custom canopies are made to order and the delivery time is typically 3\u20135 weeks. Please enquire about the exact delivery time when placing your order. You can find more information about the ordering process on <a href=\"https:\/\/va-varuste.fi\/en\/customer-service\/\">our customer service page<\/a>.<\/p>\n<h3>Need help?<\/h3>\n<p>Please contact our expert customer service if you need help choosing the right canopy or have questions about the product. You can also find a comprehensive selection of <a href=\"https:\/\/va-varuste.fi\/en\/kuomutarvikkeet-2\/\" target=\"_blank\">canopy accessories<\/a> such as frame tubes, fasteners and canopy fabrics.<\/p>\n","protected":false},"excerpt":{"rendered":"<p>Boat canopy for \u00d6rnvik 520 Sport, per\u00e4kuomu. Custom-made to order according to measurements.<\/p>\n","protected":false},"featured_media":243357,"template":"","meta":[],"product_brand":[],"product_cat":[4309],"product_tag":[],"class_list":{"0":"post-239752","1":"product","2":"type-product","3":"status-publish","4":"has-post-thumbnail","6":"product_cat-tilauskuomut","7":"pa_kaaret-ilman-kaaria","8":"pa_kaaret-2-kpl-20mm-alu-rst-helat-2-tukiputkea","10":"first","11":"outofstock","12":"taxable","13":"shipping-taxable","14":"purchasable","15":"product-type-variable"},"yoast_head":"<!-- This site is optimized with the Yoast SEO plugin v27.4 - https:\/\/yoast.com\/product\/yoast-seo-wordpress\/ -->\n<title>\u00d6rnvik 520 Sport per\u00e4kuomu | VA-Varuste.fi<\/title>\n<meta name=\"description\" content=\"Venekuomu veneeseen \u00d6rnvik 520 Sport, per\u00e4kuomu. Valmistetaan tilauksesta mittojen mukaan.\" \/>\n<meta name=\"robots\" content=\"index, follow, max-snippet:-1, max-image-preview:large, max-video-preview:-1\" \/>\n<link rel=\"canonical\" href=\"https:\/\/va-varuste.fi\/tuote\/ornvik-520-sport-venekuomu-perakuomu\/\" \/>\n<meta property=\"og:locale\" content=\"pl_PL\" \/>\n<meta property=\"og:type\" content=\"article\" \/>\n<meta property=\"og:title\" content=\"\u00d6rnvik 520 Sport per\u00e4kuomu | VA-Varuste.fi\" \/>\n<meta property=\"og:description\" content=\"Venekuomu veneeseen \u00d6rnvik 520 Sport, per\u00e4kuomu. Valmistetaan tilauksesta mittojen mukaan.\" \/>\n<meta property=\"og:url\" content=\"https:\/\/va-varuste.fi\/tuote\/ornvik-520-sport-venekuomu-perakuomu\/\" \/>\n<meta property=\"og:site_name\" content=\"VA-Varuste\" \/>\n<meta property=\"article:publisher\" content=\"https:\/\/www.facebook.com\/vavarustefi\/\" \/>\n<meta property=\"article:modified_time\" content=\"2026-03-11T07:07:06+00:00\" \/>\n<meta property=\"og:image\" content=\"https:\/\/va-varuste.fi\/wp-content\/uploads\/2026\/02\/canopy_preview.jpg\" \/>\n\t<meta property=\"og:image:width\" content=\"417\" \/>\n\t<meta property=\"og:image:height\" content=\"416\" \/>\n\t<meta property=\"og:image:type\" content=\"image\/jpeg\" \/>\n<meta name=\"twitter:card\" content=\"summary_large_image\" \/>\n<meta name=\"twitter:label1\" content=\"Szacowany czas czytania\" \/>\n\t<meta name=\"twitter:data1\" content=\"1 minuta\" \/>\n<script type=\"application\/ld+json\" class=\"yoast-schema-graph\">{\"@context\":\"https:\\\/\\\/schema.org\",\"@graph\":[{\"@type\":\"WebPage\",\"@id\":\"https:\\\/\\\/va-varuste.fi\\\/tuote\\\/ornvik-520-sport-venekuomu-perakuomu\\\/\",\"url\":\"https:\\\/\\\/va-varuste.fi\\\/tuote\\\/ornvik-520-sport-venekuomu-perakuomu\\\/\",\"name\":\"\u00d6rnvik 520 Sport per\u00e4kuomu | VA-Varuste.fi\",\"isPartOf\":{\"@id\":\"https:\\\/\\\/va-varuste.fi\\\/#website\"},\"primaryImageOfPage\":{\"@id\":\"https:\\\/\\\/va-varuste.fi\\\/tuote\\\/ornvik-520-sport-venekuomu-perakuomu\\\/#primaryimage\"},\"image\":{\"@id\":\"https:\\\/\\\/va-varuste.fi\\\/tuote\\\/ornvik-520-sport-venekuomu-perakuomu\\\/#primaryimage\"},\"thumbnailUrl\":\"https:\\\/\\\/va-varuste.fi\\\/wp-content\\\/uploads\\\/2026\\\/02\\\/canopy_preview.jpg\",\"datePublished\":\"2026-02-25T13:20:34+00:00\",\"dateModified\":\"2026-03-11T07:07:06+00:00\",\"description\":\"Venekuomu veneeseen \u00d6rnvik 520 Sport, per\u00e4kuomu. Valmistetaan tilauksesta mittojen mukaan.\",\"breadcrumb\":{\"@id\":\"https:\\\/\\\/va-varuste.fi\\\/tuote\\\/ornvik-520-sport-venekuomu-perakuomu\\\/#breadcrumb\"},\"inLanguage\":\"pl-PL\",\"potentialAction\":[{\"@type\":\"ReadAction\",\"target\":[\"https:\\\/\\\/va-varuste.fi\\\/tuote\\\/ornvik-520-sport-venekuomu-perakuomu\\\/\"]}]},{\"@type\":\"ImageObject\",\"inLanguage\":\"pl-PL\",\"@id\":\"https:\\\/\\\/va-varuste.fi\\\/tuote\\\/ornvik-520-sport-venekuomu-perakuomu\\\/#primaryimage\",\"url\":\"https:\\\/\\\/va-varuste.fi\\\/wp-content\\\/uploads\\\/2026\\\/02\\\/canopy_preview.jpg\",\"contentUrl\":\"https:\\\/\\\/va-varuste.fi\\\/wp-content\\\/uploads\\\/2026\\\/02\\\/canopy_preview.jpg\",\"width\":417,\"height\":416},{\"@type\":\"BreadcrumbList\",\"@id\":\"https:\\\/\\\/va-varuste.fi\\\/tuote\\\/ornvik-520-sport-venekuomu-perakuomu\\\/#breadcrumb\",\"itemListElement\":[{\"@type\":\"ListItem\",\"position\":1,\"name\":\"Etusivu\",\"item\":\"https:\\\/\\\/va-varuste.fi\\\/pl\\\/\"},{\"@type\":\"ListItem\",\"position\":2,\"name\":\"Sklep Internetowy\",\"item\":\"https:\\\/\\\/va-varuste.fi\\\/pl\\\/sklepie-internetowym\\\/\"},{\"@type\":\"ListItem\",\"position\":3,\"name\":\"\u00d6rnvik 520 Sport venekuomu per\u00e4kuomu\"}]},{\"@type\":\"WebSite\",\"@id\":\"https:\\\/\\\/va-varuste.fi\\\/#website\",\"url\":\"https:\\\/\\\/va-varuste.fi\\\/\",\"name\":\"VA-Varuste\",\"description\":\"\",\"publisher\":{\"@id\":\"https:\\\/\\\/va-varuste.fi\\\/#organization\"},\"potentialAction\":[{\"@type\":\"SearchAction\",\"target\":{\"@type\":\"EntryPoint\",\"urlTemplate\":\"https:\\\/\\\/va-varuste.fi\\\/?s={search_term_string}\"},\"query-input\":{\"@type\":\"PropertyValueSpecification\",\"valueRequired\":true,\"valueName\":\"search_term_string\"}}],\"inLanguage\":\"pl-PL\"},{\"@type\":\"Organization\",\"@id\":\"https:\\\/\\\/va-varuste.fi\\\/#organization\",\"name\":\"VA-Varuste\",\"url\":\"https:\\\/\\\/va-varuste.fi\\\/\",\"logo\":{\"@type\":\"ImageObject\",\"inLanguage\":\"pl-PL\",\"@id\":\"https:\\\/\\\/va-varuste.fi\\\/#\\\/schema\\\/logo\\\/image\\\/\",\"url\":\"https:\\\/\\\/va-varuste.fi\\\/wp-content\\\/uploads\\\/2023\\\/09\\\/va-logo.svg\",\"contentUrl\":\"https:\\\/\\\/va-varuste.fi\\\/wp-content\\\/uploads\\\/2023\\\/09\\\/va-logo.svg\",\"caption\":\"VA-Varuste\"},\"image\":{\"@id\":\"https:\\\/\\\/va-varuste.fi\\\/#\\\/schema\\\/logo\\\/image\\\/\"},\"sameAs\":[\"https:\\\/\\\/www.facebook.com\\\/vavarustefi\\\/\",\"https:\\\/\\\/www.instagram.com\\\/vavaruste\\\/\"]}]}<\/script>\n<!-- \/ Yoast SEO plugin. -->","yoast_head_json":{"title":"\u00d6rnvik 520 Sport per\u00e4kuomu | VA-Varuste.fi","description":"Venekuomu veneeseen \u00d6rnvik 520 Sport, per\u00e4kuomu. Valmistetaan tilauksesta mittojen mukaan.","robots":{"index":"index","follow":"follow","max-snippet":"max-snippet:-1","max-image-preview":"max-image-preview:large","max-video-preview":"max-video-preview:-1"},"canonical":"https:\/\/va-varuste.fi\/tuote\/ornvik-520-sport-venekuomu-perakuomu\/","og_locale":"pl_PL","og_type":"article","og_title":"\u00d6rnvik 520 Sport per\u00e4kuomu | VA-Varuste.fi","og_description":"Venekuomu veneeseen \u00d6rnvik 520 Sport, per\u00e4kuomu. Valmistetaan tilauksesta mittojen mukaan.","og_url":"https:\/\/va-varuste.fi\/tuote\/ornvik-520-sport-venekuomu-perakuomu\/","og_site_name":"VA-Varuste","article_publisher":"https:\/\/www.facebook.com\/vavarustefi\/","article_modified_time":"2026-03-11T07:07:06+00:00","og_image":[{"width":417,"height":416,"url":"https:\/\/va-varuste.fi\/wp-content\/uploads\/2026\/02\/canopy_preview.jpg","type":"image\/jpeg"}],"twitter_card":"summary_large_image","twitter_misc":{"Szacowany czas czytania":"1 minuta"},"schema":{"@context":"https:\/\/schema.org","@graph":[{"@type":"WebPage","@id":"https:\/\/va-varuste.fi\/tuote\/ornvik-520-sport-venekuomu-perakuomu\/","url":"https:\/\/va-varuste.fi\/tuote\/ornvik-520-sport-venekuomu-perakuomu\/","name":"\u00d6rnvik 520 Sport per\u00e4kuomu | VA-Varuste.fi","isPartOf":{"@id":"https:\/\/va-varuste.fi\/#website"},"primaryImageOfPage":{"@id":"https:\/\/va-varuste.fi\/tuote\/ornvik-520-sport-venekuomu-perakuomu\/#primaryimage"},"image":{"@id":"https:\/\/va-varuste.fi\/tuote\/ornvik-520-sport-venekuomu-perakuomu\/#primaryimage"},"thumbnailUrl":"https:\/\/va-varuste.fi\/wp-content\/uploads\/2026\/02\/canopy_preview.jpg","datePublished":"2026-02-25T13:20:34+00:00","dateModified":"2026-03-11T07:07:06+00:00","description":"Venekuomu veneeseen \u00d6rnvik 520 Sport, per\u00e4kuomu. Valmistetaan tilauksesta mittojen mukaan.","breadcrumb":{"@id":"https:\/\/va-varuste.fi\/tuote\/ornvik-520-sport-venekuomu-perakuomu\/#breadcrumb"},"inLanguage":"pl-PL","potentialAction":[{"@type":"ReadAction","target":["https:\/\/va-varuste.fi\/tuote\/ornvik-520-sport-venekuomu-perakuomu\/"]}]},{"@type":"ImageObject","inLanguage":"pl-PL","@id":"https:\/\/va-varuste.fi\/tuote\/ornvik-520-sport-venekuomu-perakuomu\/#primaryimage","url":"https:\/\/va-varuste.fi\/wp-content\/uploads\/2026\/02\/canopy_preview.jpg","contentUrl":"https:\/\/va-varuste.fi\/wp-content\/uploads\/2026\/02\/canopy_preview.jpg","width":417,"height":416},{"@type":"BreadcrumbList","@id":"https:\/\/va-varuste.fi\/tuote\/ornvik-520-sport-venekuomu-perakuomu\/#breadcrumb","itemListElement":[{"@type":"ListItem","position":1,"name":"Etusivu","item":"https:\/\/va-varuste.fi\/pl\/"},{"@type":"ListItem","position":2,"name":"Sklep Internetowy","item":"https:\/\/va-varuste.fi\/pl\/sklepie-internetowym\/"},{"@type":"ListItem","position":3,"name":"\u00d6rnvik 520 Sport venekuomu per\u00e4kuomu"}]},{"@type":"WebSite","@id":"https:\/\/va-varuste.fi\/#website","url":"https:\/\/va-varuste.fi\/","name":"VA-Varuste","description":"","publisher":{"@id":"https:\/\/va-varuste.fi\/#organization"},"potentialAction":[{"@type":"SearchAction","target":{"@type":"EntryPoint","urlTemplate":"https:\/\/va-varuste.fi\/?s={search_term_string}"},"query-input":{"@type":"PropertyValueSpecification","valueRequired":true,"valueName":"search_term_string"}}],"inLanguage":"pl-PL"},{"@type":"Organization","@id":"https:\/\/va-varuste.fi\/#organization","name":"VA-Varuste","url":"https:\/\/va-varuste.fi\/","logo":{"@type":"ImageObject","inLanguage":"pl-PL","@id":"https:\/\/va-varuste.fi\/#\/schema\/logo\/image\/","url":"https:\/\/va-varuste.fi\/wp-content\/uploads\/2023\/09\/va-logo.svg","contentUrl":"https:\/\/va-varuste.fi\/wp-content\/uploads\/2023\/09\/va-logo.svg","caption":"VA-Varuste"},"image":{"@id":"https:\/\/va-varuste.fi\/#\/schema\/logo\/image\/"},"sameAs":["https:\/\/www.facebook.com\/vavarustefi\/","https:\/\/www.instagram.com\/vavaruste\/"]}]}},"_links":{"self":[{"href":"https:\/\/va-varuste.fi\/pl\/wp-json\/wp\/v2\/product\/239752","targetHints":{"allow":["GET"]}}],"collection":[{"href":"https:\/\/va-varuste.fi\/pl\/wp-json\/wp\/v2\/product"}],"about":[{"href":"https:\/\/va-varuste.fi\/pl\/wp-json\/wp\/v2\/types\/product"}],"wp:featuredmedia":[{"embeddable":true,"href":"https:\/\/va-varuste.fi\/pl\/wp-json\/wp\/v2\/media\/243357"}],"wp:attachment":[{"href":"https:\/\/va-varuste.fi\/pl\/wp-json\/wp\/v2\/media?parent=239752"}],"wp:term":[{"taxonomy":"product_brand","embeddable":true,"href":"https:\/\/va-varuste.fi\/pl\/wp-json\/wp\/v2\/product_brand?post=239752"},{"taxonomy":"product_cat","embeddable":true,"href":"https:\/\/va-varuste.fi\/pl\/wp-json\/wp\/v2\/product_cat?post=239752"},{"taxonomy":"product_tag","embeddable":true,"href":"https:\/\/va-varuste.fi\/pl\/wp-json\/wp\/v2\/product_tag?post=239752"}],"curies":[{"name":"wp","href":"https:\/\/api.w.org\/{rel}","templated":true}]}}