{"id":235467,"date":"2026-02-02T12:17:54","date_gmt":"2026-02-02T10:17:54","guid":{"rendered":"https:\/\/va-varuste.fi\/?page_id=235467"},"modified":"2026-02-02T13:33:12","modified_gmt":"2026-02-02T11:33:12","slug":"dataskydd-3","status":"publish","type":"page","link":"https:\/\/va-varuste.fi\/sv\/dataskydd-3\/","title":{"rendered":"Rapportera ett problem"},"content":{"rendered":"\t\t<div data-elementor-type=\"wp-page\" data-elementor-id=\"235467\" class=\"elementor elementor-235467 elementor-235465\" data-elementor-post-type=\"page\">\n\t\t\t\t<div class=\"elementor-element elementor-element-c66c79a e-con-full e-flex e-con e-parent\" data-id=\"c66c79a\" data-element_type=\"container\" data-e-type=\"container\" id=\"takaisin\" data-settings=\"{&quot;background_background&quot;:&quot;classic&quot;}\">\n\t\t<div class=\"elementor-element elementor-element-d9e1e70 e-con-full e-flex e-con e-child\" data-id=\"d9e1e70\" data-element_type=\"container\" data-e-type=\"container\">\n\t\t\t\t<div class=\"elementor-element elementor-element-b8c499d elementor-widget elementor-widget-heading\" data-id=\"b8c499d\" data-element_type=\"widget\" data-e-type=\"widget\" data-widget_type=\"heading.default\">\n\t\t\t\t<div class=\"elementor-widget-container\">\n\t\t\t\t\t<h2 class=\"elementor-heading-title elementor-size-default\">Rapportera ett problem<\/h2>\t\t\t\t<\/div>\n\t\t\t\t<\/div>\n\t\t\t\t<\/div>\n\t\t\t\t<\/div>\n\t\t<div class=\"elementor-element elementor-element-d6c9cba e-flex e-con-boxed e-con e-parent\" data-id=\"d6c9cba\" data-element_type=\"container\" data-e-type=\"container\" data-settings=\"{&quot;background_background&quot;:&quot;classic&quot;}\">\n\t\t\t\t\t<div class=\"e-con-inner\">\n\t\t<div class=\"elementor-element elementor-element-2cd57bf e-con-full e-flex e-con e-child\" data-id=\"2cd57bf\" data-element_type=\"container\" data-e-type=\"container\" data-settings=\"{&quot;background_background&quot;:&quot;classic&quot;}\">\n\t\t<div class=\"elementor-element elementor-element-8b8671f e-con-full e-flex e-con e-child\" data-id=\"8b8671f\" data-element_type=\"container\" data-e-type=\"container\">\n\t\t\t\t<div class=\"elementor-element elementor-element-d1ccce4 elementor-widget elementor-widget-heading\" data-id=\"d1ccce4\" data-element_type=\"widget\" data-e-type=\"widget\" data-widget_type=\"heading.default\">\n\t\t\t\t<div class=\"elementor-widget-container\">\n\t\t\t\t\t<h2 class=\"elementor-heading-title elementor-size-default\">62\u00b0 52.27\u2032 00\u201c \u2014 27\u00b0 39.25\u2032 40\u201c<\/h2>\t\t\t\t<\/div>\n\t\t\t\t<\/div>\n\t\t\t\t<div class=\"elementor-element elementor-element-6666099 elementor-widget elementor-widget-heading\" data-id=\"6666099\" data-element_type=\"widget\" data-e-type=\"widget\" data-widget_type=\"heading.default\">\n\t\t\t\t<div class=\"elementor-widget-container\">\n\t\t\t\t\t<h2 class=\"elementor-heading-title elementor-size-default\">St\u00f6tte du p\u00e5 ett problem i v\u00e5r webbutik eller med din best\u00e4llning? Ber\u00e4tta f\u00f6r oss s\u00e5 l\u00f6ser vi problemet s\u00e5 snabbt som m\u00f6jligt. <\/h2>\t\t\t\t<\/div>\n\t\t\t\t<\/div>\n\t\t\t\t<\/div>\n\t\t<div class=\"elementor-element elementor-element-d710faf e-con-full e-flex e-con e-child\" data-id=\"d710faf\" data-element_type=\"container\" data-e-type=\"container\">\n\t\t\t\t<div class=\"elementor-element elementor-element-e52e6da elementor-widget elementor-widget-text-editor\" data-id=\"e52e6da\" data-element_type=\"widget\" data-e-type=\"widget\" data-widget_type=\"text-editor.default\">\n\t\t\t\t<div class=\"elementor-widget-container\">\n\t\t\t\t\t\t\t\t\t<p>Vi vill s\u00e4kerst\u00e4lla att din upplevelse i v\u00e5r webbutik \u00e4r smidig och problemfri. Om du st\u00f6tte p\u00e5 ett tekniskt fel, betalnings- eller best\u00e4llningsproblem, eller n\u00e5gon annan sv\u00e5righet, v\u00e4nligen meddela oss via detta formul\u00e4r. Vi behandlar rapporter p\u00e5 vardagar och kontaktar dig inom 1\u20132 arbetsdagar.  <\/p>\t\t\t\t\t\t\t\t<\/div>\n\t\t\t\t<\/div>\n\t\t<div class=\"elementor-element elementor-element-4ec1ca7 e-grid e-con-full e-con e-child\" data-id=\"4ec1ca7\" data-element_type=\"container\" data-e-type=\"container\">\n\t\t\t\t<div class=\"elementor-element elementor-element-0580f3e elementor-align-left elementor-widget elementor-widget-button\" data-id=\"0580f3e\" data-element_type=\"widget\" data-e-type=\"widget\" data-widget_type=\"button.default\">\n\t\t\t\t<div class=\"elementor-widget-container\">\n\t\t\t\t\t\t\t\t\t<div class=\"elementor-button-wrapper\">\n\t\t\t\t\t<a class=\"elementor-button elementor-button-link elementor-size-lg\" href=\"https:\/\/va-varuste.fi\/sv\/kundtjanst\/#ukk\" target=\"_blank\">\n\t\t\t\t\t\t<span class=\"elementor-button-content-wrapper\">\n\t\t\t\t\t\t<span class=\"elementor-button-icon\">\n\t\t\t\t<i aria-hidden=\"true\" class=\"fas fa-question-circle\"><\/i>\t\t\t<\/span>\n\t\t\t\t\t\t\t\t\t<span class=\"elementor-button-text\">Vanliga fr\u00e5gor<\/span>\n\t\t\t\t\t<\/span>\n\t\t\t\t\t<\/a>\n\t\t\t\t<\/div>\n\t\t\t\t\t\t\t\t<\/div>\n\t\t\t\t<\/div>\n\t\t\t\t<div class=\"elementor-element elementor-element-b9eaef4 elementor-align-left elementor-widget elementor-widget-button\" data-id=\"b9eaef4\" data-element_type=\"widget\" data-e-type=\"widget\" data-widget_type=\"button.default\">\n\t\t\t\t<div class=\"elementor-widget-container\">\n\t\t\t\t\t\t\t\t\t<div class=\"elementor-button-wrapper\">\n\t\t\t\t\t<a class=\"elementor-button elementor-button-link elementor-size-lg\" href=\"https:\/\/va-varuste.fi\/sv\/reklamation-privatkunder\/\" target=\"_blank\">\n\t\t\t\t\t\t<span class=\"elementor-button-content-wrapper\">\n\t\t\t\t\t\t<span class=\"elementor-button-icon\">\n\t\t\t\t<i aria-hidden=\"true\" class=\"fas fa-exclamation-triangle\"><\/i>\t\t\t<\/span>\n\t\t\t\t\t\t\t\t\t<span class=\"elementor-button-text\">Rapportera en produktfel<\/span>\n\t\t\t\t\t<\/span>\n\t\t\t\t\t<\/a>\n\t\t\t\t<\/div>\n\t\t\t\t\t\t\t\t<\/div>\n\t\t\t\t<\/div>\n\t\t\t\t<div class=\"elementor-element elementor-element-0e97d38 elementor-align-left elementor-widget elementor-widget-button\" data-id=\"0e97d38\" data-element_type=\"widget\" data-e-type=\"widget\" data-widget_type=\"button.default\">\n\t\t\t\t<div class=\"elementor-widget-container\">\n\t\t\t\t\t\t\t\t\t<div class=\"elementor-button-wrapper\">\n\t\t\t\t\t<a class=\"elementor-button elementor-button-link elementor-size-lg\" href=\"https:\/\/va-varuste.fi\/sv\/riktlinjer-och-villkor\/#palautukset\" target=\"_blank\">\n\t\t\t\t\t\t<span class=\"elementor-button-content-wrapper\">\n\t\t\t\t\t\t<span class=\"elementor-button-icon\">\n\t\t\t\t<i aria-hidden=\"true\" class=\"far fa-file-alt\"><\/i>\t\t\t<\/span>\n\t\t\t\t\t\t\t\t\t<span class=\"elementor-button-text\">Returinstruktioner<\/span>\n\t\t\t\t\t<\/span>\n\t\t\t\t\t<\/a>\n\t\t\t\t<\/div>\n\t\t\t\t\t\t\t\t<\/div>\n\t\t\t\t<\/div>\n\t\t\t\t<\/div>\n\t\t\t\t<div class=\"elementor-element elementor-element-4a04362 elementor-widget elementor-widget-heading\" data-id=\"4a04362\" data-element_type=\"widget\" data-e-type=\"widget\" data-widget_type=\"heading.default\">\n\t\t\t\t<div class=\"elementor-widget-container\">\n\t\t\t\t\t<h2 class=\"elementor-heading-title elementor-size-default\">Vad kan vi hj\u00e4lpa dig med?<\/h2>\t\t\t\t<\/div>\n\t\t\t\t<\/div>\n\t\t\t\t<div class=\"elementor-element elementor-element-c602e57 elementor-widget elementor-widget-text-editor\" data-id=\"c602e57\" data-element_type=\"widget\" data-e-type=\"widget\" data-widget_type=\"text-editor.default\">\n\t\t\t\t<div class=\"elementor-widget-container\">\n\t\t\t\t\t\t\t\t\t<ul><li class=\"whitespace-normal break-words pl-2\">Betalningsproblem och betalningsmetodfel<\/li><li class=\"whitespace-normal break-words pl-2\">Inloggnings- och kontoproblem<\/li><li class=\"whitespace-normal break-words pl-2\">Problem med att l\u00e4gga eller \u00e4ndra best\u00e4llningar<\/li><li class=\"whitespace-normal break-words pl-2\">Produkter visas inte korrekt p\u00e5 webbplatsen<\/li><li class=\"whitespace-normal break-words pl-2\">Leveransproblem<\/li><li class=\"whitespace-normal break-words pl-2\">Tekniska problem p\u00e5 webbplatsen<\/li><li class=\"whitespace-normal break-words pl-2\">\u00d6vriga problem relaterade till webbutiken<\/li><\/ul>\t\t\t\t\t\t\t\t<\/div>\n\t\t\t\t<\/div>\n\t\t\t\t<div class=\"elementor-element elementor-element-782bc2b elementor-widget elementor-widget-text-editor\" data-id=\"782bc2b\" data-element_type=\"widget\" data-e-type=\"widget\" data-widget_type=\"text-editor.default\">\n\t\t\t\t<div class=\"elementor-widget-container\">\n\t\t\t\t\t\t\t\t\t<p>Beskriv problemet s\u00e5 detaljerat som m\u00f6jligt. Bifoga g\u00e4rna en sk\u00e4rmdump om m\u00f6jligt \u2013 det hj\u00e4lper oss att l\u00f6sa \u00e4rendet snabbare. <\/p>\t\t\t\t\t\t\t\t<\/div>\n\t\t\t\t<\/div>\n\t\t\t\t<div class=\"elementor-element elementor-element-8c5111f elementor-widget__width-initial elementor-button-align-stretch elementor-widget elementor-widget-form\" data-id=\"8c5111f\" data-element_type=\"widget\" data-e-type=\"widget\" data-settings=\"{&quot;step_next_label&quot;:&quot;N\\u00e4sta&quot;,&quot;step_previous_label&quot;:&quot;Tidigare&quot;,&quot;button_width&quot;:&quot;100&quot;,&quot;step_type&quot;:&quot;number_text&quot;,&quot;step_icon_shape&quot;:&quot;circle&quot;}\" data-widget_type=\"form.default\">\n\t\t\t\t<div class=\"elementor-widget-container\">\n\t\t\t\t\t\t\t<form class=\"elementor-form\" method=\"post\" name=\"New Form\" aria-label=\"New Form\">\n\t\t\t<input type=\"hidden\" name=\"post_id\" value=\"235467\"\/>\n\t\t\t<input type=\"hidden\" name=\"form_id\" value=\"8c5111f\"\/>\n\t\t\t<input type=\"hidden\" name=\"referer_title\" value=\"VA-Varuste\" \/>\n\n\t\t\t\n\t\t\t<div class=\"elementor-form-fields-wrapper elementor-labels-above\">\n\t\t\t\t\t\t\t\t<div class=\"elementor-field-type-text elementor-field-group elementor-column elementor-field-group-error_name elementor-col-100 elementor-field-required\">\n\t\t\t\t\t\t\t\t\t\t\t\t<label for=\"form-field-error_name\" class=\"elementor-field-label\">\n\t\t\t\t\t\t\t\tNamn\t\t\t\t\t\t\t<\/label>\n\t\t\t\t\t\t\t\t\t\t\t\t\t\t<input size=\"1\" type=\"text\" name=\"form_fields[error_name]\" id=\"form-field-error_name\" class=\"elementor-field elementor-size-sm  elementor-field-textual\" placeholder=\"Namn\" required=\"required\">\n\t\t\t\t\t\t\t\t\t\t\t<\/div>\n\t\t\t\t\t\t\t\t<div class=\"elementor-field-type-email elementor-field-group elementor-column elementor-field-group-error_sender elementor-col-100 elementor-field-required\">\n\t\t\t\t\t\t\t\t\t\t\t\t<label for=\"form-field-error_sender\" class=\"elementor-field-label\">\n\t\t\t\t\t\t\t\tE-post\t\t\t\t\t\t\t<\/label>\n\t\t\t\t\t\t\t\t\t\t\t\t\t\t<input size=\"1\" type=\"email\" name=\"form_fields[error_sender]\" id=\"form-field-error_sender\" class=\"elementor-field elementor-size-sm  elementor-field-textual\" placeholder=\"namn@exempel.se\" required=\"required\">\n\t\t\t\t\t\t\t\t\t\t\t<\/div>\n\t\t\t\t\t\t\t\t<div class=\"elementor-field-type-select elementor-field-group elementor-column elementor-field-group-error_type elementor-col-100 elementor-field-required\">\n\t\t\t\t\t\t\t\t\t\t\t\t<label for=\"form-field-error_type\" class=\"elementor-field-label\">\n\t\t\t\t\t\t\t\tProblemtyp\t\t\t\t\t\t\t<\/label>\n\t\t\t\t\t\t\t\t<div class=\"elementor-field elementor-select-wrapper remove-before \">\n\t\t\t<div class=\"select-caret-down-wrapper\">\n\t\t\t\t<i aria-hidden=\"true\" class=\"eicon-caret-down\"><\/i>\t\t\t<\/div>\n\t\t\t<select name=\"form_fields[error_type]\" id=\"form-field-error_type\" class=\"elementor-field-textual elementor-size-sm\" required=\"required\">\n\t\t\t\t\t\t\t\t\t<option value=\"V\u00e4lj problemtyp\">V\u00e4lj problemtyp<\/option>\n\t\t\t\t\t\t\t\t\t<option value=\"Betalningsproblem\">Betalningsproblem<\/option>\n\t\t\t\t\t\t\t\t\t<option value=\"Best\u00e4llningsproblem\">Best\u00e4llningsproblem<\/option>\n\t\t\t\t\t\t\t\t\t<option value=\"Inloggningsproblem\">Inloggningsproblem<\/option>\n\t\t\t\t\t\t\t\t\t<option value=\"Produkten visas inte korrekt\">Produkten visas inte korrekt<\/option>\n\t\t\t\t\t\t\t\t\t<option value=\"Leveransproblem\">Leveransproblem<\/option>\n\t\t\t\t\t\t\t\t\t<option value=\"Tekniskt fel p\u00e5 webbplatsen\">Tekniskt fel p\u00e5 webbplatsen<\/option>\n\t\t\t\t\t\t\t\t\t<option value=\"Spr\u00e5kversionen fungerar inte korrekt\">Spr\u00e5kversionen fungerar inte korrekt<\/option>\n\t\t\t\t\t\t\t\t\t<option value=\"Annat problem\">Annat problem<\/option>\n\t\t\t\t\t\t\t<\/select>\n\t\t<\/div>\n\t\t\t\t\t\t<\/div>\n\t\t\t\t\t\t\t\t<div class=\"elementor-field-type-text elementor-field-group elementor-column elementor-field-group-error_po_code elementor-col-100\">\n\t\t\t\t\t\t\t\t\t\t\t\t<label for=\"form-field-error_po_code\" class=\"elementor-field-label\">\n\t\t\t\t\t\t\t\tBest\u00e4llningsnummer\t\t\t\t\t\t\t<\/label>\n\t\t\t\t\t\t\t\t\t\t\t\t\t\t<input size=\"1\" type=\"text\" name=\"form_fields[error_po_code]\" id=\"form-field-error_po_code\" class=\"elementor-field elementor-size-sm  elementor-field-textual\" placeholder=\"t.ex. 1234\">\n\t\t\t\t\t\t\t\t\t\t\t<\/div>\n\t\t\t\t\t\t\t\t<div class=\"elementor-field-type-textarea elementor-field-group elementor-column elementor-field-group-error_text elementor-col-100 elementor-field-required\">\n\t\t\t\t\t\t\t\t\t\t\t\t<label for=\"form-field-error_text\" class=\"elementor-field-label\">\n\t\t\t\t\t\t\t\tProblembeskrivning\t\t\t\t\t\t\t<\/label>\n\t\t\t\t\t\t<textarea class=\"elementor-field-textual elementor-field  elementor-size-sm\" name=\"form_fields[error_text]\" id=\"form-field-error_text\" rows=\"16\" placeholder=\"Beskriv problemet s\u00e5 detaljerat som m\u00f6jligt. Vad f\u00f6rs\u00f6kte du g\u00f6ra? Vad h\u00e4nde? Visas ett felmeddelande?   \" required=\"required\"><\/textarea>\t\t\t\t<\/div>\n\t\t\t\t\t\t\t\t<div class=\"elementor-field-type-upload elementor-field-group elementor-column elementor-field-group-attacments elementor-col-100\">\n\t\t\t\t\t\t\t\t\t\t\t\t<label for=\"form-field-attacments\" class=\"elementor-field-label\">\n\t\t\t\t\t\t\t\tL\u00e4gg till en sk\u00e4rmdump. Bilagor kan vara bilder, textfiler, kalkylblad eller en kort video.  <\/br> (filformat som st\u00f6ds: pdf, jpg, jpeg, png, doc, docx, txt, mp4, mov, avi, wmv) <\/br>Maximal filstorlek 20 MB \t\t\t\t\t\t\t<\/label>\n\t\t\t\t\t\t\t\t<input type=\"file\" name=\"form_fields[attacments][]\" id=\"form-field-attacments\" class=\"elementor-field elementor-size-sm  elementor-upload-field\" multiple=\"multiple\" data-maxsize=\"20\" data-maxsize-message=\"Denna fil \u00f6verskrider den maximala till\u00e5tna storleken.\">\n\n\t\t\t\t\t\t<\/div>\n\t\t\t\t\t\t\t\t<div class=\"elementor-field-type-checkbox elementor-field-group elementor-column elementor-field-group-checkbox elementor-col-100\">\n\t\t\t\t\t<div class=\"elementor-field-subgroup  \"><span class=\"elementor-field-option\"><input type=\"checkbox\" value=\"Jag har granskat formul\u00e4rets uppgifter\" id=\"form-field-checkbox-0\" name=\"form_fields[checkbox]\"> <label for=\"form-field-checkbox-0\">Jag har granskat formul\u00e4rets uppgifter<\/label><\/span><\/div>\t\t\t\t<\/div>\n\t\t\t\t\t\t\t\t<div class=\"elementor-field-group elementor-column elementor-field-type-submit elementor-col-100 e-form__buttons\">\n\t\t\t\t\t<button class=\"elementor-button elementor-size-md\" type=\"submit\">\n\t\t\t\t\t\t<span class=\"elementor-button-content-wrapper\">\n\t\t\t\t\t\t\t\t\t\t\t\t\t\t\t\t\t\t\t\t\t\t<span class=\"elementor-button-text\">Skicka problemrapport<\/span>\n\t\t\t\t\t\t\t\t\t\t\t\t\t<\/span>\n\t\t\t\t\t<\/button>\n\t\t\t\t<\/div>\n\t\t\t<\/div>\n\t\t<\/form>\n\t\t\t\t\t\t<\/div>\n\t\t\t\t<\/div>\n\t\t\t\t<\/div>\n\t\t\t\t<\/div>\n\t\t\t\t\t<\/div>\n\t\t\t\t<\/div>\n\t\t\t\t<\/div>\n\t\t","protected":false},"excerpt":{"rendered":"<p>Rapportera ett problem 62\u00b0 52.27\u2032 00\u201c \u2014 27\u00b0 39.25\u2032 40\u201c St\u00f6tte du p\u00e5 ett problem i v\u00e5r webbutik eller med din best\u00e4llning? Ber\u00e4tta f\u00f6r oss s\u00e5 l\u00f6ser vi problemet s\u00e5 snabbt som m\u00f6jligt. Vi vill s\u00e4kerst\u00e4lla att din upplevelse i v\u00e5r webbutik \u00e4r smidig och problemfri. Om du st\u00f6tte p\u00e5 ett tekniskt fel, betalnings- eller [&hellip;]<\/p>\n","protected":false},"author":63,"featured_media":0,"parent":0,"menu_order":0,"comment_status":"closed","ping_status":"closed","template":"","meta":{"footnotes":""},"class_list":["post-235467","page","type-page","status-publish","hentry"],"yoast_head":"<!-- This site is optimized with the Yoast SEO plugin v27.4 - https:\/\/yoast.com\/product\/yoast-seo-wordpress\/ -->\n<title>Rapportera ett problem - VA-Varuste<\/title>\n<meta name=\"robots\" content=\"index, follow, max-snippet:-1, max-image-preview:large, max-video-preview:-1\" \/>\n<link rel=\"canonical\" href=\"https:\/\/va-varuste.fi\/ilmoita-ongelmasta\/\" \/>\n<meta property=\"og:locale\" content=\"sv_SE\" \/>\n<meta property=\"og:type\" content=\"article\" \/>\n<meta property=\"og:title\" content=\"Rapportera ett problem - VA-Varuste\" \/>\n<meta property=\"og:description\" content=\"Rapportera ett problem 62\u00b0 52.27\u2032 00\u201c \u2014 27\u00b0 39.25\u2032 40\u201c St\u00f6tte du p\u00e5 ett problem i v\u00e5r webbutik eller med din best\u00e4llning? Ber\u00e4tta f\u00f6r oss s\u00e5 l\u00f6ser vi problemet s\u00e5 snabbt som m\u00f6jligt. Vi vill s\u00e4kerst\u00e4lla att din upplevelse i v\u00e5r webbutik \u00e4r smidig och problemfri. Om du st\u00f6tte p\u00e5 ett tekniskt fel, betalnings- eller [&hellip;]\" \/>\n<meta property=\"og:url\" content=\"https:\/\/va-varuste.fi\/ilmoita-ongelmasta\/\" \/>\n<meta property=\"og:site_name\" content=\"VA-Varuste\" \/>\n<meta property=\"article:publisher\" content=\"https:\/\/www.facebook.com\/vavarustefi\/\" \/>\n<meta property=\"article:modified_time\" content=\"2026-02-02T11:33:12+00:00\" \/>\n<meta name=\"twitter:card\" content=\"summary_large_image\" \/>\n<meta name=\"twitter:label1\" content=\"Ber\u00e4knad l\u00e4stid\" \/>\n\t<meta name=\"twitter:data1\" content=\"1 minut\" \/>\n<script type=\"application\/ld+json\" class=\"yoast-schema-graph\">{\"@context\":\"https:\\\/\\\/schema.org\",\"@graph\":[{\"@type\":\"WebPage\",\"@id\":\"https:\\\/\\\/va-varuste.fi\\\/ilmoita-ongelmasta\\\/\",\"url\":\"https:\\\/\\\/va-varuste.fi\\\/ilmoita-ongelmasta\\\/\",\"name\":\"Rapportera ett problem - VA-Varuste\",\"isPartOf\":{\"@id\":\"https:\\\/\\\/va-varuste.fi\\\/#website\"},\"datePublished\":\"2026-02-02T10:17:54+00:00\",\"dateModified\":\"2026-02-02T11:33:12+00:00\",\"breadcrumb\":{\"@id\":\"https:\\\/\\\/va-varuste.fi\\\/ilmoita-ongelmasta\\\/#breadcrumb\"},\"inLanguage\":\"sv-SE\",\"potentialAction\":[{\"@type\":\"ReadAction\",\"target\":[\"https:\\\/\\\/va-varuste.fi\\\/ilmoita-ongelmasta\\\/\"]}]},{\"@type\":\"BreadcrumbList\",\"@id\":\"https:\\\/\\\/va-varuste.fi\\\/ilmoita-ongelmasta\\\/#breadcrumb\",\"itemListElement\":[{\"@type\":\"ListItem\",\"position\":1,\"name\":\"Etusivu\",\"item\":\"https:\\\/\\\/va-varuste.fi\\\/sv\\\/\"},{\"@type\":\"ListItem\",\"position\":2,\"name\":\"Rapportera ett problem\"}]},{\"@type\":\"WebSite\",\"@id\":\"https:\\\/\\\/va-varuste.fi\\\/#website\",\"url\":\"https:\\\/\\\/va-varuste.fi\\\/\",\"name\":\"VA-Varuste\",\"description\":\"\",\"publisher\":{\"@id\":\"https:\\\/\\\/va-varuste.fi\\\/#organization\"},\"potentialAction\":[{\"@type\":\"SearchAction\",\"target\":{\"@type\":\"EntryPoint\",\"urlTemplate\":\"https:\\\/\\\/va-varuste.fi\\\/?s={search_term_string}\"},\"query-input\":{\"@type\":\"PropertyValueSpecification\",\"valueRequired\":true,\"valueName\":\"search_term_string\"}}],\"inLanguage\":\"sv-SE\"},{\"@type\":\"Organization\",\"@id\":\"https:\\\/\\\/va-varuste.fi\\\/#organization\",\"name\":\"VA-Varuste\",\"url\":\"https:\\\/\\\/va-varuste.fi\\\/\",\"logo\":{\"@type\":\"ImageObject\",\"inLanguage\":\"sv-SE\",\"@id\":\"https:\\\/\\\/va-varuste.fi\\\/#\\\/schema\\\/logo\\\/image\\\/\",\"url\":\"https:\\\/\\\/va-varuste.fi\\\/wp-content\\\/uploads\\\/2023\\\/09\\\/va-logo.svg\",\"contentUrl\":\"https:\\\/\\\/va-varuste.fi\\\/wp-content\\\/uploads\\\/2023\\\/09\\\/va-logo.svg\",\"caption\":\"VA-Varuste\"},\"image\":{\"@id\":\"https:\\\/\\\/va-varuste.fi\\\/#\\\/schema\\\/logo\\\/image\\\/\"},\"sameAs\":[\"https:\\\/\\\/www.facebook.com\\\/vavarustefi\\\/\",\"https:\\\/\\\/www.instagram.com\\\/vavaruste\\\/\"]}]}<\/script>\n<!-- \/ Yoast SEO plugin. -->","yoast_head_json":{"title":"Rapportera ett problem - VA-Varuste","robots":{"index":"index","follow":"follow","max-snippet":"max-snippet:-1","max-image-preview":"max-image-preview:large","max-video-preview":"max-video-preview:-1"},"canonical":"https:\/\/va-varuste.fi\/ilmoita-ongelmasta\/","og_locale":"sv_SE","og_type":"article","og_title":"Rapportera ett problem - VA-Varuste","og_description":"Rapportera ett problem 62\u00b0 52.27\u2032 00\u201c \u2014 27\u00b0 39.25\u2032 40\u201c St\u00f6tte du p\u00e5 ett problem i v\u00e5r webbutik eller med din best\u00e4llning? Ber\u00e4tta f\u00f6r oss s\u00e5 l\u00f6ser vi problemet s\u00e5 snabbt som m\u00f6jligt. Vi vill s\u00e4kerst\u00e4lla att din upplevelse i v\u00e5r webbutik \u00e4r smidig och problemfri. Om du st\u00f6tte p\u00e5 ett tekniskt fel, betalnings- eller [&hellip;]","og_url":"https:\/\/va-varuste.fi\/ilmoita-ongelmasta\/","og_site_name":"VA-Varuste","article_publisher":"https:\/\/www.facebook.com\/vavarustefi\/","article_modified_time":"2026-02-02T11:33:12+00:00","twitter_card":"summary_large_image","twitter_misc":{"Ber\u00e4knad l\u00e4stid":"1 minut"},"schema":{"@context":"https:\/\/schema.org","@graph":[{"@type":"WebPage","@id":"https:\/\/va-varuste.fi\/ilmoita-ongelmasta\/","url":"https:\/\/va-varuste.fi\/ilmoita-ongelmasta\/","name":"Rapportera ett problem - VA-Varuste","isPartOf":{"@id":"https:\/\/va-varuste.fi\/#website"},"datePublished":"2026-02-02T10:17:54+00:00","dateModified":"2026-02-02T11:33:12+00:00","breadcrumb":{"@id":"https:\/\/va-varuste.fi\/ilmoita-ongelmasta\/#breadcrumb"},"inLanguage":"sv-SE","potentialAction":[{"@type":"ReadAction","target":["https:\/\/va-varuste.fi\/ilmoita-ongelmasta\/"]}]},{"@type":"BreadcrumbList","@id":"https:\/\/va-varuste.fi\/ilmoita-ongelmasta\/#breadcrumb","itemListElement":[{"@type":"ListItem","position":1,"name":"Etusivu","item":"https:\/\/va-varuste.fi\/sv\/"},{"@type":"ListItem","position":2,"name":"Rapportera ett problem"}]},{"@type":"WebSite","@id":"https:\/\/va-varuste.fi\/#website","url":"https:\/\/va-varuste.fi\/","name":"VA-Varuste","description":"","publisher":{"@id":"https:\/\/va-varuste.fi\/#organization"},"potentialAction":[{"@type":"SearchAction","target":{"@type":"EntryPoint","urlTemplate":"https:\/\/va-varuste.fi\/?s={search_term_string}"},"query-input":{"@type":"PropertyValueSpecification","valueRequired":true,"valueName":"search_term_string"}}],"inLanguage":"sv-SE"},{"@type":"Organization","@id":"https:\/\/va-varuste.fi\/#organization","name":"VA-Varuste","url":"https:\/\/va-varuste.fi\/","logo":{"@type":"ImageObject","inLanguage":"sv-SE","@id":"https:\/\/va-varuste.fi\/#\/schema\/logo\/image\/","url":"https:\/\/va-varuste.fi\/wp-content\/uploads\/2023\/09\/va-logo.svg","contentUrl":"https:\/\/va-varuste.fi\/wp-content\/uploads\/2023\/09\/va-logo.svg","caption":"VA-Varuste"},"image":{"@id":"https:\/\/va-varuste.fi\/#\/schema\/logo\/image\/"},"sameAs":["https:\/\/www.facebook.com\/vavarustefi\/","https:\/\/www.instagram.com\/vavaruste\/"]}]}},"_links":{"self":[{"href":"https:\/\/va-varuste.fi\/sv\/wp-json\/wp\/v2\/pages\/235467","targetHints":{"allow":["GET"]}}],"collection":[{"href":"https:\/\/va-varuste.fi\/sv\/wp-json\/wp\/v2\/pages"}],"about":[{"href":"https:\/\/va-varuste.fi\/sv\/wp-json\/wp\/v2\/types\/page"}],"author":[{"embeddable":true,"href":"https:\/\/va-varuste.fi\/sv\/wp-json\/wp\/v2\/users\/63"}],"replies":[{"embeddable":true,"href":"https:\/\/va-varuste.fi\/sv\/wp-json\/wp\/v2\/comments?post=235467"}],"version-history":[{"count":4,"href":"https:\/\/va-varuste.fi\/sv\/wp-json\/wp\/v2\/pages\/235467\/revisions"}],"predecessor-version":[{"id":235508,"href":"https:\/\/va-varuste.fi\/sv\/wp-json\/wp\/v2\/pages\/235467\/revisions\/235508"}],"wp:attachment":[{"href":"https:\/\/va-varuste.fi\/sv\/wp-json\/wp\/v2\/media?parent=235467"}],"curies":[{"name":"wp","href":"https:\/\/api.w.org\/{rel}","templated":true}]}}