{"id":233644,"date":"2025-10-08T14:55:08","date_gmt":"2025-10-08T11:55:08","guid":{"rendered":"https:\/\/va-varuste.fi\/tuote\/etupenkin-pikasuoja-yleismalli-sininen-2\/"},"modified":"2025-10-31T11:17:12","modified_gmt":"2025-10-31T09:17:12","slug":"etupenkin-pikasuoja-yleismalli-sininen-2","status":"publish","type":"product","link":"https:\/\/va-varuste.fi\/sv\/produkt\/etupenkin-pikasuoja-yleismalli-sininen-2\/","title":{"rendered":"Etupenkin pikasuoja, yleismalli, sininen"},"content":{"rendered":"<p>Soveltuu monille k\u00e4ytt\u00e4jille, esimerkiksi asentajille, lapsiperheille, metsureille, urakoitsijoille, mets\u00e4st\u00e4jile ja maanviljelij\u00f6ille.<\/p>\n<p>Pikasuoja soveltuu my\u00f6s autoihin, joissa on sivuturvatyynyt.<\/p>\n<p>Materiaalina ENSTEX.<\/p>\n","protected":false},"excerpt":{"rendered":"<p>Soveltuu monille k\u00e4ytt\u00e4jille, esimerkiksi asentajille, lapsiperheille, metsureille, urakoitsijoille, mets\u00e4st\u00e4jile ja maanviljelij\u00f6ille. Pikasuoja soveltuu my\u00f6s autoihin, joissa on sivuturvatyynyt. Materiaalina ENSTEX.<\/p>\n","protected":false},"featured_media":230638,"template":"","meta":[],"product_brand":[],"product_cat":[624,689],"product_tag":[],"class_list":{"0":"post-233644","1":"product","2":"type-product","3":"status-publish","4":"has-post-thumbnail","6":"product_cat-alla-produkter","7":"product_cat-allman","9":"first","10":"instock","11":"taxable","12":"shipping-taxable","13":"purchasable","14":"product-type-simple"},"yoast_head":"<!-- This site is optimized with the Yoast SEO plugin v27.4 - https:\/\/yoast.com\/product\/yoast-seo-wordpress\/ -->\n<title>Etupenkin pikasuoja, yleismalli, sininen - VA-Varuste<\/title>\n<meta name=\"robots\" content=\"index, follow, max-snippet:-1, max-image-preview:large, max-video-preview:-1\" \/>\n<link rel=\"canonical\" href=\"https:\/\/va-varuste.fi\/sv\/produkt\/etupenkin-pikasuoja-yleismalli-sininen-2\/\" \/>\n<meta property=\"og:locale\" content=\"sv_SE\" \/>\n<meta property=\"og:type\" content=\"article\" \/>\n<meta property=\"og:title\" content=\"Etupenkin pikasuoja, yleismalli, sininen - VA-Varuste\" \/>\n<meta property=\"og:description\" content=\"Soveltuu monille k\u00e4ytt\u00e4jille, esimerkiksi asentajille, lapsiperheille, metsureille, urakoitsijoille, mets\u00e4st\u00e4jile ja maanviljelij\u00f6ille. Pikasuoja soveltuu my\u00f6s autoihin, joissa on sivuturvatyynyt. Materiaalina ENSTEX.\" \/>\n<meta property=\"og:url\" content=\"https:\/\/va-varuste.fi\/sv\/produkt\/etupenkin-pikasuoja-yleismalli-sininen-2\/\" \/>\n<meta property=\"og:site_name\" content=\"VA-Varuste\" \/>\n<meta property=\"article:publisher\" content=\"https:\/\/www.facebook.com\/vavarustefi\/\" \/>\n<meta property=\"article:modified_time\" content=\"2025-10-31T09:17:12+00:00\" \/>\n<meta property=\"og:image\" content=\"https:\/\/va-varuste.fi\/wp-content\/uploads\/2025\/08\/pikasuoja-etupenkki.jpg\" \/>\n\t<meta property=\"og:image:width\" content=\"900\" \/>\n\t<meta property=\"og:image:height\" content=\"900\" \/>\n\t<meta property=\"og:image:type\" content=\"image\/jpeg\" \/>\n<meta name=\"twitter:card\" content=\"summary_large_image\" \/>\n<script type=\"application\/ld+json\" class=\"yoast-schema-graph\">{\"@context\":\"https:\\\/\\\/schema.org\",\"@graph\":[{\"@type\":\"WebPage\",\"@id\":\"https:\\\/\\\/va-varuste.fi\\\/sv\\\/produkt\\\/etupenkin-pikasuoja-yleismalli-sininen-2\\\/\",\"url\":\"https:\\\/\\\/va-varuste.fi\\\/sv\\\/produkt\\\/etupenkin-pikasuoja-yleismalli-sininen-2\\\/\",\"name\":\"Etupenkin pikasuoja, yleismalli, sininen - VA-Varuste\",\"isPartOf\":{\"@id\":\"https:\\\/\\\/va-varuste.fi\\\/#website\"},\"primaryImageOfPage\":{\"@id\":\"https:\\\/\\\/va-varuste.fi\\\/sv\\\/produkt\\\/etupenkin-pikasuoja-yleismalli-sininen-2\\\/#primaryimage\"},\"image\":{\"@id\":\"https:\\\/\\\/va-varuste.fi\\\/sv\\\/produkt\\\/etupenkin-pikasuoja-yleismalli-sininen-2\\\/#primaryimage\"},\"thumbnailUrl\":\"https:\\\/\\\/va-varuste.fi\\\/wp-content\\\/uploads\\\/2025\\\/08\\\/pikasuoja-etupenkki.jpg\",\"datePublished\":\"2025-10-08T11:55:08+00:00\",\"dateModified\":\"2025-10-31T09:17:12+00:00\",\"breadcrumb\":{\"@id\":\"https:\\\/\\\/va-varuste.fi\\\/sv\\\/produkt\\\/etupenkin-pikasuoja-yleismalli-sininen-2\\\/#breadcrumb\"},\"inLanguage\":\"sv-SE\",\"potentialAction\":[{\"@type\":\"ReadAction\",\"target\":[\"https:\\\/\\\/va-varuste.fi\\\/sv\\\/produkt\\\/etupenkin-pikasuoja-yleismalli-sininen-2\\\/\"]}]},{\"@type\":\"ImageObject\",\"inLanguage\":\"sv-SE\",\"@id\":\"https:\\\/\\\/va-varuste.fi\\\/sv\\\/produkt\\\/etupenkin-pikasuoja-yleismalli-sininen-2\\\/#primaryimage\",\"url\":\"https:\\\/\\\/va-varuste.fi\\\/wp-content\\\/uploads\\\/2025\\\/08\\\/pikasuoja-etupenkki.jpg\",\"contentUrl\":\"https:\\\/\\\/va-varuste.fi\\\/wp-content\\\/uploads\\\/2025\\\/08\\\/pikasuoja-etupenkki.jpg\",\"width\":900,\"height\":900},{\"@type\":\"BreadcrumbList\",\"@id\":\"https:\\\/\\\/va-varuste.fi\\\/sv\\\/produkt\\\/etupenkin-pikasuoja-yleismalli-sininen-2\\\/#breadcrumb\",\"itemListElement\":[{\"@type\":\"ListItem\",\"position\":1,\"name\":\"Etusivu\",\"item\":\"https:\\\/\\\/va-varuste.fi\\\/sv\\\/\"},{\"@type\":\"ListItem\",\"position\":2,\"name\":\"Webbutik\",\"item\":\"https:\\\/\\\/va-varuste.fi\\\/sv\\\/webbutik\\\/\"},{\"@type\":\"ListItem\",\"position\":3,\"name\":\"Etupenkin pikasuoja, yleismalli, sininen\"}]},{\"@type\":\"WebSite\",\"@id\":\"https:\\\/\\\/va-varuste.fi\\\/#website\",\"url\":\"https:\\\/\\\/va-varuste.fi\\\/\",\"name\":\"VA-Varuste\",\"description\":\"\",\"publisher\":{\"@id\":\"https:\\\/\\\/va-varuste.fi\\\/#organization\"},\"potentialAction\":[{\"@type\":\"SearchAction\",\"target\":{\"@type\":\"EntryPoint\",\"urlTemplate\":\"https:\\\/\\\/va-varuste.fi\\\/?s={search_term_string}\"},\"query-input\":{\"@type\":\"PropertyValueSpecification\",\"valueRequired\":true,\"valueName\":\"search_term_string\"}}],\"inLanguage\":\"sv-SE\"},{\"@type\":\"Organization\",\"@id\":\"https:\\\/\\\/va-varuste.fi\\\/#organization\",\"name\":\"VA-Varuste\",\"url\":\"https:\\\/\\\/va-varuste.fi\\\/\",\"logo\":{\"@type\":\"ImageObject\",\"inLanguage\":\"sv-SE\",\"@id\":\"https:\\\/\\\/va-varuste.fi\\\/#\\\/schema\\\/logo\\\/image\\\/\",\"url\":\"https:\\\/\\\/va-varuste.fi\\\/wp-content\\\/uploads\\\/2023\\\/09\\\/va-logo.svg\",\"contentUrl\":\"https:\\\/\\\/va-varuste.fi\\\/wp-content\\\/uploads\\\/2023\\\/09\\\/va-logo.svg\",\"caption\":\"VA-Varuste\"},\"image\":{\"@id\":\"https:\\\/\\\/va-varuste.fi\\\/#\\\/schema\\\/logo\\\/image\\\/\"},\"sameAs\":[\"https:\\\/\\\/www.facebook.com\\\/vavarustefi\\\/\",\"https:\\\/\\\/www.instagram.com\\\/vavaruste\\\/\"]}]}<\/script>\n<!-- \/ Yoast SEO plugin. -->","yoast_head_json":{"title":"Etupenkin pikasuoja, yleismalli, sininen - VA-Varuste","robots":{"index":"index","follow":"follow","max-snippet":"max-snippet:-1","max-image-preview":"max-image-preview:large","max-video-preview":"max-video-preview:-1"},"canonical":"https:\/\/va-varuste.fi\/sv\/produkt\/etupenkin-pikasuoja-yleismalli-sininen-2\/","og_locale":"sv_SE","og_type":"article","og_title":"Etupenkin pikasuoja, yleismalli, sininen - VA-Varuste","og_description":"Soveltuu monille k\u00e4ytt\u00e4jille, esimerkiksi asentajille, lapsiperheille, metsureille, urakoitsijoille, mets\u00e4st\u00e4jile ja maanviljelij\u00f6ille. Pikasuoja soveltuu my\u00f6s autoihin, joissa on sivuturvatyynyt. Materiaalina ENSTEX.","og_url":"https:\/\/va-varuste.fi\/sv\/produkt\/etupenkin-pikasuoja-yleismalli-sininen-2\/","og_site_name":"VA-Varuste","article_publisher":"https:\/\/www.facebook.com\/vavarustefi\/","article_modified_time":"2025-10-31T09:17:12+00:00","og_image":[{"width":900,"height":900,"url":"https:\/\/va-varuste.fi\/wp-content\/uploads\/2025\/08\/pikasuoja-etupenkki.jpg","type":"image\/jpeg"}],"twitter_card":"summary_large_image","schema":{"@context":"https:\/\/schema.org","@graph":[{"@type":"WebPage","@id":"https:\/\/va-varuste.fi\/sv\/produkt\/etupenkin-pikasuoja-yleismalli-sininen-2\/","url":"https:\/\/va-varuste.fi\/sv\/produkt\/etupenkin-pikasuoja-yleismalli-sininen-2\/","name":"Etupenkin pikasuoja, yleismalli, sininen - VA-Varuste","isPartOf":{"@id":"https:\/\/va-varuste.fi\/#website"},"primaryImageOfPage":{"@id":"https:\/\/va-varuste.fi\/sv\/produkt\/etupenkin-pikasuoja-yleismalli-sininen-2\/#primaryimage"},"image":{"@id":"https:\/\/va-varuste.fi\/sv\/produkt\/etupenkin-pikasuoja-yleismalli-sininen-2\/#primaryimage"},"thumbnailUrl":"https:\/\/va-varuste.fi\/wp-content\/uploads\/2025\/08\/pikasuoja-etupenkki.jpg","datePublished":"2025-10-08T11:55:08+00:00","dateModified":"2025-10-31T09:17:12+00:00","breadcrumb":{"@id":"https:\/\/va-varuste.fi\/sv\/produkt\/etupenkin-pikasuoja-yleismalli-sininen-2\/#breadcrumb"},"inLanguage":"sv-SE","potentialAction":[{"@type":"ReadAction","target":["https:\/\/va-varuste.fi\/sv\/produkt\/etupenkin-pikasuoja-yleismalli-sininen-2\/"]}]},{"@type":"ImageObject","inLanguage":"sv-SE","@id":"https:\/\/va-varuste.fi\/sv\/produkt\/etupenkin-pikasuoja-yleismalli-sininen-2\/#primaryimage","url":"https:\/\/va-varuste.fi\/wp-content\/uploads\/2025\/08\/pikasuoja-etupenkki.jpg","contentUrl":"https:\/\/va-varuste.fi\/wp-content\/uploads\/2025\/08\/pikasuoja-etupenkki.jpg","width":900,"height":900},{"@type":"BreadcrumbList","@id":"https:\/\/va-varuste.fi\/sv\/produkt\/etupenkin-pikasuoja-yleismalli-sininen-2\/#breadcrumb","itemListElement":[{"@type":"ListItem","position":1,"name":"Etusivu","item":"https:\/\/va-varuste.fi\/sv\/"},{"@type":"ListItem","position":2,"name":"Webbutik","item":"https:\/\/va-varuste.fi\/sv\/webbutik\/"},{"@type":"ListItem","position":3,"name":"Etupenkin pikasuoja, yleismalli, sininen"}]},{"@type":"WebSite","@id":"https:\/\/va-varuste.fi\/#website","url":"https:\/\/va-varuste.fi\/","name":"VA-Varuste","description":"","publisher":{"@id":"https:\/\/va-varuste.fi\/#organization"},"potentialAction":[{"@type":"SearchAction","target":{"@type":"EntryPoint","urlTemplate":"https:\/\/va-varuste.fi\/?s={search_term_string}"},"query-input":{"@type":"PropertyValueSpecification","valueRequired":true,"valueName":"search_term_string"}}],"inLanguage":"sv-SE"},{"@type":"Organization","@id":"https:\/\/va-varuste.fi\/#organization","name":"VA-Varuste","url":"https:\/\/va-varuste.fi\/","logo":{"@type":"ImageObject","inLanguage":"sv-SE","@id":"https:\/\/va-varuste.fi\/#\/schema\/logo\/image\/","url":"https:\/\/va-varuste.fi\/wp-content\/uploads\/2023\/09\/va-logo.svg","contentUrl":"https:\/\/va-varuste.fi\/wp-content\/uploads\/2023\/09\/va-logo.svg","caption":"VA-Varuste"},"image":{"@id":"https:\/\/va-varuste.fi\/#\/schema\/logo\/image\/"},"sameAs":["https:\/\/www.facebook.com\/vavarustefi\/","https:\/\/www.instagram.com\/vavaruste\/"]}]}},"_links":{"self":[{"href":"https:\/\/va-varuste.fi\/sv\/wp-json\/wp\/v2\/product\/233644","targetHints":{"allow":["GET"]}}],"collection":[{"href":"https:\/\/va-varuste.fi\/sv\/wp-json\/wp\/v2\/product"}],"about":[{"href":"https:\/\/va-varuste.fi\/sv\/wp-json\/wp\/v2\/types\/product"}],"wp:featuredmedia":[{"embeddable":true,"href":"https:\/\/va-varuste.fi\/sv\/wp-json\/wp\/v2\/media\/230638"}],"wp:attachment":[{"href":"https:\/\/va-varuste.fi\/sv\/wp-json\/wp\/v2\/media?parent=233644"}],"wp:term":[{"taxonomy":"product_brand","embeddable":true,"href":"https:\/\/va-varuste.fi\/sv\/wp-json\/wp\/v2\/product_brand?post=233644"},{"taxonomy":"product_cat","embeddable":true,"href":"https:\/\/va-varuste.fi\/sv\/wp-json\/wp\/v2\/product_cat?post=233644"},{"taxonomy":"product_tag","embeddable":true,"href":"https:\/\/va-varuste.fi\/sv\/wp-json\/wp\/v2\/product_tag?post=233644"}],"curies":[{"name":"wp","href":"https:\/\/api.w.org\/{rel}","templated":true}]}}