{"id":233694,"date":"2025-09-29T09:29:49","date_gmt":"2025-09-29T06:29:49","guid":{"rendered":"https:\/\/va-varuste.fi\/tuote\/saatojalka-lyhyt-55-90cm\/"},"modified":"2026-03-25T11:25:02","modified_gmt":"2026-03-25T09:25:02","slug":"saatojalka-lyhyt-55-90cm","status":"publish","type":"product","link":"https:\/\/va-varuste.fi\/sv\/produkt\/saatojalka-lyhyt-55-90cm\/","title":{"rendered":"Reglerbart ben, kort, 55-90 cm"},"content":{"rendered":"<p>Reglerbart ben kort \u00e4r ett justerbart st\u00f6dben f\u00f6r att resa b\u00e5tkapell- och vinterkapellst\u00f6dkonstruktioner. Den teleskopiska aluminiumkonstruktionen g\u00f6r att benets l\u00e4ngd kan justeras efter behov.<\/p>\n<p>Benets l\u00e4ngd \u00e4r justerbar fr\u00e5n 55 till 90 cm. Den korta modellen passar s\u00e4rskilt bra f\u00f6r att st\u00f6dja l\u00e4gre kapellkonstruktioner och \u00f6verdrag. \u00d6vre \u00e4nden har en gaffel eller hylsa f\u00f6r kapellb\u00e5gen eller st\u00f6dst\u00e5ngen.<\/p>\n<p>1 st\/f\u00f6rp.<\/p>\n","protected":false},"excerpt":{"rendered":"<p>Justerbart aluminiumst\u00f6dben f\u00f6r b\u00e5tkapell och vinter\u00f6verdrag. Kort modell, justeringsomr\u00e5de 55\u201390 cm. 1 st\/f\u00f6rp.<\/p>\n","protected":false},"featured_media":230837,"template":"","meta":[],"product_brand":[],"product_cat":[624,628],"product_tag":[],"class_list":{"0":"post-233694","1":"product","2":"type-product","3":"status-publish","4":"has-post-thumbnail","6":"product_cat-alla-produkter","7":"product_cat-monterings-och-bagrorbeslag","9":"first","10":"instock","11":"taxable","12":"shipping-taxable","13":"purchasable","14":"product-type-simple"},"yoast_head":"<!-- This site is optimized with the Yoast SEO plugin v27.2 - https:\/\/yoast.com\/product\/yoast-seo-wordpress\/ -->\n<title>Reglerbart ben kort 55-90cm | VA-Varuste<\/title>\n<meta name=\"description\" content=\"Justerbart aluminiumst\u00f6dben f\u00f6r b\u00e5tkapell och vinterkapell. Kort modell, 55\u201390 cm. 1 st\/f\u00f6rp. Best\u00e4ll fr\u00e5n VA-Varuste.\" \/>\n<meta name=\"robots\" content=\"index, follow, max-snippet:-1, max-image-preview:large, max-video-preview:-1\" \/>\n<link rel=\"canonical\" href=\"https:\/\/va-varuste.fi\/tuote\/saatojalka-lyhyt-55-90cm\/\" \/>\n<meta property=\"og:locale\" content=\"sv_SE\" \/>\n<meta property=\"og:type\" content=\"article\" \/>\n<meta property=\"og:title\" content=\"Reglerbart ben kort 55-90cm | VA-Varuste\" \/>\n<meta property=\"og:description\" content=\"Justerbart aluminiumst\u00f6dben f\u00f6r b\u00e5tkapell och vinterkapell. Kort modell, 55\u201390 cm. 1 st\/f\u00f6rp. Best\u00e4ll fr\u00e5n VA-Varuste.\" \/>\n<meta property=\"og:url\" content=\"https:\/\/va-varuste.fi\/tuote\/saatojalka-lyhyt-55-90cm\/\" \/>\n<meta property=\"og:site_name\" content=\"VA-Varuste\" \/>\n<meta property=\"article:publisher\" content=\"https:\/\/www.facebook.com\/vavarustefi\/\" \/>\n<meta property=\"article:modified_time\" content=\"2026-03-25T09:25:02+00:00\" \/>\n<meta property=\"og:image\" content=\"https:\/\/va-varuste.fi\/wp-content\/uploads\/2025\/09\/tietoset-lyhyt-1-scaled.jpg\" \/>\n\t<meta property=\"og:image:width\" content=\"2514\" \/>\n\t<meta property=\"og:image:height\" content=\"2560\" \/>\n\t<meta property=\"og:image:type\" content=\"image\/jpeg\" \/>\n<meta name=\"twitter:card\" content=\"summary_large_image\" \/>\n<script type=\"application\/ld+json\" class=\"yoast-schema-graph\">{\"@context\":\"https:\/\/schema.org\",\"@graph\":[{\"@type\":\"WebPage\",\"@id\":\"https:\/\/va-varuste.fi\/tuote\/saatojalka-lyhyt-55-90cm\/\",\"url\":\"https:\/\/va-varuste.fi\/tuote\/saatojalka-lyhyt-55-90cm\/\",\"name\":\"Reglerbart ben kort 55-90cm | VA-Varuste\",\"isPartOf\":{\"@id\":\"https:\/\/va-varuste.fi\/#website\"},\"primaryImageOfPage\":{\"@id\":\"https:\/\/va-varuste.fi\/tuote\/saatojalka-lyhyt-55-90cm\/#primaryimage\"},\"image\":{\"@id\":\"https:\/\/va-varuste.fi\/tuote\/saatojalka-lyhyt-55-90cm\/#primaryimage\"},\"thumbnailUrl\":\"https:\/\/va-varuste.fi\/wp-content\/uploads\/2025\/09\/tietoset-lyhyt-1-scaled.jpg\",\"datePublished\":\"2025-09-29T06:29:49+00:00\",\"dateModified\":\"2026-03-25T09:25:02+00:00\",\"description\":\"Justerbart aluminiumst\u00f6dben f\u00f6r b\u00e5tkapell och vinterkapell. Kort modell, 55\u201390 cm. 1 st\/f\u00f6rp. Best\u00e4ll fr\u00e5n VA-Varuste.\",\"breadcrumb\":{\"@id\":\"https:\/\/va-varuste.fi\/tuote\/saatojalka-lyhyt-55-90cm\/#breadcrumb\"},\"inLanguage\":\"sv-SE\",\"potentialAction\":[{\"@type\":\"ReadAction\",\"target\":[\"https:\/\/va-varuste.fi\/tuote\/saatojalka-lyhyt-55-90cm\/\"]}]},{\"@type\":\"ImageObject\",\"inLanguage\":\"sv-SE\",\"@id\":\"https:\/\/va-varuste.fi\/tuote\/saatojalka-lyhyt-55-90cm\/#primaryimage\",\"url\":\"https:\/\/va-varuste.fi\/wp-content\/uploads\/2025\/09\/tietoset-lyhyt-1-scaled.jpg\",\"contentUrl\":\"https:\/\/va-varuste.fi\/wp-content\/uploads\/2025\/09\/tietoset-lyhyt-1-scaled.jpg\",\"width\":2514,\"height\":2560},{\"@type\":\"BreadcrumbList\",\"@id\":\"https:\/\/va-varuste.fi\/tuote\/saatojalka-lyhyt-55-90cm\/#breadcrumb\",\"itemListElement\":[{\"@type\":\"ListItem\",\"position\":1,\"name\":\"Etusivu\",\"item\":\"https:\/\/va-varuste.fi\/sv\/\"},{\"@type\":\"ListItem\",\"position\":2,\"name\":\"Webbutik\",\"item\":\"https:\/\/va-varuste.fi\/sv\/webbutik\/\"},{\"@type\":\"ListItem\",\"position\":3,\"name\":\"Reglerbart ben, kort, 55-90 cm\"}]},{\"@type\":\"WebSite\",\"@id\":\"https:\/\/va-varuste.fi\/#website\",\"url\":\"https:\/\/va-varuste.fi\/\",\"name\":\"VA-Varuste\",\"description\":\"\",\"publisher\":{\"@id\":\"https:\/\/va-varuste.fi\/#organization\"},\"potentialAction\":[{\"@type\":\"SearchAction\",\"target\":{\"@type\":\"EntryPoint\",\"urlTemplate\":\"https:\/\/va-varuste.fi\/?s={search_term_string}\"},\"query-input\":{\"@type\":\"PropertyValueSpecification\",\"valueRequired\":true,\"valueName\":\"search_term_string\"}}],\"inLanguage\":\"sv-SE\"},{\"@type\":\"Organization\",\"@id\":\"https:\/\/va-varuste.fi\/#organization\",\"name\":\"VA-Varuste\",\"url\":\"https:\/\/va-varuste.fi\/\",\"logo\":{\"@type\":\"ImageObject\",\"inLanguage\":\"sv-SE\",\"@id\":\"https:\/\/va-varuste.fi\/#\/schema\/logo\/image\/\",\"url\":\"https:\/\/va-varuste.fi\/wp-content\/uploads\/2023\/09\/va-logo.svg\",\"contentUrl\":\"https:\/\/va-varuste.fi\/wp-content\/uploads\/2023\/09\/va-logo.svg\",\"caption\":\"VA-Varuste\"},\"image\":{\"@id\":\"https:\/\/va-varuste.fi\/#\/schema\/logo\/image\/\"},\"sameAs\":[\"https:\/\/www.facebook.com\/vavarustefi\/\",\"https:\/\/www.instagram.com\/vavaruste\/\"]}]}<\/script>\n<!-- \/ Yoast SEO plugin. -->","yoast_head_json":{"title":"Reglerbart ben kort 55-90cm | VA-Varuste","description":"Justerbart aluminiumst\u00f6dben f\u00f6r b\u00e5tkapell och vinterkapell. Kort modell, 55\u201390 cm. 1 st\/f\u00f6rp. Best\u00e4ll fr\u00e5n VA-Varuste.","robots":{"index":"index","follow":"follow","max-snippet":"max-snippet:-1","max-image-preview":"max-image-preview:large","max-video-preview":"max-video-preview:-1"},"canonical":"https:\/\/va-varuste.fi\/tuote\/saatojalka-lyhyt-55-90cm\/","og_locale":"sv_SE","og_type":"article","og_title":"Reglerbart ben kort 55-90cm | VA-Varuste","og_description":"Justerbart aluminiumst\u00f6dben f\u00f6r b\u00e5tkapell och vinterkapell. Kort modell, 55\u201390 cm. 1 st\/f\u00f6rp. Best\u00e4ll fr\u00e5n VA-Varuste.","og_url":"https:\/\/va-varuste.fi\/tuote\/saatojalka-lyhyt-55-90cm\/","og_site_name":"VA-Varuste","article_publisher":"https:\/\/www.facebook.com\/vavarustefi\/","article_modified_time":"2026-03-25T09:25:02+00:00","og_image":[{"width":2514,"height":2560,"url":"https:\/\/va-varuste.fi\/wp-content\/uploads\/2025\/09\/tietoset-lyhyt-1-scaled.jpg","type":"image\/jpeg"}],"twitter_card":"summary_large_image","schema":{"@context":"https:\/\/schema.org","@graph":[{"@type":"WebPage","@id":"https:\/\/va-varuste.fi\/tuote\/saatojalka-lyhyt-55-90cm\/","url":"https:\/\/va-varuste.fi\/tuote\/saatojalka-lyhyt-55-90cm\/","name":"Reglerbart ben kort 55-90cm | VA-Varuste","isPartOf":{"@id":"https:\/\/va-varuste.fi\/#website"},"primaryImageOfPage":{"@id":"https:\/\/va-varuste.fi\/tuote\/saatojalka-lyhyt-55-90cm\/#primaryimage"},"image":{"@id":"https:\/\/va-varuste.fi\/tuote\/saatojalka-lyhyt-55-90cm\/#primaryimage"},"thumbnailUrl":"https:\/\/va-varuste.fi\/wp-content\/uploads\/2025\/09\/tietoset-lyhyt-1-scaled.jpg","datePublished":"2025-09-29T06:29:49+00:00","dateModified":"2026-03-25T09:25:02+00:00","description":"Justerbart aluminiumst\u00f6dben f\u00f6r b\u00e5tkapell och vinterkapell. Kort modell, 55\u201390 cm. 1 st\/f\u00f6rp. Best\u00e4ll fr\u00e5n VA-Varuste.","breadcrumb":{"@id":"https:\/\/va-varuste.fi\/tuote\/saatojalka-lyhyt-55-90cm\/#breadcrumb"},"inLanguage":"sv-SE","potentialAction":[{"@type":"ReadAction","target":["https:\/\/va-varuste.fi\/tuote\/saatojalka-lyhyt-55-90cm\/"]}]},{"@type":"ImageObject","inLanguage":"sv-SE","@id":"https:\/\/va-varuste.fi\/tuote\/saatojalka-lyhyt-55-90cm\/#primaryimage","url":"https:\/\/va-varuste.fi\/wp-content\/uploads\/2025\/09\/tietoset-lyhyt-1-scaled.jpg","contentUrl":"https:\/\/va-varuste.fi\/wp-content\/uploads\/2025\/09\/tietoset-lyhyt-1-scaled.jpg","width":2514,"height":2560},{"@type":"BreadcrumbList","@id":"https:\/\/va-varuste.fi\/tuote\/saatojalka-lyhyt-55-90cm\/#breadcrumb","itemListElement":[{"@type":"ListItem","position":1,"name":"Etusivu","item":"https:\/\/va-varuste.fi\/sv\/"},{"@type":"ListItem","position":2,"name":"Webbutik","item":"https:\/\/va-varuste.fi\/sv\/webbutik\/"},{"@type":"ListItem","position":3,"name":"Reglerbart ben, kort, 55-90 cm"}]},{"@type":"WebSite","@id":"https:\/\/va-varuste.fi\/#website","url":"https:\/\/va-varuste.fi\/","name":"VA-Varuste","description":"","publisher":{"@id":"https:\/\/va-varuste.fi\/#organization"},"potentialAction":[{"@type":"SearchAction","target":{"@type":"EntryPoint","urlTemplate":"https:\/\/va-varuste.fi\/?s={search_term_string}"},"query-input":{"@type":"PropertyValueSpecification","valueRequired":true,"valueName":"search_term_string"}}],"inLanguage":"sv-SE"},{"@type":"Organization","@id":"https:\/\/va-varuste.fi\/#organization","name":"VA-Varuste","url":"https:\/\/va-varuste.fi\/","logo":{"@type":"ImageObject","inLanguage":"sv-SE","@id":"https:\/\/va-varuste.fi\/#\/schema\/logo\/image\/","url":"https:\/\/va-varuste.fi\/wp-content\/uploads\/2023\/09\/va-logo.svg","contentUrl":"https:\/\/va-varuste.fi\/wp-content\/uploads\/2023\/09\/va-logo.svg","caption":"VA-Varuste"},"image":{"@id":"https:\/\/va-varuste.fi\/#\/schema\/logo\/image\/"},"sameAs":["https:\/\/www.facebook.com\/vavarustefi\/","https:\/\/www.instagram.com\/vavaruste\/"]}]}},"_links":{"self":[{"href":"https:\/\/va-varuste.fi\/sv\/wp-json\/wp\/v2\/product\/233694","targetHints":{"allow":["GET"]}}],"collection":[{"href":"https:\/\/va-varuste.fi\/sv\/wp-json\/wp\/v2\/product"}],"about":[{"href":"https:\/\/va-varuste.fi\/sv\/wp-json\/wp\/v2\/types\/product"}],"wp:featuredmedia":[{"embeddable":true,"href":"https:\/\/va-varuste.fi\/sv\/wp-json\/wp\/v2\/media\/230837"}],"wp:attachment":[{"href":"https:\/\/va-varuste.fi\/sv\/wp-json\/wp\/v2\/media?parent=233694"}],"wp:term":[{"taxonomy":"product_brand","embeddable":true,"href":"https:\/\/va-varuste.fi\/sv\/wp-json\/wp\/v2\/product_brand?post=233694"},{"taxonomy":"product_cat","embeddable":true,"href":"https:\/\/va-varuste.fi\/sv\/wp-json\/wp\/v2\/product_cat?post=233694"},{"taxonomy":"product_tag","embeddable":true,"href":"https:\/\/va-varuste.fi\/sv\/wp-json\/wp\/v2\/product_tag?post=233694"}],"curies":[{"name":"wp","href":"https:\/\/api.w.org\/{rel}","templated":true}]}}