{"id":233698,"date":"2025-09-29T09:29:49","date_gmt":"2025-09-29T06:29:49","guid":{"rendered":"https:\/\/va-varuste.fi\/tuote\/kaidesovike-2kpl-pss\/"},"modified":"2026-03-25T11:24:23","modified_gmt":"2026-03-25T09:24:23","slug":"kaidesovike-2kpl-pss","status":"publish","type":"product","link":"https:\/\/va-varuste.fi\/sv\/produkt\/kaidesovike-2kpl-pss\/","title":{"rendered":"Passtycke till reling, 2st\/f\u00f6rp"},"content":{"rendered":"<p>Passtycke till reling \u00e4r en plastdetalj som g\u00f6r det m\u00f6jligt att f\u00e4sta ett d\u00e4ckbeslag, sidof\u00e4ste eller glidskena p\u00e5 b\u00e5tens relingsr\u00f6r. Passtycket m\u00f6jligg\u00f6r montering av kapell eller \u00f6verdrag direkt p\u00e5 relingen utan borrning eller svetsning.<\/p>\n<p>Passar 25 mm relingsr\u00f6r. Ett d\u00e4ckbeslag, sidof\u00e4ste eller glidskena kan monteras p\u00e5 passtycket. Plastkonstruktionen repar inte relingen.<\/p>\n<p>M\u00e5tt 63\u00d730\u00d714 mm, vikt 14 g. 2 st\/f\u00f6rp.<\/p>\n","protected":false},"excerpt":{"rendered":"<p>Passtycke av plast till 25 mm relingsr\u00f6r. M\u00f6jligg\u00f6r montering av d\u00e4ckbeslag, sidof\u00e4ste eller glidskena. 2 st\/f\u00f6rp.<\/p>\n","protected":false},"featured_media":216238,"template":"","meta":[],"product_brand":[],"product_cat":[624,628],"product_tag":[],"class_list":{"0":"post-233698","1":"product","2":"type-product","3":"status-publish","4":"has-post-thumbnail","6":"product_cat-alla-produkter","7":"product_cat-monterings-och-bagrorbeslag","9":"first","10":"instock","11":"taxable","12":"shipping-taxable","13":"purchasable","14":"product-type-simple"},"yoast_head":"<!-- This site is optimized with the Yoast SEO plugin v27.2 - https:\/\/yoast.com\/product\/yoast-seo-wordpress\/ -->\n<title>Passtycke till reling 25mm | VA-Varuste<\/title>\n<meta name=\"description\" content=\"Passtycke av plast till 25 mm relingsr\u00f6r. M\u00f6jligg\u00f6r montering av d\u00e4ckbeslag, sidof\u00e4ste eller glidskena. Best\u00e4ll fr\u00e5n VA-Varuste.\" \/>\n<meta name=\"robots\" content=\"index, follow, max-snippet:-1, max-image-preview:large, max-video-preview:-1\" \/>\n<link rel=\"canonical\" href=\"https:\/\/va-varuste.fi\/tuote\/kaidesovike-2kpl-pss\/\" \/>\n<meta property=\"og:locale\" content=\"sv_SE\" \/>\n<meta property=\"og:type\" content=\"article\" \/>\n<meta property=\"og:title\" content=\"Passtycke till reling 25mm | VA-Varuste\" \/>\n<meta property=\"og:description\" content=\"Passtycke av plast till 25 mm relingsr\u00f6r. M\u00f6jligg\u00f6r montering av d\u00e4ckbeslag, sidof\u00e4ste eller glidskena. Best\u00e4ll fr\u00e5n VA-Varuste.\" \/>\n<meta property=\"og:url\" content=\"https:\/\/va-varuste.fi\/tuote\/kaidesovike-2kpl-pss\/\" \/>\n<meta property=\"og:site_name\" content=\"VA-Varuste\" \/>\n<meta property=\"article:publisher\" content=\"https:\/\/www.facebook.com\/vavarustefi\/\" \/>\n<meta property=\"article:modified_time\" content=\"2026-03-25T09:24:23+00:00\" \/>\n<meta property=\"og:image\" content=\"https:\/\/va-varuste.fi\/wp-content\/uploads\/2023\/10\/kaidesovike.jpg\" \/>\n\t<meta property=\"og:image:width\" content=\"1908\" \/>\n\t<meta property=\"og:image:height\" content=\"1908\" \/>\n\t<meta property=\"og:image:type\" content=\"image\/jpeg\" \/>\n<meta name=\"twitter:card\" content=\"summary_large_image\" \/>\n<script type=\"application\/ld+json\" class=\"yoast-schema-graph\">{\"@context\":\"https:\/\/schema.org\",\"@graph\":[{\"@type\":\"WebPage\",\"@id\":\"https:\/\/va-varuste.fi\/tuote\/kaidesovike-2kpl-pss\/\",\"url\":\"https:\/\/va-varuste.fi\/tuote\/kaidesovike-2kpl-pss\/\",\"name\":\"Passtycke till reling 25mm | VA-Varuste\",\"isPartOf\":{\"@id\":\"https:\/\/va-varuste.fi\/#website\"},\"primaryImageOfPage\":{\"@id\":\"https:\/\/va-varuste.fi\/tuote\/kaidesovike-2kpl-pss\/#primaryimage\"},\"image\":{\"@id\":\"https:\/\/va-varuste.fi\/tuote\/kaidesovike-2kpl-pss\/#primaryimage\"},\"thumbnailUrl\":\"https:\/\/va-varuste.fi\/wp-content\/uploads\/2023\/10\/kaidesovike.jpg\",\"datePublished\":\"2025-09-29T06:29:49+00:00\",\"dateModified\":\"2026-03-25T09:24:23+00:00\",\"description\":\"Passtycke av plast till 25 mm relingsr\u00f6r. M\u00f6jligg\u00f6r montering av d\u00e4ckbeslag, sidof\u00e4ste eller glidskena. Best\u00e4ll fr\u00e5n VA-Varuste.\",\"breadcrumb\":{\"@id\":\"https:\/\/va-varuste.fi\/tuote\/kaidesovike-2kpl-pss\/#breadcrumb\"},\"inLanguage\":\"sv-SE\",\"potentialAction\":[{\"@type\":\"ReadAction\",\"target\":[\"https:\/\/va-varuste.fi\/tuote\/kaidesovike-2kpl-pss\/\"]}]},{\"@type\":\"ImageObject\",\"inLanguage\":\"sv-SE\",\"@id\":\"https:\/\/va-varuste.fi\/tuote\/kaidesovike-2kpl-pss\/#primaryimage\",\"url\":\"https:\/\/va-varuste.fi\/wp-content\/uploads\/2023\/10\/kaidesovike.jpg\",\"contentUrl\":\"https:\/\/va-varuste.fi\/wp-content\/uploads\/2023\/10\/kaidesovike.jpg\",\"width\":1908,\"height\":1908},{\"@type\":\"BreadcrumbList\",\"@id\":\"https:\/\/va-varuste.fi\/tuote\/kaidesovike-2kpl-pss\/#breadcrumb\",\"itemListElement\":[{\"@type\":\"ListItem\",\"position\":1,\"name\":\"Etusivu\",\"item\":\"https:\/\/va-varuste.fi\/sv\/\"},{\"@type\":\"ListItem\",\"position\":2,\"name\":\"Webbutik\",\"item\":\"https:\/\/va-varuste.fi\/sv\/webbutik\/\"},{\"@type\":\"ListItem\",\"position\":3,\"name\":\"Passtycke till reling, 2st\/f\u00f6rp\"}]},{\"@type\":\"WebSite\",\"@id\":\"https:\/\/va-varuste.fi\/#website\",\"url\":\"https:\/\/va-varuste.fi\/\",\"name\":\"VA-Varuste\",\"description\":\"\",\"publisher\":{\"@id\":\"https:\/\/va-varuste.fi\/#organization\"},\"potentialAction\":[{\"@type\":\"SearchAction\",\"target\":{\"@type\":\"EntryPoint\",\"urlTemplate\":\"https:\/\/va-varuste.fi\/?s={search_term_string}\"},\"query-input\":{\"@type\":\"PropertyValueSpecification\",\"valueRequired\":true,\"valueName\":\"search_term_string\"}}],\"inLanguage\":\"sv-SE\"},{\"@type\":\"Organization\",\"@id\":\"https:\/\/va-varuste.fi\/#organization\",\"name\":\"VA-Varuste\",\"url\":\"https:\/\/va-varuste.fi\/\",\"logo\":{\"@type\":\"ImageObject\",\"inLanguage\":\"sv-SE\",\"@id\":\"https:\/\/va-varuste.fi\/#\/schema\/logo\/image\/\",\"url\":\"https:\/\/va-varuste.fi\/wp-content\/uploads\/2023\/09\/va-logo.svg\",\"contentUrl\":\"https:\/\/va-varuste.fi\/wp-content\/uploads\/2023\/09\/va-logo.svg\",\"caption\":\"VA-Varuste\"},\"image\":{\"@id\":\"https:\/\/va-varuste.fi\/#\/schema\/logo\/image\/\"},\"sameAs\":[\"https:\/\/www.facebook.com\/vavarustefi\/\",\"https:\/\/www.instagram.com\/vavaruste\/\"]}]}<\/script>\n<!-- \/ Yoast SEO plugin. -->","yoast_head_json":{"title":"Passtycke till reling 25mm | VA-Varuste","description":"Passtycke av plast till 25 mm relingsr\u00f6r. M\u00f6jligg\u00f6r montering av d\u00e4ckbeslag, sidof\u00e4ste eller glidskena. Best\u00e4ll fr\u00e5n VA-Varuste.","robots":{"index":"index","follow":"follow","max-snippet":"max-snippet:-1","max-image-preview":"max-image-preview:large","max-video-preview":"max-video-preview:-1"},"canonical":"https:\/\/va-varuste.fi\/tuote\/kaidesovike-2kpl-pss\/","og_locale":"sv_SE","og_type":"article","og_title":"Passtycke till reling 25mm | VA-Varuste","og_description":"Passtycke av plast till 25 mm relingsr\u00f6r. M\u00f6jligg\u00f6r montering av d\u00e4ckbeslag, sidof\u00e4ste eller glidskena. Best\u00e4ll fr\u00e5n VA-Varuste.","og_url":"https:\/\/va-varuste.fi\/tuote\/kaidesovike-2kpl-pss\/","og_site_name":"VA-Varuste","article_publisher":"https:\/\/www.facebook.com\/vavarustefi\/","article_modified_time":"2026-03-25T09:24:23+00:00","og_image":[{"width":1908,"height":1908,"url":"https:\/\/va-varuste.fi\/wp-content\/uploads\/2023\/10\/kaidesovike.jpg","type":"image\/jpeg"}],"twitter_card":"summary_large_image","schema":{"@context":"https:\/\/schema.org","@graph":[{"@type":"WebPage","@id":"https:\/\/va-varuste.fi\/tuote\/kaidesovike-2kpl-pss\/","url":"https:\/\/va-varuste.fi\/tuote\/kaidesovike-2kpl-pss\/","name":"Passtycke till reling 25mm | VA-Varuste","isPartOf":{"@id":"https:\/\/va-varuste.fi\/#website"},"primaryImageOfPage":{"@id":"https:\/\/va-varuste.fi\/tuote\/kaidesovike-2kpl-pss\/#primaryimage"},"image":{"@id":"https:\/\/va-varuste.fi\/tuote\/kaidesovike-2kpl-pss\/#primaryimage"},"thumbnailUrl":"https:\/\/va-varuste.fi\/wp-content\/uploads\/2023\/10\/kaidesovike.jpg","datePublished":"2025-09-29T06:29:49+00:00","dateModified":"2026-03-25T09:24:23+00:00","description":"Passtycke av plast till 25 mm relingsr\u00f6r. M\u00f6jligg\u00f6r montering av d\u00e4ckbeslag, sidof\u00e4ste eller glidskena. Best\u00e4ll fr\u00e5n VA-Varuste.","breadcrumb":{"@id":"https:\/\/va-varuste.fi\/tuote\/kaidesovike-2kpl-pss\/#breadcrumb"},"inLanguage":"sv-SE","potentialAction":[{"@type":"ReadAction","target":["https:\/\/va-varuste.fi\/tuote\/kaidesovike-2kpl-pss\/"]}]},{"@type":"ImageObject","inLanguage":"sv-SE","@id":"https:\/\/va-varuste.fi\/tuote\/kaidesovike-2kpl-pss\/#primaryimage","url":"https:\/\/va-varuste.fi\/wp-content\/uploads\/2023\/10\/kaidesovike.jpg","contentUrl":"https:\/\/va-varuste.fi\/wp-content\/uploads\/2023\/10\/kaidesovike.jpg","width":1908,"height":1908},{"@type":"BreadcrumbList","@id":"https:\/\/va-varuste.fi\/tuote\/kaidesovike-2kpl-pss\/#breadcrumb","itemListElement":[{"@type":"ListItem","position":1,"name":"Etusivu","item":"https:\/\/va-varuste.fi\/sv\/"},{"@type":"ListItem","position":2,"name":"Webbutik","item":"https:\/\/va-varuste.fi\/sv\/webbutik\/"},{"@type":"ListItem","position":3,"name":"Passtycke till reling, 2st\/f\u00f6rp"}]},{"@type":"WebSite","@id":"https:\/\/va-varuste.fi\/#website","url":"https:\/\/va-varuste.fi\/","name":"VA-Varuste","description":"","publisher":{"@id":"https:\/\/va-varuste.fi\/#organization"},"potentialAction":[{"@type":"SearchAction","target":{"@type":"EntryPoint","urlTemplate":"https:\/\/va-varuste.fi\/?s={search_term_string}"},"query-input":{"@type":"PropertyValueSpecification","valueRequired":true,"valueName":"search_term_string"}}],"inLanguage":"sv-SE"},{"@type":"Organization","@id":"https:\/\/va-varuste.fi\/#organization","name":"VA-Varuste","url":"https:\/\/va-varuste.fi\/","logo":{"@type":"ImageObject","inLanguage":"sv-SE","@id":"https:\/\/va-varuste.fi\/#\/schema\/logo\/image\/","url":"https:\/\/va-varuste.fi\/wp-content\/uploads\/2023\/09\/va-logo.svg","contentUrl":"https:\/\/va-varuste.fi\/wp-content\/uploads\/2023\/09\/va-logo.svg","caption":"VA-Varuste"},"image":{"@id":"https:\/\/va-varuste.fi\/#\/schema\/logo\/image\/"},"sameAs":["https:\/\/www.facebook.com\/vavarustefi\/","https:\/\/www.instagram.com\/vavaruste\/"]}]}},"_links":{"self":[{"href":"https:\/\/va-varuste.fi\/sv\/wp-json\/wp\/v2\/product\/233698","targetHints":{"allow":["GET"]}}],"collection":[{"href":"https:\/\/va-varuste.fi\/sv\/wp-json\/wp\/v2\/product"}],"about":[{"href":"https:\/\/va-varuste.fi\/sv\/wp-json\/wp\/v2\/types\/product"}],"wp:featuredmedia":[{"embeddable":true,"href":"https:\/\/va-varuste.fi\/sv\/wp-json\/wp\/v2\/media\/216238"}],"wp:attachment":[{"href":"https:\/\/va-varuste.fi\/sv\/wp-json\/wp\/v2\/media?parent=233698"}],"wp:term":[{"taxonomy":"product_brand","embeddable":true,"href":"https:\/\/va-varuste.fi\/sv\/wp-json\/wp\/v2\/product_brand?post=233698"},{"taxonomy":"product_cat","embeddable":true,"href":"https:\/\/va-varuste.fi\/sv\/wp-json\/wp\/v2\/product_cat?post=233698"},{"taxonomy":"product_tag","embeddable":true,"href":"https:\/\/va-varuste.fi\/sv\/wp-json\/wp\/v2\/product_tag?post=233698"}],"curies":[{"name":"wp","href":"https:\/\/api.w.org\/{rel}","templated":true}]}}