{"id":233734,"date":"2025-09-29T09:29:27","date_gmt":"2025-09-29T06:29:27","guid":{"rendered":"https:\/\/va-varuste.fi\/tuote\/autopeittokoukku-5kpl-pss\/"},"modified":"2026-03-25T12:22:25","modified_gmt":"2026-03-25T10:22:25","slug":"autopeittokoukku-5kpl-pss","status":"publish","type":"product","link":"https:\/\/va-varuste.fi\/sv\/produkt\/autopeittokoukku-5kpl-pss\/","title":{"rendered":"Plastkrok, 5 st\/f\u00f6rp"},"content":{"rendered":"<p>Svart plastkrok, passar 19 mm fix-band. 5 st\/f\u00f6rp.<\/p>\n<p>En enkel och h\u00e5llbar f\u00e4stl\u00f6sning f\u00f6r \u00e4nden av ett \u00f6verdrag eller kapells fix-band. Kroken f\u00e4sts i bandets \u00e4nde och l\u00e5ses vid f\u00e4stpunkten.<\/p>\n","protected":false},"excerpt":{"rendered":"<p>Svart plastkrok f\u00f6r 19 mm fix-band. 5 st\/f\u00f6rp.<\/p>\n","protected":false},"featured_media":247595,"template":"","meta":[],"product_brand":[],"product_cat":[624,630],"product_tag":[],"class_list":{"0":"post-233734","1":"product","2":"type-product","3":"status-publish","4":"has-post-thumbnail","6":"product_cat-alla-produkter","7":"product_cat-kapellfasten","9":"first","10":"instock","11":"taxable","12":"shipping-taxable","13":"purchasable","14":"product-type-simple"},"yoast_head":"<!-- This site is optimized with the Yoast SEO plugin v27.4 - https:\/\/yoast.com\/product\/yoast-seo-wordpress\/ -->\n<title>Plastkrok f\u00f6r fix-band | VA-Varuste<\/title>\n<meta name=\"description\" content=\"Svart plastkrok f\u00f6r 19 mm fix-band. H\u00e5llbar f\u00e4stl\u00f6sning f\u00f6r \u00f6verdrag och kapell. 5 st\/f\u00f6rp. Best\u00e4ll fr\u00e5n VA-Varuste.\" \/>\n<meta name=\"robots\" content=\"index, follow, max-snippet:-1, max-image-preview:large, max-video-preview:-1\" \/>\n<link rel=\"canonical\" href=\"https:\/\/va-varuste.fi\/tuote\/autopeittokoukku-5kpl-pss\/\" \/>\n<meta property=\"og:locale\" content=\"sv_SE\" \/>\n<meta property=\"og:type\" content=\"article\" \/>\n<meta property=\"og:title\" content=\"Plastkrok f\u00f6r fix-band | VA-Varuste\" \/>\n<meta property=\"og:description\" content=\"Svart plastkrok f\u00f6r 19 mm fix-band. H\u00e5llbar f\u00e4stl\u00f6sning f\u00f6r \u00f6verdrag och kapell. 5 st\/f\u00f6rp. Best\u00e4ll fr\u00e5n VA-Varuste.\" \/>\n<meta property=\"og:url\" content=\"https:\/\/va-varuste.fi\/tuote\/autopeittokoukku-5kpl-pss\/\" \/>\n<meta property=\"og:site_name\" content=\"VA-Varuste\" \/>\n<meta property=\"article:publisher\" content=\"https:\/\/www.facebook.com\/vavarustefi\/\" \/>\n<meta property=\"article:modified_time\" content=\"2026-03-25T10:22:25+00:00\" \/>\n<meta property=\"og:image\" content=\"https:\/\/va-varuste.fi\/wp-content\/uploads\/2023\/10\/autopeittokoukku.jpg\" \/>\n\t<meta property=\"og:image:width\" content=\"1024\" \/>\n\t<meta property=\"og:image:height\" content=\"1024\" \/>\n\t<meta property=\"og:image:type\" content=\"image\/jpeg\" \/>\n<meta name=\"twitter:card\" content=\"summary_large_image\" \/>\n<script type=\"application\/ld+json\" class=\"yoast-schema-graph\">{\"@context\":\"https:\\\/\\\/schema.org\",\"@graph\":[{\"@type\":\"WebPage\",\"@id\":\"https:\\\/\\\/va-varuste.fi\\\/tuote\\\/autopeittokoukku-5kpl-pss\\\/\",\"url\":\"https:\\\/\\\/va-varuste.fi\\\/tuote\\\/autopeittokoukku-5kpl-pss\\\/\",\"name\":\"Plastkrok f\u00f6r fix-band | VA-Varuste\",\"isPartOf\":{\"@id\":\"https:\\\/\\\/va-varuste.fi\\\/#website\"},\"primaryImageOfPage\":{\"@id\":\"https:\\\/\\\/va-varuste.fi\\\/tuote\\\/autopeittokoukku-5kpl-pss\\\/#primaryimage\"},\"image\":{\"@id\":\"https:\\\/\\\/va-varuste.fi\\\/tuote\\\/autopeittokoukku-5kpl-pss\\\/#primaryimage\"},\"thumbnailUrl\":\"https:\\\/\\\/va-varuste.fi\\\/wp-content\\\/uploads\\\/2023\\\/10\\\/autopeittokoukku.jpg\",\"datePublished\":\"2025-09-29T06:29:27+00:00\",\"dateModified\":\"2026-03-25T10:22:25+00:00\",\"description\":\"Svart plastkrok f\u00f6r 19 mm fix-band. H\u00e5llbar f\u00e4stl\u00f6sning f\u00f6r \u00f6verdrag och kapell. 5 st\\\/f\u00f6rp. Best\u00e4ll fr\u00e5n VA-Varuste.\",\"breadcrumb\":{\"@id\":\"https:\\\/\\\/va-varuste.fi\\\/tuote\\\/autopeittokoukku-5kpl-pss\\\/#breadcrumb\"},\"inLanguage\":\"sv-SE\",\"potentialAction\":[{\"@type\":\"ReadAction\",\"target\":[\"https:\\\/\\\/va-varuste.fi\\\/tuote\\\/autopeittokoukku-5kpl-pss\\\/\"]}]},{\"@type\":\"ImageObject\",\"inLanguage\":\"sv-SE\",\"@id\":\"https:\\\/\\\/va-varuste.fi\\\/tuote\\\/autopeittokoukku-5kpl-pss\\\/#primaryimage\",\"url\":\"https:\\\/\\\/va-varuste.fi\\\/wp-content\\\/uploads\\\/2023\\\/10\\\/autopeittokoukku.jpg\",\"contentUrl\":\"https:\\\/\\\/va-varuste.fi\\\/wp-content\\\/uploads\\\/2023\\\/10\\\/autopeittokoukku.jpg\",\"width\":1024,\"height\":1024},{\"@type\":\"BreadcrumbList\",\"@id\":\"https:\\\/\\\/va-varuste.fi\\\/tuote\\\/autopeittokoukku-5kpl-pss\\\/#breadcrumb\",\"itemListElement\":[{\"@type\":\"ListItem\",\"position\":1,\"name\":\"Etusivu\",\"item\":\"https:\\\/\\\/va-varuste.fi\\\/sv\\\/\"},{\"@type\":\"ListItem\",\"position\":2,\"name\":\"Webbutik\",\"item\":\"https:\\\/\\\/va-varuste.fi\\\/sv\\\/webbutik\\\/\"},{\"@type\":\"ListItem\",\"position\":3,\"name\":\"Plastkrok, 5 st\\\/f\u00f6rp\"}]},{\"@type\":\"WebSite\",\"@id\":\"https:\\\/\\\/va-varuste.fi\\\/#website\",\"url\":\"https:\\\/\\\/va-varuste.fi\\\/\",\"name\":\"VA-Varuste\",\"description\":\"\",\"publisher\":{\"@id\":\"https:\\\/\\\/va-varuste.fi\\\/#organization\"},\"potentialAction\":[{\"@type\":\"SearchAction\",\"target\":{\"@type\":\"EntryPoint\",\"urlTemplate\":\"https:\\\/\\\/va-varuste.fi\\\/?s={search_term_string}\"},\"query-input\":{\"@type\":\"PropertyValueSpecification\",\"valueRequired\":true,\"valueName\":\"search_term_string\"}}],\"inLanguage\":\"sv-SE\"},{\"@type\":\"Organization\",\"@id\":\"https:\\\/\\\/va-varuste.fi\\\/#organization\",\"name\":\"VA-Varuste\",\"url\":\"https:\\\/\\\/va-varuste.fi\\\/\",\"logo\":{\"@type\":\"ImageObject\",\"inLanguage\":\"sv-SE\",\"@id\":\"https:\\\/\\\/va-varuste.fi\\\/#\\\/schema\\\/logo\\\/image\\\/\",\"url\":\"https:\\\/\\\/va-varuste.fi\\\/wp-content\\\/uploads\\\/2023\\\/09\\\/va-logo.svg\",\"contentUrl\":\"https:\\\/\\\/va-varuste.fi\\\/wp-content\\\/uploads\\\/2023\\\/09\\\/va-logo.svg\",\"caption\":\"VA-Varuste\"},\"image\":{\"@id\":\"https:\\\/\\\/va-varuste.fi\\\/#\\\/schema\\\/logo\\\/image\\\/\"},\"sameAs\":[\"https:\\\/\\\/www.facebook.com\\\/vavarustefi\\\/\",\"https:\\\/\\\/www.instagram.com\\\/vavaruste\\\/\"]}]}<\/script>\n<!-- \/ Yoast SEO plugin. -->","yoast_head_json":{"title":"Plastkrok f\u00f6r fix-band | VA-Varuste","description":"Svart plastkrok f\u00f6r 19 mm fix-band. H\u00e5llbar f\u00e4stl\u00f6sning f\u00f6r \u00f6verdrag och kapell. 5 st\/f\u00f6rp. Best\u00e4ll fr\u00e5n VA-Varuste.","robots":{"index":"index","follow":"follow","max-snippet":"max-snippet:-1","max-image-preview":"max-image-preview:large","max-video-preview":"max-video-preview:-1"},"canonical":"https:\/\/va-varuste.fi\/tuote\/autopeittokoukku-5kpl-pss\/","og_locale":"sv_SE","og_type":"article","og_title":"Plastkrok f\u00f6r fix-band | VA-Varuste","og_description":"Svart plastkrok f\u00f6r 19 mm fix-band. H\u00e5llbar f\u00e4stl\u00f6sning f\u00f6r \u00f6verdrag och kapell. 5 st\/f\u00f6rp. Best\u00e4ll fr\u00e5n VA-Varuste.","og_url":"https:\/\/va-varuste.fi\/tuote\/autopeittokoukku-5kpl-pss\/","og_site_name":"VA-Varuste","article_publisher":"https:\/\/www.facebook.com\/vavarustefi\/","article_modified_time":"2026-03-25T10:22:25+00:00","og_image":[{"width":1024,"height":1024,"url":"https:\/\/va-varuste.fi\/wp-content\/uploads\/2023\/10\/autopeittokoukku.jpg","type":"image\/jpeg"}],"twitter_card":"summary_large_image","schema":{"@context":"https:\/\/schema.org","@graph":[{"@type":"WebPage","@id":"https:\/\/va-varuste.fi\/tuote\/autopeittokoukku-5kpl-pss\/","url":"https:\/\/va-varuste.fi\/tuote\/autopeittokoukku-5kpl-pss\/","name":"Plastkrok f\u00f6r fix-band | VA-Varuste","isPartOf":{"@id":"https:\/\/va-varuste.fi\/#website"},"primaryImageOfPage":{"@id":"https:\/\/va-varuste.fi\/tuote\/autopeittokoukku-5kpl-pss\/#primaryimage"},"image":{"@id":"https:\/\/va-varuste.fi\/tuote\/autopeittokoukku-5kpl-pss\/#primaryimage"},"thumbnailUrl":"https:\/\/va-varuste.fi\/wp-content\/uploads\/2023\/10\/autopeittokoukku.jpg","datePublished":"2025-09-29T06:29:27+00:00","dateModified":"2026-03-25T10:22:25+00:00","description":"Svart plastkrok f\u00f6r 19 mm fix-band. H\u00e5llbar f\u00e4stl\u00f6sning f\u00f6r \u00f6verdrag och kapell. 5 st\/f\u00f6rp. Best\u00e4ll fr\u00e5n VA-Varuste.","breadcrumb":{"@id":"https:\/\/va-varuste.fi\/tuote\/autopeittokoukku-5kpl-pss\/#breadcrumb"},"inLanguage":"sv-SE","potentialAction":[{"@type":"ReadAction","target":["https:\/\/va-varuste.fi\/tuote\/autopeittokoukku-5kpl-pss\/"]}]},{"@type":"ImageObject","inLanguage":"sv-SE","@id":"https:\/\/va-varuste.fi\/tuote\/autopeittokoukku-5kpl-pss\/#primaryimage","url":"https:\/\/va-varuste.fi\/wp-content\/uploads\/2023\/10\/autopeittokoukku.jpg","contentUrl":"https:\/\/va-varuste.fi\/wp-content\/uploads\/2023\/10\/autopeittokoukku.jpg","width":1024,"height":1024},{"@type":"BreadcrumbList","@id":"https:\/\/va-varuste.fi\/tuote\/autopeittokoukku-5kpl-pss\/#breadcrumb","itemListElement":[{"@type":"ListItem","position":1,"name":"Etusivu","item":"https:\/\/va-varuste.fi\/sv\/"},{"@type":"ListItem","position":2,"name":"Webbutik","item":"https:\/\/va-varuste.fi\/sv\/webbutik\/"},{"@type":"ListItem","position":3,"name":"Plastkrok, 5 st\/f\u00f6rp"}]},{"@type":"WebSite","@id":"https:\/\/va-varuste.fi\/#website","url":"https:\/\/va-varuste.fi\/","name":"VA-Varuste","description":"","publisher":{"@id":"https:\/\/va-varuste.fi\/#organization"},"potentialAction":[{"@type":"SearchAction","target":{"@type":"EntryPoint","urlTemplate":"https:\/\/va-varuste.fi\/?s={search_term_string}"},"query-input":{"@type":"PropertyValueSpecification","valueRequired":true,"valueName":"search_term_string"}}],"inLanguage":"sv-SE"},{"@type":"Organization","@id":"https:\/\/va-varuste.fi\/#organization","name":"VA-Varuste","url":"https:\/\/va-varuste.fi\/","logo":{"@type":"ImageObject","inLanguage":"sv-SE","@id":"https:\/\/va-varuste.fi\/#\/schema\/logo\/image\/","url":"https:\/\/va-varuste.fi\/wp-content\/uploads\/2023\/09\/va-logo.svg","contentUrl":"https:\/\/va-varuste.fi\/wp-content\/uploads\/2023\/09\/va-logo.svg","caption":"VA-Varuste"},"image":{"@id":"https:\/\/va-varuste.fi\/#\/schema\/logo\/image\/"},"sameAs":["https:\/\/www.facebook.com\/vavarustefi\/","https:\/\/www.instagram.com\/vavaruste\/"]}]}},"_links":{"self":[{"href":"https:\/\/va-varuste.fi\/sv\/wp-json\/wp\/v2\/product\/233734","targetHints":{"allow":["GET"]}}],"collection":[{"href":"https:\/\/va-varuste.fi\/sv\/wp-json\/wp\/v2\/product"}],"about":[{"href":"https:\/\/va-varuste.fi\/sv\/wp-json\/wp\/v2\/types\/product"}],"wp:featuredmedia":[{"embeddable":true,"href":"https:\/\/va-varuste.fi\/sv\/wp-json\/wp\/v2\/media\/247595"}],"wp:attachment":[{"href":"https:\/\/va-varuste.fi\/sv\/wp-json\/wp\/v2\/media?parent=233734"}],"wp:term":[{"taxonomy":"product_brand","embeddable":true,"href":"https:\/\/va-varuste.fi\/sv\/wp-json\/wp\/v2\/product_brand?post=233734"},{"taxonomy":"product_cat","embeddable":true,"href":"https:\/\/va-varuste.fi\/sv\/wp-json\/wp\/v2\/product_cat?post=233734"},{"taxonomy":"product_tag","embeddable":true,"href":"https:\/\/va-varuste.fi\/sv\/wp-json\/wp\/v2\/product_tag?post=233734"}],"curies":[{"name":"wp","href":"https:\/\/api.w.org\/{rel}","templated":true}]}}