{"id":233776,"date":"2025-07-02T11:17:25","date_gmt":"2025-07-02T08:17:25","guid":{"rendered":"https:\/\/va-varuste.fi\/tuote\/amt-200-br-dc-11-17-venekuomu-5530-ei-kaaria-keskiharmaa-2\/"},"modified":"2026-03-26T14:25:34","modified_gmt":"2026-03-26T12:25:34","slug":"amt-200-br-dc-11-17-venekuomu-5530-ei-kaaria-keskiharmaa-2","status":"publish","type":"product","link":"https:\/\/va-varuste.fi\/sv\/produkt\/amt-200-br-dc-11-17-venekuomu-5530-ei-kaaria-keskiharmaa-2\/","title":{"rendered":"AMT 200 BR\/DC -11-17 b\u00e5tkapell 5530 \/ utan b\u00e5gar, Cadet Grey"},"content":{"rendered":"<p><strong>Kapellet har sm\u00e5 m\u00e4rken synliga p\u00e5 bilderna n\u00e4ra bakf\u00f6nstret n\u00e4ra nederkanten. M\u00e4rkena p\u00e5verkar inte kapellets anv\u00e4ndbarhet. Dessa st\u00e4llen \u00e4r markerade p\u00e5 bilderna med en gul pil.<\/strong><\/p>\n<p>Standardm\u00f6nstrat kapell. Passar originalets b\u00e5gpipor. Kapellets f\u00e4sten sitter p\u00e5 m\u00f6nsterpositioner. Obs! M\u00f6nsterpositionerna \u00f6verensst\u00e4mmer inte n\u00f6dv\u00e4ndigtvis exakt med f\u00e4stpunkterna p\u00e5 b\u00e5tsidan, varf\u00f6r paketet inneh\u00e5ller n\u00e5gra separata f\u00e4sten om det beh\u00f6vs att flytta f\u00e4sten p\u00e5 b\u00e5tsidan. Om b\u00e5ten har eftermonterad till\u00e4ggsutrustning kan vi inte garantera kapellets passform. Inkluderar inte b\u00e5gpipor, kapellf\u00f6rvaringsp\u00e5se eller monteringstillbeh\u00f6r.<\/p>\n<p>Kapelltyget \u00e4r f\u00f6rbehandlat p\u00e5 textilfabriken.<br \/>\nSvar p\u00e5 vanliga fr\u00e5gor <a href=\"https:\/\/va-varuste.fi\/sv\/kundtjanst\/\"><strong>h\u00e4r<\/strong><\/a>.<\/p>\n<p><strong>Observera att detta kapell har lagrats under l\u00e5ng tid. P\u00e5 grund av l\u00e5ng lagring kan f\u00f6nsterfilmerna ha viksp\u00e5r och kapelltyget kan ha damm.<\/strong><\/p>\n<p><strong>Outlet-kapellens defekter \u00e4r fr\u00e4mst kosmetiska och p\u00e5verkar inte produktens funktion eller anv\u00e4ndning.<\/strong><\/p>\n","protected":false},"excerpt":{"rendered":"<p>Outlet-kapell f\u00f6r AMT 200 BR\/DC, \u00e5rsmodeller 2011\u20132017. Utan b\u00e5gar. Cadet Grey. Sm\u00e5 m\u00e4rken n\u00e4ra bakf\u00f6nster.<\/p>\n","protected":false},"featured_media":228280,"template":"","meta":[],"product_brand":[],"product_cat":[634],"product_tag":[],"class_list":{"0":"post-233776","1":"product","2":"type-product","3":"status-publish","4":"has-post-thumbnail","6":"product_cat-outlet-sv","7":"product_shipping_class-va-venekuomut-uusintakuomut-sv","9":"first","10":"instock","11":"sale","12":"taxable","13":"shipping-taxable","14":"purchasable","15":"product-type-simple"},"yoast_head":"<!-- This site is optimized with the Yoast SEO plugin v27.2 - https:\/\/yoast.com\/product\/yoast-seo-wordpress\/ -->\n<title>AMT 200 BR\/DC -11-17 b\u00e5tkapell 5530 \/ utan b\u00e5gar, Cadet Grey - VA-Varuste<\/title>\n<meta name=\"robots\" content=\"index, follow, max-snippet:-1, max-image-preview:large, max-video-preview:-1\" \/>\n<link rel=\"canonical\" href=\"https:\/\/va-varuste.fi\/tuote\/amt-200-br-dc-11-17-venekuomu-5530-ei-kaaria-keskiharmaa-2\/\" \/>\n<meta property=\"og:locale\" content=\"sv_SE\" \/>\n<meta property=\"og:type\" content=\"article\" \/>\n<meta property=\"og:title\" content=\"AMT 200 BR\/DC -11-17 b\u00e5tkapell 5530 \/ utan b\u00e5gar, Cadet Grey - VA-Varuste\" \/>\n<meta property=\"og:description\" content=\"Outlet-kapell f\u00f6r AMT 200 BR\/DC, \u00e5rsmodeller 2011\u20132017. Utan b\u00e5gar. Cadet Grey. Sm\u00e5 m\u00e4rken n\u00e4ra bakf\u00f6nster.\" \/>\n<meta property=\"og:url\" content=\"https:\/\/va-varuste.fi\/tuote\/amt-200-br-dc-11-17-venekuomu-5530-ei-kaaria-keskiharmaa-2\/\" \/>\n<meta property=\"og:site_name\" content=\"VA-Varuste\" \/>\n<meta property=\"article:publisher\" content=\"https:\/\/www.facebook.com\/vavarustefi\/\" \/>\n<meta property=\"article:modified_time\" content=\"2026-03-26T12:25:34+00:00\" \/>\n<meta property=\"og:image\" content=\"https:\/\/va-varuste.fi\/wp-content\/uploads\/2024\/10\/amt-200-dcbr-11-17.jpeg\" \/>\n\t<meta property=\"og:image:width\" content=\"1280\" \/>\n\t<meta property=\"og:image:height\" content=\"960\" \/>\n\t<meta property=\"og:image:type\" content=\"image\/jpeg\" \/>\n<meta name=\"twitter:card\" content=\"summary_large_image\" \/>\n<meta name=\"twitter:label1\" content=\"Ber\u00e4knad l\u00e4stid\" \/>\n\t<meta name=\"twitter:data1\" content=\"1 minut\" \/>\n<script type=\"application\/ld+json\" class=\"yoast-schema-graph\">{\"@context\":\"https:\/\/schema.org\",\"@graph\":[{\"@type\":\"WebPage\",\"@id\":\"https:\/\/va-varuste.fi\/tuote\/amt-200-br-dc-11-17-venekuomu-5530-ei-kaaria-keskiharmaa-2\/\",\"url\":\"https:\/\/va-varuste.fi\/tuote\/amt-200-br-dc-11-17-venekuomu-5530-ei-kaaria-keskiharmaa-2\/\",\"name\":\"AMT 200 BR\/DC -11-17 b\u00e5tkapell 5530 \/ utan b\u00e5gar, Cadet Grey - VA-Varuste\",\"isPartOf\":{\"@id\":\"https:\/\/va-varuste.fi\/#website\"},\"primaryImageOfPage\":{\"@id\":\"https:\/\/va-varuste.fi\/tuote\/amt-200-br-dc-11-17-venekuomu-5530-ei-kaaria-keskiharmaa-2\/#primaryimage\"},\"image\":{\"@id\":\"https:\/\/va-varuste.fi\/tuote\/amt-200-br-dc-11-17-venekuomu-5530-ei-kaaria-keskiharmaa-2\/#primaryimage\"},\"thumbnailUrl\":\"https:\/\/va-varuste.fi\/wp-content\/uploads\/2024\/10\/amt-200-dcbr-11-17.jpeg\",\"datePublished\":\"2025-07-02T08:17:25+00:00\",\"dateModified\":\"2026-03-26T12:25:34+00:00\",\"breadcrumb\":{\"@id\":\"https:\/\/va-varuste.fi\/tuote\/amt-200-br-dc-11-17-venekuomu-5530-ei-kaaria-keskiharmaa-2\/#breadcrumb\"},\"inLanguage\":\"sv-SE\",\"potentialAction\":[{\"@type\":\"ReadAction\",\"target\":[\"https:\/\/va-varuste.fi\/tuote\/amt-200-br-dc-11-17-venekuomu-5530-ei-kaaria-keskiharmaa-2\/\"]}]},{\"@type\":\"ImageObject\",\"inLanguage\":\"sv-SE\",\"@id\":\"https:\/\/va-varuste.fi\/tuote\/amt-200-br-dc-11-17-venekuomu-5530-ei-kaaria-keskiharmaa-2\/#primaryimage\",\"url\":\"https:\/\/va-varuste.fi\/wp-content\/uploads\/2024\/10\/amt-200-dcbr-11-17.jpeg\",\"contentUrl\":\"https:\/\/va-varuste.fi\/wp-content\/uploads\/2024\/10\/amt-200-dcbr-11-17.jpeg\",\"width\":1280,\"height\":960},{\"@type\":\"BreadcrumbList\",\"@id\":\"https:\/\/va-varuste.fi\/tuote\/amt-200-br-dc-11-17-venekuomu-5530-ei-kaaria-keskiharmaa-2\/#breadcrumb\",\"itemListElement\":[{\"@type\":\"ListItem\",\"position\":1,\"name\":\"Etusivu\",\"item\":\"https:\/\/va-varuste.fi\/sv\/\"},{\"@type\":\"ListItem\",\"position\":2,\"name\":\"Webbutik\",\"item\":\"https:\/\/va-varuste.fi\/sv\/webbutik\/\"},{\"@type\":\"ListItem\",\"position\":3,\"name\":\"AMT 200 BR\/DC -11-17 b\u00e5tkapell 5530 \/ utan b\u00e5gar, Cadet Grey\"}]},{\"@type\":\"WebSite\",\"@id\":\"https:\/\/va-varuste.fi\/#website\",\"url\":\"https:\/\/va-varuste.fi\/\",\"name\":\"VA-Varuste\",\"description\":\"\",\"publisher\":{\"@id\":\"https:\/\/va-varuste.fi\/#organization\"},\"potentialAction\":[{\"@type\":\"SearchAction\",\"target\":{\"@type\":\"EntryPoint\",\"urlTemplate\":\"https:\/\/va-varuste.fi\/?s={search_term_string}\"},\"query-input\":{\"@type\":\"PropertyValueSpecification\",\"valueRequired\":true,\"valueName\":\"search_term_string\"}}],\"inLanguage\":\"sv-SE\"},{\"@type\":\"Organization\",\"@id\":\"https:\/\/va-varuste.fi\/#organization\",\"name\":\"VA-Varuste\",\"url\":\"https:\/\/va-varuste.fi\/\",\"logo\":{\"@type\":\"ImageObject\",\"inLanguage\":\"sv-SE\",\"@id\":\"https:\/\/va-varuste.fi\/#\/schema\/logo\/image\/\",\"url\":\"https:\/\/va-varuste.fi\/wp-content\/uploads\/2023\/09\/va-logo.svg\",\"contentUrl\":\"https:\/\/va-varuste.fi\/wp-content\/uploads\/2023\/09\/va-logo.svg\",\"caption\":\"VA-Varuste\"},\"image\":{\"@id\":\"https:\/\/va-varuste.fi\/#\/schema\/logo\/image\/\"},\"sameAs\":[\"https:\/\/www.facebook.com\/vavarustefi\/\",\"https:\/\/www.instagram.com\/vavaruste\/\"]}]}<\/script>\n<!-- \/ Yoast SEO plugin. -->","yoast_head_json":{"title":"AMT 200 BR\/DC -11-17 b\u00e5tkapell 5530 \/ utan b\u00e5gar, Cadet Grey - VA-Varuste","robots":{"index":"index","follow":"follow","max-snippet":"max-snippet:-1","max-image-preview":"max-image-preview:large","max-video-preview":"max-video-preview:-1"},"canonical":"https:\/\/va-varuste.fi\/tuote\/amt-200-br-dc-11-17-venekuomu-5530-ei-kaaria-keskiharmaa-2\/","og_locale":"sv_SE","og_type":"article","og_title":"AMT 200 BR\/DC -11-17 b\u00e5tkapell 5530 \/ utan b\u00e5gar, Cadet Grey - VA-Varuste","og_description":"Outlet-kapell f\u00f6r AMT 200 BR\/DC, \u00e5rsmodeller 2011\u20132017. Utan b\u00e5gar. Cadet Grey. Sm\u00e5 m\u00e4rken n\u00e4ra bakf\u00f6nster.","og_url":"https:\/\/va-varuste.fi\/tuote\/amt-200-br-dc-11-17-venekuomu-5530-ei-kaaria-keskiharmaa-2\/","og_site_name":"VA-Varuste","article_publisher":"https:\/\/www.facebook.com\/vavarustefi\/","article_modified_time":"2026-03-26T12:25:34+00:00","og_image":[{"width":1280,"height":960,"url":"https:\/\/va-varuste.fi\/wp-content\/uploads\/2024\/10\/amt-200-dcbr-11-17.jpeg","type":"image\/jpeg"}],"twitter_card":"summary_large_image","twitter_misc":{"Ber\u00e4knad l\u00e4stid":"1 minut"},"schema":{"@context":"https:\/\/schema.org","@graph":[{"@type":"WebPage","@id":"https:\/\/va-varuste.fi\/tuote\/amt-200-br-dc-11-17-venekuomu-5530-ei-kaaria-keskiharmaa-2\/","url":"https:\/\/va-varuste.fi\/tuote\/amt-200-br-dc-11-17-venekuomu-5530-ei-kaaria-keskiharmaa-2\/","name":"AMT 200 BR\/DC -11-17 b\u00e5tkapell 5530 \/ utan b\u00e5gar, Cadet Grey - VA-Varuste","isPartOf":{"@id":"https:\/\/va-varuste.fi\/#website"},"primaryImageOfPage":{"@id":"https:\/\/va-varuste.fi\/tuote\/amt-200-br-dc-11-17-venekuomu-5530-ei-kaaria-keskiharmaa-2\/#primaryimage"},"image":{"@id":"https:\/\/va-varuste.fi\/tuote\/amt-200-br-dc-11-17-venekuomu-5530-ei-kaaria-keskiharmaa-2\/#primaryimage"},"thumbnailUrl":"https:\/\/va-varuste.fi\/wp-content\/uploads\/2024\/10\/amt-200-dcbr-11-17.jpeg","datePublished":"2025-07-02T08:17:25+00:00","dateModified":"2026-03-26T12:25:34+00:00","breadcrumb":{"@id":"https:\/\/va-varuste.fi\/tuote\/amt-200-br-dc-11-17-venekuomu-5530-ei-kaaria-keskiharmaa-2\/#breadcrumb"},"inLanguage":"sv-SE","potentialAction":[{"@type":"ReadAction","target":["https:\/\/va-varuste.fi\/tuote\/amt-200-br-dc-11-17-venekuomu-5530-ei-kaaria-keskiharmaa-2\/"]}]},{"@type":"ImageObject","inLanguage":"sv-SE","@id":"https:\/\/va-varuste.fi\/tuote\/amt-200-br-dc-11-17-venekuomu-5530-ei-kaaria-keskiharmaa-2\/#primaryimage","url":"https:\/\/va-varuste.fi\/wp-content\/uploads\/2024\/10\/amt-200-dcbr-11-17.jpeg","contentUrl":"https:\/\/va-varuste.fi\/wp-content\/uploads\/2024\/10\/amt-200-dcbr-11-17.jpeg","width":1280,"height":960},{"@type":"BreadcrumbList","@id":"https:\/\/va-varuste.fi\/tuote\/amt-200-br-dc-11-17-venekuomu-5530-ei-kaaria-keskiharmaa-2\/#breadcrumb","itemListElement":[{"@type":"ListItem","position":1,"name":"Etusivu","item":"https:\/\/va-varuste.fi\/sv\/"},{"@type":"ListItem","position":2,"name":"Webbutik","item":"https:\/\/va-varuste.fi\/sv\/webbutik\/"},{"@type":"ListItem","position":3,"name":"AMT 200 BR\/DC -11-17 b\u00e5tkapell 5530 \/ utan b\u00e5gar, Cadet Grey"}]},{"@type":"WebSite","@id":"https:\/\/va-varuste.fi\/#website","url":"https:\/\/va-varuste.fi\/","name":"VA-Varuste","description":"","publisher":{"@id":"https:\/\/va-varuste.fi\/#organization"},"potentialAction":[{"@type":"SearchAction","target":{"@type":"EntryPoint","urlTemplate":"https:\/\/va-varuste.fi\/?s={search_term_string}"},"query-input":{"@type":"PropertyValueSpecification","valueRequired":true,"valueName":"search_term_string"}}],"inLanguage":"sv-SE"},{"@type":"Organization","@id":"https:\/\/va-varuste.fi\/#organization","name":"VA-Varuste","url":"https:\/\/va-varuste.fi\/","logo":{"@type":"ImageObject","inLanguage":"sv-SE","@id":"https:\/\/va-varuste.fi\/#\/schema\/logo\/image\/","url":"https:\/\/va-varuste.fi\/wp-content\/uploads\/2023\/09\/va-logo.svg","contentUrl":"https:\/\/va-varuste.fi\/wp-content\/uploads\/2023\/09\/va-logo.svg","caption":"VA-Varuste"},"image":{"@id":"https:\/\/va-varuste.fi\/#\/schema\/logo\/image\/"},"sameAs":["https:\/\/www.facebook.com\/vavarustefi\/","https:\/\/www.instagram.com\/vavaruste\/"]}]}},"_links":{"self":[{"href":"https:\/\/va-varuste.fi\/sv\/wp-json\/wp\/v2\/product\/233776","targetHints":{"allow":["GET"]}}],"collection":[{"href":"https:\/\/va-varuste.fi\/sv\/wp-json\/wp\/v2\/product"}],"about":[{"href":"https:\/\/va-varuste.fi\/sv\/wp-json\/wp\/v2\/types\/product"}],"wp:featuredmedia":[{"embeddable":true,"href":"https:\/\/va-varuste.fi\/sv\/wp-json\/wp\/v2\/media\/228280"}],"wp:attachment":[{"href":"https:\/\/va-varuste.fi\/sv\/wp-json\/wp\/v2\/media?parent=233776"}],"wp:term":[{"taxonomy":"product_brand","embeddable":true,"href":"https:\/\/va-varuste.fi\/sv\/wp-json\/wp\/v2\/product_brand?post=233776"},{"taxonomy":"product_cat","embeddable":true,"href":"https:\/\/va-varuste.fi\/sv\/wp-json\/wp\/v2\/product_cat?post=233776"},{"taxonomy":"product_tag","embeddable":true,"href":"https:\/\/va-varuste.fi\/sv\/wp-json\/wp\/v2\/product_tag?post=233776"}],"curies":[{"name":"wp","href":"https:\/\/api.w.org\/{rel}","templated":true}]}}