{"id":233785,"date":"2025-03-27T14:38:52","date_gmt":"2025-03-27T12:38:52","guid":{"rendered":"https:\/\/va-varuste.fi\/tuote\/yamarin-53-br-cross-12-15-venekuomu-ei-kaaria-tummanharmaa\/"},"modified":"2026-03-11T14:05:31","modified_gmt":"2026-03-11T12:05:31","slug":"yamarin-53-br-cross-12-15-venekuomu-ei-kaaria-tummanharmaa","status":"publish","type":"product","link":"https:\/\/va-varuste.fi\/sv\/produkt\/yamarin-53-br-cross-12-15-venekuomu-ei-kaaria-tummanharmaa\/","title":{"rendered":"Yamarin 53 BR Cross -12-15 B\u00e5tkapell \/ Inga b\u00e5gar, M\u00f6rkgr\u00e5"},"content":{"rendered":"<h2>Yamarin 53 BR CROSS B\u00e5tkapell<\/h2>\n<p>Yamarin 53 BR CROSS B\u00e5tkapell \u00e4r ett h\u00f6gkvalitativt lagerkapell, tillverkat med standardm\u00f6nster p\u00e5 VA-Varustes fabrik. F\u00e4rg M\u00f6rkgr\u00e5. Passar \u00e5rsmodeller 2012-2015.<\/p>\n<h3>Kompatibilitet och installation<\/h3>\n<p>Kapellet \u00e4r utformat f\u00f6r att passa b\u00e5ten Yamarin 53 BR CROSS. Det passar de ursprungliga b\u00e5garna och kapellets f\u00e4sten sitter i m\u00f6nsterpositioner. Observera att m\u00f6nsterpositionerna kanske inte exakt matchar f\u00e4stpositionerna p\u00e5 din b\u00e5t, varf\u00f6r ett par l\u00f6sa f\u00e4sten medf\u00f6ljer ifall du beh\u00f6ver flytta ett f\u00e4ste p\u00e5 b\u00e5ten. Om b\u00e5ten har eftermonterad extrautrustning kan vi inte garantera kapellets passform.<\/p>\n<h3>Material och kvalitet<\/h3>\n<p>Kapelltyget \u00e4r f\u00f6rbehandlat p\u00e5 textilfabriken och \u00e4r d\u00e4rf\u00f6r klart att anv\u00e4ndas direkt. Vi anv\u00e4nder h\u00f6gkvalitativa, UV-skyddade kapelltyger som t\u00e5l nordiska v\u00e4derf\u00f6rh\u00e5llanden. Tyget \u00e4r vattent\u00e4tt och andningsbart, vilket f\u00f6rhindrar kondens under kapellet. Alla kapell tillverkas fackmannam\u00e4ssigt i Finland av kvalitetsmaterial.<\/p>\n<h3>F\u00f6rpackningens inneh\u00e5ll<\/h3>\n<p>Lagerkapellet inkluderar inte b\u00e5gr\u00f6r, kapellv\u00e4ska eller monteringstillbeh\u00f6r. B\u00e5gr\u00f6ren och f\u00e4stena som beh\u00f6vs f\u00f6r kapellet hittar du separat i <a href=\"https:\/\/va-varuste.fi\/sv\/produktkategori\/kapelltillbehor\/\" target=\"_blank\">kapelltillbeh\u00f6rssektionen<\/a>.<\/p>\n<h3>Best\u00e4llning och leverans<\/h3>\n<p>Lagerkapell levereras snabbt direkt fr\u00e5n v\u00e5rt lager. Svar p\u00e5 vanliga fr\u00e5gor hittar du p\u00e5 v\u00e5r <a href=\"https:\/\/va-varuste.fi\/sv\/kundtjanst\/\">kundtj\u00e4nstsida<\/a>. Kontakta oss g\u00e4rna om du beh\u00f6ver hj\u00e4lp att v\u00e4lja r\u00e4tt kapell!<\/p>\n","protected":false},"excerpt":{"rendered":"<p>B\u00e5tkapell f\u00f6r b\u00e5t Yamarin 53 BR Cross. Lagerkapell tillverkat med standardm\u00f6nster. Passar \u00e5rsmodeller 2012-2015. F\u00e4rg M\u00f6rkgr\u00e5 (Obs! Bilden visar Ljusgr\u00e5). Ensimm\u00e4iset ko. veneen Kapellt on toimitettu Ljusgr\u00e5na jonka j\u00e4lkeen vakiov\u00e4ri muuttui M\u00f6rkgr\u00e5ksi. Beroende p\u00e5 lagerstatus, omedelbar leverans eller restorder .<\/p>\n<p>T\u00e4lle venemallille on olemassa my\u00f6s katkeava Kapell. T\u00e4m\u00e4 verkkokaupan Kapell ei k\u00e4y katkeavan Kapelln kaarille. Voit tilata katkeavan Kapelln <strong><a href=\"https:\/\/va-varuste.fi\/B\u00e5tkapellt\/#tarjouspyynto\">asiakaspalvelustamme<\/a><\/strong>.<\/p>\n","protected":false},"featured_media":229067,"template":"","meta":[],"product_brand":[],"product_cat":[663],"product_tag":[],"class_list":{"0":"post-233785","1":"product","2":"type-product","3":"status-publish","4":"has-post-thumbnail","6":"product_cat-lagerkapell","7":"product_shipping_class-va-venekuomut-uusintakuomut-sv","9":"first","10":"onbackorder","11":"taxable","12":"shipping-taxable","13":"purchasable","14":"product-type-simple"},"yoast_head":"<!-- This site is optimized with the Yoast SEO plugin v27.4 - https:\/\/yoast.com\/product\/yoast-seo-wordpress\/ -->\n<title>Yamarin 53 BR CROSS b\u00e5tkapell | VA-Varuste.fi<\/title>\n<meta name=\"description\" content=\"B\u00e5tkapell till Yamarin 53 BR Cross. Lagerkapell tillverkat enligt standardm\u00f6nster. Passar \u00e5rsmodellerna 2012-2015. F\u00e4rg m\u00f6rkgr\u00e5 (OBS! P\u00e5 bilden ljusgr\u00e5).\" \/>\n<meta name=\"robots\" content=\"index, follow, max-snippet:-1, max-image-preview:large, max-video-preview:-1\" \/>\n<link rel=\"canonical\" href=\"https:\/\/va-varuste.fi\/sv\/produkt\/yamarin-53-br-cross-12-15-venekuomu-ei-kaaria-tummanharmaa\/\" \/>\n<meta property=\"og:locale\" content=\"sv_SE\" \/>\n<meta property=\"og:type\" content=\"article\" \/>\n<meta property=\"og:title\" content=\"Yamarin 53 BR CROSS b\u00e5tkapell | VA-Varuste.fi\" \/>\n<meta property=\"og:description\" content=\"B\u00e5tkapell till Yamarin 53 BR Cross. Lagerkapell tillverkat enligt standardm\u00f6nster. Passar \u00e5rsmodellerna 2012-2015. F\u00e4rg m\u00f6rkgr\u00e5 (OBS! P\u00e5 bilden ljusgr\u00e5).\" \/>\n<meta property=\"og:url\" content=\"https:\/\/va-varuste.fi\/sv\/produkt\/yamarin-53-br-cross-12-15-venekuomu-ei-kaaria-tummanharmaa\/\" \/>\n<meta property=\"og:site_name\" content=\"VA-Varuste\" \/>\n<meta property=\"article:publisher\" content=\"https:\/\/www.facebook.com\/vavarustefi\/\" \/>\n<meta property=\"article:modified_time\" content=\"2026-03-11T12:05:31+00:00\" \/>\n<meta property=\"og:image\" content=\"https:\/\/va-varuste.fi\/wp-content\/uploads\/2025\/03\/ya-53br-cross-12-15.jpg\" \/>\n\t<meta property=\"og:image:width\" content=\"800\" \/>\n\t<meta property=\"og:image:height\" content=\"500\" \/>\n\t<meta property=\"og:image:type\" content=\"image\/jpeg\" \/>\n<meta name=\"twitter:card\" content=\"summary_large_image\" \/>\n<meta name=\"twitter:label1\" content=\"Ber\u00e4knad l\u00e4stid\" \/>\n\t<meta name=\"twitter:data1\" content=\"1 minut\" \/>\n<script type=\"application\/ld+json\" class=\"yoast-schema-graph\">{\"@context\":\"https:\\\/\\\/schema.org\",\"@graph\":[{\"@type\":\"WebPage\",\"@id\":\"https:\\\/\\\/va-varuste.fi\\\/sv\\\/produkt\\\/yamarin-53-br-cross-12-15-venekuomu-ei-kaaria-tummanharmaa\\\/\",\"url\":\"https:\\\/\\\/va-varuste.fi\\\/sv\\\/produkt\\\/yamarin-53-br-cross-12-15-venekuomu-ei-kaaria-tummanharmaa\\\/\",\"name\":\"Yamarin 53 BR CROSS b\u00e5tkapell | VA-Varuste.fi\",\"isPartOf\":{\"@id\":\"https:\\\/\\\/va-varuste.fi\\\/#website\"},\"primaryImageOfPage\":{\"@id\":\"https:\\\/\\\/va-varuste.fi\\\/sv\\\/produkt\\\/yamarin-53-br-cross-12-15-venekuomu-ei-kaaria-tummanharmaa\\\/#primaryimage\"},\"image\":{\"@id\":\"https:\\\/\\\/va-varuste.fi\\\/sv\\\/produkt\\\/yamarin-53-br-cross-12-15-venekuomu-ei-kaaria-tummanharmaa\\\/#primaryimage\"},\"thumbnailUrl\":\"https:\\\/\\\/va-varuste.fi\\\/wp-content\\\/uploads\\\/2025\\\/03\\\/ya-53br-cross-12-15.jpg\",\"datePublished\":\"2025-03-27T12:38:52+00:00\",\"dateModified\":\"2026-03-11T12:05:31+00:00\",\"description\":\"B\u00e5tkapell till Yamarin 53 BR Cross. Lagerkapell tillverkat enligt standardm\u00f6nster. Passar \u00e5rsmodellerna 2012-2015. F\u00e4rg m\u00f6rkgr\u00e5 (OBS! P\u00e5 bilden ljusgr\u00e5).\",\"breadcrumb\":{\"@id\":\"https:\\\/\\\/va-varuste.fi\\\/sv\\\/produkt\\\/yamarin-53-br-cross-12-15-venekuomu-ei-kaaria-tummanharmaa\\\/#breadcrumb\"},\"inLanguage\":\"sv-SE\",\"potentialAction\":[{\"@type\":\"ReadAction\",\"target\":[\"https:\\\/\\\/va-varuste.fi\\\/sv\\\/produkt\\\/yamarin-53-br-cross-12-15-venekuomu-ei-kaaria-tummanharmaa\\\/\"]}]},{\"@type\":\"ImageObject\",\"inLanguage\":\"sv-SE\",\"@id\":\"https:\\\/\\\/va-varuste.fi\\\/sv\\\/produkt\\\/yamarin-53-br-cross-12-15-venekuomu-ei-kaaria-tummanharmaa\\\/#primaryimage\",\"url\":\"https:\\\/\\\/va-varuste.fi\\\/wp-content\\\/uploads\\\/2025\\\/03\\\/ya-53br-cross-12-15.jpg\",\"contentUrl\":\"https:\\\/\\\/va-varuste.fi\\\/wp-content\\\/uploads\\\/2025\\\/03\\\/ya-53br-cross-12-15.jpg\",\"width\":800,\"height\":500},{\"@type\":\"BreadcrumbList\",\"@id\":\"https:\\\/\\\/va-varuste.fi\\\/sv\\\/produkt\\\/yamarin-53-br-cross-12-15-venekuomu-ei-kaaria-tummanharmaa\\\/#breadcrumb\",\"itemListElement\":[{\"@type\":\"ListItem\",\"position\":1,\"name\":\"Etusivu\",\"item\":\"https:\\\/\\\/va-varuste.fi\\\/sv\\\/\"},{\"@type\":\"ListItem\",\"position\":2,\"name\":\"Webbutik\",\"item\":\"https:\\\/\\\/va-varuste.fi\\\/sv\\\/webbutik\\\/\"},{\"@type\":\"ListItem\",\"position\":3,\"name\":\"Yamarin 53 BR Cross -12-15 b\u00e5tkapell \\\/ inga b\u00e5gar, m\u00f6rkgr\u00e5\"}]},{\"@type\":\"WebSite\",\"@id\":\"https:\\\/\\\/va-varuste.fi\\\/#website\",\"url\":\"https:\\\/\\\/va-varuste.fi\\\/\",\"name\":\"VA-Varuste\",\"description\":\"\",\"publisher\":{\"@id\":\"https:\\\/\\\/va-varuste.fi\\\/#organization\"},\"potentialAction\":[{\"@type\":\"SearchAction\",\"target\":{\"@type\":\"EntryPoint\",\"urlTemplate\":\"https:\\\/\\\/va-varuste.fi\\\/?s={search_term_string}\"},\"query-input\":{\"@type\":\"PropertyValueSpecification\",\"valueRequired\":true,\"valueName\":\"search_term_string\"}}],\"inLanguage\":\"sv-SE\"},{\"@type\":\"Organization\",\"@id\":\"https:\\\/\\\/va-varuste.fi\\\/#organization\",\"name\":\"VA-Varuste\",\"url\":\"https:\\\/\\\/va-varuste.fi\\\/\",\"logo\":{\"@type\":\"ImageObject\",\"inLanguage\":\"sv-SE\",\"@id\":\"https:\\\/\\\/va-varuste.fi\\\/#\\\/schema\\\/logo\\\/image\\\/\",\"url\":\"https:\\\/\\\/va-varuste.fi\\\/wp-content\\\/uploads\\\/2023\\\/09\\\/va-logo.svg\",\"contentUrl\":\"https:\\\/\\\/va-varuste.fi\\\/wp-content\\\/uploads\\\/2023\\\/09\\\/va-logo.svg\",\"caption\":\"VA-Varuste\"},\"image\":{\"@id\":\"https:\\\/\\\/va-varuste.fi\\\/#\\\/schema\\\/logo\\\/image\\\/\"},\"sameAs\":[\"https:\\\/\\\/www.facebook.com\\\/vavarustefi\\\/\",\"https:\\\/\\\/www.instagram.com\\\/vavaruste\\\/\"]}]}<\/script>\n<!-- \/ Yoast SEO plugin. -->","yoast_head_json":{"title":"Yamarin 53 BR CROSS b\u00e5tkapell | VA-Varuste.fi","description":"B\u00e5tkapell till Yamarin 53 BR Cross. Lagerkapell tillverkat enligt standardm\u00f6nster. Passar \u00e5rsmodellerna 2012-2015. F\u00e4rg m\u00f6rkgr\u00e5 (OBS! P\u00e5 bilden ljusgr\u00e5).","robots":{"index":"index","follow":"follow","max-snippet":"max-snippet:-1","max-image-preview":"max-image-preview:large","max-video-preview":"max-video-preview:-1"},"canonical":"https:\/\/va-varuste.fi\/sv\/produkt\/yamarin-53-br-cross-12-15-venekuomu-ei-kaaria-tummanharmaa\/","og_locale":"sv_SE","og_type":"article","og_title":"Yamarin 53 BR CROSS b\u00e5tkapell | VA-Varuste.fi","og_description":"B\u00e5tkapell till Yamarin 53 BR Cross. Lagerkapell tillverkat enligt standardm\u00f6nster. Passar \u00e5rsmodellerna 2012-2015. F\u00e4rg m\u00f6rkgr\u00e5 (OBS! P\u00e5 bilden ljusgr\u00e5).","og_url":"https:\/\/va-varuste.fi\/sv\/produkt\/yamarin-53-br-cross-12-15-venekuomu-ei-kaaria-tummanharmaa\/","og_site_name":"VA-Varuste","article_publisher":"https:\/\/www.facebook.com\/vavarustefi\/","article_modified_time":"2026-03-11T12:05:31+00:00","og_image":[{"width":800,"height":500,"url":"https:\/\/va-varuste.fi\/wp-content\/uploads\/2025\/03\/ya-53br-cross-12-15.jpg","type":"image\/jpeg"}],"twitter_card":"summary_large_image","twitter_misc":{"Ber\u00e4knad l\u00e4stid":"1 minut"},"schema":{"@context":"https:\/\/schema.org","@graph":[{"@type":"WebPage","@id":"https:\/\/va-varuste.fi\/sv\/produkt\/yamarin-53-br-cross-12-15-venekuomu-ei-kaaria-tummanharmaa\/","url":"https:\/\/va-varuste.fi\/sv\/produkt\/yamarin-53-br-cross-12-15-venekuomu-ei-kaaria-tummanharmaa\/","name":"Yamarin 53 BR CROSS b\u00e5tkapell | VA-Varuste.fi","isPartOf":{"@id":"https:\/\/va-varuste.fi\/#website"},"primaryImageOfPage":{"@id":"https:\/\/va-varuste.fi\/sv\/produkt\/yamarin-53-br-cross-12-15-venekuomu-ei-kaaria-tummanharmaa\/#primaryimage"},"image":{"@id":"https:\/\/va-varuste.fi\/sv\/produkt\/yamarin-53-br-cross-12-15-venekuomu-ei-kaaria-tummanharmaa\/#primaryimage"},"thumbnailUrl":"https:\/\/va-varuste.fi\/wp-content\/uploads\/2025\/03\/ya-53br-cross-12-15.jpg","datePublished":"2025-03-27T12:38:52+00:00","dateModified":"2026-03-11T12:05:31+00:00","description":"B\u00e5tkapell till Yamarin 53 BR Cross. Lagerkapell tillverkat enligt standardm\u00f6nster. Passar \u00e5rsmodellerna 2012-2015. F\u00e4rg m\u00f6rkgr\u00e5 (OBS! P\u00e5 bilden ljusgr\u00e5).","breadcrumb":{"@id":"https:\/\/va-varuste.fi\/sv\/produkt\/yamarin-53-br-cross-12-15-venekuomu-ei-kaaria-tummanharmaa\/#breadcrumb"},"inLanguage":"sv-SE","potentialAction":[{"@type":"ReadAction","target":["https:\/\/va-varuste.fi\/sv\/produkt\/yamarin-53-br-cross-12-15-venekuomu-ei-kaaria-tummanharmaa\/"]}]},{"@type":"ImageObject","inLanguage":"sv-SE","@id":"https:\/\/va-varuste.fi\/sv\/produkt\/yamarin-53-br-cross-12-15-venekuomu-ei-kaaria-tummanharmaa\/#primaryimage","url":"https:\/\/va-varuste.fi\/wp-content\/uploads\/2025\/03\/ya-53br-cross-12-15.jpg","contentUrl":"https:\/\/va-varuste.fi\/wp-content\/uploads\/2025\/03\/ya-53br-cross-12-15.jpg","width":800,"height":500},{"@type":"BreadcrumbList","@id":"https:\/\/va-varuste.fi\/sv\/produkt\/yamarin-53-br-cross-12-15-venekuomu-ei-kaaria-tummanharmaa\/#breadcrumb","itemListElement":[{"@type":"ListItem","position":1,"name":"Etusivu","item":"https:\/\/va-varuste.fi\/sv\/"},{"@type":"ListItem","position":2,"name":"Webbutik","item":"https:\/\/va-varuste.fi\/sv\/webbutik\/"},{"@type":"ListItem","position":3,"name":"Yamarin 53 BR Cross -12-15 b\u00e5tkapell \/ inga b\u00e5gar, m\u00f6rkgr\u00e5"}]},{"@type":"WebSite","@id":"https:\/\/va-varuste.fi\/#website","url":"https:\/\/va-varuste.fi\/","name":"VA-Varuste","description":"","publisher":{"@id":"https:\/\/va-varuste.fi\/#organization"},"potentialAction":[{"@type":"SearchAction","target":{"@type":"EntryPoint","urlTemplate":"https:\/\/va-varuste.fi\/?s={search_term_string}"},"query-input":{"@type":"PropertyValueSpecification","valueRequired":true,"valueName":"search_term_string"}}],"inLanguage":"sv-SE"},{"@type":"Organization","@id":"https:\/\/va-varuste.fi\/#organization","name":"VA-Varuste","url":"https:\/\/va-varuste.fi\/","logo":{"@type":"ImageObject","inLanguage":"sv-SE","@id":"https:\/\/va-varuste.fi\/#\/schema\/logo\/image\/","url":"https:\/\/va-varuste.fi\/wp-content\/uploads\/2023\/09\/va-logo.svg","contentUrl":"https:\/\/va-varuste.fi\/wp-content\/uploads\/2023\/09\/va-logo.svg","caption":"VA-Varuste"},"image":{"@id":"https:\/\/va-varuste.fi\/#\/schema\/logo\/image\/"},"sameAs":["https:\/\/www.facebook.com\/vavarustefi\/","https:\/\/www.instagram.com\/vavaruste\/"]}]}},"_links":{"self":[{"href":"https:\/\/va-varuste.fi\/sv\/wp-json\/wp\/v2\/product\/233785","targetHints":{"allow":["GET"]}}],"collection":[{"href":"https:\/\/va-varuste.fi\/sv\/wp-json\/wp\/v2\/product"}],"about":[{"href":"https:\/\/va-varuste.fi\/sv\/wp-json\/wp\/v2\/types\/product"}],"wp:featuredmedia":[{"embeddable":true,"href":"https:\/\/va-varuste.fi\/sv\/wp-json\/wp\/v2\/media\/229067"}],"wp:attachment":[{"href":"https:\/\/va-varuste.fi\/sv\/wp-json\/wp\/v2\/media?parent=233785"}],"wp:term":[{"taxonomy":"product_brand","embeddable":true,"href":"https:\/\/va-varuste.fi\/sv\/wp-json\/wp\/v2\/product_brand?post=233785"},{"taxonomy":"product_cat","embeddable":true,"href":"https:\/\/va-varuste.fi\/sv\/wp-json\/wp\/v2\/product_cat?post=233785"},{"taxonomy":"product_tag","embeddable":true,"href":"https:\/\/va-varuste.fi\/sv\/wp-json\/wp\/v2\/product_tag?post=233785"}],"curies":[{"name":"wp","href":"https:\/\/api.w.org\/{rel}","templated":true}]}}