{"id":233793,"date":"2025-01-15T15:31:31","date_gmt":"2025-01-15T13:31:31","guid":{"rendered":"https:\/\/va-varuste.fi\/tuote\/nautilus-marshmallow-nau-8001\/"},"modified":"2026-03-26T13:42:24","modified_gmt":"2026-03-26T11:42:24","slug":"nautilus-marshmallow-nau-8001","status":"publish","type":"product","link":"https:\/\/va-varuste.fi\/sv\/produkt\/nautilus-marshmallow-nau-8001\/","title":{"rendered":"Nautilus Marshmallow NAU-8001"},"content":{"rendered":"<p>Spradling Nautilus Marshmallow NAU-8001 \u00e4r ett vinylkl\u00e4dseltyg fr\u00e5n Spradling f\u00f6r b\u00e5tinredning och stolskl\u00e4dsel. Nautilus-kollektionen har en konstl\u00e4deryta som efterliknar k\u00e4nslan av \u00e4kta l\u00e4der.<\/p>\n<p>Tyget \u00e4r 137 cm brett och v\u00e4ger 640 g\/m\u00b2. Vinyl\u00f6verdrag p\u00e5 standard polyesterbaksida. N\u00f6tningsbest\u00e4ndighet \u00f6verstiger 100 000 Martindale-cykler (EN ISO 12947). K\u00f6ldspricka -23 \u00b0C. UV-best\u00e4ndighet utm\u00e4rkt (ISO 105 B02 \u2265 7\/8).<\/p>\n<p>Tyget har antibakteriell och m\u00f6gelbest\u00e4ndig behandling, antistatisk finish och sulfidflackbest\u00e4ndighet. Reng\u00f6r med mild tv\u00e5l och vatten.<\/p>\n<p>Marshmallow \u00e4r en mjuk vit nyans som skapar en ljus och fr\u00e4sch atmosf\u00e4r i b\u00e5tinredningen.<\/p>\n<p>S\u00e4ljs per meter. M\u00e5ttbest\u00e4llda produkter kan inte returneras eller bytas.<\/p>\n","protected":false},"excerpt":{"rendered":"<p>Spradling Nautilus Marshmallow vinylkl\u00e4dseltyg. 137 cm, 640 g\/m\u00b2, \u00f6ver 100 000 Martindale, UV 7\/8. S\u00e4ljs per meter.<\/p>\n","protected":false},"featured_media":228659,"template":"","meta":[],"product_brand":[],"product_cat":[624,686],"product_tag":[],"class_list":{"0":"post-233793","1":"product","2":"type-product","3":"status-publish","4":"has-post-thumbnail","6":"product_cat-alla-produkter","7":"product_cat-konstlader","9":"first","10":"instock","11":"taxable","12":"shipping-taxable","13":"purchasable","14":"product-type-simple"},"yoast_head":"<!-- This site is optimized with the Yoast SEO plugin v27.4 - https:\/\/yoast.com\/product\/yoast-seo-wordpress\/ -->\n<title>Spradling Nautilus Marshmallow NAU-8001 kl\u00e4dseltyg | VA-Varuste<\/title>\n<meta name=\"description\" content=\"Spradling Nautilus Marshmallow NAU-8001 vinylkl\u00e4dseltyg. 137 cm, 640 g\/m\u00b2, \u00f6ver 100 000 Martindale. F\u00f6r b\u00e5tinredning. Best\u00e4ll fr\u00e5n VA-Varuste.\" \/>\n<meta name=\"robots\" content=\"index, follow, max-snippet:-1, max-image-preview:large, max-video-preview:-1\" \/>\n<link rel=\"canonical\" href=\"https:\/\/va-varuste.fi\/tuote\/nautilus-marshmallow-nau-8001\/\" \/>\n<meta property=\"og:locale\" content=\"sv_SE\" \/>\n<meta property=\"og:type\" content=\"article\" \/>\n<meta property=\"og:title\" content=\"Spradling Nautilus Marshmallow NAU-8001 kl\u00e4dseltyg | VA-Varuste\" \/>\n<meta property=\"og:description\" content=\"Spradling Nautilus Marshmallow NAU-8001 vinylkl\u00e4dseltyg. 137 cm, 640 g\/m\u00b2, \u00f6ver 100 000 Martindale. F\u00f6r b\u00e5tinredning. Best\u00e4ll fr\u00e5n VA-Varuste.\" \/>\n<meta property=\"og:url\" content=\"https:\/\/va-varuste.fi\/tuote\/nautilus-marshmallow-nau-8001\/\" \/>\n<meta property=\"og:site_name\" content=\"VA-Varuste\" \/>\n<meta property=\"article:publisher\" content=\"https:\/\/www.facebook.com\/vavarustefi\/\" \/>\n<meta property=\"article:modified_time\" content=\"2026-03-26T11:42:24+00:00\" \/>\n<meta property=\"og:image\" content=\"https:\/\/va-varuste.fi\/wp-content\/uploads\/2025\/01\/spradling-nautilus-marshmallow-nau-8001.jpg\" \/>\n\t<meta property=\"og:image:width\" content=\"950\" \/>\n\t<meta property=\"og:image:height\" content=\"950\" \/>\n\t<meta property=\"og:image:type\" content=\"image\/jpeg\" \/>\n<meta name=\"twitter:card\" content=\"summary_large_image\" \/>\n<meta name=\"twitter:label1\" content=\"Ber\u00e4knad l\u00e4stid\" \/>\n\t<meta name=\"twitter:data1\" content=\"1 minut\" \/>\n<script type=\"application\/ld+json\" class=\"yoast-schema-graph\">{\"@context\":\"https:\\\/\\\/schema.org\",\"@graph\":[{\"@type\":\"WebPage\",\"@id\":\"https:\\\/\\\/va-varuste.fi\\\/tuote\\\/nautilus-marshmallow-nau-8001\\\/\",\"url\":\"https:\\\/\\\/va-varuste.fi\\\/tuote\\\/nautilus-marshmallow-nau-8001\\\/\",\"name\":\"Spradling Nautilus Marshmallow NAU-8001 kl\u00e4dseltyg | VA-Varuste\",\"isPartOf\":{\"@id\":\"https:\\\/\\\/va-varuste.fi\\\/#website\"},\"primaryImageOfPage\":{\"@id\":\"https:\\\/\\\/va-varuste.fi\\\/tuote\\\/nautilus-marshmallow-nau-8001\\\/#primaryimage\"},\"image\":{\"@id\":\"https:\\\/\\\/va-varuste.fi\\\/tuote\\\/nautilus-marshmallow-nau-8001\\\/#primaryimage\"},\"thumbnailUrl\":\"https:\\\/\\\/va-varuste.fi\\\/wp-content\\\/uploads\\\/2025\\\/01\\\/spradling-nautilus-marshmallow-nau-8001.jpg\",\"datePublished\":\"2025-01-15T13:31:31+00:00\",\"dateModified\":\"2026-03-26T11:42:24+00:00\",\"description\":\"Spradling Nautilus Marshmallow NAU-8001 vinylkl\u00e4dseltyg. 137 cm, 640 g\\\/m\u00b2, \u00f6ver 100 000 Martindale. F\u00f6r b\u00e5tinredning. Best\u00e4ll fr\u00e5n VA-Varuste.\",\"breadcrumb\":{\"@id\":\"https:\\\/\\\/va-varuste.fi\\\/tuote\\\/nautilus-marshmallow-nau-8001\\\/#breadcrumb\"},\"inLanguage\":\"sv-SE\",\"potentialAction\":[{\"@type\":\"ReadAction\",\"target\":[\"https:\\\/\\\/va-varuste.fi\\\/tuote\\\/nautilus-marshmallow-nau-8001\\\/\"]}]},{\"@type\":\"ImageObject\",\"inLanguage\":\"sv-SE\",\"@id\":\"https:\\\/\\\/va-varuste.fi\\\/tuote\\\/nautilus-marshmallow-nau-8001\\\/#primaryimage\",\"url\":\"https:\\\/\\\/va-varuste.fi\\\/wp-content\\\/uploads\\\/2025\\\/01\\\/spradling-nautilus-marshmallow-nau-8001.jpg\",\"contentUrl\":\"https:\\\/\\\/va-varuste.fi\\\/wp-content\\\/uploads\\\/2025\\\/01\\\/spradling-nautilus-marshmallow-nau-8001.jpg\",\"width\":950,\"height\":950},{\"@type\":\"BreadcrumbList\",\"@id\":\"https:\\\/\\\/va-varuste.fi\\\/tuote\\\/nautilus-marshmallow-nau-8001\\\/#breadcrumb\",\"itemListElement\":[{\"@type\":\"ListItem\",\"position\":1,\"name\":\"Etusivu\",\"item\":\"https:\\\/\\\/va-varuste.fi\\\/sv\\\/\"},{\"@type\":\"ListItem\",\"position\":2,\"name\":\"Webbutik\",\"item\":\"https:\\\/\\\/va-varuste.fi\\\/sv\\\/webbutik\\\/\"},{\"@type\":\"ListItem\",\"position\":3,\"name\":\"Nautilus Marshmallow NAU-8001\"}]},{\"@type\":\"WebSite\",\"@id\":\"https:\\\/\\\/va-varuste.fi\\\/#website\",\"url\":\"https:\\\/\\\/va-varuste.fi\\\/\",\"name\":\"VA-Varuste\",\"description\":\"\",\"publisher\":{\"@id\":\"https:\\\/\\\/va-varuste.fi\\\/#organization\"},\"potentialAction\":[{\"@type\":\"SearchAction\",\"target\":{\"@type\":\"EntryPoint\",\"urlTemplate\":\"https:\\\/\\\/va-varuste.fi\\\/?s={search_term_string}\"},\"query-input\":{\"@type\":\"PropertyValueSpecification\",\"valueRequired\":true,\"valueName\":\"search_term_string\"}}],\"inLanguage\":\"sv-SE\"},{\"@type\":\"Organization\",\"@id\":\"https:\\\/\\\/va-varuste.fi\\\/#organization\",\"name\":\"VA-Varuste\",\"url\":\"https:\\\/\\\/va-varuste.fi\\\/\",\"logo\":{\"@type\":\"ImageObject\",\"inLanguage\":\"sv-SE\",\"@id\":\"https:\\\/\\\/va-varuste.fi\\\/#\\\/schema\\\/logo\\\/image\\\/\",\"url\":\"https:\\\/\\\/va-varuste.fi\\\/wp-content\\\/uploads\\\/2023\\\/09\\\/va-logo.svg\",\"contentUrl\":\"https:\\\/\\\/va-varuste.fi\\\/wp-content\\\/uploads\\\/2023\\\/09\\\/va-logo.svg\",\"caption\":\"VA-Varuste\"},\"image\":{\"@id\":\"https:\\\/\\\/va-varuste.fi\\\/#\\\/schema\\\/logo\\\/image\\\/\"},\"sameAs\":[\"https:\\\/\\\/www.facebook.com\\\/vavarustefi\\\/\",\"https:\\\/\\\/www.instagram.com\\\/vavaruste\\\/\"]}]}<\/script>\n<!-- \/ Yoast SEO plugin. -->","yoast_head_json":{"title":"Spradling Nautilus Marshmallow NAU-8001 kl\u00e4dseltyg | VA-Varuste","description":"Spradling Nautilus Marshmallow NAU-8001 vinylkl\u00e4dseltyg. 137 cm, 640 g\/m\u00b2, \u00f6ver 100 000 Martindale. F\u00f6r b\u00e5tinredning. Best\u00e4ll fr\u00e5n VA-Varuste.","robots":{"index":"index","follow":"follow","max-snippet":"max-snippet:-1","max-image-preview":"max-image-preview:large","max-video-preview":"max-video-preview:-1"},"canonical":"https:\/\/va-varuste.fi\/tuote\/nautilus-marshmallow-nau-8001\/","og_locale":"sv_SE","og_type":"article","og_title":"Spradling Nautilus Marshmallow NAU-8001 kl\u00e4dseltyg | VA-Varuste","og_description":"Spradling Nautilus Marshmallow NAU-8001 vinylkl\u00e4dseltyg. 137 cm, 640 g\/m\u00b2, \u00f6ver 100 000 Martindale. F\u00f6r b\u00e5tinredning. Best\u00e4ll fr\u00e5n VA-Varuste.","og_url":"https:\/\/va-varuste.fi\/tuote\/nautilus-marshmallow-nau-8001\/","og_site_name":"VA-Varuste","article_publisher":"https:\/\/www.facebook.com\/vavarustefi\/","article_modified_time":"2026-03-26T11:42:24+00:00","og_image":[{"width":950,"height":950,"url":"https:\/\/va-varuste.fi\/wp-content\/uploads\/2025\/01\/spradling-nautilus-marshmallow-nau-8001.jpg","type":"image\/jpeg"}],"twitter_card":"summary_large_image","twitter_misc":{"Ber\u00e4knad l\u00e4stid":"1 minut"},"schema":{"@context":"https:\/\/schema.org","@graph":[{"@type":"WebPage","@id":"https:\/\/va-varuste.fi\/tuote\/nautilus-marshmallow-nau-8001\/","url":"https:\/\/va-varuste.fi\/tuote\/nautilus-marshmallow-nau-8001\/","name":"Spradling Nautilus Marshmallow NAU-8001 kl\u00e4dseltyg | VA-Varuste","isPartOf":{"@id":"https:\/\/va-varuste.fi\/#website"},"primaryImageOfPage":{"@id":"https:\/\/va-varuste.fi\/tuote\/nautilus-marshmallow-nau-8001\/#primaryimage"},"image":{"@id":"https:\/\/va-varuste.fi\/tuote\/nautilus-marshmallow-nau-8001\/#primaryimage"},"thumbnailUrl":"https:\/\/va-varuste.fi\/wp-content\/uploads\/2025\/01\/spradling-nautilus-marshmallow-nau-8001.jpg","datePublished":"2025-01-15T13:31:31+00:00","dateModified":"2026-03-26T11:42:24+00:00","description":"Spradling Nautilus Marshmallow NAU-8001 vinylkl\u00e4dseltyg. 137 cm, 640 g\/m\u00b2, \u00f6ver 100 000 Martindale. F\u00f6r b\u00e5tinredning. Best\u00e4ll fr\u00e5n VA-Varuste.","breadcrumb":{"@id":"https:\/\/va-varuste.fi\/tuote\/nautilus-marshmallow-nau-8001\/#breadcrumb"},"inLanguage":"sv-SE","potentialAction":[{"@type":"ReadAction","target":["https:\/\/va-varuste.fi\/tuote\/nautilus-marshmallow-nau-8001\/"]}]},{"@type":"ImageObject","inLanguage":"sv-SE","@id":"https:\/\/va-varuste.fi\/tuote\/nautilus-marshmallow-nau-8001\/#primaryimage","url":"https:\/\/va-varuste.fi\/wp-content\/uploads\/2025\/01\/spradling-nautilus-marshmallow-nau-8001.jpg","contentUrl":"https:\/\/va-varuste.fi\/wp-content\/uploads\/2025\/01\/spradling-nautilus-marshmallow-nau-8001.jpg","width":950,"height":950},{"@type":"BreadcrumbList","@id":"https:\/\/va-varuste.fi\/tuote\/nautilus-marshmallow-nau-8001\/#breadcrumb","itemListElement":[{"@type":"ListItem","position":1,"name":"Etusivu","item":"https:\/\/va-varuste.fi\/sv\/"},{"@type":"ListItem","position":2,"name":"Webbutik","item":"https:\/\/va-varuste.fi\/sv\/webbutik\/"},{"@type":"ListItem","position":3,"name":"Nautilus Marshmallow NAU-8001"}]},{"@type":"WebSite","@id":"https:\/\/va-varuste.fi\/#website","url":"https:\/\/va-varuste.fi\/","name":"VA-Varuste","description":"","publisher":{"@id":"https:\/\/va-varuste.fi\/#organization"},"potentialAction":[{"@type":"SearchAction","target":{"@type":"EntryPoint","urlTemplate":"https:\/\/va-varuste.fi\/?s={search_term_string}"},"query-input":{"@type":"PropertyValueSpecification","valueRequired":true,"valueName":"search_term_string"}}],"inLanguage":"sv-SE"},{"@type":"Organization","@id":"https:\/\/va-varuste.fi\/#organization","name":"VA-Varuste","url":"https:\/\/va-varuste.fi\/","logo":{"@type":"ImageObject","inLanguage":"sv-SE","@id":"https:\/\/va-varuste.fi\/#\/schema\/logo\/image\/","url":"https:\/\/va-varuste.fi\/wp-content\/uploads\/2023\/09\/va-logo.svg","contentUrl":"https:\/\/va-varuste.fi\/wp-content\/uploads\/2023\/09\/va-logo.svg","caption":"VA-Varuste"},"image":{"@id":"https:\/\/va-varuste.fi\/#\/schema\/logo\/image\/"},"sameAs":["https:\/\/www.facebook.com\/vavarustefi\/","https:\/\/www.instagram.com\/vavaruste\/"]}]}},"_links":{"self":[{"href":"https:\/\/va-varuste.fi\/sv\/wp-json\/wp\/v2\/product\/233793","targetHints":{"allow":["GET"]}}],"collection":[{"href":"https:\/\/va-varuste.fi\/sv\/wp-json\/wp\/v2\/product"}],"about":[{"href":"https:\/\/va-varuste.fi\/sv\/wp-json\/wp\/v2\/types\/product"}],"wp:featuredmedia":[{"embeddable":true,"href":"https:\/\/va-varuste.fi\/sv\/wp-json\/wp\/v2\/media\/228659"}],"wp:attachment":[{"href":"https:\/\/va-varuste.fi\/sv\/wp-json\/wp\/v2\/media?parent=233793"}],"wp:term":[{"taxonomy":"product_brand","embeddable":true,"href":"https:\/\/va-varuste.fi\/sv\/wp-json\/wp\/v2\/product_brand?post=233793"},{"taxonomy":"product_cat","embeddable":true,"href":"https:\/\/va-varuste.fi\/sv\/wp-json\/wp\/v2\/product_cat?post=233793"},{"taxonomy":"product_tag","embeddable":true,"href":"https:\/\/va-varuste.fi\/sv\/wp-json\/wp\/v2\/product_tag?post=233793"}],"curies":[{"name":"wp","href":"https:\/\/api.w.org\/{rel}","templated":true}]}}