{"id":233824,"date":"2024-04-19T15:42:27","date_gmt":"2024-04-19T12:42:27","guid":{"rendered":"https:\/\/va-varuste.fi\/tuote\/yamarin-6110-00-03-satamapeitto-5035\/"},"modified":"2026-03-12T11:36:09","modified_gmt":"2026-03-12T09:36:09","slug":"yamarin-6110-00-03-satamapeitto-5035","status":"publish","type":"product","link":"https:\/\/va-varuste.fi\/sv\/produkt\/yamarin-6110-00-03-satamapeitto-5035\/","title":{"rendered":"YAMARIN 6110 -00-03 Hamnkapell, Ljusgr\u00e5"},"content":{"rendered":"<h2>Yamarin 6110 Hamnkapell<\/h2>\n<p>T\u00e4m\u00e4 lagerhamnkapell on vakiokaavalla valmistettu laadukas Hamnkapell veneeseen Yamarin 6110. F\u00e4rg Ljusgr\u00e5. Passar \u00e5rsmodeller 2000-2003. Peite suojaa venett\u00e4 tehokkaasti sateelta, lialta ja UV-s\u00e4teilylt\u00e4 i hamnen eller annan f\u00f6rvaring. T\u00e4m\u00e4 on erinomainen valinta veneen suojaamiseen s\u00e4ilytyksen aikana.<\/p>\n<h3>Yamarin 6110 Hamnkapell \u2013 yhteensopivuus ja kiinnitys<\/h3>\n<p>T\u00e4m\u00e4 lagerhamnkapell on suunniteltu veneelle Yamarin 6110. Peite on valmistettu vakiokaavalla ja sopii alkuper\u00e4isiin kiinnityspisteisiin. Mukana tulee s\u00e4\u00e4t\u00f6jalka tai s\u00e4\u00e4t\u00f6jalat peiton muodon yll\u00e4pit\u00e4miseksi, jolloin sadevesi valuu pois eik\u00e4 j\u00e4\u00e4 makaamaan peiton p\u00e4\u00e4lle. Kaavapaikat eiv\u00e4t v\u00e4ltt\u00e4m\u00e4tt\u00e4 t\u00e4ysin vastaa veneen puolen kiinnikkeiden paikkoja, jonka vuoksi mukana paketissa tulee muutama irtokiinnike jos on tarpeen siirt\u00e4\u00e4 kiinnikett\u00e4 veneen puolella. Jos veneess\u00e4 on j\u00e4lkik\u00e4teen asennettuja lis\u00e4varusteita, emme voi taata peiton sopivuutta. Suosittelemme tarkistamaan veneen mitat ja lis\u00e4varusteet ennen tilausta.<\/p>\n<h3>Yamarin 6110 Hamnkapell \u2013 materiaalit ja laatu<\/h3>\n<p>Peite on valmistettu korkealaatuisesta, UV-suojatusta kankaasta joka kest\u00e4\u00e4 pohjoismaisia s\u00e4\u00e4olosuhteita. Kangas on kyll\u00e4stetty valmiiksi kangastehtaalla, mik\u00e4 takaa pitk\u00e4aikaisen vedenpit\u00e4vyyden ilman erillist\u00e4 kyll\u00e4st\u00e4mist\u00e4. Materiaali on vedenpit\u00e4v\u00e4 ja hengitt\u00e4v\u00e4, mik\u00e4 est\u00e4\u00e4 kosteuden tiivistymisen peiton alle ja suojaa veneen pintoja tehokkaasti. Kaikki peitteet valmistetaan ammattitaidolla Suomessa laadukkaista materiaaleista. Huolellinen valmistus ja laadukkaat materiaalit takaavat peiton pitk\u00e4n k\u00e4ytt\u00f6i\u00e4n vaativissakin olosuhteissa.<\/p>\n<h3>Peiton hoito ja s\u00e4ilytys<\/h3>\n<p>Peiton k\u00e4ytt\u00f6ik\u00e4\u00e4 voit pident\u00e4\u00e4 oikealla hoidolla. Puhdista peite s\u00e4\u00e4nn\u00f6llisesti harjaamalla irtoroskat pois pehme\u00e4ll\u00e4 harjalla. Tarvittaessa voit pest\u00e4 peiton laimealla saippuavedell\u00e4. V\u00e4lt\u00e4 voimakkaita pesuaineita ja painepesuria. Kuivata peite aina huolellisesti ennen varastointia. S\u00e4ilyt\u00e4 peite kuivassa ja tuulettuvassa tilassa k\u00e4ytt\u00f6kauden ulkopuolella.<\/p>\n<h3>Best\u00e4llning och leverans<\/h3>\n<p>Tilaa helposti verkkokaupastamme. Varastotuote \u2013 toimitus heti varastotilanteen mukaan. Svar p\u00e5 vanliga fr\u00e5gor hittar du p\u00e5 v\u00e5r <a href=\"https:\/\/va-varuste.fi\/sv\/kundtjanst\/\" target=\"_blank\" rel=\"noopener\">UKK-sivultamme<\/a>. L\u00f6yd\u00e4t kattavan valikoiman my\u00f6s <a href=\"https:\/\/va-varuste.fi\/sv\/produktkategori\/kapelltillbehor\/\" target=\"_blank\">Kapelltarvikkeita<\/a> kuten kiinnikkeit\u00e4 ja s\u00e4\u00e4t\u00f6jalkoja.<\/p>\n","protected":false},"excerpt":{"rendered":"<p>Varastotuote on vakiokaavalla tehty Hamnkapell veneeseen Yamarin 6110. F\u00e4rg Ljusgr\u00e5. Passar \u00e5rsmodeller 2000-2003. Sis\u00e4lt\u00e4\u00e4 s\u00e4\u00e4t\u00f6jalan\/s\u00e4\u00e4t\u00f6jalat. Beroende p\u00e5 lagerstatus, omedelbar leverans eller restorder .<\/p>\n","protected":false},"featured_media":226508,"template":"","meta":[],"product_brand":[],"product_cat":[666],"product_tag":[],"class_list":{"0":"post-233824","1":"product","2":"type-product","3":"status-publish","4":"has-post-thumbnail","6":"product_cat-lagerhamnkapell","7":"product_shipping_class-va-venekuomut-uusintakuomut-sv","9":"first","10":"instock","11":"taxable","12":"shipping-taxable","13":"purchasable","14":"product-type-simple"},"yoast_head":"<!-- This site is optimized with the Yoast SEO plugin v27.2 - https:\/\/yoast.com\/product\/yoast-seo-wordpress\/ -->\n<title>Yamarin 6110 hamnkapell | VA-Varuste.fi<\/title>\n<meta name=\"description\" content=\"Yamarin 6110 hamnkapell. F\u00e4rg ljusgr\u00e5. Passar \u00e5rsmodellerna 2000-2003. H\u00f6gkvalitativt hamnkapell tillverkat med standardmall. Best\u00e4ll fr\u00e5n VA-Varuste.fi.\" \/>\n<meta name=\"robots\" content=\"index, follow, max-snippet:-1, max-image-preview:large, max-video-preview:-1\" \/>\n<link rel=\"canonical\" href=\"https:\/\/va-varuste.fi\/sv\/produkt\/yamarin-6110-00-03-satamapeitto-5035\/\" \/>\n<meta property=\"og:locale\" content=\"sv_SE\" \/>\n<meta property=\"og:type\" content=\"article\" \/>\n<meta property=\"og:title\" content=\"Yamarin 6110 hamnkapell | VA-Varuste.fi\" \/>\n<meta property=\"og:description\" content=\"Yamarin 6110 hamnkapell. F\u00e4rg ljusgr\u00e5. Passar \u00e5rsmodellerna 2000-2003. H\u00f6gkvalitativt hamnkapell tillverkat med standardmall. Best\u00e4ll fr\u00e5n VA-Varuste.fi.\" \/>\n<meta property=\"og:url\" content=\"https:\/\/va-varuste.fi\/sv\/produkt\/yamarin-6110-00-03-satamapeitto-5035\/\" \/>\n<meta property=\"og:site_name\" content=\"VA-Varuste\" \/>\n<meta property=\"article:publisher\" content=\"https:\/\/www.facebook.com\/vavarustefi\/\" \/>\n<meta property=\"article:modified_time\" content=\"2026-03-12T09:36:09+00:00\" \/>\n<meta property=\"og:image\" content=\"https:\/\/va-varuste.fi\/wp-content\/uploads\/2024\/04\/satamapeitto.jpg\" \/>\n\t<meta property=\"og:image:width\" content=\"900\" \/>\n\t<meta property=\"og:image:height\" content=\"900\" \/>\n\t<meta property=\"og:image:type\" content=\"image\/jpeg\" \/>\n<meta name=\"twitter:card\" content=\"summary_large_image\" \/>\n<meta name=\"twitter:label1\" content=\"Ber\u00e4knad l\u00e4stid\" \/>\n\t<meta name=\"twitter:data1\" content=\"2 minuter\" \/>\n<script type=\"application\/ld+json\" class=\"yoast-schema-graph\">{\"@context\":\"https:\/\/schema.org\",\"@graph\":[{\"@type\":\"WebPage\",\"@id\":\"https:\/\/va-varuste.fi\/sv\/produkt\/yamarin-6110-00-03-satamapeitto-5035\/\",\"url\":\"https:\/\/va-varuste.fi\/sv\/produkt\/yamarin-6110-00-03-satamapeitto-5035\/\",\"name\":\"Yamarin 6110 hamnkapell | VA-Varuste.fi\",\"isPartOf\":{\"@id\":\"https:\/\/va-varuste.fi\/#website\"},\"primaryImageOfPage\":{\"@id\":\"https:\/\/va-varuste.fi\/sv\/produkt\/yamarin-6110-00-03-satamapeitto-5035\/#primaryimage\"},\"image\":{\"@id\":\"https:\/\/va-varuste.fi\/sv\/produkt\/yamarin-6110-00-03-satamapeitto-5035\/#primaryimage\"},\"thumbnailUrl\":\"https:\/\/va-varuste.fi\/wp-content\/uploads\/2024\/04\/satamapeitto.jpg\",\"datePublished\":\"2024-04-19T12:42:27+00:00\",\"dateModified\":\"2026-03-12T09:36:09+00:00\",\"description\":\"Yamarin 6110 hamnkapell. F\u00e4rg ljusgr\u00e5. Passar \u00e5rsmodellerna 2000-2003. H\u00f6gkvalitativt hamnkapell tillverkat med standardmall. Best\u00e4ll fr\u00e5n VA-Varuste.fi.\",\"breadcrumb\":{\"@id\":\"https:\/\/va-varuste.fi\/sv\/produkt\/yamarin-6110-00-03-satamapeitto-5035\/#breadcrumb\"},\"inLanguage\":\"sv-SE\",\"potentialAction\":[{\"@type\":\"ReadAction\",\"target\":[\"https:\/\/va-varuste.fi\/sv\/produkt\/yamarin-6110-00-03-satamapeitto-5035\/\"]}]},{\"@type\":\"ImageObject\",\"inLanguage\":\"sv-SE\",\"@id\":\"https:\/\/va-varuste.fi\/sv\/produkt\/yamarin-6110-00-03-satamapeitto-5035\/#primaryimage\",\"url\":\"https:\/\/va-varuste.fi\/wp-content\/uploads\/2024\/04\/satamapeitto.jpg\",\"contentUrl\":\"https:\/\/va-varuste.fi\/wp-content\/uploads\/2024\/04\/satamapeitto.jpg\",\"width\":900,\"height\":900},{\"@type\":\"BreadcrumbList\",\"@id\":\"https:\/\/va-varuste.fi\/sv\/produkt\/yamarin-6110-00-03-satamapeitto-5035\/#breadcrumb\",\"itemListElement\":[{\"@type\":\"ListItem\",\"position\":1,\"name\":\"Etusivu\",\"item\":\"https:\/\/va-varuste.fi\/sv\/\"},{\"@type\":\"ListItem\",\"position\":2,\"name\":\"Webbutik\",\"item\":\"https:\/\/va-varuste.fi\/sv\/webbutik\/\"},{\"@type\":\"ListItem\",\"position\":3,\"name\":\"YAMARIN 6110 -00-03 hamnkapell, ljusgr\u00e5\"}]},{\"@type\":\"WebSite\",\"@id\":\"https:\/\/va-varuste.fi\/#website\",\"url\":\"https:\/\/va-varuste.fi\/\",\"name\":\"VA-Varuste\",\"description\":\"\",\"publisher\":{\"@id\":\"https:\/\/va-varuste.fi\/#organization\"},\"potentialAction\":[{\"@type\":\"SearchAction\",\"target\":{\"@type\":\"EntryPoint\",\"urlTemplate\":\"https:\/\/va-varuste.fi\/?s={search_term_string}\"},\"query-input\":{\"@type\":\"PropertyValueSpecification\",\"valueRequired\":true,\"valueName\":\"search_term_string\"}}],\"inLanguage\":\"sv-SE\"},{\"@type\":\"Organization\",\"@id\":\"https:\/\/va-varuste.fi\/#organization\",\"name\":\"VA-Varuste\",\"url\":\"https:\/\/va-varuste.fi\/\",\"logo\":{\"@type\":\"ImageObject\",\"inLanguage\":\"sv-SE\",\"@id\":\"https:\/\/va-varuste.fi\/#\/schema\/logo\/image\/\",\"url\":\"https:\/\/va-varuste.fi\/wp-content\/uploads\/2023\/09\/va-logo.svg\",\"contentUrl\":\"https:\/\/va-varuste.fi\/wp-content\/uploads\/2023\/09\/va-logo.svg\",\"caption\":\"VA-Varuste\"},\"image\":{\"@id\":\"https:\/\/va-varuste.fi\/#\/schema\/logo\/image\/\"},\"sameAs\":[\"https:\/\/www.facebook.com\/vavarustefi\/\",\"https:\/\/www.instagram.com\/vavaruste\/\"]}]}<\/script>\n<!-- \/ Yoast SEO plugin. -->","yoast_head_json":{"title":"Yamarin 6110 hamnkapell | VA-Varuste.fi","description":"Yamarin 6110 hamnkapell. F\u00e4rg ljusgr\u00e5. Passar \u00e5rsmodellerna 2000-2003. H\u00f6gkvalitativt hamnkapell tillverkat med standardmall. Best\u00e4ll fr\u00e5n VA-Varuste.fi.","robots":{"index":"index","follow":"follow","max-snippet":"max-snippet:-1","max-image-preview":"max-image-preview:large","max-video-preview":"max-video-preview:-1"},"canonical":"https:\/\/va-varuste.fi\/sv\/produkt\/yamarin-6110-00-03-satamapeitto-5035\/","og_locale":"sv_SE","og_type":"article","og_title":"Yamarin 6110 hamnkapell | VA-Varuste.fi","og_description":"Yamarin 6110 hamnkapell. F\u00e4rg ljusgr\u00e5. Passar \u00e5rsmodellerna 2000-2003. H\u00f6gkvalitativt hamnkapell tillverkat med standardmall. Best\u00e4ll fr\u00e5n VA-Varuste.fi.","og_url":"https:\/\/va-varuste.fi\/sv\/produkt\/yamarin-6110-00-03-satamapeitto-5035\/","og_site_name":"VA-Varuste","article_publisher":"https:\/\/www.facebook.com\/vavarustefi\/","article_modified_time":"2026-03-12T09:36:09+00:00","og_image":[{"width":900,"height":900,"url":"https:\/\/va-varuste.fi\/wp-content\/uploads\/2024\/04\/satamapeitto.jpg","type":"image\/jpeg"}],"twitter_card":"summary_large_image","twitter_misc":{"Ber\u00e4knad l\u00e4stid":"2 minuter"},"schema":{"@context":"https:\/\/schema.org","@graph":[{"@type":"WebPage","@id":"https:\/\/va-varuste.fi\/sv\/produkt\/yamarin-6110-00-03-satamapeitto-5035\/","url":"https:\/\/va-varuste.fi\/sv\/produkt\/yamarin-6110-00-03-satamapeitto-5035\/","name":"Yamarin 6110 hamnkapell | VA-Varuste.fi","isPartOf":{"@id":"https:\/\/va-varuste.fi\/#website"},"primaryImageOfPage":{"@id":"https:\/\/va-varuste.fi\/sv\/produkt\/yamarin-6110-00-03-satamapeitto-5035\/#primaryimage"},"image":{"@id":"https:\/\/va-varuste.fi\/sv\/produkt\/yamarin-6110-00-03-satamapeitto-5035\/#primaryimage"},"thumbnailUrl":"https:\/\/va-varuste.fi\/wp-content\/uploads\/2024\/04\/satamapeitto.jpg","datePublished":"2024-04-19T12:42:27+00:00","dateModified":"2026-03-12T09:36:09+00:00","description":"Yamarin 6110 hamnkapell. F\u00e4rg ljusgr\u00e5. Passar \u00e5rsmodellerna 2000-2003. H\u00f6gkvalitativt hamnkapell tillverkat med standardmall. Best\u00e4ll fr\u00e5n VA-Varuste.fi.","breadcrumb":{"@id":"https:\/\/va-varuste.fi\/sv\/produkt\/yamarin-6110-00-03-satamapeitto-5035\/#breadcrumb"},"inLanguage":"sv-SE","potentialAction":[{"@type":"ReadAction","target":["https:\/\/va-varuste.fi\/sv\/produkt\/yamarin-6110-00-03-satamapeitto-5035\/"]}]},{"@type":"ImageObject","inLanguage":"sv-SE","@id":"https:\/\/va-varuste.fi\/sv\/produkt\/yamarin-6110-00-03-satamapeitto-5035\/#primaryimage","url":"https:\/\/va-varuste.fi\/wp-content\/uploads\/2024\/04\/satamapeitto.jpg","contentUrl":"https:\/\/va-varuste.fi\/wp-content\/uploads\/2024\/04\/satamapeitto.jpg","width":900,"height":900},{"@type":"BreadcrumbList","@id":"https:\/\/va-varuste.fi\/sv\/produkt\/yamarin-6110-00-03-satamapeitto-5035\/#breadcrumb","itemListElement":[{"@type":"ListItem","position":1,"name":"Etusivu","item":"https:\/\/va-varuste.fi\/sv\/"},{"@type":"ListItem","position":2,"name":"Webbutik","item":"https:\/\/va-varuste.fi\/sv\/webbutik\/"},{"@type":"ListItem","position":3,"name":"YAMARIN 6110 -00-03 hamnkapell, ljusgr\u00e5"}]},{"@type":"WebSite","@id":"https:\/\/va-varuste.fi\/#website","url":"https:\/\/va-varuste.fi\/","name":"VA-Varuste","description":"","publisher":{"@id":"https:\/\/va-varuste.fi\/#organization"},"potentialAction":[{"@type":"SearchAction","target":{"@type":"EntryPoint","urlTemplate":"https:\/\/va-varuste.fi\/?s={search_term_string}"},"query-input":{"@type":"PropertyValueSpecification","valueRequired":true,"valueName":"search_term_string"}}],"inLanguage":"sv-SE"},{"@type":"Organization","@id":"https:\/\/va-varuste.fi\/#organization","name":"VA-Varuste","url":"https:\/\/va-varuste.fi\/","logo":{"@type":"ImageObject","inLanguage":"sv-SE","@id":"https:\/\/va-varuste.fi\/#\/schema\/logo\/image\/","url":"https:\/\/va-varuste.fi\/wp-content\/uploads\/2023\/09\/va-logo.svg","contentUrl":"https:\/\/va-varuste.fi\/wp-content\/uploads\/2023\/09\/va-logo.svg","caption":"VA-Varuste"},"image":{"@id":"https:\/\/va-varuste.fi\/#\/schema\/logo\/image\/"},"sameAs":["https:\/\/www.facebook.com\/vavarustefi\/","https:\/\/www.instagram.com\/vavaruste\/"]}]}},"_links":{"self":[{"href":"https:\/\/va-varuste.fi\/sv\/wp-json\/wp\/v2\/product\/233824","targetHints":{"allow":["GET"]}}],"collection":[{"href":"https:\/\/va-varuste.fi\/sv\/wp-json\/wp\/v2\/product"}],"about":[{"href":"https:\/\/va-varuste.fi\/sv\/wp-json\/wp\/v2\/types\/product"}],"wp:featuredmedia":[{"embeddable":true,"href":"https:\/\/va-varuste.fi\/sv\/wp-json\/wp\/v2\/media\/226508"}],"wp:attachment":[{"href":"https:\/\/va-varuste.fi\/sv\/wp-json\/wp\/v2\/media?parent=233824"}],"wp:term":[{"taxonomy":"product_brand","embeddable":true,"href":"https:\/\/va-varuste.fi\/sv\/wp-json\/wp\/v2\/product_brand?post=233824"},{"taxonomy":"product_cat","embeddable":true,"href":"https:\/\/va-varuste.fi\/sv\/wp-json\/wp\/v2\/product_cat?post=233824"},{"taxonomy":"product_tag","embeddable":true,"href":"https:\/\/va-varuste.fi\/sv\/wp-json\/wp\/v2\/product_tag?post=233824"}],"curies":[{"name":"wp","href":"https:\/\/api.w.org\/{rel}","templated":true}]}}