{"id":233830,"date":"2024-02-07T12:26:06","date_gmt":"2024-02-07T10:26:06","guid":{"rendered":"https:\/\/va-varuste.fi\/tuote\/va-elite-s-sandstone-steel-obsidian\/"},"modified":"2026-03-20T11:55:13","modified_gmt":"2026-03-20T09:55:13","slug":"va-elite-s-sandstone-steel-obsidian","status":"publish","type":"product","link":"https:\/\/va-varuste.fi\/sv\/produkt\/va-elite-s-sandstone-steel-obsidian\/","title":{"rendered":"VA-Elite S Sandstone Steel &amp; Obsidian"},"content":{"rendered":"<p><strong>VA-Elite S b\u00e5tstol<\/strong><\/p>\n<p>Material: Spradling Sandstone Steel (sidor), Nautilus Obsidian konstl\u00e4der (inre delar).<br \/>S\u00f6mmar: Gr\u00e5<\/p>\n<p>VA-Elite S \u00e4r en robust och kompakt b\u00e5tstol designad f\u00f6r att passa \u00e4ven mindre b\u00e5tmodeller. Ramkonstruktionen uppfyller ABYC-standardens h\u00e5llbarhetskrav. N\u00e4r du beh\u00f6ver en stol byggd f\u00f6r h\u00e5rt bruk \u00e4r VA-Elite S r\u00e4tt val.<\/p>\n<h5>TIDL\u00d6S DESIGN<\/h5>\n<p>Stolen \u00e4r stilren och modern. S\u00e4kerhet har varit en designprioritet \u2013 Elite S ger utm\u00e4rkt sidost\u00f6d och h\u00e5ller k\u00f6rst\u00e4llningen stabil \u00e4ven i grov sj\u00f6g\u00e5ng.<\/p>\n<h5>TILLVERKAD I FINLAND<\/h5>\n<p>VA-Elite S \u00e4r designad och tillverkad i Finland. Den robusta ramen \u00e4r formsprutad av h\u00e5llbar HDPE-plast och aluminiumdelar. Den f\u00e4llbara frontsektionen \u00e4r praktisk vid k\u00f6rning i st\u00e5ende position.<\/p>\n<p><a href=\"https:\/\/va-varuste.fi\/va-elite-s\/\">L\u00e4s mer om VA-Elite S<\/a><\/p>\n<p><strong>Stolarna levereras utan glidskena eller stolsben.<\/strong> Monteringsbultar ing\u00e5r. Du kan l\u00e4gga till <a href=\"https:\/\/va-varuste.fi\/sv\/product-category\/all-products\/va-boat-seats\/seat-pedestal-and-slide\/\">glidskena eller stolsben<\/a> och <a href=\"https:\/\/va-varuste.fi\/sv\/produkt\/suojahuppu-va-elite-s\/\">skyddsk\u00e5pa<\/a> till din best\u00e4llning.<\/p>\n<p><strong>Observera:<\/strong> VA-b\u00e5tstolar tillverkas p\u00e5 best\u00e4llning. Kontrollera leveransvillkoren \u2013 best\u00e4llningsprodukter har begr\u00e4nsad \u00e5nger- och returr\u00e4tt.<\/p>\n","protected":false},"excerpt":{"rendered":"<p>VA-Elite S b\u00e5tstol Material: Spradling Sandstone Steel (sidor), Nautilus Obsidian konstl\u00e4der (inre delar).S\u00f6mmar: Gr\u00e5 VA-Elite S \u00e4r en robust och kompakt b\u00e5tstol designad f\u00f6r att passa \u00e4ven mindre b\u00e5tmodeller. Ramkonstruktionen uppfyller ABYC-standardens h\u00e5llbarhetskrav. N\u00e4r du beh\u00f6ver en stol byggd f\u00f6r h\u00e5rt bruk \u00e4r VA-Elite S r\u00e4tt val. TIDL\u00d6S DESIGN Stolen \u00e4r stilren och modern. S\u00e4kerhet [&hellip;]<\/p>\n","protected":false},"featured_media":226038,"template":"","meta":[],"product_brand":[],"product_cat":[650,644],"product_tag":[],"class_list":{"0":"post-233830","1":"product","2":"type-product","3":"status-publish","4":"has-post-thumbnail","6":"product_cat-va-elite-s-sv","7":"product_cat-va-batstolar","8":"product_shipping_class-va-mini-va-mini-gt","10":"first","11":"onbackorder","12":"taxable","13":"shipping-taxable","14":"purchasable","15":"product-type-simple"},"yoast_head":"<!-- This site is optimized with the Yoast SEO plugin v27.2 - https:\/\/yoast.com\/product\/yoast-seo-wordpress\/ -->\n<title>VA-Elite S Sandstone Steel &amp; Obsidian - VA-Varuste<\/title>\n<meta name=\"description\" content=\"VA-Elite S Sandstone Steel &amp; Obsidian batstol. Konstlader, HDPE-aluminiumram, ABYC-standard. Bestall fran VA-Varuste.\" \/>\n<meta name=\"robots\" content=\"index, follow, max-snippet:-1, max-image-preview:large, max-video-preview:-1\" \/>\n<link rel=\"canonical\" href=\"https:\/\/va-varuste.fi\/sv\/produkt\/va-elite-s-sandstone-steel-obsidian\/\" \/>\n<meta property=\"og:locale\" content=\"sv_SE\" \/>\n<meta property=\"og:type\" content=\"article\" \/>\n<meta property=\"og:title\" content=\"VA-Elite S Sandstone Steel &amp; Obsidian - VA-Varuste\" \/>\n<meta property=\"og:description\" content=\"VA-Elite S Sandstone Steel &amp; Obsidian batstol. Konstlader, HDPE-aluminiumram, ABYC-standard. Bestall fran VA-Varuste.\" \/>\n<meta property=\"og:url\" content=\"https:\/\/va-varuste.fi\/sv\/produkt\/va-elite-s-sandstone-steel-obsidian\/\" \/>\n<meta property=\"og:site_name\" content=\"VA-Varuste\" \/>\n<meta property=\"article:publisher\" content=\"https:\/\/www.facebook.com\/vavarustefi\/\" \/>\n<meta property=\"article:modified_time\" content=\"2026-03-20T09:55:13+00:00\" \/>\n<meta property=\"og:image\" content=\"https:\/\/va-varuste.fi\/wp-content\/uploads\/2024\/02\/sandstone-steel-ja-nautilus-obsidian-820x1024.png\" \/>\n\t<meta property=\"og:image:width\" content=\"820\" \/>\n\t<meta property=\"og:image:height\" content=\"1024\" \/>\n\t<meta property=\"og:image:type\" content=\"image\/png\" \/>\n<meta name=\"twitter:card\" content=\"summary_large_image\" \/>\n<meta name=\"twitter:label1\" content=\"Ber\u00e4knad l\u00e4stid\" \/>\n\t<meta name=\"twitter:data1\" content=\"1 minut\" \/>\n<script type=\"application\/ld+json\" class=\"yoast-schema-graph\">{\"@context\":\"https:\/\/schema.org\",\"@graph\":[{\"@type\":\"WebPage\",\"@id\":\"https:\/\/va-varuste.fi\/sv\/produkt\/va-elite-s-sandstone-steel-obsidian\/\",\"url\":\"https:\/\/va-varuste.fi\/sv\/produkt\/va-elite-s-sandstone-steel-obsidian\/\",\"name\":\"VA-Elite S Sandstone Steel &amp; Obsidian - VA-Varuste\",\"isPartOf\":{\"@id\":\"https:\/\/va-varuste.fi\/#website\"},\"primaryImageOfPage\":{\"@id\":\"https:\/\/va-varuste.fi\/sv\/produkt\/va-elite-s-sandstone-steel-obsidian\/#primaryimage\"},\"image\":{\"@id\":\"https:\/\/va-varuste.fi\/sv\/produkt\/va-elite-s-sandstone-steel-obsidian\/#primaryimage\"},\"thumbnailUrl\":\"https:\/\/va-varuste.fi\/wp-content\/uploads\/2024\/02\/sandstone-steel-ja-nautilus-obsidian.png\",\"datePublished\":\"2024-02-07T10:26:06+00:00\",\"dateModified\":\"2026-03-20T09:55:13+00:00\",\"description\":\"VA-Elite S Sandstone Steel & Obsidian batstol. Konstlader, HDPE-aluminiumram, ABYC-standard. Bestall fran VA-Varuste.\",\"breadcrumb\":{\"@id\":\"https:\/\/va-varuste.fi\/sv\/produkt\/va-elite-s-sandstone-steel-obsidian\/#breadcrumb\"},\"inLanguage\":\"sv-SE\",\"potentialAction\":[{\"@type\":\"ReadAction\",\"target\":[\"https:\/\/va-varuste.fi\/sv\/produkt\/va-elite-s-sandstone-steel-obsidian\/\"]}]},{\"@type\":\"ImageObject\",\"inLanguage\":\"sv-SE\",\"@id\":\"https:\/\/va-varuste.fi\/sv\/produkt\/va-elite-s-sandstone-steel-obsidian\/#primaryimage\",\"url\":\"https:\/\/va-varuste.fi\/wp-content\/uploads\/2024\/02\/sandstone-steel-ja-nautilus-obsidian.png\",\"contentUrl\":\"https:\/\/va-varuste.fi\/wp-content\/uploads\/2024\/02\/sandstone-steel-ja-nautilus-obsidian.png\",\"width\":2233,\"height\":2790},{\"@type\":\"BreadcrumbList\",\"@id\":\"https:\/\/va-varuste.fi\/sv\/produkt\/va-elite-s-sandstone-steel-obsidian\/#breadcrumb\",\"itemListElement\":[{\"@type\":\"ListItem\",\"position\":1,\"name\":\"Etusivu\",\"item\":\"https:\/\/va-varuste.fi\/sv\/\"},{\"@type\":\"ListItem\",\"position\":2,\"name\":\"Webbutik\",\"item\":\"https:\/\/va-varuste.fi\/sv\/webbutik\/\"},{\"@type\":\"ListItem\",\"position\":3,\"name\":\"VA-Elite S Sandstone Steel &amp; Obsidian\"}]},{\"@type\":\"WebSite\",\"@id\":\"https:\/\/va-varuste.fi\/#website\",\"url\":\"https:\/\/va-varuste.fi\/\",\"name\":\"VA-Varuste\",\"description\":\"\",\"publisher\":{\"@id\":\"https:\/\/va-varuste.fi\/#organization\"},\"potentialAction\":[{\"@type\":\"SearchAction\",\"target\":{\"@type\":\"EntryPoint\",\"urlTemplate\":\"https:\/\/va-varuste.fi\/?s={search_term_string}\"},\"query-input\":{\"@type\":\"PropertyValueSpecification\",\"valueRequired\":true,\"valueName\":\"search_term_string\"}}],\"inLanguage\":\"sv-SE\"},{\"@type\":\"Organization\",\"@id\":\"https:\/\/va-varuste.fi\/#organization\",\"name\":\"VA-Varuste\",\"url\":\"https:\/\/va-varuste.fi\/\",\"logo\":{\"@type\":\"ImageObject\",\"inLanguage\":\"sv-SE\",\"@id\":\"https:\/\/va-varuste.fi\/#\/schema\/logo\/image\/\",\"url\":\"https:\/\/va-varuste.fi\/wp-content\/uploads\/2023\/09\/va-logo.svg\",\"contentUrl\":\"https:\/\/va-varuste.fi\/wp-content\/uploads\/2023\/09\/va-logo.svg\",\"caption\":\"VA-Varuste\"},\"image\":{\"@id\":\"https:\/\/va-varuste.fi\/#\/schema\/logo\/image\/\"},\"sameAs\":[\"https:\/\/www.facebook.com\/vavarustefi\/\",\"https:\/\/www.instagram.com\/vavaruste\/\"]}]}<\/script>\n<!-- \/ Yoast SEO plugin. -->","yoast_head_json":{"title":"VA-Elite S Sandstone Steel &amp; Obsidian - VA-Varuste","description":"VA-Elite S Sandstone Steel & Obsidian batstol. Konstlader, HDPE-aluminiumram, ABYC-standard. Bestall fran VA-Varuste.","robots":{"index":"index","follow":"follow","max-snippet":"max-snippet:-1","max-image-preview":"max-image-preview:large","max-video-preview":"max-video-preview:-1"},"canonical":"https:\/\/va-varuste.fi\/sv\/produkt\/va-elite-s-sandstone-steel-obsidian\/","og_locale":"sv_SE","og_type":"article","og_title":"VA-Elite S Sandstone Steel &amp; Obsidian - VA-Varuste","og_description":"VA-Elite S Sandstone Steel & Obsidian batstol. Konstlader, HDPE-aluminiumram, ABYC-standard. Bestall fran VA-Varuste.","og_url":"https:\/\/va-varuste.fi\/sv\/produkt\/va-elite-s-sandstone-steel-obsidian\/","og_site_name":"VA-Varuste","article_publisher":"https:\/\/www.facebook.com\/vavarustefi\/","article_modified_time":"2026-03-20T09:55:13+00:00","og_image":[{"width":820,"height":1024,"url":"https:\/\/va-varuste.fi\/wp-content\/uploads\/2024\/02\/sandstone-steel-ja-nautilus-obsidian-820x1024.png","type":"image\/png"}],"twitter_card":"summary_large_image","twitter_misc":{"Ber\u00e4knad l\u00e4stid":"1 minut"},"schema":{"@context":"https:\/\/schema.org","@graph":[{"@type":"WebPage","@id":"https:\/\/va-varuste.fi\/sv\/produkt\/va-elite-s-sandstone-steel-obsidian\/","url":"https:\/\/va-varuste.fi\/sv\/produkt\/va-elite-s-sandstone-steel-obsidian\/","name":"VA-Elite S Sandstone Steel &amp; Obsidian - VA-Varuste","isPartOf":{"@id":"https:\/\/va-varuste.fi\/#website"},"primaryImageOfPage":{"@id":"https:\/\/va-varuste.fi\/sv\/produkt\/va-elite-s-sandstone-steel-obsidian\/#primaryimage"},"image":{"@id":"https:\/\/va-varuste.fi\/sv\/produkt\/va-elite-s-sandstone-steel-obsidian\/#primaryimage"},"thumbnailUrl":"https:\/\/va-varuste.fi\/wp-content\/uploads\/2024\/02\/sandstone-steel-ja-nautilus-obsidian.png","datePublished":"2024-02-07T10:26:06+00:00","dateModified":"2026-03-20T09:55:13+00:00","description":"VA-Elite S Sandstone Steel & Obsidian batstol. Konstlader, HDPE-aluminiumram, ABYC-standard. Bestall fran VA-Varuste.","breadcrumb":{"@id":"https:\/\/va-varuste.fi\/sv\/produkt\/va-elite-s-sandstone-steel-obsidian\/#breadcrumb"},"inLanguage":"sv-SE","potentialAction":[{"@type":"ReadAction","target":["https:\/\/va-varuste.fi\/sv\/produkt\/va-elite-s-sandstone-steel-obsidian\/"]}]},{"@type":"ImageObject","inLanguage":"sv-SE","@id":"https:\/\/va-varuste.fi\/sv\/produkt\/va-elite-s-sandstone-steel-obsidian\/#primaryimage","url":"https:\/\/va-varuste.fi\/wp-content\/uploads\/2024\/02\/sandstone-steel-ja-nautilus-obsidian.png","contentUrl":"https:\/\/va-varuste.fi\/wp-content\/uploads\/2024\/02\/sandstone-steel-ja-nautilus-obsidian.png","width":2233,"height":2790},{"@type":"BreadcrumbList","@id":"https:\/\/va-varuste.fi\/sv\/produkt\/va-elite-s-sandstone-steel-obsidian\/#breadcrumb","itemListElement":[{"@type":"ListItem","position":1,"name":"Etusivu","item":"https:\/\/va-varuste.fi\/sv\/"},{"@type":"ListItem","position":2,"name":"Webbutik","item":"https:\/\/va-varuste.fi\/sv\/webbutik\/"},{"@type":"ListItem","position":3,"name":"VA-Elite S Sandstone Steel &amp; Obsidian"}]},{"@type":"WebSite","@id":"https:\/\/va-varuste.fi\/#website","url":"https:\/\/va-varuste.fi\/","name":"VA-Varuste","description":"","publisher":{"@id":"https:\/\/va-varuste.fi\/#organization"},"potentialAction":[{"@type":"SearchAction","target":{"@type":"EntryPoint","urlTemplate":"https:\/\/va-varuste.fi\/?s={search_term_string}"},"query-input":{"@type":"PropertyValueSpecification","valueRequired":true,"valueName":"search_term_string"}}],"inLanguage":"sv-SE"},{"@type":"Organization","@id":"https:\/\/va-varuste.fi\/#organization","name":"VA-Varuste","url":"https:\/\/va-varuste.fi\/","logo":{"@type":"ImageObject","inLanguage":"sv-SE","@id":"https:\/\/va-varuste.fi\/#\/schema\/logo\/image\/","url":"https:\/\/va-varuste.fi\/wp-content\/uploads\/2023\/09\/va-logo.svg","contentUrl":"https:\/\/va-varuste.fi\/wp-content\/uploads\/2023\/09\/va-logo.svg","caption":"VA-Varuste"},"image":{"@id":"https:\/\/va-varuste.fi\/#\/schema\/logo\/image\/"},"sameAs":["https:\/\/www.facebook.com\/vavarustefi\/","https:\/\/www.instagram.com\/vavaruste\/"]}]}},"_links":{"self":[{"href":"https:\/\/va-varuste.fi\/sv\/wp-json\/wp\/v2\/product\/233830","targetHints":{"allow":["GET"]}}],"collection":[{"href":"https:\/\/va-varuste.fi\/sv\/wp-json\/wp\/v2\/product"}],"about":[{"href":"https:\/\/va-varuste.fi\/sv\/wp-json\/wp\/v2\/types\/product"}],"wp:featuredmedia":[{"embeddable":true,"href":"https:\/\/va-varuste.fi\/sv\/wp-json\/wp\/v2\/media\/226038"}],"wp:attachment":[{"href":"https:\/\/va-varuste.fi\/sv\/wp-json\/wp\/v2\/media?parent=233830"}],"wp:term":[{"taxonomy":"product_brand","embeddable":true,"href":"https:\/\/va-varuste.fi\/sv\/wp-json\/wp\/v2\/product_brand?post=233830"},{"taxonomy":"product_cat","embeddable":true,"href":"https:\/\/va-varuste.fi\/sv\/wp-json\/wp\/v2\/product_cat?post=233830"},{"taxonomy":"product_tag","embeddable":true,"href":"https:\/\/va-varuste.fi\/sv\/wp-json\/wp\/v2\/product_tag?post=233830"}],"curies":[{"name":"wp","href":"https:\/\/api.w.org\/{rel}","templated":true}]}}