{"id":233856,"date":"2023-11-29T10:01:11","date_gmt":"2023-11-29T08:01:11","guid":{"rendered":"https:\/\/va-varuste.fi\/tuote\/finnmaster-5700-open-venekuomu-5530-ei-kaaria\/"},"modified":"2026-04-01T20:00:13","modified_gmt":"2026-04-01T17:00:13","slug":"finnmaster-5700-open-venekuomu-5530-ei-kaaria","status":"publish","type":"product","link":"https:\/\/va-varuste.fi\/sv\/produkt\/finnmaster-5700-open-venekuomu-5530-ei-kaaria\/","title":{"rendered":"Finnmaster 5700 Open B\u00e5tkapell \/ Inga b\u00e5gar, Mellangr\u00e5"},"content":{"rendered":"<h2>Finnmaster 57 BR B\u00e5tkapell<\/h2>\n<p>Finnmaster 57 BR B\u00e5tkapell \u00e4r ett h\u00f6gkvalitativt lagerkapell, tillverkat med standardm\u00f6nster p\u00e5 VA-Varustes fabrik. F\u00e4rg Mellangr\u00e5. Passar \u00e5rsmodeller 2003-2012.<\/p>\n<h3>Kompatibilitet och installation<\/h3>\n<p>Kapellet \u00e4r utformat f\u00f6r att passa b\u00e5ten Finnmaster 57 BR. Det passar de ursprungliga b\u00e5garna och kapellets f\u00e4sten sitter i m\u00f6nsterpositioner. Observera att m\u00f6nsterpositionerna kanske inte exakt matchar f\u00e4stpositionerna p\u00e5 din b\u00e5t, varf\u00f6r ett par l\u00f6sa f\u00e4sten medf\u00f6ljer ifall du beh\u00f6ver flytta ett f\u00e4ste p\u00e5 b\u00e5ten. Om b\u00e5ten har eftermonterad extrautrustning kan vi inte garantera kapellets passform.<\/p>\n<h3>Material och kvalitet<\/h3>\n<p>Kapelltyget \u00e4r f\u00f6rbehandlat p\u00e5 textilfabriken och \u00e4r d\u00e4rf\u00f6r klart att anv\u00e4ndas direkt. Vi anv\u00e4nder h\u00f6gkvalitativa, UV-skyddade kapelltyger som t\u00e5l nordiska v\u00e4derf\u00f6rh\u00e5llanden. Tyget \u00e4r vattent\u00e4tt och andningsbart, vilket f\u00f6rhindrar kondens under kapellet. Alla kapell tillverkas fackmannam\u00e4ssigt i Finland av kvalitetsmaterial.<\/p>\n<h3>F\u00f6rpackningens inneh\u00e5ll<\/h3>\n<p>Lagerkapellet inkluderar inte b\u00e5gr\u00f6r, kapellv\u00e4ska eller monteringstillbeh\u00f6r. B\u00e5gr\u00f6ren och f\u00e4stena som beh\u00f6vs f\u00f6r kapellet hittar du separat i <a href=\"https:\/\/va-varuste.fi\/sv\/produktkategori\/kapelltillbehor\/\" target=\"_blank\">kapelltillbeh\u00f6rssektionen<\/a>.<\/p>\n<h3>Best\u00e4llning och leverans<\/h3>\n<p>Lagerkapell levereras snabbt direkt fr\u00e5n v\u00e5rt lager. Svar p\u00e5 vanliga fr\u00e5gor hittar du p\u00e5 v\u00e5r <a href=\"https:\/\/va-varuste.fi\/sv\/kundtjanst\/\">kundtj\u00e4nstsida<\/a>. Kontakta oss g\u00e4rna om du beh\u00f6ver hj\u00e4lp att v\u00e4lja r\u00e4tt kapell!<\/p>\n","protected":false},"excerpt":{"rendered":"<p>B\u00e5tkapell f\u00f6r b\u00e5t Finnmaster 5700 Open. Lagerkapell tillverkat med standardm\u00f6nster. F\u00e4rg Mellangr\u00e5 (Obs! Bilden visar Marinbl\u00e5). Passar \u00e5rsmodeller 2003-2012. Sopii my\u00f6s malleihin 57 BR ja 57 DC . Beroende p\u00e5 lagerstatus, omedelbar leverans eller restorder .<\/p>\n<p>Kapell l\u00f6ytyy my\u00f6s v\u00e4riss\u00e4 <span style=\"color: #d58d00;\"><a style=\"color: #d58d00;\" href=\"https:\/\/va-varuste.fi\/tuote\/finnmaster-5700-open-B\u00e5tkapell-5031-ei-kaaria\/\">Marinbl\u00e5<\/a><\/span>.<\/p>\n","protected":false},"featured_media":225766,"template":"","meta":[],"product_brand":[],"product_cat":[663],"product_tag":[],"class_list":{"0":"post-233856","1":"product","2":"type-product","3":"status-publish","4":"has-post-thumbnail","6":"product_cat-lagerkapell","7":"product_shipping_class-va-venekuomut-uusintakuomut-sv","9":"first","10":"instock","11":"taxable","12":"shipping-taxable","13":"purchasable","14":"product-type-simple"},"yoast_head":"<!-- This site is optimized with the Yoast SEO plugin v27.2 - https:\/\/yoast.com\/product\/yoast-seo-wordpress\/ -->\n<title>Finnmaster 57 BR b\u00e5tkapell | VA-Varuste.fi<\/title>\n<meta name=\"description\" content=\"B\u00e5tkapell till Finnmaster 5700 Open. Lagerkapell tillverkat enligt standardm\u00f6nster. F\u00e4rg mellangr\u00e5 (OBS! P\u00e5 bilden marinbl\u00e5).\" \/>\n<meta name=\"robots\" content=\"index, follow, max-snippet:-1, max-image-preview:large, max-video-preview:-1\" \/>\n<link rel=\"canonical\" href=\"https:\/\/va-varuste.fi\/sv\/produkt\/finnmaster-5700-open-venekuomu-5530-ei-kaaria\/\" \/>\n<meta property=\"og:locale\" content=\"sv_SE\" \/>\n<meta property=\"og:type\" content=\"article\" \/>\n<meta property=\"og:title\" content=\"Finnmaster 57 BR b\u00e5tkapell | VA-Varuste.fi\" \/>\n<meta property=\"og:description\" content=\"B\u00e5tkapell till Finnmaster 5700 Open. Lagerkapell tillverkat enligt standardm\u00f6nster. F\u00e4rg mellangr\u00e5 (OBS! P\u00e5 bilden marinbl\u00e5).\" \/>\n<meta property=\"og:url\" content=\"https:\/\/va-varuste.fi\/sv\/produkt\/finnmaster-5700-open-venekuomu-5530-ei-kaaria\/\" \/>\n<meta property=\"og:site_name\" content=\"VA-Varuste\" \/>\n<meta property=\"article:publisher\" content=\"https:\/\/www.facebook.com\/vavarustefi\/\" \/>\n<meta property=\"article:modified_time\" content=\"2026-04-01T17:00:13+00:00\" \/>\n<meta property=\"og:image\" content=\"https:\/\/va-varuste.fi\/wp-content\/uploads\/2024\/01\/finnmaster-5700-open.jpeg\" \/>\n\t<meta property=\"og:image:width\" content=\"600\" \/>\n\t<meta property=\"og:image:height\" content=\"339\" \/>\n\t<meta property=\"og:image:type\" content=\"image\/jpeg\" \/>\n<meta name=\"twitter:card\" content=\"summary_large_image\" \/>\n<meta name=\"twitter:label1\" content=\"Ber\u00e4knad l\u00e4stid\" \/>\n\t<meta name=\"twitter:data1\" content=\"1 minut\" \/>\n<script type=\"application\/ld+json\" class=\"yoast-schema-graph\">{\"@context\":\"https:\/\/schema.org\",\"@graph\":[{\"@type\":\"WebPage\",\"@id\":\"https:\/\/va-varuste.fi\/sv\/produkt\/finnmaster-5700-open-venekuomu-5530-ei-kaaria\/\",\"url\":\"https:\/\/va-varuste.fi\/sv\/produkt\/finnmaster-5700-open-venekuomu-5530-ei-kaaria\/\",\"name\":\"Finnmaster 57 BR b\u00e5tkapell | VA-Varuste.fi\",\"isPartOf\":{\"@id\":\"https:\/\/va-varuste.fi\/#website\"},\"primaryImageOfPage\":{\"@id\":\"https:\/\/va-varuste.fi\/sv\/produkt\/finnmaster-5700-open-venekuomu-5530-ei-kaaria\/#primaryimage\"},\"image\":{\"@id\":\"https:\/\/va-varuste.fi\/sv\/produkt\/finnmaster-5700-open-venekuomu-5530-ei-kaaria\/#primaryimage\"},\"thumbnailUrl\":\"https:\/\/va-varuste.fi\/wp-content\/uploads\/2024\/01\/finnmaster-5700-open.jpeg\",\"datePublished\":\"2023-11-29T08:01:11+00:00\",\"dateModified\":\"2026-04-01T17:00:13+00:00\",\"description\":\"B\u00e5tkapell till Finnmaster 5700 Open. Lagerkapell tillverkat enligt standardm\u00f6nster. F\u00e4rg mellangr\u00e5 (OBS! P\u00e5 bilden marinbl\u00e5).\",\"breadcrumb\":{\"@id\":\"https:\/\/va-varuste.fi\/sv\/produkt\/finnmaster-5700-open-venekuomu-5530-ei-kaaria\/#breadcrumb\"},\"inLanguage\":\"sv-SE\",\"potentialAction\":[{\"@type\":\"ReadAction\",\"target\":[\"https:\/\/va-varuste.fi\/sv\/produkt\/finnmaster-5700-open-venekuomu-5530-ei-kaaria\/\"]}]},{\"@type\":\"ImageObject\",\"inLanguage\":\"sv-SE\",\"@id\":\"https:\/\/va-varuste.fi\/sv\/produkt\/finnmaster-5700-open-venekuomu-5530-ei-kaaria\/#primaryimage\",\"url\":\"https:\/\/va-varuste.fi\/wp-content\/uploads\/2024\/01\/finnmaster-5700-open.jpeg\",\"contentUrl\":\"https:\/\/va-varuste.fi\/wp-content\/uploads\/2024\/01\/finnmaster-5700-open.jpeg\",\"width\":600,\"height\":339},{\"@type\":\"BreadcrumbList\",\"@id\":\"https:\/\/va-varuste.fi\/sv\/produkt\/finnmaster-5700-open-venekuomu-5530-ei-kaaria\/#breadcrumb\",\"itemListElement\":[{\"@type\":\"ListItem\",\"position\":1,\"name\":\"Etusivu\",\"item\":\"https:\/\/va-varuste.fi\/sv\/\"},{\"@type\":\"ListItem\",\"position\":2,\"name\":\"Webbutik\",\"item\":\"https:\/\/va-varuste.fi\/sv\/webbutik\/\"},{\"@type\":\"ListItem\",\"position\":3,\"name\":\"Finnmaster 5700 Open b\u00e5tkapell \/ inga b\u00e5gar, mellangr\u00e5\"}]},{\"@type\":\"WebSite\",\"@id\":\"https:\/\/va-varuste.fi\/#website\",\"url\":\"https:\/\/va-varuste.fi\/\",\"name\":\"VA-Varuste\",\"description\":\"\",\"publisher\":{\"@id\":\"https:\/\/va-varuste.fi\/#organization\"},\"potentialAction\":[{\"@type\":\"SearchAction\",\"target\":{\"@type\":\"EntryPoint\",\"urlTemplate\":\"https:\/\/va-varuste.fi\/?s={search_term_string}\"},\"query-input\":{\"@type\":\"PropertyValueSpecification\",\"valueRequired\":true,\"valueName\":\"search_term_string\"}}],\"inLanguage\":\"sv-SE\"},{\"@type\":\"Organization\",\"@id\":\"https:\/\/va-varuste.fi\/#organization\",\"name\":\"VA-Varuste\",\"url\":\"https:\/\/va-varuste.fi\/\",\"logo\":{\"@type\":\"ImageObject\",\"inLanguage\":\"sv-SE\",\"@id\":\"https:\/\/va-varuste.fi\/#\/schema\/logo\/image\/\",\"url\":\"https:\/\/va-varuste.fi\/wp-content\/uploads\/2023\/09\/va-logo.svg\",\"contentUrl\":\"https:\/\/va-varuste.fi\/wp-content\/uploads\/2023\/09\/va-logo.svg\",\"caption\":\"VA-Varuste\"},\"image\":{\"@id\":\"https:\/\/va-varuste.fi\/#\/schema\/logo\/image\/\"},\"sameAs\":[\"https:\/\/www.facebook.com\/vavarustefi\/\",\"https:\/\/www.instagram.com\/vavaruste\/\"]}]}<\/script>\n<!-- \/ Yoast SEO plugin. -->","yoast_head_json":{"title":"Finnmaster 57 BR b\u00e5tkapell | VA-Varuste.fi","description":"B\u00e5tkapell till Finnmaster 5700 Open. Lagerkapell tillverkat enligt standardm\u00f6nster. F\u00e4rg mellangr\u00e5 (OBS! P\u00e5 bilden marinbl\u00e5).","robots":{"index":"index","follow":"follow","max-snippet":"max-snippet:-1","max-image-preview":"max-image-preview:large","max-video-preview":"max-video-preview:-1"},"canonical":"https:\/\/va-varuste.fi\/sv\/produkt\/finnmaster-5700-open-venekuomu-5530-ei-kaaria\/","og_locale":"sv_SE","og_type":"article","og_title":"Finnmaster 57 BR b\u00e5tkapell | VA-Varuste.fi","og_description":"B\u00e5tkapell till Finnmaster 5700 Open. Lagerkapell tillverkat enligt standardm\u00f6nster. F\u00e4rg mellangr\u00e5 (OBS! P\u00e5 bilden marinbl\u00e5).","og_url":"https:\/\/va-varuste.fi\/sv\/produkt\/finnmaster-5700-open-venekuomu-5530-ei-kaaria\/","og_site_name":"VA-Varuste","article_publisher":"https:\/\/www.facebook.com\/vavarustefi\/","article_modified_time":"2026-04-01T17:00:13+00:00","og_image":[{"width":600,"height":339,"url":"https:\/\/va-varuste.fi\/wp-content\/uploads\/2024\/01\/finnmaster-5700-open.jpeg","type":"image\/jpeg"}],"twitter_card":"summary_large_image","twitter_misc":{"Ber\u00e4knad l\u00e4stid":"1 minut"},"schema":{"@context":"https:\/\/schema.org","@graph":[{"@type":"WebPage","@id":"https:\/\/va-varuste.fi\/sv\/produkt\/finnmaster-5700-open-venekuomu-5530-ei-kaaria\/","url":"https:\/\/va-varuste.fi\/sv\/produkt\/finnmaster-5700-open-venekuomu-5530-ei-kaaria\/","name":"Finnmaster 57 BR b\u00e5tkapell | VA-Varuste.fi","isPartOf":{"@id":"https:\/\/va-varuste.fi\/#website"},"primaryImageOfPage":{"@id":"https:\/\/va-varuste.fi\/sv\/produkt\/finnmaster-5700-open-venekuomu-5530-ei-kaaria\/#primaryimage"},"image":{"@id":"https:\/\/va-varuste.fi\/sv\/produkt\/finnmaster-5700-open-venekuomu-5530-ei-kaaria\/#primaryimage"},"thumbnailUrl":"https:\/\/va-varuste.fi\/wp-content\/uploads\/2024\/01\/finnmaster-5700-open.jpeg","datePublished":"2023-11-29T08:01:11+00:00","dateModified":"2026-04-01T17:00:13+00:00","description":"B\u00e5tkapell till Finnmaster 5700 Open. Lagerkapell tillverkat enligt standardm\u00f6nster. F\u00e4rg mellangr\u00e5 (OBS! P\u00e5 bilden marinbl\u00e5).","breadcrumb":{"@id":"https:\/\/va-varuste.fi\/sv\/produkt\/finnmaster-5700-open-venekuomu-5530-ei-kaaria\/#breadcrumb"},"inLanguage":"sv-SE","potentialAction":[{"@type":"ReadAction","target":["https:\/\/va-varuste.fi\/sv\/produkt\/finnmaster-5700-open-venekuomu-5530-ei-kaaria\/"]}]},{"@type":"ImageObject","inLanguage":"sv-SE","@id":"https:\/\/va-varuste.fi\/sv\/produkt\/finnmaster-5700-open-venekuomu-5530-ei-kaaria\/#primaryimage","url":"https:\/\/va-varuste.fi\/wp-content\/uploads\/2024\/01\/finnmaster-5700-open.jpeg","contentUrl":"https:\/\/va-varuste.fi\/wp-content\/uploads\/2024\/01\/finnmaster-5700-open.jpeg","width":600,"height":339},{"@type":"BreadcrumbList","@id":"https:\/\/va-varuste.fi\/sv\/produkt\/finnmaster-5700-open-venekuomu-5530-ei-kaaria\/#breadcrumb","itemListElement":[{"@type":"ListItem","position":1,"name":"Etusivu","item":"https:\/\/va-varuste.fi\/sv\/"},{"@type":"ListItem","position":2,"name":"Webbutik","item":"https:\/\/va-varuste.fi\/sv\/webbutik\/"},{"@type":"ListItem","position":3,"name":"Finnmaster 5700 Open b\u00e5tkapell \/ inga b\u00e5gar, mellangr\u00e5"}]},{"@type":"WebSite","@id":"https:\/\/va-varuste.fi\/#website","url":"https:\/\/va-varuste.fi\/","name":"VA-Varuste","description":"","publisher":{"@id":"https:\/\/va-varuste.fi\/#organization"},"potentialAction":[{"@type":"SearchAction","target":{"@type":"EntryPoint","urlTemplate":"https:\/\/va-varuste.fi\/?s={search_term_string}"},"query-input":{"@type":"PropertyValueSpecification","valueRequired":true,"valueName":"search_term_string"}}],"inLanguage":"sv-SE"},{"@type":"Organization","@id":"https:\/\/va-varuste.fi\/#organization","name":"VA-Varuste","url":"https:\/\/va-varuste.fi\/","logo":{"@type":"ImageObject","inLanguage":"sv-SE","@id":"https:\/\/va-varuste.fi\/#\/schema\/logo\/image\/","url":"https:\/\/va-varuste.fi\/wp-content\/uploads\/2023\/09\/va-logo.svg","contentUrl":"https:\/\/va-varuste.fi\/wp-content\/uploads\/2023\/09\/va-logo.svg","caption":"VA-Varuste"},"image":{"@id":"https:\/\/va-varuste.fi\/#\/schema\/logo\/image\/"},"sameAs":["https:\/\/www.facebook.com\/vavarustefi\/","https:\/\/www.instagram.com\/vavaruste\/"]}]}},"_links":{"self":[{"href":"https:\/\/va-varuste.fi\/sv\/wp-json\/wp\/v2\/product\/233856","targetHints":{"allow":["GET"]}}],"collection":[{"href":"https:\/\/va-varuste.fi\/sv\/wp-json\/wp\/v2\/product"}],"about":[{"href":"https:\/\/va-varuste.fi\/sv\/wp-json\/wp\/v2\/types\/product"}],"wp:featuredmedia":[{"embeddable":true,"href":"https:\/\/va-varuste.fi\/sv\/wp-json\/wp\/v2\/media\/225766"}],"wp:attachment":[{"href":"https:\/\/va-varuste.fi\/sv\/wp-json\/wp\/v2\/media?parent=233856"}],"wp:term":[{"taxonomy":"product_brand","embeddable":true,"href":"https:\/\/va-varuste.fi\/sv\/wp-json\/wp\/v2\/product_brand?post=233856"},{"taxonomy":"product_cat","embeddable":true,"href":"https:\/\/va-varuste.fi\/sv\/wp-json\/wp\/v2\/product_cat?post=233856"},{"taxonomy":"product_tag","embeddable":true,"href":"https:\/\/va-varuste.fi\/sv\/wp-json\/wp\/v2\/product_tag?post=233856"}],"curies":[{"name":"wp","href":"https:\/\/api.w.org\/{rel}","templated":true}]}}