{"id":233897,"date":"2023-10-25T09:35:50","date_gmt":"2023-10-25T06:35:50","guid":{"rendered":"https:\/\/va-varuste.fi\/tuote\/nappinauha-vahvikekankaasta-32-cm-harmaa\/"},"modified":"2026-03-25T12:23:17","modified_gmt":"2026-03-25T10:23:17","slug":"nappinauha-vahvikekankaasta-32-cm-harmaa","status":"publish","type":"product","link":"https:\/\/va-varuste.fi\/sv\/produkt\/nappinauha-vahvikekankaasta-32-cm-harmaa\/","title":{"rendered":"Knappband av stark PVC, 32 cm, gr\u00e5"},"content":{"rendered":"<p>32 cm l\u00e5ngt knappband av gr\u00e5 f\u00f6rst\u00e4rkningsv\u00e4v. Inneh\u00e5ller en bit av samma material. Anv\u00e4nds som upprullningsband f\u00f6r f\u00f6nster i b\u00e5tkapell.<\/p>\n<p>Det l\u00e4ngre knappbandet passar f\u00f6r st\u00f6rre kapellf\u00f6nster med l\u00e4ngre upprullningsl\u00e4ngd.<\/p>\n","protected":false},"excerpt":{"rendered":"<p>Knappband av f\u00f6rst\u00e4rkningsv\u00e4v 32 cm, gr\u00e5. Upprullningsband f\u00f6r kapellf\u00f6nster.<\/p>\n","protected":false},"featured_media":222609,"template":"","meta":[],"product_brand":[],"product_cat":[630,624],"product_tag":[],"class_list":{"0":"post-233897","1":"product","2":"type-product","3":"status-publish","4":"has-post-thumbnail","6":"product_cat-kapellfasten","7":"product_cat-alla-produkter","9":"first","10":"instock","11":"taxable","12":"shipping-taxable","13":"purchasable","14":"product-type-simple"},"yoast_head":"<!-- This site is optimized with the Yoast SEO plugin v27.2 - https:\/\/yoast.com\/product\/yoast-seo-wordpress\/ -->\n<title>Knappband 32 cm gr\u00e5 | VA-Varuste<\/title>\n<meta name=\"description\" content=\"Knappband av f\u00f6rst\u00e4rkningsv\u00e4v 32 cm, gr\u00e5. Upprullningsband f\u00f6r kapellf\u00f6nster. Best\u00e4ll fr\u00e5n VA-Varuste.\" \/>\n<meta name=\"robots\" content=\"index, follow, max-snippet:-1, max-image-preview:large, max-video-preview:-1\" \/>\n<link rel=\"canonical\" href=\"https:\/\/va-varuste.fi\/tuote\/nappinauha-vahvikekankaasta-32-cm-harmaa\/\" \/>\n<meta property=\"og:locale\" content=\"sv_SE\" \/>\n<meta property=\"og:type\" content=\"article\" \/>\n<meta property=\"og:title\" content=\"Knappband 32 cm gr\u00e5 | VA-Varuste\" \/>\n<meta property=\"og:description\" content=\"Knappband av f\u00f6rst\u00e4rkningsv\u00e4v 32 cm, gr\u00e5. Upprullningsband f\u00f6r kapellf\u00f6nster. Best\u00e4ll fr\u00e5n VA-Varuste.\" \/>\n<meta property=\"og:url\" content=\"https:\/\/va-varuste.fi\/tuote\/nappinauha-vahvikekankaasta-32-cm-harmaa\/\" \/>\n<meta property=\"og:site_name\" content=\"VA-Varuste\" \/>\n<meta property=\"article:publisher\" content=\"https:\/\/www.facebook.com\/vavarustefi\/\" \/>\n<meta property=\"article:modified_time\" content=\"2026-03-25T10:23:17+00:00\" \/>\n<meta property=\"og:image\" content=\"https:\/\/va-varuste.fi\/wp-content\/uploads\/2023\/10\/22cm-nappinauha-harm-1.jpg\" \/>\n\t<meta property=\"og:image:width\" content=\"900\" \/>\n\t<meta property=\"og:image:height\" content=\"900\" \/>\n\t<meta property=\"og:image:type\" content=\"image\/jpeg\" \/>\n<meta name=\"twitter:card\" content=\"summary_large_image\" \/>\n<script type=\"application\/ld+json\" class=\"yoast-schema-graph\">{\"@context\":\"https:\/\/schema.org\",\"@graph\":[{\"@type\":\"WebPage\",\"@id\":\"https:\/\/va-varuste.fi\/tuote\/nappinauha-vahvikekankaasta-32-cm-harmaa\/\",\"url\":\"https:\/\/va-varuste.fi\/tuote\/nappinauha-vahvikekankaasta-32-cm-harmaa\/\",\"name\":\"Knappband 32 cm gr\u00e5 | VA-Varuste\",\"isPartOf\":{\"@id\":\"https:\/\/va-varuste.fi\/#website\"},\"primaryImageOfPage\":{\"@id\":\"https:\/\/va-varuste.fi\/tuote\/nappinauha-vahvikekankaasta-32-cm-harmaa\/#primaryimage\"},\"image\":{\"@id\":\"https:\/\/va-varuste.fi\/tuote\/nappinauha-vahvikekankaasta-32-cm-harmaa\/#primaryimage\"},\"thumbnailUrl\":\"https:\/\/va-varuste.fi\/wp-content\/uploads\/2023\/10\/22cm-nappinauha-harm-1.jpg\",\"datePublished\":\"2023-10-25T06:35:50+00:00\",\"dateModified\":\"2026-03-25T10:23:17+00:00\",\"description\":\"Knappband av f\u00f6rst\u00e4rkningsv\u00e4v 32 cm, gr\u00e5. Upprullningsband f\u00f6r kapellf\u00f6nster. Best\u00e4ll fr\u00e5n VA-Varuste.\",\"breadcrumb\":{\"@id\":\"https:\/\/va-varuste.fi\/tuote\/nappinauha-vahvikekankaasta-32-cm-harmaa\/#breadcrumb\"},\"inLanguage\":\"sv-SE\",\"potentialAction\":[{\"@type\":\"ReadAction\",\"target\":[\"https:\/\/va-varuste.fi\/tuote\/nappinauha-vahvikekankaasta-32-cm-harmaa\/\"]}]},{\"@type\":\"ImageObject\",\"inLanguage\":\"sv-SE\",\"@id\":\"https:\/\/va-varuste.fi\/tuote\/nappinauha-vahvikekankaasta-32-cm-harmaa\/#primaryimage\",\"url\":\"https:\/\/va-varuste.fi\/wp-content\/uploads\/2023\/10\/22cm-nappinauha-harm-1.jpg\",\"contentUrl\":\"https:\/\/va-varuste.fi\/wp-content\/uploads\/2023\/10\/22cm-nappinauha-harm-1.jpg\",\"width\":900,\"height\":900},{\"@type\":\"BreadcrumbList\",\"@id\":\"https:\/\/va-varuste.fi\/tuote\/nappinauha-vahvikekankaasta-32-cm-harmaa\/#breadcrumb\",\"itemListElement\":[{\"@type\":\"ListItem\",\"position\":1,\"name\":\"Etusivu\",\"item\":\"https:\/\/va-varuste.fi\/sv\/\"},{\"@type\":\"ListItem\",\"position\":2,\"name\":\"Webbutik\",\"item\":\"https:\/\/va-varuste.fi\/sv\/webbutik\/\"},{\"@type\":\"ListItem\",\"position\":3,\"name\":\"Knappband av stark PVC, 32 cm, gr\u00e5\"}]},{\"@type\":\"WebSite\",\"@id\":\"https:\/\/va-varuste.fi\/#website\",\"url\":\"https:\/\/va-varuste.fi\/\",\"name\":\"VA-Varuste\",\"description\":\"\",\"publisher\":{\"@id\":\"https:\/\/va-varuste.fi\/#organization\"},\"potentialAction\":[{\"@type\":\"SearchAction\",\"target\":{\"@type\":\"EntryPoint\",\"urlTemplate\":\"https:\/\/va-varuste.fi\/?s={search_term_string}\"},\"query-input\":{\"@type\":\"PropertyValueSpecification\",\"valueRequired\":true,\"valueName\":\"search_term_string\"}}],\"inLanguage\":\"sv-SE\"},{\"@type\":\"Organization\",\"@id\":\"https:\/\/va-varuste.fi\/#organization\",\"name\":\"VA-Varuste\",\"url\":\"https:\/\/va-varuste.fi\/\",\"logo\":{\"@type\":\"ImageObject\",\"inLanguage\":\"sv-SE\",\"@id\":\"https:\/\/va-varuste.fi\/#\/schema\/logo\/image\/\",\"url\":\"https:\/\/va-varuste.fi\/wp-content\/uploads\/2023\/09\/va-logo.svg\",\"contentUrl\":\"https:\/\/va-varuste.fi\/wp-content\/uploads\/2023\/09\/va-logo.svg\",\"caption\":\"VA-Varuste\"},\"image\":{\"@id\":\"https:\/\/va-varuste.fi\/#\/schema\/logo\/image\/\"},\"sameAs\":[\"https:\/\/www.facebook.com\/vavarustefi\/\",\"https:\/\/www.instagram.com\/vavaruste\/\"]}]}<\/script>\n<!-- \/ Yoast SEO plugin. -->","yoast_head_json":{"title":"Knappband 32 cm gr\u00e5 | VA-Varuste","description":"Knappband av f\u00f6rst\u00e4rkningsv\u00e4v 32 cm, gr\u00e5. Upprullningsband f\u00f6r kapellf\u00f6nster. Best\u00e4ll fr\u00e5n VA-Varuste.","robots":{"index":"index","follow":"follow","max-snippet":"max-snippet:-1","max-image-preview":"max-image-preview:large","max-video-preview":"max-video-preview:-1"},"canonical":"https:\/\/va-varuste.fi\/tuote\/nappinauha-vahvikekankaasta-32-cm-harmaa\/","og_locale":"sv_SE","og_type":"article","og_title":"Knappband 32 cm gr\u00e5 | VA-Varuste","og_description":"Knappband av f\u00f6rst\u00e4rkningsv\u00e4v 32 cm, gr\u00e5. Upprullningsband f\u00f6r kapellf\u00f6nster. Best\u00e4ll fr\u00e5n VA-Varuste.","og_url":"https:\/\/va-varuste.fi\/tuote\/nappinauha-vahvikekankaasta-32-cm-harmaa\/","og_site_name":"VA-Varuste","article_publisher":"https:\/\/www.facebook.com\/vavarustefi\/","article_modified_time":"2026-03-25T10:23:17+00:00","og_image":[{"width":900,"height":900,"url":"https:\/\/va-varuste.fi\/wp-content\/uploads\/2023\/10\/22cm-nappinauha-harm-1.jpg","type":"image\/jpeg"}],"twitter_card":"summary_large_image","schema":{"@context":"https:\/\/schema.org","@graph":[{"@type":"WebPage","@id":"https:\/\/va-varuste.fi\/tuote\/nappinauha-vahvikekankaasta-32-cm-harmaa\/","url":"https:\/\/va-varuste.fi\/tuote\/nappinauha-vahvikekankaasta-32-cm-harmaa\/","name":"Knappband 32 cm gr\u00e5 | VA-Varuste","isPartOf":{"@id":"https:\/\/va-varuste.fi\/#website"},"primaryImageOfPage":{"@id":"https:\/\/va-varuste.fi\/tuote\/nappinauha-vahvikekankaasta-32-cm-harmaa\/#primaryimage"},"image":{"@id":"https:\/\/va-varuste.fi\/tuote\/nappinauha-vahvikekankaasta-32-cm-harmaa\/#primaryimage"},"thumbnailUrl":"https:\/\/va-varuste.fi\/wp-content\/uploads\/2023\/10\/22cm-nappinauha-harm-1.jpg","datePublished":"2023-10-25T06:35:50+00:00","dateModified":"2026-03-25T10:23:17+00:00","description":"Knappband av f\u00f6rst\u00e4rkningsv\u00e4v 32 cm, gr\u00e5. Upprullningsband f\u00f6r kapellf\u00f6nster. Best\u00e4ll fr\u00e5n VA-Varuste.","breadcrumb":{"@id":"https:\/\/va-varuste.fi\/tuote\/nappinauha-vahvikekankaasta-32-cm-harmaa\/#breadcrumb"},"inLanguage":"sv-SE","potentialAction":[{"@type":"ReadAction","target":["https:\/\/va-varuste.fi\/tuote\/nappinauha-vahvikekankaasta-32-cm-harmaa\/"]}]},{"@type":"ImageObject","inLanguage":"sv-SE","@id":"https:\/\/va-varuste.fi\/tuote\/nappinauha-vahvikekankaasta-32-cm-harmaa\/#primaryimage","url":"https:\/\/va-varuste.fi\/wp-content\/uploads\/2023\/10\/22cm-nappinauha-harm-1.jpg","contentUrl":"https:\/\/va-varuste.fi\/wp-content\/uploads\/2023\/10\/22cm-nappinauha-harm-1.jpg","width":900,"height":900},{"@type":"BreadcrumbList","@id":"https:\/\/va-varuste.fi\/tuote\/nappinauha-vahvikekankaasta-32-cm-harmaa\/#breadcrumb","itemListElement":[{"@type":"ListItem","position":1,"name":"Etusivu","item":"https:\/\/va-varuste.fi\/sv\/"},{"@type":"ListItem","position":2,"name":"Webbutik","item":"https:\/\/va-varuste.fi\/sv\/webbutik\/"},{"@type":"ListItem","position":3,"name":"Knappband av stark PVC, 32 cm, gr\u00e5"}]},{"@type":"WebSite","@id":"https:\/\/va-varuste.fi\/#website","url":"https:\/\/va-varuste.fi\/","name":"VA-Varuste","description":"","publisher":{"@id":"https:\/\/va-varuste.fi\/#organization"},"potentialAction":[{"@type":"SearchAction","target":{"@type":"EntryPoint","urlTemplate":"https:\/\/va-varuste.fi\/?s={search_term_string}"},"query-input":{"@type":"PropertyValueSpecification","valueRequired":true,"valueName":"search_term_string"}}],"inLanguage":"sv-SE"},{"@type":"Organization","@id":"https:\/\/va-varuste.fi\/#organization","name":"VA-Varuste","url":"https:\/\/va-varuste.fi\/","logo":{"@type":"ImageObject","inLanguage":"sv-SE","@id":"https:\/\/va-varuste.fi\/#\/schema\/logo\/image\/","url":"https:\/\/va-varuste.fi\/wp-content\/uploads\/2023\/09\/va-logo.svg","contentUrl":"https:\/\/va-varuste.fi\/wp-content\/uploads\/2023\/09\/va-logo.svg","caption":"VA-Varuste"},"image":{"@id":"https:\/\/va-varuste.fi\/#\/schema\/logo\/image\/"},"sameAs":["https:\/\/www.facebook.com\/vavarustefi\/","https:\/\/www.instagram.com\/vavaruste\/"]}]}},"_links":{"self":[{"href":"https:\/\/va-varuste.fi\/sv\/wp-json\/wp\/v2\/product\/233897","targetHints":{"allow":["GET"]}}],"collection":[{"href":"https:\/\/va-varuste.fi\/sv\/wp-json\/wp\/v2\/product"}],"about":[{"href":"https:\/\/va-varuste.fi\/sv\/wp-json\/wp\/v2\/types\/product"}],"wp:featuredmedia":[{"embeddable":true,"href":"https:\/\/va-varuste.fi\/sv\/wp-json\/wp\/v2\/media\/222609"}],"wp:attachment":[{"href":"https:\/\/va-varuste.fi\/sv\/wp-json\/wp\/v2\/media?parent=233897"}],"wp:term":[{"taxonomy":"product_brand","embeddable":true,"href":"https:\/\/va-varuste.fi\/sv\/wp-json\/wp\/v2\/product_brand?post=233897"},{"taxonomy":"product_cat","embeddable":true,"href":"https:\/\/va-varuste.fi\/sv\/wp-json\/wp\/v2\/product_cat?post=233897"},{"taxonomy":"product_tag","embeddable":true,"href":"https:\/\/va-varuste.fi\/sv\/wp-json\/wp\/v2\/product_tag?post=233897"}],"curies":[{"name":"wp","href":"https:\/\/api.w.org\/{rel}","templated":true}]}}