{"id":233910,"date":"2023-10-25T09:35:31","date_gmt":"2023-10-25T06:35:31","guid":{"rendered":"https:\/\/va-varuste.fi\/tuote\/kuomulanka-rullanpohja-valkoinen\/"},"modified":"2026-03-26T13:43:01","modified_gmt":"2026-03-26T11:43:01","slug":"kuomulanka-rullanpohja-valkoinen","status":"publish","type":"product","link":"https:\/\/va-varuste.fi\/sv\/produkt\/kuomulanka-rullanpohja-valkoinen\/","title":{"rendered":"Kapelltr\u00e5d, spolbotten, naturvit"},"content":{"rendered":"<p>Naturvit kapellsytr\u00e5d p\u00e5 spolbotten f\u00f6r s\u00f6mnad av kapell och \u00f6verdrag. Avsedd f\u00f6r industriella symaskiner med spoltr\u00e5dssystem.<\/p>\n<p>L\u00e4mpad f\u00f6r s\u00f6mnad av b\u00e5tkapell, \u00f6verdrag och andra marina textilier. Tr\u00e5den \u00e4r h\u00e5llbar och UV-best\u00e4ndig.<\/p>\n<p>S\u00e4ljs per rulle.<\/p>\n","protected":false},"excerpt":{"rendered":"<p>Naturvit kapellsytr\u00e5d p\u00e5 spolbotten. F\u00f6r s\u00f6mnad av kapell och \u00f6verdrag med industrimaskiner.<\/p>\n","protected":false},"featured_media":217642,"template":"","meta":[],"product_brand":[],"product_cat":[675,669],"product_tag":[],"class_list":{"0":"post-233910","1":"product","2":"type-product","3":"status-publish","4":"has-post-thumbnail","6":"product_cat-kapellgarn","7":"product_cat-battyger-och-somnad","9":"first","10":"instock","11":"taxable","12":"shipping-taxable","13":"purchasable","14":"product-type-simple"},"yoast_head":"<!-- This site is optimized with the Yoast SEO plugin v27.2 - https:\/\/yoast.com\/product\/yoast-seo-wordpress\/ -->\n<title>Kapelltr\u00e5d spolbotten naturvit | VA-Varuste<\/title>\n<meta name=\"description\" content=\"Naturvit kapellsytr\u00e5d p\u00e5 spolbotten f\u00f6r industriell s\u00f6mnad. F\u00f6r b\u00e5tkapell och \u00f6verdrag. Best\u00e4ll fr\u00e5n VA-Varuste.\" \/>\n<meta name=\"robots\" content=\"index, follow, max-snippet:-1, max-image-preview:large, max-video-preview:-1\" \/>\n<link rel=\"canonical\" href=\"https:\/\/va-varuste.fi\/tuote\/kuomulanka-rullanpohja-valkoinen\/\" \/>\n<meta property=\"og:locale\" content=\"sv_SE\" \/>\n<meta property=\"og:type\" content=\"article\" \/>\n<meta property=\"og:title\" content=\"Kapelltr\u00e5d spolbotten naturvit | VA-Varuste\" \/>\n<meta property=\"og:description\" content=\"Naturvit kapellsytr\u00e5d p\u00e5 spolbotten f\u00f6r industriell s\u00f6mnad. F\u00f6r b\u00e5tkapell och \u00f6verdrag. Best\u00e4ll fr\u00e5n VA-Varuste.\" \/>\n<meta property=\"og:url\" content=\"https:\/\/va-varuste.fi\/tuote\/kuomulanka-rullanpohja-valkoinen\/\" \/>\n<meta property=\"og:site_name\" content=\"VA-Varuste\" \/>\n<meta property=\"article:publisher\" content=\"https:\/\/www.facebook.com\/vavarustefi\/\" \/>\n<meta property=\"article:modified_time\" content=\"2026-03-26T11:43:01+00:00\" \/>\n<meta property=\"og:image\" content=\"https:\/\/va-varuste.fi\/wp-content\/uploads\/2023\/10\/kuomulankavalko.jpg\" \/>\n\t<meta property=\"og:image:width\" content=\"900\" \/>\n\t<meta property=\"og:image:height\" content=\"900\" \/>\n\t<meta property=\"og:image:type\" content=\"image\/jpeg\" \/>\n<meta name=\"twitter:card\" content=\"summary_large_image\" \/>\n<script type=\"application\/ld+json\" class=\"yoast-schema-graph\">{\"@context\":\"https:\/\/schema.org\",\"@graph\":[{\"@type\":\"WebPage\",\"@id\":\"https:\/\/va-varuste.fi\/tuote\/kuomulanka-rullanpohja-valkoinen\/\",\"url\":\"https:\/\/va-varuste.fi\/tuote\/kuomulanka-rullanpohja-valkoinen\/\",\"name\":\"Kapelltr\u00e5d spolbotten naturvit | VA-Varuste\",\"isPartOf\":{\"@id\":\"https:\/\/va-varuste.fi\/#website\"},\"primaryImageOfPage\":{\"@id\":\"https:\/\/va-varuste.fi\/tuote\/kuomulanka-rullanpohja-valkoinen\/#primaryimage\"},\"image\":{\"@id\":\"https:\/\/va-varuste.fi\/tuote\/kuomulanka-rullanpohja-valkoinen\/#primaryimage\"},\"thumbnailUrl\":\"https:\/\/va-varuste.fi\/wp-content\/uploads\/2023\/10\/kuomulankavalko.jpg\",\"datePublished\":\"2023-10-25T06:35:31+00:00\",\"dateModified\":\"2026-03-26T11:43:01+00:00\",\"description\":\"Naturvit kapellsytr\u00e5d p\u00e5 spolbotten f\u00f6r industriell s\u00f6mnad. F\u00f6r b\u00e5tkapell och \u00f6verdrag. Best\u00e4ll fr\u00e5n VA-Varuste.\",\"breadcrumb\":{\"@id\":\"https:\/\/va-varuste.fi\/tuote\/kuomulanka-rullanpohja-valkoinen\/#breadcrumb\"},\"inLanguage\":\"sv-SE\",\"potentialAction\":[{\"@type\":\"ReadAction\",\"target\":[\"https:\/\/va-varuste.fi\/tuote\/kuomulanka-rullanpohja-valkoinen\/\"]}]},{\"@type\":\"ImageObject\",\"inLanguage\":\"sv-SE\",\"@id\":\"https:\/\/va-varuste.fi\/tuote\/kuomulanka-rullanpohja-valkoinen\/#primaryimage\",\"url\":\"https:\/\/va-varuste.fi\/wp-content\/uploads\/2023\/10\/kuomulankavalko.jpg\",\"contentUrl\":\"https:\/\/va-varuste.fi\/wp-content\/uploads\/2023\/10\/kuomulankavalko.jpg\",\"width\":900,\"height\":900},{\"@type\":\"BreadcrumbList\",\"@id\":\"https:\/\/va-varuste.fi\/tuote\/kuomulanka-rullanpohja-valkoinen\/#breadcrumb\",\"itemListElement\":[{\"@type\":\"ListItem\",\"position\":1,\"name\":\"Etusivu\",\"item\":\"https:\/\/va-varuste.fi\/sv\/\"},{\"@type\":\"ListItem\",\"position\":2,\"name\":\"Webbutik\",\"item\":\"https:\/\/va-varuste.fi\/sv\/webbutik\/\"},{\"@type\":\"ListItem\",\"position\":3,\"name\":\"Kapelltr\u00e5d, spolbotten, naturvit\"}]},{\"@type\":\"WebSite\",\"@id\":\"https:\/\/va-varuste.fi\/#website\",\"url\":\"https:\/\/va-varuste.fi\/\",\"name\":\"VA-Varuste\",\"description\":\"\",\"publisher\":{\"@id\":\"https:\/\/va-varuste.fi\/#organization\"},\"potentialAction\":[{\"@type\":\"SearchAction\",\"target\":{\"@type\":\"EntryPoint\",\"urlTemplate\":\"https:\/\/va-varuste.fi\/?s={search_term_string}\"},\"query-input\":{\"@type\":\"PropertyValueSpecification\",\"valueRequired\":true,\"valueName\":\"search_term_string\"}}],\"inLanguage\":\"sv-SE\"},{\"@type\":\"Organization\",\"@id\":\"https:\/\/va-varuste.fi\/#organization\",\"name\":\"VA-Varuste\",\"url\":\"https:\/\/va-varuste.fi\/\",\"logo\":{\"@type\":\"ImageObject\",\"inLanguage\":\"sv-SE\",\"@id\":\"https:\/\/va-varuste.fi\/#\/schema\/logo\/image\/\",\"url\":\"https:\/\/va-varuste.fi\/wp-content\/uploads\/2023\/09\/va-logo.svg\",\"contentUrl\":\"https:\/\/va-varuste.fi\/wp-content\/uploads\/2023\/09\/va-logo.svg\",\"caption\":\"VA-Varuste\"},\"image\":{\"@id\":\"https:\/\/va-varuste.fi\/#\/schema\/logo\/image\/\"},\"sameAs\":[\"https:\/\/www.facebook.com\/vavarustefi\/\",\"https:\/\/www.instagram.com\/vavaruste\/\"]}]}<\/script>\n<!-- \/ Yoast SEO plugin. -->","yoast_head_json":{"title":"Kapelltr\u00e5d spolbotten naturvit | VA-Varuste","description":"Naturvit kapellsytr\u00e5d p\u00e5 spolbotten f\u00f6r industriell s\u00f6mnad. F\u00f6r b\u00e5tkapell och \u00f6verdrag. Best\u00e4ll fr\u00e5n VA-Varuste.","robots":{"index":"index","follow":"follow","max-snippet":"max-snippet:-1","max-image-preview":"max-image-preview:large","max-video-preview":"max-video-preview:-1"},"canonical":"https:\/\/va-varuste.fi\/tuote\/kuomulanka-rullanpohja-valkoinen\/","og_locale":"sv_SE","og_type":"article","og_title":"Kapelltr\u00e5d spolbotten naturvit | VA-Varuste","og_description":"Naturvit kapellsytr\u00e5d p\u00e5 spolbotten f\u00f6r industriell s\u00f6mnad. F\u00f6r b\u00e5tkapell och \u00f6verdrag. Best\u00e4ll fr\u00e5n VA-Varuste.","og_url":"https:\/\/va-varuste.fi\/tuote\/kuomulanka-rullanpohja-valkoinen\/","og_site_name":"VA-Varuste","article_publisher":"https:\/\/www.facebook.com\/vavarustefi\/","article_modified_time":"2026-03-26T11:43:01+00:00","og_image":[{"width":900,"height":900,"url":"https:\/\/va-varuste.fi\/wp-content\/uploads\/2023\/10\/kuomulankavalko.jpg","type":"image\/jpeg"}],"twitter_card":"summary_large_image","schema":{"@context":"https:\/\/schema.org","@graph":[{"@type":"WebPage","@id":"https:\/\/va-varuste.fi\/tuote\/kuomulanka-rullanpohja-valkoinen\/","url":"https:\/\/va-varuste.fi\/tuote\/kuomulanka-rullanpohja-valkoinen\/","name":"Kapelltr\u00e5d spolbotten naturvit | VA-Varuste","isPartOf":{"@id":"https:\/\/va-varuste.fi\/#website"},"primaryImageOfPage":{"@id":"https:\/\/va-varuste.fi\/tuote\/kuomulanka-rullanpohja-valkoinen\/#primaryimage"},"image":{"@id":"https:\/\/va-varuste.fi\/tuote\/kuomulanka-rullanpohja-valkoinen\/#primaryimage"},"thumbnailUrl":"https:\/\/va-varuste.fi\/wp-content\/uploads\/2023\/10\/kuomulankavalko.jpg","datePublished":"2023-10-25T06:35:31+00:00","dateModified":"2026-03-26T11:43:01+00:00","description":"Naturvit kapellsytr\u00e5d p\u00e5 spolbotten f\u00f6r industriell s\u00f6mnad. F\u00f6r b\u00e5tkapell och \u00f6verdrag. Best\u00e4ll fr\u00e5n VA-Varuste.","breadcrumb":{"@id":"https:\/\/va-varuste.fi\/tuote\/kuomulanka-rullanpohja-valkoinen\/#breadcrumb"},"inLanguage":"sv-SE","potentialAction":[{"@type":"ReadAction","target":["https:\/\/va-varuste.fi\/tuote\/kuomulanka-rullanpohja-valkoinen\/"]}]},{"@type":"ImageObject","inLanguage":"sv-SE","@id":"https:\/\/va-varuste.fi\/tuote\/kuomulanka-rullanpohja-valkoinen\/#primaryimage","url":"https:\/\/va-varuste.fi\/wp-content\/uploads\/2023\/10\/kuomulankavalko.jpg","contentUrl":"https:\/\/va-varuste.fi\/wp-content\/uploads\/2023\/10\/kuomulankavalko.jpg","width":900,"height":900},{"@type":"BreadcrumbList","@id":"https:\/\/va-varuste.fi\/tuote\/kuomulanka-rullanpohja-valkoinen\/#breadcrumb","itemListElement":[{"@type":"ListItem","position":1,"name":"Etusivu","item":"https:\/\/va-varuste.fi\/sv\/"},{"@type":"ListItem","position":2,"name":"Webbutik","item":"https:\/\/va-varuste.fi\/sv\/webbutik\/"},{"@type":"ListItem","position":3,"name":"Kapelltr\u00e5d, spolbotten, naturvit"}]},{"@type":"WebSite","@id":"https:\/\/va-varuste.fi\/#website","url":"https:\/\/va-varuste.fi\/","name":"VA-Varuste","description":"","publisher":{"@id":"https:\/\/va-varuste.fi\/#organization"},"potentialAction":[{"@type":"SearchAction","target":{"@type":"EntryPoint","urlTemplate":"https:\/\/va-varuste.fi\/?s={search_term_string}"},"query-input":{"@type":"PropertyValueSpecification","valueRequired":true,"valueName":"search_term_string"}}],"inLanguage":"sv-SE"},{"@type":"Organization","@id":"https:\/\/va-varuste.fi\/#organization","name":"VA-Varuste","url":"https:\/\/va-varuste.fi\/","logo":{"@type":"ImageObject","inLanguage":"sv-SE","@id":"https:\/\/va-varuste.fi\/#\/schema\/logo\/image\/","url":"https:\/\/va-varuste.fi\/wp-content\/uploads\/2023\/09\/va-logo.svg","contentUrl":"https:\/\/va-varuste.fi\/wp-content\/uploads\/2023\/09\/va-logo.svg","caption":"VA-Varuste"},"image":{"@id":"https:\/\/va-varuste.fi\/#\/schema\/logo\/image\/"},"sameAs":["https:\/\/www.facebook.com\/vavarustefi\/","https:\/\/www.instagram.com\/vavaruste\/"]}]}},"_links":{"self":[{"href":"https:\/\/va-varuste.fi\/sv\/wp-json\/wp\/v2\/product\/233910","targetHints":{"allow":["GET"]}}],"collection":[{"href":"https:\/\/va-varuste.fi\/sv\/wp-json\/wp\/v2\/product"}],"about":[{"href":"https:\/\/va-varuste.fi\/sv\/wp-json\/wp\/v2\/types\/product"}],"wp:featuredmedia":[{"embeddable":true,"href":"https:\/\/va-varuste.fi\/sv\/wp-json\/wp\/v2\/media\/217642"}],"wp:attachment":[{"href":"https:\/\/va-varuste.fi\/sv\/wp-json\/wp\/v2\/media?parent=233910"}],"wp:term":[{"taxonomy":"product_brand","embeddable":true,"href":"https:\/\/va-varuste.fi\/sv\/wp-json\/wp\/v2\/product_brand?post=233910"},{"taxonomy":"product_cat","embeddable":true,"href":"https:\/\/va-varuste.fi\/sv\/wp-json\/wp\/v2\/product_cat?post=233910"},{"taxonomy":"product_tag","embeddable":true,"href":"https:\/\/va-varuste.fi\/sv\/wp-json\/wp\/v2\/product_tag?post=233910"}],"curies":[{"name":"wp","href":"https:\/\/api.w.org\/{rel}","templated":true}]}}