{"id":233919,"date":"2023-10-25T09:35:09","date_gmt":"2023-10-25T06:35:09","guid":{"rendered":"https:\/\/va-varuste.fi\/tuote\/sivuliuku-rst-1kpl\/"},"modified":"2026-03-25T11:25:10","modified_gmt":"2026-03-25T09:25:10","slug":"sivuliuku-rst-1kpl","status":"publish","type":"product","link":"https:\/\/va-varuste.fi\/sv\/produkt\/sivuliuku-rst-1kpl\/","title":{"rendered":"Sidoglidvagn, rostfritt st\u00e5l, 1st"},"content":{"rendered":"<p>Sidoglidvagn med beslag i rostfritt st\u00e5l \u00e4r en monteringsl\u00f6sning f\u00f6r glidskena som g\u00f6r att kapellb\u00e5gen kan f\u00e4stas vid glidskenan fr\u00e5n sidan. Monteringen inkluderar en glidvagn av nylon, sidobeslag med skruv samt en l\u00e5shandskruv.<\/p>\n<p>Passar s\u00e4rskilt bra f\u00f6r installation av st\u00f6rre kapell och bimini, eftersom delen \u00e4r cirka 50 mm l\u00e4ngre \u00e4n standardglidvagnen. Sidobeslaget i rostfritt st\u00e5l t\u00e5l marina f\u00f6rh\u00e5llanden.<\/p>\n<p>Produkten inneh\u00e5ller en glidvagnsmontering. Best\u00e4ll tv\u00e5 om du beh\u00f6ver ett par.<\/p>\n","protected":false},"excerpt":{"rendered":"<p>Sidoglidvagn med beslag i rostfritt st\u00e5l f\u00f6r glidskena. Nylonglidvagn, sidobeslag med skruv och l\u00e5sskruv. F\u00f6r st\u00f6rre kapell. 1 st.<\/p>\n","protected":false},"featured_media":217577,"template":"","meta":[],"product_brand":[],"product_cat":[628],"product_tag":[],"class_list":{"0":"post-233919","1":"product","2":"type-product","3":"status-publish","4":"has-post-thumbnail","6":"product_cat-monterings-och-bagrorbeslag","8":"first","9":"instock","10":"taxable","11":"shipping-taxable","12":"purchasable","13":"product-type-simple"},"yoast_head":"<!-- This site is optimized with the Yoast SEO plugin v27.4 - https:\/\/yoast.com\/product\/yoast-seo-wordpress\/ -->\n<title>Sidoglidvagn rostfritt st\u00e5l | VA-Varuste<\/title>\n<meta name=\"description\" content=\"Sidoglidvagn med beslag i rostfritt st\u00e5l f\u00f6r glidskena. Nylonglidvagn med sidobeslag och l\u00e5sskruv. Best\u00e4ll fr\u00e5n VA-Varuste.\" \/>\n<meta name=\"robots\" content=\"index, follow, max-snippet:-1, max-image-preview:large, max-video-preview:-1\" \/>\n<link rel=\"canonical\" href=\"https:\/\/va-varuste.fi\/tuote\/sivuliuku-rst-1kpl\/\" \/>\n<meta property=\"og:locale\" content=\"sv_SE\" \/>\n<meta property=\"og:type\" content=\"article\" \/>\n<meta property=\"og:title\" content=\"Sidoglidvagn rostfritt st\u00e5l | VA-Varuste\" \/>\n<meta property=\"og:description\" content=\"Sidoglidvagn med beslag i rostfritt st\u00e5l f\u00f6r glidskena. Nylonglidvagn med sidobeslag och l\u00e5sskruv. Best\u00e4ll fr\u00e5n VA-Varuste.\" \/>\n<meta property=\"og:url\" content=\"https:\/\/va-varuste.fi\/tuote\/sivuliuku-rst-1kpl\/\" \/>\n<meta property=\"og:site_name\" content=\"VA-Varuste\" \/>\n<meta property=\"article:publisher\" content=\"https:\/\/www.facebook.com\/vavarustefi\/\" \/>\n<meta property=\"article:modified_time\" content=\"2026-03-25T09:25:10+00:00\" \/>\n<meta property=\"og:image\" content=\"https:\/\/va-varuste.fi\/wp-content\/uploads\/2023\/10\/liuku_rst.jpg\" \/>\n\t<meta property=\"og:image:width\" content=\"800\" \/>\n\t<meta property=\"og:image:height\" content=\"800\" \/>\n\t<meta property=\"og:image:type\" content=\"image\/jpeg\" \/>\n<meta name=\"twitter:card\" content=\"summary_large_image\" \/>\n<script type=\"application\/ld+json\" class=\"yoast-schema-graph\">{\"@context\":\"https:\\\/\\\/schema.org\",\"@graph\":[{\"@type\":\"WebPage\",\"@id\":\"https:\\\/\\\/va-varuste.fi\\\/tuote\\\/sivuliuku-rst-1kpl\\\/\",\"url\":\"https:\\\/\\\/va-varuste.fi\\\/tuote\\\/sivuliuku-rst-1kpl\\\/\",\"name\":\"Sidoglidvagn rostfritt st\u00e5l | VA-Varuste\",\"isPartOf\":{\"@id\":\"https:\\\/\\\/va-varuste.fi\\\/#website\"},\"primaryImageOfPage\":{\"@id\":\"https:\\\/\\\/va-varuste.fi\\\/tuote\\\/sivuliuku-rst-1kpl\\\/#primaryimage\"},\"image\":{\"@id\":\"https:\\\/\\\/va-varuste.fi\\\/tuote\\\/sivuliuku-rst-1kpl\\\/#primaryimage\"},\"thumbnailUrl\":\"https:\\\/\\\/va-varuste.fi\\\/wp-content\\\/uploads\\\/2023\\\/10\\\/liuku_rst.jpg\",\"datePublished\":\"2023-10-25T06:35:09+00:00\",\"dateModified\":\"2026-03-25T09:25:10+00:00\",\"description\":\"Sidoglidvagn med beslag i rostfritt st\u00e5l f\u00f6r glidskena. Nylonglidvagn med sidobeslag och l\u00e5sskruv. Best\u00e4ll fr\u00e5n VA-Varuste.\",\"breadcrumb\":{\"@id\":\"https:\\\/\\\/va-varuste.fi\\\/tuote\\\/sivuliuku-rst-1kpl\\\/#breadcrumb\"},\"inLanguage\":\"sv-SE\",\"potentialAction\":[{\"@type\":\"ReadAction\",\"target\":[\"https:\\\/\\\/va-varuste.fi\\\/tuote\\\/sivuliuku-rst-1kpl\\\/\"]}]},{\"@type\":\"ImageObject\",\"inLanguage\":\"sv-SE\",\"@id\":\"https:\\\/\\\/va-varuste.fi\\\/tuote\\\/sivuliuku-rst-1kpl\\\/#primaryimage\",\"url\":\"https:\\\/\\\/va-varuste.fi\\\/wp-content\\\/uploads\\\/2023\\\/10\\\/liuku_rst.jpg\",\"contentUrl\":\"https:\\\/\\\/va-varuste.fi\\\/wp-content\\\/uploads\\\/2023\\\/10\\\/liuku_rst.jpg\",\"width\":800,\"height\":800},{\"@type\":\"BreadcrumbList\",\"@id\":\"https:\\\/\\\/va-varuste.fi\\\/tuote\\\/sivuliuku-rst-1kpl\\\/#breadcrumb\",\"itemListElement\":[{\"@type\":\"ListItem\",\"position\":1,\"name\":\"Etusivu\",\"item\":\"https:\\\/\\\/va-varuste.fi\\\/sv\\\/\"},{\"@type\":\"ListItem\",\"position\":2,\"name\":\"Webbutik\",\"item\":\"https:\\\/\\\/va-varuste.fi\\\/sv\\\/webbutik\\\/\"},{\"@type\":\"ListItem\",\"position\":3,\"name\":\"Sidoglidvagn, rostfritt st\u00e5l, 1st\"}]},{\"@type\":\"WebSite\",\"@id\":\"https:\\\/\\\/va-varuste.fi\\\/#website\",\"url\":\"https:\\\/\\\/va-varuste.fi\\\/\",\"name\":\"VA-Varuste\",\"description\":\"\",\"publisher\":{\"@id\":\"https:\\\/\\\/va-varuste.fi\\\/#organization\"},\"potentialAction\":[{\"@type\":\"SearchAction\",\"target\":{\"@type\":\"EntryPoint\",\"urlTemplate\":\"https:\\\/\\\/va-varuste.fi\\\/?s={search_term_string}\"},\"query-input\":{\"@type\":\"PropertyValueSpecification\",\"valueRequired\":true,\"valueName\":\"search_term_string\"}}],\"inLanguage\":\"sv-SE\"},{\"@type\":\"Organization\",\"@id\":\"https:\\\/\\\/va-varuste.fi\\\/#organization\",\"name\":\"VA-Varuste\",\"url\":\"https:\\\/\\\/va-varuste.fi\\\/\",\"logo\":{\"@type\":\"ImageObject\",\"inLanguage\":\"sv-SE\",\"@id\":\"https:\\\/\\\/va-varuste.fi\\\/#\\\/schema\\\/logo\\\/image\\\/\",\"url\":\"https:\\\/\\\/va-varuste.fi\\\/wp-content\\\/uploads\\\/2023\\\/09\\\/va-logo.svg\",\"contentUrl\":\"https:\\\/\\\/va-varuste.fi\\\/wp-content\\\/uploads\\\/2023\\\/09\\\/va-logo.svg\",\"caption\":\"VA-Varuste\"},\"image\":{\"@id\":\"https:\\\/\\\/va-varuste.fi\\\/#\\\/schema\\\/logo\\\/image\\\/\"},\"sameAs\":[\"https:\\\/\\\/www.facebook.com\\\/vavarustefi\\\/\",\"https:\\\/\\\/www.instagram.com\\\/vavaruste\\\/\"]}]}<\/script>\n<!-- \/ Yoast SEO plugin. -->","yoast_head_json":{"title":"Sidoglidvagn rostfritt st\u00e5l | VA-Varuste","description":"Sidoglidvagn med beslag i rostfritt st\u00e5l f\u00f6r glidskena. Nylonglidvagn med sidobeslag och l\u00e5sskruv. Best\u00e4ll fr\u00e5n VA-Varuste.","robots":{"index":"index","follow":"follow","max-snippet":"max-snippet:-1","max-image-preview":"max-image-preview:large","max-video-preview":"max-video-preview:-1"},"canonical":"https:\/\/va-varuste.fi\/tuote\/sivuliuku-rst-1kpl\/","og_locale":"sv_SE","og_type":"article","og_title":"Sidoglidvagn rostfritt st\u00e5l | VA-Varuste","og_description":"Sidoglidvagn med beslag i rostfritt st\u00e5l f\u00f6r glidskena. Nylonglidvagn med sidobeslag och l\u00e5sskruv. Best\u00e4ll fr\u00e5n VA-Varuste.","og_url":"https:\/\/va-varuste.fi\/tuote\/sivuliuku-rst-1kpl\/","og_site_name":"VA-Varuste","article_publisher":"https:\/\/www.facebook.com\/vavarustefi\/","article_modified_time":"2026-03-25T09:25:10+00:00","og_image":[{"width":800,"height":800,"url":"https:\/\/va-varuste.fi\/wp-content\/uploads\/2023\/10\/liuku_rst.jpg","type":"image\/jpeg"}],"twitter_card":"summary_large_image","schema":{"@context":"https:\/\/schema.org","@graph":[{"@type":"WebPage","@id":"https:\/\/va-varuste.fi\/tuote\/sivuliuku-rst-1kpl\/","url":"https:\/\/va-varuste.fi\/tuote\/sivuliuku-rst-1kpl\/","name":"Sidoglidvagn rostfritt st\u00e5l | VA-Varuste","isPartOf":{"@id":"https:\/\/va-varuste.fi\/#website"},"primaryImageOfPage":{"@id":"https:\/\/va-varuste.fi\/tuote\/sivuliuku-rst-1kpl\/#primaryimage"},"image":{"@id":"https:\/\/va-varuste.fi\/tuote\/sivuliuku-rst-1kpl\/#primaryimage"},"thumbnailUrl":"https:\/\/va-varuste.fi\/wp-content\/uploads\/2023\/10\/liuku_rst.jpg","datePublished":"2023-10-25T06:35:09+00:00","dateModified":"2026-03-25T09:25:10+00:00","description":"Sidoglidvagn med beslag i rostfritt st\u00e5l f\u00f6r glidskena. Nylonglidvagn med sidobeslag och l\u00e5sskruv. Best\u00e4ll fr\u00e5n VA-Varuste.","breadcrumb":{"@id":"https:\/\/va-varuste.fi\/tuote\/sivuliuku-rst-1kpl\/#breadcrumb"},"inLanguage":"sv-SE","potentialAction":[{"@type":"ReadAction","target":["https:\/\/va-varuste.fi\/tuote\/sivuliuku-rst-1kpl\/"]}]},{"@type":"ImageObject","inLanguage":"sv-SE","@id":"https:\/\/va-varuste.fi\/tuote\/sivuliuku-rst-1kpl\/#primaryimage","url":"https:\/\/va-varuste.fi\/wp-content\/uploads\/2023\/10\/liuku_rst.jpg","contentUrl":"https:\/\/va-varuste.fi\/wp-content\/uploads\/2023\/10\/liuku_rst.jpg","width":800,"height":800},{"@type":"BreadcrumbList","@id":"https:\/\/va-varuste.fi\/tuote\/sivuliuku-rst-1kpl\/#breadcrumb","itemListElement":[{"@type":"ListItem","position":1,"name":"Etusivu","item":"https:\/\/va-varuste.fi\/sv\/"},{"@type":"ListItem","position":2,"name":"Webbutik","item":"https:\/\/va-varuste.fi\/sv\/webbutik\/"},{"@type":"ListItem","position":3,"name":"Sidoglidvagn, rostfritt st\u00e5l, 1st"}]},{"@type":"WebSite","@id":"https:\/\/va-varuste.fi\/#website","url":"https:\/\/va-varuste.fi\/","name":"VA-Varuste","description":"","publisher":{"@id":"https:\/\/va-varuste.fi\/#organization"},"potentialAction":[{"@type":"SearchAction","target":{"@type":"EntryPoint","urlTemplate":"https:\/\/va-varuste.fi\/?s={search_term_string}"},"query-input":{"@type":"PropertyValueSpecification","valueRequired":true,"valueName":"search_term_string"}}],"inLanguage":"sv-SE"},{"@type":"Organization","@id":"https:\/\/va-varuste.fi\/#organization","name":"VA-Varuste","url":"https:\/\/va-varuste.fi\/","logo":{"@type":"ImageObject","inLanguage":"sv-SE","@id":"https:\/\/va-varuste.fi\/#\/schema\/logo\/image\/","url":"https:\/\/va-varuste.fi\/wp-content\/uploads\/2023\/09\/va-logo.svg","contentUrl":"https:\/\/va-varuste.fi\/wp-content\/uploads\/2023\/09\/va-logo.svg","caption":"VA-Varuste"},"image":{"@id":"https:\/\/va-varuste.fi\/#\/schema\/logo\/image\/"},"sameAs":["https:\/\/www.facebook.com\/vavarustefi\/","https:\/\/www.instagram.com\/vavaruste\/"]}]}},"_links":{"self":[{"href":"https:\/\/va-varuste.fi\/sv\/wp-json\/wp\/v2\/product\/233919","targetHints":{"allow":["GET"]}}],"collection":[{"href":"https:\/\/va-varuste.fi\/sv\/wp-json\/wp\/v2\/product"}],"about":[{"href":"https:\/\/va-varuste.fi\/sv\/wp-json\/wp\/v2\/types\/product"}],"wp:featuredmedia":[{"embeddable":true,"href":"https:\/\/va-varuste.fi\/sv\/wp-json\/wp\/v2\/media\/217577"}],"wp:attachment":[{"href":"https:\/\/va-varuste.fi\/sv\/wp-json\/wp\/v2\/media?parent=233919"}],"wp:term":[{"taxonomy":"product_brand","embeddable":true,"href":"https:\/\/va-varuste.fi\/sv\/wp-json\/wp\/v2\/product_brand?post=233919"},{"taxonomy":"product_cat","embeddable":true,"href":"https:\/\/va-varuste.fi\/sv\/wp-json\/wp\/v2\/product_cat?post=233919"},{"taxonomy":"product_tag","embeddable":true,"href":"https:\/\/va-varuste.fi\/sv\/wp-json\/wp\/v2\/product_tag?post=233919"}],"curies":[{"name":"wp","href":"https:\/\/api.w.org\/{rel}","templated":true}]}}