{"id":233941,"date":"2023-10-25T09:34:07","date_gmt":"2023-10-25T06:34:07","guid":{"rendered":"https:\/\/va-varuste.fi\/tuote\/star-brite-mustan-kasvuston-poistaja\/"},"modified":"2026-03-25T15:18:47","modified_gmt":"2026-03-25T13:18:47","slug":"star-brite-mustan-kasvuston-poistaja","status":"publish","type":"product","link":"https:\/\/va-varuste.fi\/sv\/produkt\/star-brite-mustan-kasvuston-poistaja\/","title":{"rendered":"Star brite &#8211; Fl\u00e4ckborttagare med blekmedel"},"content":{"rendered":"<p>Star brite fl\u00e4ckborttagare med blekmedel \u00e4r ett effektivt m\u00f6gelmedel som avl\u00e4gsnar svarta m\u00f6gelfl\u00e4ckar och p\u00e5v\u00e4xt fr\u00e5n tyger och h\u00e5rda ytor. Perfekt f\u00f6r reng\u00f6ring av b\u00e5tkapell, segel, tr\u00e4dg\u00e5rdsm\u00f6bler, stugor och hush\u00e5llsytor.<\/p>\n<p>Enkel att anv\u00e4nda: spraya p\u00e5 ytan, l\u00e5t verka och sk\u00f6lj med vatten. Den buffrade blekformeln f\u00f6rsvagar inte tygets h\u00e5llbarhet och skadar inte Sunbrella-akryltyger.<\/p>\n<p>Fl\u00e4ckborttagaren avl\u00e4gsnar effektivt sp\u00e5r av m\u00f6gel och svart p\u00e5v\u00e4xt men f\u00f6rhindrar inte att de \u00e5terkommer. Efter reng\u00f6ring rekommenderas att behandla ytan med ett impregneringsmedel som Tex&#8217;Aktiv Guard, som \u00e5terst\u00e4ller tygets vattenavvisande f\u00f6rm\u00e5ga.<\/p>\n<p>650 ml flaska med spraymunstyck. F\u00f6rvaras svalt och torrt, utom r\u00e4ckh\u00e5ll f\u00f6r barn.<\/p>\n","protected":false},"excerpt":{"rendered":"<p>Star brite fl\u00e4ckborttagare med blekmedel avl\u00e4gsnar svarta m\u00f6gelfl\u00e4ckar fr\u00e5n tyger och h\u00e5rda ytor. F\u00f6r b\u00e5tar, stugor och hush\u00e5ll. F\u00f6rsvagar inte tyget.<\/p>\n","protected":false},"featured_media":217497,"template":"","meta":[],"product_brand":[],"product_cat":[624,626],"product_tag":[1298,1299,1300,1301],"class_list":{"0":"post-233941","1":"product","2":"type-product","3":"status-publish","4":"has-post-thumbnail","6":"product_cat-alla-produkter","7":"product_cat-vardprodukter-och-mogelborttagning","8":"product_tag-home","9":"product_tag-homeenpoistaja","10":"product_tag-pesu","11":"product_tag-poisto","13":"first","14":"instock","15":"taxable","16":"shipping-taxable","17":"purchasable","18":"product-type-simple"},"yoast_head":"<!-- This site is optimized with the Yoast SEO plugin v27.4 - https:\/\/yoast.com\/product\/yoast-seo-wordpress\/ -->\n<title>Star brite fl\u00e4ckborttagare med blekmedel | VA-Varuste<\/title>\n<meta name=\"description\" content=\"Star brite fl\u00e4ckborttagare med blekmedel avl\u00e4gsnar svart m\u00f6gel fr\u00e5n tyger och h\u00e5rda ytor. S\u00e4ker f\u00f6r Sunbrella-tyger. Best\u00e4ll fr\u00e5n VA-Varuste.\" \/>\n<meta name=\"robots\" content=\"index, follow, max-snippet:-1, max-image-preview:large, max-video-preview:-1\" \/>\n<link rel=\"canonical\" href=\"https:\/\/va-varuste.fi\/tuote\/star-brite-mustan-kasvuston-poistaja\/\" \/>\n<meta property=\"og:locale\" content=\"sv_SE\" \/>\n<meta property=\"og:type\" content=\"article\" \/>\n<meta property=\"og:title\" content=\"Star brite fl\u00e4ckborttagare med blekmedel | VA-Varuste\" \/>\n<meta property=\"og:description\" content=\"Star brite fl\u00e4ckborttagare med blekmedel avl\u00e4gsnar svart m\u00f6gel fr\u00e5n tyger och h\u00e5rda ytor. S\u00e4ker f\u00f6r Sunbrella-tyger. Best\u00e4ll fr\u00e5n VA-Varuste.\" \/>\n<meta property=\"og:url\" content=\"https:\/\/va-varuste.fi\/tuote\/star-brite-mustan-kasvuston-poistaja\/\" \/>\n<meta property=\"og:site_name\" content=\"VA-Varuste\" \/>\n<meta property=\"article:publisher\" content=\"https:\/\/www.facebook.com\/vavarustefi\/\" \/>\n<meta property=\"article:modified_time\" content=\"2026-03-25T13:18:47+00:00\" \/>\n<meta property=\"og:image\" content=\"https:\/\/va-varuste.fi\/wp-content\/uploads\/2023\/10\/mustan-kasvuston-poistaja.jpg\" \/>\n\t<meta property=\"og:image:width\" content=\"1908\" \/>\n\t<meta property=\"og:image:height\" content=\"1908\" \/>\n\t<meta property=\"og:image:type\" content=\"image\/jpeg\" \/>\n<meta name=\"twitter:card\" content=\"summary_large_image\" \/>\n<meta name=\"twitter:label1\" content=\"Ber\u00e4knad l\u00e4stid\" \/>\n\t<meta name=\"twitter:data1\" content=\"1 minut\" \/>\n<script type=\"application\/ld+json\" class=\"yoast-schema-graph\">{\"@context\":\"https:\\\/\\\/schema.org\",\"@graph\":[{\"@type\":\"WebPage\",\"@id\":\"https:\\\/\\\/va-varuste.fi\\\/tuote\\\/star-brite-mustan-kasvuston-poistaja\\\/\",\"url\":\"https:\\\/\\\/va-varuste.fi\\\/tuote\\\/star-brite-mustan-kasvuston-poistaja\\\/\",\"name\":\"Star brite fl\u00e4ckborttagare med blekmedel | VA-Varuste\",\"isPartOf\":{\"@id\":\"https:\\\/\\\/va-varuste.fi\\\/#website\"},\"primaryImageOfPage\":{\"@id\":\"https:\\\/\\\/va-varuste.fi\\\/tuote\\\/star-brite-mustan-kasvuston-poistaja\\\/#primaryimage\"},\"image\":{\"@id\":\"https:\\\/\\\/va-varuste.fi\\\/tuote\\\/star-brite-mustan-kasvuston-poistaja\\\/#primaryimage\"},\"thumbnailUrl\":\"https:\\\/\\\/va-varuste.fi\\\/wp-content\\\/uploads\\\/2023\\\/10\\\/mustan-kasvuston-poistaja.jpg\",\"datePublished\":\"2023-10-25T06:34:07+00:00\",\"dateModified\":\"2026-03-25T13:18:47+00:00\",\"description\":\"Star brite fl\u00e4ckborttagare med blekmedel avl\u00e4gsnar svart m\u00f6gel fr\u00e5n tyger och h\u00e5rda ytor. S\u00e4ker f\u00f6r Sunbrella-tyger. Best\u00e4ll fr\u00e5n VA-Varuste.\",\"breadcrumb\":{\"@id\":\"https:\\\/\\\/va-varuste.fi\\\/tuote\\\/star-brite-mustan-kasvuston-poistaja\\\/#breadcrumb\"},\"inLanguage\":\"sv-SE\",\"potentialAction\":[{\"@type\":\"ReadAction\",\"target\":[\"https:\\\/\\\/va-varuste.fi\\\/tuote\\\/star-brite-mustan-kasvuston-poistaja\\\/\"]}]},{\"@type\":\"ImageObject\",\"inLanguage\":\"sv-SE\",\"@id\":\"https:\\\/\\\/va-varuste.fi\\\/tuote\\\/star-brite-mustan-kasvuston-poistaja\\\/#primaryimage\",\"url\":\"https:\\\/\\\/va-varuste.fi\\\/wp-content\\\/uploads\\\/2023\\\/10\\\/mustan-kasvuston-poistaja.jpg\",\"contentUrl\":\"https:\\\/\\\/va-varuste.fi\\\/wp-content\\\/uploads\\\/2023\\\/10\\\/mustan-kasvuston-poistaja.jpg\",\"width\":1908,\"height\":1908},{\"@type\":\"BreadcrumbList\",\"@id\":\"https:\\\/\\\/va-varuste.fi\\\/tuote\\\/star-brite-mustan-kasvuston-poistaja\\\/#breadcrumb\",\"itemListElement\":[{\"@type\":\"ListItem\",\"position\":1,\"name\":\"Etusivu\",\"item\":\"https:\\\/\\\/va-varuste.fi\\\/sv\\\/\"},{\"@type\":\"ListItem\",\"position\":2,\"name\":\"Webbutik\",\"item\":\"https:\\\/\\\/va-varuste.fi\\\/sv\\\/webbutik\\\/\"},{\"@type\":\"ListItem\",\"position\":3,\"name\":\"Star brite &#8211; Fl\u00e4ckborttagare med blekmedel\"}]},{\"@type\":\"WebSite\",\"@id\":\"https:\\\/\\\/va-varuste.fi\\\/#website\",\"url\":\"https:\\\/\\\/va-varuste.fi\\\/\",\"name\":\"VA-Varuste\",\"description\":\"\",\"publisher\":{\"@id\":\"https:\\\/\\\/va-varuste.fi\\\/#organization\"},\"potentialAction\":[{\"@type\":\"SearchAction\",\"target\":{\"@type\":\"EntryPoint\",\"urlTemplate\":\"https:\\\/\\\/va-varuste.fi\\\/?s={search_term_string}\"},\"query-input\":{\"@type\":\"PropertyValueSpecification\",\"valueRequired\":true,\"valueName\":\"search_term_string\"}}],\"inLanguage\":\"sv-SE\"},{\"@type\":\"Organization\",\"@id\":\"https:\\\/\\\/va-varuste.fi\\\/#organization\",\"name\":\"VA-Varuste\",\"url\":\"https:\\\/\\\/va-varuste.fi\\\/\",\"logo\":{\"@type\":\"ImageObject\",\"inLanguage\":\"sv-SE\",\"@id\":\"https:\\\/\\\/va-varuste.fi\\\/#\\\/schema\\\/logo\\\/image\\\/\",\"url\":\"https:\\\/\\\/va-varuste.fi\\\/wp-content\\\/uploads\\\/2023\\\/09\\\/va-logo.svg\",\"contentUrl\":\"https:\\\/\\\/va-varuste.fi\\\/wp-content\\\/uploads\\\/2023\\\/09\\\/va-logo.svg\",\"caption\":\"VA-Varuste\"},\"image\":{\"@id\":\"https:\\\/\\\/va-varuste.fi\\\/#\\\/schema\\\/logo\\\/image\\\/\"},\"sameAs\":[\"https:\\\/\\\/www.facebook.com\\\/vavarustefi\\\/\",\"https:\\\/\\\/www.instagram.com\\\/vavaruste\\\/\"]}]}<\/script>\n<!-- \/ Yoast SEO plugin. -->","yoast_head_json":{"title":"Star brite fl\u00e4ckborttagare med blekmedel | VA-Varuste","description":"Star brite fl\u00e4ckborttagare med blekmedel avl\u00e4gsnar svart m\u00f6gel fr\u00e5n tyger och h\u00e5rda ytor. S\u00e4ker f\u00f6r Sunbrella-tyger. Best\u00e4ll fr\u00e5n VA-Varuste.","robots":{"index":"index","follow":"follow","max-snippet":"max-snippet:-1","max-image-preview":"max-image-preview:large","max-video-preview":"max-video-preview:-1"},"canonical":"https:\/\/va-varuste.fi\/tuote\/star-brite-mustan-kasvuston-poistaja\/","og_locale":"sv_SE","og_type":"article","og_title":"Star brite fl\u00e4ckborttagare med blekmedel | VA-Varuste","og_description":"Star brite fl\u00e4ckborttagare med blekmedel avl\u00e4gsnar svart m\u00f6gel fr\u00e5n tyger och h\u00e5rda ytor. S\u00e4ker f\u00f6r Sunbrella-tyger. Best\u00e4ll fr\u00e5n VA-Varuste.","og_url":"https:\/\/va-varuste.fi\/tuote\/star-brite-mustan-kasvuston-poistaja\/","og_site_name":"VA-Varuste","article_publisher":"https:\/\/www.facebook.com\/vavarustefi\/","article_modified_time":"2026-03-25T13:18:47+00:00","og_image":[{"width":1908,"height":1908,"url":"https:\/\/va-varuste.fi\/wp-content\/uploads\/2023\/10\/mustan-kasvuston-poistaja.jpg","type":"image\/jpeg"}],"twitter_card":"summary_large_image","twitter_misc":{"Ber\u00e4knad l\u00e4stid":"1 minut"},"schema":{"@context":"https:\/\/schema.org","@graph":[{"@type":"WebPage","@id":"https:\/\/va-varuste.fi\/tuote\/star-brite-mustan-kasvuston-poistaja\/","url":"https:\/\/va-varuste.fi\/tuote\/star-brite-mustan-kasvuston-poistaja\/","name":"Star brite fl\u00e4ckborttagare med blekmedel | VA-Varuste","isPartOf":{"@id":"https:\/\/va-varuste.fi\/#website"},"primaryImageOfPage":{"@id":"https:\/\/va-varuste.fi\/tuote\/star-brite-mustan-kasvuston-poistaja\/#primaryimage"},"image":{"@id":"https:\/\/va-varuste.fi\/tuote\/star-brite-mustan-kasvuston-poistaja\/#primaryimage"},"thumbnailUrl":"https:\/\/va-varuste.fi\/wp-content\/uploads\/2023\/10\/mustan-kasvuston-poistaja.jpg","datePublished":"2023-10-25T06:34:07+00:00","dateModified":"2026-03-25T13:18:47+00:00","description":"Star brite fl\u00e4ckborttagare med blekmedel avl\u00e4gsnar svart m\u00f6gel fr\u00e5n tyger och h\u00e5rda ytor. S\u00e4ker f\u00f6r Sunbrella-tyger. Best\u00e4ll fr\u00e5n VA-Varuste.","breadcrumb":{"@id":"https:\/\/va-varuste.fi\/tuote\/star-brite-mustan-kasvuston-poistaja\/#breadcrumb"},"inLanguage":"sv-SE","potentialAction":[{"@type":"ReadAction","target":["https:\/\/va-varuste.fi\/tuote\/star-brite-mustan-kasvuston-poistaja\/"]}]},{"@type":"ImageObject","inLanguage":"sv-SE","@id":"https:\/\/va-varuste.fi\/tuote\/star-brite-mustan-kasvuston-poistaja\/#primaryimage","url":"https:\/\/va-varuste.fi\/wp-content\/uploads\/2023\/10\/mustan-kasvuston-poistaja.jpg","contentUrl":"https:\/\/va-varuste.fi\/wp-content\/uploads\/2023\/10\/mustan-kasvuston-poistaja.jpg","width":1908,"height":1908},{"@type":"BreadcrumbList","@id":"https:\/\/va-varuste.fi\/tuote\/star-brite-mustan-kasvuston-poistaja\/#breadcrumb","itemListElement":[{"@type":"ListItem","position":1,"name":"Etusivu","item":"https:\/\/va-varuste.fi\/sv\/"},{"@type":"ListItem","position":2,"name":"Webbutik","item":"https:\/\/va-varuste.fi\/sv\/webbutik\/"},{"@type":"ListItem","position":3,"name":"Star brite &#8211; Fl\u00e4ckborttagare med blekmedel"}]},{"@type":"WebSite","@id":"https:\/\/va-varuste.fi\/#website","url":"https:\/\/va-varuste.fi\/","name":"VA-Varuste","description":"","publisher":{"@id":"https:\/\/va-varuste.fi\/#organization"},"potentialAction":[{"@type":"SearchAction","target":{"@type":"EntryPoint","urlTemplate":"https:\/\/va-varuste.fi\/?s={search_term_string}"},"query-input":{"@type":"PropertyValueSpecification","valueRequired":true,"valueName":"search_term_string"}}],"inLanguage":"sv-SE"},{"@type":"Organization","@id":"https:\/\/va-varuste.fi\/#organization","name":"VA-Varuste","url":"https:\/\/va-varuste.fi\/","logo":{"@type":"ImageObject","inLanguage":"sv-SE","@id":"https:\/\/va-varuste.fi\/#\/schema\/logo\/image\/","url":"https:\/\/va-varuste.fi\/wp-content\/uploads\/2023\/09\/va-logo.svg","contentUrl":"https:\/\/va-varuste.fi\/wp-content\/uploads\/2023\/09\/va-logo.svg","caption":"VA-Varuste"},"image":{"@id":"https:\/\/va-varuste.fi\/#\/schema\/logo\/image\/"},"sameAs":["https:\/\/www.facebook.com\/vavarustefi\/","https:\/\/www.instagram.com\/vavaruste\/"]}]}},"_links":{"self":[{"href":"https:\/\/va-varuste.fi\/sv\/wp-json\/wp\/v2\/product\/233941","targetHints":{"allow":["GET"]}}],"collection":[{"href":"https:\/\/va-varuste.fi\/sv\/wp-json\/wp\/v2\/product"}],"about":[{"href":"https:\/\/va-varuste.fi\/sv\/wp-json\/wp\/v2\/types\/product"}],"wp:featuredmedia":[{"embeddable":true,"href":"https:\/\/va-varuste.fi\/sv\/wp-json\/wp\/v2\/media\/217497"}],"wp:attachment":[{"href":"https:\/\/va-varuste.fi\/sv\/wp-json\/wp\/v2\/media?parent=233941"}],"wp:term":[{"taxonomy":"product_brand","embeddable":true,"href":"https:\/\/va-varuste.fi\/sv\/wp-json\/wp\/v2\/product_brand?post=233941"},{"taxonomy":"product_cat","embeddable":true,"href":"https:\/\/va-varuste.fi\/sv\/wp-json\/wp\/v2\/product_cat?post=233941"},{"taxonomy":"product_tag","embeddable":true,"href":"https:\/\/va-varuste.fi\/sv\/wp-json\/wp\/v2\/product_tag?post=233941"}],"curies":[{"name":"wp","href":"https:\/\/api.w.org\/{rel}","templated":true}]}}