{"id":233983,"date":"2023-10-25T09:32:12","date_gmt":"2023-10-25T06:32:12","guid":{"rendered":"https:\/\/va-varuste.fi\/tuote\/rasant-35-wr-musta-4000\/"},"modified":"2026-03-26T13:42:39","modified_gmt":"2026-03-26T11:42:39","slug":"rasant-35-wr-musta-4000","status":"publish","type":"product","link":"https:\/\/va-varuste.fi\/sv\/produkt\/rasant-35-wr-musta-4000\/","title":{"rendered":"Rasant 35 WR Svart 4000"},"content":{"rendered":"<p>Rasant 35 WR svart \u00e4r en vattenbest\u00e4ndig (WR = Water Repellent) sytr\u00e5d f\u00f6r s\u00f6mnad av kapell och \u00f6verdrag. Polyester\/bomulls-blandtr\u00e5den kombinerar polyesters styrka med bomulls s\u00f6mbarhet.<\/p>\n<p>Tr\u00e5dnummer 35 anger tjockleken (Nm 35) \u2014 passar f\u00f6r medeltjocka till tunga material som kapelltyger och PVC-\u00f6verdrag. WR-behandlingen f\u00f6rhindrar vatten fr\u00e5n att tr\u00e4nga genom n\u00e5lh\u00e5l.<\/p>\n<p>Rullstorlek 5000 m. F\u00e4rgkod 4000 (svart).<\/p>\n<p>Professionell sytr\u00e5d f\u00f6r marin textilproduktion och reparationer.<\/p>\n","protected":false},"excerpt":{"rendered":"<p>Rasant 35 WR svart vattenbest\u00e4ndig kapelltr\u00e5d. Polyester\/bomull, 5000 m\/rulle. F\u00f6r s\u00f6mnad av kapell och \u00f6verdrag.<\/p>\n","protected":false},"featured_media":217248,"template":"","meta":[],"product_brand":[],"product_cat":[624,675],"product_tag":[],"class_list":{"0":"post-233983","1":"product","2":"type-product","3":"status-publish","4":"has-post-thumbnail","6":"product_cat-alla-produkter","7":"product_cat-kapellgarn","9":"first","10":"instock","11":"taxable","12":"shipping-taxable","13":"purchasable","14":"product-type-simple"},"yoast_head":"<!-- This site is optimized with the Yoast SEO plugin v27.2 - https:\/\/yoast.com\/product\/yoast-seo-wordpress\/ -->\n<title>Rasant 35 WR Svart kapelltr\u00e5d | VA-Varuste<\/title>\n<meta name=\"description\" content=\"Rasant 35 WR svart vattenbest\u00e4ndig kapelltr\u00e5d. Polyester\/bomull, 5000 m\/rulle. F\u00f6r marina textilier. Best\u00e4ll fr\u00e5n VA-Varuste.\" \/>\n<meta name=\"robots\" content=\"index, follow, max-snippet:-1, max-image-preview:large, max-video-preview:-1\" \/>\n<link rel=\"canonical\" href=\"https:\/\/va-varuste.fi\/tuote\/rasant-35-wr-musta-4000\/\" \/>\n<meta property=\"og:locale\" content=\"sv_SE\" \/>\n<meta property=\"og:type\" content=\"article\" \/>\n<meta property=\"og:title\" content=\"Rasant 35 WR Svart kapelltr\u00e5d | VA-Varuste\" \/>\n<meta property=\"og:description\" content=\"Rasant 35 WR svart vattenbest\u00e4ndig kapelltr\u00e5d. Polyester\/bomull, 5000 m\/rulle. F\u00f6r marina textilier. Best\u00e4ll fr\u00e5n VA-Varuste.\" \/>\n<meta property=\"og:url\" content=\"https:\/\/va-varuste.fi\/tuote\/rasant-35-wr-musta-4000\/\" \/>\n<meta property=\"og:site_name\" content=\"VA-Varuste\" \/>\n<meta property=\"article:publisher\" content=\"https:\/\/www.facebook.com\/vavarustefi\/\" \/>\n<meta property=\"article:modified_time\" content=\"2026-03-26T11:42:39+00:00\" \/>\n<meta property=\"og:image\" content=\"https:\/\/va-varuste.fi\/wp-content\/uploads\/2023\/10\/4000-1.jpg\" \/>\n\t<meta property=\"og:image:width\" content=\"864\" \/>\n\t<meta property=\"og:image:height\" content=\"864\" \/>\n\t<meta property=\"og:image:type\" content=\"image\/jpeg\" \/>\n<meta name=\"twitter:card\" content=\"summary_large_image\" \/>\n<script type=\"application\/ld+json\" class=\"yoast-schema-graph\">{\"@context\":\"https:\/\/schema.org\",\"@graph\":[{\"@type\":\"WebPage\",\"@id\":\"https:\/\/va-varuste.fi\/tuote\/rasant-35-wr-musta-4000\/\",\"url\":\"https:\/\/va-varuste.fi\/tuote\/rasant-35-wr-musta-4000\/\",\"name\":\"Rasant 35 WR Svart kapelltr\u00e5d | VA-Varuste\",\"isPartOf\":{\"@id\":\"https:\/\/va-varuste.fi\/#website\"},\"primaryImageOfPage\":{\"@id\":\"https:\/\/va-varuste.fi\/tuote\/rasant-35-wr-musta-4000\/#primaryimage\"},\"image\":{\"@id\":\"https:\/\/va-varuste.fi\/tuote\/rasant-35-wr-musta-4000\/#primaryimage\"},\"thumbnailUrl\":\"https:\/\/va-varuste.fi\/wp-content\/uploads\/2023\/10\/4000-1.jpg\",\"datePublished\":\"2023-10-25T06:32:12+00:00\",\"dateModified\":\"2026-03-26T11:42:39+00:00\",\"description\":\"Rasant 35 WR svart vattenbest\u00e4ndig kapelltr\u00e5d. Polyester\/bomull, 5000 m\/rulle. F\u00f6r marina textilier. Best\u00e4ll fr\u00e5n VA-Varuste.\",\"breadcrumb\":{\"@id\":\"https:\/\/va-varuste.fi\/tuote\/rasant-35-wr-musta-4000\/#breadcrumb\"},\"inLanguage\":\"sv-SE\",\"potentialAction\":[{\"@type\":\"ReadAction\",\"target\":[\"https:\/\/va-varuste.fi\/tuote\/rasant-35-wr-musta-4000\/\"]}]},{\"@type\":\"ImageObject\",\"inLanguage\":\"sv-SE\",\"@id\":\"https:\/\/va-varuste.fi\/tuote\/rasant-35-wr-musta-4000\/#primaryimage\",\"url\":\"https:\/\/va-varuste.fi\/wp-content\/uploads\/2023\/10\/4000-1.jpg\",\"contentUrl\":\"https:\/\/va-varuste.fi\/wp-content\/uploads\/2023\/10\/4000-1.jpg\",\"width\":864,\"height\":864},{\"@type\":\"BreadcrumbList\",\"@id\":\"https:\/\/va-varuste.fi\/tuote\/rasant-35-wr-musta-4000\/#breadcrumb\",\"itemListElement\":[{\"@type\":\"ListItem\",\"position\":1,\"name\":\"Etusivu\",\"item\":\"https:\/\/va-varuste.fi\/sv\/\"},{\"@type\":\"ListItem\",\"position\":2,\"name\":\"Webbutik\",\"item\":\"https:\/\/va-varuste.fi\/sv\/webbutik\/\"},{\"@type\":\"ListItem\",\"position\":3,\"name\":\"Rasant 35 WR Svart 4000\"}]},{\"@type\":\"WebSite\",\"@id\":\"https:\/\/va-varuste.fi\/#website\",\"url\":\"https:\/\/va-varuste.fi\/\",\"name\":\"VA-Varuste\",\"description\":\"\",\"publisher\":{\"@id\":\"https:\/\/va-varuste.fi\/#organization\"},\"potentialAction\":[{\"@type\":\"SearchAction\",\"target\":{\"@type\":\"EntryPoint\",\"urlTemplate\":\"https:\/\/va-varuste.fi\/?s={search_term_string}\"},\"query-input\":{\"@type\":\"PropertyValueSpecification\",\"valueRequired\":true,\"valueName\":\"search_term_string\"}}],\"inLanguage\":\"sv-SE\"},{\"@type\":\"Organization\",\"@id\":\"https:\/\/va-varuste.fi\/#organization\",\"name\":\"VA-Varuste\",\"url\":\"https:\/\/va-varuste.fi\/\",\"logo\":{\"@type\":\"ImageObject\",\"inLanguage\":\"sv-SE\",\"@id\":\"https:\/\/va-varuste.fi\/#\/schema\/logo\/image\/\",\"url\":\"https:\/\/va-varuste.fi\/wp-content\/uploads\/2023\/09\/va-logo.svg\",\"contentUrl\":\"https:\/\/va-varuste.fi\/wp-content\/uploads\/2023\/09\/va-logo.svg\",\"caption\":\"VA-Varuste\"},\"image\":{\"@id\":\"https:\/\/va-varuste.fi\/#\/schema\/logo\/image\/\"},\"sameAs\":[\"https:\/\/www.facebook.com\/vavarustefi\/\",\"https:\/\/www.instagram.com\/vavaruste\/\"]}]}<\/script>\n<!-- \/ Yoast SEO plugin. -->","yoast_head_json":{"title":"Rasant 35 WR Svart kapelltr\u00e5d | VA-Varuste","description":"Rasant 35 WR svart vattenbest\u00e4ndig kapelltr\u00e5d. Polyester\/bomull, 5000 m\/rulle. F\u00f6r marina textilier. Best\u00e4ll fr\u00e5n VA-Varuste.","robots":{"index":"index","follow":"follow","max-snippet":"max-snippet:-1","max-image-preview":"max-image-preview:large","max-video-preview":"max-video-preview:-1"},"canonical":"https:\/\/va-varuste.fi\/tuote\/rasant-35-wr-musta-4000\/","og_locale":"sv_SE","og_type":"article","og_title":"Rasant 35 WR Svart kapelltr\u00e5d | VA-Varuste","og_description":"Rasant 35 WR svart vattenbest\u00e4ndig kapelltr\u00e5d. Polyester\/bomull, 5000 m\/rulle. F\u00f6r marina textilier. Best\u00e4ll fr\u00e5n VA-Varuste.","og_url":"https:\/\/va-varuste.fi\/tuote\/rasant-35-wr-musta-4000\/","og_site_name":"VA-Varuste","article_publisher":"https:\/\/www.facebook.com\/vavarustefi\/","article_modified_time":"2026-03-26T11:42:39+00:00","og_image":[{"width":864,"height":864,"url":"https:\/\/va-varuste.fi\/wp-content\/uploads\/2023\/10\/4000-1.jpg","type":"image\/jpeg"}],"twitter_card":"summary_large_image","schema":{"@context":"https:\/\/schema.org","@graph":[{"@type":"WebPage","@id":"https:\/\/va-varuste.fi\/tuote\/rasant-35-wr-musta-4000\/","url":"https:\/\/va-varuste.fi\/tuote\/rasant-35-wr-musta-4000\/","name":"Rasant 35 WR Svart kapelltr\u00e5d | VA-Varuste","isPartOf":{"@id":"https:\/\/va-varuste.fi\/#website"},"primaryImageOfPage":{"@id":"https:\/\/va-varuste.fi\/tuote\/rasant-35-wr-musta-4000\/#primaryimage"},"image":{"@id":"https:\/\/va-varuste.fi\/tuote\/rasant-35-wr-musta-4000\/#primaryimage"},"thumbnailUrl":"https:\/\/va-varuste.fi\/wp-content\/uploads\/2023\/10\/4000-1.jpg","datePublished":"2023-10-25T06:32:12+00:00","dateModified":"2026-03-26T11:42:39+00:00","description":"Rasant 35 WR svart vattenbest\u00e4ndig kapelltr\u00e5d. Polyester\/bomull, 5000 m\/rulle. F\u00f6r marina textilier. Best\u00e4ll fr\u00e5n VA-Varuste.","breadcrumb":{"@id":"https:\/\/va-varuste.fi\/tuote\/rasant-35-wr-musta-4000\/#breadcrumb"},"inLanguage":"sv-SE","potentialAction":[{"@type":"ReadAction","target":["https:\/\/va-varuste.fi\/tuote\/rasant-35-wr-musta-4000\/"]}]},{"@type":"ImageObject","inLanguage":"sv-SE","@id":"https:\/\/va-varuste.fi\/tuote\/rasant-35-wr-musta-4000\/#primaryimage","url":"https:\/\/va-varuste.fi\/wp-content\/uploads\/2023\/10\/4000-1.jpg","contentUrl":"https:\/\/va-varuste.fi\/wp-content\/uploads\/2023\/10\/4000-1.jpg","width":864,"height":864},{"@type":"BreadcrumbList","@id":"https:\/\/va-varuste.fi\/tuote\/rasant-35-wr-musta-4000\/#breadcrumb","itemListElement":[{"@type":"ListItem","position":1,"name":"Etusivu","item":"https:\/\/va-varuste.fi\/sv\/"},{"@type":"ListItem","position":2,"name":"Webbutik","item":"https:\/\/va-varuste.fi\/sv\/webbutik\/"},{"@type":"ListItem","position":3,"name":"Rasant 35 WR Svart 4000"}]},{"@type":"WebSite","@id":"https:\/\/va-varuste.fi\/#website","url":"https:\/\/va-varuste.fi\/","name":"VA-Varuste","description":"","publisher":{"@id":"https:\/\/va-varuste.fi\/#organization"},"potentialAction":[{"@type":"SearchAction","target":{"@type":"EntryPoint","urlTemplate":"https:\/\/va-varuste.fi\/?s={search_term_string}"},"query-input":{"@type":"PropertyValueSpecification","valueRequired":true,"valueName":"search_term_string"}}],"inLanguage":"sv-SE"},{"@type":"Organization","@id":"https:\/\/va-varuste.fi\/#organization","name":"VA-Varuste","url":"https:\/\/va-varuste.fi\/","logo":{"@type":"ImageObject","inLanguage":"sv-SE","@id":"https:\/\/va-varuste.fi\/#\/schema\/logo\/image\/","url":"https:\/\/va-varuste.fi\/wp-content\/uploads\/2023\/09\/va-logo.svg","contentUrl":"https:\/\/va-varuste.fi\/wp-content\/uploads\/2023\/09\/va-logo.svg","caption":"VA-Varuste"},"image":{"@id":"https:\/\/va-varuste.fi\/#\/schema\/logo\/image\/"},"sameAs":["https:\/\/www.facebook.com\/vavarustefi\/","https:\/\/www.instagram.com\/vavaruste\/"]}]}},"_links":{"self":[{"href":"https:\/\/va-varuste.fi\/sv\/wp-json\/wp\/v2\/product\/233983","targetHints":{"allow":["GET"]}}],"collection":[{"href":"https:\/\/va-varuste.fi\/sv\/wp-json\/wp\/v2\/product"}],"about":[{"href":"https:\/\/va-varuste.fi\/sv\/wp-json\/wp\/v2\/types\/product"}],"wp:featuredmedia":[{"embeddable":true,"href":"https:\/\/va-varuste.fi\/sv\/wp-json\/wp\/v2\/media\/217248"}],"wp:attachment":[{"href":"https:\/\/va-varuste.fi\/sv\/wp-json\/wp\/v2\/media?parent=233983"}],"wp:term":[{"taxonomy":"product_brand","embeddable":true,"href":"https:\/\/va-varuste.fi\/sv\/wp-json\/wp\/v2\/product_brand?post=233983"},{"taxonomy":"product_cat","embeddable":true,"href":"https:\/\/va-varuste.fi\/sv\/wp-json\/wp\/v2\/product_cat?post=233983"},{"taxonomy":"product_tag","embeddable":true,"href":"https:\/\/va-varuste.fi\/sv\/wp-json\/wp\/v2\/product_tag?post=233983"}],"curies":[{"name":"wp","href":"https:\/\/api.w.org\/{rel}","templated":true}]}}