{"id":233997,"date":"2023-10-25T09:31:26","date_gmt":"2023-10-25T06:31:26","guid":{"rendered":"https:\/\/va-varuste.fi\/tuote\/serafil-40-oranssi-0123-wr\/"},"modified":"2026-03-26T13:42:55","modified_gmt":"2026-03-26T11:42:55","slug":"serafil-40-oranssi-0123-wr","status":"publish","type":"product","link":"https:\/\/va-varuste.fi\/sv\/produkt\/serafil-40-oranssi-0123-wr\/","title":{"rendered":"Serafil 40 Orange 0123 WR"},"content":{"rendered":"<p>Amann Serafil \u00e4r en industriell polyestersytr\u00e5d avsedd f\u00f6r s\u00f6mnad av l\u00e4der, konstl\u00e4der och tunga material. Tr\u00e5den \u00e4r tillverkad av 100 % polyester (kontinuerligt filament).<\/p>\n<p>Serafil-tr\u00e5dens egenskaper: utm\u00e4rkt s\u00f6mnstyrka, subtil glans, perfekt stygn\u00adbildning och b\u00e4sta s\u00f6mprestanda. Tr\u00e5den \u00e4r OEKO-TEX\u00ae STANDARD 100-certifierad (produktklass I). WR-behandling (Water Resistant) g\u00f6r tr\u00e5den vattenbest\u00e4ndig.<\/p>\n<p>Serafil 40 \u00e4r standards\u00f6mvikten, l\u00e4mpad f\u00f6r st\u00e4ng- och dekors\u00f6mmar p\u00e5 b\u00e5tstolar, dynor och marina textilier. L\u00e4ngd 1200 m\/rulle.<\/p>\n<p>F\u00e4rg: Orange 0123.<\/p>\n<p><a href=\"https:\/\/www.amann.com\/products\/product\/serafil\/\" target=\"_blank\" rel=\"noopener\">Tillverkarens produktsida (Amann Serafil)<\/a><\/p>\n<p>S\u00e4ljs per rulle.<\/p>\n","protected":false},"excerpt":{"rendered":"<p>Amann Serafil 40 WR polyestersytr\u00e5d. 100 % polyester, 1200 m\/rulle, vattenbest\u00e4ndig. F\u00f6r st\u00e4ng- och dekors\u00f6mmar.<\/p>\n","protected":false},"featured_media":217183,"template":"","meta":[],"product_brand":[],"product_cat":[624,679],"product_tag":[],"class_list":{"0":"post-233997","1":"product","2":"type-product","3":"status-publish","4":"has-post-thumbnail","6":"product_cat-alla-produkter","7":"product_cat-dyngarner","9":"first","10":"instock","11":"taxable","12":"shipping-taxable","13":"purchasable","14":"product-type-simple"},"yoast_head":"<!-- This site is optimized with the Yoast SEO plugin v27.2 - https:\/\/yoast.com\/product\/yoast-seo-wordpress\/ -->\n<title>Serafil 40 Orange 0123 WR sytr\u00e5d | VA-Varuste<\/title>\n<meta name=\"description\" content=\"Amann Serafil 40 Orange 0123 WR polyestersytr\u00e5d. 100 % polyester, 1200 m\/rulle, vattenbest\u00e4ndig. F\u00f6r marinkl\u00e4dsel. Best\u00e4ll fr\u00e5n VA-Varuste.\" \/>\n<meta name=\"robots\" content=\"index, follow, max-snippet:-1, max-image-preview:large, max-video-preview:-1\" \/>\n<link rel=\"canonical\" href=\"https:\/\/va-varuste.fi\/tuote\/serafil-40-oranssi-0123-wr\/\" \/>\n<meta property=\"og:locale\" content=\"sv_SE\" \/>\n<meta property=\"og:type\" content=\"article\" \/>\n<meta property=\"og:title\" content=\"Serafil 40 Orange 0123 WR sytr\u00e5d | VA-Varuste\" \/>\n<meta property=\"og:description\" content=\"Amann Serafil 40 Orange 0123 WR polyestersytr\u00e5d. 100 % polyester, 1200 m\/rulle, vattenbest\u00e4ndig. F\u00f6r marinkl\u00e4dsel. Best\u00e4ll fr\u00e5n VA-Varuste.\" \/>\n<meta property=\"og:url\" content=\"https:\/\/va-varuste.fi\/tuote\/serafil-40-oranssi-0123-wr\/\" \/>\n<meta property=\"og:site_name\" content=\"VA-Varuste\" \/>\n<meta property=\"article:publisher\" content=\"https:\/\/www.facebook.com\/vavarustefi\/\" \/>\n<meta property=\"article:modified_time\" content=\"2026-03-26T11:42:55+00:00\" \/>\n<meta property=\"og:image\" content=\"https:\/\/va-varuste.fi\/wp-content\/uploads\/2023\/10\/0123.jpg\" \/>\n\t<meta property=\"og:image:width\" content=\"864\" \/>\n\t<meta property=\"og:image:height\" content=\"864\" \/>\n\t<meta property=\"og:image:type\" content=\"image\/jpeg\" \/>\n<meta name=\"twitter:card\" content=\"summary_large_image\" \/>\n<script type=\"application\/ld+json\" class=\"yoast-schema-graph\">{\"@context\":\"https:\/\/schema.org\",\"@graph\":[{\"@type\":\"WebPage\",\"@id\":\"https:\/\/va-varuste.fi\/tuote\/serafil-40-oranssi-0123-wr\/\",\"url\":\"https:\/\/va-varuste.fi\/tuote\/serafil-40-oranssi-0123-wr\/\",\"name\":\"Serafil 40 Orange 0123 WR sytr\u00e5d | VA-Varuste\",\"isPartOf\":{\"@id\":\"https:\/\/va-varuste.fi\/#website\"},\"primaryImageOfPage\":{\"@id\":\"https:\/\/va-varuste.fi\/tuote\/serafil-40-oranssi-0123-wr\/#primaryimage\"},\"image\":{\"@id\":\"https:\/\/va-varuste.fi\/tuote\/serafil-40-oranssi-0123-wr\/#primaryimage\"},\"thumbnailUrl\":\"https:\/\/va-varuste.fi\/wp-content\/uploads\/2023\/10\/0123.jpg\",\"datePublished\":\"2023-10-25T06:31:26+00:00\",\"dateModified\":\"2026-03-26T11:42:55+00:00\",\"description\":\"Amann Serafil 40 Orange 0123 WR polyestersytr\u00e5d. 100 % polyester, 1200 m\/rulle, vattenbest\u00e4ndig. F\u00f6r marinkl\u00e4dsel. Best\u00e4ll fr\u00e5n VA-Varuste.\",\"breadcrumb\":{\"@id\":\"https:\/\/va-varuste.fi\/tuote\/serafil-40-oranssi-0123-wr\/#breadcrumb\"},\"inLanguage\":\"sv-SE\",\"potentialAction\":[{\"@type\":\"ReadAction\",\"target\":[\"https:\/\/va-varuste.fi\/tuote\/serafil-40-oranssi-0123-wr\/\"]}]},{\"@type\":\"ImageObject\",\"inLanguage\":\"sv-SE\",\"@id\":\"https:\/\/va-varuste.fi\/tuote\/serafil-40-oranssi-0123-wr\/#primaryimage\",\"url\":\"https:\/\/va-varuste.fi\/wp-content\/uploads\/2023\/10\/0123.jpg\",\"contentUrl\":\"https:\/\/va-varuste.fi\/wp-content\/uploads\/2023\/10\/0123.jpg\",\"width\":864,\"height\":864},{\"@type\":\"BreadcrumbList\",\"@id\":\"https:\/\/va-varuste.fi\/tuote\/serafil-40-oranssi-0123-wr\/#breadcrumb\",\"itemListElement\":[{\"@type\":\"ListItem\",\"position\":1,\"name\":\"Etusivu\",\"item\":\"https:\/\/va-varuste.fi\/sv\/\"},{\"@type\":\"ListItem\",\"position\":2,\"name\":\"Webbutik\",\"item\":\"https:\/\/va-varuste.fi\/sv\/webbutik\/\"},{\"@type\":\"ListItem\",\"position\":3,\"name\":\"Serafil 40 Orange 0123 WR\"}]},{\"@type\":\"WebSite\",\"@id\":\"https:\/\/va-varuste.fi\/#website\",\"url\":\"https:\/\/va-varuste.fi\/\",\"name\":\"VA-Varuste\",\"description\":\"\",\"publisher\":{\"@id\":\"https:\/\/va-varuste.fi\/#organization\"},\"potentialAction\":[{\"@type\":\"SearchAction\",\"target\":{\"@type\":\"EntryPoint\",\"urlTemplate\":\"https:\/\/va-varuste.fi\/?s={search_term_string}\"},\"query-input\":{\"@type\":\"PropertyValueSpecification\",\"valueRequired\":true,\"valueName\":\"search_term_string\"}}],\"inLanguage\":\"sv-SE\"},{\"@type\":\"Organization\",\"@id\":\"https:\/\/va-varuste.fi\/#organization\",\"name\":\"VA-Varuste\",\"url\":\"https:\/\/va-varuste.fi\/\",\"logo\":{\"@type\":\"ImageObject\",\"inLanguage\":\"sv-SE\",\"@id\":\"https:\/\/va-varuste.fi\/#\/schema\/logo\/image\/\",\"url\":\"https:\/\/va-varuste.fi\/wp-content\/uploads\/2023\/09\/va-logo.svg\",\"contentUrl\":\"https:\/\/va-varuste.fi\/wp-content\/uploads\/2023\/09\/va-logo.svg\",\"caption\":\"VA-Varuste\"},\"image\":{\"@id\":\"https:\/\/va-varuste.fi\/#\/schema\/logo\/image\/\"},\"sameAs\":[\"https:\/\/www.facebook.com\/vavarustefi\/\",\"https:\/\/www.instagram.com\/vavaruste\/\"]}]}<\/script>\n<!-- \/ Yoast SEO plugin. -->","yoast_head_json":{"title":"Serafil 40 Orange 0123 WR sytr\u00e5d | VA-Varuste","description":"Amann Serafil 40 Orange 0123 WR polyestersytr\u00e5d. 100 % polyester, 1200 m\/rulle, vattenbest\u00e4ndig. F\u00f6r marinkl\u00e4dsel. Best\u00e4ll fr\u00e5n VA-Varuste.","robots":{"index":"index","follow":"follow","max-snippet":"max-snippet:-1","max-image-preview":"max-image-preview:large","max-video-preview":"max-video-preview:-1"},"canonical":"https:\/\/va-varuste.fi\/tuote\/serafil-40-oranssi-0123-wr\/","og_locale":"sv_SE","og_type":"article","og_title":"Serafil 40 Orange 0123 WR sytr\u00e5d | VA-Varuste","og_description":"Amann Serafil 40 Orange 0123 WR polyestersytr\u00e5d. 100 % polyester, 1200 m\/rulle, vattenbest\u00e4ndig. F\u00f6r marinkl\u00e4dsel. Best\u00e4ll fr\u00e5n VA-Varuste.","og_url":"https:\/\/va-varuste.fi\/tuote\/serafil-40-oranssi-0123-wr\/","og_site_name":"VA-Varuste","article_publisher":"https:\/\/www.facebook.com\/vavarustefi\/","article_modified_time":"2026-03-26T11:42:55+00:00","og_image":[{"width":864,"height":864,"url":"https:\/\/va-varuste.fi\/wp-content\/uploads\/2023\/10\/0123.jpg","type":"image\/jpeg"}],"twitter_card":"summary_large_image","schema":{"@context":"https:\/\/schema.org","@graph":[{"@type":"WebPage","@id":"https:\/\/va-varuste.fi\/tuote\/serafil-40-oranssi-0123-wr\/","url":"https:\/\/va-varuste.fi\/tuote\/serafil-40-oranssi-0123-wr\/","name":"Serafil 40 Orange 0123 WR sytr\u00e5d | VA-Varuste","isPartOf":{"@id":"https:\/\/va-varuste.fi\/#website"},"primaryImageOfPage":{"@id":"https:\/\/va-varuste.fi\/tuote\/serafil-40-oranssi-0123-wr\/#primaryimage"},"image":{"@id":"https:\/\/va-varuste.fi\/tuote\/serafil-40-oranssi-0123-wr\/#primaryimage"},"thumbnailUrl":"https:\/\/va-varuste.fi\/wp-content\/uploads\/2023\/10\/0123.jpg","datePublished":"2023-10-25T06:31:26+00:00","dateModified":"2026-03-26T11:42:55+00:00","description":"Amann Serafil 40 Orange 0123 WR polyestersytr\u00e5d. 100 % polyester, 1200 m\/rulle, vattenbest\u00e4ndig. F\u00f6r marinkl\u00e4dsel. Best\u00e4ll fr\u00e5n VA-Varuste.","breadcrumb":{"@id":"https:\/\/va-varuste.fi\/tuote\/serafil-40-oranssi-0123-wr\/#breadcrumb"},"inLanguage":"sv-SE","potentialAction":[{"@type":"ReadAction","target":["https:\/\/va-varuste.fi\/tuote\/serafil-40-oranssi-0123-wr\/"]}]},{"@type":"ImageObject","inLanguage":"sv-SE","@id":"https:\/\/va-varuste.fi\/tuote\/serafil-40-oranssi-0123-wr\/#primaryimage","url":"https:\/\/va-varuste.fi\/wp-content\/uploads\/2023\/10\/0123.jpg","contentUrl":"https:\/\/va-varuste.fi\/wp-content\/uploads\/2023\/10\/0123.jpg","width":864,"height":864},{"@type":"BreadcrumbList","@id":"https:\/\/va-varuste.fi\/tuote\/serafil-40-oranssi-0123-wr\/#breadcrumb","itemListElement":[{"@type":"ListItem","position":1,"name":"Etusivu","item":"https:\/\/va-varuste.fi\/sv\/"},{"@type":"ListItem","position":2,"name":"Webbutik","item":"https:\/\/va-varuste.fi\/sv\/webbutik\/"},{"@type":"ListItem","position":3,"name":"Serafil 40 Orange 0123 WR"}]},{"@type":"WebSite","@id":"https:\/\/va-varuste.fi\/#website","url":"https:\/\/va-varuste.fi\/","name":"VA-Varuste","description":"","publisher":{"@id":"https:\/\/va-varuste.fi\/#organization"},"potentialAction":[{"@type":"SearchAction","target":{"@type":"EntryPoint","urlTemplate":"https:\/\/va-varuste.fi\/?s={search_term_string}"},"query-input":{"@type":"PropertyValueSpecification","valueRequired":true,"valueName":"search_term_string"}}],"inLanguage":"sv-SE"},{"@type":"Organization","@id":"https:\/\/va-varuste.fi\/#organization","name":"VA-Varuste","url":"https:\/\/va-varuste.fi\/","logo":{"@type":"ImageObject","inLanguage":"sv-SE","@id":"https:\/\/va-varuste.fi\/#\/schema\/logo\/image\/","url":"https:\/\/va-varuste.fi\/wp-content\/uploads\/2023\/09\/va-logo.svg","contentUrl":"https:\/\/va-varuste.fi\/wp-content\/uploads\/2023\/09\/va-logo.svg","caption":"VA-Varuste"},"image":{"@id":"https:\/\/va-varuste.fi\/#\/schema\/logo\/image\/"},"sameAs":["https:\/\/www.facebook.com\/vavarustefi\/","https:\/\/www.instagram.com\/vavaruste\/"]}]}},"_links":{"self":[{"href":"https:\/\/va-varuste.fi\/sv\/wp-json\/wp\/v2\/product\/233997","targetHints":{"allow":["GET"]}}],"collection":[{"href":"https:\/\/va-varuste.fi\/sv\/wp-json\/wp\/v2\/product"}],"about":[{"href":"https:\/\/va-varuste.fi\/sv\/wp-json\/wp\/v2\/types\/product"}],"wp:featuredmedia":[{"embeddable":true,"href":"https:\/\/va-varuste.fi\/sv\/wp-json\/wp\/v2\/media\/217183"}],"wp:attachment":[{"href":"https:\/\/va-varuste.fi\/sv\/wp-json\/wp\/v2\/media?parent=233997"}],"wp:term":[{"taxonomy":"product_brand","embeddable":true,"href":"https:\/\/va-varuste.fi\/sv\/wp-json\/wp\/v2\/product_brand?post=233997"},{"taxonomy":"product_cat","embeddable":true,"href":"https:\/\/va-varuste.fi\/sv\/wp-json\/wp\/v2\/product_cat?post=233997"},{"taxonomy":"product_tag","embeddable":true,"href":"https:\/\/va-varuste.fi\/sv\/wp-json\/wp\/v2\/product_tag?post=233997"}],"curies":[{"name":"wp","href":"https:\/\/api.w.org\/{rel}","templated":true}]}}