{"id":234047,"date":"2023-10-25T09:30:26","date_gmt":"2023-10-25T06:30:26","guid":{"rendered":"https:\/\/va-varuste.fi\/tuote\/j-putkenpaahela-rst\/"},"modified":"2026-03-25T11:24:18","modified_gmt":"2026-03-25T09:24:18","slug":"j-putkenpaahela-rst","status":"publish","type":"product","link":"https:\/\/va-varuste.fi\/sv\/produkt\/j-putkenpaahela-rst\/","title":{"rendered":"J-\u00e4ndbeslag, rostfritt st\u00e5l, 2st\/f\u00f6rp"},"content":{"rendered":"<p>J-\u00e4ndbeslag i rostfritt st\u00e5l monteras i \u00e4nden av en kapellb\u00e5ge och har en J-formad krok som m\u00f6jligg\u00f6r snabb montering och demontering. L\u00e4mpligt f\u00f6r montering av b\u00e5tkapell-, bimini- och vinterkapellb\u00e5gar.<\/p>\n<p>J-kroken griper tag i b\u00e5tens struktur, som relingen eller en f\u00e4st\u00f6gla, utan behov av separata verktyg. Tillverkat av h\u00f6gkvalitativt rostfritt st\u00e5l som t\u00e5l sj\u00f6vatten och v\u00e4derslitage.<\/p>\n<p>Finns i tre storlekar: 20 mm (72\u00d726\u00d730 mm, 90 g), 22 mm (73\u00d727\u00d732 mm, 96 g) och 25 mm (78\u00d732\u00d734 mm, 106 g). 2 st\/f\u00f6rp.<\/p>\n","protected":false},"excerpt":{"rendered":"<p>J-\u00e4ndbeslag i rostfritt st\u00e5l f\u00f6r kapellb\u00e5gar. J-krok f\u00f6r snabb montering och demontering. 20\/22\/25 mm. 2 st\/f\u00f6rp.<\/p>\n","protected":false},"featured_media":217022,"template":"","meta":[],"product_brand":[],"product_cat":[624,628],"product_tag":[1306],"class_list":{"0":"post-234047","1":"product","2":"type-product","3":"status-publish","4":"has-post-thumbnail","6":"product_cat-alla-produkter","7":"product_cat-monterings-och-bagrorbeslag","8":"product_tag-otsikko","10":"first","11":"instock","12":"taxable","13":"shipping-taxable","14":"purchasable","15":"product-type-variable"},"yoast_head":"<!-- This site is optimized with the Yoast SEO plugin v27.4 - https:\/\/yoast.com\/product\/yoast-seo-wordpress\/ -->\n<title>J-\u00e4ndbeslag rostfritt st\u00e5l | VA-Varuste<\/title>\n<meta name=\"description\" content=\"J-\u00e4ndbeslag i rostfritt st\u00e5l f\u00f6r kapellb\u00e5gar. J-krok f\u00f6r snabb montering och demontering. 20\/22\/25 mm. Best\u00e4ll fr\u00e5n VA-Varuste.\" \/>\n<meta name=\"robots\" content=\"index, follow, max-snippet:-1, max-image-preview:large, max-video-preview:-1\" \/>\n<link rel=\"canonical\" href=\"https:\/\/va-varuste.fi\/tuote\/j-putkenpaahela-rst\/\" \/>\n<meta property=\"og:locale\" content=\"sv_SE\" \/>\n<meta property=\"og:type\" content=\"article\" \/>\n<meta property=\"og:title\" content=\"J-\u00e4ndbeslag rostfritt st\u00e5l | VA-Varuste\" \/>\n<meta property=\"og:description\" content=\"J-\u00e4ndbeslag i rostfritt st\u00e5l f\u00f6r kapellb\u00e5gar. J-krok f\u00f6r snabb montering och demontering. 20\/22\/25 mm. Best\u00e4ll fr\u00e5n VA-Varuste.\" \/>\n<meta property=\"og:url\" content=\"https:\/\/va-varuste.fi\/tuote\/j-putkenpaahela-rst\/\" \/>\n<meta property=\"og:site_name\" content=\"VA-Varuste\" \/>\n<meta property=\"article:publisher\" content=\"https:\/\/www.facebook.com\/vavarustefi\/\" \/>\n<meta property=\"article:modified_time\" content=\"2026-03-25T09:24:18+00:00\" \/>\n<meta property=\"og:image\" content=\"https:\/\/va-varuste.fi\/wp-content\/uploads\/2023\/10\/j-helat.jpg\" \/>\n\t<meta property=\"og:image:width\" content=\"1024\" \/>\n\t<meta property=\"og:image:height\" content=\"1024\" \/>\n\t<meta property=\"og:image:type\" content=\"image\/jpeg\" \/>\n<meta name=\"twitter:card\" content=\"summary_large_image\" \/>\n<script type=\"application\/ld+json\" class=\"yoast-schema-graph\">{\"@context\":\"https:\\\/\\\/schema.org\",\"@graph\":[{\"@type\":\"WebPage\",\"@id\":\"https:\\\/\\\/va-varuste.fi\\\/tuote\\\/j-putkenpaahela-rst\\\/\",\"url\":\"https:\\\/\\\/va-varuste.fi\\\/tuote\\\/j-putkenpaahela-rst\\\/\",\"name\":\"J-\u00e4ndbeslag rostfritt st\u00e5l | VA-Varuste\",\"isPartOf\":{\"@id\":\"https:\\\/\\\/va-varuste.fi\\\/#website\"},\"primaryImageOfPage\":{\"@id\":\"https:\\\/\\\/va-varuste.fi\\\/tuote\\\/j-putkenpaahela-rst\\\/#primaryimage\"},\"image\":{\"@id\":\"https:\\\/\\\/va-varuste.fi\\\/tuote\\\/j-putkenpaahela-rst\\\/#primaryimage\"},\"thumbnailUrl\":\"https:\\\/\\\/va-varuste.fi\\\/wp-content\\\/uploads\\\/2023\\\/10\\\/j-helat.jpg\",\"datePublished\":\"2023-10-25T06:30:26+00:00\",\"dateModified\":\"2026-03-25T09:24:18+00:00\",\"description\":\"J-\u00e4ndbeslag i rostfritt st\u00e5l f\u00f6r kapellb\u00e5gar. J-krok f\u00f6r snabb montering och demontering. 20\\\/22\\\/25 mm. Best\u00e4ll fr\u00e5n VA-Varuste.\",\"breadcrumb\":{\"@id\":\"https:\\\/\\\/va-varuste.fi\\\/tuote\\\/j-putkenpaahela-rst\\\/#breadcrumb\"},\"inLanguage\":\"sv-SE\",\"potentialAction\":[{\"@type\":\"ReadAction\",\"target\":[\"https:\\\/\\\/va-varuste.fi\\\/tuote\\\/j-putkenpaahela-rst\\\/\"]}]},{\"@type\":\"ImageObject\",\"inLanguage\":\"sv-SE\",\"@id\":\"https:\\\/\\\/va-varuste.fi\\\/tuote\\\/j-putkenpaahela-rst\\\/#primaryimage\",\"url\":\"https:\\\/\\\/va-varuste.fi\\\/wp-content\\\/uploads\\\/2023\\\/10\\\/j-helat.jpg\",\"contentUrl\":\"https:\\\/\\\/va-varuste.fi\\\/wp-content\\\/uploads\\\/2023\\\/10\\\/j-helat.jpg\",\"width\":1024,\"height\":1024},{\"@type\":\"BreadcrumbList\",\"@id\":\"https:\\\/\\\/va-varuste.fi\\\/tuote\\\/j-putkenpaahela-rst\\\/#breadcrumb\",\"itemListElement\":[{\"@type\":\"ListItem\",\"position\":1,\"name\":\"Etusivu\",\"item\":\"https:\\\/\\\/va-varuste.fi\\\/sv\\\/\"},{\"@type\":\"ListItem\",\"position\":2,\"name\":\"Webbutik\",\"item\":\"https:\\\/\\\/va-varuste.fi\\\/sv\\\/webbutik\\\/\"},{\"@type\":\"ListItem\",\"position\":3,\"name\":\"J-\u00e4ndbeslag, rostfritt st\u00e5l, 2st\\\/f\u00f6rp\"}]},{\"@type\":\"WebSite\",\"@id\":\"https:\\\/\\\/va-varuste.fi\\\/#website\",\"url\":\"https:\\\/\\\/va-varuste.fi\\\/\",\"name\":\"VA-Varuste\",\"description\":\"\",\"publisher\":{\"@id\":\"https:\\\/\\\/va-varuste.fi\\\/#organization\"},\"potentialAction\":[{\"@type\":\"SearchAction\",\"target\":{\"@type\":\"EntryPoint\",\"urlTemplate\":\"https:\\\/\\\/va-varuste.fi\\\/?s={search_term_string}\"},\"query-input\":{\"@type\":\"PropertyValueSpecification\",\"valueRequired\":true,\"valueName\":\"search_term_string\"}}],\"inLanguage\":\"sv-SE\"},{\"@type\":\"Organization\",\"@id\":\"https:\\\/\\\/va-varuste.fi\\\/#organization\",\"name\":\"VA-Varuste\",\"url\":\"https:\\\/\\\/va-varuste.fi\\\/\",\"logo\":{\"@type\":\"ImageObject\",\"inLanguage\":\"sv-SE\",\"@id\":\"https:\\\/\\\/va-varuste.fi\\\/#\\\/schema\\\/logo\\\/image\\\/\",\"url\":\"https:\\\/\\\/va-varuste.fi\\\/wp-content\\\/uploads\\\/2023\\\/09\\\/va-logo.svg\",\"contentUrl\":\"https:\\\/\\\/va-varuste.fi\\\/wp-content\\\/uploads\\\/2023\\\/09\\\/va-logo.svg\",\"caption\":\"VA-Varuste\"},\"image\":{\"@id\":\"https:\\\/\\\/va-varuste.fi\\\/#\\\/schema\\\/logo\\\/image\\\/\"},\"sameAs\":[\"https:\\\/\\\/www.facebook.com\\\/vavarustefi\\\/\",\"https:\\\/\\\/www.instagram.com\\\/vavaruste\\\/\"]}]}<\/script>\n<!-- \/ Yoast SEO plugin. -->","yoast_head_json":{"title":"J-\u00e4ndbeslag rostfritt st\u00e5l | VA-Varuste","description":"J-\u00e4ndbeslag i rostfritt st\u00e5l f\u00f6r kapellb\u00e5gar. J-krok f\u00f6r snabb montering och demontering. 20\/22\/25 mm. Best\u00e4ll fr\u00e5n VA-Varuste.","robots":{"index":"index","follow":"follow","max-snippet":"max-snippet:-1","max-image-preview":"max-image-preview:large","max-video-preview":"max-video-preview:-1"},"canonical":"https:\/\/va-varuste.fi\/tuote\/j-putkenpaahela-rst\/","og_locale":"sv_SE","og_type":"article","og_title":"J-\u00e4ndbeslag rostfritt st\u00e5l | VA-Varuste","og_description":"J-\u00e4ndbeslag i rostfritt st\u00e5l f\u00f6r kapellb\u00e5gar. J-krok f\u00f6r snabb montering och demontering. 20\/22\/25 mm. Best\u00e4ll fr\u00e5n VA-Varuste.","og_url":"https:\/\/va-varuste.fi\/tuote\/j-putkenpaahela-rst\/","og_site_name":"VA-Varuste","article_publisher":"https:\/\/www.facebook.com\/vavarustefi\/","article_modified_time":"2026-03-25T09:24:18+00:00","og_image":[{"width":1024,"height":1024,"url":"https:\/\/va-varuste.fi\/wp-content\/uploads\/2023\/10\/j-helat.jpg","type":"image\/jpeg"}],"twitter_card":"summary_large_image","schema":{"@context":"https:\/\/schema.org","@graph":[{"@type":"WebPage","@id":"https:\/\/va-varuste.fi\/tuote\/j-putkenpaahela-rst\/","url":"https:\/\/va-varuste.fi\/tuote\/j-putkenpaahela-rst\/","name":"J-\u00e4ndbeslag rostfritt st\u00e5l | VA-Varuste","isPartOf":{"@id":"https:\/\/va-varuste.fi\/#website"},"primaryImageOfPage":{"@id":"https:\/\/va-varuste.fi\/tuote\/j-putkenpaahela-rst\/#primaryimage"},"image":{"@id":"https:\/\/va-varuste.fi\/tuote\/j-putkenpaahela-rst\/#primaryimage"},"thumbnailUrl":"https:\/\/va-varuste.fi\/wp-content\/uploads\/2023\/10\/j-helat.jpg","datePublished":"2023-10-25T06:30:26+00:00","dateModified":"2026-03-25T09:24:18+00:00","description":"J-\u00e4ndbeslag i rostfritt st\u00e5l f\u00f6r kapellb\u00e5gar. J-krok f\u00f6r snabb montering och demontering. 20\/22\/25 mm. Best\u00e4ll fr\u00e5n VA-Varuste.","breadcrumb":{"@id":"https:\/\/va-varuste.fi\/tuote\/j-putkenpaahela-rst\/#breadcrumb"},"inLanguage":"sv-SE","potentialAction":[{"@type":"ReadAction","target":["https:\/\/va-varuste.fi\/tuote\/j-putkenpaahela-rst\/"]}]},{"@type":"ImageObject","inLanguage":"sv-SE","@id":"https:\/\/va-varuste.fi\/tuote\/j-putkenpaahela-rst\/#primaryimage","url":"https:\/\/va-varuste.fi\/wp-content\/uploads\/2023\/10\/j-helat.jpg","contentUrl":"https:\/\/va-varuste.fi\/wp-content\/uploads\/2023\/10\/j-helat.jpg","width":1024,"height":1024},{"@type":"BreadcrumbList","@id":"https:\/\/va-varuste.fi\/tuote\/j-putkenpaahela-rst\/#breadcrumb","itemListElement":[{"@type":"ListItem","position":1,"name":"Etusivu","item":"https:\/\/va-varuste.fi\/sv\/"},{"@type":"ListItem","position":2,"name":"Webbutik","item":"https:\/\/va-varuste.fi\/sv\/webbutik\/"},{"@type":"ListItem","position":3,"name":"J-\u00e4ndbeslag, rostfritt st\u00e5l, 2st\/f\u00f6rp"}]},{"@type":"WebSite","@id":"https:\/\/va-varuste.fi\/#website","url":"https:\/\/va-varuste.fi\/","name":"VA-Varuste","description":"","publisher":{"@id":"https:\/\/va-varuste.fi\/#organization"},"potentialAction":[{"@type":"SearchAction","target":{"@type":"EntryPoint","urlTemplate":"https:\/\/va-varuste.fi\/?s={search_term_string}"},"query-input":{"@type":"PropertyValueSpecification","valueRequired":true,"valueName":"search_term_string"}}],"inLanguage":"sv-SE"},{"@type":"Organization","@id":"https:\/\/va-varuste.fi\/#organization","name":"VA-Varuste","url":"https:\/\/va-varuste.fi\/","logo":{"@type":"ImageObject","inLanguage":"sv-SE","@id":"https:\/\/va-varuste.fi\/#\/schema\/logo\/image\/","url":"https:\/\/va-varuste.fi\/wp-content\/uploads\/2023\/09\/va-logo.svg","contentUrl":"https:\/\/va-varuste.fi\/wp-content\/uploads\/2023\/09\/va-logo.svg","caption":"VA-Varuste"},"image":{"@id":"https:\/\/va-varuste.fi\/#\/schema\/logo\/image\/"},"sameAs":["https:\/\/www.facebook.com\/vavarustefi\/","https:\/\/www.instagram.com\/vavaruste\/"]}]}},"_links":{"self":[{"href":"https:\/\/va-varuste.fi\/sv\/wp-json\/wp\/v2\/product\/234047","targetHints":{"allow":["GET"]}}],"collection":[{"href":"https:\/\/va-varuste.fi\/sv\/wp-json\/wp\/v2\/product"}],"about":[{"href":"https:\/\/va-varuste.fi\/sv\/wp-json\/wp\/v2\/types\/product"}],"wp:featuredmedia":[{"embeddable":true,"href":"https:\/\/va-varuste.fi\/sv\/wp-json\/wp\/v2\/media\/217022"}],"wp:attachment":[{"href":"https:\/\/va-varuste.fi\/sv\/wp-json\/wp\/v2\/media?parent=234047"}],"wp:term":[{"taxonomy":"product_brand","embeddable":true,"href":"https:\/\/va-varuste.fi\/sv\/wp-json\/wp\/v2\/product_brand?post=234047"},{"taxonomy":"product_cat","embeddable":true,"href":"https:\/\/va-varuste.fi\/sv\/wp-json\/wp\/v2\/product_cat?post=234047"},{"taxonomy":"product_tag","embeddable":true,"href":"https:\/\/va-varuste.fi\/sv\/wp-json\/wp\/v2\/product_tag?post=234047"}],"curies":[{"name":"wp","href":"https:\/\/api.w.org\/{rel}","templated":true}]}}