{"id":234083,"date":"2023-10-25T09:29:36","date_gmt":"2023-10-25T06:29:36","guid":{"rendered":"https:\/\/va-varuste.fi\/tuote\/tear-aid-b\/"},"modified":"2026-03-25T15:18:52","modified_gmt":"2026-03-25T13:18:52","slug":"tear-aid-b","status":"publish","type":"product","link":"https:\/\/va-varuste.fi\/sv\/produkt\/tear-aid-b\/","title":{"rendered":"Tear-Aid &#8221;B&#8221; transparent reparationslapp f\u00f6r PVC\/vinyl"},"content":{"rendered":"<p>Tear-Aid &#8221;B&#8221; \u00e4r en transparent, extremt stark och elastisk reparationslapp avsedd specifikt f\u00f6r PVC- och vinylmaterial. Perfekt f\u00f6r reparation av b\u00e5tkapellets f\u00f6nsterfilm, PVC-\u00f6verdrag och andra vinylprodukter.<\/p>\n<p><strong>OBS!<\/strong> Tear-Aid B \u00e4r l\u00e4mplig ENBART f\u00f6r PVC och vinyl. F\u00f6r andra material, anv\u00e4nd Tear-Aid &#8221;A&#8221;.<\/p>\n<p>Lappen \u00e4r UV-skyddad och v\u00e4derbest\u00e4ndig. Tejpen f\u00e4ster stadigt utan extra lim eller v\u00e4rme och bildar en permanent reparation. Tack vare sin transparens passar den s\u00e4rskilt bra f\u00f6r lagning av f\u00f6nsterfilm.<\/p>\n<p>Storlek 30 x 8 cm. Klipp till \u00f6nskad bit med sax och runda h\u00f6rnen f\u00f6r b\u00e4sta f\u00e4stning.<\/p>\n","protected":false},"excerpt":{"rendered":"<p>Tear-Aid &#8221;B&#8221; transparent reparationslapp f\u00f6r PVC och vinyl. Perfekt f\u00f6r kapellets f\u00f6nsterfilm. Extremt stark och elastisk. 30 x 8 cm.<\/p>\n","protected":false},"featured_media":216905,"template":"","meta":[],"product_brand":[],"product_cat":[624,626],"product_tag":[],"class_list":{"0":"post-234083","1":"product","2":"type-product","3":"status-publish","4":"has-post-thumbnail","6":"product_cat-alla-produkter","7":"product_cat-vardprodukter-och-mogelborttagning","9":"first","10":"instock","11":"taxable","12":"shipping-taxable","13":"purchasable","14":"product-type-simple"},"yoast_head":"<!-- This site is optimized with the Yoast SEO plugin v27.4 - https:\/\/yoast.com\/product\/yoast-seo-wordpress\/ -->\n<title>Tear-Aid &quot;B&quot; reparationslapp f\u00f6r PVC\/vinyl | VA-Varuste<\/title>\n<meta name=\"description\" content=\"Tear-Aid &quot;B&quot; transparent reparationslapp f\u00f6r PVC och vinyl. Perfekt f\u00f6r kapellets f\u00f6nsterfilm. Stark och elastisk. Best\u00e4ll fr\u00e5n VA-Varuste.\" \/>\n<meta name=\"robots\" content=\"index, follow, max-snippet:-1, max-image-preview:large, max-video-preview:-1\" \/>\n<link rel=\"canonical\" href=\"https:\/\/va-varuste.fi\/tuote\/tear-aid-b\/\" \/>\n<meta property=\"og:locale\" content=\"sv_SE\" \/>\n<meta property=\"og:type\" content=\"article\" \/>\n<meta property=\"og:title\" content=\"Tear-Aid &quot;B&quot; reparationslapp f\u00f6r PVC\/vinyl | VA-Varuste\" \/>\n<meta property=\"og:description\" content=\"Tear-Aid &quot;B&quot; transparent reparationslapp f\u00f6r PVC och vinyl. Perfekt f\u00f6r kapellets f\u00f6nsterfilm. Stark och elastisk. Best\u00e4ll fr\u00e5n VA-Varuste.\" \/>\n<meta property=\"og:url\" content=\"https:\/\/va-varuste.fi\/tuote\/tear-aid-b\/\" \/>\n<meta property=\"og:site_name\" content=\"VA-Varuste\" \/>\n<meta property=\"article:publisher\" content=\"https:\/\/www.facebook.com\/vavarustefi\/\" \/>\n<meta property=\"article:modified_time\" content=\"2026-03-25T13:18:52+00:00\" \/>\n<meta property=\"og:image\" content=\"https:\/\/va-varuste.fi\/wp-content\/uploads\/2023\/10\/tear-aid.jpg\" \/>\n\t<meta property=\"og:image:width\" content=\"1000\" \/>\n\t<meta property=\"og:image:height\" content=\"1074\" \/>\n\t<meta property=\"og:image:type\" content=\"image\/jpeg\" \/>\n<meta name=\"twitter:card\" content=\"summary_large_image\" \/>\n<meta name=\"twitter:label1\" content=\"Ber\u00e4knad l\u00e4stid\" \/>\n\t<meta name=\"twitter:data1\" content=\"1 minut\" \/>\n<script type=\"application\/ld+json\" class=\"yoast-schema-graph\">{\"@context\":\"https:\\\/\\\/schema.org\",\"@graph\":[{\"@type\":\"WebPage\",\"@id\":\"https:\\\/\\\/va-varuste.fi\\\/tuote\\\/tear-aid-b\\\/\",\"url\":\"https:\\\/\\\/va-varuste.fi\\\/tuote\\\/tear-aid-b\\\/\",\"name\":\"Tear-Aid \\\"B\\\" reparationslapp f\u00f6r PVC\\\/vinyl | VA-Varuste\",\"isPartOf\":{\"@id\":\"https:\\\/\\\/va-varuste.fi\\\/#website\"},\"primaryImageOfPage\":{\"@id\":\"https:\\\/\\\/va-varuste.fi\\\/tuote\\\/tear-aid-b\\\/#primaryimage\"},\"image\":{\"@id\":\"https:\\\/\\\/va-varuste.fi\\\/tuote\\\/tear-aid-b\\\/#primaryimage\"},\"thumbnailUrl\":\"https:\\\/\\\/va-varuste.fi\\\/wp-content\\\/uploads\\\/2023\\\/10\\\/tear-aid.jpg\",\"datePublished\":\"2023-10-25T06:29:36+00:00\",\"dateModified\":\"2026-03-25T13:18:52+00:00\",\"description\":\"Tear-Aid \\\"B\\\" transparent reparationslapp f\u00f6r PVC och vinyl. Perfekt f\u00f6r kapellets f\u00f6nsterfilm. Stark och elastisk. Best\u00e4ll fr\u00e5n VA-Varuste.\",\"breadcrumb\":{\"@id\":\"https:\\\/\\\/va-varuste.fi\\\/tuote\\\/tear-aid-b\\\/#breadcrumb\"},\"inLanguage\":\"sv-SE\",\"potentialAction\":[{\"@type\":\"ReadAction\",\"target\":[\"https:\\\/\\\/va-varuste.fi\\\/tuote\\\/tear-aid-b\\\/\"]}]},{\"@type\":\"ImageObject\",\"inLanguage\":\"sv-SE\",\"@id\":\"https:\\\/\\\/va-varuste.fi\\\/tuote\\\/tear-aid-b\\\/#primaryimage\",\"url\":\"https:\\\/\\\/va-varuste.fi\\\/wp-content\\\/uploads\\\/2023\\\/10\\\/tear-aid.jpg\",\"contentUrl\":\"https:\\\/\\\/va-varuste.fi\\\/wp-content\\\/uploads\\\/2023\\\/10\\\/tear-aid.jpg\",\"width\":1000,\"height\":1074},{\"@type\":\"BreadcrumbList\",\"@id\":\"https:\\\/\\\/va-varuste.fi\\\/tuote\\\/tear-aid-b\\\/#breadcrumb\",\"itemListElement\":[{\"@type\":\"ListItem\",\"position\":1,\"name\":\"Etusivu\",\"item\":\"https:\\\/\\\/va-varuste.fi\\\/sv\\\/\"},{\"@type\":\"ListItem\",\"position\":2,\"name\":\"Webbutik\",\"item\":\"https:\\\/\\\/va-varuste.fi\\\/sv\\\/webbutik\\\/\"},{\"@type\":\"ListItem\",\"position\":3,\"name\":\"Tear-Aid &#8221;B&#8221; transparent reparationslapp f\u00f6r PVC\\\/vinyl\"}]},{\"@type\":\"WebSite\",\"@id\":\"https:\\\/\\\/va-varuste.fi\\\/#website\",\"url\":\"https:\\\/\\\/va-varuste.fi\\\/\",\"name\":\"VA-Varuste\",\"description\":\"\",\"publisher\":{\"@id\":\"https:\\\/\\\/va-varuste.fi\\\/#organization\"},\"potentialAction\":[{\"@type\":\"SearchAction\",\"target\":{\"@type\":\"EntryPoint\",\"urlTemplate\":\"https:\\\/\\\/va-varuste.fi\\\/?s={search_term_string}\"},\"query-input\":{\"@type\":\"PropertyValueSpecification\",\"valueRequired\":true,\"valueName\":\"search_term_string\"}}],\"inLanguage\":\"sv-SE\"},{\"@type\":\"Organization\",\"@id\":\"https:\\\/\\\/va-varuste.fi\\\/#organization\",\"name\":\"VA-Varuste\",\"url\":\"https:\\\/\\\/va-varuste.fi\\\/\",\"logo\":{\"@type\":\"ImageObject\",\"inLanguage\":\"sv-SE\",\"@id\":\"https:\\\/\\\/va-varuste.fi\\\/#\\\/schema\\\/logo\\\/image\\\/\",\"url\":\"https:\\\/\\\/va-varuste.fi\\\/wp-content\\\/uploads\\\/2023\\\/09\\\/va-logo.svg\",\"contentUrl\":\"https:\\\/\\\/va-varuste.fi\\\/wp-content\\\/uploads\\\/2023\\\/09\\\/va-logo.svg\",\"caption\":\"VA-Varuste\"},\"image\":{\"@id\":\"https:\\\/\\\/va-varuste.fi\\\/#\\\/schema\\\/logo\\\/image\\\/\"},\"sameAs\":[\"https:\\\/\\\/www.facebook.com\\\/vavarustefi\\\/\",\"https:\\\/\\\/www.instagram.com\\\/vavaruste\\\/\"]}]}<\/script>\n<!-- \/ Yoast SEO plugin. -->","yoast_head_json":{"title":"Tear-Aid \"B\" reparationslapp f\u00f6r PVC\/vinyl | VA-Varuste","description":"Tear-Aid \"B\" transparent reparationslapp f\u00f6r PVC och vinyl. Perfekt f\u00f6r kapellets f\u00f6nsterfilm. Stark och elastisk. Best\u00e4ll fr\u00e5n VA-Varuste.","robots":{"index":"index","follow":"follow","max-snippet":"max-snippet:-1","max-image-preview":"max-image-preview:large","max-video-preview":"max-video-preview:-1"},"canonical":"https:\/\/va-varuste.fi\/tuote\/tear-aid-b\/","og_locale":"sv_SE","og_type":"article","og_title":"Tear-Aid \"B\" reparationslapp f\u00f6r PVC\/vinyl | VA-Varuste","og_description":"Tear-Aid \"B\" transparent reparationslapp f\u00f6r PVC och vinyl. Perfekt f\u00f6r kapellets f\u00f6nsterfilm. Stark och elastisk. Best\u00e4ll fr\u00e5n VA-Varuste.","og_url":"https:\/\/va-varuste.fi\/tuote\/tear-aid-b\/","og_site_name":"VA-Varuste","article_publisher":"https:\/\/www.facebook.com\/vavarustefi\/","article_modified_time":"2026-03-25T13:18:52+00:00","og_image":[{"width":1000,"height":1074,"url":"https:\/\/va-varuste.fi\/wp-content\/uploads\/2023\/10\/tear-aid.jpg","type":"image\/jpeg"}],"twitter_card":"summary_large_image","twitter_misc":{"Ber\u00e4knad l\u00e4stid":"1 minut"},"schema":{"@context":"https:\/\/schema.org","@graph":[{"@type":"WebPage","@id":"https:\/\/va-varuste.fi\/tuote\/tear-aid-b\/","url":"https:\/\/va-varuste.fi\/tuote\/tear-aid-b\/","name":"Tear-Aid \"B\" reparationslapp f\u00f6r PVC\/vinyl | VA-Varuste","isPartOf":{"@id":"https:\/\/va-varuste.fi\/#website"},"primaryImageOfPage":{"@id":"https:\/\/va-varuste.fi\/tuote\/tear-aid-b\/#primaryimage"},"image":{"@id":"https:\/\/va-varuste.fi\/tuote\/tear-aid-b\/#primaryimage"},"thumbnailUrl":"https:\/\/va-varuste.fi\/wp-content\/uploads\/2023\/10\/tear-aid.jpg","datePublished":"2023-10-25T06:29:36+00:00","dateModified":"2026-03-25T13:18:52+00:00","description":"Tear-Aid \"B\" transparent reparationslapp f\u00f6r PVC och vinyl. Perfekt f\u00f6r kapellets f\u00f6nsterfilm. Stark och elastisk. Best\u00e4ll fr\u00e5n VA-Varuste.","breadcrumb":{"@id":"https:\/\/va-varuste.fi\/tuote\/tear-aid-b\/#breadcrumb"},"inLanguage":"sv-SE","potentialAction":[{"@type":"ReadAction","target":["https:\/\/va-varuste.fi\/tuote\/tear-aid-b\/"]}]},{"@type":"ImageObject","inLanguage":"sv-SE","@id":"https:\/\/va-varuste.fi\/tuote\/tear-aid-b\/#primaryimage","url":"https:\/\/va-varuste.fi\/wp-content\/uploads\/2023\/10\/tear-aid.jpg","contentUrl":"https:\/\/va-varuste.fi\/wp-content\/uploads\/2023\/10\/tear-aid.jpg","width":1000,"height":1074},{"@type":"BreadcrumbList","@id":"https:\/\/va-varuste.fi\/tuote\/tear-aid-b\/#breadcrumb","itemListElement":[{"@type":"ListItem","position":1,"name":"Etusivu","item":"https:\/\/va-varuste.fi\/sv\/"},{"@type":"ListItem","position":2,"name":"Webbutik","item":"https:\/\/va-varuste.fi\/sv\/webbutik\/"},{"@type":"ListItem","position":3,"name":"Tear-Aid &#8221;B&#8221; transparent reparationslapp f\u00f6r PVC\/vinyl"}]},{"@type":"WebSite","@id":"https:\/\/va-varuste.fi\/#website","url":"https:\/\/va-varuste.fi\/","name":"VA-Varuste","description":"","publisher":{"@id":"https:\/\/va-varuste.fi\/#organization"},"potentialAction":[{"@type":"SearchAction","target":{"@type":"EntryPoint","urlTemplate":"https:\/\/va-varuste.fi\/?s={search_term_string}"},"query-input":{"@type":"PropertyValueSpecification","valueRequired":true,"valueName":"search_term_string"}}],"inLanguage":"sv-SE"},{"@type":"Organization","@id":"https:\/\/va-varuste.fi\/#organization","name":"VA-Varuste","url":"https:\/\/va-varuste.fi\/","logo":{"@type":"ImageObject","inLanguage":"sv-SE","@id":"https:\/\/va-varuste.fi\/#\/schema\/logo\/image\/","url":"https:\/\/va-varuste.fi\/wp-content\/uploads\/2023\/09\/va-logo.svg","contentUrl":"https:\/\/va-varuste.fi\/wp-content\/uploads\/2023\/09\/va-logo.svg","caption":"VA-Varuste"},"image":{"@id":"https:\/\/va-varuste.fi\/#\/schema\/logo\/image\/"},"sameAs":["https:\/\/www.facebook.com\/vavarustefi\/","https:\/\/www.instagram.com\/vavaruste\/"]}]}},"_links":{"self":[{"href":"https:\/\/va-varuste.fi\/sv\/wp-json\/wp\/v2\/product\/234083","targetHints":{"allow":["GET"]}}],"collection":[{"href":"https:\/\/va-varuste.fi\/sv\/wp-json\/wp\/v2\/product"}],"about":[{"href":"https:\/\/va-varuste.fi\/sv\/wp-json\/wp\/v2\/types\/product"}],"wp:featuredmedia":[{"embeddable":true,"href":"https:\/\/va-varuste.fi\/sv\/wp-json\/wp\/v2\/media\/216905"}],"wp:attachment":[{"href":"https:\/\/va-varuste.fi\/sv\/wp-json\/wp\/v2\/media?parent=234083"}],"wp:term":[{"taxonomy":"product_brand","embeddable":true,"href":"https:\/\/va-varuste.fi\/sv\/wp-json\/wp\/v2\/product_brand?post=234083"},{"taxonomy":"product_cat","embeddable":true,"href":"https:\/\/va-varuste.fi\/sv\/wp-json\/wp\/v2\/product_cat?post=234083"},{"taxonomy":"product_tag","embeddable":true,"href":"https:\/\/va-varuste.fi\/sv\/wp-json\/wp\/v2\/product_tag?post=234083"}],"curies":[{"name":"wp","href":"https:\/\/api.w.org\/{rel}","templated":true}]}}