{"id":234094,"date":"2023-10-25T09:29:22","date_gmt":"2023-10-25T06:29:22","guid":{"rendered":"https:\/\/va-varuste.fi\/tuote\/silvertex-red-122-2011\/"},"modified":"2026-03-26T14:20:24","modified_gmt":"2026-03-26T12:20:24","slug":"silvertex-red-122-2011","status":"publish","type":"product","link":"https:\/\/va-varuste.fi\/sv\/produkt\/silvertex-red-122-2011\/","title":{"rendered":"Silvertex Red 122-2011"},"content":{"rendered":"<p><strong>TEKNISK DATA:<\/strong> 100 % Vinyl (Bastv\u00e4v polyester) Vikt: 685 g\/m\u00b2 Bredd: 137 cm Full rulle: +\/- 30m \/ 31 kg N\u00f6tningsbest\u00e4ndighet: Utm\u00e4rkt (300 000 Martindale) K\u00f6ldbrottspunkt: -23\u00b0C UV-best\u00e4ndighet: Utm\u00e4rkt ( 1000 h 7\/8 ) <strong>PERMABLOK3\u00ae<\/strong> <strong>SILVERGUARD\u00ae<\/strong> Antistatisk finish Smutsavvisande finish <a href=\"https:\/\/silvertex.spradling.eu\/en\/index.html\" target=\"_blank\" rel=\"noopener\">Tillverkarens produktsida<\/a> <strong>PRODUKTBESKRIVNING<\/strong> Permablok3-kollektionens Silvertex-tyg \u00e4r ett utm\u00e4rkt val f\u00f6r b\u00e5tkl\u00e4dsel. Silvertex \u00e4r ett l\u00e4ttsk\u00f6tt vinyltyg med en matt yta med svag glans. Tygets egna antibakteriella och m\u00f6gelf\u00f6rebyggande behandlingar f\u00f6rl\u00e4nger tygets livsl\u00e4ngd, ofta i fuktiga b\u00e5t- och lagringsf\u00f6rh\u00e5llanden. Reng\u00f6rs med mild tv\u00e5l och vatten. Fl\u00e4ckar som fett, blod, solkr\u00e4m, krita eller vattenl\u00f6sligt bl\u00e4ck kan l\u00e4tt torkas bort fr\u00e5n vinylytan. Vid behov kan desinfektionsmedel eller alkoholl\u00f6sningar anv\u00e4ndas. Alla tyger i den brands\u00e4kra Permablok3-kollektionen har Permablok3 antibakteriell, antimikrobiell och m\u00f6gelf\u00f6rebyggande behandling. Silvertex-tyget har dessutom en Silverguard-silverjonbehandling som utnyttjar avancerad teknik, vars effektivitet bygger p\u00e5 silverjonernas naturliga f\u00f6rm\u00e5ga att eliminera mikroorganismer och d\u00e4rmed f\u00f6rhindra bakterietillv\u00e4xt som orsakar lukt och fl\u00e4ckar. Tack vare dessa finishbehandlingar l\u00e4mpar sig tyget utm\u00e4rkt \u00e4ven f\u00f6r mycket kr\u00e4vande f\u00f6rh\u00e5llanden s\u00e5som t.ex. sjukhus, \u00e5lderdomshem och andra v\u00e5rdmilj\u00f6er samt snabbmats- och restauranginredningar. Permablok3-tyger \u00e4r vattent\u00e4ta, frostbest\u00e4ndiga och har utm\u00e4rkt f\u00e4rgljush\u00e4rdighet.<\/p>\n","protected":false},"excerpt":{"rendered":"<p>TEKNISK DATA: 100 % Vinyl (Bastv\u00e4v polyester) Vikt: 685 g\/m\u00b2 Bredd: 137 cm Full rulle: +\/- 30m \/ 31 kg N\u00f6tningsbest\u00e4ndighet: Utm\u00e4rkt (300 000 Martindale) K\u00f6ldbrottspunkt: -23\u00b0C UV-best\u00e4ndighet: Utm\u00e4rkt ( 1000 h 7\/8 ) PERMABLOK3\u00ae SILVERGUARD\u00ae Antistatisk finish Smutsavvisande finish Tillverkarens produktsida PRODUKTBESKRIVNING Permablok3-kollektionens Silvertex-tyg \u00e4r ett utm\u00e4rkt val f\u00f6r b\u00e5tkl\u00e4dsel. Silvertex \u00e4r ett l\u00e4ttsk\u00f6tt [&hellip;]<\/p>\n","protected":false},"featured_media":216853,"template":"","meta":[],"product_brand":[],"product_cat":[624,688],"product_tag":[1684],"class_list":{"0":"post-234094","1":"product","2":"type-product","3":"status-publish","4":"has-post-thumbnail","6":"product_cat-alla-produkter","7":"product_cat-silvertex-sv","8":"product_tag-spradling-silvertex","10":"first","11":"instock","12":"taxable","13":"shipping-taxable","14":"purchasable","15":"product-type-simple"},"yoast_head":"<!-- This site is optimized with the Yoast SEO plugin v27.2 - https:\/\/yoast.com\/product\/yoast-seo-wordpress\/ -->\n<title>Silvertex Red 122-2011 - VA-Varuste<\/title>\n<meta name=\"robots\" content=\"index, follow, max-snippet:-1, max-image-preview:large, max-video-preview:-1\" \/>\n<link rel=\"canonical\" href=\"https:\/\/va-varuste.fi\/tuote\/silvertex-red-122-2011\/\" \/>\n<meta property=\"og:locale\" content=\"sv_SE\" \/>\n<meta property=\"og:type\" content=\"article\" \/>\n<meta property=\"og:title\" content=\"Silvertex Red 122-2011 - VA-Varuste\" \/>\n<meta property=\"og:description\" content=\"TEKNISK DATA: 100 % Vinyl (Bastv\u00e4v polyester) Vikt: 685 g\/m\u00b2 Bredd: 137 cm Full rulle: +\/- 30m \/ 31 kg N\u00f6tningsbest\u00e4ndighet: Utm\u00e4rkt (300 000 Martindale) K\u00f6ldbrottspunkt: -23\u00b0C UV-best\u00e4ndighet: Utm\u00e4rkt ( 1000 h 7\/8 ) PERMABLOK3\u00ae SILVERGUARD\u00ae Antistatisk finish Smutsavvisande finish Tillverkarens produktsida PRODUKTBESKRIVNING Permablok3-kollektionens Silvertex-tyg \u00e4r ett utm\u00e4rkt val f\u00f6r b\u00e5tkl\u00e4dsel. Silvertex \u00e4r ett l\u00e4ttsk\u00f6tt [&hellip;]\" \/>\n<meta property=\"og:url\" content=\"https:\/\/va-varuste.fi\/tuote\/silvertex-red-122-2011\/\" \/>\n<meta property=\"og:site_name\" content=\"VA-Varuste\" \/>\n<meta property=\"article:publisher\" content=\"https:\/\/www.facebook.com\/vavarustefi\/\" \/>\n<meta property=\"article:modified_time\" content=\"2026-03-26T12:20:24+00:00\" \/>\n<meta property=\"og:image\" content=\"https:\/\/va-varuste.fi\/wp-content\/uploads\/2023\/10\/silvertex-met_red_122-2011.jpg\" \/>\n\t<meta property=\"og:image:width\" content=\"950\" \/>\n\t<meta property=\"og:image:height\" content=\"950\" \/>\n\t<meta property=\"og:image:type\" content=\"image\/jpeg\" \/>\n<meta name=\"twitter:card\" content=\"summary_large_image\" \/>\n<meta name=\"twitter:label1\" content=\"Ber\u00e4knad l\u00e4stid\" \/>\n\t<meta name=\"twitter:data1\" content=\"1 minut\" \/>\n<script type=\"application\/ld+json\" class=\"yoast-schema-graph\">{\"@context\":\"https:\/\/schema.org\",\"@graph\":[{\"@type\":\"WebPage\",\"@id\":\"https:\/\/va-varuste.fi\/tuote\/silvertex-red-122-2011\/\",\"url\":\"https:\/\/va-varuste.fi\/tuote\/silvertex-red-122-2011\/\",\"name\":\"Silvertex Red 122-2011 - VA-Varuste\",\"isPartOf\":{\"@id\":\"https:\/\/va-varuste.fi\/#website\"},\"primaryImageOfPage\":{\"@id\":\"https:\/\/va-varuste.fi\/tuote\/silvertex-red-122-2011\/#primaryimage\"},\"image\":{\"@id\":\"https:\/\/va-varuste.fi\/tuote\/silvertex-red-122-2011\/#primaryimage\"},\"thumbnailUrl\":\"https:\/\/va-varuste.fi\/wp-content\/uploads\/2023\/10\/silvertex-met_red_122-2011.jpg\",\"datePublished\":\"2023-10-25T06:29:22+00:00\",\"dateModified\":\"2026-03-26T12:20:24+00:00\",\"breadcrumb\":{\"@id\":\"https:\/\/va-varuste.fi\/tuote\/silvertex-red-122-2011\/#breadcrumb\"},\"inLanguage\":\"sv-SE\",\"potentialAction\":[{\"@type\":\"ReadAction\",\"target\":[\"https:\/\/va-varuste.fi\/tuote\/silvertex-red-122-2011\/\"]}]},{\"@type\":\"ImageObject\",\"inLanguage\":\"sv-SE\",\"@id\":\"https:\/\/va-varuste.fi\/tuote\/silvertex-red-122-2011\/#primaryimage\",\"url\":\"https:\/\/va-varuste.fi\/wp-content\/uploads\/2023\/10\/silvertex-met_red_122-2011.jpg\",\"contentUrl\":\"https:\/\/va-varuste.fi\/wp-content\/uploads\/2023\/10\/silvertex-met_red_122-2011.jpg\",\"width\":950,\"height\":950},{\"@type\":\"BreadcrumbList\",\"@id\":\"https:\/\/va-varuste.fi\/tuote\/silvertex-red-122-2011\/#breadcrumb\",\"itemListElement\":[{\"@type\":\"ListItem\",\"position\":1,\"name\":\"Etusivu\",\"item\":\"https:\/\/va-varuste.fi\/sv\/\"},{\"@type\":\"ListItem\",\"position\":2,\"name\":\"Webbutik\",\"item\":\"https:\/\/va-varuste.fi\/sv\/webbutik\/\"},{\"@type\":\"ListItem\",\"position\":3,\"name\":\"Silvertex Red 122-2011\"}]},{\"@type\":\"WebSite\",\"@id\":\"https:\/\/va-varuste.fi\/#website\",\"url\":\"https:\/\/va-varuste.fi\/\",\"name\":\"VA-Varuste\",\"description\":\"\",\"publisher\":{\"@id\":\"https:\/\/va-varuste.fi\/#organization\"},\"potentialAction\":[{\"@type\":\"SearchAction\",\"target\":{\"@type\":\"EntryPoint\",\"urlTemplate\":\"https:\/\/va-varuste.fi\/?s={search_term_string}\"},\"query-input\":{\"@type\":\"PropertyValueSpecification\",\"valueRequired\":true,\"valueName\":\"search_term_string\"}}],\"inLanguage\":\"sv-SE\"},{\"@type\":\"Organization\",\"@id\":\"https:\/\/va-varuste.fi\/#organization\",\"name\":\"VA-Varuste\",\"url\":\"https:\/\/va-varuste.fi\/\",\"logo\":{\"@type\":\"ImageObject\",\"inLanguage\":\"sv-SE\",\"@id\":\"https:\/\/va-varuste.fi\/#\/schema\/logo\/image\/\",\"url\":\"https:\/\/va-varuste.fi\/wp-content\/uploads\/2023\/09\/va-logo.svg\",\"contentUrl\":\"https:\/\/va-varuste.fi\/wp-content\/uploads\/2023\/09\/va-logo.svg\",\"caption\":\"VA-Varuste\"},\"image\":{\"@id\":\"https:\/\/va-varuste.fi\/#\/schema\/logo\/image\/\"},\"sameAs\":[\"https:\/\/www.facebook.com\/vavarustefi\/\",\"https:\/\/www.instagram.com\/vavaruste\/\"]}]}<\/script>\n<!-- \/ Yoast SEO plugin. -->","yoast_head_json":{"title":"Silvertex Red 122-2011 - VA-Varuste","robots":{"index":"index","follow":"follow","max-snippet":"max-snippet:-1","max-image-preview":"max-image-preview:large","max-video-preview":"max-video-preview:-1"},"canonical":"https:\/\/va-varuste.fi\/tuote\/silvertex-red-122-2011\/","og_locale":"sv_SE","og_type":"article","og_title":"Silvertex Red 122-2011 - VA-Varuste","og_description":"TEKNISK DATA: 100 % Vinyl (Bastv\u00e4v polyester) Vikt: 685 g\/m\u00b2 Bredd: 137 cm Full rulle: +\/- 30m \/ 31 kg N\u00f6tningsbest\u00e4ndighet: Utm\u00e4rkt (300 000 Martindale) K\u00f6ldbrottspunkt: -23\u00b0C UV-best\u00e4ndighet: Utm\u00e4rkt ( 1000 h 7\/8 ) PERMABLOK3\u00ae SILVERGUARD\u00ae Antistatisk finish Smutsavvisande finish Tillverkarens produktsida PRODUKTBESKRIVNING Permablok3-kollektionens Silvertex-tyg \u00e4r ett utm\u00e4rkt val f\u00f6r b\u00e5tkl\u00e4dsel. Silvertex \u00e4r ett l\u00e4ttsk\u00f6tt [&hellip;]","og_url":"https:\/\/va-varuste.fi\/tuote\/silvertex-red-122-2011\/","og_site_name":"VA-Varuste","article_publisher":"https:\/\/www.facebook.com\/vavarustefi\/","article_modified_time":"2026-03-26T12:20:24+00:00","og_image":[{"width":950,"height":950,"url":"https:\/\/va-varuste.fi\/wp-content\/uploads\/2023\/10\/silvertex-met_red_122-2011.jpg","type":"image\/jpeg"}],"twitter_card":"summary_large_image","twitter_misc":{"Ber\u00e4knad l\u00e4stid":"1 minut"},"schema":{"@context":"https:\/\/schema.org","@graph":[{"@type":"WebPage","@id":"https:\/\/va-varuste.fi\/tuote\/silvertex-red-122-2011\/","url":"https:\/\/va-varuste.fi\/tuote\/silvertex-red-122-2011\/","name":"Silvertex Red 122-2011 - VA-Varuste","isPartOf":{"@id":"https:\/\/va-varuste.fi\/#website"},"primaryImageOfPage":{"@id":"https:\/\/va-varuste.fi\/tuote\/silvertex-red-122-2011\/#primaryimage"},"image":{"@id":"https:\/\/va-varuste.fi\/tuote\/silvertex-red-122-2011\/#primaryimage"},"thumbnailUrl":"https:\/\/va-varuste.fi\/wp-content\/uploads\/2023\/10\/silvertex-met_red_122-2011.jpg","datePublished":"2023-10-25T06:29:22+00:00","dateModified":"2026-03-26T12:20:24+00:00","breadcrumb":{"@id":"https:\/\/va-varuste.fi\/tuote\/silvertex-red-122-2011\/#breadcrumb"},"inLanguage":"sv-SE","potentialAction":[{"@type":"ReadAction","target":["https:\/\/va-varuste.fi\/tuote\/silvertex-red-122-2011\/"]}]},{"@type":"ImageObject","inLanguage":"sv-SE","@id":"https:\/\/va-varuste.fi\/tuote\/silvertex-red-122-2011\/#primaryimage","url":"https:\/\/va-varuste.fi\/wp-content\/uploads\/2023\/10\/silvertex-met_red_122-2011.jpg","contentUrl":"https:\/\/va-varuste.fi\/wp-content\/uploads\/2023\/10\/silvertex-met_red_122-2011.jpg","width":950,"height":950},{"@type":"BreadcrumbList","@id":"https:\/\/va-varuste.fi\/tuote\/silvertex-red-122-2011\/#breadcrumb","itemListElement":[{"@type":"ListItem","position":1,"name":"Etusivu","item":"https:\/\/va-varuste.fi\/sv\/"},{"@type":"ListItem","position":2,"name":"Webbutik","item":"https:\/\/va-varuste.fi\/sv\/webbutik\/"},{"@type":"ListItem","position":3,"name":"Silvertex Red 122-2011"}]},{"@type":"WebSite","@id":"https:\/\/va-varuste.fi\/#website","url":"https:\/\/va-varuste.fi\/","name":"VA-Varuste","description":"","publisher":{"@id":"https:\/\/va-varuste.fi\/#organization"},"potentialAction":[{"@type":"SearchAction","target":{"@type":"EntryPoint","urlTemplate":"https:\/\/va-varuste.fi\/?s={search_term_string}"},"query-input":{"@type":"PropertyValueSpecification","valueRequired":true,"valueName":"search_term_string"}}],"inLanguage":"sv-SE"},{"@type":"Organization","@id":"https:\/\/va-varuste.fi\/#organization","name":"VA-Varuste","url":"https:\/\/va-varuste.fi\/","logo":{"@type":"ImageObject","inLanguage":"sv-SE","@id":"https:\/\/va-varuste.fi\/#\/schema\/logo\/image\/","url":"https:\/\/va-varuste.fi\/wp-content\/uploads\/2023\/09\/va-logo.svg","contentUrl":"https:\/\/va-varuste.fi\/wp-content\/uploads\/2023\/09\/va-logo.svg","caption":"VA-Varuste"},"image":{"@id":"https:\/\/va-varuste.fi\/#\/schema\/logo\/image\/"},"sameAs":["https:\/\/www.facebook.com\/vavarustefi\/","https:\/\/www.instagram.com\/vavaruste\/"]}]}},"_links":{"self":[{"href":"https:\/\/va-varuste.fi\/sv\/wp-json\/wp\/v2\/product\/234094","targetHints":{"allow":["GET"]}}],"collection":[{"href":"https:\/\/va-varuste.fi\/sv\/wp-json\/wp\/v2\/product"}],"about":[{"href":"https:\/\/va-varuste.fi\/sv\/wp-json\/wp\/v2\/types\/product"}],"wp:featuredmedia":[{"embeddable":true,"href":"https:\/\/va-varuste.fi\/sv\/wp-json\/wp\/v2\/media\/216853"}],"wp:attachment":[{"href":"https:\/\/va-varuste.fi\/sv\/wp-json\/wp\/v2\/media?parent=234094"}],"wp:term":[{"taxonomy":"product_brand","embeddable":true,"href":"https:\/\/va-varuste.fi\/sv\/wp-json\/wp\/v2\/product_brand?post=234094"},{"taxonomy":"product_cat","embeddable":true,"href":"https:\/\/va-varuste.fi\/sv\/wp-json\/wp\/v2\/product_cat?post=234094"},{"taxonomy":"product_tag","embeddable":true,"href":"https:\/\/va-varuste.fi\/sv\/wp-json\/wp\/v2\/product_tag?post=234094"}],"curies":[{"name":"wp","href":"https:\/\/api.w.org\/{rel}","templated":true}]}}