{"id":234103,"date":"2023-10-25T09:29:07","date_gmt":"2023-10-25T06:29:07","guid":{"rendered":"https:\/\/va-varuste.fi\/tuote\/pyoriva-liuku-kiinteaan-pinta-asennukseen-vasen\/"},"modified":"2026-03-20T11:55:54","modified_gmt":"2026-03-20T09:55:54","slug":"pyoriva-liuku-kiinteaan-pinta-asennukseen-vasen","status":"publish","type":"product","link":"https:\/\/va-varuste.fi\/sv\/produkt\/pyoriva-liuku-kiinteaan-pinta-asennukseen-vasen\/","title":{"rendered":"Sv\u00e4ngbar glidskena f\u00f6r fast ytmontering V\u00c4NSTER"},"content":{"rendered":"<p>Denna glidskena \u00e4r v\u00e4nsterh\u00e4nt.<\/p>\n<p><strong>Kompatibel med VA-Pro, VA-Mini och VA-Mini GT b\u00e5tstolar.<\/strong><\/p>\n<p>VA-Swing rekommenderas att monteras p\u00e5 en kortare glidskena med stolsben. Den sv\u00e4ngbara glidskenan \u00e4r 39 mm l\u00e4ngre \u00e4n VA-Swings sittsplatta.<\/p>\n<p>Ytmonterad glidskenemekanism med sv\u00e4ngbar bas. Roterar 360\u00b0. Systemh\u00f6jd: 70 mm. Glidskena l\u00e4ngd: 338 mm.<\/p>\n","protected":false},"excerpt":{"rendered":"<p>Denna glidskena \u00e4r v\u00e4nsterh\u00e4nt. Kompatibel med VA-Pro, VA-Mini och VA-Mini GT b\u00e5tstolar. VA-Swing rekommenderas att monteras p\u00e5 en kortare glidskena med stolsben. Den sv\u00e4ngbara glidskenan \u00e4r 39 mm l\u00e4ngre \u00e4n VA-Swings sittsplatta. Ytmonterad glidskenemekanism med sv\u00e4ngbar bas. Roterar 360\u00b0. Systemh\u00f6jd: 70 mm. Glidskena l\u00e4ngd: 338 mm.<\/p>\n","protected":false},"featured_media":216813,"template":"","meta":[],"product_brand":[],"product_cat":[624,645],"product_tag":[],"class_list":{"0":"post-234103","1":"product","2":"type-product","3":"status-publish","4":"has-post-thumbnail","6":"product_cat-alla-produkter","7":"product_cat-stolsben-och-glidskenor","9":"first","10":"instock","11":"taxable","12":"shipping-taxable","13":"purchasable","14":"product-type-simple"},"yoast_head":"<!-- This site is optimized with the Yoast SEO plugin v27.2 - https:\/\/yoast.com\/product\/yoast-seo-wordpress\/ -->\n<title>Sv\u00e4ngbar glidskena f\u00f6r fast ytmontering V\u00c4NSTER - VA-Varuste<\/title>\n<meta name=\"description\" content=\"Svangbar glidskena for fast ytmontering, vansterhant. Kompatibel med VA-Pro, VA-Mini och VA-Mini GT. Bestall fran VA-Varuste.\" \/>\n<meta name=\"robots\" content=\"index, follow, max-snippet:-1, max-image-preview:large, max-video-preview:-1\" \/>\n<link rel=\"canonical\" href=\"https:\/\/va-varuste.fi\/sv\/produkt\/pyoriva-liuku-kiinteaan-pinta-asennukseen-vasen\/\" \/>\n<meta property=\"og:locale\" content=\"sv_SE\" \/>\n<meta property=\"og:type\" content=\"article\" \/>\n<meta property=\"og:title\" content=\"Sv\u00e4ngbar glidskena f\u00f6r fast ytmontering V\u00c4NSTER - VA-Varuste\" \/>\n<meta property=\"og:description\" content=\"Svangbar glidskena for fast ytmontering, vansterhant. Kompatibel med VA-Pro, VA-Mini och VA-Mini GT. Bestall fran VA-Varuste.\" \/>\n<meta property=\"og:url\" content=\"https:\/\/va-varuste.fi\/sv\/produkt\/pyoriva-liuku-kiinteaan-pinta-asennukseen-vasen\/\" \/>\n<meta property=\"og:site_name\" content=\"VA-Varuste\" \/>\n<meta property=\"article:publisher\" content=\"https:\/\/www.facebook.com\/vavarustefi\/\" \/>\n<meta property=\"article:modified_time\" content=\"2026-03-20T09:55:54+00:00\" \/>\n<meta property=\"og:image\" content=\"https:\/\/va-varuste.fi\/wp-content\/uploads\/2023\/10\/esm_spin.jpg\" \/>\n\t<meta property=\"og:image:width\" content=\"900\" \/>\n\t<meta property=\"og:image:height\" content=\"712\" \/>\n\t<meta property=\"og:image:type\" content=\"image\/jpeg\" \/>\n<meta name=\"twitter:card\" content=\"summary_large_image\" \/>\n<script type=\"application\/ld+json\" class=\"yoast-schema-graph\">{\"@context\":\"https:\/\/schema.org\",\"@graph\":[{\"@type\":\"WebPage\",\"@id\":\"https:\/\/va-varuste.fi\/sv\/produkt\/pyoriva-liuku-kiinteaan-pinta-asennukseen-vasen\/\",\"url\":\"https:\/\/va-varuste.fi\/sv\/produkt\/pyoriva-liuku-kiinteaan-pinta-asennukseen-vasen\/\",\"name\":\"Sv\u00e4ngbar glidskena f\u00f6r fast ytmontering V\u00c4NSTER - VA-Varuste\",\"isPartOf\":{\"@id\":\"https:\/\/va-varuste.fi\/#website\"},\"primaryImageOfPage\":{\"@id\":\"https:\/\/va-varuste.fi\/sv\/produkt\/pyoriva-liuku-kiinteaan-pinta-asennukseen-vasen\/#primaryimage\"},\"image\":{\"@id\":\"https:\/\/va-varuste.fi\/sv\/produkt\/pyoriva-liuku-kiinteaan-pinta-asennukseen-vasen\/#primaryimage\"},\"thumbnailUrl\":\"https:\/\/va-varuste.fi\/wp-content\/uploads\/2023\/10\/esm_spin.jpg\",\"datePublished\":\"2023-10-25T06:29:07+00:00\",\"dateModified\":\"2026-03-20T09:55:54+00:00\",\"description\":\"Svangbar glidskena for fast ytmontering, vansterhant. Kompatibel med VA-Pro, VA-Mini och VA-Mini GT. Bestall fran VA-Varuste.\",\"breadcrumb\":{\"@id\":\"https:\/\/va-varuste.fi\/sv\/produkt\/pyoriva-liuku-kiinteaan-pinta-asennukseen-vasen\/#breadcrumb\"},\"inLanguage\":\"sv-SE\",\"potentialAction\":[{\"@type\":\"ReadAction\",\"target\":[\"https:\/\/va-varuste.fi\/sv\/produkt\/pyoriva-liuku-kiinteaan-pinta-asennukseen-vasen\/\"]}]},{\"@type\":\"ImageObject\",\"inLanguage\":\"sv-SE\",\"@id\":\"https:\/\/va-varuste.fi\/sv\/produkt\/pyoriva-liuku-kiinteaan-pinta-asennukseen-vasen\/#primaryimage\",\"url\":\"https:\/\/va-varuste.fi\/wp-content\/uploads\/2023\/10\/esm_spin.jpg\",\"contentUrl\":\"https:\/\/va-varuste.fi\/wp-content\/uploads\/2023\/10\/esm_spin.jpg\",\"width\":900,\"height\":712},{\"@type\":\"BreadcrumbList\",\"@id\":\"https:\/\/va-varuste.fi\/sv\/produkt\/pyoriva-liuku-kiinteaan-pinta-asennukseen-vasen\/#breadcrumb\",\"itemListElement\":[{\"@type\":\"ListItem\",\"position\":1,\"name\":\"Etusivu\",\"item\":\"https:\/\/va-varuste.fi\/sv\/\"},{\"@type\":\"ListItem\",\"position\":2,\"name\":\"Webbutik\",\"item\":\"https:\/\/va-varuste.fi\/sv\/webbutik\/\"},{\"@type\":\"ListItem\",\"position\":3,\"name\":\"Sv\u00e4ngbar glidskena f\u00f6r fast ytmontering V\u00c4NSTER\"}]},{\"@type\":\"WebSite\",\"@id\":\"https:\/\/va-varuste.fi\/#website\",\"url\":\"https:\/\/va-varuste.fi\/\",\"name\":\"VA-Varuste\",\"description\":\"\",\"publisher\":{\"@id\":\"https:\/\/va-varuste.fi\/#organization\"},\"potentialAction\":[{\"@type\":\"SearchAction\",\"target\":{\"@type\":\"EntryPoint\",\"urlTemplate\":\"https:\/\/va-varuste.fi\/?s={search_term_string}\"},\"query-input\":{\"@type\":\"PropertyValueSpecification\",\"valueRequired\":true,\"valueName\":\"search_term_string\"}}],\"inLanguage\":\"sv-SE\"},{\"@type\":\"Organization\",\"@id\":\"https:\/\/va-varuste.fi\/#organization\",\"name\":\"VA-Varuste\",\"url\":\"https:\/\/va-varuste.fi\/\",\"logo\":{\"@type\":\"ImageObject\",\"inLanguage\":\"sv-SE\",\"@id\":\"https:\/\/va-varuste.fi\/#\/schema\/logo\/image\/\",\"url\":\"https:\/\/va-varuste.fi\/wp-content\/uploads\/2023\/09\/va-logo.svg\",\"contentUrl\":\"https:\/\/va-varuste.fi\/wp-content\/uploads\/2023\/09\/va-logo.svg\",\"caption\":\"VA-Varuste\"},\"image\":{\"@id\":\"https:\/\/va-varuste.fi\/#\/schema\/logo\/image\/\"},\"sameAs\":[\"https:\/\/www.facebook.com\/vavarustefi\/\",\"https:\/\/www.instagram.com\/vavaruste\/\"]}]}<\/script>\n<!-- \/ Yoast SEO plugin. -->","yoast_head_json":{"title":"Sv\u00e4ngbar glidskena f\u00f6r fast ytmontering V\u00c4NSTER - VA-Varuste","description":"Svangbar glidskena for fast ytmontering, vansterhant. Kompatibel med VA-Pro, VA-Mini och VA-Mini GT. Bestall fran VA-Varuste.","robots":{"index":"index","follow":"follow","max-snippet":"max-snippet:-1","max-image-preview":"max-image-preview:large","max-video-preview":"max-video-preview:-1"},"canonical":"https:\/\/va-varuste.fi\/sv\/produkt\/pyoriva-liuku-kiinteaan-pinta-asennukseen-vasen\/","og_locale":"sv_SE","og_type":"article","og_title":"Sv\u00e4ngbar glidskena f\u00f6r fast ytmontering V\u00c4NSTER - VA-Varuste","og_description":"Svangbar glidskena for fast ytmontering, vansterhant. Kompatibel med VA-Pro, VA-Mini och VA-Mini GT. Bestall fran VA-Varuste.","og_url":"https:\/\/va-varuste.fi\/sv\/produkt\/pyoriva-liuku-kiinteaan-pinta-asennukseen-vasen\/","og_site_name":"VA-Varuste","article_publisher":"https:\/\/www.facebook.com\/vavarustefi\/","article_modified_time":"2026-03-20T09:55:54+00:00","og_image":[{"width":900,"height":712,"url":"https:\/\/va-varuste.fi\/wp-content\/uploads\/2023\/10\/esm_spin.jpg","type":"image\/jpeg"}],"twitter_card":"summary_large_image","schema":{"@context":"https:\/\/schema.org","@graph":[{"@type":"WebPage","@id":"https:\/\/va-varuste.fi\/sv\/produkt\/pyoriva-liuku-kiinteaan-pinta-asennukseen-vasen\/","url":"https:\/\/va-varuste.fi\/sv\/produkt\/pyoriva-liuku-kiinteaan-pinta-asennukseen-vasen\/","name":"Sv\u00e4ngbar glidskena f\u00f6r fast ytmontering V\u00c4NSTER - VA-Varuste","isPartOf":{"@id":"https:\/\/va-varuste.fi\/#website"},"primaryImageOfPage":{"@id":"https:\/\/va-varuste.fi\/sv\/produkt\/pyoriva-liuku-kiinteaan-pinta-asennukseen-vasen\/#primaryimage"},"image":{"@id":"https:\/\/va-varuste.fi\/sv\/produkt\/pyoriva-liuku-kiinteaan-pinta-asennukseen-vasen\/#primaryimage"},"thumbnailUrl":"https:\/\/va-varuste.fi\/wp-content\/uploads\/2023\/10\/esm_spin.jpg","datePublished":"2023-10-25T06:29:07+00:00","dateModified":"2026-03-20T09:55:54+00:00","description":"Svangbar glidskena for fast ytmontering, vansterhant. Kompatibel med VA-Pro, VA-Mini och VA-Mini GT. Bestall fran VA-Varuste.","breadcrumb":{"@id":"https:\/\/va-varuste.fi\/sv\/produkt\/pyoriva-liuku-kiinteaan-pinta-asennukseen-vasen\/#breadcrumb"},"inLanguage":"sv-SE","potentialAction":[{"@type":"ReadAction","target":["https:\/\/va-varuste.fi\/sv\/produkt\/pyoriva-liuku-kiinteaan-pinta-asennukseen-vasen\/"]}]},{"@type":"ImageObject","inLanguage":"sv-SE","@id":"https:\/\/va-varuste.fi\/sv\/produkt\/pyoriva-liuku-kiinteaan-pinta-asennukseen-vasen\/#primaryimage","url":"https:\/\/va-varuste.fi\/wp-content\/uploads\/2023\/10\/esm_spin.jpg","contentUrl":"https:\/\/va-varuste.fi\/wp-content\/uploads\/2023\/10\/esm_spin.jpg","width":900,"height":712},{"@type":"BreadcrumbList","@id":"https:\/\/va-varuste.fi\/sv\/produkt\/pyoriva-liuku-kiinteaan-pinta-asennukseen-vasen\/#breadcrumb","itemListElement":[{"@type":"ListItem","position":1,"name":"Etusivu","item":"https:\/\/va-varuste.fi\/sv\/"},{"@type":"ListItem","position":2,"name":"Webbutik","item":"https:\/\/va-varuste.fi\/sv\/webbutik\/"},{"@type":"ListItem","position":3,"name":"Sv\u00e4ngbar glidskena f\u00f6r fast ytmontering V\u00c4NSTER"}]},{"@type":"WebSite","@id":"https:\/\/va-varuste.fi\/#website","url":"https:\/\/va-varuste.fi\/","name":"VA-Varuste","description":"","publisher":{"@id":"https:\/\/va-varuste.fi\/#organization"},"potentialAction":[{"@type":"SearchAction","target":{"@type":"EntryPoint","urlTemplate":"https:\/\/va-varuste.fi\/?s={search_term_string}"},"query-input":{"@type":"PropertyValueSpecification","valueRequired":true,"valueName":"search_term_string"}}],"inLanguage":"sv-SE"},{"@type":"Organization","@id":"https:\/\/va-varuste.fi\/#organization","name":"VA-Varuste","url":"https:\/\/va-varuste.fi\/","logo":{"@type":"ImageObject","inLanguage":"sv-SE","@id":"https:\/\/va-varuste.fi\/#\/schema\/logo\/image\/","url":"https:\/\/va-varuste.fi\/wp-content\/uploads\/2023\/09\/va-logo.svg","contentUrl":"https:\/\/va-varuste.fi\/wp-content\/uploads\/2023\/09\/va-logo.svg","caption":"VA-Varuste"},"image":{"@id":"https:\/\/va-varuste.fi\/#\/schema\/logo\/image\/"},"sameAs":["https:\/\/www.facebook.com\/vavarustefi\/","https:\/\/www.instagram.com\/vavaruste\/"]}]}},"_links":{"self":[{"href":"https:\/\/va-varuste.fi\/sv\/wp-json\/wp\/v2\/product\/234103","targetHints":{"allow":["GET"]}}],"collection":[{"href":"https:\/\/va-varuste.fi\/sv\/wp-json\/wp\/v2\/product"}],"about":[{"href":"https:\/\/va-varuste.fi\/sv\/wp-json\/wp\/v2\/types\/product"}],"wp:featuredmedia":[{"embeddable":true,"href":"https:\/\/va-varuste.fi\/sv\/wp-json\/wp\/v2\/media\/216813"}],"wp:attachment":[{"href":"https:\/\/va-varuste.fi\/sv\/wp-json\/wp\/v2\/media?parent=234103"}],"wp:term":[{"taxonomy":"product_brand","embeddable":true,"href":"https:\/\/va-varuste.fi\/sv\/wp-json\/wp\/v2\/product_brand?post=234103"},{"taxonomy":"product_cat","embeddable":true,"href":"https:\/\/va-varuste.fi\/sv\/wp-json\/wp\/v2\/product_cat?post=234103"},{"taxonomy":"product_tag","embeddable":true,"href":"https:\/\/va-varuste.fi\/sv\/wp-json\/wp\/v2\/product_tag?post=234103"}],"curies":[{"name":"wp","href":"https:\/\/api.w.org\/{rel}","templated":true}]}}