{"id":234105,"date":"2023-10-25T09:29:06","date_gmt":"2023-10-25T06:29:06","guid":{"rendered":"https:\/\/va-varuste.fi\/tuote\/kiintea-istuimen-jalka-287-mm-lyhyt-liuku\/"},"modified":"2026-03-20T11:55:45","modified_gmt":"2026-03-20T09:55:45","slug":"kiintea-istuimen-jalka-287-mm-lyhyt-liuku","status":"publish","type":"product","link":"https:\/\/va-varuste.fi\/sv\/produkt\/kiintea-istuimen-jalka-287-mm-lyhyt-liuku\/","title":{"rendered":"Fast stolsben 287 mm + Kort glidskena"},"content":{"rendered":"<p>Stolsben med fast h\u00f6jd.<\/p>\n<p><strong>Denna glidskena \u00e4r kompatibel med VA-Swing b\u00e5tstol.<\/strong><\/p>\n<p>VA-Pro, VA-Mini och VA-Mini GT b\u00e5tstolar kr\u00e4ver den l\u00e4ngre glidskenan.<\/p>\n<p>Stolsben och glidskena s\u00e4ljs som ett set. Den sv\u00e4ngbara glidskenan roterar 360\u00b0. Glidskena l\u00e4ngd: 286 mm.<\/p>\n","protected":false},"excerpt":{"rendered":"<p>Stolsben med fast h\u00f6jd och kort glidskena. <strong>Kompatibel med VA-Swing b\u00e5tstol.<\/strong><\/p>\n","protected":false},"featured_media":216782,"template":"","meta":[],"product_brand":[],"product_cat":[624,645],"product_tag":[],"class_list":{"0":"post-234105","1":"product","2":"type-product","3":"status-publish","4":"has-post-thumbnail","6":"product_cat-alla-produkter","7":"product_cat-stolsben-och-glidskenor","9":"first","10":"instock","11":"taxable","12":"shipping-taxable","13":"purchasable","14":"product-type-simple"},"yoast_head":"<!-- This site is optimized with the Yoast SEO plugin v27.2 - https:\/\/yoast.com\/product\/yoast-seo-wordpress\/ -->\n<title>Fast stolsben 287 mm + Kort glidskena - VA-Varuste<\/title>\n<meta name=\"description\" content=\"Fast stolsben 287 mm med kort glidskena. Kompatibel med VA-Swing batstol. Bestall fran VA-Varuste.\" \/>\n<meta name=\"robots\" content=\"index, follow, max-snippet:-1, max-image-preview:large, max-video-preview:-1\" \/>\n<link rel=\"canonical\" href=\"https:\/\/va-varuste.fi\/sv\/produkt\/kiintea-istuimen-jalka-287-mm-lyhyt-liuku\/\" \/>\n<meta property=\"og:locale\" content=\"sv_SE\" \/>\n<meta property=\"og:type\" content=\"article\" \/>\n<meta property=\"og:title\" content=\"Fast stolsben 287 mm + Kort glidskena - VA-Varuste\" \/>\n<meta property=\"og:description\" content=\"Fast stolsben 287 mm med kort glidskena. Kompatibel med VA-Swing batstol. Bestall fran VA-Varuste.\" \/>\n<meta property=\"og:url\" content=\"https:\/\/va-varuste.fi\/sv\/produkt\/kiintea-istuimen-jalka-287-mm-lyhyt-liuku\/\" \/>\n<meta property=\"og:site_name\" content=\"VA-Varuste\" \/>\n<meta property=\"article:publisher\" content=\"https:\/\/www.facebook.com\/vavarustefi\/\" \/>\n<meta property=\"article:modified_time\" content=\"2026-03-20T09:55:45+00:00\" \/>\n<meta property=\"og:image\" content=\"https:\/\/va-varuste.fi\/wp-content\/uploads\/2023\/10\/esm287.jpg\" \/>\n\t<meta property=\"og:image:width\" content=\"500\" \/>\n\t<meta property=\"og:image:height\" content=\"500\" \/>\n\t<meta property=\"og:image:type\" content=\"image\/jpeg\" \/>\n<meta name=\"twitter:card\" content=\"summary_large_image\" \/>\n<script type=\"application\/ld+json\" class=\"yoast-schema-graph\">{\"@context\":\"https:\/\/schema.org\",\"@graph\":[{\"@type\":\"WebPage\",\"@id\":\"https:\/\/va-varuste.fi\/sv\/produkt\/kiintea-istuimen-jalka-287-mm-lyhyt-liuku\/\",\"url\":\"https:\/\/va-varuste.fi\/sv\/produkt\/kiintea-istuimen-jalka-287-mm-lyhyt-liuku\/\",\"name\":\"Fast stolsben 287 mm + Kort glidskena - VA-Varuste\",\"isPartOf\":{\"@id\":\"https:\/\/va-varuste.fi\/#website\"},\"primaryImageOfPage\":{\"@id\":\"https:\/\/va-varuste.fi\/sv\/produkt\/kiintea-istuimen-jalka-287-mm-lyhyt-liuku\/#primaryimage\"},\"image\":{\"@id\":\"https:\/\/va-varuste.fi\/sv\/produkt\/kiintea-istuimen-jalka-287-mm-lyhyt-liuku\/#primaryimage\"},\"thumbnailUrl\":\"https:\/\/va-varuste.fi\/wp-content\/uploads\/2023\/10\/esm287.jpg\",\"datePublished\":\"2023-10-25T06:29:06+00:00\",\"dateModified\":\"2026-03-20T09:55:45+00:00\",\"description\":\"Fast stolsben 287 mm med kort glidskena. Kompatibel med VA-Swing batstol. Bestall fran VA-Varuste.\",\"breadcrumb\":{\"@id\":\"https:\/\/va-varuste.fi\/sv\/produkt\/kiintea-istuimen-jalka-287-mm-lyhyt-liuku\/#breadcrumb\"},\"inLanguage\":\"sv-SE\",\"potentialAction\":[{\"@type\":\"ReadAction\",\"target\":[\"https:\/\/va-varuste.fi\/sv\/produkt\/kiintea-istuimen-jalka-287-mm-lyhyt-liuku\/\"]}]},{\"@type\":\"ImageObject\",\"inLanguage\":\"sv-SE\",\"@id\":\"https:\/\/va-varuste.fi\/sv\/produkt\/kiintea-istuimen-jalka-287-mm-lyhyt-liuku\/#primaryimage\",\"url\":\"https:\/\/va-varuste.fi\/wp-content\/uploads\/2023\/10\/esm287.jpg\",\"contentUrl\":\"https:\/\/va-varuste.fi\/wp-content\/uploads\/2023\/10\/esm287.jpg\",\"width\":500,\"height\":500},{\"@type\":\"BreadcrumbList\",\"@id\":\"https:\/\/va-varuste.fi\/sv\/produkt\/kiintea-istuimen-jalka-287-mm-lyhyt-liuku\/#breadcrumb\",\"itemListElement\":[{\"@type\":\"ListItem\",\"position\":1,\"name\":\"Etusivu\",\"item\":\"https:\/\/va-varuste.fi\/sv\/\"},{\"@type\":\"ListItem\",\"position\":2,\"name\":\"Webbutik\",\"item\":\"https:\/\/va-varuste.fi\/sv\/webbutik\/\"},{\"@type\":\"ListItem\",\"position\":3,\"name\":\"Fast stolsben 287 mm + Kort glidskena\"}]},{\"@type\":\"WebSite\",\"@id\":\"https:\/\/va-varuste.fi\/#website\",\"url\":\"https:\/\/va-varuste.fi\/\",\"name\":\"VA-Varuste\",\"description\":\"\",\"publisher\":{\"@id\":\"https:\/\/va-varuste.fi\/#organization\"},\"potentialAction\":[{\"@type\":\"SearchAction\",\"target\":{\"@type\":\"EntryPoint\",\"urlTemplate\":\"https:\/\/va-varuste.fi\/?s={search_term_string}\"},\"query-input\":{\"@type\":\"PropertyValueSpecification\",\"valueRequired\":true,\"valueName\":\"search_term_string\"}}],\"inLanguage\":\"sv-SE\"},{\"@type\":\"Organization\",\"@id\":\"https:\/\/va-varuste.fi\/#organization\",\"name\":\"VA-Varuste\",\"url\":\"https:\/\/va-varuste.fi\/\",\"logo\":{\"@type\":\"ImageObject\",\"inLanguage\":\"sv-SE\",\"@id\":\"https:\/\/va-varuste.fi\/#\/schema\/logo\/image\/\",\"url\":\"https:\/\/va-varuste.fi\/wp-content\/uploads\/2023\/09\/va-logo.svg\",\"contentUrl\":\"https:\/\/va-varuste.fi\/wp-content\/uploads\/2023\/09\/va-logo.svg\",\"caption\":\"VA-Varuste\"},\"image\":{\"@id\":\"https:\/\/va-varuste.fi\/#\/schema\/logo\/image\/\"},\"sameAs\":[\"https:\/\/www.facebook.com\/vavarustefi\/\",\"https:\/\/www.instagram.com\/vavaruste\/\"]}]}<\/script>\n<!-- \/ Yoast SEO plugin. -->","yoast_head_json":{"title":"Fast stolsben 287 mm + Kort glidskena - VA-Varuste","description":"Fast stolsben 287 mm med kort glidskena. Kompatibel med VA-Swing batstol. Bestall fran VA-Varuste.","robots":{"index":"index","follow":"follow","max-snippet":"max-snippet:-1","max-image-preview":"max-image-preview:large","max-video-preview":"max-video-preview:-1"},"canonical":"https:\/\/va-varuste.fi\/sv\/produkt\/kiintea-istuimen-jalka-287-mm-lyhyt-liuku\/","og_locale":"sv_SE","og_type":"article","og_title":"Fast stolsben 287 mm + Kort glidskena - VA-Varuste","og_description":"Fast stolsben 287 mm med kort glidskena. Kompatibel med VA-Swing batstol. Bestall fran VA-Varuste.","og_url":"https:\/\/va-varuste.fi\/sv\/produkt\/kiintea-istuimen-jalka-287-mm-lyhyt-liuku\/","og_site_name":"VA-Varuste","article_publisher":"https:\/\/www.facebook.com\/vavarustefi\/","article_modified_time":"2026-03-20T09:55:45+00:00","og_image":[{"width":500,"height":500,"url":"https:\/\/va-varuste.fi\/wp-content\/uploads\/2023\/10\/esm287.jpg","type":"image\/jpeg"}],"twitter_card":"summary_large_image","schema":{"@context":"https:\/\/schema.org","@graph":[{"@type":"WebPage","@id":"https:\/\/va-varuste.fi\/sv\/produkt\/kiintea-istuimen-jalka-287-mm-lyhyt-liuku\/","url":"https:\/\/va-varuste.fi\/sv\/produkt\/kiintea-istuimen-jalka-287-mm-lyhyt-liuku\/","name":"Fast stolsben 287 mm + Kort glidskena - VA-Varuste","isPartOf":{"@id":"https:\/\/va-varuste.fi\/#website"},"primaryImageOfPage":{"@id":"https:\/\/va-varuste.fi\/sv\/produkt\/kiintea-istuimen-jalka-287-mm-lyhyt-liuku\/#primaryimage"},"image":{"@id":"https:\/\/va-varuste.fi\/sv\/produkt\/kiintea-istuimen-jalka-287-mm-lyhyt-liuku\/#primaryimage"},"thumbnailUrl":"https:\/\/va-varuste.fi\/wp-content\/uploads\/2023\/10\/esm287.jpg","datePublished":"2023-10-25T06:29:06+00:00","dateModified":"2026-03-20T09:55:45+00:00","description":"Fast stolsben 287 mm med kort glidskena. Kompatibel med VA-Swing batstol. Bestall fran VA-Varuste.","breadcrumb":{"@id":"https:\/\/va-varuste.fi\/sv\/produkt\/kiintea-istuimen-jalka-287-mm-lyhyt-liuku\/#breadcrumb"},"inLanguage":"sv-SE","potentialAction":[{"@type":"ReadAction","target":["https:\/\/va-varuste.fi\/sv\/produkt\/kiintea-istuimen-jalka-287-mm-lyhyt-liuku\/"]}]},{"@type":"ImageObject","inLanguage":"sv-SE","@id":"https:\/\/va-varuste.fi\/sv\/produkt\/kiintea-istuimen-jalka-287-mm-lyhyt-liuku\/#primaryimage","url":"https:\/\/va-varuste.fi\/wp-content\/uploads\/2023\/10\/esm287.jpg","contentUrl":"https:\/\/va-varuste.fi\/wp-content\/uploads\/2023\/10\/esm287.jpg","width":500,"height":500},{"@type":"BreadcrumbList","@id":"https:\/\/va-varuste.fi\/sv\/produkt\/kiintea-istuimen-jalka-287-mm-lyhyt-liuku\/#breadcrumb","itemListElement":[{"@type":"ListItem","position":1,"name":"Etusivu","item":"https:\/\/va-varuste.fi\/sv\/"},{"@type":"ListItem","position":2,"name":"Webbutik","item":"https:\/\/va-varuste.fi\/sv\/webbutik\/"},{"@type":"ListItem","position":3,"name":"Fast stolsben 287 mm + Kort glidskena"}]},{"@type":"WebSite","@id":"https:\/\/va-varuste.fi\/#website","url":"https:\/\/va-varuste.fi\/","name":"VA-Varuste","description":"","publisher":{"@id":"https:\/\/va-varuste.fi\/#organization"},"potentialAction":[{"@type":"SearchAction","target":{"@type":"EntryPoint","urlTemplate":"https:\/\/va-varuste.fi\/?s={search_term_string}"},"query-input":{"@type":"PropertyValueSpecification","valueRequired":true,"valueName":"search_term_string"}}],"inLanguage":"sv-SE"},{"@type":"Organization","@id":"https:\/\/va-varuste.fi\/#organization","name":"VA-Varuste","url":"https:\/\/va-varuste.fi\/","logo":{"@type":"ImageObject","inLanguage":"sv-SE","@id":"https:\/\/va-varuste.fi\/#\/schema\/logo\/image\/","url":"https:\/\/va-varuste.fi\/wp-content\/uploads\/2023\/09\/va-logo.svg","contentUrl":"https:\/\/va-varuste.fi\/wp-content\/uploads\/2023\/09\/va-logo.svg","caption":"VA-Varuste"},"image":{"@id":"https:\/\/va-varuste.fi\/#\/schema\/logo\/image\/"},"sameAs":["https:\/\/www.facebook.com\/vavarustefi\/","https:\/\/www.instagram.com\/vavaruste\/"]}]}},"_links":{"self":[{"href":"https:\/\/va-varuste.fi\/sv\/wp-json\/wp\/v2\/product\/234105","targetHints":{"allow":["GET"]}}],"collection":[{"href":"https:\/\/va-varuste.fi\/sv\/wp-json\/wp\/v2\/product"}],"about":[{"href":"https:\/\/va-varuste.fi\/sv\/wp-json\/wp\/v2\/types\/product"}],"wp:featuredmedia":[{"embeddable":true,"href":"https:\/\/va-varuste.fi\/sv\/wp-json\/wp\/v2\/media\/216782"}],"wp:attachment":[{"href":"https:\/\/va-varuste.fi\/sv\/wp-json\/wp\/v2\/media?parent=234105"}],"wp:term":[{"taxonomy":"product_brand","embeddable":true,"href":"https:\/\/va-varuste.fi\/sv\/wp-json\/wp\/v2\/product_brand?post=234105"},{"taxonomy":"product_cat","embeddable":true,"href":"https:\/\/va-varuste.fi\/sv\/wp-json\/wp\/v2\/product_cat?post=234105"},{"taxonomy":"product_tag","embeddable":true,"href":"https:\/\/va-varuste.fi\/sv\/wp-json\/wp\/v2\/product_tag?post=234105"}],"curies":[{"name":"wp","href":"https:\/\/api.w.org\/{rel}","templated":true}]}}