{"id":234122,"date":"2023-10-25T09:28:48","date_gmt":"2023-10-25T06:28:48","guid":{"rendered":"https:\/\/va-varuste.fi\/tuote\/va-mini-luxus-ruskea\/"},"modified":"2026-03-20T11:55:18","modified_gmt":"2026-03-20T09:55:18","slug":"va-mini-luxus-ruskea","status":"publish","type":"product","link":"https:\/\/va-varuste.fi\/sv\/produkt\/va-mini-luxus-ruskea\/","title":{"rendered":"VA-Mini Luxus Brun"},"content":{"rendered":"<p><strong>VA-Mini b\u00e5tstol<\/strong><\/p>\n<p>Material: Spradling Diamante Espresso (inre delar), Spradling Silvertex Taupe (yttre ytor).<br \/>S\u00f6mmar: Beige<\/p>\n<p>VA-Mini \u00e4r designad f\u00f6r bekv\u00e4m och sportig b\u00e5t\u00e5kning. Tack vare sin kompakta storlek passar VA-Mini de flesta b\u00e5tmodeller.<\/p>\n<h5>STILREN DESIGN<\/h5>\n<p>Den f\u00e4llbara frontsektionen \u00e4r praktisk vid k\u00f6rning i st\u00e5ende position. Sidost\u00f6den h\u00e5ller k\u00f6rst\u00e4llningen stabil \u00e4ven i gr\u00f6vre sj\u00f6g\u00e5ng.<\/p>\n<h5>TILLVERKAD I FINLAND<\/h5>\n<p>VA-Mini \u00e4r designad och tillverkad i Finland. Stolsramen \u00e4r formsprutad av h\u00e5llbar HDPE-plast och aluminiumdelar.<\/p>\n<p><a href=\"https:\/\/va-varuste.fi\/sv\/va-mini\/\">L\u00e4s mer om VA-Mini<\/a><\/p>\n<p><strong>Stolarna levereras utan glidskena, stolsben eller skyddsk\u00e5pa.<\/strong> Monteringsbultar ing\u00e5r. Du kan l\u00e4gga till <a href=\"https:\/\/va-varuste.fi\/sv\/product-category\/all-products\/va-boat-seats\/seat-pedestal-and-slide\/\">glidskena eller stolsben<\/a> och <a href=\"https:\/\/va-varuste.fi\/sv\/produkt\/suojahuppu-va-mini\/\">skyddsk\u00e5pa<\/a> till din best\u00e4llning.<\/p>\n<p><strong>Observera:<\/strong> VA-b\u00e5tstolar tillverkas p\u00e5 best\u00e4llning. Kontrollera leveransvillkoren \u2013 best\u00e4llningsprodukter har begr\u00e4nsad \u00e5nger- och returr\u00e4tt.<\/p>\n","protected":false},"excerpt":{"rendered":"<p>VA-Mini b\u00e5tstol Material: Spradling Diamante Espresso (inre delar), Spradling Silvertex Taupe (yttre ytor).S\u00f6mmar: Beige VA-Mini \u00e4r designad f\u00f6r bekv\u00e4m och sportig b\u00e5t\u00e5kning. Tack vare sin kompakta storlek passar VA-Mini de flesta b\u00e5tmodeller. STILREN DESIGN Den f\u00e4llbara frontsektionen \u00e4r praktisk vid k\u00f6rning i st\u00e5ende position. Sidost\u00f6den h\u00e5ller k\u00f6rst\u00e4llningen stabil \u00e4ven i gr\u00f6vre sj\u00f6g\u00e5ng. TILLVERKAD I FINLAND [&hellip;]<\/p>\n","protected":false},"featured_media":216693,"template":"","meta":[],"product_brand":[],"product_cat":[624,652],"product_tag":[],"class_list":{"0":"post-234122","1":"product","2":"type-product","3":"status-publish","4":"has-post-thumbnail","6":"product_cat-alla-produkter","7":"product_cat-va-mini-sv","8":"product_shipping_class-va-mini-va-mini-gt","10":"first","11":"onbackorder","12":"taxable","13":"shipping-taxable","14":"purchasable","15":"product-type-simple"},"yoast_head":"<!-- This site is optimized with the Yoast SEO plugin v27.2 - https:\/\/yoast.com\/product\/yoast-seo-wordpress\/ -->\n<title>VA-Mini Luxus Brun - VA-Varuste<\/title>\n<meta name=\"description\" content=\"VA-Mini Luxus batstol brun. Spradling Diamante Espresso &amp; Silvertex Taupe, HDPE-aluminiumram. Bestall fran VA-Varuste.\" \/>\n<meta name=\"robots\" content=\"index, follow, max-snippet:-1, max-image-preview:large, max-video-preview:-1\" \/>\n<link rel=\"canonical\" href=\"https:\/\/va-varuste.fi\/sv\/produkt\/va-mini-luxus-ruskea\/\" \/>\n<meta property=\"og:locale\" content=\"sv_SE\" \/>\n<meta property=\"og:type\" content=\"article\" \/>\n<meta property=\"og:title\" content=\"VA-Mini Luxus Brun - VA-Varuste\" \/>\n<meta property=\"og:description\" content=\"VA-Mini Luxus batstol brun. Spradling Diamante Espresso &amp; Silvertex Taupe, HDPE-aluminiumram. Bestall fran VA-Varuste.\" \/>\n<meta property=\"og:url\" content=\"https:\/\/va-varuste.fi\/sv\/produkt\/va-mini-luxus-ruskea\/\" \/>\n<meta property=\"og:site_name\" content=\"VA-Varuste\" \/>\n<meta property=\"article:publisher\" content=\"https:\/\/www.facebook.com\/vavarustefi\/\" \/>\n<meta property=\"article:modified_time\" content=\"2026-03-20T09:55:18+00:00\" \/>\n<meta property=\"og:image\" content=\"https:\/\/va-varuste.fi\/wp-content\/uploads\/2023\/10\/mini_brown-e1549461553221.jpg\" \/>\n\t<meta property=\"og:image:width\" content=\"909\" \/>\n\t<meta property=\"og:image:height\" content=\"918\" \/>\n\t<meta property=\"og:image:type\" content=\"image\/jpeg\" \/>\n<meta name=\"twitter:card\" content=\"summary_large_image\" \/>\n<meta name=\"twitter:label1\" content=\"Ber\u00e4knad l\u00e4stid\" \/>\n\t<meta name=\"twitter:data1\" content=\"1 minut\" \/>\n<script type=\"application\/ld+json\" class=\"yoast-schema-graph\">{\"@context\":\"https:\/\/schema.org\",\"@graph\":[{\"@type\":\"WebPage\",\"@id\":\"https:\/\/va-varuste.fi\/sv\/produkt\/va-mini-luxus-ruskea\/\",\"url\":\"https:\/\/va-varuste.fi\/sv\/produkt\/va-mini-luxus-ruskea\/\",\"name\":\"VA-Mini Luxus Brun - VA-Varuste\",\"isPartOf\":{\"@id\":\"https:\/\/va-varuste.fi\/#website\"},\"primaryImageOfPage\":{\"@id\":\"https:\/\/va-varuste.fi\/sv\/produkt\/va-mini-luxus-ruskea\/#primaryimage\"},\"image\":{\"@id\":\"https:\/\/va-varuste.fi\/sv\/produkt\/va-mini-luxus-ruskea\/#primaryimage\"},\"thumbnailUrl\":\"https:\/\/va-varuste.fi\/wp-content\/uploads\/2023\/10\/mini_brown-e1549461553221.jpg\",\"datePublished\":\"2023-10-25T06:28:48+00:00\",\"dateModified\":\"2026-03-20T09:55:18+00:00\",\"description\":\"VA-Mini Luxus batstol brun. Spradling Diamante Espresso & Silvertex Taupe, HDPE-aluminiumram. Bestall fran VA-Varuste.\",\"breadcrumb\":{\"@id\":\"https:\/\/va-varuste.fi\/sv\/produkt\/va-mini-luxus-ruskea\/#breadcrumb\"},\"inLanguage\":\"sv-SE\",\"potentialAction\":[{\"@type\":\"ReadAction\",\"target\":[\"https:\/\/va-varuste.fi\/sv\/produkt\/va-mini-luxus-ruskea\/\"]}]},{\"@type\":\"ImageObject\",\"inLanguage\":\"sv-SE\",\"@id\":\"https:\/\/va-varuste.fi\/sv\/produkt\/va-mini-luxus-ruskea\/#primaryimage\",\"url\":\"https:\/\/va-varuste.fi\/wp-content\/uploads\/2023\/10\/mini_brown-e1549461553221.jpg\",\"contentUrl\":\"https:\/\/va-varuste.fi\/wp-content\/uploads\/2023\/10\/mini_brown-e1549461553221.jpg\",\"width\":909,\"height\":918},{\"@type\":\"BreadcrumbList\",\"@id\":\"https:\/\/va-varuste.fi\/sv\/produkt\/va-mini-luxus-ruskea\/#breadcrumb\",\"itemListElement\":[{\"@type\":\"ListItem\",\"position\":1,\"name\":\"Etusivu\",\"item\":\"https:\/\/va-varuste.fi\/sv\/\"},{\"@type\":\"ListItem\",\"position\":2,\"name\":\"Webbutik\",\"item\":\"https:\/\/va-varuste.fi\/sv\/webbutik\/\"},{\"@type\":\"ListItem\",\"position\":3,\"name\":\"VA-Mini Luxus Brun\"}]},{\"@type\":\"WebSite\",\"@id\":\"https:\/\/va-varuste.fi\/#website\",\"url\":\"https:\/\/va-varuste.fi\/\",\"name\":\"VA-Varuste\",\"description\":\"\",\"publisher\":{\"@id\":\"https:\/\/va-varuste.fi\/#organization\"},\"potentialAction\":[{\"@type\":\"SearchAction\",\"target\":{\"@type\":\"EntryPoint\",\"urlTemplate\":\"https:\/\/va-varuste.fi\/?s={search_term_string}\"},\"query-input\":{\"@type\":\"PropertyValueSpecification\",\"valueRequired\":true,\"valueName\":\"search_term_string\"}}],\"inLanguage\":\"sv-SE\"},{\"@type\":\"Organization\",\"@id\":\"https:\/\/va-varuste.fi\/#organization\",\"name\":\"VA-Varuste\",\"url\":\"https:\/\/va-varuste.fi\/\",\"logo\":{\"@type\":\"ImageObject\",\"inLanguage\":\"sv-SE\",\"@id\":\"https:\/\/va-varuste.fi\/#\/schema\/logo\/image\/\",\"url\":\"https:\/\/va-varuste.fi\/wp-content\/uploads\/2023\/09\/va-logo.svg\",\"contentUrl\":\"https:\/\/va-varuste.fi\/wp-content\/uploads\/2023\/09\/va-logo.svg\",\"caption\":\"VA-Varuste\"},\"image\":{\"@id\":\"https:\/\/va-varuste.fi\/#\/schema\/logo\/image\/\"},\"sameAs\":[\"https:\/\/www.facebook.com\/vavarustefi\/\",\"https:\/\/www.instagram.com\/vavaruste\/\"]}]}<\/script>\n<!-- \/ Yoast SEO plugin. -->","yoast_head_json":{"title":"VA-Mini Luxus Brun - VA-Varuste","description":"VA-Mini Luxus batstol brun. Spradling Diamante Espresso & Silvertex Taupe, HDPE-aluminiumram. Bestall fran VA-Varuste.","robots":{"index":"index","follow":"follow","max-snippet":"max-snippet:-1","max-image-preview":"max-image-preview:large","max-video-preview":"max-video-preview:-1"},"canonical":"https:\/\/va-varuste.fi\/sv\/produkt\/va-mini-luxus-ruskea\/","og_locale":"sv_SE","og_type":"article","og_title":"VA-Mini Luxus Brun - VA-Varuste","og_description":"VA-Mini Luxus batstol brun. Spradling Diamante Espresso & Silvertex Taupe, HDPE-aluminiumram. Bestall fran VA-Varuste.","og_url":"https:\/\/va-varuste.fi\/sv\/produkt\/va-mini-luxus-ruskea\/","og_site_name":"VA-Varuste","article_publisher":"https:\/\/www.facebook.com\/vavarustefi\/","article_modified_time":"2026-03-20T09:55:18+00:00","og_image":[{"width":909,"height":918,"url":"https:\/\/va-varuste.fi\/wp-content\/uploads\/2023\/10\/mini_brown-e1549461553221.jpg","type":"image\/jpeg"}],"twitter_card":"summary_large_image","twitter_misc":{"Ber\u00e4knad l\u00e4stid":"1 minut"},"schema":{"@context":"https:\/\/schema.org","@graph":[{"@type":"WebPage","@id":"https:\/\/va-varuste.fi\/sv\/produkt\/va-mini-luxus-ruskea\/","url":"https:\/\/va-varuste.fi\/sv\/produkt\/va-mini-luxus-ruskea\/","name":"VA-Mini Luxus Brun - VA-Varuste","isPartOf":{"@id":"https:\/\/va-varuste.fi\/#website"},"primaryImageOfPage":{"@id":"https:\/\/va-varuste.fi\/sv\/produkt\/va-mini-luxus-ruskea\/#primaryimage"},"image":{"@id":"https:\/\/va-varuste.fi\/sv\/produkt\/va-mini-luxus-ruskea\/#primaryimage"},"thumbnailUrl":"https:\/\/va-varuste.fi\/wp-content\/uploads\/2023\/10\/mini_brown-e1549461553221.jpg","datePublished":"2023-10-25T06:28:48+00:00","dateModified":"2026-03-20T09:55:18+00:00","description":"VA-Mini Luxus batstol brun. Spradling Diamante Espresso & Silvertex Taupe, HDPE-aluminiumram. Bestall fran VA-Varuste.","breadcrumb":{"@id":"https:\/\/va-varuste.fi\/sv\/produkt\/va-mini-luxus-ruskea\/#breadcrumb"},"inLanguage":"sv-SE","potentialAction":[{"@type":"ReadAction","target":["https:\/\/va-varuste.fi\/sv\/produkt\/va-mini-luxus-ruskea\/"]}]},{"@type":"ImageObject","inLanguage":"sv-SE","@id":"https:\/\/va-varuste.fi\/sv\/produkt\/va-mini-luxus-ruskea\/#primaryimage","url":"https:\/\/va-varuste.fi\/wp-content\/uploads\/2023\/10\/mini_brown-e1549461553221.jpg","contentUrl":"https:\/\/va-varuste.fi\/wp-content\/uploads\/2023\/10\/mini_brown-e1549461553221.jpg","width":909,"height":918},{"@type":"BreadcrumbList","@id":"https:\/\/va-varuste.fi\/sv\/produkt\/va-mini-luxus-ruskea\/#breadcrumb","itemListElement":[{"@type":"ListItem","position":1,"name":"Etusivu","item":"https:\/\/va-varuste.fi\/sv\/"},{"@type":"ListItem","position":2,"name":"Webbutik","item":"https:\/\/va-varuste.fi\/sv\/webbutik\/"},{"@type":"ListItem","position":3,"name":"VA-Mini Luxus Brun"}]},{"@type":"WebSite","@id":"https:\/\/va-varuste.fi\/#website","url":"https:\/\/va-varuste.fi\/","name":"VA-Varuste","description":"","publisher":{"@id":"https:\/\/va-varuste.fi\/#organization"},"potentialAction":[{"@type":"SearchAction","target":{"@type":"EntryPoint","urlTemplate":"https:\/\/va-varuste.fi\/?s={search_term_string}"},"query-input":{"@type":"PropertyValueSpecification","valueRequired":true,"valueName":"search_term_string"}}],"inLanguage":"sv-SE"},{"@type":"Organization","@id":"https:\/\/va-varuste.fi\/#organization","name":"VA-Varuste","url":"https:\/\/va-varuste.fi\/","logo":{"@type":"ImageObject","inLanguage":"sv-SE","@id":"https:\/\/va-varuste.fi\/#\/schema\/logo\/image\/","url":"https:\/\/va-varuste.fi\/wp-content\/uploads\/2023\/09\/va-logo.svg","contentUrl":"https:\/\/va-varuste.fi\/wp-content\/uploads\/2023\/09\/va-logo.svg","caption":"VA-Varuste"},"image":{"@id":"https:\/\/va-varuste.fi\/#\/schema\/logo\/image\/"},"sameAs":["https:\/\/www.facebook.com\/vavarustefi\/","https:\/\/www.instagram.com\/vavaruste\/"]}]}},"_links":{"self":[{"href":"https:\/\/va-varuste.fi\/sv\/wp-json\/wp\/v2\/product\/234122","targetHints":{"allow":["GET"]}}],"collection":[{"href":"https:\/\/va-varuste.fi\/sv\/wp-json\/wp\/v2\/product"}],"about":[{"href":"https:\/\/va-varuste.fi\/sv\/wp-json\/wp\/v2\/types\/product"}],"wp:featuredmedia":[{"embeddable":true,"href":"https:\/\/va-varuste.fi\/sv\/wp-json\/wp\/v2\/media\/216693"}],"wp:attachment":[{"href":"https:\/\/va-varuste.fi\/sv\/wp-json\/wp\/v2\/media?parent=234122"}],"wp:term":[{"taxonomy":"product_brand","embeddable":true,"href":"https:\/\/va-varuste.fi\/sv\/wp-json\/wp\/v2\/product_brand?post=234122"},{"taxonomy":"product_cat","embeddable":true,"href":"https:\/\/va-varuste.fi\/sv\/wp-json\/wp\/v2\/product_cat?post=234122"},{"taxonomy":"product_tag","embeddable":true,"href":"https:\/\/va-varuste.fi\/sv\/wp-json\/wp\/v2\/product_tag?post=234122"}],"curies":[{"name":"wp","href":"https:\/\/api.w.org\/{rel}","templated":true}]}}